{"id":2,"date":"2020-05-19T09:02:44","date_gmt":"2020-05-19T09:02:44","guid":{"rendered":"https:\/\/tonalibus.cyon.site\/?page_id=2"},"modified":"2025-12-16T14:03:00","modified_gmt":"2025-12-16T13:03:00","slug":"about-tonalibus","status":"publish","type":"page","link":"https:\/\/tonalibus.org\/fr\/about-tonalibus\/","title":{"rendered":"\u00c0 propos"},"content":{"rendered":"<div class=\"wp-block-buttons is-horizontal is-content-justification-center is-layout-flex wp-container-core-buttons-is-layout-499968f5 wp-block-buttons-is-layout-flex\">\n<div class=\"wp-block-button is-style-outline is-style-outline--1\"><a class=\"wp-block-button__link wp-element-button\" href=\"#search\">Chercher sur ce site<\/a><\/div>\n\n\n\n<div class=\"wp-block-button is-style-outline is-style-outline--2\"><a class=\"wp-block-button__link wp-element-button\" href=\"https:\/\/tonalibus.org\/fr\/about-tonalibus\/tonalibus\/\">Tonalibus<\/a><\/div>\n\n\n\n<div class=\"wp-block-button is-style-outline is-style-outline--3\"><a class=\"wp-block-button__link wp-element-button\" href=\"https:\/\/tonalibus.org\/fr\/about-tonalibus\/fidibus\/\">Fidibus<\/a><\/div>\n\n\n\n<div class=\"wp-block-button is-style-outline is-style-outline--4\"><a class=\"wp-block-button__link wp-element-button\" href=\"https:\/\/tonalibus.org\/fr\/about-tonalibus\/spiritualibus\/\">Spiritualibus<\/a><\/div>\n<\/div>\n\n\n\n<div class=\"wp-block-buttons is-horizontal is-content-justification-center is-layout-flex wp-container-core-buttons-is-layout-499968f5 wp-block-buttons-is-layout-flex\">\n<div class=\"wp-block-button is-style-outline is-style-outline--5\"><a class=\"wp-block-button__link wp-element-button\" href=\"https:\/\/tonalibus.org\/fr\/about-tonalibus\/ulrico\/hu-mantra-of-soul\/\">Mantras de l'\u00e2me<\/a><\/div>\n\n\n\n<div class=\"wp-block-button is-style-outline is-style-outline--6\"><a class=\"wp-block-button__link wp-element-button\" href=\"https:\/\/tonalibus.org\/fr\/about-tonalibus\/ulrico\/\">Ulrico<\/a><\/div>\n\n\n\n<div class=\"wp-block-button is-style-outline is-style-outline--7\"><a class=\"wp-block-button__link wp-element-button\" href=\"https:\/\/tonalibus.org\/fr\/contact\/\">Contact<\/a><\/div>\n<\/div>\n\n\n\n<div style=\"height:46px\" aria-hidden=\"true\" class=\"wp-block-spacer\"><\/div>\n\n\n\n<p class=\"has-text-color\" style=\"color:#f7b320\">Vous trouverez ici des informations g\u00e9n\u00e9rales sur Tonalibus, Spiritualibus et Fidibus, ainsi que sur Ulrico, le cr\u00e9ateur de Tonalibus. En outre, il y a une page de r\u00e9f\u00e9rence personnelle sur des mantras de l'\u00e2me, ainsi que la page de contact et la fonction de recherche sur ce site web.<\/p>\n\n\n\n<p class=\"has-text-color has-link-color wp-elements-05b8f90e80acf6f242acdfba3bcf9aaa\" style=\"color:#f7b320\">Tonalibus, la r\u00e9alisation de harmonie et tonalit\u00e9s ancr\u00e9es, a vu le jour au d\u00e9but de l'ann\u00e9e 2020 avec quelques <a href=\"https:\/\/tonalibus.org\/fr\/harmony\/\"><mark style=\"background-color:rgba(0, 0, 0, 0);color:#f7b320\" class=\"has-inline-color\">bases de l'harmonie<\/mark><\/a> collect\u00e9es en tant que <em>Fondements de l'harmonie et des tonalit\u00e9s<\/em> et avec le d\u00e9but du catalogue des <a href=\"https:\/\/tonalibus.org\/fr\/tonalities\/\"><mark style=\"background-color:rgba(0, 0, 0, 0);color:#f7b320\" class=\"has-inline-color\">tonalit\u00e9s ancr\u00e9es<\/mark><\/a>. Depuis, tout cela a continu\u00e9 \u00e0 se d\u00e9velopper avec une <a href=\"https:\/\/tonalibus.org\/fr\/sounds\/\"><mark style=\"background-color:rgba(0, 0, 0, 0);color:#f7b320\" class=\"has-inline-color\">collection croissante d'\u00e9chantillons sonores personnels<\/mark><\/a>, avec le <a href=\"https:\/\/tonalibus.org\/fr\/spiritualibus-blog\/\"><mark style=\"background-color:rgba(0, 0, 0, 0);color:#f7b320\" class=\"has-inline-color\">blog Spiritualibus<\/mark><\/a> et la <a href=\"https:\/\/tonalibus.org\/fr\/shop\/\"><mark style=\"background-color:rgba(0, 0, 0, 0);color:#f7b320\" class=\"has-inline-color\">Shop Fidibus<\/mark><\/a>.<\/p>\n\n\n\n<p class=\"has-text-color\" style=\"color:#f7b320\">Ce site web vise \u00e0 s'am\u00e9liorer continuellement et \u00e0 devenir plus convivial. Depuis fin 2020, en plus de la version originale en anglais, l'ensemble du site est \u00e9galement disponible en allemand, fran\u00e7ais et italien. Des tonalit\u00e9s et des cat\u00e9gories suppl\u00e9mentaires ont \u00e9t\u00e9 ajout\u00e9es au catalogue. Et de nombreux nouveaux \u00e9chantillons sonores, des messages sur le blog, des observations, etc. continuent d'appara\u00eetre sur ce site en pleine expansion. <\/p>\n\n\n\n<p class=\"has-text-color has-link-color wp-elements-b78f6445c5bdcb33c8bd2e0ff8405730\" style=\"color:#f7b320\">\"Depuis les temps anciens jusqu'\u00e0 aujourd'hui, on ne peut se passer des noms pour recenser toutes les choses. Comment puis-je conna\u00eetre la nature de toutes choses ? Pr\u00e9cis\u00e9ment \u00e0 travers elles.\"<br>\u2014 du verset 21 du <a href=\"https:\/\/fr.wikipedia.org\/wiki\/Dao_de_jing\" target=\"_blank\" rel=\"noreferrer noopener\"><em><mark style=\"background-color:rgba(0, 0, 0, 0);color:#f7b320\" class=\"has-inline-color\">Dao de jing<\/mark><\/em><\/a> \u9053\u5fb7\u7ecf de Lao Tseu (\u00e9dition Diederichs de 1972, p. 61)<\/p>\n\n\n\n<h2 class=\"wp-block-heading has-text-align-left has-text-color has-link-color wp-elements-60eaea0ae8ef1090ea8afeebe6993129\" id=\"search\" style=\"color:#f7b320\">Chercher dans toutes les pages et tous les messages du site<\/h2>\n\n\n\n<div style=\"height:10px\" aria-hidden=\"true\" class=\"wp-block-spacer\"><\/div>\n\n\n<form role=\"search\" method=\"get\" action=\"https:\/\/tonalibus.org\/fr\/\" class=\"wp-block-search__button-outside wp-block-search__text-button aligncenter wp-block-search\" data-trp-original-action=\"https:\/\/tonalibus.org\/fr\/\"    ><label class=\"wp-block-search__label screen-reader-text\" for=\"wp-block-search__input-8\" >Rechercher<\/label><div class=\"wp-block-search__inside-wrapper\"  style=\"width: 409px\"><input class=\"wp-block-search__input\" id=\"wp-block-search__input-8\" placeholder=\"entrez un mot-cl\u00e9...\" value=\"\" type=\"search\" name=\"s\" required \/><button aria-label=\"cherche\" class=\"wp-block-search__button wp-element-button\" type=\"submit\" >cherche<\/button><\/div><input type=\"hidden\" name=\"trp-form-language\" value=\"fr\"\/><\/form>\n\n\n<div style=\"height:100px\" aria-hidden=\"true\" class=\"wp-block-spacer\"><\/div>\n\n\n<div class=\"wp-block-image is-resized\">\n<figure class=\"aligncenter size-full\"><img loading=\"lazy\" decoding=\"async\" width=\"720\" height=\"720\" src=\"https:\/\/tonalibus.org\/wp-content\/uploads\/2021\/12\/fat-logo-square.jpg\" alt=\"About\" class=\"wp-image-15748\" style=\"width:408px;height:auto\" srcset=\"https:\/\/tonalibus.org\/wp-content\/uploads\/2021\/12\/fat-logo-square.jpg 720w, https:\/\/tonalibus.org\/wp-content\/uploads\/2021\/12\/fat-logo-square-300x300.jpg 300w, https:\/\/tonalibus.org\/wp-content\/uploads\/2021\/12\/fat-logo-square-150x150.jpg 150w, https:\/\/tonalibus.org\/wp-content\/uploads\/2021\/12\/fat-logo-square-12x12.jpg 12w, https:\/\/tonalibus.org\/wp-content\/uploads\/2021\/12\/fat-logo-square-100x100.jpg 100w, https:\/\/tonalibus.org\/wp-content\/uploads\/2021\/12\/fat-logo-square-560x560.jpg 560w\" sizes=\"auto, (max-width: 720px) 100vw, 720px\" \/><figcaption class=\"wp-element-caption\">Pivot harmonique de deux spirales oppos\u00e9es qui co\u00efncident<\/figcaption><\/figure>\n<\/div>","protected":false},"excerpt":{"rendered":"<p>Here you find general overview information about Tonalibus, Spiritualibus and Fidibus, as well as about Ulrico, the creator of Tonalibus. Plus there is a personal reference page about mantras of soul, as well as this website&#8217;s contact page and search function. Tonalibus, the realization of Anchored Harmony and Tonalities, emerged in early 2020 with some &hellip; <\/p>\n<p class=\"link-more\"><a href=\"https:\/\/tonalibus.org\/fr\/about-tonalibus\/\" class=\"more-link\">Continuer la lecture<span class=\"screen-reader-text\"> de \" A propos \"<\/span><\/a><\/p>","protected":false},"author":1,"featured_media":0,"parent":0,"menu_order":2,"comment_status":"closed","ping_status":"open","template":"","meta":{"footnotes":""},"class_list":["post-2","page","type-page","status-publish","hentry"],"yoast_head":"<!-- This site is optimized with the Yoast SEO plugin v27.5 - https:\/\/yoast.com\/product\/yoast-seo-wordpress\/ -->\n<title>About &#8211; TONALIBUS, Anchored Harmony and Tonalities<\/title>\n<meta name=\"description\" content=\"Here you find an overview about Tonalibus, Spiritualibus Fidibus, and Ulrico. Plus here is the website&#039;s contact page.\" \/>\n<meta name=\"robots\" content=\"index, follow, max-snippet:-1, max-image-preview:large, max-video-preview:-1\" \/>\n<link rel=\"canonical\" href=\"https:\/\/tonalibus.org\/fr\/about-tonalibus\/\" \/>\n<meta property=\"og:locale\" content=\"fr_FR\" \/>\n<meta property=\"og:type\" content=\"article\" \/>\n<meta property=\"og:title\" content=\"About &#8211; TONALIBUS, Anchored Harmony and Tonalities\" \/>\n<meta property=\"og:description\" content=\"Here you find an overview about Tonalibus, Spiritualibus Fidibus, and Ulrico. Plus here is the website&#039;s contact page.\" \/>\n<meta property=\"og:url\" content=\"https:\/\/tonalibus.org\/fr\/about-tonalibus\/\" \/>\n<meta property=\"og:site_name\" content=\"TONALIBUS\" \/>\n<meta property=\"article:modified_time\" content=\"2025-12-16T13:03:00+00:00\" \/>\n<meta property=\"og:image\" content=\"https:\/\/tonalibus.org\/wp-content\/uploads\/2021\/12\/fat-logo-square.jpg\" \/>\n\t<meta property=\"og:image:width\" content=\"720\" \/>\n\t<meta property=\"og:image:height\" content=\"720\" \/>\n\t<meta property=\"og:image:type\" content=\"image\/jpeg\" \/>\n<meta name=\"twitter:card\" content=\"summary_large_image\" \/>\n<meta name=\"twitter:label1\" content=\"Dur\u00e9e de lecture estim\u00e9e\" \/>\n\t<meta name=\"twitter:data1\" content=\"2 minutes\" \/>\n<script type=\"application\/ld+json\" class=\"yoast-schema-graph\">{\"@context\":\"https:\\\/\\\/schema.org\",\"@graph\":[{\"@type\":\"WebPage\",\"@id\":\"https:\\\/\\\/tonalibus.org\\\/about-tonalibus\\\/\",\"url\":\"https:\\\/\\\/tonalibus.org\\\/about-tonalibus\\\/\",\"name\":\"About &#8211; TONALIBUS, Anchored Harmony and Tonalities\",\"isPartOf\":{\"@id\":\"https:\\\/\\\/tonalibus.org\\\/de\\\/#website\"},\"primaryImageOfPage\":{\"@id\":\"https:\\\/\\\/tonalibus.org\\\/about-tonalibus\\\/#primaryimage\"},\"image\":{\"@id\":\"https:\\\/\\\/tonalibus.org\\\/about-tonalibus\\\/#primaryimage\"},\"thumbnailUrl\":\"https:\\\/\\\/tonalibus.org\\\/wp-content\\\/uploads\\\/2021\\\/12\\\/fat-logo-square.jpg\",\"datePublished\":\"2020-05-19T09:02:44+00:00\",\"dateModified\":\"2025-12-16T13:03:00+00:00\",\"description\":\"Here you find an overview about Tonalibus, Spiritualibus Fidibus, and Ulrico. Plus here is the website's contact page.\",\"breadcrumb\":{\"@id\":\"https:\\\/\\\/tonalibus.org\\\/about-tonalibus\\\/#breadcrumb\"},\"inLanguage\":\"fr-FR\",\"potentialAction\":[{\"@type\":\"ReadAction\",\"target\":[\"https:\\\/\\\/tonalibus.org\\\/about-tonalibus\\\/\"]}]},{\"@type\":\"ImageObject\",\"inLanguage\":\"fr-FR\",\"@id\":\"https:\\\/\\\/tonalibus.org\\\/about-tonalibus\\\/#primaryimage\",\"url\":\"https:\\\/\\\/tonalibus.org\\\/wp-content\\\/uploads\\\/2021\\\/12\\\/fat-logo-square.jpg\",\"contentUrl\":\"https:\\\/\\\/tonalibus.org\\\/wp-content\\\/uploads\\\/2021\\\/12\\\/fat-logo-square.jpg\"},{\"@type\":\"BreadcrumbList\",\"@id\":\"https:\\\/\\\/tonalibus.org\\\/about-tonalibus\\\/#breadcrumb\",\"itemListElement\":[{\"@type\":\"ListItem\",\"position\":1,\"name\":\"Home\",\"item\":\"https:\\\/\\\/tonalibus.org\\\/\"},{\"@type\":\"ListItem\",\"position\":2,\"name\":\"About\"}]},{\"@type\":\"WebSite\",\"@id\":\"https:\\\/\\\/tonalibus.org\\\/de\\\/#website\",\"url\":\"https:\\\/\\\/tonalibus.org\\\/de\\\/\",\"name\":\"TONALIBUS\",\"description\":\"Anchored Harmony and Tonalities\",\"publisher\":{\"@id\":\"https:\\\/\\\/tonalibus.org\\\/de\\\/#\\\/schema\\\/person\\\/749261d7bc96d1f00127273f83ab96a4\"},\"potentialAction\":[{\"@type\":\"SearchAction\",\"target\":{\"@type\":\"EntryPoint\",\"urlTemplate\":\"https:\\\/\\\/tonalibus.org\\\/de\\\/?s={search_term_string}\"},\"query-input\":{\"@type\":\"PropertyValueSpecification\",\"valueRequired\":true,\"valueName\":\"search_term_string\"}}],\"inLanguage\":\"fr-FR\"},{\"@type\":[\"Person\",\"Organization\"],\"@id\":\"https:\\\/\\\/tonalibus.org\\\/de\\\/#\\\/schema\\\/person\\\/749261d7bc96d1f00127273f83ab96a4\",\"name\":\"Ulrico\",\"image\":{\"@type\":\"ImageObject\",\"inLanguage\":\"fr-FR\",\"@id\":\"https:\\\/\\\/tonalibus.org\\\/wp-content\\\/uploads\\\/2020\\\/06\\\/uli-pix.jpg\",\"url\":\"https:\\\/\\\/tonalibus.org\\\/wp-content\\\/uploads\\\/2020\\\/06\\\/uli-pix.jpg\",\"contentUrl\":\"https:\\\/\\\/tonalibus.org\\\/wp-content\\\/uploads\\\/2020\\\/06\\\/uli-pix.jpg\",\"width\":960,\"height\":720,\"caption\":\"Ulrico\"},\"logo\":{\"@id\":\"https:\\\/\\\/tonalibus.org\\\/wp-content\\\/uploads\\\/2020\\\/06\\\/uli-pix.jpg\"},\"sameAs\":[\"https:\\\/\\\/tonalibus.cyon.site\"]}]}<\/script>\n<!-- \/ Yoast SEO plugin. -->","yoast_head_json":{"title":"A propos - TONALIBUS, Anchored Harmony and Tonalities","description":"Vous trouverez ici un aper\u00e7u de Tonalibus, Spiritualibus Fidibus et Ulrico. Vous trouverez \u00e9galement la page de contact du site.","robots":{"index":"index","follow":"follow","max-snippet":"max-snippet:-1","max-image-preview":"max-image-preview:large","max-video-preview":"max-video-preview:-1"},"canonical":"https:\/\/tonalibus.org\/fr\/about-tonalibus\/","og_locale":"fr_FR","og_type":"article","og_title":"About &#8211; TONALIBUS, Anchored Harmony and Tonalities","og_description":"Here you find an overview about Tonalibus, Spiritualibus Fidibus, and Ulrico. Plus here is the website's contact page.","og_url":"https:\/\/tonalibus.org\/fr\/about-tonalibus\/","og_site_name":"TONALIBUS","article_modified_time":"2025-12-16T13:03:00+00:00","og_image":[{"width":720,"height":720,"url":"https:\/\/tonalibus.org\/wp-content\/uploads\/2021\/12\/fat-logo-square.jpg","type":"image\/jpeg"}],"twitter_card":"summary_large_image","twitter_misc":{"Dur\u00e9e de lecture estim\u00e9e":"2 minutes"},"schema":{"@context":"https:\/\/schema.org","@graph":[{"@type":"WebPage","@id":"https:\/\/tonalibus.org\/about-tonalibus\/","url":"https:\/\/tonalibus.org\/about-tonalibus\/","name":"A propos - TONALIBUS, Anchored Harmony and Tonalities","isPartOf":{"@id":"https:\/\/tonalibus.org\/de\/#website"},"primaryImageOfPage":{"@id":"https:\/\/tonalibus.org\/about-tonalibus\/#primaryimage"},"image":{"@id":"https:\/\/tonalibus.org\/about-tonalibus\/#primaryimage"},"thumbnailUrl":"https:\/\/tonalibus.org\/wp-content\/uploads\/2021\/12\/fat-logo-square.jpg","datePublished":"2020-05-19T09:02:44+00:00","dateModified":"2025-12-16T13:03:00+00:00","description":"Vous trouverez ici un aper\u00e7u de Tonalibus, Spiritualibus Fidibus et Ulrico. Vous trouverez \u00e9galement la page de contact du site.","breadcrumb":{"@id":"https:\/\/tonalibus.org\/about-tonalibus\/#breadcrumb"},"inLanguage":"fr-FR","potentialAction":[{"@type":"ReadAction","target":["https:\/\/tonalibus.org\/about-tonalibus\/"]}]},{"@type":"ImageObject","inLanguage":"fr-FR","@id":"https:\/\/tonalibus.org\/about-tonalibus\/#primaryimage","url":"https:\/\/tonalibus.org\/wp-content\/uploads\/2021\/12\/fat-logo-square.jpg","contentUrl":"https:\/\/tonalibus.org\/wp-content\/uploads\/2021\/12\/fat-logo-square.jpg"},{"@type":"BreadcrumbList","@id":"https:\/\/tonalibus.org\/about-tonalibus\/#breadcrumb","itemListElement":[{"@type":"ListItem","position":1,"name":"Home","item":"https:\/\/tonalibus.org\/"},{"@type":"ListItem","position":2,"name":"About"}]},{"@type":"WebSite","@id":"https:\/\/tonalibus.org\/de\/#website","url":"https:\/\/tonalibus.org\/de\/","name":"TONALIBUS","description":"Harmonie et tonalit\u00e9s ancr\u00e9es","publisher":{"@id":"https:\/\/tonalibus.org\/de\/#\/schema\/person\/749261d7bc96d1f00127273f83ab96a4"},"potentialAction":[{"@type":"SearchAction","target":{"@type":"EntryPoint","urlTemplate":"https:\/\/tonalibus.org\/de\/?s={search_term_string}"},"query-input":{"@type":"PropertyValueSpecification","valueRequired":true,"valueName":"search_term_string"}}],"inLanguage":"fr-FR"},{"@type":["Person","Organization"],"@id":"https:\/\/tonalibus.org\/de\/#\/schema\/person\/749261d7bc96d1f00127273f83ab96a4","name":"Ulrico","image":{"@type":"ImageObject","inLanguage":"fr-FR","@id":"https:\/\/tonalibus.org\/wp-content\/uploads\/2020\/06\/uli-pix.jpg","url":"https:\/\/tonalibus.org\/wp-content\/uploads\/2020\/06\/uli-pix.jpg","contentUrl":"https:\/\/tonalibus.org\/wp-content\/uploads\/2020\/06\/uli-pix.jpg","width":960,"height":720,"caption":"Ulrico"},"logo":{"@id":"https:\/\/tonalibus.org\/wp-content\/uploads\/2020\/06\/uli-pix.jpg"},"sameAs":["https:\/\/tonalibus.cyon.site"]}]}},"_links":{"self":[{"href":"https:\/\/tonalibus.org\/fr\/wp-json\/wp\/v2\/pages\/2","targetHints":{"allow":["GET"]}}],"collection":[{"href":"https:\/\/tonalibus.org\/fr\/wp-json\/wp\/v2\/pages"}],"about":[{"href":"https:\/\/tonalibus.org\/fr\/wp-json\/wp\/v2\/types\/page"}],"author":[{"embeddable":true,"href":"https:\/\/tonalibus.org\/fr\/wp-json\/wp\/v2\/users\/1"}],"replies":[{"embeddable":true,"href":"https:\/\/tonalibus.org\/fr\/wp-json\/wp\/v2\/comments?post=2"}],"version-history":[{"count":6,"href":"https:\/\/tonalibus.org\/fr\/wp-json\/wp\/v2\/pages\/2\/revisions"}],"predecessor-version":[{"id":37941,"href":"https:\/\/tonalibus.org\/fr\/wp-json\/wp\/v2\/pages\/2\/revisions\/37941"}],"wp:attachment":[{"href":"https:\/\/tonalibus.org\/fr\/wp-json\/wp\/v2\/media?parent=2"}],"curies":[{"name":"wp","href":"https:\/\/api.w.org\/{rel}","templated":true}]}}