{"id":2215,"date":"2020-07-04T07:13:51","date_gmt":"2020-07-04T05:13:51","guid":{"rendered":"https:\/\/tonalibus.org\/?page_id=2215"},"modified":"2025-03-21T11:47:15","modified_gmt":"2025-03-21T10:47:15","slug":"concepts-highlights","status":"publish","type":"page","link":"https:\/\/tonalibus.org\/fr\/inner-circle\/repository\/concepts\/concepts-highlights\/","title":{"rendered":"Visuels"},"content":{"rendered":"<p class=\"has-text-color\" style=\"color:#f7b320\">\u00c0 l'exception du dernier, chacun des visuels d'harmonie fondamentale suivants est issu de la <a href=\"https:\/\/tonalibus.org\/fr\/fundamentals\/five-course-series\/\"><mark style=\"background-color:rgba(0, 0, 0, 0);color:#f7b320\" class=\"has-inline-color\">s\u00e9rie de pr\u00e9sentations du cours<\/mark><\/a> <em>Fondements de l'harmonie et des tonalit\u00e9s<\/em> et pr\u00e9sente une progression ou un mod\u00e8le cl\u00e9 d'harmonie dans une courte boucle vid\u00e9o silencieuse \u2013 visuellement et sans grande explication.<em> <\/em>Le dernier visuel est une d\u00e9couverte plus r\u00e9cente et ne se pr\u00e9sente pas sous la forme d'une vid\u00e9o mais d'une s\u00e9rie d'images.<\/p>\n\n\n\n<div class=\"wp-block-buttons is-horizontal is-content-justification-center is-layout-flex wp-container-core-buttons-is-layout-499968f5 wp-block-buttons-is-layout-flex\">\n<div class=\"wp-block-button is-style-outline is-style-outline--1\"><a class=\"wp-block-button__link wp-element-button\" href=\"https:\/\/tonalibus.org\/fr\/fundamentals\/highlight-pivots\/\"><img loading=\"lazy\" decoding=\"async\" width=\"150\" height=\"113\" class=\"wp-image-1131\" style=\"width: 150px;\" src=\"https:\/\/tonalibus.org\/wp-content\/uploads\/2020\/06\/Tonalibus-1a-0-pivot-2020-05-65.jpg\" alt=\"1a-0-65\" srcset=\"https:\/\/tonalibus.org\/wp-content\/uploads\/2020\/06\/Tonalibus-1a-0-pivot-2020-05-65.jpg 960w, https:\/\/tonalibus.org\/wp-content\/uploads\/2020\/06\/Tonalibus-1a-0-pivot-2020-05-65-300x225.jpg 300w, https:\/\/tonalibus.org\/wp-content\/uploads\/2020\/06\/Tonalibus-1a-0-pivot-2020-05-65-768x576.jpg 768w\" sizes=\"auto, (max-width: 150px) 100vw, 150px\" \/><br>1) Pivots<br>harmoniques<\/a><\/div>\n\n\n\n<div class=\"wp-block-button is-style-outline is-style-outline--2\"><a class=\"wp-block-button__link wp-element-button\" href=\"https:\/\/tonalibus.org\/fr\/fundamentals\/highlights\/even-waves-odd-circles\/\"><img loading=\"lazy\" decoding=\"async\" width=\"150\" height=\"113\" class=\"wp-image-999\" style=\"width: 150px;\" src=\"https:\/\/tonalibus.org\/wp-content\/uploads\/2020\/06\/Tonalibus-1b-B-harmonics-2020-05-27.jpg\" alt=\"1b-B-27\" srcset=\"https:\/\/tonalibus.org\/wp-content\/uploads\/2020\/06\/Tonalibus-1b-B-harmonics-2020-05-27.jpg 960w, https:\/\/tonalibus.org\/wp-content\/uploads\/2020\/06\/Tonalibus-1b-B-harmonics-2020-05-27-300x225.jpg 300w, https:\/\/tonalibus.org\/wp-content\/uploads\/2020\/06\/Tonalibus-1b-B-harmonics-2020-05-27-768x576.jpg 768w\" sizes=\"auto, (max-width: 150px) 100vw, 150px\" \/><br>2) Ondes paires \u2013<br>cercles impairs<\/a><\/div>\n\n\n\n<div class=\"wp-block-button is-style-outline is-style-outline--3\"><a class=\"wp-block-button__link wp-element-button\" href=\"https:\/\/tonalibus.org\/fr\/fundamentals\/highlights\/realization-shift\/\"><img loading=\"lazy\" decoding=\"async\" width=\"150\" height=\"113\" class=\"wp-image-1048\" style=\"width: 150px;\" src=\"https:\/\/tonalibus.org\/wp-content\/uploads\/2020\/06\/Tonalibus-1b-B-harmonics-2020-05-76.jpg\" alt=\"1b-B-76\" srcset=\"https:\/\/tonalibus.org\/wp-content\/uploads\/2020\/06\/Tonalibus-1b-B-harmonics-2020-05-76.jpg 960w, https:\/\/tonalibus.org\/wp-content\/uploads\/2020\/06\/Tonalibus-1b-B-harmonics-2020-05-76-300x225.jpg 300w, https:\/\/tonalibus.org\/wp-content\/uploads\/2020\/06\/Tonalibus-1b-B-harmonics-2020-05-76-768x576.jpg 768w\" sizes=\"auto, (max-width: 150px) 100vw, 150px\" \/><br>3) Virage de la r\u00e9alisa-<br>tion harmonique<\/a><\/div>\n\n\n\n<div class=\"wp-block-button is-style-outline is-style-outline--4\"><a class=\"wp-block-button__link wp-element-button\" href=\"https:\/\/tonalibus.org\/fr\/fundamentals\/highlights\/anchored-tonalities\/\"><img loading=\"lazy\" decoding=\"async\" width=\"150\" height=\"113\" class=\"wp-image-939\" style=\"width: 150px;\" src=\"https:\/\/tonalibus.org\/wp-content\/uploads\/2020\/06\/Tonalibus-1c-1-steps-2020-05-47.jpg\" alt=\"1c-1-47\" srcset=\"https:\/\/tonalibus.org\/wp-content\/uploads\/2020\/06\/Tonalibus-1c-1-steps-2020-05-47.jpg 960w, https:\/\/tonalibus.org\/wp-content\/uploads\/2020\/06\/Tonalibus-1c-1-steps-2020-05-47-300x225.jpg 300w, https:\/\/tonalibus.org\/wp-content\/uploads\/2020\/06\/Tonalibus-1c-1-steps-2020-05-47-768x576.jpg 768w\" sizes=\"auto, (max-width: 150px) 100vw, 150px\" \/><br>4) Matrice des<br>tonalit\u00e9s ancr\u00e9es<\/a><\/div>\n\n\n\n<div class=\"wp-block-button is-style-outline is-style-outline--5\"><a class=\"wp-block-button__link wp-element-button\" href=\"https:\/\/tonalibus.org\/fr\/fundamentals\/highlights\/quad-harmonic-anchors\/\"><img loading=\"lazy\" decoding=\"async\" width=\"150\" height=\"113\" class=\"wp-image-823\" style=\"width: 150px;\" src=\"https:\/\/tonalibus.org\/wp-content\/uploads\/2020\/06\/Tonalibus-1d-2-anchors-2020-05-23.jpg\" alt=\"1d-2-23\" srcset=\"https:\/\/tonalibus.org\/wp-content\/uploads\/2020\/06\/Tonalibus-1d-2-anchors-2020-05-23.jpg 960w, https:\/\/tonalibus.org\/wp-content\/uploads\/2020\/06\/Tonalibus-1d-2-anchors-2020-05-23-300x225.jpg 300w, https:\/\/tonalibus.org\/wp-content\/uploads\/2020\/06\/Tonalibus-1d-2-anchors-2020-05-23-768x576.jpg 768w\" sizes=\"auto, (max-width: 150px) 100vw, 150px\" \/><br>5) Quatre ancres<br>harmoniques<\/a><\/div>\n\n\n\n<div class=\"wp-block-button is-style-outline is-style-outline--6\"><a class=\"wp-block-button__link wp-element-button\" href=\"https:\/\/tonalibus.org\/fr\/fundamentals\/highlights\/quint-cycle\/\"><img loading=\"lazy\" decoding=\"async\" width=\"150\" height=\"113\" class=\"wp-image-872\" style=\"width: 150px;\" src=\"https:\/\/tonalibus.org\/wp-content\/uploads\/2020\/06\/Tonalibus-1d-2-anchors-2020-05-72.jpg\" alt=\"1d-2-72\" srcset=\"https:\/\/tonalibus.org\/wp-content\/uploads\/2020\/06\/Tonalibus-1d-2-anchors-2020-05-72.jpg 960w, https:\/\/tonalibus.org\/wp-content\/uploads\/2020\/06\/Tonalibus-1d-2-anchors-2020-05-72-300x225.jpg 300w, https:\/\/tonalibus.org\/wp-content\/uploads\/2020\/06\/Tonalibus-1d-2-anchors-2020-05-72-768x576.jpg 768w\" sizes=\"auto, (max-width: 150px) 100vw, 150px\" \/><br>6) Le cycle des<br>quintes<\/a><\/div>\n\n\n\n<div class=\"wp-block-button is-style-outline is-style-outline--7\"><a class=\"wp-block-button__link wp-element-button\" href=\"https:\/\/tonalibus.org\/fr\/fundamentals\/highlights\/harmonic-anchor-cycle\/\"><img loading=\"lazy\" decoding=\"async\" width=\"150\" height=\"113\" class=\"wp-image-691\" style=\"width: 150px;\" src=\"https:\/\/tonalibus.org\/wp-content\/uploads\/2020\/06\/Tonalibus-1e-3-tonalities-2020-05-27.jpg\" alt=\"1e-3-27\" srcset=\"https:\/\/tonalibus.org\/wp-content\/uploads\/2020\/06\/Tonalibus-1e-3-tonalities-2020-05-27.jpg 960w, https:\/\/tonalibus.org\/wp-content\/uploads\/2020\/06\/Tonalibus-1e-3-tonalities-2020-05-27-300x225.jpg 300w, https:\/\/tonalibus.org\/wp-content\/uploads\/2020\/06\/Tonalibus-1e-3-tonalities-2020-05-27-768x576.jpg 768w\" sizes=\"auto, (max-width: 150px) 100vw, 150px\" \/><br>7) Le cycle d'ancrage<br>harmonique<\/a><\/div>\n\n\n\n<div class=\"wp-block-button is-style-outline is-style-outline--8\"><a class=\"wp-block-button__link wp-element-button\" href=\"https:\/\/tonalibus.org\/fr\/concepts\/concepts-highlights\/harmonics-cycle\/\"><sup>extra<\/sup><br><img loading=\"lazy\" decoding=\"async\" width=\"150\" height=\"84\" class=\"wp-image-25457\" style=\"width: 150px;\" src=\"https:\/\/tonalibus.org\/wp-content\/uploads\/2023\/06\/harmonics-cycle-2023-06-01-01.jpg\" alt=\"\" srcset=\"https:\/\/tonalibus.org\/wp-content\/uploads\/2023\/06\/harmonics-cycle-2023-06-01-01.jpg 1280w, https:\/\/tonalibus.org\/wp-content\/uploads\/2023\/06\/harmonics-cycle-2023-06-01-01-300x169.jpg 300w, https:\/\/tonalibus.org\/wp-content\/uploads\/2023\/06\/harmonics-cycle-2023-06-01-01-1024x576.jpg 1024w, https:\/\/tonalibus.org\/wp-content\/uploads\/2023\/06\/harmonics-cycle-2023-06-01-01-768x432.jpg 768w, https:\/\/tonalibus.org\/wp-content\/uploads\/2023\/06\/harmonics-cycle-2023-06-01-01-18x10.jpg 18w\" sizes=\"auto, (max-width: 150px) 100vw, 150px\" \/><br>Cycle des<br>harmoniques<\/a><\/div>\n<\/div>\n\n\n\n<div style=\"height:20px\" aria-hidden=\"true\" class=\"wp-block-spacer\"><\/div>\n\n\n\n<h2 class=\"wp-block-heading has-text-color\" id=\"beyond-highlights-universal-harmony\" style=\"color:#f7b320\">Au-del\u00e0 des points en vedette \u2013 l'harmonie universelle<\/h2>\n\n\n\n<p class=\"has-text-color\" style=\"color:#f7b320\">Existe-t-il une harmonie universelle que nous vivons et que nous pouvons reconna\u00eetre ? Est-ce qu'elle se refl\u00e8te aussi dans les tonalit\u00e9s ? C'est l'exp\u00e9rience du moment pr\u00e9sent qui peut l'affirmer. Pouvez-vous entendre  le son du silence, la <a href=\"https:\/\/fr.wikipedia.org\/wiki\/Harmonie_des_sph\u00e8res\" target=\"_blank\" rel=\"noreferrer noopener\"><mark style=\"background-color:rgba(0, 0, 0, 0);color:#f7b320\" class=\"has-inline-color\">musique des sph\u00e8res<\/mark><\/a>? Il existe une abondance infinie de modes de vie et d'harmonie \u2013 pas un seul et unique mode ! Alors qu'ici, maintenant, nous ne faisons qu'un, un seul et m\u00eame \u2013 ainsi que chacun est individuellement unique et diff\u00e9rent de tous les autres.<\/p>","protected":false},"excerpt":{"rendered":"<p>A l'exception du dernier, chacun des visuels d'harmonie fondamentale suivants provient de la s\u00e9rie de pr\u00e9sentations de cours intitul\u00e9e Harmonic and Tonality Fundamentals et pr\u00e9sente une progression cl\u00e9 ou un mod\u00e8le d'harmonie dans une courte boucle vid\u00e9o silencieuse - visuellement sans beaucoup d'explications. Le dernier est une d\u00e9couverte plus r\u00e9cente et ne figure pas dans une vid\u00e9o ... <\/p>\n<p class=\"link-more\"><a href=\"https:\/\/tonalibus.org\/fr\/inner-circle\/repository\/concepts\/concepts-highlights\/\" class=\"more-link\">Continuer la lecture<span class=\"screen-reader-text\"> de \" Harmony Visuals \"<\/span><\/a><\/p>","protected":false},"author":1,"featured_media":0,"parent":458,"menu_order":0,"comment_status":"closed","ping_status":"closed","template":"","meta":{"footnotes":""},"class_list":["post-2215","page","type-page","status-publish","hentry"],"yoast_head":"<!-- This site is optimized with the Yoast SEO plugin v27.3 - https:\/\/yoast.com\/product\/yoast-seo-wordpress\/ -->\n<title>Harmony Visuals &#8211; TONALIBUS, Harmony and Tonalities<\/title>\n<meta name=\"description\" content=\"These concepts highlights present short visual representations of key progressions from the Harmonic and Tonality Fundamentals series.\" \/>\n<meta name=\"robots\" content=\"index, follow, max-snippet:-1, max-image-preview:large, max-video-preview:-1\" \/>\n<link rel=\"canonical\" href=\"https:\/\/tonalibus.org\/fr\/inner-circle\/repository\/concepts\/concepts-highlights\/\" \/>\n<meta property=\"og:locale\" content=\"fr_FR\" \/>\n<meta property=\"og:type\" content=\"article\" \/>\n<meta property=\"og:title\" content=\"Harmony Visuals &#8211; TONALIBUS, Harmony and Tonalities\" \/>\n<meta property=\"og:description\" content=\"These concepts highlights present short visual representations of key progressions from the Harmonic and Tonality Fundamentals series.\" \/>\n<meta property=\"og:url\" content=\"https:\/\/tonalibus.org\/fr\/inner-circle\/repository\/concepts\/concepts-highlights\/\" \/>\n<meta property=\"og:site_name\" content=\"TONALIBUS\" \/>\n<meta property=\"article:modified_time\" content=\"2025-03-21T10:47:15+00:00\" \/>\n<meta property=\"og:image\" content=\"https:\/\/tonalibus.org\/wp-content\/uploads\/2020\/06\/Tonalibus-1a-0-pivot-2020-05-65.jpg\" \/>\n<meta name=\"twitter:card\" content=\"summary_large_image\" \/>\n<script type=\"application\/ld+json\" class=\"yoast-schema-graph\">{\"@context\":\"https:\\\/\\\/schema.org\",\"@graph\":[{\"@type\":\"WebPage\",\"@id\":\"https:\\\/\\\/tonalibus.org\\\/de\\\/inner-circle\\\/repository\\\/concepts\\\/concepts-highlights\\\/\",\"url\":\"https:\\\/\\\/tonalibus.org\\\/de\\\/inner-circle\\\/repository\\\/concepts\\\/concepts-highlights\\\/\",\"name\":\"Harmony Visuals &#8211; TONALIBUS, Harmony and Tonalities\",\"isPartOf\":{\"@id\":\"https:\\\/\\\/tonalibus.org\\\/de\\\/#website\"},\"primaryImageOfPage\":{\"@id\":\"https:\\\/\\\/tonalibus.org\\\/de\\\/inner-circle\\\/repository\\\/concepts\\\/concepts-highlights\\\/#primaryimage\"},\"image\":{\"@id\":\"https:\\\/\\\/tonalibus.org\\\/de\\\/inner-circle\\\/repository\\\/concepts\\\/concepts-highlights\\\/#primaryimage\"},\"thumbnailUrl\":\"https:\\\/\\\/tonalibus.org\\\/wp-content\\\/uploads\\\/2020\\\/06\\\/Tonalibus-1a-0-pivot-2020-05-65.jpg\",\"datePublished\":\"2020-07-04T05:13:51+00:00\",\"dateModified\":\"2025-03-21T10:47:15+00:00\",\"description\":\"These concepts highlights present short visual representations of key progressions from the Harmonic and Tonality Fundamentals series.\",\"breadcrumb\":{\"@id\":\"https:\\\/\\\/tonalibus.org\\\/de\\\/inner-circle\\\/repository\\\/concepts\\\/concepts-highlights\\\/#breadcrumb\"},\"inLanguage\":\"fr-FR\",\"potentialAction\":[{\"@type\":\"ReadAction\",\"target\":[\"https:\\\/\\\/tonalibus.org\\\/de\\\/inner-circle\\\/repository\\\/concepts\\\/concepts-highlights\\\/\"]}]},{\"@type\":\"ImageObject\",\"inLanguage\":\"fr-FR\",\"@id\":\"https:\\\/\\\/tonalibus.org\\\/de\\\/inner-circle\\\/repository\\\/concepts\\\/concepts-highlights\\\/#primaryimage\",\"url\":\"https:\\\/\\\/tonalibus.org\\\/wp-content\\\/uploads\\\/2020\\\/06\\\/Tonalibus-1a-0-pivot-2020-05-65.jpg\",\"contentUrl\":\"https:\\\/\\\/tonalibus.org\\\/wp-content\\\/uploads\\\/2020\\\/06\\\/Tonalibus-1a-0-pivot-2020-05-65.jpg\"},{\"@type\":\"BreadcrumbList\",\"@id\":\"https:\\\/\\\/tonalibus.org\\\/de\\\/inner-circle\\\/repository\\\/concepts\\\/concepts-highlights\\\/#breadcrumb\",\"itemListElement\":[{\"@type\":\"ListItem\",\"position\":1,\"name\":\"Home\",\"item\":\"https:\\\/\\\/tonalibus.org\\\/\"},{\"@type\":\"ListItem\",\"position\":2,\"name\":\"Protected: Inner Circle\",\"item\":\"https:\\\/\\\/tonalibus.org\\\/en\\\/inner-circle\\\/\"},{\"@type\":\"ListItem\",\"position\":3,\"name\":\"Gesch\u00fctzt: Repository\",\"item\":\"https:\\\/\\\/tonalibus.org\\\/de\\\/inner-circle\\\/repository\\\/\"},{\"@type\":\"ListItem\",\"position\":4,\"name\":\"Concepts\",\"item\":\"https:\\\/\\\/tonalibus.org\\\/de\\\/inner-circle\\\/repository\\\/concepts\\\/\"},{\"@type\":\"ListItem\",\"position\":5,\"name\":\"Harmony Visuals\"}]},{\"@type\":\"WebSite\",\"@id\":\"https:\\\/\\\/tonalibus.org\\\/de\\\/#website\",\"url\":\"https:\\\/\\\/tonalibus.org\\\/de\\\/\",\"name\":\"TONALIBUS\",\"description\":\"Anchored Harmony and Tonalities\",\"publisher\":{\"@id\":\"https:\\\/\\\/tonalibus.org\\\/de\\\/#\\\/schema\\\/person\\\/749261d7bc96d1f00127273f83ab96a4\"},\"potentialAction\":[{\"@type\":\"SearchAction\",\"target\":{\"@type\":\"EntryPoint\",\"urlTemplate\":\"https:\\\/\\\/tonalibus.org\\\/de\\\/?s={search_term_string}\"},\"query-input\":{\"@type\":\"PropertyValueSpecification\",\"valueRequired\":true,\"valueName\":\"search_term_string\"}}],\"inLanguage\":\"fr-FR\"},{\"@type\":[\"Person\",\"Organization\"],\"@id\":\"https:\\\/\\\/tonalibus.org\\\/de\\\/#\\\/schema\\\/person\\\/749261d7bc96d1f00127273f83ab96a4\",\"name\":\"Ulrico\",\"image\":{\"@type\":\"ImageObject\",\"inLanguage\":\"fr-FR\",\"@id\":\"https:\\\/\\\/tonalibus.org\\\/wp-content\\\/uploads\\\/2020\\\/06\\\/uli-pix.jpg\",\"url\":\"https:\\\/\\\/tonalibus.org\\\/wp-content\\\/uploads\\\/2020\\\/06\\\/uli-pix.jpg\",\"contentUrl\":\"https:\\\/\\\/tonalibus.org\\\/wp-content\\\/uploads\\\/2020\\\/06\\\/uli-pix.jpg\",\"width\":960,\"height\":720,\"caption\":\"Ulrico\"},\"logo\":{\"@id\":\"https:\\\/\\\/tonalibus.org\\\/wp-content\\\/uploads\\\/2020\\\/06\\\/uli-pix.jpg\"},\"sameAs\":[\"https:\\\/\\\/tonalibus.cyon.site\"]}]}<\/script>\n<!-- \/ Yoast SEO plugin. -->","yoast_head_json":{"title":"Harmony Visuals - TONALIBUS, Harmonie et tonalit\u00e9s","description":"Ces concepts mettent en \u00e9vidence de courtes repr\u00e9sentations visuelles des progressions de cl\u00e9s de la s\u00e9rie Fondamentaux de l'harmonie et de la tonalit\u00e9.","robots":{"index":"index","follow":"follow","max-snippet":"max-snippet:-1","max-image-preview":"max-image-preview:large","max-video-preview":"max-video-preview:-1"},"canonical":"https:\/\/tonalibus.org\/fr\/inner-circle\/repository\/concepts\/concepts-highlights\/","og_locale":"fr_FR","og_type":"article","og_title":"Harmony Visuals &#8211; TONALIBUS, Harmony and Tonalities","og_description":"These concepts highlights present short visual representations of key progressions from the Harmonic and Tonality Fundamentals series.","og_url":"https:\/\/tonalibus.org\/fr\/inner-circle\/repository\/concepts\/concepts-highlights\/","og_site_name":"TONALIBUS","article_modified_time":"2025-03-21T10:47:15+00:00","og_image":[{"url":"https:\/\/tonalibus.org\/wp-content\/uploads\/2020\/06\/Tonalibus-1a-0-pivot-2020-05-65.jpg","type":"","width":"","height":""}],"twitter_card":"summary_large_image","schema":{"@context":"https:\/\/schema.org","@graph":[{"@type":"WebPage","@id":"https:\/\/tonalibus.org\/de\/inner-circle\/repository\/concepts\/concepts-highlights\/","url":"https:\/\/tonalibus.org\/de\/inner-circle\/repository\/concepts\/concepts-highlights\/","name":"Harmony Visuals - TONALIBUS, Harmonie et tonalit\u00e9s","isPartOf":{"@id":"https:\/\/tonalibus.org\/de\/#website"},"primaryImageOfPage":{"@id":"https:\/\/tonalibus.org\/de\/inner-circle\/repository\/concepts\/concepts-highlights\/#primaryimage"},"image":{"@id":"https:\/\/tonalibus.org\/de\/inner-circle\/repository\/concepts\/concepts-highlights\/#primaryimage"},"thumbnailUrl":"https:\/\/tonalibus.org\/wp-content\/uploads\/2020\/06\/Tonalibus-1a-0-pivot-2020-05-65.jpg","datePublished":"2020-07-04T05:13:51+00:00","dateModified":"2025-03-21T10:47:15+00:00","description":"Ces concepts mettent en \u00e9vidence de courtes repr\u00e9sentations visuelles des progressions de cl\u00e9s de la s\u00e9rie Fondamentaux de l'harmonie et de la tonalit\u00e9.","breadcrumb":{"@id":"https:\/\/tonalibus.org\/de\/inner-circle\/repository\/concepts\/concepts-highlights\/#breadcrumb"},"inLanguage":"fr-FR","potentialAction":[{"@type":"ReadAction","target":["https:\/\/tonalibus.org\/de\/inner-circle\/repository\/concepts\/concepts-highlights\/"]}]},{"@type":"ImageObject","inLanguage":"fr-FR","@id":"https:\/\/tonalibus.org\/de\/inner-circle\/repository\/concepts\/concepts-highlights\/#primaryimage","url":"https:\/\/tonalibus.org\/wp-content\/uploads\/2020\/06\/Tonalibus-1a-0-pivot-2020-05-65.jpg","contentUrl":"https:\/\/tonalibus.org\/wp-content\/uploads\/2020\/06\/Tonalibus-1a-0-pivot-2020-05-65.jpg"},{"@type":"BreadcrumbList","@id":"https:\/\/tonalibus.org\/de\/inner-circle\/repository\/concepts\/concepts-highlights\/#breadcrumb","itemListElement":[{"@type":"ListItem","position":1,"name":"Home","item":"https:\/\/tonalibus.org\/"},{"@type":"ListItem","position":2,"name":"Protected: Inner Circle","item":"https:\/\/tonalibus.org\/en\/inner-circle\/"},{"@type":"ListItem","position":3,"name":"Gesch\u00fctzt: Repository","item":"https:\/\/tonalibus.org\/de\/inner-circle\/repository\/"},{"@type":"ListItem","position":4,"name":"Concepts","item":"https:\/\/tonalibus.org\/de\/inner-circle\/repository\/concepts\/"},{"@type":"ListItem","position":5,"name":"Harmony Visuals"}]},{"@type":"WebSite","@id":"https:\/\/tonalibus.org\/de\/#website","url":"https:\/\/tonalibus.org\/de\/","name":"TONALIBUS","description":"Harmonie et tonalit\u00e9s ancr\u00e9es","publisher":{"@id":"https:\/\/tonalibus.org\/de\/#\/schema\/person\/749261d7bc96d1f00127273f83ab96a4"},"potentialAction":[{"@type":"SearchAction","target":{"@type":"EntryPoint","urlTemplate":"https:\/\/tonalibus.org\/de\/?s={search_term_string}"},"query-input":{"@type":"PropertyValueSpecification","valueRequired":true,"valueName":"search_term_string"}}],"inLanguage":"fr-FR"},{"@type":["Person","Organization"],"@id":"https:\/\/tonalibus.org\/de\/#\/schema\/person\/749261d7bc96d1f00127273f83ab96a4","name":"Ulrico","image":{"@type":"ImageObject","inLanguage":"fr-FR","@id":"https:\/\/tonalibus.org\/wp-content\/uploads\/2020\/06\/uli-pix.jpg","url":"https:\/\/tonalibus.org\/wp-content\/uploads\/2020\/06\/uli-pix.jpg","contentUrl":"https:\/\/tonalibus.org\/wp-content\/uploads\/2020\/06\/uli-pix.jpg","width":960,"height":720,"caption":"Ulrico"},"logo":{"@id":"https:\/\/tonalibus.org\/wp-content\/uploads\/2020\/06\/uli-pix.jpg"},"sameAs":["https:\/\/tonalibus.cyon.site"]}]}},"_links":{"self":[{"href":"https:\/\/tonalibus.org\/fr\/wp-json\/wp\/v2\/pages\/2215","targetHints":{"allow":["GET"]}}],"collection":[{"href":"https:\/\/tonalibus.org\/fr\/wp-json\/wp\/v2\/pages"}],"about":[{"href":"https:\/\/tonalibus.org\/fr\/wp-json\/wp\/v2\/types\/page"}],"author":[{"embeddable":true,"href":"https:\/\/tonalibus.org\/fr\/wp-json\/wp\/v2\/users\/1"}],"replies":[{"embeddable":true,"href":"https:\/\/tonalibus.org\/fr\/wp-json\/wp\/v2\/comments?post=2215"}],"version-history":[{"count":0,"href":"https:\/\/tonalibus.org\/fr\/wp-json\/wp\/v2\/pages\/2215\/revisions"}],"up":[{"embeddable":true,"href":"https:\/\/tonalibus.org\/fr\/wp-json\/wp\/v2\/pages\/458"}],"wp:attachment":[{"href":"https:\/\/tonalibus.org\/fr\/wp-json\/wp\/v2\/media?parent=2215"}],"curies":[{"name":"wp","href":"https:\/\/api.w.org\/{rel}","templated":true}]}}