{"id":2256,"date":"2020-07-06T09:52:13","date_gmt":"2020-07-06T07:52:13","guid":{"rendered":"https:\/\/tonalibus.org\/?page_id=2256"},"modified":"2021-01-09T10:44:18","modified_gmt":"2021-01-09T09:44:18","slug":"renewal-request","status":"publish","type":"page","link":"https:\/\/tonalibus.org\/fr\/inner-circle\/ism-repository\/sound-mantra\/renewal-request\/","title":{"rendered":"Demande de renouvellement"},"content":{"rendered":"<h2 class=\"has-text-color wp-block-heading\" style=\"color:#f7b320\">Demande de renouvellement d'un mantra sonore individuel<\/h2>\n\n\n\n<div style=\"height:20px\" aria-hidden=\"true\" class=\"wp-block-spacer\"><\/div>\n\n\n\n\n\n<h3 class=\"wp-block-heading\"><a href=\"https:\/\/tonalibus.org\/fr\/privacy-policy\/\"><span style=\"color:#f7b320\" class=\"has-inline-color\">Politique de confidentialit\u00e9<\/span><\/a><\/h3>\n\n\n\n<div style=\"height:41px\" aria-hidden=\"true\" class=\"wp-block-spacer\"><\/div>\n\n\n\n<p class=\"has-text-color\" style=\"color:#f7b320\">Si vous souhaitez recevoir par e-mail une mise \u00e0 jour mensuelle des nouvelles entr\u00e9es du blog Spiritualibus et des offres du shop Fidibus, vous pouvez vous inscrire \u00e0 la lettre d'information Tonalibus dans le pied de page ci-dessous.<\/p>","protected":false},"excerpt":{"rendered":"<p>Individual sound mantra renewal request Privacy Policy If you would like to receive a monthly e-mail update of new Spiritualibus blog entries and Fidibus shop offers, you are welcome to subscribe to the Tonalibus newsletter in the page footer below.<\/p>","protected":false},"author":1,"featured_media":0,"parent":2241,"menu_order":1,"comment_status":"closed","ping_status":"closed","template":"","meta":{"footnotes":""},"class_list":["post-2256","page","type-page","status-publish","hentry"],"yoast_head":"<!-- This site is optimized with the Yoast SEO plugin v27.4 - https:\/\/yoast.com\/product\/yoast-seo-wordpress\/ -->\n<title>Renewal Request &#8211; TONALIBUS, Anchored Harmony and Tonalities<\/title>\n<meta name=\"description\" content=\"Individual Sound Mantra Renewal Requesat Form\" \/>\n<meta name=\"robots\" content=\"noindex, nofollow\" \/>\n<meta property=\"og:locale\" content=\"fr_FR\" \/>\n<meta property=\"og:type\" content=\"article\" \/>\n<meta property=\"og:title\" content=\"Renewal Request &#8211; TONALIBUS, Anchored Harmony and Tonalities\" \/>\n<meta property=\"og:description\" content=\"Individual Sound Mantra Renewal Requesat Form\" \/>\n<meta property=\"og:url\" content=\"https:\/\/tonalibus.org\/fr\/inner-circle\/ism-repository\/sound-mantra\/renewal-request\/\" \/>\n<meta property=\"og:site_name\" content=\"TONALIBUS\" \/>\n<meta property=\"article:modified_time\" content=\"2021-01-09T09:44:18+00:00\" \/>\n<meta name=\"twitter:card\" content=\"summary_large_image\" \/>\n<script type=\"application\/ld+json\" class=\"yoast-schema-graph\">{\"@context\":\"https:\\\/\\\/schema.org\",\"@graph\":[{\"@type\":\"WebPage\",\"@id\":\"https:\\\/\\\/tonalibus.org\\\/fr\\\/inner-circle\\\/ism-repository\\\/sound-mantra\\\/renewal-request\\\/\",\"url\":\"https:\\\/\\\/tonalibus.org\\\/fr\\\/inner-circle\\\/ism-repository\\\/sound-mantra\\\/renewal-request\\\/\",\"name\":\"Renewal Request &#8211; TONALIBUS, Anchored Harmony and Tonalities\",\"isPartOf\":{\"@id\":\"https:\\\/\\\/tonalibus.org\\\/de\\\/#website\"},\"datePublished\":\"2020-07-06T07:52:13+00:00\",\"dateModified\":\"2021-01-09T09:44:18+00:00\",\"description\":\"Individual Sound Mantra Renewal Requesat Form\",\"breadcrumb\":{\"@id\":\"https:\\\/\\\/tonalibus.org\\\/fr\\\/inner-circle\\\/ism-repository\\\/sound-mantra\\\/renewal-request\\\/#breadcrumb\"},\"inLanguage\":\"fr-FR\",\"potentialAction\":[{\"@type\":\"ReadAction\",\"target\":[\"https:\\\/\\\/tonalibus.org\\\/fr\\\/inner-circle\\\/ism-repository\\\/sound-mantra\\\/renewal-request\\\/\"]}]},{\"@type\":\"BreadcrumbList\",\"@id\":\"https:\\\/\\\/tonalibus.org\\\/fr\\\/inner-circle\\\/ism-repository\\\/sound-mantra\\\/renewal-request\\\/#breadcrumb\",\"itemListElement\":[{\"@type\":\"ListItem\",\"position\":1,\"name\":\"Home\",\"item\":\"https:\\\/\\\/tonalibus.org\\\/\"},{\"@type\":\"ListItem\",\"position\":2,\"name\":\"Protected: Inner Circle\",\"item\":\"https:\\\/\\\/tonalibus.org\\\/en\\\/inner-circle\\\/\"},{\"@type\":\"ListItem\",\"position\":3,\"name\":\"Protected: ISM Repository\",\"item\":\"https:\\\/\\\/tonalibus.org\\\/en\\\/inner-circle\\\/ism-repository\\\/\"},{\"@type\":\"ListItem\",\"position\":4,\"name\":\"Individual Sound Mantra\",\"item\":\"https:\\\/\\\/tonalibus.org\\\/en\\\/inner-circle\\\/ism-repository\\\/sound-mantra\\\/\"},{\"@type\":\"ListItem\",\"position\":5,\"name\":\"Renewal Request\"}]},{\"@type\":\"WebSite\",\"@id\":\"https:\\\/\\\/tonalibus.org\\\/de\\\/#website\",\"url\":\"https:\\\/\\\/tonalibus.org\\\/de\\\/\",\"name\":\"TONALIBUS\",\"description\":\"Anchored Harmony and Tonalities\",\"publisher\":{\"@id\":\"https:\\\/\\\/tonalibus.org\\\/de\\\/#\\\/schema\\\/person\\\/749261d7bc96d1f00127273f83ab96a4\"},\"potentialAction\":[{\"@type\":\"SearchAction\",\"target\":{\"@type\":\"EntryPoint\",\"urlTemplate\":\"https:\\\/\\\/tonalibus.org\\\/de\\\/?s={search_term_string}\"},\"query-input\":{\"@type\":\"PropertyValueSpecification\",\"valueRequired\":true,\"valueName\":\"search_term_string\"}}],\"inLanguage\":\"fr-FR\"},{\"@type\":[\"Person\",\"Organization\"],\"@id\":\"https:\\\/\\\/tonalibus.org\\\/de\\\/#\\\/schema\\\/person\\\/749261d7bc96d1f00127273f83ab96a4\",\"name\":\"Ulrico\",\"image\":{\"@type\":\"ImageObject\",\"inLanguage\":\"fr-FR\",\"@id\":\"https:\\\/\\\/tonalibus.org\\\/wp-content\\\/uploads\\\/2020\\\/06\\\/uli-pix.jpg\",\"url\":\"https:\\\/\\\/tonalibus.org\\\/wp-content\\\/uploads\\\/2020\\\/06\\\/uli-pix.jpg\",\"contentUrl\":\"https:\\\/\\\/tonalibus.org\\\/wp-content\\\/uploads\\\/2020\\\/06\\\/uli-pix.jpg\",\"width\":960,\"height\":720,\"caption\":\"Ulrico\"},\"logo\":{\"@id\":\"https:\\\/\\\/tonalibus.org\\\/wp-content\\\/uploads\\\/2020\\\/06\\\/uli-pix.jpg\"},\"sameAs\":[\"https:\\\/\\\/tonalibus.cyon.site\"]}]}<\/script>\n<!-- \/ Yoast SEO plugin. -->","yoast_head_json":{"title":"Demande de renouvellement - TONALIBUS, Anchored Harmony and Tonalities","description":"Formulaire de demande de renouvellement du mantra sonore individuel","robots":{"index":"noindex","follow":"nofollow"},"og_locale":"fr_FR","og_type":"article","og_title":"Renewal Request &#8211; TONALIBUS, Anchored Harmony and Tonalities","og_description":"Individual Sound Mantra Renewal Requesat Form","og_url":"https:\/\/tonalibus.org\/fr\/inner-circle\/ism-repository\/sound-mantra\/renewal-request\/","og_site_name":"TONALIBUS","article_modified_time":"2021-01-09T09:44:18+00:00","twitter_card":"summary_large_image","schema":{"@context":"https:\/\/schema.org","@graph":[{"@type":"WebPage","@id":"https:\/\/tonalibus.org\/fr\/inner-circle\/ism-repository\/sound-mantra\/renewal-request\/","url":"https:\/\/tonalibus.org\/fr\/inner-circle\/ism-repository\/sound-mantra\/renewal-request\/","name":"Demande de renouvellement - TONALIBUS, Anchored Harmony and Tonalities","isPartOf":{"@id":"https:\/\/tonalibus.org\/de\/#website"},"datePublished":"2020-07-06T07:52:13+00:00","dateModified":"2021-01-09T09:44:18+00:00","description":"Formulaire de demande de renouvellement du mantra sonore individuel","breadcrumb":{"@id":"https:\/\/tonalibus.org\/fr\/inner-circle\/ism-repository\/sound-mantra\/renewal-request\/#breadcrumb"},"inLanguage":"fr-FR","potentialAction":[{"@type":"ReadAction","target":["https:\/\/tonalibus.org\/fr\/inner-circle\/ism-repository\/sound-mantra\/renewal-request\/"]}]},{"@type":"BreadcrumbList","@id":"https:\/\/tonalibus.org\/fr\/inner-circle\/ism-repository\/sound-mantra\/renewal-request\/#breadcrumb","itemListElement":[{"@type":"ListItem","position":1,"name":"Home","item":"https:\/\/tonalibus.org\/"},{"@type":"ListItem","position":2,"name":"Protected: Inner Circle","item":"https:\/\/tonalibus.org\/en\/inner-circle\/"},{"@type":"ListItem","position":3,"name":"Protected: ISM Repository","item":"https:\/\/tonalibus.org\/en\/inner-circle\/ism-repository\/"},{"@type":"ListItem","position":4,"name":"Individual Sound Mantra","item":"https:\/\/tonalibus.org\/en\/inner-circle\/ism-repository\/sound-mantra\/"},{"@type":"ListItem","position":5,"name":"Renewal Request"}]},{"@type":"WebSite","@id":"https:\/\/tonalibus.org\/de\/#website","url":"https:\/\/tonalibus.org\/de\/","name":"TONALIBUS","description":"Harmonie et tonalit\u00e9s ancr\u00e9es","publisher":{"@id":"https:\/\/tonalibus.org\/de\/#\/schema\/person\/749261d7bc96d1f00127273f83ab96a4"},"potentialAction":[{"@type":"SearchAction","target":{"@type":"EntryPoint","urlTemplate":"https:\/\/tonalibus.org\/de\/?s={search_term_string}"},"query-input":{"@type":"PropertyValueSpecification","valueRequired":true,"valueName":"search_term_string"}}],"inLanguage":"fr-FR"},{"@type":["Person","Organization"],"@id":"https:\/\/tonalibus.org\/de\/#\/schema\/person\/749261d7bc96d1f00127273f83ab96a4","name":"Ulrico","image":{"@type":"ImageObject","inLanguage":"fr-FR","@id":"https:\/\/tonalibus.org\/wp-content\/uploads\/2020\/06\/uli-pix.jpg","url":"https:\/\/tonalibus.org\/wp-content\/uploads\/2020\/06\/uli-pix.jpg","contentUrl":"https:\/\/tonalibus.org\/wp-content\/uploads\/2020\/06\/uli-pix.jpg","width":960,"height":720,"caption":"Ulrico"},"logo":{"@id":"https:\/\/tonalibus.org\/wp-content\/uploads\/2020\/06\/uli-pix.jpg"},"sameAs":["https:\/\/tonalibus.cyon.site"]}]}},"_links":{"self":[{"href":"https:\/\/tonalibus.org\/fr\/wp-json\/wp\/v2\/pages\/2256","targetHints":{"allow":["GET"]}}],"collection":[{"href":"https:\/\/tonalibus.org\/fr\/wp-json\/wp\/v2\/pages"}],"about":[{"href":"https:\/\/tonalibus.org\/fr\/wp-json\/wp\/v2\/types\/page"}],"author":[{"embeddable":true,"href":"https:\/\/tonalibus.org\/fr\/wp-json\/wp\/v2\/users\/1"}],"replies":[{"embeddable":true,"href":"https:\/\/tonalibus.org\/fr\/wp-json\/wp\/v2\/comments?post=2256"}],"version-history":[{"count":0,"href":"https:\/\/tonalibus.org\/fr\/wp-json\/wp\/v2\/pages\/2256\/revisions"}],"up":[{"embeddable":true,"href":"https:\/\/tonalibus.org\/fr\/wp-json\/wp\/v2\/pages\/2241"}],"wp:attachment":[{"href":"https:\/\/tonalibus.org\/fr\/wp-json\/wp\/v2\/media?parent=2256"}],"curies":[{"name":"wp","href":"https:\/\/api.w.org\/{rel}","templated":true}]}}