{"id":2258,"date":"2020-07-06T09:52:56","date_gmt":"2020-07-06T07:52:56","guid":{"rendered":"https:\/\/tonalibus.org\/?page_id=2258"},"modified":"2021-03-04T18:21:22","modified_gmt":"2021-03-04T17:21:22","slug":"gift-request","status":"publish","type":"page","link":"https:\/\/tonalibus.org\/fr\/inner-circle\/ism-repository\/sound-mantra\/gift-request\/","title":{"rendered":"Demande cadeau"},"content":{"rendered":"<h2 class=\"has-text-color wp-block-heading\" style=\"color:#f7b320\">Demande de mantra sonore individuel comme cadeau<\/h2>\n\n\n\n<p class=\"has-text-color\" style=\"color:#f7b320\">Tout d'abord, veuillez obtenir l'accord du destinataire avant de nous communiquer son nom, son adresse \u00e9lectronique, sa ville et son pays.<\/p>\n\n\n\n<div style=\"height:20px\" aria-hidden=\"true\" class=\"wp-block-spacer\"><\/div>\n\n\n\n\n\n<h3 class=\"has-text-color wp-block-heading\" style=\"color:#f7b320\"><a href=\"https:\/\/tonalibus.org\/fr\/privacy-policy\/\"><span style=\"color:#f7b320\" class=\"has-inline-color\">Politique de confidentialit\u00e9<\/span><\/a><\/h3>\n\n\n\n<div style=\"height:43px\" aria-hidden=\"true\" class=\"wp-block-spacer\"><\/div>\n\n\n\n<p class=\"has-text-color\" style=\"color:#f7b320\">Si vous souhaitez recevoir par e-mail une mise \u00e0 jour mensuelle des nouvelles entr\u00e9es du blog Spiritualibus et des offres du shop Fidibus, vous pouvez vous inscrire \u00e0 la lettre d'information Tonalibus dans le pied de page ci-dessous.<\/p>","protected":false},"excerpt":{"rendered":"<p>Individual sound mantra gift request First, please obtain the recipient&#8217;s agreement to provide us his or her name, e-mail, city, and country. Privacy Policy If you would like to receive a monthly e-mail update of new Spiritualibus blog entries and Fidibus shop offers, you are welcome to subscribe to the Tonalibus newsletter in the page &hellip; <\/p>\n<p class=\"link-more\"><a href=\"https:\/\/tonalibus.org\/fr\/inner-circle\/ism-repository\/sound-mantra\/gift-request\/\" class=\"more-link\">Continuer la lecture<span class=\"screen-reader-text\"> de &laquo;&nbsp;Gift Request&nbsp;&raquo;<\/span><\/a><\/p>","protected":false},"author":1,"featured_media":0,"parent":2241,"menu_order":2,"comment_status":"closed","ping_status":"closed","template":"","meta":{"footnotes":""},"class_list":["post-2258","page","type-page","status-publish","hentry"],"yoast_head":"<!-- This site is optimized with the Yoast SEO plugin v27.5 - https:\/\/yoast.com\/product\/yoast-seo-wordpress\/ -->\n<title>Gift Request &#8211; TONALIBUS, Anchored Harmony and Tonalities<\/title>\n<meta name=\"description\" content=\"Personal Sound Mantra Gift Application form\" \/>\n<meta name=\"robots\" content=\"noindex, nofollow\" \/>\n<meta property=\"og:locale\" content=\"fr_FR\" \/>\n<meta property=\"og:type\" content=\"article\" \/>\n<meta property=\"og:title\" content=\"Gift Request &#8211; TONALIBUS, Anchored Harmony and Tonalities\" \/>\n<meta property=\"og:description\" content=\"Personal Sound Mantra Gift Application form\" \/>\n<meta property=\"og:url\" content=\"https:\/\/tonalibus.org\/fr\/inner-circle\/ism-repository\/sound-mantra\/gift-request\/\" \/>\n<meta property=\"og:site_name\" content=\"TONALIBUS\" \/>\n<meta property=\"article:modified_time\" content=\"2021-03-04T17:21:22+00:00\" \/>\n<meta name=\"twitter:card\" content=\"summary_large_image\" \/>\n<meta name=\"twitter:label1\" content=\"Dur\u00e9e de lecture estim\u00e9e\" \/>\n\t<meta name=\"twitter:data1\" content=\"1 minute\" \/>\n<script type=\"application\/ld+json\" class=\"yoast-schema-graph\">{\"@context\":\"https:\\\/\\\/schema.org\",\"@graph\":[{\"@type\":\"WebPage\",\"@id\":\"https:\\\/\\\/tonalibus.org\\\/fr\\\/inner-circle\\\/ism-repository\\\/sound-mantra\\\/gift-request\\\/\",\"url\":\"https:\\\/\\\/tonalibus.org\\\/fr\\\/inner-circle\\\/ism-repository\\\/sound-mantra\\\/gift-request\\\/\",\"name\":\"Gift Request &#8211; TONALIBUS, Anchored Harmony and Tonalities\",\"isPartOf\":{\"@id\":\"https:\\\/\\\/tonalibus.org\\\/de\\\/#website\"},\"datePublished\":\"2020-07-06T07:52:56+00:00\",\"dateModified\":\"2021-03-04T17:21:22+00:00\",\"description\":\"Personal Sound Mantra Gift Application form\",\"breadcrumb\":{\"@id\":\"https:\\\/\\\/tonalibus.org\\\/fr\\\/inner-circle\\\/ism-repository\\\/sound-mantra\\\/gift-request\\\/#breadcrumb\"},\"inLanguage\":\"fr-FR\",\"potentialAction\":[{\"@type\":\"ReadAction\",\"target\":[\"https:\\\/\\\/tonalibus.org\\\/fr\\\/inner-circle\\\/ism-repository\\\/sound-mantra\\\/gift-request\\\/\"]}]},{\"@type\":\"BreadcrumbList\",\"@id\":\"https:\\\/\\\/tonalibus.org\\\/fr\\\/inner-circle\\\/ism-repository\\\/sound-mantra\\\/gift-request\\\/#breadcrumb\",\"itemListElement\":[{\"@type\":\"ListItem\",\"position\":1,\"name\":\"Home\",\"item\":\"https:\\\/\\\/tonalibus.org\\\/\"},{\"@type\":\"ListItem\",\"position\":2,\"name\":\"Protected: Inner Circle\",\"item\":\"https:\\\/\\\/tonalibus.org\\\/en\\\/inner-circle\\\/\"},{\"@type\":\"ListItem\",\"position\":3,\"name\":\"Protected: ISM Repository\",\"item\":\"https:\\\/\\\/tonalibus.org\\\/en\\\/inner-circle\\\/ism-repository\\\/\"},{\"@type\":\"ListItem\",\"position\":4,\"name\":\"Individual Sound Mantra\",\"item\":\"https:\\\/\\\/tonalibus.org\\\/en\\\/inner-circle\\\/ism-repository\\\/sound-mantra\\\/\"},{\"@type\":\"ListItem\",\"position\":5,\"name\":\"Gift Request\"}]},{\"@type\":\"WebSite\",\"@id\":\"https:\\\/\\\/tonalibus.org\\\/de\\\/#website\",\"url\":\"https:\\\/\\\/tonalibus.org\\\/de\\\/\",\"name\":\"TONALIBUS\",\"description\":\"Anchored Harmony and Tonalities\",\"publisher\":{\"@id\":\"https:\\\/\\\/tonalibus.org\\\/de\\\/#\\\/schema\\\/person\\\/749261d7bc96d1f00127273f83ab96a4\"},\"potentialAction\":[{\"@type\":\"SearchAction\",\"target\":{\"@type\":\"EntryPoint\",\"urlTemplate\":\"https:\\\/\\\/tonalibus.org\\\/de\\\/?s={search_term_string}\"},\"query-input\":{\"@type\":\"PropertyValueSpecification\",\"valueRequired\":true,\"valueName\":\"search_term_string\"}}],\"inLanguage\":\"fr-FR\"},{\"@type\":[\"Person\",\"Organization\"],\"@id\":\"https:\\\/\\\/tonalibus.org\\\/de\\\/#\\\/schema\\\/person\\\/749261d7bc96d1f00127273f83ab96a4\",\"name\":\"Ulrico\",\"image\":{\"@type\":\"ImageObject\",\"inLanguage\":\"fr-FR\",\"@id\":\"https:\\\/\\\/tonalibus.org\\\/wp-content\\\/uploads\\\/2020\\\/06\\\/uli-pix.jpg\",\"url\":\"https:\\\/\\\/tonalibus.org\\\/wp-content\\\/uploads\\\/2020\\\/06\\\/uli-pix.jpg\",\"contentUrl\":\"https:\\\/\\\/tonalibus.org\\\/wp-content\\\/uploads\\\/2020\\\/06\\\/uli-pix.jpg\",\"width\":960,\"height\":720,\"caption\":\"Ulrico\"},\"logo\":{\"@id\":\"https:\\\/\\\/tonalibus.org\\\/wp-content\\\/uploads\\\/2020\\\/06\\\/uli-pix.jpg\"},\"sameAs\":[\"https:\\\/\\\/tonalibus.cyon.site\"]}]}<\/script>\n<!-- \/ Yoast SEO plugin. -->","yoast_head_json":{"title":"Demande de cadeau - TONALIBUS, Anchored Harmony and Tonalities","description":"Formulaire de demande de don de mantra sonore personnel","robots":{"index":"noindex","follow":"nofollow"},"og_locale":"fr_FR","og_type":"article","og_title":"Gift Request &#8211; TONALIBUS, Anchored Harmony and Tonalities","og_description":"Personal Sound Mantra Gift Application form","og_url":"https:\/\/tonalibus.org\/fr\/inner-circle\/ism-repository\/sound-mantra\/gift-request\/","og_site_name":"TONALIBUS","article_modified_time":"2021-03-04T17:21:22+00:00","twitter_card":"summary_large_image","twitter_misc":{"Dur\u00e9e de lecture estim\u00e9e":"1 minute"},"schema":{"@context":"https:\/\/schema.org","@graph":[{"@type":"WebPage","@id":"https:\/\/tonalibus.org\/fr\/inner-circle\/ism-repository\/sound-mantra\/gift-request\/","url":"https:\/\/tonalibus.org\/fr\/inner-circle\/ism-repository\/sound-mantra\/gift-request\/","name":"Demande de cadeau - TONALIBUS, Anchored Harmony and Tonalities","isPartOf":{"@id":"https:\/\/tonalibus.org\/de\/#website"},"datePublished":"2020-07-06T07:52:56+00:00","dateModified":"2021-03-04T17:21:22+00:00","description":"Formulaire de demande de don de mantra sonore personnel","breadcrumb":{"@id":"https:\/\/tonalibus.org\/fr\/inner-circle\/ism-repository\/sound-mantra\/gift-request\/#breadcrumb"},"inLanguage":"fr-FR","potentialAction":[{"@type":"ReadAction","target":["https:\/\/tonalibus.org\/fr\/inner-circle\/ism-repository\/sound-mantra\/gift-request\/"]}]},{"@type":"BreadcrumbList","@id":"https:\/\/tonalibus.org\/fr\/inner-circle\/ism-repository\/sound-mantra\/gift-request\/#breadcrumb","itemListElement":[{"@type":"ListItem","position":1,"name":"Home","item":"https:\/\/tonalibus.org\/"},{"@type":"ListItem","position":2,"name":"Protected: Inner Circle","item":"https:\/\/tonalibus.org\/en\/inner-circle\/"},{"@type":"ListItem","position":3,"name":"Protected: ISM Repository","item":"https:\/\/tonalibus.org\/en\/inner-circle\/ism-repository\/"},{"@type":"ListItem","position":4,"name":"Individual Sound Mantra","item":"https:\/\/tonalibus.org\/en\/inner-circle\/ism-repository\/sound-mantra\/"},{"@type":"ListItem","position":5,"name":"Gift Request"}]},{"@type":"WebSite","@id":"https:\/\/tonalibus.org\/de\/#website","url":"https:\/\/tonalibus.org\/de\/","name":"TONALIBUS","description":"Harmonie et tonalit\u00e9s ancr\u00e9es","publisher":{"@id":"https:\/\/tonalibus.org\/de\/#\/schema\/person\/749261d7bc96d1f00127273f83ab96a4"},"potentialAction":[{"@type":"SearchAction","target":{"@type":"EntryPoint","urlTemplate":"https:\/\/tonalibus.org\/de\/?s={search_term_string}"},"query-input":{"@type":"PropertyValueSpecification","valueRequired":true,"valueName":"search_term_string"}}],"inLanguage":"fr-FR"},{"@type":["Person","Organization"],"@id":"https:\/\/tonalibus.org\/de\/#\/schema\/person\/749261d7bc96d1f00127273f83ab96a4","name":"Ulrico","image":{"@type":"ImageObject","inLanguage":"fr-FR","@id":"https:\/\/tonalibus.org\/wp-content\/uploads\/2020\/06\/uli-pix.jpg","url":"https:\/\/tonalibus.org\/wp-content\/uploads\/2020\/06\/uli-pix.jpg","contentUrl":"https:\/\/tonalibus.org\/wp-content\/uploads\/2020\/06\/uli-pix.jpg","width":960,"height":720,"caption":"Ulrico"},"logo":{"@id":"https:\/\/tonalibus.org\/wp-content\/uploads\/2020\/06\/uli-pix.jpg"},"sameAs":["https:\/\/tonalibus.cyon.site"]}]}},"_links":{"self":[{"href":"https:\/\/tonalibus.org\/fr\/wp-json\/wp\/v2\/pages\/2258","targetHints":{"allow":["GET"]}}],"collection":[{"href":"https:\/\/tonalibus.org\/fr\/wp-json\/wp\/v2\/pages"}],"about":[{"href":"https:\/\/tonalibus.org\/fr\/wp-json\/wp\/v2\/types\/page"}],"author":[{"embeddable":true,"href":"https:\/\/tonalibus.org\/fr\/wp-json\/wp\/v2\/users\/1"}],"replies":[{"embeddable":true,"href":"https:\/\/tonalibus.org\/fr\/wp-json\/wp\/v2\/comments?post=2258"}],"version-history":[{"count":0,"href":"https:\/\/tonalibus.org\/fr\/wp-json\/wp\/v2\/pages\/2258\/revisions"}],"up":[{"embeddable":true,"href":"https:\/\/tonalibus.org\/fr\/wp-json\/wp\/v2\/pages\/2241"}],"wp:attachment":[{"href":"https:\/\/tonalibus.org\/fr\/wp-json\/wp\/v2\/media?parent=2258"}],"curies":[{"name":"wp","href":"https:\/\/api.w.org\/{rel}","templated":true}]}}