{"id":22891,"date":"2023-01-24T08:09:18","date_gmt":"2023-01-24T07:09:18","guid":{"rendered":"https:\/\/tonalibus.org\/?page_id=22891"},"modified":"2023-01-24T08:09:20","modified_gmt":"2023-01-24T07:09:20","slug":"pentanareach-loops","status":"publish","type":"page","link":"https:\/\/tonalibus.org\/fr\/tonalities\/pentatonalities\/pentanareach\/pentanareach-loops\/","title":{"rendered":"PentaNaReach en loop"},"content":{"rendered":"<h2 class=\"has-text-color wp-block-heading\" style=\"color:#f7b320\">\u00c9chantillons sonores en loop de <a href=\"https:\/\/tonalibus.org\/fr\/tonalities\/pentatonalities\/pentanareach\/\"><mark style=\"background-color:rgba(0, 0, 0, 0);color:#f7b320\" class=\"has-inline-color\">PentaNaReach<\/mark><\/a>, une <a href=\"https:\/\/tonalibus.org\/fr\/tonalities\/pentatonalities\/#pentana\"><mark style=\"background-color:rgba(0, 0, 0, 0);color:#f7b320\" class=\"has-inline-color\"><\/mark><mark style=\"background-color:rgba(0, 0, 0, 0);color:#f7b320\" class=\"has-inline-color\">pentatonalit\u00e9 \u00e9tendue<\/mark><\/a><\/h2>\n\n\n\n<figure class=\"wp-block-audio\"><audio controls src=\"https:\/\/tonalibus.org\/wp-content\/uploads\/2023\/01\/2023-01-08-PENTANAREACH-XTRA-CALM-loop.mp3\" loop><\/audio><figcaption class=\"wp-element-caption\"><mark style=\"background-color:rgba(0, 0, 0, 0);color:#f7b320\" class=\"has-inline-color\">3) <mark style=\"background-color:rgba(0, 0, 0, 0);color:#f7b320\" class=\"has-inline-color\"><mark style=\"background-color:rgba(0, 0, 0, 0);color:#f7b320\" class=\"has-inline-color\">PentaNaReach<\/mark><\/mark><\/mark> <mark style=\"background-color:rgba(0, 0, 0, 0);color:#f7b320\" class=\"has-inline-color\">\u2013 \u00e9chantillon sonore extra, calme \u2013 3:00 loop<\/mark><\/figcaption><\/figure>\n\n\n\n<figure class=\"wp-block-audio\"><audio controls src=\"https:\/\/tonalibus.org\/wp-content\/uploads\/2023\/01\/2023-01-08-PENTANAREACH-CALM.mp3\" loop><\/audio><figcaption class=\"wp-element-caption\"><mark style=\"background-color:rgba(0, 0, 0, 0);color:#f7b320\" class=\"has-inline-color\">2) <mark style=\"background-color:rgba(0, 0, 0, 0);color:#f7b320\" class=\"has-inline-color\"><mark style=\"background-color:rgba(0, 0, 0, 0);color:#f7b320\" class=\"has-inline-color\">PentaNaReach<\/mark><\/mark><\/mark> <mark style=\"background-color:rgba(0, 0, 0, 0);color:#f7b320\" class=\"has-inline-color\">\u2013 \u00e9chantillon sonore calme \u2013 2:04 loop<\/mark><\/figcaption><\/figure>\n\n\n\n<figure class=\"wp-block-audio\"><audio controls src=\"https:\/\/tonalibus.org\/wp-content\/uploads\/2023\/01\/2023-01-08-PENTANAREACH-RHYTHM.mp3\" loop><\/audio><figcaption class=\"wp-element-caption\"><mark style=\"background-color:rgba(0, 0, 0, 0);color:#f7b320\" class=\"has-inline-color\">1) <mark style=\"background-color:rgba(0, 0, 0, 0);color:#f7b320\" class=\"has-inline-color\"><mark style=\"background-color:rgba(0, 0, 0, 0);color:#f7b320\" class=\"has-inline-color\">PentaNaReach<\/mark><\/mark><\/mark> <mark style=\"background-color:rgba(0, 0, 0, 0);color:#f7b320\" class=\"has-inline-color\">\u2013 \u00e9chantillon sonore rythmique \u2013 2:06 loop<\/mark><\/figcaption><\/figure>\n\n\n\n<div style=\"height:24px\" aria-hidden=\"true\" class=\"wp-block-spacer\"><\/div>\n\n\n\n<p class=\"has-text-color\" style=\"color:#f7b320\">Bienvenue \u00e0 PentaNaReach en loop !<\/p>\n\n\n\n<p class=\"has-text-color\" style=\"color:#f7b320\">Vous pouvez bien appr\u00e9cier un \u00e9chantillon sonore ou un loop de tonalit\u00e9 comme mantra sonore pour <a href=\"https:\/\/fr.wikipedia.org\/wiki\/Contemplation\" target=\"_blank\" rel=\"noreferrer noopener\"><mark style=\"background-color:rgba(0, 0, 0, 0);color:#f7b320\" class=\"has-inline-color\">la contemplation<\/mark><\/a> ou <a href=\"https:\/\/fr.wikipedia.org\/wiki\/M\u00e9ditation\" target=\"_blank\" rel=\"noreferrer noopener\"><mark style=\"background-color:rgba(0, 0, 0, 0);color:#f7b320\" class=\"has-inline-color\">la m\u00e9ditation<\/mark><\/a>. Ceci pourrait vous aider \u00e0 vous soulever, \u00e0 vous purifier et \u00e0 vous concentrer. Vous pouvez aussi l'utiliser simplement comme un fond sonore apaisant pour la relaxation et la r\u00e9g\u00e9n\u00e9ration. Si vous souhaitez fredonner, psalmodier ou chanter, vous pourriez le faire en choisissant une syllabe spirituellement charg\u00e9e telle que <em><a href=\"https:\/\/tonalibus.org\/fr\/about-tonalibus\/hu-mantra-of-soul\/\"><mark style=\"background-color:rgba(0, 0, 0, 0);color:#f7b320\" class=\"has-inline-color\">HU<\/mark><\/a><\/em> ou <a href=\"https:\/\/fr.wikipedia.org\/wiki\/Om\u0310\" target=\"_blank\" rel=\"noreferrer noopener\"><mark style=\"background-color:rgba(0, 0, 0, 0);color:#f7b320\" class=\"has-inline-color\"><em>\u014c\u1e43<\/em> \/ Aum<\/mark><\/a> \u0950, ou une autre syllabe de mantra qui vous convient.<\/p>\n\n\n\n<div style=\"height:28px\" aria-hidden=\"true\" class=\"wp-block-spacer\"><\/div>\n\n\n\n<figure class=\"wp-block-image size-large\"><img loading=\"lazy\" decoding=\"async\" width=\"1024\" height=\"534\" src=\"https:\/\/tonalibus.org\/wp-content\/uploads\/2023\/01\/20220515_202745414_iOS-cv-cmp-1024x534.jpg\" alt=\"PentaNaReach loops\" class=\"wp-image-22350\" srcset=\"https:\/\/tonalibus.org\/wp-content\/uploads\/2023\/01\/20220515_202745414_iOS-cv-cmp-1024x534.jpg 1024w, https:\/\/tonalibus.org\/wp-content\/uploads\/2023\/01\/20220515_202745414_iOS-cv-cmp-300x156.jpg 300w, https:\/\/tonalibus.org\/wp-content\/uploads\/2023\/01\/20220515_202745414_iOS-cv-cmp-768x400.jpg 768w, https:\/\/tonalibus.org\/wp-content\/uploads\/2023\/01\/20220515_202745414_iOS-cv-cmp-1536x801.jpg 1536w, https:\/\/tonalibus.org\/wp-content\/uploads\/2023\/01\/20220515_202745414_iOS-cv-cmp-2048x1068.jpg 2048w, https:\/\/tonalibus.org\/wp-content\/uploads\/2023\/01\/20220515_202745414_iOS-cv-cmp-18x9.jpg 18w, https:\/\/tonalibus.org\/wp-content\/uploads\/2023\/01\/20220515_202745414_iOS-cv-cmp-1320x688.jpg 1320w\" sizes=\"auto, (max-width: 706px) 89vw, (max-width: 767px) 82vw, 740px\" \/><figcaption class=\"wp-element-caption\">Feu anim\u00e9 dans le jardin, permettant \u00e0 l'esprit de s'envoler librement \u2013 mai 2022 \u2013 Gr\u00e4chwil, Suisse<\/figcaption><\/figure>","protected":false},"excerpt":{"rendered":"<p>Boucles d'\u00e9chantillons sonores de PentaNaReach, une pentatonalit\u00e9 \u00e9tendue Bienvenue aux boucles de PentaNaReach ! Vous pouvez appr\u00e9cier un \u00e9chantillon sonore ou une boucle de tonalit\u00e9 comme mantra sonore pour la contemplation ou la m\u00e9ditation. Cela peut aider \u00e0 s'\u00e9lever, \u00e0 se purifier et \u00e0 se concentrer. Ou vous pouvez simplement l'utiliser comme un fond sonore apaisant pour la relaxation et la r\u00e9g\u00e9n\u00e9ration. Si vous voulez fredonner, ... <\/p>\n<p class=\"link-more\"><a href=\"https:\/\/tonalibus.org\/fr\/tonalities\/pentatonalities\/pentanareach\/pentanareach-loops\/\" class=\"more-link\">Continuer la lecture<span class=\"screen-reader-text\"> de \" PentaNaReach boucles \"<\/span><\/a><\/p>","protected":false},"author":1,"featured_media":0,"parent":22875,"menu_order":0,"comment_status":"closed","ping_status":"closed","template":"","meta":{"footnotes":""},"class_list":["post-22891","page","type-page","status-publish","hentry"],"yoast_head":"<!-- This site is optimized with the Yoast SEO plugin v27.5 - https:\/\/yoast.com\/product\/yoast-seo-wordpress\/ -->\n<title>PentaNaReach loops &#8211; TONALIBUS Harmony and Tonalities<\/title>\n<meta name=\"description\" content=\"This page features PentaNaReach loops, an extended pentatonality. Tonality loops may be used as sound mantra for contemplation or meditation.\" \/>\n<meta name=\"robots\" content=\"index, follow, max-snippet:-1, max-image-preview:large, max-video-preview:-1\" \/>\n<link rel=\"canonical\" href=\"https:\/\/tonalibus.org\/fr\/tonalities\/pentatonalities\/pentanareach\/pentanareach-loops\/\" \/>\n<meta property=\"og:locale\" content=\"fr_FR\" \/>\n<meta property=\"og:type\" content=\"article\" \/>\n<meta property=\"og:title\" content=\"PentaNaReach loops &#8211; TONALIBUS Harmony and Tonalities\" \/>\n<meta property=\"og:description\" content=\"This page features PentaNaReach loops, an extended pentatonality. Tonality loops may be used as sound mantra for contemplation or meditation.\" \/>\n<meta property=\"og:url\" content=\"https:\/\/tonalibus.org\/fr\/tonalities\/pentatonalities\/pentanareach\/pentanareach-loops\/\" \/>\n<meta property=\"og:site_name\" content=\"TONALIBUS\" \/>\n<meta property=\"article:modified_time\" content=\"2023-01-24T07:09:20+00:00\" \/>\n<meta property=\"og:image\" content=\"https:\/\/tonalibus.org\/wp-content\/uploads\/2023\/01\/20220515_202745414_iOS-cv-cmp-1024x534.jpg\" \/>\n<meta name=\"twitter:card\" content=\"summary_large_image\" \/>\n<meta name=\"twitter:label1\" content=\"Dur\u00e9e de lecture estim\u00e9e\" \/>\n\t<meta name=\"twitter:data1\" content=\"1 minute\" \/>\n<script type=\"application\/ld+json\" class=\"yoast-schema-graph\">{\"@context\":\"https:\\\/\\\/schema.org\",\"@graph\":[{\"@type\":\"WebPage\",\"@id\":\"https:\\\/\\\/tonalibus.org\\\/tonalities\\\/pentatonalities\\\/pentanareach\\\/pentanareach-loops\\\/\",\"url\":\"https:\\\/\\\/tonalibus.org\\\/tonalities\\\/pentatonalities\\\/pentanareach\\\/pentanareach-loops\\\/\",\"name\":\"PentaNaReach loops &#8211; TONALIBUS Harmony and Tonalities\",\"isPartOf\":{\"@id\":\"https:\\\/\\\/tonalibus.org\\\/de\\\/#website\"},\"primaryImageOfPage\":{\"@id\":\"https:\\\/\\\/tonalibus.org\\\/tonalities\\\/pentatonalities\\\/pentanareach\\\/pentanareach-loops\\\/#primaryimage\"},\"image\":{\"@id\":\"https:\\\/\\\/tonalibus.org\\\/tonalities\\\/pentatonalities\\\/pentanareach\\\/pentanareach-loops\\\/#primaryimage\"},\"thumbnailUrl\":\"https:\\\/\\\/tonalibus.org\\\/wp-content\\\/uploads\\\/2023\\\/01\\\/20220515_202745414_iOS-cv-cmp-1024x534.jpg\",\"datePublished\":\"2023-01-24T07:09:18+00:00\",\"dateModified\":\"2023-01-24T07:09:20+00:00\",\"description\":\"This page features PentaNaReach loops, an extended pentatonality. Tonality loops may be used as sound mantra for contemplation or meditation.\",\"breadcrumb\":{\"@id\":\"https:\\\/\\\/tonalibus.org\\\/tonalities\\\/pentatonalities\\\/pentanareach\\\/pentanareach-loops\\\/#breadcrumb\"},\"inLanguage\":\"fr-FR\",\"potentialAction\":[{\"@type\":\"ReadAction\",\"target\":[\"https:\\\/\\\/tonalibus.org\\\/tonalities\\\/pentatonalities\\\/pentanareach\\\/pentanareach-loops\\\/\"]}]},{\"@type\":\"ImageObject\",\"inLanguage\":\"fr-FR\",\"@id\":\"https:\\\/\\\/tonalibus.org\\\/tonalities\\\/pentatonalities\\\/pentanareach\\\/pentanareach-loops\\\/#primaryimage\",\"url\":\"https:\\\/\\\/tonalibus.org\\\/wp-content\\\/uploads\\\/2023\\\/01\\\/20220515_202745414_iOS-cv-cmp-1024x534.jpg\",\"contentUrl\":\"https:\\\/\\\/tonalibus.org\\\/wp-content\\\/uploads\\\/2023\\\/01\\\/20220515_202745414_iOS-cv-cmp-1024x534.jpg\"},{\"@type\":\"BreadcrumbList\",\"@id\":\"https:\\\/\\\/tonalibus.org\\\/tonalities\\\/pentatonalities\\\/pentanareach\\\/pentanareach-loops\\\/#breadcrumb\",\"itemListElement\":[{\"@type\":\"ListItem\",\"position\":1,\"name\":\"Home\",\"item\":\"https:\\\/\\\/tonalibus.org\\\/\"},{\"@type\":\"ListItem\",\"position\":2,\"name\":\"Tonalities\",\"item\":\"https:\\\/\\\/tonalibus.org\\\/tonalities\\\/\"},{\"@type\":\"ListItem\",\"position\":3,\"name\":\"Pentatonalities and Tetratonality\",\"item\":\"https:\\\/\\\/tonalibus.org\\\/tonalities\\\/pentatonalities\\\/\"},{\"@type\":\"ListItem\",\"position\":4,\"name\":\"PentaNaReach\",\"item\":\"https:\\\/\\\/tonalibus.org\\\/tonalities\\\/pentatonalities\\\/pentanareach\\\/\"},{\"@type\":\"ListItem\",\"position\":5,\"name\":\"PentaNaReach loops\"}]},{\"@type\":\"WebSite\",\"@id\":\"https:\\\/\\\/tonalibus.org\\\/de\\\/#website\",\"url\":\"https:\\\/\\\/tonalibus.org\\\/de\\\/\",\"name\":\"TONALIBUS\",\"description\":\"Anchored Harmony and Tonalities\",\"publisher\":{\"@id\":\"https:\\\/\\\/tonalibus.org\\\/de\\\/#\\\/schema\\\/person\\\/749261d7bc96d1f00127273f83ab96a4\"},\"potentialAction\":[{\"@type\":\"SearchAction\",\"target\":{\"@type\":\"EntryPoint\",\"urlTemplate\":\"https:\\\/\\\/tonalibus.org\\\/de\\\/?s={search_term_string}\"},\"query-input\":{\"@type\":\"PropertyValueSpecification\",\"valueRequired\":true,\"valueName\":\"search_term_string\"}}],\"inLanguage\":\"fr-FR\"},{\"@type\":[\"Person\",\"Organization\"],\"@id\":\"https:\\\/\\\/tonalibus.org\\\/de\\\/#\\\/schema\\\/person\\\/749261d7bc96d1f00127273f83ab96a4\",\"name\":\"Ulrico\",\"image\":{\"@type\":\"ImageObject\",\"inLanguage\":\"fr-FR\",\"@id\":\"https:\\\/\\\/tonalibus.org\\\/wp-content\\\/uploads\\\/2020\\\/06\\\/uli-pix.jpg\",\"url\":\"https:\\\/\\\/tonalibus.org\\\/wp-content\\\/uploads\\\/2020\\\/06\\\/uli-pix.jpg\",\"contentUrl\":\"https:\\\/\\\/tonalibus.org\\\/wp-content\\\/uploads\\\/2020\\\/06\\\/uli-pix.jpg\",\"width\":960,\"height\":720,\"caption\":\"Ulrico\"},\"logo\":{\"@id\":\"https:\\\/\\\/tonalibus.org\\\/wp-content\\\/uploads\\\/2020\\\/06\\\/uli-pix.jpg\"},\"sameAs\":[\"https:\\\/\\\/tonalibus.cyon.site\"]}]}<\/script>\n<!-- \/ Yoast SEO plugin. -->","yoast_head_json":{"title":"Boucles PentaNaReach - TONALIBUS Harmonie et tonalit\u00e9s","description":"Cette page pr\u00e9sente des boucles PentaNaReach, une pentatonalit\u00e9 \u00e9tendue. Les boucles de tonalit\u00e9 peuvent \u00eatre utilis\u00e9es comme mantra sonore pour la contemplation ou la m\u00e9ditation.","robots":{"index":"index","follow":"follow","max-snippet":"max-snippet:-1","max-image-preview":"max-image-preview:large","max-video-preview":"max-video-preview:-1"},"canonical":"https:\/\/tonalibus.org\/fr\/tonalities\/pentatonalities\/pentanareach\/pentanareach-loops\/","og_locale":"fr_FR","og_type":"article","og_title":"PentaNaReach loops &#8211; TONALIBUS Harmony and Tonalities","og_description":"This page features PentaNaReach loops, an extended pentatonality. Tonality loops may be used as sound mantra for contemplation or meditation.","og_url":"https:\/\/tonalibus.org\/fr\/tonalities\/pentatonalities\/pentanareach\/pentanareach-loops\/","og_site_name":"TONALIBUS","article_modified_time":"2023-01-24T07:09:20+00:00","og_image":[{"url":"https:\/\/tonalibus.org\/wp-content\/uploads\/2023\/01\/20220515_202745414_iOS-cv-cmp-1024x534.jpg","type":"","width":"","height":""}],"twitter_card":"summary_large_image","twitter_misc":{"Dur\u00e9e de lecture estim\u00e9e":"1 minute"},"schema":{"@context":"https:\/\/schema.org","@graph":[{"@type":"WebPage","@id":"https:\/\/tonalibus.org\/tonalities\/pentatonalities\/pentanareach\/pentanareach-loops\/","url":"https:\/\/tonalibus.org\/tonalities\/pentatonalities\/pentanareach\/pentanareach-loops\/","name":"Boucles PentaNaReach - TONALIBUS Harmonie et tonalit\u00e9s","isPartOf":{"@id":"https:\/\/tonalibus.org\/de\/#website"},"primaryImageOfPage":{"@id":"https:\/\/tonalibus.org\/tonalities\/pentatonalities\/pentanareach\/pentanareach-loops\/#primaryimage"},"image":{"@id":"https:\/\/tonalibus.org\/tonalities\/pentatonalities\/pentanareach\/pentanareach-loops\/#primaryimage"},"thumbnailUrl":"https:\/\/tonalibus.org\/wp-content\/uploads\/2023\/01\/20220515_202745414_iOS-cv-cmp-1024x534.jpg","datePublished":"2023-01-24T07:09:18+00:00","dateModified":"2023-01-24T07:09:20+00:00","description":"Cette page pr\u00e9sente des boucles PentaNaReach, une pentatonalit\u00e9 \u00e9tendue. Les boucles de tonalit\u00e9 peuvent \u00eatre utilis\u00e9es comme mantra sonore pour la contemplation ou la m\u00e9ditation.","breadcrumb":{"@id":"https:\/\/tonalibus.org\/tonalities\/pentatonalities\/pentanareach\/pentanareach-loops\/#breadcrumb"},"inLanguage":"fr-FR","potentialAction":[{"@type":"ReadAction","target":["https:\/\/tonalibus.org\/tonalities\/pentatonalities\/pentanareach\/pentanareach-loops\/"]}]},{"@type":"ImageObject","inLanguage":"fr-FR","@id":"https:\/\/tonalibus.org\/tonalities\/pentatonalities\/pentanareach\/pentanareach-loops\/#primaryimage","url":"https:\/\/tonalibus.org\/wp-content\/uploads\/2023\/01\/20220515_202745414_iOS-cv-cmp-1024x534.jpg","contentUrl":"https:\/\/tonalibus.org\/wp-content\/uploads\/2023\/01\/20220515_202745414_iOS-cv-cmp-1024x534.jpg"},{"@type":"BreadcrumbList","@id":"https:\/\/tonalibus.org\/tonalities\/pentatonalities\/pentanareach\/pentanareach-loops\/#breadcrumb","itemListElement":[{"@type":"ListItem","position":1,"name":"Home","item":"https:\/\/tonalibus.org\/"},{"@type":"ListItem","position":2,"name":"Tonalities","item":"https:\/\/tonalibus.org\/tonalities\/"},{"@type":"ListItem","position":3,"name":"Pentatonalities and Tetratonality","item":"https:\/\/tonalibus.org\/tonalities\/pentatonalities\/"},{"@type":"ListItem","position":4,"name":"PentaNaReach","item":"https:\/\/tonalibus.org\/tonalities\/pentatonalities\/pentanareach\/"},{"@type":"ListItem","position":5,"name":"PentaNaReach loops"}]},{"@type":"WebSite","@id":"https:\/\/tonalibus.org\/de\/#website","url":"https:\/\/tonalibus.org\/de\/","name":"TONALIBUS","description":"Harmonie et tonalit\u00e9s ancr\u00e9es","publisher":{"@id":"https:\/\/tonalibus.org\/de\/#\/schema\/person\/749261d7bc96d1f00127273f83ab96a4"},"potentialAction":[{"@type":"SearchAction","target":{"@type":"EntryPoint","urlTemplate":"https:\/\/tonalibus.org\/de\/?s={search_term_string}"},"query-input":{"@type":"PropertyValueSpecification","valueRequired":true,"valueName":"search_term_string"}}],"inLanguage":"fr-FR"},{"@type":["Person","Organization"],"@id":"https:\/\/tonalibus.org\/de\/#\/schema\/person\/749261d7bc96d1f00127273f83ab96a4","name":"Ulrico","image":{"@type":"ImageObject","inLanguage":"fr-FR","@id":"https:\/\/tonalibus.org\/wp-content\/uploads\/2020\/06\/uli-pix.jpg","url":"https:\/\/tonalibus.org\/wp-content\/uploads\/2020\/06\/uli-pix.jpg","contentUrl":"https:\/\/tonalibus.org\/wp-content\/uploads\/2020\/06\/uli-pix.jpg","width":960,"height":720,"caption":"Ulrico"},"logo":{"@id":"https:\/\/tonalibus.org\/wp-content\/uploads\/2020\/06\/uli-pix.jpg"},"sameAs":["https:\/\/tonalibus.cyon.site"]}]}},"_links":{"self":[{"href":"https:\/\/tonalibus.org\/fr\/wp-json\/wp\/v2\/pages\/22891","targetHints":{"allow":["GET"]}}],"collection":[{"href":"https:\/\/tonalibus.org\/fr\/wp-json\/wp\/v2\/pages"}],"about":[{"href":"https:\/\/tonalibus.org\/fr\/wp-json\/wp\/v2\/types\/page"}],"author":[{"embeddable":true,"href":"https:\/\/tonalibus.org\/fr\/wp-json\/wp\/v2\/users\/1"}],"replies":[{"embeddable":true,"href":"https:\/\/tonalibus.org\/fr\/wp-json\/wp\/v2\/comments?post=22891"}],"version-history":[{"count":0,"href":"https:\/\/tonalibus.org\/fr\/wp-json\/wp\/v2\/pages\/22891\/revisions"}],"up":[{"embeddable":true,"href":"https:\/\/tonalibus.org\/fr\/wp-json\/wp\/v2\/pages\/22875"}],"wp:attachment":[{"href":"https:\/\/tonalibus.org\/fr\/wp-json\/wp\/v2\/media?parent=22891"}],"curies":[{"name":"wp","href":"https:\/\/api.w.org\/{rel}","templated":true}]}}