{"id":22980,"date":"2023-01-24T15:03:41","date_gmt":"2023-01-24T14:03:41","guid":{"rendered":"https:\/\/tonalibus.org\/?page_id=22980"},"modified":"2023-10-24T19:52:37","modified_gmt":"2023-10-24T17:52:37","slug":"cormix-loops","status":"publish","type":"page","link":"https:\/\/tonalibus.org\/fr\/tonalities\/reach-or-harmonic-heptatonalities\/cormix\/cormix-loops\/","title":{"rendered":"CorMix en loop"},"content":{"rendered":"<h2 class=\"wp-block-heading has-text-color\" style=\"color:#f7b320\">\u00c9chantillons sonores en loop de <a href=\"https:\/\/tonalibus.org\/fr\/tonalities\/reach-or-harmonic-heptatonalities\/cormix\/\"><mark style=\"background-color:rgba(0, 0, 0, 0);color:#f7b320\" class=\"has-inline-color\">CorMix<\/mark><\/a>, une <a href=\"https:\/\/tonalibus.org\/fr\/tonalities\/reach-or-harmonic-heptatonalities\/#Locor-Cor\"><mark style=\"background-color:rgba(0, 0, 0, 0);color:#f7b320\" class=\"has-inline-color\"><\/mark><mark style=\"background-color:rgba(0, 0, 0, 0);color:#f7b320\" class=\"has-inline-color\"><\/mark><mark style=\"background-color:rgba(0, 0, 0, 0);color:#f7b320\" class=\"has-inline-color\">heptatonalit\u00e9 Reach Locor \/ Cor<\/mark><\/a><\/h2>\n\n\n\n<figure class=\"wp-block-audio\"><audio controls src=\"https:\/\/tonalibus.org\/wp-content\/uploads\/2023\/10\/2023-10-24-8GTINGTA.mp3\" loop preload=\"metadata\"><\/audio><figcaption class=\"wp-element-caption\"><mark style=\"background-color:rgba(0, 0, 0, 0);color:#f7b320\" class=\"has-inline-color\"><mark style=\"background-color:rgba(0, 0, 0, 0);color:#f7b320\" class=\"has-inline-color\">4)<mark style=\"background-color:rgba(0, 0, 0, 0);color:#f7b320\" class=\"has-inline-color\"><mark style=\"background-color:rgba(0, 0, 0, 0);color:#f7b320\" class=\"has-inline-color\"><mark style=\"background-color:rgba(0, 0, 0, 0);color:#f7b320\" class=\"has-inline-color\"><mark style=\"background-color:rgba(0, 0, 0, 0);color:#f7b320\" class=\"has-inline-color\"><mark style=\"background-color:rgba(0, 0, 0, 0);color:#f7b320\" class=\"has-inline-color\"> <mark style=\"background-color:rgba(0, 0, 0, 0);color:#f7b320\" class=\"has-inline-color\"> <mark style=\"background-color:rgba(0, 0, 0, 0);color:#f7b320\" class=\"has-inline-color\">CorMix<\/mark><\/mark> <\/mark><\/mark>\u2013 \u00e9chantillon sonore \u00e9tendu, tr\u00e8s calme \u2013 guitare \u00e0 8 cordes, cymbales tingsha, tanpura \u2013 oct. 2023 \u2013 3:44 loop<\/mark><\/mark><\/mark><\/mark><\/mark><\/figcaption><\/figure>\n\n\n\n<figure class=\"wp-block-audio\"><audio controls src=\"https:\/\/tonalibus.org\/wp-content\/uploads\/2023\/02\/2023-01-30-CORMIX-XTRA-CALM.mp3\" loop preload=\"metadata\"><\/audio><figcaption class=\"wp-element-caption\"><mark style=\"background-color:rgba(0, 0, 0, 0);color:#f7b320\" class=\"has-inline-color\"><mark style=\"background-color:rgba(0, 0, 0, 0);color:#f7b320\" class=\"has-inline-color\">3)<mark style=\"background-color:rgba(0, 0, 0, 0);color:#f7b320\" class=\"has-inline-color\"><mark style=\"background-color:rgba(0, 0, 0, 0);color:#f7b320\" class=\"has-inline-color\"><mark style=\"background-color:rgba(0, 0, 0, 0);color:#f7b320\" class=\"has-inline-color\"><mark style=\"background-color:rgba(0, 0, 0, 0);color:#f7b320\" class=\"has-inline-color\"><mark style=\"background-color:rgba(0, 0, 0, 0);color:#f7b320\" class=\"has-inline-color\"> <mark style=\"background-color:rgba(0, 0, 0, 0);color:#f7b320\" class=\"has-inline-color\"> <mark style=\"background-color:rgba(0, 0, 0, 0);color:#f7b320\" class=\"has-inline-color\">CorMix<\/mark><\/mark> <\/mark><\/mark>\u2013 \u00e9chantillon sonore extra, calme \u2013 4:16 loop<\/mark><\/mark><\/mark><\/mark><\/mark><\/figcaption><\/figure>\n\n\n\n<figure class=\"wp-block-audio\"><audio controls src=\"https:\/\/tonalibus.org\/wp-content\/uploads\/2023\/02\/2023-01-30-CORMIX-CALM.mp3\" loop preload=\"metadata\"><\/audio><figcaption class=\"wp-element-caption\"><mark style=\"background-color:rgba(0, 0, 0, 0);color:#f7b320\" class=\"has-inline-color\"><mark style=\"background-color:rgba(0, 0, 0, 0);color:#f7b320\" class=\"has-inline-color\">2)<mark style=\"background-color:rgba(0, 0, 0, 0);color:#f7b320\" class=\"has-inline-color\"><mark style=\"background-color:rgba(0, 0, 0, 0);color:#f7b320\" class=\"has-inline-color\"><mark style=\"background-color:rgba(0, 0, 0, 0);color:#f7b320\" class=\"has-inline-color\"><mark style=\"background-color:rgba(0, 0, 0, 0);color:#f7b320\" class=\"has-inline-color\"><mark style=\"background-color:rgba(0, 0, 0, 0);color:#f7b320\" class=\"has-inline-color\"> <mark style=\"background-color:rgba(0, 0, 0, 0);color:#f7b320\" class=\"has-inline-color\"> <mark style=\"background-color:rgba(0, 0, 0, 0);color:#f7b320\" class=\"has-inline-color\">CorMix<\/mark><\/mark> <\/mark><\/mark>\u2013 \u00e9chantillon sonore calme \u2013 2:47 loop<\/mark><\/mark><\/mark><\/mark><\/mark><\/figcaption><\/figure>\n\n\n\n<figure class=\"wp-block-audio\"><audio controls src=\"https:\/\/tonalibus.org\/wp-content\/uploads\/2023\/02\/2023-01-30-CORMIX-RHYTHM.mp3\" loop preload=\"metadata\"><\/audio><figcaption class=\"wp-element-caption\"><mark style=\"background-color:rgba(0, 0, 0, 0);color:#f7b320\" class=\"has-inline-color\">1)<mark style=\"background-color:rgba(0, 0, 0, 0);color:#f7b320\" class=\"has-inline-color\"><mark style=\"background-color:rgba(0, 0, 0, 0);color:#f7b320\" class=\"has-inline-color\"><mark style=\"background-color:rgba(0, 0, 0, 0);color:#f7b320\" class=\"has-inline-color\"><mark style=\"background-color:rgba(0, 0, 0, 0);color:#f7b320\" class=\"has-inline-color\"><mark style=\"background-color:rgba(0, 0, 0, 0);color:#f7b320\" class=\"has-inline-color\"> <mark style=\"background-color:rgba(0, 0, 0, 0);color:#f7b320\" class=\"has-inline-color\"> <mark style=\"background-color:rgba(0, 0, 0, 0);color:#f7b320\" class=\"has-inline-color\">CorMix<\/mark> <\/mark><\/mark>\u2013 \u00e9chantillon sonore rythmique \u2013 3:02 loop<\/mark><\/mark><\/mark><\/mark><\/mark><\/figcaption><\/figure>\n\n\n\n<div style=\"height:24px\" aria-hidden=\"true\" class=\"wp-block-spacer\"><\/div>\n\n\n\n<p class=\"has-text-color\" style=\"color:#f7b320\">Bienvenue \u00e0 CorMix en loop !<\/p>\n\n\n\n<p class=\"has-text-color\" style=\"color:#f7b320\">Vous pouvez bien appr\u00e9cier un \u00e9chantillon sonore ou un loop de tonalit\u00e9 comme mantra sonore pour <a href=\"https:\/\/fr.wikipedia.org\/wiki\/Contemplation\" target=\"_blank\" rel=\"noreferrer noopener\"><mark style=\"background-color:rgba(0, 0, 0, 0);color:#f7b320\" class=\"has-inline-color\">la contemplation<\/mark><\/a> ou <a href=\"https:\/\/fr.wikipedia.org\/wiki\/M\u00e9ditation\" target=\"_blank\" rel=\"noreferrer noopener\"><mark style=\"background-color:rgba(0, 0, 0, 0);color:#f7b320\" class=\"has-inline-color\">la m\u00e9ditation<\/mark><\/a>. Ceci pourrait vous aider \u00e0 vous soulever, \u00e0 vous purifier et \u00e0 vous concentrer. Vous pouvez aussi l'utiliser simplement comme un fond sonore apaisant pour la relaxation et la r\u00e9g\u00e9n\u00e9ration. Si vous souhaitez fredonner, psalmodier ou chanter, vous pourriez le faire en choisissant une syllabe spirituellement charg\u00e9e telle que <em><a href=\"https:\/\/tonalibus.org\/fr\/about-tonalibus\/hu-mantra-of-soul\/\"><mark style=\"background-color:rgba(0, 0, 0, 0);color:#f7b320\" class=\"has-inline-color\">HU<\/mark><\/a><\/em> ou <a href=\"https:\/\/fr.wikipedia.org\/wiki\/Om\u0310\" target=\"_blank\" rel=\"noreferrer noopener\"><mark style=\"background-color:rgba(0, 0, 0, 0);color:#f7b320\" class=\"has-inline-color\"><em>\u014c\u1e43<\/em> \/ Aum<\/mark><\/a> \u0950, ou une autre syllabe de mantra qui vous convient.<\/p>\n\n\n\n<div style=\"height:28px\" aria-hidden=\"true\" class=\"wp-block-spacer\"><\/div>\n\n\n\n<figure class=\"wp-block-image size-large\"><img loading=\"lazy\" decoding=\"async\" width=\"1024\" height=\"534\" src=\"https:\/\/tonalibus.org\/wp-content\/uploads\/2023\/01\/20220515_202745414_iOS-cv-cmp-1024x534.jpg\" alt=\"CorMix loops\" class=\"wp-image-22350\" srcset=\"https:\/\/tonalibus.org\/wp-content\/uploads\/2023\/01\/20220515_202745414_iOS-cv-cmp-1024x534.jpg 1024w, https:\/\/tonalibus.org\/wp-content\/uploads\/2023\/01\/20220515_202745414_iOS-cv-cmp-300x156.jpg 300w, https:\/\/tonalibus.org\/wp-content\/uploads\/2023\/01\/20220515_202745414_iOS-cv-cmp-768x400.jpg 768w, https:\/\/tonalibus.org\/wp-content\/uploads\/2023\/01\/20220515_202745414_iOS-cv-cmp-1536x801.jpg 1536w, https:\/\/tonalibus.org\/wp-content\/uploads\/2023\/01\/20220515_202745414_iOS-cv-cmp-2048x1068.jpg 2048w, https:\/\/tonalibus.org\/wp-content\/uploads\/2023\/01\/20220515_202745414_iOS-cv-cmp-18x9.jpg 18w, https:\/\/tonalibus.org\/wp-content\/uploads\/2023\/01\/20220515_202745414_iOS-cv-cmp-1320x688.jpg 1320w\" sizes=\"auto, (max-width: 706px) 89vw, (max-width: 767px) 82vw, 740px\" \/><figcaption class=\"wp-element-caption\">Feu anim\u00e9 dans le jardin, permettant \u00e0 l'esprit de s'envoler librement \u2013 mai 2022 \u2013 Gr\u00e4chwil, Suisse<\/figcaption><\/figure>","protected":false},"excerpt":{"rendered":"<p>Boucles d'\u00e9chantillons sonores de CorMix, une heptatonalit\u00e9 Locor \/ Cor Reach Bienvenue sur les boucles de CorMix ! Vous pouvez appr\u00e9cier un \u00e9chantillon sonore ou une boucle de tonalit\u00e9 comme mantra sonore pour la contemplation ou la m\u00e9ditation. Cela peut vous aider \u00e0 vous \u00e9lever, \u00e0 vous purifier et \u00e0 vous concentrer. Vous pouvez \u00e9galement l'utiliser comme fond sonore apaisant pour vous d\u00e9tendre et vous r\u00e9g\u00e9n\u00e9rer. Si vous ... <\/p>\n<p class=\"link-more\"><a href=\"https:\/\/tonalibus.org\/fr\/tonalities\/reach-or-harmonic-heptatonalities\/cormix\/cormix-loops\/\" class=\"more-link\">Continuer la lecture<span class=\"screen-reader-text\"> de \" Boucles CorMix \"<\/span><\/a><\/p>","protected":false},"author":1,"featured_media":0,"parent":22931,"menu_order":0,"comment_status":"closed","ping_status":"closed","template":"","meta":{"footnotes":""},"class_list":["post-22980","page","type-page","status-publish","hentry"],"yoast_head":"<!-- This site is optimized with the Yoast SEO plugin v27.6 - https:\/\/yoast.com\/product\/yoast-seo-wordpress\/ -->\n<title>CorMix loops &#8211; TONALIBUS, Anchored Harmony and Tonalities<\/title>\n<meta name=\"description\" content=\"This page features CorMix loops, a Locor \/ Cor Reach heptatonality. Tonality loops may be used as sound mantra for meditation.\" \/>\n<meta name=\"robots\" content=\"index, follow, max-snippet:-1, max-image-preview:large, max-video-preview:-1\" \/>\n<link rel=\"canonical\" href=\"https:\/\/tonalibus.org\/fr\/tonalities\/reach-or-harmonic-heptatonalities\/cormix\/cormix-loops\/\" \/>\n<meta property=\"og:locale\" content=\"fr_FR\" \/>\n<meta property=\"og:type\" content=\"article\" \/>\n<meta property=\"og:title\" content=\"CorMix loops &#8211; TONALIBUS, Anchored Harmony and Tonalities\" \/>\n<meta property=\"og:description\" content=\"This page features CorMix loops, a Locor \/ Cor Reach heptatonality. Tonality loops may be used as sound mantra for meditation.\" \/>\n<meta property=\"og:url\" content=\"https:\/\/tonalibus.org\/fr\/tonalities\/reach-or-harmonic-heptatonalities\/cormix\/cormix-loops\/\" \/>\n<meta property=\"og:site_name\" content=\"TONALIBUS\" \/>\n<meta property=\"article:modified_time\" content=\"2023-10-24T17:52:37+00:00\" \/>\n<meta property=\"og:image\" content=\"https:\/\/tonalibus.org\/wp-content\/uploads\/2023\/01\/20220515_202745414_iOS-cv-cmp-1024x534.jpg\" \/>\n<meta name=\"twitter:card\" content=\"summary_large_image\" \/>\n<meta name=\"twitter:label1\" content=\"Dur\u00e9e de lecture estim\u00e9e\" \/>\n\t<meta name=\"twitter:data1\" content=\"1 minute\" \/>\n<script type=\"application\/ld+json\" class=\"yoast-schema-graph\">{\"@context\":\"https:\\\/\\\/schema.org\",\"@graph\":[{\"@type\":\"WebPage\",\"@id\":\"https:\\\/\\\/tonalibus.org\\\/tonalities\\\/reach-or-harmonic-heptatonalities\\\/cormix\\\/cormix-loops\\\/\",\"url\":\"https:\\\/\\\/tonalibus.org\\\/tonalities\\\/reach-or-harmonic-heptatonalities\\\/cormix\\\/cormix-loops\\\/\",\"name\":\"CorMix loops &#8211; TONALIBUS, Anchored Harmony and Tonalities\",\"isPartOf\":{\"@id\":\"https:\\\/\\\/tonalibus.org\\\/de\\\/#website\"},\"primaryImageOfPage\":{\"@id\":\"https:\\\/\\\/tonalibus.org\\\/tonalities\\\/reach-or-harmonic-heptatonalities\\\/cormix\\\/cormix-loops\\\/#primaryimage\"},\"image\":{\"@id\":\"https:\\\/\\\/tonalibus.org\\\/tonalities\\\/reach-or-harmonic-heptatonalities\\\/cormix\\\/cormix-loops\\\/#primaryimage\"},\"thumbnailUrl\":\"https:\\\/\\\/tonalibus.org\\\/wp-content\\\/uploads\\\/2023\\\/01\\\/20220515_202745414_iOS-cv-cmp-1024x534.jpg\",\"datePublished\":\"2023-01-24T14:03:41+00:00\",\"dateModified\":\"2023-10-24T17:52:37+00:00\",\"description\":\"This page features CorMix loops, a Locor \\\/ Cor Reach heptatonality. Tonality loops may be used as sound mantra for meditation.\",\"breadcrumb\":{\"@id\":\"https:\\\/\\\/tonalibus.org\\\/tonalities\\\/reach-or-harmonic-heptatonalities\\\/cormix\\\/cormix-loops\\\/#breadcrumb\"},\"inLanguage\":\"fr-FR\",\"potentialAction\":[{\"@type\":\"ReadAction\",\"target\":[\"https:\\\/\\\/tonalibus.org\\\/tonalities\\\/reach-or-harmonic-heptatonalities\\\/cormix\\\/cormix-loops\\\/\"]}]},{\"@type\":\"ImageObject\",\"inLanguage\":\"fr-FR\",\"@id\":\"https:\\\/\\\/tonalibus.org\\\/tonalities\\\/reach-or-harmonic-heptatonalities\\\/cormix\\\/cormix-loops\\\/#primaryimage\",\"url\":\"https:\\\/\\\/tonalibus.org\\\/wp-content\\\/uploads\\\/2023\\\/01\\\/20220515_202745414_iOS-cv-cmp-1024x534.jpg\",\"contentUrl\":\"https:\\\/\\\/tonalibus.org\\\/wp-content\\\/uploads\\\/2023\\\/01\\\/20220515_202745414_iOS-cv-cmp-1024x534.jpg\"},{\"@type\":\"BreadcrumbList\",\"@id\":\"https:\\\/\\\/tonalibus.org\\\/tonalities\\\/reach-or-harmonic-heptatonalities\\\/cormix\\\/cormix-loops\\\/#breadcrumb\",\"itemListElement\":[{\"@type\":\"ListItem\",\"position\":1,\"name\":\"Home\",\"item\":\"https:\\\/\\\/tonalibus.org\\\/\"},{\"@type\":\"ListItem\",\"position\":2,\"name\":\"Tonalities\",\"item\":\"https:\\\/\\\/tonalibus.org\\\/tonalities\\\/\"},{\"@type\":\"ListItem\",\"position\":3,\"name\":\"Reach (or Harmonic) Heptatonalities\",\"item\":\"https:\\\/\\\/tonalibus.org\\\/tonalities\\\/reach-or-harmonic-heptatonalities\\\/\"},{\"@type\":\"ListItem\",\"position\":4,\"name\":\"CorMix\",\"item\":\"https:\\\/\\\/tonalibus.org\\\/tonalities\\\/reach-or-harmonic-heptatonalities\\\/cormix\\\/\"},{\"@type\":\"ListItem\",\"position\":5,\"name\":\"CorMix loops\"}]},{\"@type\":\"WebSite\",\"@id\":\"https:\\\/\\\/tonalibus.org\\\/de\\\/#website\",\"url\":\"https:\\\/\\\/tonalibus.org\\\/de\\\/\",\"name\":\"TONALIBUS\",\"description\":\"Anchored Harmony and Tonalities\",\"publisher\":{\"@id\":\"https:\\\/\\\/tonalibus.org\\\/de\\\/#\\\/schema\\\/person\\\/749261d7bc96d1f00127273f83ab96a4\"},\"potentialAction\":[{\"@type\":\"SearchAction\",\"target\":{\"@type\":\"EntryPoint\",\"urlTemplate\":\"https:\\\/\\\/tonalibus.org\\\/de\\\/?s={search_term_string}\"},\"query-input\":{\"@type\":\"PropertyValueSpecification\",\"valueRequired\":true,\"valueName\":\"search_term_string\"}}],\"inLanguage\":\"fr-FR\"},{\"@type\":[\"Person\",\"Organization\"],\"@id\":\"https:\\\/\\\/tonalibus.org\\\/de\\\/#\\\/schema\\\/person\\\/749261d7bc96d1f00127273f83ab96a4\",\"name\":\"Ulrico\",\"image\":{\"@type\":\"ImageObject\",\"inLanguage\":\"fr-FR\",\"@id\":\"https:\\\/\\\/tonalibus.org\\\/wp-content\\\/uploads\\\/2020\\\/06\\\/uli-pix.jpg\",\"url\":\"https:\\\/\\\/tonalibus.org\\\/wp-content\\\/uploads\\\/2020\\\/06\\\/uli-pix.jpg\",\"contentUrl\":\"https:\\\/\\\/tonalibus.org\\\/wp-content\\\/uploads\\\/2020\\\/06\\\/uli-pix.jpg\",\"width\":960,\"height\":720,\"caption\":\"Ulrico\"},\"logo\":{\"@id\":\"https:\\\/\\\/tonalibus.org\\\/wp-content\\\/uploads\\\/2020\\\/06\\\/uli-pix.jpg\"},\"sameAs\":[\"https:\\\/\\\/tonalibus.cyon.site\"]}]}<\/script>\n<!-- \/ Yoast SEO plugin. -->","yoast_head_json":{"title":"Boucles CorMix - TONALIBUS, Anchored Harmony and Tonalities","description":"Cette page pr\u00e9sente des boucles CorMix, une heptatonalit\u00e9 Locor \/ Cor Reach. Les boucles de tonalit\u00e9 peuvent \u00eatre utilis\u00e9es comme mantra sonore pour la m\u00e9ditation.","robots":{"index":"index","follow":"follow","max-snippet":"max-snippet:-1","max-image-preview":"max-image-preview:large","max-video-preview":"max-video-preview:-1"},"canonical":"https:\/\/tonalibus.org\/fr\/tonalities\/reach-or-harmonic-heptatonalities\/cormix\/cormix-loops\/","og_locale":"fr_FR","og_type":"article","og_title":"CorMix loops &#8211; TONALIBUS, Anchored Harmony and Tonalities","og_description":"This page features CorMix loops, a Locor \/ Cor Reach heptatonality. Tonality loops may be used as sound mantra for meditation.","og_url":"https:\/\/tonalibus.org\/fr\/tonalities\/reach-or-harmonic-heptatonalities\/cormix\/cormix-loops\/","og_site_name":"TONALIBUS","article_modified_time":"2023-10-24T17:52:37+00:00","og_image":[{"url":"https:\/\/tonalibus.org\/wp-content\/uploads\/2023\/01\/20220515_202745414_iOS-cv-cmp-1024x534.jpg","type":"","width":"","height":""}],"twitter_card":"summary_large_image","twitter_misc":{"Dur\u00e9e de lecture estim\u00e9e":"1 minute"},"schema":{"@context":"https:\/\/schema.org","@graph":[{"@type":"WebPage","@id":"https:\/\/tonalibus.org\/tonalities\/reach-or-harmonic-heptatonalities\/cormix\/cormix-loops\/","url":"https:\/\/tonalibus.org\/tonalities\/reach-or-harmonic-heptatonalities\/cormix\/cormix-loops\/","name":"Boucles CorMix - TONALIBUS, Anchored Harmony and Tonalities","isPartOf":{"@id":"https:\/\/tonalibus.org\/de\/#website"},"primaryImageOfPage":{"@id":"https:\/\/tonalibus.org\/tonalities\/reach-or-harmonic-heptatonalities\/cormix\/cormix-loops\/#primaryimage"},"image":{"@id":"https:\/\/tonalibus.org\/tonalities\/reach-or-harmonic-heptatonalities\/cormix\/cormix-loops\/#primaryimage"},"thumbnailUrl":"https:\/\/tonalibus.org\/wp-content\/uploads\/2023\/01\/20220515_202745414_iOS-cv-cmp-1024x534.jpg","datePublished":"2023-01-24T14:03:41+00:00","dateModified":"2023-10-24T17:52:37+00:00","description":"Cette page pr\u00e9sente des boucles CorMix, une heptatonalit\u00e9 Locor \/ Cor Reach. Les boucles de tonalit\u00e9 peuvent \u00eatre utilis\u00e9es comme mantra sonore pour la m\u00e9ditation.","breadcrumb":{"@id":"https:\/\/tonalibus.org\/tonalities\/reach-or-harmonic-heptatonalities\/cormix\/cormix-loops\/#breadcrumb"},"inLanguage":"fr-FR","potentialAction":[{"@type":"ReadAction","target":["https:\/\/tonalibus.org\/tonalities\/reach-or-harmonic-heptatonalities\/cormix\/cormix-loops\/"]}]},{"@type":"ImageObject","inLanguage":"fr-FR","@id":"https:\/\/tonalibus.org\/tonalities\/reach-or-harmonic-heptatonalities\/cormix\/cormix-loops\/#primaryimage","url":"https:\/\/tonalibus.org\/wp-content\/uploads\/2023\/01\/20220515_202745414_iOS-cv-cmp-1024x534.jpg","contentUrl":"https:\/\/tonalibus.org\/wp-content\/uploads\/2023\/01\/20220515_202745414_iOS-cv-cmp-1024x534.jpg"},{"@type":"BreadcrumbList","@id":"https:\/\/tonalibus.org\/tonalities\/reach-or-harmonic-heptatonalities\/cormix\/cormix-loops\/#breadcrumb","itemListElement":[{"@type":"ListItem","position":1,"name":"Home","item":"https:\/\/tonalibus.org\/"},{"@type":"ListItem","position":2,"name":"Tonalities","item":"https:\/\/tonalibus.org\/tonalities\/"},{"@type":"ListItem","position":3,"name":"Reach (or Harmonic) Heptatonalities","item":"https:\/\/tonalibus.org\/tonalities\/reach-or-harmonic-heptatonalities\/"},{"@type":"ListItem","position":4,"name":"CorMix","item":"https:\/\/tonalibus.org\/tonalities\/reach-or-harmonic-heptatonalities\/cormix\/"},{"@type":"ListItem","position":5,"name":"CorMix loops"}]},{"@type":"WebSite","@id":"https:\/\/tonalibus.org\/de\/#website","url":"https:\/\/tonalibus.org\/de\/","name":"TONALIBUS","description":"Harmonie et tonalit\u00e9s ancr\u00e9es","publisher":{"@id":"https:\/\/tonalibus.org\/de\/#\/schema\/person\/749261d7bc96d1f00127273f83ab96a4"},"potentialAction":[{"@type":"SearchAction","target":{"@type":"EntryPoint","urlTemplate":"https:\/\/tonalibus.org\/de\/?s={search_term_string}"},"query-input":{"@type":"PropertyValueSpecification","valueRequired":true,"valueName":"search_term_string"}}],"inLanguage":"fr-FR"},{"@type":["Person","Organization"],"@id":"https:\/\/tonalibus.org\/de\/#\/schema\/person\/749261d7bc96d1f00127273f83ab96a4","name":"Ulrico","image":{"@type":"ImageObject","inLanguage":"fr-FR","@id":"https:\/\/tonalibus.org\/wp-content\/uploads\/2020\/06\/uli-pix.jpg","url":"https:\/\/tonalibus.org\/wp-content\/uploads\/2020\/06\/uli-pix.jpg","contentUrl":"https:\/\/tonalibus.org\/wp-content\/uploads\/2020\/06\/uli-pix.jpg","width":960,"height":720,"caption":"Ulrico"},"logo":{"@id":"https:\/\/tonalibus.org\/wp-content\/uploads\/2020\/06\/uli-pix.jpg"},"sameAs":["https:\/\/tonalibus.cyon.site"]}]}},"_links":{"self":[{"href":"https:\/\/tonalibus.org\/fr\/wp-json\/wp\/v2\/pages\/22980","targetHints":{"allow":["GET"]}}],"collection":[{"href":"https:\/\/tonalibus.org\/fr\/wp-json\/wp\/v2\/pages"}],"about":[{"href":"https:\/\/tonalibus.org\/fr\/wp-json\/wp\/v2\/types\/page"}],"author":[{"embeddable":true,"href":"https:\/\/tonalibus.org\/fr\/wp-json\/wp\/v2\/users\/1"}],"replies":[{"embeddable":true,"href":"https:\/\/tonalibus.org\/fr\/wp-json\/wp\/v2\/comments?post=22980"}],"version-history":[{"count":0,"href":"https:\/\/tonalibus.org\/fr\/wp-json\/wp\/v2\/pages\/22980\/revisions"}],"up":[{"embeddable":true,"href":"https:\/\/tonalibus.org\/fr\/wp-json\/wp\/v2\/pages\/22931"}],"wp:attachment":[{"href":"https:\/\/tonalibus.org\/fr\/wp-json\/wp\/v2\/media?parent=22980"}],"curies":[{"name":"wp","href":"https:\/\/api.w.org\/{rel}","templated":true}]}}