{"id":23858,"date":"2023-02-16T10:48:53","date_gmt":"2023-02-16T09:48:53","guid":{"rendered":"https:\/\/tonalibus.org\/?page_id=23858"},"modified":"2023-12-25T22:08:22","modified_gmt":"2023-12-25T21:08:22","slug":"tonalibus-f-g-h-album","status":"publish","type":"page","link":"https:\/\/tonalibus.org\/fr\/shop\/tonalibus-f-g-h-album\/","title":{"rendered":"Tonalibus F, G, &amp; H \u2013 album"},"content":{"rendered":"<p class=\"has-text-color\" style=\"color:#f7b320\">L'album \u201cTonalibus F, G, &amp; H\u201d appara\u00eet mondialement sur de nombreuses plateformes musicales le 2 mars 2023, offrant 25 improvisations m\u00e9ditatives de <a href=\"https:\/\/tonalibus.org\/fr\/about-tonalibus\/ulrico\/\"><mark style=\"background-color:rgba(0, 0, 0, 0);color:#f7b320\" class=\"has-inline-color\">Ulrico<\/mark><\/a>, couvrant 3\u00bd heures de musique apaisante et curative. <\/p>\n\n\n\n<div class=\"wp-block-buttons is-content-justification-center is-layout-flex wp-container-core-buttons-is-layout-16018d1d wp-block-buttons-is-layout-flex\">\n<div class=\"wp-block-button is-style-outline is-style-outline--1\"><a class=\"wp-block-button__link wp-element-button\" href=\"#pforms\">Les plateformes musicales<\/a><\/div>\n\n\n\n<div class=\"wp-block-button is-style-outline is-style-outline--2\"><a class=\"wp-block-button__link wp-element-button\" href=\"#tracks\">Les pistes de l'album<\/a><\/div>\n\n\n\n<div class=\"wp-block-button is-style-outline is-style-outline--3\"><a class=\"wp-block-button__link wp-element-button\" href=\"#cover\">La couverture de l'album<\/a><\/div>\n\n\n\n<div class=\"wp-block-button is-style-outline is-style-outline--4\"><a class=\"wp-block-button__link wp-element-button\" href=\"https:\/\/tonalibus.org\/fr\/shop\/playlists\/\">Playlists<\/a><\/div>\n<\/div>\n\n\n\n<div style=\"height:50px\" aria-hidden=\"true\" class=\"wp-block-spacer\"><\/div>\n\n\n\n<p class=\"has-text-color\" style=\"color:#f7b320\">Cet album pr\u00e9sente des enregistrements du d\u00e9but de l'\u00e9t\u00e9 jusqu'\u00e0 la fin de 2022, de playlists F, G &amp; H. Le 28 novembre 2022, Tonalibus a d\u00e9j\u00e0 publi\u00e9 le titre #24 \u201cPhrygian HU \u2013 a meditative blues\u201d en tant que single. <\/p>\n\n\n\n<h2 class=\"wp-block-heading has-text-color\" id=\"pforms\" style=\"color:#f7b320\">Les plateformes de distribution musicale utilis\u00e9es<\/h2>\n\n\n\n<p class=\"has-text-color\" style=\"color:#f7b320\">Cette publication Tonalibus et d'autres sont disponibles sur les plateformes musicales suivantes. Certains de ces services musicaux sont limit\u00e9s \u00e0 des r\u00e9gions ou pays particuliers ou peuvent fournir de la musique internationale uniquement sur leur territoire. Les liens propos\u00e9s ci-dessous m\u00e8nent aux publications Tonalibus disponibles.<\/p>\n\n\n\n<ul class=\"wp-block-list\">\n<li><a href=\"https:\/\/open.spotify.com\/artist\/3JiD2vdPrQKW5cQ1kzVUfR?si=lxVEt0QvSbGfaokgnVPlhw&amp;dl_branch=1\" target=\"_blank\" rel=\"noreferrer noopener\"><mark style=\"background-color:rgba(0, 0, 0, 0);color:#f7b320\" class=\"has-inline-color\">Spotify<\/mark><\/a><mark style=\"background-color:rgba(0, 0, 0, 0);color:#f7b320\" class=\"has-inline-color\">, <\/mark><a href=\"https:\/\/www.deezer.com\/en\/artist\/136505382\" target=\"_blank\" rel=\"noreferrer noopener\"><mark style=\"background-color:rgba(0, 0, 0, 0);color:#f7b320\" class=\"has-inline-color\">Deezer<\/mark><\/a><mark style=\"background-color:rgba(0, 0, 0, 0);color:#f7b320\" class=\"has-inline-color\">, <\/mark><a href=\"https:\/\/www.boomplay.com\/search\/default\/ulrico\" target=\"_blank\" rel=\"noreferrer noopener\"><mark style=\"background-color:rgba(0, 0, 0, 0);color:#f7b320\" class=\"has-inline-color\">Boomplay<\/mark><\/a><mark style=\"background-color:rgba(0, 0, 0, 0);color:#f7b320\" class=\"has-inline-color\"><mark style=\"background-color:rgba(0, 0, 0, 0);color:#f7b320\" class=\"has-inline-color\">, <\/mark>et <\/mark><a href=\"https:\/\/music.youtube.com\/channel\/UCihsJzyNwheaIF6_KHl7iPg?feature=share\" target=\"_blank\" rel=\"noreferrer noopener\"><mark style=\"background-color:rgba(0, 0, 0, 0);color:#f7b320\" class=\"has-inline-color\">YouTube Music<\/mark><\/a><mark style=\"background-color:rgba(0, 0, 0, 0);color:#f7b320\" class=\"has-inline-color\"> \u2013 \u00e9coute en ligne gratuite, pour payement sans publicit\u00e9, etc.<\/mark><\/li>\n\n\n\n<li><a href=\"https:\/\/music.apple.com\/us\/artist\/ulrico\/1572759764\" target=\"_blank\" rel=\"noreferrer noopener\"><mark style=\"background-color:rgba(0, 0, 0, 0);color:#f7b320\" class=\"has-inline-color\">Apple Music \/ iTunes<\/mark><\/a><mark style=\"background-color:rgba(0, 0, 0, 0);color:#f7b320\" class=\"has-inline-color\">, <a href=\"https:\/\/www.kkbox.com\/sg\/sc\/artist\/HFnzgcp4zhE1k0F01oKRF08L-index-1.html\" target=\"_blank\" rel=\"noreferrer noopener\"><mark style=\"background-color:rgba(0, 0, 0, 0);color:#f7b320\" class=\"has-inline-color\">KKBox<\/mark><\/a> \u2013 \u00e9chantillons de 90 ou 30 secondes, pour paiement \u00e9coute en ligne ou t\u00e9l\u00e9charger<\/mark><\/li>\n\n\n\n<li><mark style=\"background-color:rgba(0, 0, 0, 0);color:#f7b320\" class=\"has-inline-color\">En plus : <\/mark><a href=\"https:\/\/www.amazon.com\/s?k=tonalibus+music\" target=\"_blank\" rel=\"noreferrer noopener\"><mark style=\"background-color:rgba(0, 0, 0, 0);color:#f7b320\" class=\"has-inline-color\">Amazon<\/mark><\/a><mark style=\"background-color:rgba(0, 0, 0, 0);color:#f7b320\" class=\"has-inline-color\">, <\/mark><a href=\"https:\/\/listen.tidal.com\/artist\/26118548\" target=\"_blank\" rel=\"noreferrer noopener\"><mark style=\"background-color:rgba(0, 0, 0, 0);color:#f7b320\" class=\"has-inline-color\">Tidal<\/mark><\/a><mark style=\"background-color:rgba(0, 0, 0, 0);color:#f7b320\" class=\"has-inline-color\">, <\/mark><a href=\"https:\/\/music.163.com\/#\/album?id=130158288\" target=\"_blank\" rel=\"noreferrer noopener\"><mark style=\"background-color:rgba(0, 0, 0, 0);color:#f7b320\" class=\"has-inline-color\">NetEase<\/mark><\/a><mark style=\"background-color:rgba(0, 0, 0, 0);color:#f7b320\" class=\"has-inline-color\">, <\/mark><a href=\"https:\/\/y.qq.com\/n\/ryqq\/singer\/003m5rJP3c7eLM\" target=\"_blank\" rel=\"noreferrer noopener\"><mark style=\"background-color:rgba(0, 0, 0, 0);color:#f7b320\" class=\"has-inline-color\">QQ Music<\/mark><\/a><mark style=\"background-color:rgba(0, 0, 0, 0);color:#f7b320\" class=\"has-inline-color\">\/Tencent, <\/mark><a href=\"https:\/\/music.yandex.com\/artist\/12238825\" target=\"_blank\" rel=\"noreferrer noopener\"><mark style=\"background-color:rgba(0, 0, 0, 0);color:#f7b320\" class=\"has-inline-color\">Yandex Music<\/mark><\/a><mark style=\"background-color:rgba(0, 0, 0, 0);color:#f7b320\" class=\"has-inline-color\"> (b\u00eata), Adaptr, Anghami, ClaroMusica,<\/mark> <mark style=\"background-color:rgba(0, 0, 0, 0);color:#f7b320\" class=\"has-inline-color\">Flo, Instagram\/Facebook, iHeartRadio, Joox, Kuack Media, MediaNet,<\/mark> <mark style=\"background-color:rgba(0, 0, 0, 0);color:#f7b320\" class=\"has-inline-color\">NetEase, Qobuz, Pandora, Saavn, TikTok, Resso et Luna, Soundtrack by Twitch, etc. <\/mark><\/li>\n<\/ul>\n\n\n\n<h2 class=\"wp-block-heading has-text-color\" id=\"tracks\" style=\"color:#f7b320\">\u201cTonalibus F, G, &amp; H\u201d \u2013 les pistes de l'album<\/h2>\n\n\n\n<h3 class=\"wp-block-heading has-text-color\" style=\"color:#f7b320\">De la playlist Tonalibus H \u2013<em> Racines, d\u00e9buts et fins<\/em><\/h3>\n\n\n\n<p class=\"has-text-color\" style=\"color:#f7b320\">1)<em> <\/em>\u201cNever give up, let go completely\u201d \u2013 un miracle de la nature<em> \u2014 <\/em>ReachMin \u2013 guitare \u00e0 8 cordes \u2013 5:05<\/p>\n\n\n\n<p class=\"has-text-color\" style=\"color:#f7b320\">2)<em> <\/em>\u201cGitasa\u201d \u2013 un cadeau familial pour le cadeau d'une famille<em> \u2014 <\/em>PentaMin \/ Penta\u00c9ol (mineur pentatonique) avec une touche HexaBluMin \u2013 guitare \u00e0 8 cordes, scie musicale, tanpura \u2013 6:58<\/p>\n\n\n\n<p class=\"has-text-color\" style=\"color:#f7b320\">3)<em> <\/em>\u201cEmbracing Ma\u201d \u2013 m\u00e9ditation Pro-R\u00e9g-Pro<em> \u2014 <\/em>HexaBluMin, PentaR\u00e9g \/ PentaPhryg (blues mineur) \u2013 guitare \u00e0 8 cordes, tanpura \u2013 8:46<\/p>\n\n\n\n<p class=\"has-text-color\" style=\"color:#f7b320\">4)<em> <\/em>\u201cGitigota\u201d \u2013 une premi\u00e8re exp\u00e9rience de paire d'inversion \u2013 pour K<em> <\/em>\u2013 PentaR\u00e9g \/ PentaPhryg (blues mineur), PentaMin \/ Penta\u00c9ol (mineur pentatonique), Phrygien, HexaBluMin \u2013 guitare \u00e0 8 cordes, paire de cymbales tib\u00e9taines tingsha, grand gong, tanpura \u2013 16:03<\/p>\n\n\n\n<p class=\"has-text-color\" style=\"color:#f7b320\">5)<em> <\/em>\u201c\u0950 \u0936\u093e\u0928\u094d\u0924\u093f\u0903 \u092d\u0915\u094d\u0924\u093f \u0950 \u2013 \u014c\u1e43 \u015a\u0101nti\u1e25 Bhakti \u014c\u1e43\u201d \u2013 contemplation<em> \u2014 <\/em>ReachMin \u2013 multiple guitare \u00e0 8 cordes et voix \u2013 5:15<\/p>\n\n\n\n<p class=\"has-text-color\" style=\"color:#f7b320\">6)<em> <\/em>\u201cHeptaNa Gita\u201d \u2013 medley d'harmoniques<em> \u2014 <\/em>HeptaNa \/ Lyd\u00c9olien \u2013 guitare \u00e0 8 cordes, grand gong, tanpura \u2013 3:46<\/p>\n\n\n\n<p class=\"has-text-color\" style=\"color:#f7b320\">7)<em> <\/em>\u201cQuad Pro square anchored octa Core\u201d \u2013 un voyage exploratoire<em> \u2014 <\/em>OctaCor, tonalit\u00e9 Core d\u00e9riv\u00e9e \u2013 guitare \u00e0 8 cordes, gongs, harmonium \u2013 9:08<\/p>\n\n\n\n<p class=\"has-text-color\" style=\"color:#f7b320\">8)<em> <\/em>\u201cHexaNa Gita\u201d \u2013 pack de six harmoniques<em> \u2014 <\/em>HexaNa avec une touch ClusterPro \/ LydDorien \u2013 guitare \u00e0 8 cordes et tanpura \u2013 3:19<\/p>\n\n\n\n<p class=\"has-text-color\" style=\"color:#f7b320\">9)<em> <\/em>\u201cGihahatigo Bhairav\u201d \u2013 contemplation ReachBal<em> \u2014 <\/em>ReachBal \u2013 guitare \u00e0 8 cordes, harmonium, paire de cymbales tingsha, gong \u2013 8:15<\/p>\n\n\n\n<p class=\"has-text-color\" style=\"color:#f7b320\">10)<em> <\/em>\u201cConscious derivative\u201d \u2013 un souvenir d'\u00eele<em> \u2014 <\/em>HexaBlueUp (BlueUp d\u00e9riv\u00e9 sans 7+) \u2013 guitare \u00e0 8 cordes, tanpura \u2013 5:23<\/p>\n\n\n\n<p class=\"has-text-color\" style=\"color:#f7b320\">11)<em> <\/em>\u201cLife is great!\u201d \u2013 une m\u00e9ditation de c\u00e9l\u00e9bration \u2013 pour M\u00e4tti<em> \u2014 <\/em>PentaCor \u2013 guitare \u00e0 8 cordes, crotales, grand gong, tanpura \u2013 6:27<\/p>\n\n\n\n<h3 class=\"wp-block-heading has-text-color\" style=\"color:#f7b320\">De la playlist Tonalibus G \u2013<em> S'aventurer loin \u00e0 l'ext\u00e9rieur et \u00e0 l'int\u00e9rieur<\/em><\/h3>\n\n\n\n<p class=\"has-text-color\" style=\"color:#f7b320\">12)<em> <\/em>\u201cCelebration joy\u201d \u2013 un nouveau d\u00e9part \u2013 pour Metta (et Moon)<em> \u2014 <\/em>T\u00e9traNa Mixolydien m\u00e9lange \u2013 guitare \u00e0 8 cordes \u2013 12:05<\/p>\n\n\n\n<p class=\"has-text-color\" style=\"color:#f7b320\">13)<em> <\/em>\u201c\u0950 \u0936\u093e\u0928\u094d\u0924\u093f\u0903 Om Shanti HU\u201d \u2013 avec cloches d'Elijah et cigales<em> \u2014 <\/em>PentaProLa ou PentaIon (pentatonique majeur) sur La#\/A# \u2013 fl\u00fbte \u00e0 bec t\u00e9nor, cloches d'\u00e9glise orthodoxe, cigales naturelles, guitare \u00e0 8 cordes, voix basses de chant \u00e0 l'unisson g\u00e9n\u00e9rant des harmoniques \u2013 4:43<\/p>\n\n\n\n<p class=\"has-text-color\" style=\"color:#f7b320\">14)<em> <\/em>\u201cNo mistake\u201d \u2013 grand ciel, plage, rocher, pin, branche cass\u00e9e<em> \u2014 <\/em>Phrygien sur La\/A encadrant HexaBlueUp (BlueUp sans 7+) sur Mi\/E \u2013 guitare \u00e0 8 cordes et fl\u00fbte \u00e0 bec t\u00e9nor \u2013 6:40<\/p>\n\n\n\n<p class=\"has-text-color\" style=\"color:#f7b320\">15)<em> <\/em>\u201cHoly sham\u201d \u2013 une courte excursion sonore bien loin \u2013 pour M&amp;M<em> \u2014 <\/em>Mixolydien sur Sol\/G, \u00e9pic\u00e9 \u2013 multiple fujara et guitare \u00e0 8 cordes \u2013 4:25<\/p>\n\n\n\n<p class=\"has-text-color\" style=\"color:#f7b320\">16)<em> <\/em>\u201cAn embrace of divine love\u201d \u2013 pas d'hypocrisie<em> \u2014 <\/em>Ionien \u2013 guitare \u00e0 7 cordes \u2013 9:51<\/p>\n\n\n\n<p class=\"has-text-color\" style=\"color:#f7b320\">17)<em> <\/em>\u201c\u0938\u0902\u092a\u094d\u0930\u092f\u093e\u0923 Sa\u1e43pray\u0101\u1e47a\u201d \u2013 d\u00e9part du pass\u00e9 vers le futur, allons-y ! \u2013 pour M<em> \u2014 <\/em>T\u00e9traNa avec Mixolydien \u2013 double guitare \u00e0 7 cordes, guitare \u00e0 8 cordes, crotales \u2013 15:10<\/p>\n\n\n\n<p class=\"has-text-color\" style=\"color:#f7b320\">18)<em> <\/em>\u201cGratitude in advance\u201d \u2013 un vrai cadeau<em> \u2014 <\/em>HexaBluNa ou HexaLolo \u2013 guitare \u00e0 7 cordes, guitare \u00e0 8 cordes, crotales, gong et tanpura \u2013 6:10<\/p>\n\n\n\n<h3 class=\"wp-block-heading has-text-color\" style=\"color:#f7b320\">De la playlist Tonalibus F \u2013<em> Tant de couleurs de la r\u00e9alit\u00e9<\/em><\/h3>\n\n\n\n<p class=\"has-text-color\" style=\"color:#f7b320\">19)<em> <\/em>\u201cIndividual bhajan\u201d \u2013 une exp\u00e9rimentation de progression<em> \u2014 <\/em>Phrygien, ReachMin, ReachMix, Mixolydien \u2013 guitare \u00e0 8 cordes, cymbales tingsha, gong et double voix \u2013 13:08<\/p>\n\n\n\n<p class=\"has-text-color\" style=\"color:#f7b320\">20)<em> <\/em>\u201cNew moon rising\u201d \u2013 un accueil sensible<em> \u2014 <\/em>ReachNaBal \u2013 guitare \u00e0 8 cordes \u2013 4:52<\/p>\n\n\n\n<p class=\"has-text-color\" style=\"color:#f7b320\">21)<em> <\/em>\u201cLet\u2019s talk\u201d \u2013 un manifeste personnel<em> \u2014 <\/em>bas\u00e9 sur les quatre coins du temple du son, de PentaCor via HexaCorMix \u00e0 LoReachUpMix et retour \u2013 double guitare \u00e0 8 cordes, voix et gongs \u2013 13:21<\/p>\n\n\n\n<p class=\"has-text-color\" style=\"color:#f7b320\">22)<em> <\/em>\u201cFour by four\u201d \u2013 les coins du temple du son<em> <\/em>\u2013 quatre gongs \u2013 14:09<\/p>\n\n\n\n<p class=\"has-text-color\" style=\"color:#f7b320\">23)<em> <\/em>\u201cHU cares\u201d \u2013 une p\u016bj\u0101 d'un cycle sonore<em> \u2014 <\/em>\u00c9olien \u2013 double guitare \u00e0 8 cordes et multiple voix \u2013 5:09<\/p>\n\n\n\n<p class=\"has-text-color\" style=\"color:#f7b320\">24)<em> <\/em>\u201cPhrygian HU\u201d \u2013 un blues m\u00e9ditatif<em> \u2014 <\/em>Phrygien \u2013 multiple guitare \u00e0 8 cordes, voix, crotales, tampura \u2013 10:20<\/p>\n\n\n\n<p class=\"has-text-color\" style=\"color:#f7b320\">25)<em> <\/em>\u201cFarewell welcome blues\u201d \u2013 d'une lune \u00e0 l'autre<em> \u2014 <\/em>PentaMin \/ Penta\u00c9ol \u2013 deux fois basse, guitare \u00e0 8 cordes et voix \u2013 6:27<\/p>\n\n\n\n<h2 class=\"wp-block-heading has-text-color\" id=\"cover\" style=\"color:#f7b320\">\u201cTonalibus F, G, &amp; H\u201d \u2013 la couverture de l'album<\/h2>\n\n\n\n<div style=\"height:16px\" aria-hidden=\"true\" class=\"wp-block-spacer\"><\/div>\n\n\n<div class=\"wp-block-image\">\n<figure class=\"aligncenter size-large is-resized\"><img loading=\"lazy\" decoding=\"async\" width=\"1024\" height=\"1024\" src=\"https:\/\/tonalibus.org\/wp-content\/uploads\/2022\/03\/IMG_6294-cv-sqr-nE-1024x1024.jpg\" alt=\"Tonalibus F, G, &amp; H \u2013 Album\" class=\"wp-image-18249\" style=\"width:512px;height:512px\" srcset=\"https:\/\/tonalibus.org\/wp-content\/uploads\/2022\/03\/IMG_6294-cv-sqr-nE-1024x1024.jpg 1024w, https:\/\/tonalibus.org\/wp-content\/uploads\/2022\/03\/IMG_6294-cv-sqr-nE-300x300.jpg 300w, https:\/\/tonalibus.org\/wp-content\/uploads\/2022\/03\/IMG_6294-cv-sqr-nE-150x150.jpg 150w, https:\/\/tonalibus.org\/wp-content\/uploads\/2022\/03\/IMG_6294-cv-sqr-nE-768x768.jpg 768w, https:\/\/tonalibus.org\/wp-content\/uploads\/2022\/03\/IMG_6294-cv-sqr-nE-12x12.jpg 12w, https:\/\/tonalibus.org\/wp-content\/uploads\/2022\/03\/IMG_6294-cv-sqr-nE-100x100.jpg 100w, https:\/\/tonalibus.org\/wp-content\/uploads\/2022\/03\/IMG_6294-cv-sqr-nE-560x560.jpg 560w, https:\/\/tonalibus.org\/wp-content\/uploads\/2022\/03\/IMG_6294-cv-sqr-nE.jpg 1303w\" sizes=\"auto, (max-width: 706px) 89vw, (max-width: 767px) 82vw, 740px\" \/><figcaption class=\"wp-element-caption\">Tant de couleurs de la r\u00e9alit\u00e9<em> \u2014 <\/em>S'aventurer loin \u00e0 l'ext\u00e9rieur et \u00e0 l'int\u00e9rieur<em> \u2014 <\/em>Racines, d\u00e9buts et fins<\/figcaption><\/figure>\n<\/div>\n\n\n<p><\/p>","protected":false},"excerpt":{"rendered":"<p>L'album \"Tonalibus F, G, &amp; H\" appara\u00eet globalement sur de nombreuses plateformes musicales le 2 mars 2023, offrant 25 improvisations m\u00e9ditatives d'Ulrico, s'\u00e9tendant sur 3\u00bd heures de musique de gu\u00e9rison \u00e9difiante. Cet album pr\u00e9sente des enregistrements du d\u00e9but de l'\u00e9t\u00e9 jusqu'\u00e0 la fin de l'ann\u00e9e 2022, issus des listes de lecture F, G &amp; H. Le 28 novembre 2022, Tonalibus a d\u00e9j\u00e0 publi\u00e9 ... <\/p>\n<p class=\"link-more\"><a href=\"https:\/\/tonalibus.org\/fr\/shop\/tonalibus-f-g-h-album\/\" class=\"more-link\">Continuer la lecture<span class=\"screen-reader-text\"> de \" Tonalibus F, G, &amp; H - Album \"<\/span><\/a><\/p>","protected":false},"author":1,"featured_media":0,"parent":490,"menu_order":33,"comment_status":"closed","ping_status":"closed","template":"","meta":{"footnotes":""},"class_list":["post-23858","page","type-page","status-publish","hentry"],"yoast_head":"<!-- This site is optimized with the Yoast SEO plugin v27.4 - https:\/\/yoast.com\/product\/yoast-seo-wordpress\/ -->\n<title>Tonalibus F, G, &amp; H \u2013 Album &#8211; TONALIBUS Harmony and Tonalities<\/title>\n<meta name=\"description\" content=\"The album &quot;Tonalibus F, G, &amp; H&quot; offers 25 original, meditative improvisations by Ulrico, spanning 3\u00bd hours of uplifting healing music.\" \/>\n<meta name=\"robots\" content=\"index, follow, max-snippet:-1, max-image-preview:large, max-video-preview:-1\" \/>\n<link rel=\"canonical\" href=\"https:\/\/tonalibus.org\/fr\/shop\/tonalibus-f-g-h-album\/\" \/>\n<meta property=\"og:locale\" content=\"fr_FR\" \/>\n<meta property=\"og:type\" content=\"article\" \/>\n<meta property=\"og:title\" content=\"Tonalibus F, G, &amp; H \u2013 Album &#8211; TONALIBUS Harmony and Tonalities\" \/>\n<meta property=\"og:description\" content=\"The album &quot;Tonalibus F, G, &amp; H&quot; offers 25 original, meditative improvisations by Ulrico, spanning 3\u00bd hours of uplifting healing music.\" \/>\n<meta property=\"og:url\" content=\"https:\/\/tonalibus.org\/fr\/shop\/tonalibus-f-g-h-album\/\" \/>\n<meta property=\"og:site_name\" content=\"TONALIBUS\" \/>\n<meta property=\"article:modified_time\" content=\"2023-12-25T21:08:22+00:00\" \/>\n<meta property=\"og:image\" content=\"https:\/\/tonalibus.org\/wp-content\/uploads\/2022\/03\/IMG_6294-cv-sqr-nE-1024x1024.jpg\" \/>\n<meta name=\"twitter:card\" content=\"summary_large_image\" \/>\n<meta name=\"twitter:label1\" content=\"Dur\u00e9e de lecture estim\u00e9e\" \/>\n\t<meta name=\"twitter:data1\" content=\"4 minutes\" \/>\n<script type=\"application\/ld+json\" class=\"yoast-schema-graph\">{\"@context\":\"https:\\\/\\\/schema.org\",\"@graph\":[{\"@type\":\"WebPage\",\"@id\":\"https:\\\/\\\/tonalibus.org\\\/shop\\\/tonalibus-f-g-h-album\\\/\",\"url\":\"https:\\\/\\\/tonalibus.org\\\/shop\\\/tonalibus-f-g-h-album\\\/\",\"name\":\"Tonalibus F, G, & H \u2013 Album &#8211; TONALIBUS Harmony and Tonalities\",\"isPartOf\":{\"@id\":\"https:\\\/\\\/tonalibus.org\\\/de\\\/#website\"},\"primaryImageOfPage\":{\"@id\":\"https:\\\/\\\/tonalibus.org\\\/shop\\\/tonalibus-f-g-h-album\\\/#primaryimage\"},\"image\":{\"@id\":\"https:\\\/\\\/tonalibus.org\\\/shop\\\/tonalibus-f-g-h-album\\\/#primaryimage\"},\"thumbnailUrl\":\"https:\\\/\\\/tonalibus.org\\\/wp-content\\\/uploads\\\/2022\\\/03\\\/IMG_6294-cv-sqr-nE-1024x1024.jpg\",\"datePublished\":\"2023-02-16T09:48:53+00:00\",\"dateModified\":\"2023-12-25T21:08:22+00:00\",\"description\":\"The album \\\"Tonalibus F, G, & H\\\" offers 25 original, meditative improvisations by Ulrico, spanning 3\u00bd hours of uplifting healing music.\",\"breadcrumb\":{\"@id\":\"https:\\\/\\\/tonalibus.org\\\/shop\\\/tonalibus-f-g-h-album\\\/#breadcrumb\"},\"inLanguage\":\"fr-FR\",\"potentialAction\":[{\"@type\":\"ReadAction\",\"target\":[\"https:\\\/\\\/tonalibus.org\\\/shop\\\/tonalibus-f-g-h-album\\\/\"]}]},{\"@type\":\"ImageObject\",\"inLanguage\":\"fr-FR\",\"@id\":\"https:\\\/\\\/tonalibus.org\\\/shop\\\/tonalibus-f-g-h-album\\\/#primaryimage\",\"url\":\"https:\\\/\\\/tonalibus.org\\\/wp-content\\\/uploads\\\/2022\\\/03\\\/IMG_6294-cv-sqr-nE-1024x1024.jpg\",\"contentUrl\":\"https:\\\/\\\/tonalibus.org\\\/wp-content\\\/uploads\\\/2022\\\/03\\\/IMG_6294-cv-sqr-nE-1024x1024.jpg\"},{\"@type\":\"BreadcrumbList\",\"@id\":\"https:\\\/\\\/tonalibus.org\\\/shop\\\/tonalibus-f-g-h-album\\\/#breadcrumb\",\"itemListElement\":[{\"@type\":\"ListItem\",\"position\":1,\"name\":\"Home\",\"item\":\"https:\\\/\\\/tonalibus.org\\\/\"},{\"@type\":\"ListItem\",\"position\":2,\"name\":\"Fidibus Shop\",\"item\":\"https:\\\/\\\/tonalibus.org\\\/shop\\\/\"},{\"@type\":\"ListItem\",\"position\":3,\"name\":\"Tonalibus F, G, &#038; H \u2013 Album\"}]},{\"@type\":\"WebSite\",\"@id\":\"https:\\\/\\\/tonalibus.org\\\/de\\\/#website\",\"url\":\"https:\\\/\\\/tonalibus.org\\\/de\\\/\",\"name\":\"TONALIBUS\",\"description\":\"Anchored Harmony and Tonalities\",\"publisher\":{\"@id\":\"https:\\\/\\\/tonalibus.org\\\/de\\\/#\\\/schema\\\/person\\\/749261d7bc96d1f00127273f83ab96a4\"},\"potentialAction\":[{\"@type\":\"SearchAction\",\"target\":{\"@type\":\"EntryPoint\",\"urlTemplate\":\"https:\\\/\\\/tonalibus.org\\\/de\\\/?s={search_term_string}\"},\"query-input\":{\"@type\":\"PropertyValueSpecification\",\"valueRequired\":true,\"valueName\":\"search_term_string\"}}],\"inLanguage\":\"fr-FR\"},{\"@type\":[\"Person\",\"Organization\"],\"@id\":\"https:\\\/\\\/tonalibus.org\\\/de\\\/#\\\/schema\\\/person\\\/749261d7bc96d1f00127273f83ab96a4\",\"name\":\"Ulrico\",\"image\":{\"@type\":\"ImageObject\",\"inLanguage\":\"fr-FR\",\"@id\":\"https:\\\/\\\/tonalibus.org\\\/wp-content\\\/uploads\\\/2020\\\/06\\\/uli-pix.jpg\",\"url\":\"https:\\\/\\\/tonalibus.org\\\/wp-content\\\/uploads\\\/2020\\\/06\\\/uli-pix.jpg\",\"contentUrl\":\"https:\\\/\\\/tonalibus.org\\\/wp-content\\\/uploads\\\/2020\\\/06\\\/uli-pix.jpg\",\"width\":960,\"height\":720,\"caption\":\"Ulrico\"},\"logo\":{\"@id\":\"https:\\\/\\\/tonalibus.org\\\/wp-content\\\/uploads\\\/2020\\\/06\\\/uli-pix.jpg\"},\"sameAs\":[\"https:\\\/\\\/tonalibus.cyon.site\"]}]}<\/script>\n<!-- \/ Yoast SEO plugin. -->","yoast_head_json":{"title":"Tonalibus F, G, &amp; H - Album - TONALIBUS Harmonie et tonalit\u00e9s","description":"L'album \"Tonalibus F, G, &amp; H\" offre 25 improvisations originales et m\u00e9ditatives d'Ulrico, couvrant 3\u00bd heures de musique de gu\u00e9rison \u00e9difiante.","robots":{"index":"index","follow":"follow","max-snippet":"max-snippet:-1","max-image-preview":"max-image-preview:large","max-video-preview":"max-video-preview:-1"},"canonical":"https:\/\/tonalibus.org\/fr\/shop\/tonalibus-f-g-h-album\/","og_locale":"fr_FR","og_type":"article","og_title":"Tonalibus F, G, & H \u2013 Album &#8211; TONALIBUS Harmony and Tonalities","og_description":"The album \"Tonalibus F, G, & H\" offers 25 original, meditative improvisations by Ulrico, spanning 3\u00bd hours of uplifting healing music.","og_url":"https:\/\/tonalibus.org\/fr\/shop\/tonalibus-f-g-h-album\/","og_site_name":"TONALIBUS","article_modified_time":"2023-12-25T21:08:22+00:00","og_image":[{"url":"https:\/\/tonalibus.org\/wp-content\/uploads\/2022\/03\/IMG_6294-cv-sqr-nE-1024x1024.jpg","type":"","width":"","height":""}],"twitter_card":"summary_large_image","twitter_misc":{"Dur\u00e9e de lecture estim\u00e9e":"4 minutes"},"schema":{"@context":"https:\/\/schema.org","@graph":[{"@type":"WebPage","@id":"https:\/\/tonalibus.org\/shop\/tonalibus-f-g-h-album\/","url":"https:\/\/tonalibus.org\/shop\/tonalibus-f-g-h-album\/","name":"Tonalibus F, G, &amp; H - Album - TONALIBUS Harmonie et tonalit\u00e9s","isPartOf":{"@id":"https:\/\/tonalibus.org\/de\/#website"},"primaryImageOfPage":{"@id":"https:\/\/tonalibus.org\/shop\/tonalibus-f-g-h-album\/#primaryimage"},"image":{"@id":"https:\/\/tonalibus.org\/shop\/tonalibus-f-g-h-album\/#primaryimage"},"thumbnailUrl":"https:\/\/tonalibus.org\/wp-content\/uploads\/2022\/03\/IMG_6294-cv-sqr-nE-1024x1024.jpg","datePublished":"2023-02-16T09:48:53+00:00","dateModified":"2023-12-25T21:08:22+00:00","description":"L'album \"Tonalibus F, G, &amp; H\" offre 25 improvisations originales et m\u00e9ditatives d'Ulrico, couvrant 3\u00bd heures de musique de gu\u00e9rison \u00e9difiante.","breadcrumb":{"@id":"https:\/\/tonalibus.org\/shop\/tonalibus-f-g-h-album\/#breadcrumb"},"inLanguage":"fr-FR","potentialAction":[{"@type":"ReadAction","target":["https:\/\/tonalibus.org\/shop\/tonalibus-f-g-h-album\/"]}]},{"@type":"ImageObject","inLanguage":"fr-FR","@id":"https:\/\/tonalibus.org\/shop\/tonalibus-f-g-h-album\/#primaryimage","url":"https:\/\/tonalibus.org\/wp-content\/uploads\/2022\/03\/IMG_6294-cv-sqr-nE-1024x1024.jpg","contentUrl":"https:\/\/tonalibus.org\/wp-content\/uploads\/2022\/03\/IMG_6294-cv-sqr-nE-1024x1024.jpg"},{"@type":"BreadcrumbList","@id":"https:\/\/tonalibus.org\/shop\/tonalibus-f-g-h-album\/#breadcrumb","itemListElement":[{"@type":"ListItem","position":1,"name":"Home","item":"https:\/\/tonalibus.org\/"},{"@type":"ListItem","position":2,"name":"Fidibus Shop","item":"https:\/\/tonalibus.org\/shop\/"},{"@type":"ListItem","position":3,"name":"Tonalibus F, G, &#038; H \u2013 Album"}]},{"@type":"WebSite","@id":"https:\/\/tonalibus.org\/de\/#website","url":"https:\/\/tonalibus.org\/de\/","name":"TONALIBUS","description":"Harmonie et tonalit\u00e9s ancr\u00e9es","publisher":{"@id":"https:\/\/tonalibus.org\/de\/#\/schema\/person\/749261d7bc96d1f00127273f83ab96a4"},"potentialAction":[{"@type":"SearchAction","target":{"@type":"EntryPoint","urlTemplate":"https:\/\/tonalibus.org\/de\/?s={search_term_string}"},"query-input":{"@type":"PropertyValueSpecification","valueRequired":true,"valueName":"search_term_string"}}],"inLanguage":"fr-FR"},{"@type":["Person","Organization"],"@id":"https:\/\/tonalibus.org\/de\/#\/schema\/person\/749261d7bc96d1f00127273f83ab96a4","name":"Ulrico","image":{"@type":"ImageObject","inLanguage":"fr-FR","@id":"https:\/\/tonalibus.org\/wp-content\/uploads\/2020\/06\/uli-pix.jpg","url":"https:\/\/tonalibus.org\/wp-content\/uploads\/2020\/06\/uli-pix.jpg","contentUrl":"https:\/\/tonalibus.org\/wp-content\/uploads\/2020\/06\/uli-pix.jpg","width":960,"height":720,"caption":"Ulrico"},"logo":{"@id":"https:\/\/tonalibus.org\/wp-content\/uploads\/2020\/06\/uli-pix.jpg"},"sameAs":["https:\/\/tonalibus.cyon.site"]}]}},"_links":{"self":[{"href":"https:\/\/tonalibus.org\/fr\/wp-json\/wp\/v2\/pages\/23858","targetHints":{"allow":["GET"]}}],"collection":[{"href":"https:\/\/tonalibus.org\/fr\/wp-json\/wp\/v2\/pages"}],"about":[{"href":"https:\/\/tonalibus.org\/fr\/wp-json\/wp\/v2\/types\/page"}],"author":[{"embeddable":true,"href":"https:\/\/tonalibus.org\/fr\/wp-json\/wp\/v2\/users\/1"}],"replies":[{"embeddable":true,"href":"https:\/\/tonalibus.org\/fr\/wp-json\/wp\/v2\/comments?post=23858"}],"version-history":[{"count":0,"href":"https:\/\/tonalibus.org\/fr\/wp-json\/wp\/v2\/pages\/23858\/revisions"}],"up":[{"embeddable":true,"href":"https:\/\/tonalibus.org\/fr\/wp-json\/wp\/v2\/pages\/490"}],"wp:attachment":[{"href":"https:\/\/tonalibus.org\/fr\/wp-json\/wp\/v2\/media?parent=23858"}],"curies":[{"name":"wp","href":"https:\/\/api.w.org\/{rel}","templated":true}]}}