{"id":2417,"date":"2020-07-11T16:18:45","date_gmt":"2020-07-11T14:18:45","guid":{"rendered":"https:\/\/tonalibus.org\/?page_id=2417"},"modified":"2023-08-02T17:45:24","modified_gmt":"2023-08-02T15:45:24","slug":"exploration-courses","status":"publish","type":"page","link":"https:\/\/tonalibus.org\/fr\/inner-circle\/tec-repository\/exploration-courses\/","title":{"rendered":"Cours d'exploration"},"content":{"rendered":"<p class=\"has-text-color\" style=\"color:#f7b320\">Les cours d'exploration Tonalibus visent \u00e0 approfondir la compr\u00e9hension et les connaissances sur l'harmonie et les tonalit\u00e9s, dans la musique et la vie. Ces cours peuvent se concentrer sur le travail avec le catalogue des <a href=\"https:\/\/tonalibus.org\/fr\/tonalities\/\"><mark style=\"background-color:rgba(0, 0, 0, 0);color:#f7b320\" class=\"has-inline-color\">tonalit\u00e9s ancr\u00e9es<\/mark><\/a>, explorer la <a href=\"https:\/\/tonalibus.org\/fr\/fundamentals\/five-course-series\/\"><mark style=\"background-color:rgba(0, 0, 0, 0);color:#f7b320\" class=\"has-inline-color\">s\u00e9rie de cinq cours<\/mark><\/a> <em>Fondements de l'harmonie et des tonalit\u00e9s<\/em>, d\u00e9velopper des inspirations de <a href=\"https:\/\/tonalibus.org\/fr\/spiritualibus-blog\/\"><mark style=\"background-color:rgba(0, 0, 0, 0);color:#f7b320\" class=\"has-inline-color\">Spiritualibus<\/mark><\/a> ou toute autre combinaison de sujets de cours potentiels \u00e9num\u00e9r\u00e9s ci-dessous. <\/p>\n\n\n\n<div class=\"wp-block-buttons is-horizontal is-content-justification-center is-layout-flex wp-container-core-buttons-is-layout-499968f5 wp-block-buttons-is-layout-flex\">\n<div class=\"wp-block-button is-style-outline is-style-outline--1\"><a class=\"wp-block-button__link\" href=\"https:\/\/tonalibus.org\/fr\/shop\/courses\/course-inquiry\/\">Cours d'exploration <br>Demande<\/a><\/div>\n<\/div>\n\n\n\n<div style=\"height:45px\" aria-hidden=\"true\" class=\"wp-block-spacer\"><\/div>\n\n\n\n<p class=\"has-text-color\" style=\"color:#f7b320\">Les programmes de cours d'exploration seront adapt\u00e9s en fonction des int\u00e9r\u00eats et des besoins d'un groupe donn\u00e9 ou de participants individuels. La dur\u00e9e d'un cours peut varier consid\u00e9rablement, d'une s\u00e9ance d'une heure \u00e0 plusieurs jours cons\u00e9cutifs ou \u00e0 plusieurs s\u00e9ances r\u00e9parties sur des semaines ou des mois. L'objectif est d'explorer un sujet ou un ensemble de sujets donn\u00e9s. En travaillant ensemble, nous d\u00e9couvrirons de nouvelles perspectives sur l'harmonie et les tonalit\u00e9s. Dans l'id\u00e9al, nos cours se d\u00e9rouleront en face \u00e0 face. Toutefois, nous proposons \u00e9galement des sessions virtuelles si n\u00e9cessaire.<\/p>\n\n\n\n<h2 class=\"has-text-color wp-block-heading\" style=\"color:#f7b320\"><mark style=\"background-color:rgba(0, 0, 0, 0);color:#f7b320\" class=\"has-inline-color\">Objectifs et contenu des cours d'exploration<\/mark><\/h2>\n\n\n\n<p class=\"has-text-color\" style=\"color:#f7b320\">Un cours d'exploration peut se concentrer sur un seul sujet sp\u00e9cifique de Tonalibus ou de Spiritualibus. Il peut aussi aborder un m\u00e9lange de sujets, de travaux pratiques en utilisant le catalogue des <a href=\"https:\/\/tonalibus.org\/fr\/tonalities\/\"><mark style=\"background-color:rgba(0, 0, 0, 0);color:#f7b320\" class=\"has-inline-color\">tonalit\u00e9s ancr\u00e9es<\/mark><\/a>, des consid\u00e9rations approfondies de la <a href=\"https:\/\/tonalibus.org\/fr\/concepts\/five-course-series\/\"><mark style=\"background-color:rgba(0, 0, 0, 0);color:#f7b320\" class=\"has-inline-color\">s\u00e9rie de cinq cours<\/mark><\/a> <em>Fondements de l'harmonie et des tonalit\u00e9s<\/em>, ou <a href=\"https:\/\/tonalibus.org\/fr\/spiritualibus-blog\/\"><mark style=\"background-color:rgba(0, 0, 0, 0);color:#f7b320\" class=\"has-inline-color\">Spiritualibus<\/mark><\/a> et des exercices. Les principaux choix de contenus de cours sont les points focaux et les sujets :<\/p>\n\n\n\n<ul class=\"wp-block-list\"><li><span style=\"color:#f7b320\" class=\"has-inline-color\"><\/span><span style=\"color:#f7b320\" class=\"has-inline-color\"><em>Harmonie et tonalit\u00e9s<\/em> \u2013 <\/span><a href=\"https:\/\/tonalibus.org\/fr\/concepts\/concepts-brief\/\"><span style=\"color:#f7b320\" class=\"has-inline-color\">les concepts en bref<\/span><\/a><span style=\"color:#f7b320\" class=\"has-inline-color\"> <\/span><\/li><li><span style=\"color:#f7b320\" class=\"has-inline-color\"><em>Harmonie et tonalit\u00e9s <\/em>\u2013 <\/span><a href=\"https:\/\/tonalibus.org\/fr\/concepts\/concepts-preview\/\"><span style=\"color:#f7b320\" class=\"has-inline-color\">l'aper\u00e7u des concepts<\/span><\/a><\/li><li><span style=\"color:#f7b320\" class=\"has-inline-color\"><em>1) <\/em><\/span><a href=\"https:\/\/tonalibus.org\/fr\/concepts\/five-course-series\/basics-a\/\"><em><span style=\"color:#f7b320\" class=\"has-inline-color\">Le pivot harmonique et des tons d'ancrage<\/span><\/em><\/a><span style=\"color:#f7b320\" class=\"has-inline-color\"> \u2013 #1 de la s\u00e9rie de cinq cours<\/span><\/li><li><span style=\"color:#f7b320\" class=\"has-inline-color\"><em>2) <\/em><\/span><a href=\"https:\/\/tonalibus.org\/fr\/concepts\/five-course-series\/basics-b\/\"><em><span style=\"color:#f7b320\" class=\"has-inline-color\">Base harmonique et le virage de la r\u00e9alisation<\/span><\/em><\/a><span style=\"color:#f7b320\" class=\"has-inline-color\"> \u2013 #2 de la s\u00e9rie de cinq cours<\/span><\/li><li><span style=\"color:#f7b320\" class=\"has-inline-color\"><em>3) <\/em><\/span><a href=\"https:\/\/tonalibus.org\/fr\/concepts\/five-course-series\/basics-c\/\"><em><span style=\"color:#f7b320\" class=\"has-inline-color\">\u00c9chelle de douze marches et fondements des tonalit\u00e9s<\/span><\/em><\/a><span style=\"color:#f7b320\" class=\"has-inline-color\"> \u2013 #3 de la s\u00e9rie de cinq cours<\/span><\/li><li><span style=\"color:#f7b320\" class=\"has-inline-color\"><em>4) <\/em><\/span><a href=\"https:\/\/tonalibus.org\/fr\/concepts\/five-course-series\/basics-d\/\"><em><span style=\"color:#f7b320\" class=\"has-inline-color\">Quatre ancres harmoniques et le cycle des quintes<\/span><\/em><\/a><span style=\"color:#f7b320\" class=\"has-inline-color\"> \u2013 #4 de la s\u00e9rie de cinq cours<\/span><\/li><li><span style=\"color:#f7b320\" class=\"has-inline-color\"><em>5) <\/em><\/span><a href=\"https:\/\/tonalibus.org\/fr\/concepts\/five-course-series\/basics-e\/\"><em><span style=\"color:#f7b320\" class=\"has-inline-color\">Tonalit\u00e9s de certaines marches et ancres secondaires<\/span><\/em><\/a><span style=\"color:#f7b320\" class=\"has-inline-color\"> \u2013 #5 de la s\u00e9rie de cinq cours<\/span><\/li><li><span style=\"color:#f7b320\" class=\"has-inline-color\"><em>Harmonie et tonalit\u00e9s<\/em> \u2013 <\/span><a href=\"https:\/\/tonalibus.org\/fr\/concepts\/concepts-review\/\"><span style=\"color:#f7b320\" class=\"has-inline-color\">la revue des concepts<\/span><\/a><span style=\"color:#f7b320\" class=\"has-inline-color\"><\/span><\/li><li><em><a href=\"https:\/\/tonalibus.org\/fr\/tonalities\/modulation-samples\/\"><span style=\"color:#f7b320\" class=\"has-inline-color\">\u00c9chantillons de modulation de tonalit\u00e9 ancr\u00e9s<\/span><\/a><\/em><span style=\"color:#f7b320\" class=\"has-inline-color\"> et la pratique<\/span><\/li><li><span style=\"color:#f7b320\" class=\"has-inline-color\">Structure et utilisation du catalogue des <\/span><a href=\"https:\/\/tonalibus.org\/fr\/tonalities\/\"><span style=\"color:#f7b320\" class=\"has-inline-color\">tonalit\u00e9s ancr\u00e9es<\/span><\/a><\/li><li><span style=\"color:#f7b320\" class=\"has-inline-color\">Applications pratiques des tonalit\u00e9s et de l'improvisation<\/span><\/li><li><span style=\"color:#f7b320\" class=\"has-inline-color\">Harmonisation de la fondamentale et tonalit\u00e9 individuelle<\/span><\/li><li><span style=\"color:#f7b320\" class=\"has-inline-color\">La purification par les quatre <\/span><a href=\"https:\/\/tonalibus.org\/fr\/about-tonalibus\/glossary\/#4-corners\"><span style=\"color:#f7b320\" class=\"has-inline-color\">coins du temple du son<\/span><\/a><span style=\"color:#f7b320\" class=\"has-inline-color\"><span style=\"color:#f7b320\" class=\"has-inline-color\"><\/span><\/span><\/li><li><a href=\"https:\/\/tonalibus.org\/fr\/spiritualibus-blog\/\"><span style=\"color:#f7b320\" class=\"has-inline-color\">Spiritualibus<\/span><\/a><span style=\"color:#f7b320\" class=\"has-inline-color\"> \u2013 exploration et discussion des inspirations<\/span><\/li><\/ul>\n\n\n\n<h2 class=\"has-text-color wp-block-heading\" style=\"color:#f7b320\">Dur\u00e9e et format des cours d'exploration<\/h2>\n\n\n\n<p class=\"has-text-color\" style=\"color:#f7b320\"><mark style=\"background-color:rgba(0, 0, 0, 0);color:#f7b320\" class=\"has-inline-color\">Certains sujets sp\u00e9cifiques et individuels de la s\u00e9rie de cours Tonalibus ou de la liste ci-dessus peuvent \u00eatre s\u00e9lectionn\u00e9s pour des sessions de travail ou des discussions concises d'une heure et demie. Par exemple, <em>Harmonie et tonalit\u00e9s<\/em><\/mark> <mark style=\"background-color:rgba(0, 0, 0, 0);color:#f7b320\" class=\"has-inline-color\">concepts <\/mark><a href=\"https:\/\/tonalibus.org\/fr\/concepts\/concepts-brief\/\"><mark style=\"background-color:rgba(0, 0, 0, 0);color:#f7b320\" class=\"has-inline-color\">les concepts en bref<\/mark><\/a><mark style=\"background-color:rgba(0, 0, 0, 0);color:#f7b320\" class=\"has-inline-color\"> est une introduction tr\u00e8s condens\u00e9e \u00e0 la s\u00e9rie de cinq cours <\/mark><em>Fondements de l'harmonie et des tonalit\u00e9s<\/em>. Elle peut \u00eatre pr\u00e9sent\u00e9e en une heure environ.<mark style=\"background-color:rgba(0, 0, 0, 0);color:#f7b320\" class=\"has-inline-color\"> <\/mark><\/p>\n\n\n\n<p class=\"has-text-color\" style=\"color:#f7b320\">Pour couvrir l'ensemble de la <a href=\"https:\/\/tonalibus.org\/fr\/concepts\/five-course-series\/\"><mark style=\"background-color:rgba(0, 0, 0, 0);color:#f7b320\" class=\"has-inline-color\">s\u00e9rie de cinq cours<\/mark><\/a>, comprenant des travaux pratiques et des discussions, nous recommandons un cours de quatre jours ou huit sessions. Cette s\u00e9quence est encadr\u00e9e par <a href=\"https:\/\/tonalibus.org\/fr\/concepts\/concepts-preview\/\"><mark style=\"background-color:rgba(0, 0, 0, 0);color:#f7b320\" class=\"has-inline-color\">l'aper\u00e7u des concepts<\/mark><\/a><em> <\/em>et <a href=\"https:\/\/tonalibus.org\/fr\/concepts\/concepts-review\/\"><mark style=\"background-color:rgba(0, 0, 0, 0);color:#f7b320\" class=\"has-inline-color\">la revue des concepts<\/mark><\/a>. Les travaux pratiques comprennent une session sur la <a href=\"https:\/\/tonalibus.org\/fr\/tonalities\/modulation-samples\/\"><mark style=\"background-color:rgba(0, 0, 0, 0);color:#f7b320\" class=\"has-inline-color\">modulation<\/mark><\/a>. Applications et pratiques musicales avec le catalogue des <a href=\"https:\/\/tonalibus.org\/fr\/tonalities\/\"><mark style=\"background-color:rgba(0, 0, 0, 0);color:#f7b320\" class=\"has-inline-color\">tonalit\u00e9s ancr\u00e9es<\/mark><\/a> peut faire partie de toutes les sessions. Il y a du temps pour des discussions et des activit\u00e9s, y compris certains exercices spirituels, ainsi que des inspirations de <a href=\"https:\/\/tonalibus.org\/fr\/spiritualibus-blog\/\"><mark style=\"background-color:rgba(0, 0, 0, 0);color:#f7b320\" class=\"has-inline-color\">Spiritualibus<\/mark><\/a>.<\/p>\n\n\n\n<h2 class=\"has-text-color wp-block-heading\" style=\"color:#f7b320\">Nous nous r\u00e9jouissons d'avoir de vos nouvelles<\/h2>\n\n\n\n<p class=\"has-text-color\" style=\"color:#f7b320\"><mark style=\"background-color:rgba(0, 0, 0, 0);color:#f7b320\" class=\"has-inline-color\">Veuillez utiliser la page <\/mark><a href=\"https:\/\/tonalibus.org\/fr\/shop\/courses\/course-inquiry\/\"><mark style=\"background-color:rgba(0, 0, 0, 0);color:#f7b320\" class=\"has-inline-color\">demande de cours d'exploration<\/mark><\/a><mark style=\"background-color:rgba(0, 0, 0, 0);color:#f7b320\" class=\"has-inline-color\"> pour indiquer vos int\u00e9r\u00eats sp\u00e9cifiques ou pour demander un cours d'exploration sur mesure. En outre, en bas dans le pied de page, vous pouvez vous inscrire au bulletin d'information Tonalibus si vous souhaitez recevoir chaque mois des informations sur les offres du shop Fidibus, y compris les options de cours, et une s\u00e9lection des articles les plus r\u00e9cents du blog Spiritualibus.<\/mark><\/p>\n\n\n\n<div style=\"height:67px\" aria-hidden=\"true\" class=\"wp-block-spacer\"><\/div>\n\n\n\n<div class=\"wp-block-image\"><figure class=\"aligncenter size-large is-resized\"><img loading=\"lazy\" decoding=\"async\" src=\"https:\/\/tonalibus.org\/wp-content\/uploads\/2020\/06\/IMG_2909xc.jpg\" alt=\"originspir\" class=\"wp-image-1357\" width=\"351\" height=\"349\" srcset=\"https:\/\/tonalibus.org\/wp-content\/uploads\/2020\/06\/IMG_2909xc.jpg 767w, https:\/\/tonalibus.org\/wp-content\/uploads\/2020\/06\/IMG_2909xc-300x298.jpg 300w, https:\/\/tonalibus.org\/wp-content\/uploads\/2020\/06\/IMG_2909xc-150x150.jpg 150w, https:\/\/tonalibus.org\/wp-content\/uploads\/2020\/06\/IMG_2909xc-100x100.jpg 100w\" sizes=\"auto, (max-width: 351px) 100vw, 351px\" \/><figcaption><mark style=\"background-color:rgba(0, 0, 0, 0);color:#f7b320\" class=\"has-inline-color\"><em>Croquis d'inspiration originale d'un ancrage harmonique Tonalibus, con\u00e7u le 2-2-2020<\/em> \u2013 en savoir plus sur <\/mark><a href=\"https:\/\/tonalibus.org\/fr\/about-tonalibus\/tonalibus\/#tonalibus-history-block\"><mark style=\"background-color:rgba(0, 0, 0, 0);color:#f7b320\" class=\"has-inline-color\">L'histoire de Tonalibus<\/mark><\/a><mark style=\"background-color:rgba(0, 0, 0, 0);color:#f7b320\" class=\"has-inline-color\"> <\/mark><\/figcaption><\/figure><\/div>\n\n\n\n<p><\/p>","protected":false},"excerpt":{"rendered":"<p>Les cours d'exploration de Tonalibus visent \u00e0 approfondir la compr\u00e9hension et les id\u00e9es sur l'harmonie et les tonalit\u00e9s, en musique et dans la vie. Ces cours peuvent se concentrer sur le travail avec le catalogue des tonalit\u00e9s ancr\u00e9es, approfondir la s\u00e9rie de cinq cours Harmonic and Tonality Fundamentals, d\u00e9velopper les inspirations de Spiritualibus, ou tout autre sujet ou combinaison de sujets de cours potentiels \u00e9num\u00e9r\u00e9s ci-dessous. Exploration ... <\/p>\n<p class=\"link-more\"><a href=\"https:\/\/tonalibus.org\/fr\/inner-circle\/tec-repository\/exploration-courses\/\" class=\"more-link\">Continuer la lecture<span class=\"screen-reader-text\"> de \" Cours d'exploration \"<\/span><\/a><\/p>","protected":false},"author":1,"featured_media":0,"parent":5562,"menu_order":70,"comment_status":"closed","ping_status":"closed","template":"","meta":{"footnotes":""},"class_list":["post-2417","page","type-page","status-publish","hentry"],"yoast_head":"<!-- This site is optimized with the Yoast SEO plugin v27.4 - https:\/\/yoast.com\/product\/yoast-seo-wordpress\/ -->\n<title>Exploration Courses &#8211; TONALIBUS, Harmony and Tonlities<\/title>\n<meta name=\"description\" content=\"Tonalibus exploration courses aim at deepening one&#039;s understanding and insights about harmony and tonalities, in music and in life.\" \/>\n<meta name=\"robots\" content=\"index, follow, max-snippet:-1, max-image-preview:large, max-video-preview:-1\" \/>\n<link rel=\"canonical\" href=\"https:\/\/tonalibus.org\/fr\/inner-circle\/tec-repository\/exploration-courses\/\" \/>\n<meta property=\"og:locale\" content=\"fr_FR\" \/>\n<meta property=\"og:type\" content=\"article\" \/>\n<meta property=\"og:title\" content=\"Exploration Courses &#8211; TONALIBUS, Harmony and Tonlities\" \/>\n<meta property=\"og:description\" content=\"Tonalibus exploration courses aim at deepening one&#039;s understanding and insights about harmony and tonalities, in music and in life.\" \/>\n<meta property=\"og:url\" content=\"https:\/\/tonalibus.org\/fr\/inner-circle\/tec-repository\/exploration-courses\/\" \/>\n<meta property=\"og:site_name\" content=\"TONALIBUS\" \/>\n<meta property=\"article:modified_time\" content=\"2023-08-02T15:45:24+00:00\" \/>\n<meta property=\"og:image\" content=\"https:\/\/tonalibus.org\/wp-content\/uploads\/2020\/06\/IMG_2909xc.jpg\" \/>\n<meta name=\"twitter:card\" content=\"summary_large_image\" \/>\n<meta name=\"twitter:label1\" content=\"Dur\u00e9e de lecture estim\u00e9e\" \/>\n\t<meta name=\"twitter:data1\" content=\"3 minutes\" \/>\n<script type=\"application\/ld+json\" class=\"yoast-schema-graph\">{\"@context\":\"https:\\\/\\\/schema.org\",\"@graph\":[{\"@type\":\"WebPage\",\"@id\":\"https:\\\/\\\/tonalibus.org\\\/en\\\/inner-circle\\\/tec-repository\\\/exploration-courses\\\/\",\"url\":\"https:\\\/\\\/tonalibus.org\\\/en\\\/inner-circle\\\/tec-repository\\\/exploration-courses\\\/\",\"name\":\"Exploration Courses &#8211; TONALIBUS, Harmony and Tonlities\",\"isPartOf\":{\"@id\":\"https:\\\/\\\/tonalibus.org\\\/de\\\/#website\"},\"primaryImageOfPage\":{\"@id\":\"https:\\\/\\\/tonalibus.org\\\/en\\\/inner-circle\\\/tec-repository\\\/exploration-courses\\\/#primaryimage\"},\"image\":{\"@id\":\"https:\\\/\\\/tonalibus.org\\\/en\\\/inner-circle\\\/tec-repository\\\/exploration-courses\\\/#primaryimage\"},\"thumbnailUrl\":\"https:\\\/\\\/tonalibus.org\\\/wp-content\\\/uploads\\\/2020\\\/06\\\/IMG_2909xc.jpg\",\"datePublished\":\"2020-07-11T14:18:45+00:00\",\"dateModified\":\"2023-08-02T15:45:24+00:00\",\"description\":\"Tonalibus exploration courses aim at deepening one's understanding and insights about harmony and tonalities, in music and in life.\",\"breadcrumb\":{\"@id\":\"https:\\\/\\\/tonalibus.org\\\/en\\\/inner-circle\\\/tec-repository\\\/exploration-courses\\\/#breadcrumb\"},\"inLanguage\":\"fr-FR\",\"potentialAction\":[{\"@type\":\"ReadAction\",\"target\":[\"https:\\\/\\\/tonalibus.org\\\/en\\\/inner-circle\\\/tec-repository\\\/exploration-courses\\\/\"]}]},{\"@type\":\"ImageObject\",\"inLanguage\":\"fr-FR\",\"@id\":\"https:\\\/\\\/tonalibus.org\\\/en\\\/inner-circle\\\/tec-repository\\\/exploration-courses\\\/#primaryimage\",\"url\":\"https:\\\/\\\/tonalibus.org\\\/wp-content\\\/uploads\\\/2020\\\/06\\\/IMG_2909xc.jpg\",\"contentUrl\":\"https:\\\/\\\/tonalibus.org\\\/wp-content\\\/uploads\\\/2020\\\/06\\\/IMG_2909xc.jpg\"},{\"@type\":\"BreadcrumbList\",\"@id\":\"https:\\\/\\\/tonalibus.org\\\/en\\\/inner-circle\\\/tec-repository\\\/exploration-courses\\\/#breadcrumb\",\"itemListElement\":[{\"@type\":\"ListItem\",\"position\":1,\"name\":\"Home\",\"item\":\"https:\\\/\\\/tonalibus.org\\\/\"},{\"@type\":\"ListItem\",\"position\":2,\"name\":\"Protected: Inner Circle\",\"item\":\"https:\\\/\\\/tonalibus.org\\\/en\\\/inner-circle\\\/\"},{\"@type\":\"ListItem\",\"position\":3,\"name\":\"Protected: TEC Repository\",\"item\":\"https:\\\/\\\/tonalibus.org\\\/en\\\/inner-circle\\\/tec-repository\\\/\"},{\"@type\":\"ListItem\",\"position\":4,\"name\":\"Exploration Courses\"}]},{\"@type\":\"WebSite\",\"@id\":\"https:\\\/\\\/tonalibus.org\\\/de\\\/#website\",\"url\":\"https:\\\/\\\/tonalibus.org\\\/de\\\/\",\"name\":\"TONALIBUS\",\"description\":\"Anchored Harmony and Tonalities\",\"publisher\":{\"@id\":\"https:\\\/\\\/tonalibus.org\\\/de\\\/#\\\/schema\\\/person\\\/749261d7bc96d1f00127273f83ab96a4\"},\"potentialAction\":[{\"@type\":\"SearchAction\",\"target\":{\"@type\":\"EntryPoint\",\"urlTemplate\":\"https:\\\/\\\/tonalibus.org\\\/de\\\/?s={search_term_string}\"},\"query-input\":{\"@type\":\"PropertyValueSpecification\",\"valueRequired\":true,\"valueName\":\"search_term_string\"}}],\"inLanguage\":\"fr-FR\"},{\"@type\":[\"Person\",\"Organization\"],\"@id\":\"https:\\\/\\\/tonalibus.org\\\/de\\\/#\\\/schema\\\/person\\\/749261d7bc96d1f00127273f83ab96a4\",\"name\":\"Ulrico\",\"image\":{\"@type\":\"ImageObject\",\"inLanguage\":\"fr-FR\",\"@id\":\"https:\\\/\\\/tonalibus.org\\\/wp-content\\\/uploads\\\/2020\\\/06\\\/uli-pix.jpg\",\"url\":\"https:\\\/\\\/tonalibus.org\\\/wp-content\\\/uploads\\\/2020\\\/06\\\/uli-pix.jpg\",\"contentUrl\":\"https:\\\/\\\/tonalibus.org\\\/wp-content\\\/uploads\\\/2020\\\/06\\\/uli-pix.jpg\",\"width\":960,\"height\":720,\"caption\":\"Ulrico\"},\"logo\":{\"@id\":\"https:\\\/\\\/tonalibus.org\\\/wp-content\\\/uploads\\\/2020\\\/06\\\/uli-pix.jpg\"},\"sameAs\":[\"https:\\\/\\\/tonalibus.cyon.site\"]}]}<\/script>\n<!-- \/ Yoast SEO plugin. -->","yoast_head_json":{"title":"Cours d'exploration - TONALIBUS, Harmonie et Tonalit\u00e9s","description":"Les cours d'exploration de Tonalibus visent \u00e0 approfondir la compr\u00e9hension et la perception de l'harmonie et des tonalit\u00e9s, dans la musique et dans la vie.","robots":{"index":"index","follow":"follow","max-snippet":"max-snippet:-1","max-image-preview":"max-image-preview:large","max-video-preview":"max-video-preview:-1"},"canonical":"https:\/\/tonalibus.org\/fr\/inner-circle\/tec-repository\/exploration-courses\/","og_locale":"fr_FR","og_type":"article","og_title":"Exploration Courses &#8211; TONALIBUS, Harmony and Tonlities","og_description":"Tonalibus exploration courses aim at deepening one's understanding and insights about harmony and tonalities, in music and in life.","og_url":"https:\/\/tonalibus.org\/fr\/inner-circle\/tec-repository\/exploration-courses\/","og_site_name":"TONALIBUS","article_modified_time":"2023-08-02T15:45:24+00:00","og_image":[{"url":"https:\/\/tonalibus.org\/wp-content\/uploads\/2020\/06\/IMG_2909xc.jpg","type":"","width":"","height":""}],"twitter_card":"summary_large_image","twitter_misc":{"Dur\u00e9e de lecture estim\u00e9e":"3 minutes"},"schema":{"@context":"https:\/\/schema.org","@graph":[{"@type":"WebPage","@id":"https:\/\/tonalibus.org\/en\/inner-circle\/tec-repository\/exploration-courses\/","url":"https:\/\/tonalibus.org\/en\/inner-circle\/tec-repository\/exploration-courses\/","name":"Cours d'exploration - TONALIBUS, Harmonie et Tonalit\u00e9s","isPartOf":{"@id":"https:\/\/tonalibus.org\/de\/#website"},"primaryImageOfPage":{"@id":"https:\/\/tonalibus.org\/en\/inner-circle\/tec-repository\/exploration-courses\/#primaryimage"},"image":{"@id":"https:\/\/tonalibus.org\/en\/inner-circle\/tec-repository\/exploration-courses\/#primaryimage"},"thumbnailUrl":"https:\/\/tonalibus.org\/wp-content\/uploads\/2020\/06\/IMG_2909xc.jpg","datePublished":"2020-07-11T14:18:45+00:00","dateModified":"2023-08-02T15:45:24+00:00","description":"Les cours d'exploration de Tonalibus visent \u00e0 approfondir la compr\u00e9hension et la perception de l'harmonie et des tonalit\u00e9s, dans la musique et dans la vie.","breadcrumb":{"@id":"https:\/\/tonalibus.org\/en\/inner-circle\/tec-repository\/exploration-courses\/#breadcrumb"},"inLanguage":"fr-FR","potentialAction":[{"@type":"ReadAction","target":["https:\/\/tonalibus.org\/en\/inner-circle\/tec-repository\/exploration-courses\/"]}]},{"@type":"ImageObject","inLanguage":"fr-FR","@id":"https:\/\/tonalibus.org\/en\/inner-circle\/tec-repository\/exploration-courses\/#primaryimage","url":"https:\/\/tonalibus.org\/wp-content\/uploads\/2020\/06\/IMG_2909xc.jpg","contentUrl":"https:\/\/tonalibus.org\/wp-content\/uploads\/2020\/06\/IMG_2909xc.jpg"},{"@type":"BreadcrumbList","@id":"https:\/\/tonalibus.org\/en\/inner-circle\/tec-repository\/exploration-courses\/#breadcrumb","itemListElement":[{"@type":"ListItem","position":1,"name":"Home","item":"https:\/\/tonalibus.org\/"},{"@type":"ListItem","position":2,"name":"Protected: Inner Circle","item":"https:\/\/tonalibus.org\/en\/inner-circle\/"},{"@type":"ListItem","position":3,"name":"Protected: TEC Repository","item":"https:\/\/tonalibus.org\/en\/inner-circle\/tec-repository\/"},{"@type":"ListItem","position":4,"name":"Exploration Courses"}]},{"@type":"WebSite","@id":"https:\/\/tonalibus.org\/de\/#website","url":"https:\/\/tonalibus.org\/de\/","name":"TONALIBUS","description":"Harmonie et tonalit\u00e9s ancr\u00e9es","publisher":{"@id":"https:\/\/tonalibus.org\/de\/#\/schema\/person\/749261d7bc96d1f00127273f83ab96a4"},"potentialAction":[{"@type":"SearchAction","target":{"@type":"EntryPoint","urlTemplate":"https:\/\/tonalibus.org\/de\/?s={search_term_string}"},"query-input":{"@type":"PropertyValueSpecification","valueRequired":true,"valueName":"search_term_string"}}],"inLanguage":"fr-FR"},{"@type":["Person","Organization"],"@id":"https:\/\/tonalibus.org\/de\/#\/schema\/person\/749261d7bc96d1f00127273f83ab96a4","name":"Ulrico","image":{"@type":"ImageObject","inLanguage":"fr-FR","@id":"https:\/\/tonalibus.org\/wp-content\/uploads\/2020\/06\/uli-pix.jpg","url":"https:\/\/tonalibus.org\/wp-content\/uploads\/2020\/06\/uli-pix.jpg","contentUrl":"https:\/\/tonalibus.org\/wp-content\/uploads\/2020\/06\/uli-pix.jpg","width":960,"height":720,"caption":"Ulrico"},"logo":{"@id":"https:\/\/tonalibus.org\/wp-content\/uploads\/2020\/06\/uli-pix.jpg"},"sameAs":["https:\/\/tonalibus.cyon.site"]}]}},"_links":{"self":[{"href":"https:\/\/tonalibus.org\/fr\/wp-json\/wp\/v2\/pages\/2417","targetHints":{"allow":["GET"]}}],"collection":[{"href":"https:\/\/tonalibus.org\/fr\/wp-json\/wp\/v2\/pages"}],"about":[{"href":"https:\/\/tonalibus.org\/fr\/wp-json\/wp\/v2\/types\/page"}],"author":[{"embeddable":true,"href":"https:\/\/tonalibus.org\/fr\/wp-json\/wp\/v2\/users\/1"}],"replies":[{"embeddable":true,"href":"https:\/\/tonalibus.org\/fr\/wp-json\/wp\/v2\/comments?post=2417"}],"version-history":[{"count":0,"href":"https:\/\/tonalibus.org\/fr\/wp-json\/wp\/v2\/pages\/2417\/revisions"}],"up":[{"embeddable":true,"href":"https:\/\/tonalibus.org\/fr\/wp-json\/wp\/v2\/pages\/5562"}],"wp:attachment":[{"href":"https:\/\/tonalibus.org\/fr\/wp-json\/wp\/v2\/media?parent=2417"}],"curies":[{"name":"wp","href":"https:\/\/api.w.org\/{rel}","templated":true}]}}