{"id":2438,"date":"2020-07-11T16:35:53","date_gmt":"2020-07-11T14:35:53","guid":{"rendered":"https:\/\/tonalibus.org\/?page_id=2438"},"modified":"2023-08-02T17:44:54","modified_gmt":"2023-08-02T15:44:54","slug":"mini-concerts","status":"publish","type":"page","link":"https:\/\/tonalibus.org\/fr\/inner-circle\/mcs-repository\/mini-concerts\/","title":{"rendered":"Sessions de mini-concert"},"content":{"rendered":"<p class=\"has-text-color\" id=\"MCS-request\" style=\"color:#f7b320\">Tonalibus propose des sessions de mini-concert ouvertes, priv\u00e9es et personnelles. Leur objectif premier est l'\u00e9l\u00e9vation apaisante, les qualit\u00e9s m\u00e9ditatives et contemplatives de la musique, la relaxation et la r\u00e9g\u00e9n\u00e9ration de toutes les personnes pr\u00e9sentes, comparables aux mantras sonores ou aux \u00e9chantillons sonores en loop de chaque tonalit\u00e9 dans le catalogue des <a href=\"https:\/\/tonalibus.org\/fr\/tonalities\/\"><mark style=\"background-color:rgba(0, 0, 0, 0);color:#f7b320\" class=\"has-inline-color\">tonalit\u00e9s ancr\u00e9es<\/mark><\/a>.<\/p>\n\n\n\n<div class=\"wp-block-buttons is-horizontal is-content-justification-center is-layout-flex wp-container-core-buttons-is-layout-499968f5 wp-block-buttons-is-layout-flex\">\n<div class=\"wp-block-button is-style-outline is-style-outline--1\"><a class=\"wp-block-button__link\" href=\"https:\/\/tonalibus.org\/fr\/shop\/mini-concerts\/private-mini-concert\/\">Session de min-concert<br>priv\u00e9e ou personnelle <\/a><\/div>\n\n\n\n<div class=\"wp-block-button is-style-outline is-style-outline--2\"><a class=\"wp-block-button__link\" href=\"https:\/\/tonalibus.org\/fr\/shop\/mini-concerts\/open-mini-concerts\/\">Sessions de mini-concert ouvertes<br> Demande de si\u00e8ge<\/a><\/div>\n<\/div>\n\n\n\n<div style=\"height:44px\" aria-hidden=\"true\" class=\"wp-block-spacer\"><\/div>\n\n\n\n<p class=\"has-text-color\" style=\"color:#f7b320\">Les mini-concerts seront improvis\u00e9s, bas\u00e9s sur des th\u00e8mes sp\u00e9cifiques ou spontan\u00e9s, des tonalit\u00e9s ancr\u00e9es, et leurs modulations qui s'adaptent autant que possible au moment et aux individus pr\u00e9sents ; et ils pourront inclure des exercices d'harmonisation, \u00e9ventuellement des mantras sonores pour <a aria-label=\"ind\u00e9fini (ouvre un nouvel onglet)\" href=\"https:\/\/fr.wikipedia.org\/wiki\/Contemplation\" target=\"_blank\" rel=\"noreferrer noopener\"><mark style=\"background-color:rgba(0, 0, 0, 0);color:#f7b320\" class=\"has-inline-color\">la contemplation<\/mark><\/a> ou <a href=\"https:\/\/fr.wikipedia.org\/wiki\/M\u00e9ditation\" target=\"_blank\" rel=\"noreferrer noopener\"><mark style=\"background-color:rgba(0, 0, 0, 0);color:#f7b320\" class=\"has-inline-color\">la m\u00e9ditation<\/mark><\/a>, auxquelles tous sont libres de participer aussi activement que chacun le souhaite. <\/p>\n\n\n\n<h2 class=\"has-text-color wp-block-heading\" id=\"mini-concert-session-details\" style=\"color:#f7b320\">D\u00e9tails des sessions de mini-concert<\/h2>\n\n\n\n<p class=\"has-text-color\" style=\"color:#f7b320\">Sauf indication contraire, les mini-concert ont lieu dans un petit studio priv\u00e9 \u00e0 environ 10 km de Berne, en Suisse, et pr\u00e9sentent <a href=\"https:\/\/tonalibus.org\/fr\/about-tonalibus\/ulrico\/\"><mark style=\"background-color:rgba(0, 0, 0, 0);color:#f7b320\" class=\"has-inline-color\">Ulrico<\/mark><\/a> sur divers instruments \u00e0 cordes, \u00e0 bois, \u00e0 percussion et \u00e0 clavier. Les transports publics permettent de s'y rendre en quelques minutes \u00e0 pied. Les voitures peuvent se garer dans la rue du quartier. Des informations d\u00e9taill\u00e9es vous seront fournies dans votre confirmation de concert ou de r\u00e9servation de si\u00e8ge. <\/p>\n\n\n\n<p class=\"has-text-color\" style=\"color:#f7b320\">Vous pouvez demander une <a href=\"#MCS-request\"><mark style=\"background-color:rgba(0, 0, 0, 0);color:#f7b320\" class=\"has-inline-color\">session de mini-concert priv\u00e9e ou personnelle<\/mark><\/a> au studio. Avec des arrangements sp\u00e9ciaux, nous consid\u00e9rons exceptionnellement d'autres lieux. Exemple d'un <a href=\"https:\/\/tonalibus.org\/wp-content\/uploads\/2021\/03\/Tonaliconcert-2021-03-07.pdf\" target=\"_blank\" rel=\"noreferrer noopener\"><mark style=\"background-color:rgba(0, 0, 0, 0);color:#f7b320\" class=\"has-inline-color\">programme d'une session de mini-concert priv\u00e9e<\/mark><\/a> (pdf).<\/p>\n\n\n\n<p class=\"has-text-color\" style=\"color:#f7b320\">Parfois, des s\u00e9ances de mini-concert sont ouvertes au public (\u00e9chantillon de <a href=\"https:\/\/tonalibus.org\/wp-content\/uploads\/2021\/01\/Tonaliconcert-2020-12-16.pdf\" target=\"_blank\" rel=\"noreferrer noopener\"><mark style=\"background-color:rgba(0, 0, 0, 0);color:#f7b320\" class=\"has-inline-color\">programme d'une session de mini-concert ouverte<\/mark><\/a> en format pdf). Comme il n'y a que quelques si\u00e8ges disponibles dans le studio, il est n\u00e9cessaire de r\u00e9server. L'entr\u00e9e est gratuite. Un panier de dons sera disponible sur place, au cas o\u00f9 vous souhaiteriez faire une contribution. Lorsqu'elles sont propos\u00e9es, vous trouverez les dates des sessions de mini-concert planifi\u00e9es sur l'\u00e9cran de <a href=\"#MCS-request\"><mark style=\"background-color:rgba(0, 0, 0, 0);color:#f7b320\" class=\"has-inline-color\">demande de si\u00e8ges pour des sessions de mini-concert ouvertes<\/mark><\/a> . <\/p>\n\n\n\n<div style=\"height:50px\" aria-hidden=\"true\" class=\"wp-block-spacer\"><\/div>\n\n\n\n<div class=\"wp-block-image\"><figure class=\"aligncenter size-large is-resized\"><a href=\"https:\/\/tonalibus.org\/fr\/about\/personal-sound-samples\/\"><img loading=\"lazy\" decoding=\"async\" src=\"https:\/\/tonalibus.org\/wp-content\/uploads\/2020\/06\/Kiental-2020-02.jpg\" alt=\"Keintal\" class=\"wp-image-1350\" width=\"348\" height=\"382\" srcset=\"https:\/\/tonalibus.org\/wp-content\/uploads\/2020\/06\/Kiental-2020-02.jpg 482w, https:\/\/tonalibus.org\/wp-content\/uploads\/2020\/06\/Kiental-2020-02-273x300.jpg 273w\" sizes=\"auto, (max-width: 348px) 100vw, 348px\" \/><\/a><figcaption>Ulrico \u00e0 Kiental - f\u00e9v. 2020 - photo de Francisco Garcia<\/figcaption><\/figure><\/div>\n\n\n\n<p><\/p>","protected":false},"excerpt":{"rendered":"<p>Tonalibus propose des sessions de mini-concert ouvertes, priv\u00e9es et personnelles. L'accent est mis sur l'\u00e9l\u00e9vation apaisante, les qualit\u00e9s m\u00e9ditatives et contemplatives de la musique, la relaxation et la r\u00e9g\u00e9n\u00e9ration de toutes les personnes pr\u00e9sentes, comparables aux mantras sonores ou aux boucles d'\u00e9chantillons sonores de chaque tonalit\u00e9 dans le catalogue des tonalit\u00e9s ancr\u00e9es. Les sessions de mini-concert seront improvis\u00e9es, bas\u00e9es sur des ... <\/p>\n<p class=\"link-more\"><a href=\"https:\/\/tonalibus.org\/fr\/inner-circle\/mcs-repository\/mini-concerts\/\" class=\"more-link\">Continuer la lecture<span class=\"screen-reader-text\"> de \" Sessions de mini-concert \"<\/span><\/a><\/p>","protected":false},"author":1,"featured_media":0,"parent":5557,"menu_order":60,"comment_status":"closed","ping_status":"closed","template":"","meta":{"footnotes":""},"class_list":["post-2438","page","type-page","status-publish","hentry"],"yoast_head":"<!-- This site is optimized with the Yoast SEO plugin v27.4 - https:\/\/yoast.com\/product\/yoast-seo-wordpress\/ -->\n<title>Mini-Concert Sessions &#8211; TONALIBUS, Harmony and Tonalities<\/title>\n<meta name=\"description\" content=\"Tonalibus offers monthly open sound mantra-type mini-concert sessions, as well as private or personal sound mantra mini-concert sessions.\" \/>\n<meta name=\"robots\" content=\"index, follow, max-snippet:-1, max-image-preview:large, max-video-preview:-1\" \/>\n<link rel=\"canonical\" href=\"https:\/\/tonalibus.org\/fr\/inner-circle\/mcs-repository\/mini-concerts\/\" \/>\n<meta property=\"og:locale\" content=\"fr_FR\" \/>\n<meta property=\"og:type\" content=\"article\" \/>\n<meta property=\"og:title\" content=\"Mini-Concert Sessions &#8211; TONALIBUS, Harmony and Tonalities\" \/>\n<meta property=\"og:description\" content=\"Tonalibus offers monthly open sound mantra-type mini-concert sessions, as well as private or personal sound mantra mini-concert sessions.\" \/>\n<meta property=\"og:url\" content=\"https:\/\/tonalibus.org\/fr\/inner-circle\/mcs-repository\/mini-concerts\/\" \/>\n<meta property=\"og:site_name\" content=\"TONALIBUS\" \/>\n<meta property=\"article:modified_time\" content=\"2023-08-02T15:44:54+00:00\" \/>\n<meta property=\"og:image\" content=\"https:\/\/tonalibus.org\/wp-content\/uploads\/2020\/06\/Kiental-2020-02.jpg\" \/>\n<meta name=\"twitter:card\" content=\"summary_large_image\" \/>\n<meta name=\"twitter:label1\" content=\"Dur\u00e9e de lecture estim\u00e9e\" \/>\n\t<meta name=\"twitter:data1\" content=\"2 minutes\" \/>\n<script type=\"application\/ld+json\" class=\"yoast-schema-graph\">{\"@context\":\"https:\\\/\\\/schema.org\",\"@graph\":[{\"@type\":\"WebPage\",\"@id\":\"https:\\\/\\\/tonalibus.org\\\/it\\\/inner-circle\\\/mcs-repository\\\/mini-concerts\\\/\",\"url\":\"https:\\\/\\\/tonalibus.org\\\/it\\\/inner-circle\\\/mcs-repository\\\/mini-concerts\\\/\",\"name\":\"Mini-Concert Sessions &#8211; TONALIBUS, Harmony and Tonalities\",\"isPartOf\":{\"@id\":\"https:\\\/\\\/tonalibus.org\\\/de\\\/#website\"},\"primaryImageOfPage\":{\"@id\":\"https:\\\/\\\/tonalibus.org\\\/it\\\/inner-circle\\\/mcs-repository\\\/mini-concerts\\\/#primaryimage\"},\"image\":{\"@id\":\"https:\\\/\\\/tonalibus.org\\\/it\\\/inner-circle\\\/mcs-repository\\\/mini-concerts\\\/#primaryimage\"},\"thumbnailUrl\":\"https:\\\/\\\/tonalibus.org\\\/wp-content\\\/uploads\\\/2020\\\/06\\\/Kiental-2020-02.jpg\",\"datePublished\":\"2020-07-11T14:35:53+00:00\",\"dateModified\":\"2023-08-02T15:44:54+00:00\",\"description\":\"Tonalibus offers monthly open sound mantra-type mini-concert sessions, as well as private or personal sound mantra mini-concert sessions.\",\"breadcrumb\":{\"@id\":\"https:\\\/\\\/tonalibus.org\\\/it\\\/inner-circle\\\/mcs-repository\\\/mini-concerts\\\/#breadcrumb\"},\"inLanguage\":\"fr-FR\",\"potentialAction\":[{\"@type\":\"ReadAction\",\"target\":[\"https:\\\/\\\/tonalibus.org\\\/it\\\/inner-circle\\\/mcs-repository\\\/mini-concerts\\\/\"]}]},{\"@type\":\"ImageObject\",\"inLanguage\":\"fr-FR\",\"@id\":\"https:\\\/\\\/tonalibus.org\\\/it\\\/inner-circle\\\/mcs-repository\\\/mini-concerts\\\/#primaryimage\",\"url\":\"https:\\\/\\\/tonalibus.org\\\/wp-content\\\/uploads\\\/2020\\\/06\\\/Kiental-2020-02.jpg\",\"contentUrl\":\"https:\\\/\\\/tonalibus.org\\\/wp-content\\\/uploads\\\/2020\\\/06\\\/Kiental-2020-02.jpg\"},{\"@type\":\"BreadcrumbList\",\"@id\":\"https:\\\/\\\/tonalibus.org\\\/it\\\/inner-circle\\\/mcs-repository\\\/mini-concerts\\\/#breadcrumb\",\"itemListElement\":[{\"@type\":\"ListItem\",\"position\":1,\"name\":\"Home\",\"item\":\"https:\\\/\\\/tonalibus.org\\\/\"},{\"@type\":\"ListItem\",\"position\":2,\"name\":\"Protected: Inner Circle\",\"item\":\"https:\\\/\\\/tonalibus.org\\\/en\\\/inner-circle\\\/\"},{\"@type\":\"ListItem\",\"position\":3,\"name\":\"Prot\u00e9g\u00e9\u00a0: MCS Repository\",\"item\":\"https:\\\/\\\/tonalibus.org\\\/fr\\\/inner-circle\\\/mcs-repository\\\/\"},{\"@type\":\"ListItem\",\"position\":4,\"name\":\"Mini-Concert Sessions\"}]},{\"@type\":\"WebSite\",\"@id\":\"https:\\\/\\\/tonalibus.org\\\/de\\\/#website\",\"url\":\"https:\\\/\\\/tonalibus.org\\\/de\\\/\",\"name\":\"TONALIBUS\",\"description\":\"Anchored Harmony and Tonalities\",\"publisher\":{\"@id\":\"https:\\\/\\\/tonalibus.org\\\/de\\\/#\\\/schema\\\/person\\\/749261d7bc96d1f00127273f83ab96a4\"},\"potentialAction\":[{\"@type\":\"SearchAction\",\"target\":{\"@type\":\"EntryPoint\",\"urlTemplate\":\"https:\\\/\\\/tonalibus.org\\\/de\\\/?s={search_term_string}\"},\"query-input\":{\"@type\":\"PropertyValueSpecification\",\"valueRequired\":true,\"valueName\":\"search_term_string\"}}],\"inLanguage\":\"fr-FR\"},{\"@type\":[\"Person\",\"Organization\"],\"@id\":\"https:\\\/\\\/tonalibus.org\\\/de\\\/#\\\/schema\\\/person\\\/749261d7bc96d1f00127273f83ab96a4\",\"name\":\"Ulrico\",\"image\":{\"@type\":\"ImageObject\",\"inLanguage\":\"fr-FR\",\"@id\":\"https:\\\/\\\/tonalibus.org\\\/wp-content\\\/uploads\\\/2020\\\/06\\\/uli-pix.jpg\",\"url\":\"https:\\\/\\\/tonalibus.org\\\/wp-content\\\/uploads\\\/2020\\\/06\\\/uli-pix.jpg\",\"contentUrl\":\"https:\\\/\\\/tonalibus.org\\\/wp-content\\\/uploads\\\/2020\\\/06\\\/uli-pix.jpg\",\"width\":960,\"height\":720,\"caption\":\"Ulrico\"},\"logo\":{\"@id\":\"https:\\\/\\\/tonalibus.org\\\/wp-content\\\/uploads\\\/2020\\\/06\\\/uli-pix.jpg\"},\"sameAs\":[\"https:\\\/\\\/tonalibus.cyon.site\"]}]}<\/script>\n<!-- \/ Yoast SEO plugin. -->","yoast_head_json":{"title":"Mini-concert - TONALIBUS, Harmonie et tonalit\u00e9s","description":"Tonalibus propose des mini-concerts mensuels de type mantra sonore ouvert, ainsi que des mini-concerts de mantra sonore priv\u00e9s ou personnels.","robots":{"index":"index","follow":"follow","max-snippet":"max-snippet:-1","max-image-preview":"max-image-preview:large","max-video-preview":"max-video-preview:-1"},"canonical":"https:\/\/tonalibus.org\/fr\/inner-circle\/mcs-repository\/mini-concerts\/","og_locale":"fr_FR","og_type":"article","og_title":"Mini-Concert Sessions &#8211; TONALIBUS, Harmony and Tonalities","og_description":"Tonalibus offers monthly open sound mantra-type mini-concert sessions, as well as private or personal sound mantra mini-concert sessions.","og_url":"https:\/\/tonalibus.org\/fr\/inner-circle\/mcs-repository\/mini-concerts\/","og_site_name":"TONALIBUS","article_modified_time":"2023-08-02T15:44:54+00:00","og_image":[{"url":"https:\/\/tonalibus.org\/wp-content\/uploads\/2020\/06\/Kiental-2020-02.jpg","type":"","width":"","height":""}],"twitter_card":"summary_large_image","twitter_misc":{"Dur\u00e9e de lecture estim\u00e9e":"2 minutes"},"schema":{"@context":"https:\/\/schema.org","@graph":[{"@type":"WebPage","@id":"https:\/\/tonalibus.org\/it\/inner-circle\/mcs-repository\/mini-concerts\/","url":"https:\/\/tonalibus.org\/it\/inner-circle\/mcs-repository\/mini-concerts\/","name":"Mini-concert - TONALIBUS, Harmonie et tonalit\u00e9s","isPartOf":{"@id":"https:\/\/tonalibus.org\/de\/#website"},"primaryImageOfPage":{"@id":"https:\/\/tonalibus.org\/it\/inner-circle\/mcs-repository\/mini-concerts\/#primaryimage"},"image":{"@id":"https:\/\/tonalibus.org\/it\/inner-circle\/mcs-repository\/mini-concerts\/#primaryimage"},"thumbnailUrl":"https:\/\/tonalibus.org\/wp-content\/uploads\/2020\/06\/Kiental-2020-02.jpg","datePublished":"2020-07-11T14:35:53+00:00","dateModified":"2023-08-02T15:44:54+00:00","description":"Tonalibus propose des mini-concerts mensuels de type mantra sonore ouvert, ainsi que des mini-concerts de mantra sonore priv\u00e9s ou personnels.","breadcrumb":{"@id":"https:\/\/tonalibus.org\/it\/inner-circle\/mcs-repository\/mini-concerts\/#breadcrumb"},"inLanguage":"fr-FR","potentialAction":[{"@type":"ReadAction","target":["https:\/\/tonalibus.org\/it\/inner-circle\/mcs-repository\/mini-concerts\/"]}]},{"@type":"ImageObject","inLanguage":"fr-FR","@id":"https:\/\/tonalibus.org\/it\/inner-circle\/mcs-repository\/mini-concerts\/#primaryimage","url":"https:\/\/tonalibus.org\/wp-content\/uploads\/2020\/06\/Kiental-2020-02.jpg","contentUrl":"https:\/\/tonalibus.org\/wp-content\/uploads\/2020\/06\/Kiental-2020-02.jpg"},{"@type":"BreadcrumbList","@id":"https:\/\/tonalibus.org\/it\/inner-circle\/mcs-repository\/mini-concerts\/#breadcrumb","itemListElement":[{"@type":"ListItem","position":1,"name":"Home","item":"https:\/\/tonalibus.org\/"},{"@type":"ListItem","position":2,"name":"Protected: Inner Circle","item":"https:\/\/tonalibus.org\/en\/inner-circle\/"},{"@type":"ListItem","position":3,"name":"Prot\u00e9g\u00e9\u00a0: MCS Repository","item":"https:\/\/tonalibus.org\/fr\/inner-circle\/mcs-repository\/"},{"@type":"ListItem","position":4,"name":"Mini-Concert Sessions"}]},{"@type":"WebSite","@id":"https:\/\/tonalibus.org\/de\/#website","url":"https:\/\/tonalibus.org\/de\/","name":"TONALIBUS","description":"Harmonie et tonalit\u00e9s ancr\u00e9es","publisher":{"@id":"https:\/\/tonalibus.org\/de\/#\/schema\/person\/749261d7bc96d1f00127273f83ab96a4"},"potentialAction":[{"@type":"SearchAction","target":{"@type":"EntryPoint","urlTemplate":"https:\/\/tonalibus.org\/de\/?s={search_term_string}"},"query-input":{"@type":"PropertyValueSpecification","valueRequired":true,"valueName":"search_term_string"}}],"inLanguage":"fr-FR"},{"@type":["Person","Organization"],"@id":"https:\/\/tonalibus.org\/de\/#\/schema\/person\/749261d7bc96d1f00127273f83ab96a4","name":"Ulrico","image":{"@type":"ImageObject","inLanguage":"fr-FR","@id":"https:\/\/tonalibus.org\/wp-content\/uploads\/2020\/06\/uli-pix.jpg","url":"https:\/\/tonalibus.org\/wp-content\/uploads\/2020\/06\/uli-pix.jpg","contentUrl":"https:\/\/tonalibus.org\/wp-content\/uploads\/2020\/06\/uli-pix.jpg","width":960,"height":720,"caption":"Ulrico"},"logo":{"@id":"https:\/\/tonalibus.org\/wp-content\/uploads\/2020\/06\/uli-pix.jpg"},"sameAs":["https:\/\/tonalibus.cyon.site"]}]}},"_links":{"self":[{"href":"https:\/\/tonalibus.org\/fr\/wp-json\/wp\/v2\/pages\/2438","targetHints":{"allow":["GET"]}}],"collection":[{"href":"https:\/\/tonalibus.org\/fr\/wp-json\/wp\/v2\/pages"}],"about":[{"href":"https:\/\/tonalibus.org\/fr\/wp-json\/wp\/v2\/types\/page"}],"author":[{"embeddable":true,"href":"https:\/\/tonalibus.org\/fr\/wp-json\/wp\/v2\/users\/1"}],"replies":[{"embeddable":true,"href":"https:\/\/tonalibus.org\/fr\/wp-json\/wp\/v2\/comments?post=2438"}],"version-history":[{"count":0,"href":"https:\/\/tonalibus.org\/fr\/wp-json\/wp\/v2\/pages\/2438\/revisions"}],"up":[{"embeddable":true,"href":"https:\/\/tonalibus.org\/fr\/wp-json\/wp\/v2\/pages\/5557"}],"wp:attachment":[{"href":"https:\/\/tonalibus.org\/fr\/wp-json\/wp\/v2\/media?parent=2438"}],"curies":[{"name":"wp","href":"https:\/\/api.w.org\/{rel}","templated":true}]}}