{"id":25705,"date":"2023-06-16T16:25:13","date_gmt":"2023-06-16T14:25:13","guid":{"rendered":"https:\/\/tonalibus.org\/?page_id=25705"},"modified":"2024-04-15T10:12:21","modified_gmt":"2024-04-15T08:12:21","slug":"playlist-i-j-k","status":"publish","type":"page","link":"https:\/\/tonalibus.org\/fr\/shop\/playlists-2\/playlist-i-j-k\/","title":{"rendered":"Playlist I, J &amp; K"},"content":{"rendered":"<div class=\"wp-block-buttons is-content-justification-center is-layout-flex wp-container-core-buttons-is-layout-16018d1d wp-block-buttons-is-layout-flex\">\n<div class=\"wp-block-button is-style-outline is-style-outline--1\"><a class=\"wp-block-button__link wp-element-button\" href=\"#samp\"><sup>SAMPLER<\/sup><br><img loading=\"lazy\" decoding=\"async\" width=\"110\" height=\"110\" class=\"wp-image-25666\" style=\"width: 110px;\" src=\"https:\/\/tonalibus.org\/wp-content\/uploads\/2023\/06\/20220515_202745414_iOS-xc1-sqr-IJK.jpg\" alt=\"\" srcset=\"https:\/\/tonalibus.org\/wp-content\/uploads\/2023\/06\/20220515_202745414_iOS-xc1-sqr-IJK.jpg 2065w, https:\/\/tonalibus.org\/wp-content\/uploads\/2023\/06\/20220515_202745414_iOS-xc1-sqr-IJK-300x300.jpg 300w, https:\/\/tonalibus.org\/wp-content\/uploads\/2023\/06\/20220515_202745414_iOS-xc1-sqr-IJK-1024x1024.jpg 1024w, https:\/\/tonalibus.org\/wp-content\/uploads\/2023\/06\/20220515_202745414_iOS-xc1-sqr-IJK-150x150.jpg 150w, https:\/\/tonalibus.org\/wp-content\/uploads\/2023\/06\/20220515_202745414_iOS-xc1-sqr-IJK-768x768.jpg 768w, https:\/\/tonalibus.org\/wp-content\/uploads\/2023\/06\/20220515_202745414_iOS-xc1-sqr-IJK-1536x1536.jpg 1536w, https:\/\/tonalibus.org\/wp-content\/uploads\/2023\/06\/20220515_202745414_iOS-xc1-sqr-IJK-2048x2048.jpg 2048w, https:\/\/tonalibus.org\/wp-content\/uploads\/2023\/06\/20220515_202745414_iOS-xc1-sqr-IJK-12x12.jpg 12w, https:\/\/tonalibus.org\/wp-content\/uploads\/2023\/06\/20220515_202745414_iOS-xc1-sqr-IJK-100x100.jpg 100w, https:\/\/tonalibus.org\/wp-content\/uploads\/2023\/06\/20220515_202745414_iOS-xc1-sqr-IJK-1320x1320.jpg 1320w, https:\/\/tonalibus.org\/wp-content\/uploads\/2023\/06\/20220515_202745414_iOS-xc1-sqr-IJK-560x560.jpg 560w\" sizes=\"auto, (max-width: 110px) 100vw, 110px\" \/><\/a><\/div>\n\n\n\n<div class=\"wp-block-button is-style-outline is-style-outline--2\"><a class=\"wp-block-button__link wp-element-button\" href=\"#k\"><sup>\u2013 'K' \u2013<\/sup><br><img loading=\"lazy\" decoding=\"async\" width=\"110\" height=\"110\" class=\"wp-image-25658\" style=\"width: 110px;\" src=\"https:\/\/tonalibus.org\/wp-content\/uploads\/2023\/06\/20220515_202745414_iOS-xc1-sqr-k.jpg\" alt=\"\" srcset=\"https:\/\/tonalibus.org\/wp-content\/uploads\/2023\/06\/20220515_202745414_iOS-xc1-sqr-k.jpg 2065w, https:\/\/tonalibus.org\/wp-content\/uploads\/2023\/06\/20220515_202745414_iOS-xc1-sqr-k-300x300.jpg 300w, https:\/\/tonalibus.org\/wp-content\/uploads\/2023\/06\/20220515_202745414_iOS-xc1-sqr-k-1024x1024.jpg 1024w, https:\/\/tonalibus.org\/wp-content\/uploads\/2023\/06\/20220515_202745414_iOS-xc1-sqr-k-150x150.jpg 150w, https:\/\/tonalibus.org\/wp-content\/uploads\/2023\/06\/20220515_202745414_iOS-xc1-sqr-k-768x768.jpg 768w, https:\/\/tonalibus.org\/wp-content\/uploads\/2023\/06\/20220515_202745414_iOS-xc1-sqr-k-1536x1536.jpg 1536w, https:\/\/tonalibus.org\/wp-content\/uploads\/2023\/06\/20220515_202745414_iOS-xc1-sqr-k-2048x2048.jpg 2048w, https:\/\/tonalibus.org\/wp-content\/uploads\/2023\/06\/20220515_202745414_iOS-xc1-sqr-k-12x12.jpg 12w, https:\/\/tonalibus.org\/wp-content\/uploads\/2023\/06\/20220515_202745414_iOS-xc1-sqr-k-100x100.jpg 100w, https:\/\/tonalibus.org\/wp-content\/uploads\/2023\/06\/20220515_202745414_iOS-xc1-sqr-k-1320x1320.jpg 1320w, https:\/\/tonalibus.org\/wp-content\/uploads\/2023\/06\/20220515_202745414_iOS-xc1-sqr-k-560x560.jpg 560w\" sizes=\"auto, (max-width: 110px) 100vw, 110px\" \/><\/a><\/div>\n\n\n\n<div class=\"wp-block-button is-style-outline is-style-outline--3\"><a class=\"wp-block-button__link wp-element-button\" href=\"#j\"><sup>\u2013 'J' \u2013<\/sup><br><img loading=\"lazy\" decoding=\"async\" width=\"110\" height=\"110\" class=\"wp-image-24762\" style=\"width: 110px;\" src=\"https:\/\/tonalibus.org\/wp-content\/uploads\/2023\/03\/20220515_202745414_iOS-xc1-sqr-J.jpg\" alt=\"\" srcset=\"https:\/\/tonalibus.org\/wp-content\/uploads\/2023\/03\/20220515_202745414_iOS-xc1-sqr-J.jpg 2065w, https:\/\/tonalibus.org\/wp-content\/uploads\/2023\/03\/20220515_202745414_iOS-xc1-sqr-J-300x300.jpg 300w, https:\/\/tonalibus.org\/wp-content\/uploads\/2023\/03\/20220515_202745414_iOS-xc1-sqr-J-1024x1024.jpg 1024w, https:\/\/tonalibus.org\/wp-content\/uploads\/2023\/03\/20220515_202745414_iOS-xc1-sqr-J-150x150.jpg 150w, https:\/\/tonalibus.org\/wp-content\/uploads\/2023\/03\/20220515_202745414_iOS-xc1-sqr-J-768x768.jpg 768w, https:\/\/tonalibus.org\/wp-content\/uploads\/2023\/03\/20220515_202745414_iOS-xc1-sqr-J-1536x1536.jpg 1536w, https:\/\/tonalibus.org\/wp-content\/uploads\/2023\/03\/20220515_202745414_iOS-xc1-sqr-J-2048x2048.jpg 2048w, https:\/\/tonalibus.org\/wp-content\/uploads\/2023\/03\/20220515_202745414_iOS-xc1-sqr-J-12x12.jpg 12w, https:\/\/tonalibus.org\/wp-content\/uploads\/2023\/03\/20220515_202745414_iOS-xc1-sqr-J-100x100.jpg 100w, https:\/\/tonalibus.org\/wp-content\/uploads\/2023\/03\/20220515_202745414_iOS-xc1-sqr-J-1320x1320.jpg 1320w, https:\/\/tonalibus.org\/wp-content\/uploads\/2023\/03\/20220515_202745414_iOS-xc1-sqr-J-560x560.jpg 560w\" sizes=\"auto, (max-width: 110px) 100vw, 110px\" \/><\/a><\/div>\n\n\n\n<div class=\"wp-block-button is-style-outline is-style-outline--4\"><a class=\"wp-block-button__link wp-element-button\" href=\"#i\"><sup>\u2013 'I' \u2013<\/sup><br><img loading=\"lazy\" decoding=\"async\" width=\"110\" height=\"110\" class=\"wp-image-22348\" style=\"width: 110px;\" src=\"https:\/\/tonalibus.org\/wp-content\/uploads\/2023\/01\/20220515_202745414_iOS-xc1-sqr-I.jpg\" alt=\"\" srcset=\"https:\/\/tonalibus.org\/wp-content\/uploads\/2023\/01\/20220515_202745414_iOS-xc1-sqr-I.jpg 2065w, https:\/\/tonalibus.org\/wp-content\/uploads\/2023\/01\/20220515_202745414_iOS-xc1-sqr-I-300x300.jpg 300w, https:\/\/tonalibus.org\/wp-content\/uploads\/2023\/01\/20220515_202745414_iOS-xc1-sqr-I-1024x1024.jpg 1024w, https:\/\/tonalibus.org\/wp-content\/uploads\/2023\/01\/20220515_202745414_iOS-xc1-sqr-I-150x150.jpg 150w, https:\/\/tonalibus.org\/wp-content\/uploads\/2023\/01\/20220515_202745414_iOS-xc1-sqr-I-768x768.jpg 768w, https:\/\/tonalibus.org\/wp-content\/uploads\/2023\/01\/20220515_202745414_iOS-xc1-sqr-I-1536x1536.jpg 1536w, https:\/\/tonalibus.org\/wp-content\/uploads\/2023\/01\/20220515_202745414_iOS-xc1-sqr-I-2048x2048.jpg 2048w, https:\/\/tonalibus.org\/wp-content\/uploads\/2023\/01\/20220515_202745414_iOS-xc1-sqr-I-12x12.jpg 12w, https:\/\/tonalibus.org\/wp-content\/uploads\/2023\/01\/20220515_202745414_iOS-xc1-sqr-I-100x100.jpg 100w, https:\/\/tonalibus.org\/wp-content\/uploads\/2023\/01\/20220515_202745414_iOS-xc1-sqr-I-1320x1320.jpg 1320w, https:\/\/tonalibus.org\/wp-content\/uploads\/2023\/01\/20220515_202745414_iOS-xc1-sqr-I-560x560.jpg 560w\" sizes=\"auto, (max-width: 110px) 100vw, 110px\" \/><\/a><\/div>\n<\/div>\n\n\n\n<div style=\"height:50px\" aria-hidden=\"true\" class=\"wp-block-spacer\"><\/div>\n\n\n\n<p class=\"has-text-color\" style=\"color:#f7b320\">L'album <em><a href=\"https:\/\/tonalibus.org\/fr\/shop\/tonalibus-i-j-k-album\/\"><mark style=\"background-color:rgba(0, 0, 0, 0);color:#f7b320\" class=\"has-inline-color\">Tonalibus I, J &amp; K<\/mark><\/a><\/em> a \u00e9t\u00e9 publi\u00e9 en janvier 2024 sur les principales plateformes musicales mondiales.<em> <\/em>La playlist \u201cTonalibus I\u201d commence au d\u00e9but de 2023, la playlist \u201cJ\u201d au printemps et \u201cK\u201d \u00e0 l'\u00e9t\u00e9 2023.<\/p>\n\n\n\n<h2 class=\"wp-block-heading has-text-color has-link-color wp-elements-03da09a33fe2f17002e6bb5130058278\" id=\"samp\" style=\"color:#f7b320\"><strong><em>Tonalibus IJK sampler<\/em><\/strong> \u2013 s\u00e9lection de 10 pi\u00e8ces, 78 minutes<\/h2>\n\n\n<div id=\"audioigniter-32116\" class=\"audioigniter-root\" data-player-type=\"full\" data-tracks-url=\"https:\/\/tonalibus.org\/fr\/?audioigniter_playlist_id=32116\" data-display-track-no=\"false\" data-reverse-track-order=\"false\" data-display-tracklist-covers=\"true\" data-display-active-cover=\"true\" data-display-artist-names=\"true\" data-display-buy-buttons=\"true\" data-buy-buttons-target=\"true\" data-cycle-tracks=\"false\" data-display-credits=\"false\" data-display-tracklist=\"true\" data-allow-tracklist-toggle=\"true\" data-allow-tracklist-loop=\"true\" data-limit-tracklist-height=\"false\" data-volume=\"70\" data-tracklist-height=\"0\" data-allow-track-loop=\"true\" data-shuffle=\"true\" data-shuffle-default=\"false\" data-allow-playback-rate=\"false\" data-timer-countdown=\"true\" data-skip-amount=\"30\" data-stop-on-finish=\"false\" data-remember-last=\"false\" data-player-buttons=\"[]\" ><\/div>\n\n\n\n<h2 class=\"wp-block-heading has-text-color\" id=\"k\" style=\"color:#f7b320\"><strong><em>Rafra\u00eechissant comme une brise d'\u00e9t\u00e9<\/em><\/strong> \u2013 14 pi\u00e8ces, 80\u00bd min.<\/h2>\n\n\n<div id=\"audioigniter-25654\" class=\"audioigniter-root\" data-player-type=\"full\" data-tracks-url=\"https:\/\/tonalibus.org\/fr\/?audioigniter_playlist_id=25654\" data-display-track-no=\"false\" data-reverse-track-order=\"false\" data-display-tracklist-covers=\"true\" data-display-active-cover=\"true\" data-display-artist-names=\"true\" data-display-buy-buttons=\"true\" data-buy-buttons-target=\"true\" data-cycle-tracks=\"false\" data-display-credits=\"false\" data-display-tracklist=\"true\" data-allow-tracklist-toggle=\"true\" data-allow-tracklist-loop=\"true\" data-limit-tracklist-height=\"false\" data-volume=\"70\" data-tracklist-height=\"0\" data-allow-track-loop=\"true\" data-shuffle=\"true\" data-shuffle-default=\"false\" data-allow-playback-rate=\"false\" data-timer-countdown=\"true\" data-skip-amount=\"30\" data-tracks-delay=\"0\" data-stop-on-finish=\"false\" data-remember-last=\"false\" data-player-buttons=\"[]\" ><\/div>\n\n\n\n<h2 class=\"wp-block-heading has-text-color\" id=\"j\" style=\"color:#f7b320\"><strong><em>Bienvenu en libert\u00e9 relative<\/em><\/strong> \u2013 13 pi\u00e8ces, 88 minutes<\/h2>\n\n\n<div id=\"audioigniter-24771\" class=\"audioigniter-root\" data-player-type=\"full\" data-tracks-url=\"https:\/\/tonalibus.org\/fr\/?audioigniter_playlist_id=24771\" data-display-track-no=\"false\" data-reverse-track-order=\"false\" data-display-tracklist-covers=\"true\" data-display-active-cover=\"true\" data-display-artist-names=\"true\" data-display-buy-buttons=\"true\" data-buy-buttons-target=\"true\" data-cycle-tracks=\"false\" data-display-credits=\"false\" data-display-tracklist=\"true\" data-allow-tracklist-toggle=\"true\" data-allow-tracklist-loop=\"true\" data-limit-tracklist-height=\"false\" data-volume=\"70\" data-tracklist-height=\"0\" data-allow-track-loop=\"true\" data-shuffle=\"true\" data-shuffle-default=\"false\" data-allow-playback-rate=\"false\" data-timer-countdown=\"true\" data-skip-amount=\"30\" data-tracks-delay=\"0\" data-stop-on-finish=\"false\" data-remember-last=\"false\" data-player-buttons=\"[]\" ><\/div>\n\n\n\n<h2 class=\"wp-block-heading has-text-color\" id=\"i\" style=\"color:#f7b320\"><strong><em>Un pas en avant dans un nouveau monde<\/em><\/strong> \u2013 10 pi\u00e9ces, 80 min.<\/h2>\n\n\n<div id=\"audioigniter-22345\" class=\"audioigniter-root\" data-player-type=\"full\" data-tracks-url=\"https:\/\/tonalibus.org\/fr\/?audioigniter_playlist_id=22345\" data-display-track-no=\"false\" data-reverse-track-order=\"false\" data-display-tracklist-covers=\"true\" data-display-active-cover=\"true\" data-display-artist-names=\"true\" data-display-buy-buttons=\"true\" data-buy-buttons-target=\"true\" data-cycle-tracks=\"false\" data-display-credits=\"false\" data-display-tracklist=\"true\" data-allow-tracklist-toggle=\"true\" data-allow-tracklist-loop=\"true\" data-limit-tracklist-height=\"false\" data-volume=\"70\" data-tracklist-height=\"0\" data-allow-track-loop=\"true\" data-shuffle=\"true\" data-shuffle-default=\"false\" data-allow-playback-rate=\"false\" data-timer-countdown=\"true\" data-skip-amount=\"30\" data-tracks-delay=\"0\" data-stop-on-finish=\"false\" data-remember-last=\"false\" data-player-buttons=\"[]\" ><\/div>\n\n\n\n<div style=\"height:55px\" aria-hidden=\"true\" class=\"wp-block-spacer\"><\/div>\n\n\n<div class=\"wp-block-image\">\n<figure class=\"aligncenter size-large is-resized\"><img loading=\"lazy\" decoding=\"async\" width=\"1024\" height=\"1024\" src=\"https:\/\/tonalibus.org\/wp-content\/uploads\/2023\/05\/20220515_202745414_iOS-xc1-sqr-sml-1024x1024.jpg\" alt=\"Playlist I, J &amp; K\" class=\"wp-image-25133\" style=\"object-fit:contain;width:465px;height:465px\" srcset=\"https:\/\/tonalibus.org\/wp-content\/uploads\/2023\/05\/20220515_202745414_iOS-xc1-sqr-sml-1024x1024.jpg 1024w, https:\/\/tonalibus.org\/wp-content\/uploads\/2023\/05\/20220515_202745414_iOS-xc1-sqr-sml-300x300.jpg 300w, https:\/\/tonalibus.org\/wp-content\/uploads\/2023\/05\/20220515_202745414_iOS-xc1-sqr-sml-150x150.jpg 150w, https:\/\/tonalibus.org\/wp-content\/uploads\/2023\/05\/20220515_202745414_iOS-xc1-sqr-sml-768x768.jpg 768w, https:\/\/tonalibus.org\/wp-content\/uploads\/2023\/05\/20220515_202745414_iOS-xc1-sqr-sml-1536x1536.jpg 1536w, https:\/\/tonalibus.org\/wp-content\/uploads\/2023\/05\/20220515_202745414_iOS-xc1-sqr-sml-2048x2048.jpg 2048w, https:\/\/tonalibus.org\/wp-content\/uploads\/2023\/05\/20220515_202745414_iOS-xc1-sqr-sml-12x12.jpg 12w, https:\/\/tonalibus.org\/wp-content\/uploads\/2023\/05\/20220515_202745414_iOS-xc1-sqr-sml-100x100.jpg 100w, https:\/\/tonalibus.org\/wp-content\/uploads\/2023\/05\/20220515_202745414_iOS-xc1-sqr-sml-1320x1320.jpg 1320w, https:\/\/tonalibus.org\/wp-content\/uploads\/2023\/05\/20220515_202745414_iOS-xc1-sqr-sml-560x560.jpg 560w\" sizes=\"auto, (max-width: 706px) 89vw, (max-width: 767px) 82vw, 740px\" \/><\/figure>\n<\/div>","protected":false},"excerpt":{"rendered":"<p>L'album Tonalibus I, J &amp; K est sorti en janvier 2024 sur les principales plateformes musicales mondiales. La liste de lecture \"Tonalibus I\" commence au d\u00e9but de l'ann\u00e9e 2023, la liste de lecture \"J\" au printemps et la liste de lecture \"K\" \u00e0 l'\u00e9t\u00e9 2023. Tonalibus IJK sampler - s\u00e9lection de 10 morceaux, 78 minutes Refreshing like a summer breeze - 14 morceaux, 80\u00bd minutes.... <\/p>\n<p class=\"link-more\"><a href=\"https:\/\/tonalibus.org\/fr\/shop\/playlists-2\/playlist-i-j-k\/\" class=\"more-link\">Continuer la lecture<span class=\"screen-reader-text\"> de \" Playlist I, J &amp; K \"<\/span><\/a><\/p>","protected":false},"author":1,"featured_media":0,"parent":15628,"menu_order":14,"comment_status":"closed","ping_status":"closed","template":"","meta":{"footnotes":""},"class_list":["post-25705","page","type-page","status-publish","hentry"],"yoast_head":"<!-- This site is optimized with the Yoast SEO plugin v27.4 - https:\/\/yoast.com\/product\/yoast-seo-wordpress\/ -->\n<title>Playlist I, J &amp; K &#8211; TONALIBUS Harmony and Tonalities<\/title>\n<meta name=\"description\" content=\"Playlist &quot;Tonalibus I&quot; offers sounds from the beginning of 2023, playlist &quot;J&quot; from spring and &quot;K&quot; from summer 2023.\" \/>\n<meta name=\"robots\" content=\"index, follow, max-snippet:-1, max-image-preview:large, max-video-preview:-1\" \/>\n<link rel=\"canonical\" href=\"https:\/\/tonalibus.org\/fr\/shop\/playlists-2\/playlist-i-j-k\/\" \/>\n<meta property=\"og:locale\" content=\"fr_FR\" \/>\n<meta property=\"og:type\" content=\"article\" \/>\n<meta property=\"og:title\" content=\"Playlist I, J &amp; K &#8211; TONALIBUS Harmony and Tonalities\" \/>\n<meta property=\"og:description\" content=\"Playlist &quot;Tonalibus I&quot; offers sounds from the beginning of 2023, playlist &quot;J&quot; from spring and &quot;K&quot; from summer 2023.\" \/>\n<meta property=\"og:url\" content=\"https:\/\/tonalibus.org\/fr\/shop\/playlists-2\/playlist-i-j-k\/\" \/>\n<meta property=\"og:site_name\" content=\"TONALIBUS\" \/>\n<meta property=\"article:modified_time\" content=\"2024-04-15T08:12:21+00:00\" \/>\n<meta property=\"og:image\" content=\"https:\/\/tonalibus.org\/wp-content\/uploads\/2023\/06\/20220515_202745414_iOS-xc1-sqr-IJK.jpg\" \/>\n<meta name=\"twitter:card\" content=\"summary_large_image\" \/>\n<meta name=\"twitter:label1\" content=\"Dur\u00e9e de lecture estim\u00e9e\" \/>\n\t<meta name=\"twitter:data1\" content=\"2 minutes\" \/>\n<script type=\"application\/ld+json\" class=\"yoast-schema-graph\">{\"@context\":\"https:\\\/\\\/schema.org\",\"@graph\":[{\"@type\":\"WebPage\",\"@id\":\"https:\\\/\\\/tonalibus.org\\\/shop\\\/playlists-2\\\/playlist-i-j-k\\\/\",\"url\":\"https:\\\/\\\/tonalibus.org\\\/shop\\\/playlists-2\\\/playlist-i-j-k\\\/\",\"name\":\"Playlist I, J & K &#8211; TONALIBUS Harmony and Tonalities\",\"isPartOf\":{\"@id\":\"https:\\\/\\\/tonalibus.org\\\/de\\\/#website\"},\"primaryImageOfPage\":{\"@id\":\"https:\\\/\\\/tonalibus.org\\\/shop\\\/playlists-2\\\/playlist-i-j-k\\\/#primaryimage\"},\"image\":{\"@id\":\"https:\\\/\\\/tonalibus.org\\\/shop\\\/playlists-2\\\/playlist-i-j-k\\\/#primaryimage\"},\"thumbnailUrl\":\"https:\\\/\\\/tonalibus.org\\\/wp-content\\\/uploads\\\/2023\\\/06\\\/20220515_202745414_iOS-xc1-sqr-IJK.jpg\",\"datePublished\":\"2023-06-16T14:25:13+00:00\",\"dateModified\":\"2024-04-15T08:12:21+00:00\",\"description\":\"Playlist \\\"Tonalibus I\\\" offers sounds from the beginning of 2023, playlist \\\"J\\\" from spring and \\\"K\\\" from summer 2023.\",\"breadcrumb\":{\"@id\":\"https:\\\/\\\/tonalibus.org\\\/shop\\\/playlists-2\\\/playlist-i-j-k\\\/#breadcrumb\"},\"inLanguage\":\"fr-FR\",\"potentialAction\":[{\"@type\":\"ReadAction\",\"target\":[\"https:\\\/\\\/tonalibus.org\\\/shop\\\/playlists-2\\\/playlist-i-j-k\\\/\"]}]},{\"@type\":\"ImageObject\",\"inLanguage\":\"fr-FR\",\"@id\":\"https:\\\/\\\/tonalibus.org\\\/shop\\\/playlists-2\\\/playlist-i-j-k\\\/#primaryimage\",\"url\":\"https:\\\/\\\/tonalibus.org\\\/wp-content\\\/uploads\\\/2023\\\/06\\\/20220515_202745414_iOS-xc1-sqr-IJK.jpg\",\"contentUrl\":\"https:\\\/\\\/tonalibus.org\\\/wp-content\\\/uploads\\\/2023\\\/06\\\/20220515_202745414_iOS-xc1-sqr-IJK.jpg\"},{\"@type\":\"BreadcrumbList\",\"@id\":\"https:\\\/\\\/tonalibus.org\\\/shop\\\/playlists-2\\\/playlist-i-j-k\\\/#breadcrumb\",\"itemListElement\":[{\"@type\":\"ListItem\",\"position\":1,\"name\":\"Home\",\"item\":\"https:\\\/\\\/tonalibus.org\\\/\"},{\"@type\":\"ListItem\",\"position\":2,\"name\":\"Fidibus Shop\",\"item\":\"https:\\\/\\\/tonalibus.org\\\/shop\\\/\"},{\"@type\":\"ListItem\",\"position\":3,\"name\":\"Playlists\",\"item\":\"https:\\\/\\\/tonalibus.org\\\/shop\\\/playlists-2\\\/\"},{\"@type\":\"ListItem\",\"position\":4,\"name\":\"Playlist I, J &#038; K\"}]},{\"@type\":\"WebSite\",\"@id\":\"https:\\\/\\\/tonalibus.org\\\/de\\\/#website\",\"url\":\"https:\\\/\\\/tonalibus.org\\\/de\\\/\",\"name\":\"TONALIBUS\",\"description\":\"Anchored Harmony and Tonalities\",\"publisher\":{\"@id\":\"https:\\\/\\\/tonalibus.org\\\/de\\\/#\\\/schema\\\/person\\\/749261d7bc96d1f00127273f83ab96a4\"},\"potentialAction\":[{\"@type\":\"SearchAction\",\"target\":{\"@type\":\"EntryPoint\",\"urlTemplate\":\"https:\\\/\\\/tonalibus.org\\\/de\\\/?s={search_term_string}\"},\"query-input\":{\"@type\":\"PropertyValueSpecification\",\"valueRequired\":true,\"valueName\":\"search_term_string\"}}],\"inLanguage\":\"fr-FR\"},{\"@type\":[\"Person\",\"Organization\"],\"@id\":\"https:\\\/\\\/tonalibus.org\\\/de\\\/#\\\/schema\\\/person\\\/749261d7bc96d1f00127273f83ab96a4\",\"name\":\"Ulrico\",\"image\":{\"@type\":\"ImageObject\",\"inLanguage\":\"fr-FR\",\"@id\":\"https:\\\/\\\/tonalibus.org\\\/wp-content\\\/uploads\\\/2020\\\/06\\\/uli-pix.jpg\",\"url\":\"https:\\\/\\\/tonalibus.org\\\/wp-content\\\/uploads\\\/2020\\\/06\\\/uli-pix.jpg\",\"contentUrl\":\"https:\\\/\\\/tonalibus.org\\\/wp-content\\\/uploads\\\/2020\\\/06\\\/uli-pix.jpg\",\"width\":960,\"height\":720,\"caption\":\"Ulrico\"},\"logo\":{\"@id\":\"https:\\\/\\\/tonalibus.org\\\/wp-content\\\/uploads\\\/2020\\\/06\\\/uli-pix.jpg\"},\"sameAs\":[\"https:\\\/\\\/tonalibus.cyon.site\"]}]}<\/script>\n<!-- \/ Yoast SEO plugin. -->","yoast_head_json":{"title":"Playlist I, J &amp; K - TONALIBUS Harmonie et tonalit\u00e9s","description":"La liste de lecture \"Tonalibus I\" propose des sons du d\u00e9but de l'ann\u00e9e 2023, la liste de lecture \"J\" du printemps et la liste de lecture \"K\" de l'\u00e9t\u00e9 2023.","robots":{"index":"index","follow":"follow","max-snippet":"max-snippet:-1","max-image-preview":"max-image-preview:large","max-video-preview":"max-video-preview:-1"},"canonical":"https:\/\/tonalibus.org\/fr\/shop\/playlists-2\/playlist-i-j-k\/","og_locale":"fr_FR","og_type":"article","og_title":"Playlist I, J & K &#8211; TONALIBUS Harmony and Tonalities","og_description":"Playlist \"Tonalibus I\" offers sounds from the beginning of 2023, playlist \"J\" from spring and \"K\" from summer 2023.","og_url":"https:\/\/tonalibus.org\/fr\/shop\/playlists-2\/playlist-i-j-k\/","og_site_name":"TONALIBUS","article_modified_time":"2024-04-15T08:12:21+00:00","og_image":[{"url":"https:\/\/tonalibus.org\/wp-content\/uploads\/2023\/06\/20220515_202745414_iOS-xc1-sqr-IJK.jpg","type":"","width":"","height":""}],"twitter_card":"summary_large_image","twitter_misc":{"Dur\u00e9e de lecture estim\u00e9e":"2 minutes"},"schema":{"@context":"https:\/\/schema.org","@graph":[{"@type":"WebPage","@id":"https:\/\/tonalibus.org\/shop\/playlists-2\/playlist-i-j-k\/","url":"https:\/\/tonalibus.org\/shop\/playlists-2\/playlist-i-j-k\/","name":"Playlist I, J &amp; K - TONALIBUS Harmonie et tonalit\u00e9s","isPartOf":{"@id":"https:\/\/tonalibus.org\/de\/#website"},"primaryImageOfPage":{"@id":"https:\/\/tonalibus.org\/shop\/playlists-2\/playlist-i-j-k\/#primaryimage"},"image":{"@id":"https:\/\/tonalibus.org\/shop\/playlists-2\/playlist-i-j-k\/#primaryimage"},"thumbnailUrl":"https:\/\/tonalibus.org\/wp-content\/uploads\/2023\/06\/20220515_202745414_iOS-xc1-sqr-IJK.jpg","datePublished":"2023-06-16T14:25:13+00:00","dateModified":"2024-04-15T08:12:21+00:00","description":"La liste de lecture \"Tonalibus I\" propose des sons du d\u00e9but de l'ann\u00e9e 2023, la liste de lecture \"J\" du printemps et la liste de lecture \"K\" de l'\u00e9t\u00e9 2023.","breadcrumb":{"@id":"https:\/\/tonalibus.org\/shop\/playlists-2\/playlist-i-j-k\/#breadcrumb"},"inLanguage":"fr-FR","potentialAction":[{"@type":"ReadAction","target":["https:\/\/tonalibus.org\/shop\/playlists-2\/playlist-i-j-k\/"]}]},{"@type":"ImageObject","inLanguage":"fr-FR","@id":"https:\/\/tonalibus.org\/shop\/playlists-2\/playlist-i-j-k\/#primaryimage","url":"https:\/\/tonalibus.org\/wp-content\/uploads\/2023\/06\/20220515_202745414_iOS-xc1-sqr-IJK.jpg","contentUrl":"https:\/\/tonalibus.org\/wp-content\/uploads\/2023\/06\/20220515_202745414_iOS-xc1-sqr-IJK.jpg"},{"@type":"BreadcrumbList","@id":"https:\/\/tonalibus.org\/shop\/playlists-2\/playlist-i-j-k\/#breadcrumb","itemListElement":[{"@type":"ListItem","position":1,"name":"Home","item":"https:\/\/tonalibus.org\/"},{"@type":"ListItem","position":2,"name":"Fidibus Shop","item":"https:\/\/tonalibus.org\/shop\/"},{"@type":"ListItem","position":3,"name":"Playlists","item":"https:\/\/tonalibus.org\/shop\/playlists-2\/"},{"@type":"ListItem","position":4,"name":"Playlist I, J &#038; K"}]},{"@type":"WebSite","@id":"https:\/\/tonalibus.org\/de\/#website","url":"https:\/\/tonalibus.org\/de\/","name":"TONALIBUS","description":"Harmonie et tonalit\u00e9s ancr\u00e9es","publisher":{"@id":"https:\/\/tonalibus.org\/de\/#\/schema\/person\/749261d7bc96d1f00127273f83ab96a4"},"potentialAction":[{"@type":"SearchAction","target":{"@type":"EntryPoint","urlTemplate":"https:\/\/tonalibus.org\/de\/?s={search_term_string}"},"query-input":{"@type":"PropertyValueSpecification","valueRequired":true,"valueName":"search_term_string"}}],"inLanguage":"fr-FR"},{"@type":["Person","Organization"],"@id":"https:\/\/tonalibus.org\/de\/#\/schema\/person\/749261d7bc96d1f00127273f83ab96a4","name":"Ulrico","image":{"@type":"ImageObject","inLanguage":"fr-FR","@id":"https:\/\/tonalibus.org\/wp-content\/uploads\/2020\/06\/uli-pix.jpg","url":"https:\/\/tonalibus.org\/wp-content\/uploads\/2020\/06\/uli-pix.jpg","contentUrl":"https:\/\/tonalibus.org\/wp-content\/uploads\/2020\/06\/uli-pix.jpg","width":960,"height":720,"caption":"Ulrico"},"logo":{"@id":"https:\/\/tonalibus.org\/wp-content\/uploads\/2020\/06\/uli-pix.jpg"},"sameAs":["https:\/\/tonalibus.cyon.site"]}]}},"_links":{"self":[{"href":"https:\/\/tonalibus.org\/fr\/wp-json\/wp\/v2\/pages\/25705","targetHints":{"allow":["GET"]}}],"collection":[{"href":"https:\/\/tonalibus.org\/fr\/wp-json\/wp\/v2\/pages"}],"about":[{"href":"https:\/\/tonalibus.org\/fr\/wp-json\/wp\/v2\/types\/page"}],"author":[{"embeddable":true,"href":"https:\/\/tonalibus.org\/fr\/wp-json\/wp\/v2\/users\/1"}],"replies":[{"embeddable":true,"href":"https:\/\/tonalibus.org\/fr\/wp-json\/wp\/v2\/comments?post=25705"}],"version-history":[{"count":0,"href":"https:\/\/tonalibus.org\/fr\/wp-json\/wp\/v2\/pages\/25705\/revisions"}],"up":[{"embeddable":true,"href":"https:\/\/tonalibus.org\/fr\/wp-json\/wp\/v2\/pages\/15628"}],"wp:attachment":[{"href":"https:\/\/tonalibus.org\/fr\/wp-json\/wp\/v2\/media?parent=25705"}],"curies":[{"name":"wp","href":"https:\/\/api.w.org\/{rel}","templated":true}]}}