{"id":2576,"date":"2020-07-12T20:33:20","date_gmt":"2020-07-12T18:33:20","guid":{"rendered":"https:\/\/tonalibus.org\/?page_id=2576"},"modified":"2023-08-01T15:58:19","modified_gmt":"2023-08-01T13:58:19","slug":"private-mini-concert","status":"publish","type":"page","link":"https:\/\/tonalibus.org\/fr\/inner-circle\/mcs-repository\/mini-concerts\/private-mini-concert\/","title":{"rendered":"Session priv\u00e9e\/personnelle de mini-concert"},"content":{"rendered":"<h2 class=\"has-text-color wp-block-heading\" style=\"color:#f7b320\">Demande de session de mini-concert priv\u00e9e ou personnelle<\/h2>\n\n\n\n<div style=\"height:20px\" aria-hidden=\"true\" class=\"wp-block-spacer\"><\/div>\n\n\n\n\n\n<h3 class=\"has-text-color wp-block-heading\" style=\"color:#f7b320\"><a href=\"https:\/\/tonalibus.org\/fr\/privacy-policy\/\"><span style=\"color:#f7b320\" class=\"has-inline-color\">Politique de confidentialit\u00e9<\/span><\/a><\/h3>\n\n\n\n<div style=\"height:46px\" aria-hidden=\"true\" class=\"wp-block-spacer\"><\/div>\n\n\n\n<p class=\"has-text-color\" style=\"color:#f7b320\">Si vous souhaitez recevoir par e-mail une mise \u00e0 jour mensuelle des nouvelles entr\u00e9es du blog Spiritualibus et des offres du shop Fidibus, vous pouvez vous inscrire \u00e0 la lettre d'information Tonalibus dans le pied de page ci-dessous.<\/p>","protected":false},"excerpt":{"rendered":"<p>Private or personal mini-concert session request Privacy Policy If you would like to receive a monthly e-mail update of new Spiritualibus blog entries and Fidibus shop offers, you are welcome to subscribe to the Tonalibus newsletter in the page footer below.<\/p>","protected":false},"author":1,"featured_media":0,"parent":2438,"menu_order":61,"comment_status":"closed","ping_status":"closed","template":"","meta":{"footnotes":""},"class_list":["post-2576","page","type-page","status-publish","hentry"],"yoast_head":"<!-- This site is optimized with the Yoast SEO plugin v27.4 - https:\/\/yoast.com\/product\/yoast-seo-wordpress\/ -->\n<title>Private\/Personal Mini-Concert Session &#8211; TONALIBUS, Anchored Harmony and Tonalities<\/title>\n<meta name=\"description\" content=\"Here, on this private mini-concert request form, you can request a private or personal mantra mini-concert.\" \/>\n<meta name=\"robots\" content=\"noindex, nofollow\" \/>\n<meta property=\"og:locale\" content=\"fr_FR\" \/>\n<meta property=\"og:type\" content=\"article\" \/>\n<meta property=\"og:title\" content=\"Private\/Personal Mini-Concert Session &#8211; TONALIBUS, Anchored Harmony and Tonalities\" \/>\n<meta property=\"og:description\" content=\"Here, on this private mini-concert request form, you can request a private or personal mantra mini-concert.\" \/>\n<meta property=\"og:url\" content=\"https:\/\/tonalibus.org\/fr\/inner-circle\/mcs-repository\/mini-concerts\/private-mini-concert\/\" \/>\n<meta property=\"og:site_name\" content=\"TONALIBUS\" \/>\n<meta property=\"article:modified_time\" content=\"2023-08-01T13:58:19+00:00\" \/>\n<meta name=\"twitter:card\" content=\"summary_large_image\" \/>\n<meta name=\"twitter:label1\" content=\"Dur\u00e9e de lecture estim\u00e9e\" \/>\n\t<meta name=\"twitter:data1\" content=\"1 minute\" \/>\n<script type=\"application\/ld+json\" class=\"yoast-schema-graph\">{\"@context\":\"https:\\\/\\\/schema.org\",\"@graph\":[{\"@type\":\"WebPage\",\"@id\":\"https:\\\/\\\/tonalibus.org\\\/it\\\/inner-circle\\\/mcs-repository\\\/mini-concerts\\\/private-mini-concert\\\/\",\"url\":\"https:\\\/\\\/tonalibus.org\\\/it\\\/inner-circle\\\/mcs-repository\\\/mini-concerts\\\/private-mini-concert\\\/\",\"name\":\"Private\\\/Personal Mini-Concert Session &#8211; TONALIBUS, Anchored Harmony and Tonalities\",\"isPartOf\":{\"@id\":\"https:\\\/\\\/tonalibus.org\\\/de\\\/#website\"},\"datePublished\":\"2020-07-12T18:33:20+00:00\",\"dateModified\":\"2023-08-01T13:58:19+00:00\",\"description\":\"Here, on this private mini-concert request form, you can request a private or personal mantra mini-concert.\",\"breadcrumb\":{\"@id\":\"https:\\\/\\\/tonalibus.org\\\/it\\\/inner-circle\\\/mcs-repository\\\/mini-concerts\\\/private-mini-concert\\\/#breadcrumb\"},\"inLanguage\":\"fr-FR\",\"potentialAction\":[{\"@type\":\"ReadAction\",\"target\":[\"https:\\\/\\\/tonalibus.org\\\/it\\\/inner-circle\\\/mcs-repository\\\/mini-concerts\\\/private-mini-concert\\\/\"]}]},{\"@type\":\"BreadcrumbList\",\"@id\":\"https:\\\/\\\/tonalibus.org\\\/it\\\/inner-circle\\\/mcs-repository\\\/mini-concerts\\\/private-mini-concert\\\/#breadcrumb\",\"itemListElement\":[{\"@type\":\"ListItem\",\"position\":1,\"name\":\"Home\",\"item\":\"https:\\\/\\\/tonalibus.org\\\/\"},{\"@type\":\"ListItem\",\"position\":2,\"name\":\"Protected: Inner Circle\",\"item\":\"https:\\\/\\\/tonalibus.org\\\/en\\\/inner-circle\\\/\"},{\"@type\":\"ListItem\",\"position\":3,\"name\":\"Prot\u00e9g\u00e9\u00a0: MCS Repository\",\"item\":\"https:\\\/\\\/tonalibus.org\\\/fr\\\/inner-circle\\\/mcs-repository\\\/\"},{\"@type\":\"ListItem\",\"position\":4,\"name\":\"Mini-Concert Sessions\",\"item\":\"https:\\\/\\\/tonalibus.org\\\/it\\\/inner-circle\\\/mcs-repository\\\/mini-concerts\\\/\"},{\"@type\":\"ListItem\",\"position\":5,\"name\":\"Private\\\/Personal Mini-Concert Session\"}]},{\"@type\":\"WebSite\",\"@id\":\"https:\\\/\\\/tonalibus.org\\\/de\\\/#website\",\"url\":\"https:\\\/\\\/tonalibus.org\\\/de\\\/\",\"name\":\"TONALIBUS\",\"description\":\"Anchored Harmony and Tonalities\",\"publisher\":{\"@id\":\"https:\\\/\\\/tonalibus.org\\\/de\\\/#\\\/schema\\\/person\\\/749261d7bc96d1f00127273f83ab96a4\"},\"potentialAction\":[{\"@type\":\"SearchAction\",\"target\":{\"@type\":\"EntryPoint\",\"urlTemplate\":\"https:\\\/\\\/tonalibus.org\\\/de\\\/?s={search_term_string}\"},\"query-input\":{\"@type\":\"PropertyValueSpecification\",\"valueRequired\":true,\"valueName\":\"search_term_string\"}}],\"inLanguage\":\"fr-FR\"},{\"@type\":[\"Person\",\"Organization\"],\"@id\":\"https:\\\/\\\/tonalibus.org\\\/de\\\/#\\\/schema\\\/person\\\/749261d7bc96d1f00127273f83ab96a4\",\"name\":\"Ulrico\",\"image\":{\"@type\":\"ImageObject\",\"inLanguage\":\"fr-FR\",\"@id\":\"https:\\\/\\\/tonalibus.org\\\/wp-content\\\/uploads\\\/2020\\\/06\\\/uli-pix.jpg\",\"url\":\"https:\\\/\\\/tonalibus.org\\\/wp-content\\\/uploads\\\/2020\\\/06\\\/uli-pix.jpg\",\"contentUrl\":\"https:\\\/\\\/tonalibus.org\\\/wp-content\\\/uploads\\\/2020\\\/06\\\/uli-pix.jpg\",\"width\":960,\"height\":720,\"caption\":\"Ulrico\"},\"logo\":{\"@id\":\"https:\\\/\\\/tonalibus.org\\\/wp-content\\\/uploads\\\/2020\\\/06\\\/uli-pix.jpg\"},\"sameAs\":[\"https:\\\/\\\/tonalibus.cyon.site\"]}]}<\/script>\n<!-- \/ Yoast SEO plugin. -->","yoast_head_json":{"title":"Session priv\u00e9e\/personnelle de mini-concert - TONALIBUS, Anchored Harmony and Tonalities","description":"Ici, sur ce formulaire de demande de mini-concert priv\u00e9, vous pouvez demander un mini-concert de mantra priv\u00e9 ou personnel.","robots":{"index":"noindex","follow":"nofollow"},"og_locale":"fr_FR","og_type":"article","og_title":"Private\/Personal Mini-Concert Session &#8211; TONALIBUS, Anchored Harmony and Tonalities","og_description":"Here, on this private mini-concert request form, you can request a private or personal mantra mini-concert.","og_url":"https:\/\/tonalibus.org\/fr\/inner-circle\/mcs-repository\/mini-concerts\/private-mini-concert\/","og_site_name":"TONALIBUS","article_modified_time":"2023-08-01T13:58:19+00:00","twitter_card":"summary_large_image","twitter_misc":{"Dur\u00e9e de lecture estim\u00e9e":"1 minute"},"schema":{"@context":"https:\/\/schema.org","@graph":[{"@type":"WebPage","@id":"https:\/\/tonalibus.org\/it\/inner-circle\/mcs-repository\/mini-concerts\/private-mini-concert\/","url":"https:\/\/tonalibus.org\/it\/inner-circle\/mcs-repository\/mini-concerts\/private-mini-concert\/","name":"Session priv\u00e9e\/personnelle de mini-concert - TONALIBUS, Anchored Harmony and Tonalities","isPartOf":{"@id":"https:\/\/tonalibus.org\/de\/#website"},"datePublished":"2020-07-12T18:33:20+00:00","dateModified":"2023-08-01T13:58:19+00:00","description":"Ici, sur ce formulaire de demande de mini-concert priv\u00e9, vous pouvez demander un mini-concert de mantra priv\u00e9 ou personnel.","breadcrumb":{"@id":"https:\/\/tonalibus.org\/it\/inner-circle\/mcs-repository\/mini-concerts\/private-mini-concert\/#breadcrumb"},"inLanguage":"fr-FR","potentialAction":[{"@type":"ReadAction","target":["https:\/\/tonalibus.org\/it\/inner-circle\/mcs-repository\/mini-concerts\/private-mini-concert\/"]}]},{"@type":"BreadcrumbList","@id":"https:\/\/tonalibus.org\/it\/inner-circle\/mcs-repository\/mini-concerts\/private-mini-concert\/#breadcrumb","itemListElement":[{"@type":"ListItem","position":1,"name":"Home","item":"https:\/\/tonalibus.org\/"},{"@type":"ListItem","position":2,"name":"Protected: Inner Circle","item":"https:\/\/tonalibus.org\/en\/inner-circle\/"},{"@type":"ListItem","position":3,"name":"Prot\u00e9g\u00e9\u00a0: MCS Repository","item":"https:\/\/tonalibus.org\/fr\/inner-circle\/mcs-repository\/"},{"@type":"ListItem","position":4,"name":"Mini-Concert Sessions","item":"https:\/\/tonalibus.org\/it\/inner-circle\/mcs-repository\/mini-concerts\/"},{"@type":"ListItem","position":5,"name":"Private\/Personal Mini-Concert Session"}]},{"@type":"WebSite","@id":"https:\/\/tonalibus.org\/de\/#website","url":"https:\/\/tonalibus.org\/de\/","name":"TONALIBUS","description":"Harmonie et tonalit\u00e9s ancr\u00e9es","publisher":{"@id":"https:\/\/tonalibus.org\/de\/#\/schema\/person\/749261d7bc96d1f00127273f83ab96a4"},"potentialAction":[{"@type":"SearchAction","target":{"@type":"EntryPoint","urlTemplate":"https:\/\/tonalibus.org\/de\/?s={search_term_string}"},"query-input":{"@type":"PropertyValueSpecification","valueRequired":true,"valueName":"search_term_string"}}],"inLanguage":"fr-FR"},{"@type":["Person","Organization"],"@id":"https:\/\/tonalibus.org\/de\/#\/schema\/person\/749261d7bc96d1f00127273f83ab96a4","name":"Ulrico","image":{"@type":"ImageObject","inLanguage":"fr-FR","@id":"https:\/\/tonalibus.org\/wp-content\/uploads\/2020\/06\/uli-pix.jpg","url":"https:\/\/tonalibus.org\/wp-content\/uploads\/2020\/06\/uli-pix.jpg","contentUrl":"https:\/\/tonalibus.org\/wp-content\/uploads\/2020\/06\/uli-pix.jpg","width":960,"height":720,"caption":"Ulrico"},"logo":{"@id":"https:\/\/tonalibus.org\/wp-content\/uploads\/2020\/06\/uli-pix.jpg"},"sameAs":["https:\/\/tonalibus.cyon.site"]}]}},"_links":{"self":[{"href":"https:\/\/tonalibus.org\/fr\/wp-json\/wp\/v2\/pages\/2576","targetHints":{"allow":["GET"]}}],"collection":[{"href":"https:\/\/tonalibus.org\/fr\/wp-json\/wp\/v2\/pages"}],"about":[{"href":"https:\/\/tonalibus.org\/fr\/wp-json\/wp\/v2\/types\/page"}],"author":[{"embeddable":true,"href":"https:\/\/tonalibus.org\/fr\/wp-json\/wp\/v2\/users\/1"}],"replies":[{"embeddable":true,"href":"https:\/\/tonalibus.org\/fr\/wp-json\/wp\/v2\/comments?post=2576"}],"version-history":[{"count":0,"href":"https:\/\/tonalibus.org\/fr\/wp-json\/wp\/v2\/pages\/2576\/revisions"}],"up":[{"embeddable":true,"href":"https:\/\/tonalibus.org\/fr\/wp-json\/wp\/v2\/pages\/2438"}],"wp:attachment":[{"href":"https:\/\/tonalibus.org\/fr\/wp-json\/wp\/v2\/media?parent=2576"}],"curies":[{"name":"wp","href":"https:\/\/api.w.org\/{rel}","templated":true}]}}