{"id":2646,"date":"2020-07-15T18:48:58","date_gmt":"2020-07-15T16:48:58","guid":{"rendered":"https:\/\/tonalibus.org\/?page_id=2646"},"modified":"2023-08-01T16:01:07","modified_gmt":"2023-08-01T14:01:07","slug":"course-inquiry","status":"publish","type":"page","link":"https:\/\/tonalibus.org\/fr\/inner-circle\/tec-repository\/exploration-courses\/course-inquiry\/","title":{"rendered":"Demande de cours d'exploration"},"content":{"rendered":"<h2 class=\"has-text-color wp-block-heading\" style=\"color:#f7b320\">Demande de cours d'exploration<\/h2>\n\n\n\n<div style=\"height:20px\" aria-hidden=\"true\" class=\"wp-block-spacer\"><\/div>\n\n\n\n\n\n<h3 class=\"wp-block-heading\"><a href=\"https:\/\/tonalibus.org\/fr\/privacy-policy\/\"><span style=\"color:#f7b320\" class=\"has-inline-color\">Politique de confidentialit\u00e9<\/span><\/a><\/h3>\n\n\n\n<div style=\"height:43px\" aria-hidden=\"true\" class=\"wp-block-spacer\"><\/div>\n\n\n\n<p class=\"has-text-color\" style=\"color:#f7b320\">Si vous souhaitez recevoir par e-mail une mise \u00e0 jour mensuelle des nouvelles entr\u00e9es du blog Spiritualibus et des offres du shop Fidibus, vous pouvez vous inscrire \u00e0 la lettre d'information Tonalibus dans le pied de page ci-dessous.<\/p>","protected":false},"excerpt":{"rendered":"<p>Exploration course inquiry or request Privacy Policy If you would like to receive a monthly e-mail update of new Spiritualibus blog entries and Fidibus shop offers, you are welcome to subscribe to the Tonalibus newsletter in the page footer below.<\/p>","protected":false},"author":1,"featured_media":0,"parent":2417,"menu_order":71,"comment_status":"closed","ping_status":"closed","template":"","meta":{"footnotes":""},"class_list":["post-2646","page","type-page","status-publish","hentry"],"yoast_head":"<!-- This site is optimized with the Yoast SEO plugin v27.4 - https:\/\/yoast.com\/product\/yoast-seo-wordpress\/ -->\n<title>Course Inquiry \/ Request &#8211; TONALIBUS, Harmony and Tonlaities<\/title>\n<meta name=\"description\" content=\"On the exploration course inquiry or request form you can ask for information about or request Tonalibus exploration courses.\" \/>\n<meta name=\"robots\" content=\"noindex, nofollow\" \/>\n<meta property=\"og:locale\" content=\"fr_FR\" \/>\n<meta property=\"og:type\" content=\"article\" \/>\n<meta property=\"og:title\" content=\"Course Inquiry \/ Request &#8211; TONALIBUS, Harmony and Tonlaities\" \/>\n<meta property=\"og:description\" content=\"On the exploration course inquiry or request form you can ask for information about or request Tonalibus exploration courses.\" \/>\n<meta property=\"og:url\" content=\"https:\/\/tonalibus.org\/fr\/inner-circle\/tec-repository\/exploration-courses\/course-inquiry\/\" \/>\n<meta property=\"og:site_name\" content=\"TONALIBUS\" \/>\n<meta property=\"article:modified_time\" content=\"2023-08-01T14:01:07+00:00\" \/>\n<meta name=\"twitter:card\" content=\"summary_large_image\" \/>\n<script type=\"application\/ld+json\" class=\"yoast-schema-graph\">{\"@context\":\"https:\\\/\\\/schema.org\",\"@graph\":[{\"@type\":\"WebPage\",\"@id\":\"https:\\\/\\\/tonalibus.org\\\/en\\\/inner-circle\\\/tec-repository\\\/exploration-courses\\\/course-inquiry\\\/\",\"url\":\"https:\\\/\\\/tonalibus.org\\\/en\\\/inner-circle\\\/tec-repository\\\/exploration-courses\\\/course-inquiry\\\/\",\"name\":\"Course Inquiry \\\/ Request &#8211; TONALIBUS, Harmony and Tonlaities\",\"isPartOf\":{\"@id\":\"https:\\\/\\\/tonalibus.org\\\/de\\\/#website\"},\"datePublished\":\"2020-07-15T16:48:58+00:00\",\"dateModified\":\"2023-08-01T14:01:07+00:00\",\"description\":\"On the exploration course inquiry or request form you can ask for information about or request Tonalibus exploration courses.\",\"breadcrumb\":{\"@id\":\"https:\\\/\\\/tonalibus.org\\\/en\\\/inner-circle\\\/tec-repository\\\/exploration-courses\\\/course-inquiry\\\/#breadcrumb\"},\"inLanguage\":\"fr-FR\",\"potentialAction\":[{\"@type\":\"ReadAction\",\"target\":[\"https:\\\/\\\/tonalibus.org\\\/en\\\/inner-circle\\\/tec-repository\\\/exploration-courses\\\/course-inquiry\\\/\"]}]},{\"@type\":\"BreadcrumbList\",\"@id\":\"https:\\\/\\\/tonalibus.org\\\/en\\\/inner-circle\\\/tec-repository\\\/exploration-courses\\\/course-inquiry\\\/#breadcrumb\",\"itemListElement\":[{\"@type\":\"ListItem\",\"position\":1,\"name\":\"Home\",\"item\":\"https:\\\/\\\/tonalibus.org\\\/\"},{\"@type\":\"ListItem\",\"position\":2,\"name\":\"Protected: Inner Circle\",\"item\":\"https:\\\/\\\/tonalibus.org\\\/en\\\/inner-circle\\\/\"},{\"@type\":\"ListItem\",\"position\":3,\"name\":\"Protected: TEC Repository\",\"item\":\"https:\\\/\\\/tonalibus.org\\\/en\\\/inner-circle\\\/tec-repository\\\/\"},{\"@type\":\"ListItem\",\"position\":4,\"name\":\"Exploration Courses\",\"item\":\"https:\\\/\\\/tonalibus.org\\\/en\\\/inner-circle\\\/tec-repository\\\/exploration-courses\\\/\"},{\"@type\":\"ListItem\",\"position\":5,\"name\":\"Course Inquiry \\\/ Request\"}]},{\"@type\":\"WebSite\",\"@id\":\"https:\\\/\\\/tonalibus.org\\\/de\\\/#website\",\"url\":\"https:\\\/\\\/tonalibus.org\\\/de\\\/\",\"name\":\"TONALIBUS\",\"description\":\"Anchored Harmony and Tonalities\",\"publisher\":{\"@id\":\"https:\\\/\\\/tonalibus.org\\\/de\\\/#\\\/schema\\\/person\\\/749261d7bc96d1f00127273f83ab96a4\"},\"potentialAction\":[{\"@type\":\"SearchAction\",\"target\":{\"@type\":\"EntryPoint\",\"urlTemplate\":\"https:\\\/\\\/tonalibus.org\\\/de\\\/?s={search_term_string}\"},\"query-input\":{\"@type\":\"PropertyValueSpecification\",\"valueRequired\":true,\"valueName\":\"search_term_string\"}}],\"inLanguage\":\"fr-FR\"},{\"@type\":[\"Person\",\"Organization\"],\"@id\":\"https:\\\/\\\/tonalibus.org\\\/de\\\/#\\\/schema\\\/person\\\/749261d7bc96d1f00127273f83ab96a4\",\"name\":\"Ulrico\",\"image\":{\"@type\":\"ImageObject\",\"inLanguage\":\"fr-FR\",\"@id\":\"https:\\\/\\\/tonalibus.org\\\/wp-content\\\/uploads\\\/2020\\\/06\\\/uli-pix.jpg\",\"url\":\"https:\\\/\\\/tonalibus.org\\\/wp-content\\\/uploads\\\/2020\\\/06\\\/uli-pix.jpg\",\"contentUrl\":\"https:\\\/\\\/tonalibus.org\\\/wp-content\\\/uploads\\\/2020\\\/06\\\/uli-pix.jpg\",\"width\":960,\"height\":720,\"caption\":\"Ulrico\"},\"logo\":{\"@id\":\"https:\\\/\\\/tonalibus.org\\\/wp-content\\\/uploads\\\/2020\\\/06\\\/uli-pix.jpg\"},\"sameAs\":[\"https:\\\/\\\/tonalibus.cyon.site\"]}]}<\/script>\n<!-- \/ Yoast SEO plugin. -->","yoast_head_json":{"title":"Demande de cours - TONALIBUS, Harmonie et Tonalit\u00e9s","description":"Sur le formulaire de demande de cours d'exploration, vous pouvez demander des informations sur les cours d'exploration Tonalibus ou en faire la demande.","robots":{"index":"noindex","follow":"nofollow"},"og_locale":"fr_FR","og_type":"article","og_title":"Course Inquiry \/ Request &#8211; TONALIBUS, Harmony and Tonlaities","og_description":"On the exploration course inquiry or request form you can ask for information about or request Tonalibus exploration courses.","og_url":"https:\/\/tonalibus.org\/fr\/inner-circle\/tec-repository\/exploration-courses\/course-inquiry\/","og_site_name":"TONALIBUS","article_modified_time":"2023-08-01T14:01:07+00:00","twitter_card":"summary_large_image","schema":{"@context":"https:\/\/schema.org","@graph":[{"@type":"WebPage","@id":"https:\/\/tonalibus.org\/en\/inner-circle\/tec-repository\/exploration-courses\/course-inquiry\/","url":"https:\/\/tonalibus.org\/en\/inner-circle\/tec-repository\/exploration-courses\/course-inquiry\/","name":"Demande de cours - TONALIBUS, Harmonie et Tonalit\u00e9s","isPartOf":{"@id":"https:\/\/tonalibus.org\/de\/#website"},"datePublished":"2020-07-15T16:48:58+00:00","dateModified":"2023-08-01T14:01:07+00:00","description":"Sur le formulaire de demande de cours d'exploration, vous pouvez demander des informations sur les cours d'exploration Tonalibus ou en faire la demande.","breadcrumb":{"@id":"https:\/\/tonalibus.org\/en\/inner-circle\/tec-repository\/exploration-courses\/course-inquiry\/#breadcrumb"},"inLanguage":"fr-FR","potentialAction":[{"@type":"ReadAction","target":["https:\/\/tonalibus.org\/en\/inner-circle\/tec-repository\/exploration-courses\/course-inquiry\/"]}]},{"@type":"BreadcrumbList","@id":"https:\/\/tonalibus.org\/en\/inner-circle\/tec-repository\/exploration-courses\/course-inquiry\/#breadcrumb","itemListElement":[{"@type":"ListItem","position":1,"name":"Home","item":"https:\/\/tonalibus.org\/"},{"@type":"ListItem","position":2,"name":"Protected: Inner Circle","item":"https:\/\/tonalibus.org\/en\/inner-circle\/"},{"@type":"ListItem","position":3,"name":"Protected: TEC Repository","item":"https:\/\/tonalibus.org\/en\/inner-circle\/tec-repository\/"},{"@type":"ListItem","position":4,"name":"Exploration Courses","item":"https:\/\/tonalibus.org\/en\/inner-circle\/tec-repository\/exploration-courses\/"},{"@type":"ListItem","position":5,"name":"Course Inquiry \/ Request"}]},{"@type":"WebSite","@id":"https:\/\/tonalibus.org\/de\/#website","url":"https:\/\/tonalibus.org\/de\/","name":"TONALIBUS","description":"Harmonie et tonalit\u00e9s ancr\u00e9es","publisher":{"@id":"https:\/\/tonalibus.org\/de\/#\/schema\/person\/749261d7bc96d1f00127273f83ab96a4"},"potentialAction":[{"@type":"SearchAction","target":{"@type":"EntryPoint","urlTemplate":"https:\/\/tonalibus.org\/de\/?s={search_term_string}"},"query-input":{"@type":"PropertyValueSpecification","valueRequired":true,"valueName":"search_term_string"}}],"inLanguage":"fr-FR"},{"@type":["Person","Organization"],"@id":"https:\/\/tonalibus.org\/de\/#\/schema\/person\/749261d7bc96d1f00127273f83ab96a4","name":"Ulrico","image":{"@type":"ImageObject","inLanguage":"fr-FR","@id":"https:\/\/tonalibus.org\/wp-content\/uploads\/2020\/06\/uli-pix.jpg","url":"https:\/\/tonalibus.org\/wp-content\/uploads\/2020\/06\/uli-pix.jpg","contentUrl":"https:\/\/tonalibus.org\/wp-content\/uploads\/2020\/06\/uli-pix.jpg","width":960,"height":720,"caption":"Ulrico"},"logo":{"@id":"https:\/\/tonalibus.org\/wp-content\/uploads\/2020\/06\/uli-pix.jpg"},"sameAs":["https:\/\/tonalibus.cyon.site"]}]}},"_links":{"self":[{"href":"https:\/\/tonalibus.org\/fr\/wp-json\/wp\/v2\/pages\/2646","targetHints":{"allow":["GET"]}}],"collection":[{"href":"https:\/\/tonalibus.org\/fr\/wp-json\/wp\/v2\/pages"}],"about":[{"href":"https:\/\/tonalibus.org\/fr\/wp-json\/wp\/v2\/types\/page"}],"author":[{"embeddable":true,"href":"https:\/\/tonalibus.org\/fr\/wp-json\/wp\/v2\/users\/1"}],"replies":[{"embeddable":true,"href":"https:\/\/tonalibus.org\/fr\/wp-json\/wp\/v2\/comments?post=2646"}],"version-history":[{"count":0,"href":"https:\/\/tonalibus.org\/fr\/wp-json\/wp\/v2\/pages\/2646\/revisions"}],"up":[{"embeddable":true,"href":"https:\/\/tonalibus.org\/fr\/wp-json\/wp\/v2\/pages\/2417"}],"wp:attachment":[{"href":"https:\/\/tonalibus.org\/fr\/wp-json\/wp\/v2\/media?parent=2646"}],"curies":[{"name":"wp","href":"https:\/\/api.w.org\/{rel}","templated":true}]}}