{"id":2718,"date":"2020-07-17T08:47:15","date_gmt":"2020-07-17T06:47:15","guid":{"rendered":"https:\/\/tonalibus.org\/?page_id=2718"},"modified":"2026-02-08T20:53:01","modified_gmt":"2026-02-08T19:53:01","slug":"sounds","status":"publish","type":"page","link":"https:\/\/tonalibus.org\/fr\/sounds\/","title":{"rendered":"Sons"},"content":{"rendered":"<h2 class=\"wp-block-heading\" id=\"personal-and-cooperation-sound-samples\"><mark style=\"background-color:rgba(0, 0, 0, 0);color:#f7b320\" class=\"has-inline-color\">\u00c9chantillons sonores personnels et de coop\u00e9ration et images<\/mark> <\/h2>\n\n\n\n<div class=\"wp-block-buttons is-horizontal is-content-justification-center is-layout-flex wp-container-core-buttons-is-layout-499968f5 wp-block-buttons-is-layout-flex\">\n<div class=\"wp-block-button is-style-outline is-style-outline--1\"><a class=\"wp-block-button__link wp-element-button\" href=\"https:\/\/tonalibus.org\/fr\/sounds\/sounds-index\/\">Indice de sons<\/a><\/div>\n\n\n\n<div class=\"wp-block-button is-style-outline is-style-outline--2\"><a class=\"wp-block-button__link wp-element-button\" href=\"https:\/\/tonalibus.org\/fr\/sounds\/2026-sounds-and-images\/\">Sons et images 2026<\/a><\/div>\n\n\n\n<div class=\"wp-block-button is-style-outline is-style-outline--3\"><a class=\"wp-block-button__link wp-element-button\" href=\"https:\/\/tonalibus.org\/fr\/sounds\/2025-sounds-and-images\/\">Sons et images 2025<\/a><\/div>\n\n\n\n<div class=\"wp-block-button is-style-outline is-style-outline--4\"><a class=\"wp-block-button__link wp-element-button\" href=\"https:\/\/tonalibus.org\/fr\/sounds\/2024-sounds-and-images\/\">Sons et images 2024<\/a><\/div>\n\n\n\n<div class=\"wp-block-button is-style-outline is-style-outline--5\"><a class=\"wp-block-button__link wp-element-button\" href=\"https:\/\/tonalibus.org\/fr\/sounds\/2023-sounds-and-images\/\">Sons et images 2023<\/a><\/div>\n\n\n\n<div class=\"wp-block-button is-style-outline is-style-outline--6\"><a class=\"wp-block-button__link wp-element-button\" href=\"https:\/\/tonalibus.org\/fr\/sounds\/2022-sounds-and-images\/\">Sons et images 2022<\/a><\/div>\n\n\n\n<div class=\"wp-block-button is-style-outline is-style-outline--7\"><a class=\"wp-block-button__link wp-element-button\" href=\"https:\/\/tonalibus.org\/fr\/sounds\/2021-sound-and-images\/\">Sons et images 2021<\/a><\/div>\n\n\n\n<div class=\"wp-block-button is-style-outline is-style-outline--8\"><a class=\"wp-block-button__link wp-element-button\" href=\"https:\/\/tonalibus.org\/fr\/sounds\/2020-sound-and-images\/\">Sons et images 2020<\/a><\/div>\n\n\n\n<div class=\"wp-block-button is-style-outline is-style-outline--9\"><a class=\"wp-block-button__link wp-element-button\" href=\"#feat\">Quelques \u00e9chantillons sonores<\/a><\/div>\n<\/div>\n\n\n\n<div style=\"height:12px\" aria-hidden=\"true\" class=\"wp-block-spacer\"><\/div>\n\n\n\n<div class=\"wp-block-buttons is-horizontal is-content-justification-center is-layout-flex wp-container-core-buttons-is-layout-499968f5 wp-block-buttons-is-layout-flex\">\n<div class=\"wp-block-button is-style-outline is-style-outline--10\"><a class=\"wp-block-button__link wp-element-button\" href=\"https:\/\/tonalibus.org\/fr\/about-tonalibus\/ulrico\/personal-sound-samples\/cooperation-2020\/\">Coop\u00e9ration 2020-2021 <\/a><\/div>\n\n\n\n<div class=\"wp-block-button is-style-outline is-style-outline--11\"><a class=\"wp-block-button__link wp-element-button\" href=\"https:\/\/tonalibus.org\/fr\/about-tonalibus\/ulrico\/personal-sound-samples\/2014-before-tonalibus\/\">2014 (avant Tonalibus) <\/a><\/div>\n<\/div>\n\n\n\n<div style=\"height:40px\" aria-hidden=\"true\" class=\"wp-block-spacer\"><\/div>\n\n\n\n<p class=\"has-text-color\" style=\"color:#f7b320\">Ici, dans <em>Sons<\/em>,<em> <\/em>vous trouverez des \u00e9chantillons sonores personnels et de coop\u00e9ration \u2013 des improvisations spontan\u00e9es, originales et souvent multicouches de <a href=\"https:\/\/tonalibus.org\/fr\/about-tonalibus\/ulrico\/\"><mark style=\"background-color:rgba(0, 0, 0, 0);color:#f7b320\" class=\"has-inline-color\">Ulrico<\/mark><\/a>. Pour les \u00e9chantillons de coop\u00e9ration avec des amis, leurs noms sont not\u00e9s. Beaucoup de ces enregistrements existent en deux versions l\u00e9g\u00e8rement diff\u00e9rentes. La principale est destin\u00e9e \u00e0 l'\u00e9coute d'un seul passage. Alors que l'autre, la version loop, est souvent r\u00e9gl\u00e9e sp\u00e9cifiquement pour une lecture en loop continuelle.  Un loop joue en continu jusqu'\u00e0 ce que vous l'arr\u00eatiez, que vous passiez \u00e0 une autre page dans l'onglet actuel ou que vous le r\u00e9gliez pour qu'il s'arr\u00eate \u00e0 la fin du morceau via l'option de clic droit du navigateur, si disponible. Vous pourriez appr\u00e9cier un loop comme mantra sonore pour <a aria-label=\"ind\u00e9fini (ouvre un nouvel onglet)\" href=\"https:\/\/fr.wikipedia.org\/wiki\/M\u00e9ditation\" target=\"_blank\" rel=\"noreferrer noopener\"><mark style=\"background-color:rgba(0, 0, 0, 0);color:#f7b320\" class=\"has-inline-color\">la m\u00e9ditation<\/mark><\/a> ou <a aria-label=\"ind\u00e9fini (ouvre un nouvel onglet)\" href=\"https:\/\/fr.wikipedia.org\/wiki\/Contemplation\" target=\"_blank\" rel=\"noreferrer noopener\"><mark style=\"background-color:rgba(0, 0, 0, 0);color:#f7b320\" class=\"has-inline-color\">la contemplation<\/mark><\/a>, pour l'\u00e9l\u00e9vation, la concentration, ou simplement pour la relaxation et la r\u00e9g\u00e9n\u00e9ration en tant que son de fond apaisant.<\/p>\n\n\n\n<h2 class=\"wp-block-heading has-text-color\" id=\"feat\" style=\"color:#f7b320\">Quelques \u00e9chantillons sonores<\/h2>\n\n\n\n<h3 class=\"wp-block-heading has-text-color\" style=\"color:#f7b320\">\u201cPhrygian HU\u201d \u2013 un blues m\u00e9ditatif<\/h3>\n\n\n\n<figure class=\"wp-block-audio\"><audio controls src=\"https:\/\/tonalibus.org\/wp-content\/uploads\/2022\/05\/2022-05-23-GGGTVCRO-sing.mp3\"><\/audio><figcaption class=\"wp-element-caption\"><a href=\"https:\/\/tonalibus.org\/fr\/tonalities\/diatonic-heptatonalities\/phrygian\/\"><mark style=\"background-color:rgba(0, 0, 0, 0);color:#f7b320\" class=\"has-inline-color\">Phrygien<\/mark><\/a><mark style=\"background-color:rgba(0, 0, 0, 0);color:#f7b320\" class=\"has-inline-color\"> \u2013 multiple guitare \u00e0 8 cordes, voix, crotales, tanpura \u2013 mai 2022 \u2013 10:20 \u2013  <\/mark><a href=\"https:\/\/tonalibus.org\/fr\/sounds\/spring-2022-loops\/#phryghu\" target=\"_blank\" rel=\"noreferrer noopener\"><mark style=\"background-color:rgba(0, 0, 0, 0);color:#f7b320\" class=\"has-inline-color\">en loop<\/mark><\/a><mark style=\"background-color:rgba(0, 0, 0, 0);color:#f7b320\" class=\"has-inline-color\"> sur un onglet s\u00e9par\u00e9<\/mark><\/figcaption><\/figure>\n\n\n\n<h3 class=\"wp-block-heading\" id=\"over-and-under-tone-presents\"><mark style=\"background-color:rgba(0, 0, 0, 0);color:#f7b320\" class=\"has-inline-color\">\u201cOver- and Under-Tone Presents\u201d<\/mark><\/h3>\n\n\n\n<figure class=\"wp-block-audio\"><audio controls src=\"https:\/\/tonalibus.org\/wp-content\/uploads\/2021\/03\/2021-03-04-FFFT.mp3\"><\/audio><figcaption class=\"wp-element-caption\"><mark style=\"background-color:rgba(0, 0, 0, 0);color:#f7b320\" class=\"has-inline-color\">Triple <\/mark><a href=\"https:\/\/fr.wikipedia.org\/wiki\/Fujara\" target=\"_blank\" rel=\"noreferrer noopener\"><mark style=\"background-color:rgba(0, 0, 0, 0);color:#f7b320\" class=\"has-inline-color\">fujara<\/mark><\/a><mark style=\"background-color:rgba(0, 0, 0, 0);color:#f7b320\" class=\"has-inline-color\"> et fl\u00fbte \u00e0 bec t\u00e9nor \u2013 mars 2021 \u2013 2:31 \u2013 sous <\/mark><a href=\"https:\/\/tonalibus.org\/fr\/sounds\/spring-2021-loops\/#2103-up2\"><mark style=\"background-color:rgba(0, 0, 0, 0);color:#f7b320\" class=\"has-inline-color\">Printemps 2021<\/mark><\/a><mark style=\"background-color:rgba(0, 0, 0, 0);color:#f7b320\" class=\"has-inline-color\"><mark style=\"background-color:rgba(0, 0, 0, 0);color:#f7b320\" class=\"has-inline-color\"><\/mark> disponible en loop<\/mark><\/figcaption><\/figure>\n\n\n\n<h3 class=\"wp-block-heading\" id=\"bluemix-syntropy-blues-mix-in-bluemix-tonality\"><mark style=\"background-color:rgba(0, 0, 0, 0);color:#f7b320\" class=\"has-inline-color\">\"BlueMix Syntropy\" \u2013 m\u00e9lange de blues dans la tonalit\u00e9 BlueMix<\/mark><\/h3>\n\n\n\n<figure id=\"Extra\" class=\"wp-block-audio\"><audio controls src=\"https:\/\/tonalibus.org\/wp-content\/uploads\/2021\/01\/2021-01-16-G-4-BLUEMIX.mp3\"><\/audio><figcaption class=\"wp-element-caption\"><a href=\"https:\/\/tonalibus.org\/fr\/tonalities\/tritone-or-blues-tonalities\/bluemix\/\"><span style=\"color:#f7b320\" class=\"has-inline-color\">BlueMix<\/span><\/a><span style=\"color:#f7b320\" class=\"has-inline-color\"> \u2013 multiple guitare \u00e0 8 cordes \u2013 janvier 2021 \u2013 5:54 \u2013 sous <\/span><a href=\"https:\/\/tonalibus.org\/fr\/sounds\/winter-2020-2021-loops\/#21w-5\"><span style=\"color:#f7b320\" class=\"has-inline-color\">Hiver 2020-2021<\/span><\/a><span style=\"color:#f7b320\" class=\"has-inline-color\"> disponible en loop \u2013 message connexe du  blog Spiritualibus \"<\/span><a href=\"https:\/\/tonalibus.org\/fr\/2021\/01\/20\/for-good-and-soul\/\"><span style=\"color:#f7b320\" class=\"has-inline-color\">Pour le bien et l'\u00e2me<\/span><\/a><span style=\"color:#f7b320\" class=\"has-inline-color\">\u201d<\/span><\/figcaption><\/figure>\n\n\n\n<h3 class=\"wp-block-heading has-text-color\" id=\"dear-god\" style=\"color:#f7b320\">\u201cCourage it takes\u201d \u2013 un medley audio linguistique<\/h3>\n\n\n\n<figure class=\"wp-block-audio\"><audio controls src=\"https:\/\/tonalibus.org\/wp-content\/uploads\/2022\/02\/2022-02-01-COURAGE-X.mp3\"><\/audio><figcaption class=\"wp-element-caption\"><mark><mark style=\"background-color:rgba(0, 0, 0, 0);color:#f7b320\" class=\"has-inline-color\">Quadruple voix canonique quadrilingue, anglais, allemand, fran\u00e7ais, italien \u2013 f\u00e9vrier 2022 \u2013 2:53 \u2013 texte dans le blog Spiritualibus \u201c<\/mark><mark><a href=\"https:\/\/tonalibus.org\/fr\/2022\/01\/12\/courage-it-takes\/\"><mark style=\"background-color:rgba(0, 0, 0, 0);color:#f7b320\" class=\"has-inline-color\">Le courage qu'il faut<\/mark><\/a><\/mark><mark style=\"background-color:rgba(0, 0, 0, 0);color:#f7b320\" class=\"has-inline-color\">\u201d (s\u00e9lection de la langue par le drapeau en bas \u00e0 gauche)<\/mark><\/mark><\/figcaption><\/figure>\n\n\n\n<div style=\"height:81px\" aria-hidden=\"true\" class=\"wp-block-spacer\"><\/div>\n\n\n<div class=\"wp-block-image is-resized\">\n<figure class=\"aligncenter size-large\"><img loading=\"lazy\" decoding=\"async\" width=\"1024\" height=\"544\" src=\"https:\/\/tonalibus.org\/wp-content\/uploads\/2021\/03\/IMG_2850-xc-z-1024x544.jpg\" alt=\"IMG_2850 xc z - Sounds\" class=\"wp-image-10190\" srcset=\"https:\/\/tonalibus.org\/wp-content\/uploads\/2021\/03\/IMG_2850-xc-z-1024x544.jpg 1024w, https:\/\/tonalibus.org\/wp-content\/uploads\/2021\/03\/IMG_2850-xc-z-300x159.jpg 300w, https:\/\/tonalibus.org\/wp-content\/uploads\/2021\/03\/IMG_2850-xc-z-768x408.jpg 768w, https:\/\/tonalibus.org\/wp-content\/uploads\/2021\/03\/IMG_2850-xc-z-1536x816.jpg 1536w, https:\/\/tonalibus.org\/wp-content\/uploads\/2021\/03\/IMG_2850-xc-z-16x8.jpg 16w, https:\/\/tonalibus.org\/wp-content\/uploads\/2021\/03\/IMG_2850-xc-z-1320x701.jpg 1320w, https:\/\/tonalibus.org\/wp-content\/uploads\/2021\/03\/IMG_2850-xc-z.jpg 2015w\" sizes=\"auto, (max-width: 706px) 89vw, (max-width: 767px) 82vw, 740px\" \/><figcaption class=\"wp-element-caption\">Le bouleau et au-del\u00e0, l'horizon des Alpes majestueuses - pr\u00e8s de Gr\u00e4chwil\/Meikirch, Suisse - Mars 2020<\/figcaption><\/figure>\n<\/div>","protected":false},"excerpt":{"rendered":"<p>Echantillons sonores personnels et de coop\u00e9ration et images Ici, dans Sounds, vous trouverez des \u00e9chantillons sonores personnels et de coop\u00e9ration - des improvisations spontan\u00e9es, originales, souvent \u00e0 plusieurs niveaux, r\u00e9alis\u00e9es par Ulrico. Pour les \u00e9chantillons de coop\u00e9ration avec des amis, leurs noms sont indiqu\u00e9s. Beaucoup de ces enregistrements existent en deux versions l\u00e9g\u00e8rement diff\u00e9rentes. La principale est destin\u00e9e \u00e0 \u00eatre \u00e9cout\u00e9e en une seule fois. Alors que l'autre, ... <\/p>\n<p class=\"link-more\"><a href=\"https:\/\/tonalibus.org\/fr\/sounds\/\" class=\"more-link\">Continuer la lecture<span class=\"screen-reader-text\"> de \" Sons \"<\/span><\/a><\/p>","protected":false},"author":1,"featured_media":0,"parent":0,"menu_order":5,"comment_status":"closed","ping_status":"closed","template":"","meta":{"footnotes":""},"class_list":["post-2718","page","type-page","status-publish","hentry"],"yoast_head":"<!-- This site is optimized with the Yoast SEO plugin v27.5 - https:\/\/yoast.com\/product\/yoast-seo-wordpress\/ -->\n<title>Sounds &#8211; TONALIBUS, Anchored Harmony and Tonalities<\/title>\n<meta name=\"description\" content=\"Sounds, personal sound samples \u2013 original, looping improvisations that may be used as sound mantra for meditation or contemplation.\" \/>\n<meta name=\"robots\" content=\"index, follow, max-snippet:-1, max-image-preview:large, max-video-preview:-1\" \/>\n<link rel=\"canonical\" href=\"https:\/\/tonalibus.org\/fr\/sounds\/\" \/>\n<meta property=\"og:locale\" content=\"fr_FR\" \/>\n<meta property=\"og:type\" content=\"article\" \/>\n<meta property=\"og:title\" content=\"Sounds &#8211; TONALIBUS, Anchored Harmony and Tonalities\" \/>\n<meta property=\"og:description\" content=\"Sounds, personal sound samples \u2013 original, looping improvisations that may be used as sound mantra for meditation or contemplation.\" \/>\n<meta property=\"og:url\" content=\"https:\/\/tonalibus.org\/fr\/sounds\/\" \/>\n<meta property=\"og:site_name\" content=\"TONALIBUS\" \/>\n<meta property=\"article:modified_time\" content=\"2026-02-08T19:53:01+00:00\" \/>\n<meta property=\"og:image\" content=\"https:\/\/tonalibus.org\/wp-content\/uploads\/2021\/03\/IMG_2850-xc-z.jpg\" \/>\n\t<meta property=\"og:image:width\" content=\"2015\" \/>\n\t<meta property=\"og:image:height\" content=\"1070\" \/>\n\t<meta property=\"og:image:type\" content=\"image\/jpeg\" \/>\n<meta name=\"twitter:card\" content=\"summary_large_image\" \/>\n<script type=\"application\/ld+json\" class=\"yoast-schema-graph\">{\"@context\":\"https:\\\/\\\/schema.org\",\"@graph\":[{\"@type\":\"WebPage\",\"@id\":\"https:\\\/\\\/tonalibus.org\\\/sounds\\\/\",\"url\":\"https:\\\/\\\/tonalibus.org\\\/sounds\\\/\",\"name\":\"Sounds &#8211; TONALIBUS, Anchored Harmony and Tonalities\",\"isPartOf\":{\"@id\":\"https:\\\/\\\/tonalibus.org\\\/de\\\/#website\"},\"primaryImageOfPage\":{\"@id\":\"https:\\\/\\\/tonalibus.org\\\/sounds\\\/#primaryimage\"},\"image\":{\"@id\":\"https:\\\/\\\/tonalibus.org\\\/sounds\\\/#primaryimage\"},\"thumbnailUrl\":\"https:\\\/\\\/tonalibus.org\\\/wp-content\\\/uploads\\\/2021\\\/03\\\/IMG_2850-xc-z-1024x544.jpg\",\"datePublished\":\"2020-07-17T06:47:15+00:00\",\"dateModified\":\"2026-02-08T19:53:01+00:00\",\"description\":\"Sounds, personal sound samples \u2013 original, looping improvisations that may be used as sound mantra for meditation or contemplation.\",\"breadcrumb\":{\"@id\":\"https:\\\/\\\/tonalibus.org\\\/sounds\\\/#breadcrumb\"},\"inLanguage\":\"fr-FR\",\"potentialAction\":[{\"@type\":\"ReadAction\",\"target\":[\"https:\\\/\\\/tonalibus.org\\\/sounds\\\/\"]}]},{\"@type\":\"ImageObject\",\"inLanguage\":\"fr-FR\",\"@id\":\"https:\\\/\\\/tonalibus.org\\\/sounds\\\/#primaryimage\",\"url\":\"https:\\\/\\\/tonalibus.org\\\/wp-content\\\/uploads\\\/2021\\\/03\\\/IMG_2850-xc-z-1024x544.jpg\",\"contentUrl\":\"https:\\\/\\\/tonalibus.org\\\/wp-content\\\/uploads\\\/2021\\\/03\\\/IMG_2850-xc-z-1024x544.jpg\"},{\"@type\":\"BreadcrumbList\",\"@id\":\"https:\\\/\\\/tonalibus.org\\\/sounds\\\/#breadcrumb\",\"itemListElement\":[{\"@type\":\"ListItem\",\"position\":1,\"name\":\"Home\",\"item\":\"https:\\\/\\\/tonalibus.org\\\/\"},{\"@type\":\"ListItem\",\"position\":2,\"name\":\"Sounds\"}]},{\"@type\":\"WebSite\",\"@id\":\"https:\\\/\\\/tonalibus.org\\\/de\\\/#website\",\"url\":\"https:\\\/\\\/tonalibus.org\\\/de\\\/\",\"name\":\"TONALIBUS\",\"description\":\"Anchored Harmony and Tonalities\",\"publisher\":{\"@id\":\"https:\\\/\\\/tonalibus.org\\\/de\\\/#\\\/schema\\\/person\\\/749261d7bc96d1f00127273f83ab96a4\"},\"potentialAction\":[{\"@type\":\"SearchAction\",\"target\":{\"@type\":\"EntryPoint\",\"urlTemplate\":\"https:\\\/\\\/tonalibus.org\\\/de\\\/?s={search_term_string}\"},\"query-input\":{\"@type\":\"PropertyValueSpecification\",\"valueRequired\":true,\"valueName\":\"search_term_string\"}}],\"inLanguage\":\"fr-FR\"},{\"@type\":[\"Person\",\"Organization\"],\"@id\":\"https:\\\/\\\/tonalibus.org\\\/de\\\/#\\\/schema\\\/person\\\/749261d7bc96d1f00127273f83ab96a4\",\"name\":\"Ulrico\",\"image\":{\"@type\":\"ImageObject\",\"inLanguage\":\"fr-FR\",\"@id\":\"https:\\\/\\\/tonalibus.org\\\/wp-content\\\/uploads\\\/2020\\\/06\\\/uli-pix.jpg\",\"url\":\"https:\\\/\\\/tonalibus.org\\\/wp-content\\\/uploads\\\/2020\\\/06\\\/uli-pix.jpg\",\"contentUrl\":\"https:\\\/\\\/tonalibus.org\\\/wp-content\\\/uploads\\\/2020\\\/06\\\/uli-pix.jpg\",\"width\":960,\"height\":720,\"caption\":\"Ulrico\"},\"logo\":{\"@id\":\"https:\\\/\\\/tonalibus.org\\\/wp-content\\\/uploads\\\/2020\\\/06\\\/uli-pix.jpg\"},\"sameAs\":[\"https:\\\/\\\/tonalibus.cyon.site\"]}]}<\/script>\n<!-- \/ Yoast SEO plugin. -->","yoast_head_json":{"title":"Sons - TONALIBUS, Harmonie ancr\u00e9e et tonalit\u00e9s","description":"Sons, \u00e9chantillons sonores personnels - improvisations originales en boucle qui peuvent \u00eatre utilis\u00e9es comme mantra sonore pour la m\u00e9ditation ou la contemplation.","robots":{"index":"index","follow":"follow","max-snippet":"max-snippet:-1","max-image-preview":"max-image-preview:large","max-video-preview":"max-video-preview:-1"},"canonical":"https:\/\/tonalibus.org\/fr\/sounds\/","og_locale":"fr_FR","og_type":"article","og_title":"Sounds &#8211; TONALIBUS, Anchored Harmony and Tonalities","og_description":"Sounds, personal sound samples \u2013 original, looping improvisations that may be used as sound mantra for meditation or contemplation.","og_url":"https:\/\/tonalibus.org\/fr\/sounds\/","og_site_name":"TONALIBUS","article_modified_time":"2026-02-08T19:53:01+00:00","og_image":[{"width":2015,"height":1070,"url":"https:\/\/tonalibus.org\/wp-content\/uploads\/2021\/03\/IMG_2850-xc-z.jpg","type":"image\/jpeg"}],"twitter_card":"summary_large_image","schema":{"@context":"https:\/\/schema.org","@graph":[{"@type":"WebPage","@id":"https:\/\/tonalibus.org\/sounds\/","url":"https:\/\/tonalibus.org\/sounds\/","name":"Sons - TONALIBUS, Harmonie ancr\u00e9e et tonalit\u00e9s","isPartOf":{"@id":"https:\/\/tonalibus.org\/de\/#website"},"primaryImageOfPage":{"@id":"https:\/\/tonalibus.org\/sounds\/#primaryimage"},"image":{"@id":"https:\/\/tonalibus.org\/sounds\/#primaryimage"},"thumbnailUrl":"https:\/\/tonalibus.org\/wp-content\/uploads\/2021\/03\/IMG_2850-xc-z-1024x544.jpg","datePublished":"2020-07-17T06:47:15+00:00","dateModified":"2026-02-08T19:53:01+00:00","description":"Sons, \u00e9chantillons sonores personnels - improvisations originales en boucle qui peuvent \u00eatre utilis\u00e9es comme mantra sonore pour la m\u00e9ditation ou la contemplation.","breadcrumb":{"@id":"https:\/\/tonalibus.org\/sounds\/#breadcrumb"},"inLanguage":"fr-FR","potentialAction":[{"@type":"ReadAction","target":["https:\/\/tonalibus.org\/sounds\/"]}]},{"@type":"ImageObject","inLanguage":"fr-FR","@id":"https:\/\/tonalibus.org\/sounds\/#primaryimage","url":"https:\/\/tonalibus.org\/wp-content\/uploads\/2021\/03\/IMG_2850-xc-z-1024x544.jpg","contentUrl":"https:\/\/tonalibus.org\/wp-content\/uploads\/2021\/03\/IMG_2850-xc-z-1024x544.jpg"},{"@type":"BreadcrumbList","@id":"https:\/\/tonalibus.org\/sounds\/#breadcrumb","itemListElement":[{"@type":"ListItem","position":1,"name":"Home","item":"https:\/\/tonalibus.org\/"},{"@type":"ListItem","position":2,"name":"Sounds"}]},{"@type":"WebSite","@id":"https:\/\/tonalibus.org\/de\/#website","url":"https:\/\/tonalibus.org\/de\/","name":"TONALIBUS","description":"Harmonie et tonalit\u00e9s ancr\u00e9es","publisher":{"@id":"https:\/\/tonalibus.org\/de\/#\/schema\/person\/749261d7bc96d1f00127273f83ab96a4"},"potentialAction":[{"@type":"SearchAction","target":{"@type":"EntryPoint","urlTemplate":"https:\/\/tonalibus.org\/de\/?s={search_term_string}"},"query-input":{"@type":"PropertyValueSpecification","valueRequired":true,"valueName":"search_term_string"}}],"inLanguage":"fr-FR"},{"@type":["Person","Organization"],"@id":"https:\/\/tonalibus.org\/de\/#\/schema\/person\/749261d7bc96d1f00127273f83ab96a4","name":"Ulrico","image":{"@type":"ImageObject","inLanguage":"fr-FR","@id":"https:\/\/tonalibus.org\/wp-content\/uploads\/2020\/06\/uli-pix.jpg","url":"https:\/\/tonalibus.org\/wp-content\/uploads\/2020\/06\/uli-pix.jpg","contentUrl":"https:\/\/tonalibus.org\/wp-content\/uploads\/2020\/06\/uli-pix.jpg","width":960,"height":720,"caption":"Ulrico"},"logo":{"@id":"https:\/\/tonalibus.org\/wp-content\/uploads\/2020\/06\/uli-pix.jpg"},"sameAs":["https:\/\/tonalibus.cyon.site"]}]}},"_links":{"self":[{"href":"https:\/\/tonalibus.org\/fr\/wp-json\/wp\/v2\/pages\/2718","targetHints":{"allow":["GET"]}}],"collection":[{"href":"https:\/\/tonalibus.org\/fr\/wp-json\/wp\/v2\/pages"}],"about":[{"href":"https:\/\/tonalibus.org\/fr\/wp-json\/wp\/v2\/types\/page"}],"author":[{"embeddable":true,"href":"https:\/\/tonalibus.org\/fr\/wp-json\/wp\/v2\/users\/1"}],"replies":[{"embeddable":true,"href":"https:\/\/tonalibus.org\/fr\/wp-json\/wp\/v2\/comments?post=2718"}],"version-history":[{"count":2,"href":"https:\/\/tonalibus.org\/fr\/wp-json\/wp\/v2\/pages\/2718\/revisions"}],"predecessor-version":[{"id":38375,"href":"https:\/\/tonalibus.org\/fr\/wp-json\/wp\/v2\/pages\/2718\/revisions\/38375"}],"wp:attachment":[{"href":"https:\/\/tonalibus.org\/fr\/wp-json\/wp\/v2\/media?parent=2718"}],"curies":[{"name":"wp","href":"https:\/\/api.w.org\/{rel}","templated":true}]}}