{"id":27291,"date":"2023-09-04T19:13:56","date_gmt":"2023-09-04T17:13:56","guid":{"rendered":"https:\/\/tonalibus.org\/?page_id=27291"},"modified":"2023-12-24T12:39:18","modified_gmt":"2023-12-24T11:39:18","slug":"tonalities-selection","status":"publish","type":"page","link":"https:\/\/tonalibus.org\/fr\/shop\/tonalities-selection\/","title":{"rendered":"S\u00e9lection de tonalit\u00e9s"},"content":{"rendered":"<div class=\"wp-block-buttons is-content-justification-center is-layout-flex wp-container-core-buttons-is-layout-16018d1d wp-block-buttons-is-layout-flex\">\n<div class=\"wp-block-button is-style-outline is-style-outline--1\"><a class=\"wp-block-button__link wp-element-button\" href=\"#base\">Base harmonique<\/a><\/div>\n\n\n\n<div class=\"wp-block-button is-style-outline is-style-outline--2\"><a class=\"wp-block-button__link wp-element-button\" href=\"#penta\">S\u00e9lection de pentatonalit\u00e9s<\/a><\/div>\n\n\n\n<div class=\"wp-block-button is-style-outline is-style-outline--3\"><a class=\"wp-block-button__link wp-element-button\" href=\"#hepta\">S\u00e9lection d'heptatonalit\u00e9s<\/a><\/div>\n<\/div>\n\n\n\n<div style=\"height:50px\" aria-hidden=\"true\" class=\"wp-block-spacer\"><\/div>\n\n\n\n<p class=\"has-text-color\" style=\"color:#f7b320\">Les diff\u00e9rentes \u00e9tapes de s\u00e9lection de tonalit\u00e9s s'encha\u00eenent les unes aux autres. Sur la base de votre choix de <a href=\"https:\/\/tonalibus.org\/fr\/shop\/sound-as-mantra\/#pitch\"><mark style=\"background-color:rgba(0, 0, 0, 0);color:#f7b320\" class=\"has-inline-color\">hauteur fondamentale personnelle<\/mark><\/a>, vous pouvez v\u00e9rifier la base harmonique qui en r\u00e9sulte et former ensuite des tonalit\u00e9s individuelles, en ciblant notamment des pentatonalit\u00e9s et des heptatonalit\u00e9s, des tonalit\u00e9s harmoniquement ancr\u00e9es pr\u00e9sentes dans le <a href=\"https:\/\/tonalibus.org\/fr\/tonalities\/\"><mark style=\"background-color:rgba(0, 0, 0, 0);color:#f7b320\" class=\"has-inline-color\">catalogue Tonalibus<\/mark><\/a> \u2013 de mani\u00e8re libre et ouverte. <\/p>\n\n\n\n<h2 class=\"wp-block-heading has-text-color\" id=\"base\" style=\"color:#f7b320\">V\u00e9rification de la base harmonique<\/h2>\n\n\n\n<p class=\"has-text-color\" style=\"color:#f7b320\">Cliquez sur votre hauteur fondamentale pour la v\u00e9rification de la base harmonique correspondante.<\/p>\n\n\n\n<div class=\"wp-block-buttons is-content-justification-center is-layout-flex wp-container-core-buttons-is-layout-16018d1d wp-block-buttons-is-layout-flex\">\n<div class=\"wp-block-button is-style-outline is-style-outline--4\"><a class=\"wp-block-button__link wp-element-button\" href=\"https:\/\/tonalibus.org\/fr\/cis-harmonic-base\/\">Do#<\/a><\/div>\n\n\n\n<div class=\"wp-block-button is-style-outline is-style-outline--5\"><a class=\"wp-block-button__link wp-element-button\" href=\"https:\/\/tonalibus.org\/fr\/shop\/sound-as-mantra\/individual-tonalities\/d-harmonic-base\/\">R\u00e9<\/a><\/div>\n\n\n\n<div class=\"wp-block-button is-style-outline is-style-outline--6\"><a class=\"wp-block-button__link wp-element-button\" href=\"https:\/\/tonalibus.org\/fr\/shop\/sound-as-mantra\/individual-tonalities\/dis-harmonic-base\/\">R\u00e9#<\/a><\/div>\n\n\n\n<div class=\"wp-block-button is-style-outline is-style-outline--7\"><a class=\"wp-block-button__link wp-element-button\" href=\"https:\/\/tonalibus.org\/fr\/shop\/sound-as-mantra\/individual-tonalities\/e-harmonic-base\/\">Mi<\/a><\/div>\n\n\n\n<div class=\"wp-block-button is-style-outline is-style-outline--8\"><a class=\"wp-block-button__link wp-element-button\" href=\"https:\/\/tonalibus.org\/fr\/shop\/sound-as-mantra\/individual-tonalities\/f-harmonic-base\/\">Fa<\/a><\/div>\n\n\n\n<div class=\"wp-block-button is-style-outline is-style-outline--9\"><a class=\"wp-block-button__link wp-element-button\" href=\"https:\/\/tonalibus.org\/fr\/shop\/sound-as-mantra\/individual-tonalities\/fis-harmonic-base\/\">Fa#<\/a><\/div>\n\n\n\n<div class=\"wp-block-button is-style-outline is-style-outline--10\"><a class=\"wp-block-button__link wp-element-button\" href=\"https:\/\/tonalibus.org\/fr\/shop\/sound-as-mantra\/individual-tonalities\/g-harmonic-base\/\">Sol<\/a><\/div>\n\n\n\n<div class=\"wp-block-button is-style-outline is-style-outline--11\"><a class=\"wp-block-button__link wp-element-button\" href=\"https:\/\/tonalibus.org\/fr\/shop\/sound-as-mantra\/individual-tonalities\/gis-harmonic-base\/\">Sol#<\/a><\/div>\n\n\n\n<div class=\"wp-block-button is-style-outline is-style-outline--12\"><a class=\"wp-block-button__link wp-element-button\" href=\"https:\/\/tonalibus.org\/fr\/shop\/sound-as-mantra\/individual-tonalities\/a-harmonic-base\/\">La<\/a><\/div>\n\n\n\n<div class=\"wp-block-button is-style-outline is-style-outline--13\"><a class=\"wp-block-button__link wp-element-button\" href=\"https:\/\/tonalibus.org\/fr\/shop\/sound-as-mantra\/individual-tonalities\/ais-harmonic-base\/\">La#<\/a><\/div>\n\n\n\n<div class=\"wp-block-button is-style-outline is-style-outline--14\"><a class=\"wp-block-button__link wp-element-button\" href=\"https:\/\/tonalibus.org\/fr\/shop\/sound-as-mantra\/individual-tonalities\/b-harmonic-base\/\">Si<\/a><\/div>\n\n\n\n<div class=\"wp-block-button is-style-outline is-style-outline--15\"><a class=\"wp-block-button__link wp-element-button\" href=\"https:\/\/tonalibus.org\/fr\/shop\/sound-as-mantra\/individual-tonalities\/c-harmonic-base\/\">Do<\/a><\/div>\n<\/div>\n\n\n\n<div style=\"height:45px\" aria-hidden=\"true\" class=\"wp-block-spacer\"><\/div>\n\n\n\n<p class=\"has-text-color\" style=\"color:#f7b320\">La base harmonique d'une tonalit\u00e9 est sa fondamentale et sa quinte, le premier harmonique qui n'est pas une octave de la fondamentale. Votre hauteur fondamentale personnelle peut tr\u00e8s bien \u00eatre la fondamentale de vos tonalit\u00e9s individuelles. Par contre, si, lors de la v\u00e9rification de votre base harmonique, vous avez choisi la quarte plut\u00f4t que la quinte, par le <a href=\"https:\/\/tonalibus.org\/fr\/concepts\/glossary\/#miracle\"><mark style=\"background-color:rgba(0, 0, 0, 0);color:#f7b320\" class=\"has-inline-color\">miracle de la nature<\/mark><\/a>, la quarte devient la fondamentale de vos tonalit\u00e9s individuelles, et la hauteur fondamentale personnelle que vous avez choisie devient leur quinte. <\/p>\n\n\n\n<h2 class=\"wp-block-heading has-text-color\" id=\"penta\" style=\"color:#f7b320\">S\u00e9lection individuelle de pentatonalit\u00e9s <\/h2>\n\n\n\n<p class=\"has-text-color\" style=\"color:#f7b320\">Cliquez sur votre base harmonique pour la s\u00e9lection individuelle de pentatonalit\u00e9s correspondantes.<\/p>\n\n\n\n<div class=\"wp-block-buttons is-content-justification-center is-layout-flex wp-container-core-buttons-is-layout-16018d1d wp-block-buttons-is-layout-flex\">\n<div class=\"wp-block-button is-style-outline is-style-outline--16\"><a class=\"wp-block-button__link wp-element-button\" href=\"https:\/\/tonalibus.org\/fr\/shop\/tonalities-selection\/cis-gis-based-pentatonality\/\">Do# \/ Sol#<\/a><\/div>\n\n\n\n<div class=\"wp-block-button is-style-outline is-style-outline--17\"><a class=\"wp-block-button__link wp-element-button\" href=\"https:\/\/tonalibus.org\/fr\/shop\/tonalities-selection\/d-a-based-pentatonality\/\">R\u00e9 \/ La<\/a><\/div>\n\n\n\n<div class=\"wp-block-button is-style-outline is-style-outline--18\"><a class=\"wp-block-button__link wp-element-button\" href=\"https:\/\/tonalibus.org\/fr\/shop\/tonalities-selection\/dis-ais-based-pentatonality\/\">R\u00e9# \/ La#<\/a><\/div>\n\n\n\n<div class=\"wp-block-button is-style-outline is-style-outline--19\"><a class=\"wp-block-button__link wp-element-button\" href=\"https:\/\/tonalibus.org\/fr\/shop\/tonalities-selection\/e-b-based-pentatonality\/\">Mi \/ Si<\/a><\/div>\n\n\n\n<div class=\"wp-block-button is-style-outline is-style-outline--20\"><a class=\"wp-block-button__link wp-element-button\" href=\"https:\/\/tonalibus.org\/fr\/shop\/tonalities-selection\/f-c-based-pentatonality\/\">Fa \/ Do<\/a><\/div>\n\n\n\n<div class=\"wp-block-button is-style-outline is-style-outline--21\"><a class=\"wp-block-button__link wp-element-button\" href=\"https:\/\/tonalibus.org\/fr\/shop\/tonalities-selection\/fis-cis-based-pentatonality\/\">Fa# \/ Do#<\/a><\/div>\n\n\n\n<div class=\"wp-block-button is-style-outline is-style-outline--22\"><a class=\"wp-block-button__link wp-element-button\" href=\"https:\/\/tonalibus.org\/fr\/shop\/tonalities-selection\/g-d-based-pentatonality\/\">Sol \/ R\u00e9<\/a><\/div>\n\n\n\n<div class=\"wp-block-button is-style-outline is-style-outline--23\"><a class=\"wp-block-button__link wp-element-button\" href=\"https:\/\/tonalibus.org\/fr\/shop\/tonalities-selection\/gis-dis-based-pentatonality\/\">Sol# \/ R\u00e9#<\/a><\/div>\n\n\n\n<div class=\"wp-block-button is-style-outline is-style-outline--24\"><a class=\"wp-block-button__link wp-element-button\" href=\"https:\/\/tonalibus.org\/fr\/shop\/tonalities-selection\/a-e-based-pentatonality\/\">La \/ Mi<\/a><\/div>\n\n\n\n<div class=\"wp-block-button is-style-outline is-style-outline--25\"><a class=\"wp-block-button__link wp-element-button\" href=\"https:\/\/tonalibus.org\/fr\/shop\/tonalities-selection\/ais-f-based-pentatonality\/\">La# \/ Fa<\/a><\/div>\n\n\n\n<div class=\"wp-block-button is-style-outline is-style-outline--26\"><a class=\"wp-block-button__link wp-element-button\" href=\"https:\/\/tonalibus.org\/fr\/shop\/tonalities-selection\/b-fis-based-pentatonality\/\">Si \/ Fa#<\/a><\/div>\n\n\n\n<div class=\"wp-block-button is-style-outline is-style-outline--27\"><a class=\"wp-block-button__link wp-element-button\" href=\"https:\/\/tonalibus.org\/fr\/shop\/tonalities-selection\/c-g-based-pentatonality\/\">Do \/ Sol<\/a><\/div>\n<\/div>\n\n\n\n<div style=\"height:45px\" aria-hidden=\"true\" class=\"wp-block-spacer\"><\/div>\n\n\n\n<p class=\"has-text-color\" style=\"color:#f7b320\">Les pentatonalit\u00e9s comptent cinq hauteurs par octave. La <a href=\"#base\"><mark style=\"background-color:rgba(0, 0, 0, 0);color:#f7b320\" class=\"has-inline-color\">base harmonique<\/mark><\/a> est constitu\u00e9e de deux hauteurs. Ainsi, pour s\u00e9lectionner une pentatonalit\u00e9 individuelle, vous avez besoin de trois hauteurs suppl\u00e9mentaires. Pour les pentatonalit\u00e9s de base, il s'agit d'une hauteur dans la partie sup\u00e9rieure et de deux hauteurs dans la partie inf\u00e9rieure de l'octave. Et pour les pentatonalit\u00e9s \u00e9tendues, c'est une dans la partie inf\u00e9rieure et deux dans la partie sup\u00e9rieure de l'octave, \u00e0 une exception pr\u00e8s. En g\u00e9n\u00e9ral, s'il y a deux pour une partie, il n'y en a qu'une pour l'autre. <\/p>\n\n\n\n<h2 class=\"wp-block-heading has-text-color\" id=\"hepta\" style=\"color:#f7b320\">S\u00e9lection individuelle d'heptatonalit\u00e9s<\/h2>\n\n\n\n<p class=\"has-text-color has-link-color wp-elements-960bd2c0cf47f57ca62e1ed20c446180\" style=\"color:#f7b320\">S\u00e9lectionner d'abord une pentatonalit\u00e9 individuelle, puis de l'\u00e9tendre pour former une heptatonalit\u00e9 individuelle, peut consid\u00e9rablement simplifier la s\u00e9lection des hauteurs des heptatonalit\u00e9s.<\/p>\n\n\n\n<p class=\"has-text-color has-link-color wp-elements-89a09033264c94108eb3358ee216684c\" style=\"color:#f7b320\">Cliquez sur votre base harmonique pour la s\u00e9lection individuelle de heptatonalit\u00e9s correspondantes.<\/p>\n\n\n\n<div class=\"wp-block-buttons is-content-justification-center is-layout-flex wp-container-core-buttons-is-layout-16018d1d wp-block-buttons-is-layout-flex\">\n<div class=\"wp-block-button is-style-outline is-style-outline--28\"><a class=\"wp-block-button__link wp-element-button\" href=\"https:\/\/tonalibus.org\/fr\/shop\/tonalities-selection\/cis-gis-based-heptatonalities\/\">Do# \/ Sol#<\/a><\/div>\n\n\n\n<div class=\"wp-block-button is-style-outline is-style-outline--29\"><a class=\"wp-block-button__link wp-element-button\" href=\"https:\/\/tonalibus.org\/fr\/shop\/tonalities-selection\/d-a-based-heptatonalities\/\">R\u00e9 \/ La<\/a><\/div>\n\n\n\n<div class=\"wp-block-button is-style-outline is-style-outline--30\"><a class=\"wp-block-button__link wp-element-button\" href=\"https:\/\/tonalibus.org\/fr\/shop\/tonalities-selection\/dis-ais-based-heptatonalities\/\">R\u00e9# \/ La#<\/a><\/div>\n\n\n\n<div class=\"wp-block-button is-style-outline is-style-outline--31\"><a class=\"wp-block-button__link wp-element-button\" href=\"https:\/\/tonalibus.org\/fr\/shop\/tonalities-selection\/e-b-based-heptatonalities\/\">Mi \/ Si<\/a><\/div>\n\n\n\n<div class=\"wp-block-button is-style-outline is-style-outline--32\"><a class=\"wp-block-button__link wp-element-button\" href=\"https:\/\/tonalibus.org\/fr\/shop\/tonalities-selection\/f-c-based-heptatonalities\/\">Fa \/ Do<\/a><\/div>\n\n\n\n<div class=\"wp-block-button is-style-outline is-style-outline--33\"><a class=\"wp-block-button__link wp-element-button\" href=\"https:\/\/tonalibus.org\/fr\/shop\/tonalities-selection\/fis-cis-based-heptatonalities\/\">Fa# \/ Do#<\/a><\/div>\n\n\n\n<div class=\"wp-block-button is-style-outline is-style-outline--34\"><a class=\"wp-block-button__link wp-element-button\" href=\"https:\/\/tonalibus.org\/fr\/shop\/tonalities-selection\/g-d-based-heptatonalities\/\">Sol \/ R\u00e9<\/a><\/div>\n\n\n\n<div class=\"wp-block-button is-style-outline is-style-outline--35\"><a class=\"wp-block-button__link wp-element-button\" href=\"https:\/\/tonalibus.org\/fr\/shop\/tonalities-selection\/gis-dis-based-heptatonalities\/\">Sol# \/ R\u00e9#<\/a><\/div>\n\n\n\n<div class=\"wp-block-button is-style-outline is-style-outline--36\"><a class=\"wp-block-button__link wp-element-button\" href=\"https:\/\/tonalibus.org\/fr\/shop\/tonalities-selection\/a-e-based-heptatonalities\/\">La \/ Mi<\/a><\/div>\n\n\n\n<div class=\"wp-block-button is-style-outline is-style-outline--37\"><a class=\"wp-block-button__link wp-element-button\" href=\"https:\/\/tonalibus.org\/fr\/shop\/tonalities-selection\/ais-f-based-heptatonalities\/\">La# \/ Fa<\/a><\/div>\n\n\n\n<div class=\"wp-block-button is-style-outline is-style-outline--38\"><a class=\"wp-block-button__link wp-element-button\" href=\"https:\/\/tonalibus.org\/fr\/shop\/tonalities-selection\/b-fis-based-heptatonalities\/\">Si \/ Fa#<\/a><\/div>\n\n\n\n<div class=\"wp-block-button is-style-outline is-style-outline--39\"><a class=\"wp-block-button__link wp-element-button\" href=\"https:\/\/tonalibus.org\/fr\/shop\/tonalities-selection\/c-g-based-heptatonalities\/\">Do \/ Sol<\/a><\/div>\n<\/div>\n\n\n\n<div style=\"height:45px\" aria-hidden=\"true\" class=\"wp-block-spacer\"><\/div>\n\n\n\n<p class=\"has-text-color has-link-color wp-elements-0c3e8236d71d1b8b7f70072b86466096\" style=\"color:#f7b320\">Les heptatonalit\u00e9s ont sept hauteurs par octave. La base harmonique se compose de deux hauteurs. Ainsi, pour former une heptatonalit\u00e9 individuelle, il faut cinq hauteurs suppl\u00e9mentaires. Soit deux dans la partie sup\u00e9rieure et trois dans la partie inf\u00e9rieure de l'octave. Les heptatonalit\u00e9s diatoniques et group\u00e9es ou m\u00e9lodiques sont compos\u00e9es de demi-pas et de pas entiers, tandis que les heptatonalit\u00e9s Reach ou harmoniques et de triton et de blues comprennent en outre un ou deux pas Reach ou secondes augment\u00e9es.<\/p>\n\n\n\n<div style=\"height:50px\" aria-hidden=\"true\" class=\"wp-block-spacer\"><\/div>\n\n\n<div class=\"wp-block-image\">\n<figure class=\"aligncenter size-full is-resized\"><img loading=\"lazy\" decoding=\"async\" width=\"542\" height=\"542\" src=\"https:\/\/tonalibus.org\/wp-content\/uploads\/2023\/12\/Tonalibus-1e-3-tonalities-2020-05-29-sqr.jpg\" alt=\"\" class=\"wp-image-30047\" style=\"width:300px\" srcset=\"https:\/\/tonalibus.org\/wp-content\/uploads\/2023\/12\/Tonalibus-1e-3-tonalities-2020-05-29-sqr.jpg 542w, https:\/\/tonalibus.org\/wp-content\/uploads\/2023\/12\/Tonalibus-1e-3-tonalities-2020-05-29-sqr-300x300.jpg 300w, https:\/\/tonalibus.org\/wp-content\/uploads\/2023\/12\/Tonalibus-1e-3-tonalities-2020-05-29-sqr-150x150.jpg 150w, https:\/\/tonalibus.org\/wp-content\/uploads\/2023\/12\/Tonalibus-1e-3-tonalities-2020-05-29-sqr-12x12.jpg 12w, https:\/\/tonalibus.org\/wp-content\/uploads\/2023\/12\/Tonalibus-1e-3-tonalities-2020-05-29-sqr-100x100.jpg 100w\" sizes=\"auto, (max-width: 542px) 100vw, 542px\" \/><figcaption class=\"wp-element-caption\">Matrice d'heptatonalit\u00e9s en sept hauteurs<\/figcaption><\/figure>\n<\/div>","protected":false},"excerpt":{"rendered":"<p>Les diff\u00e9rentes \u00e9tapes de s\u00e9lection des tonalit\u00e9s s'encha\u00eenent les unes aux autres. Sur la base de votre hauteur fondamentale personnelle, vous pouvez v\u00e9rifier la base harmonique r\u00e9sultante et former ensuite des tonalit\u00e9s individuelles, en ciblant les pentatonalit\u00e9s et les heptatonalit\u00e9s, des tonalit\u00e9s ancr\u00e9es harmoniquement pr\u00e9sentes dans le catalogue Tonalibus - de mani\u00e8re libre et illimit\u00e9e. V\u00e9rification de la base harmonique (avant la s\u00e9lection des tonalit\u00e9s) Cliquez sur ... <\/p>\n<p class=\"link-more\"><a href=\"https:\/\/tonalibus.org\/fr\/shop\/tonalities-selection\/\" class=\"more-link\">Continuer la lecture<span class=\"screen-reader-text\"> de \" S\u00e9lection des tonalit\u00e9s \"<\/span><\/a><\/p>","protected":false},"author":1,"featured_media":0,"parent":490,"menu_order":70,"comment_status":"closed","ping_status":"closed","template":"","meta":{"footnotes":""},"class_list":["post-27291","page","type-page","status-publish","hentry"],"yoast_head":"<!-- This site is optimized with the Yoast SEO plugin v27.5 - https:\/\/yoast.com\/product\/yoast-seo-wordpress\/ -->\n<title>Tonalities selection &#8211; TONALIBUS Harmony and Tonalities<\/title>\n<meta name=\"description\" content=\"Based on a personal fundamental pitch, verify the resulting harmonic base and then go on to individual tonalities selection. Have fun!\" \/>\n<meta name=\"robots\" content=\"index, follow, max-snippet:-1, max-image-preview:large, max-video-preview:-1\" \/>\n<link rel=\"canonical\" href=\"https:\/\/tonalibus.org\/fr\/shop\/tonalities-selection\/\" \/>\n<meta property=\"og:locale\" content=\"fr_FR\" \/>\n<meta property=\"og:type\" content=\"article\" \/>\n<meta property=\"og:title\" content=\"Tonalities selection &#8211; TONALIBUS Harmony and Tonalities\" \/>\n<meta property=\"og:description\" content=\"Based on a personal fundamental pitch, verify the resulting harmonic base and then go on to individual tonalities selection. Have fun!\" \/>\n<meta property=\"og:url\" content=\"https:\/\/tonalibus.org\/fr\/shop\/tonalities-selection\/\" \/>\n<meta property=\"og:site_name\" content=\"TONALIBUS\" \/>\n<meta property=\"article:modified_time\" content=\"2023-12-24T11:39:18+00:00\" \/>\n<meta property=\"og:image\" content=\"https:\/\/tonalibus.org\/wp-content\/uploads\/2023\/12\/Tonalibus-1e-3-tonalities-2020-05-29-sqr.jpg\" \/>\n<meta name=\"twitter:card\" content=\"summary_large_image\" \/>\n<meta name=\"twitter:label1\" content=\"Dur\u00e9e de lecture estim\u00e9e\" \/>\n\t<meta name=\"twitter:data1\" content=\"3 minutes\" \/>\n<script type=\"application\/ld+json\" class=\"yoast-schema-graph\">{\"@context\":\"https:\\\/\\\/schema.org\",\"@graph\":[{\"@type\":\"WebPage\",\"@id\":\"https:\\\/\\\/tonalibus.org\\\/shop\\\/tonalities-selection\\\/\",\"url\":\"https:\\\/\\\/tonalibus.org\\\/shop\\\/tonalities-selection\\\/\",\"name\":\"Tonalities selection &#8211; TONALIBUS Harmony and Tonalities\",\"isPartOf\":{\"@id\":\"https:\\\/\\\/tonalibus.org\\\/de\\\/#website\"},\"primaryImageOfPage\":{\"@id\":\"https:\\\/\\\/tonalibus.org\\\/shop\\\/tonalities-selection\\\/#primaryimage\"},\"image\":{\"@id\":\"https:\\\/\\\/tonalibus.org\\\/shop\\\/tonalities-selection\\\/#primaryimage\"},\"thumbnailUrl\":\"https:\\\/\\\/tonalibus.org\\\/wp-content\\\/uploads\\\/2023\\\/12\\\/Tonalibus-1e-3-tonalities-2020-05-29-sqr.jpg\",\"datePublished\":\"2023-09-04T17:13:56+00:00\",\"dateModified\":\"2023-12-24T11:39:18+00:00\",\"description\":\"Based on a personal fundamental pitch, verify the resulting harmonic base and then go on to individual tonalities selection. Have fun!\",\"breadcrumb\":{\"@id\":\"https:\\\/\\\/tonalibus.org\\\/shop\\\/tonalities-selection\\\/#breadcrumb\"},\"inLanguage\":\"fr-FR\",\"potentialAction\":[{\"@type\":\"ReadAction\",\"target\":[\"https:\\\/\\\/tonalibus.org\\\/shop\\\/tonalities-selection\\\/\"]}]},{\"@type\":\"ImageObject\",\"inLanguage\":\"fr-FR\",\"@id\":\"https:\\\/\\\/tonalibus.org\\\/shop\\\/tonalities-selection\\\/#primaryimage\",\"url\":\"https:\\\/\\\/tonalibus.org\\\/wp-content\\\/uploads\\\/2023\\\/12\\\/Tonalibus-1e-3-tonalities-2020-05-29-sqr.jpg\",\"contentUrl\":\"https:\\\/\\\/tonalibus.org\\\/wp-content\\\/uploads\\\/2023\\\/12\\\/Tonalibus-1e-3-tonalities-2020-05-29-sqr.jpg\"},{\"@type\":\"BreadcrumbList\",\"@id\":\"https:\\\/\\\/tonalibus.org\\\/shop\\\/tonalities-selection\\\/#breadcrumb\",\"itemListElement\":[{\"@type\":\"ListItem\",\"position\":1,\"name\":\"Home\",\"item\":\"https:\\\/\\\/tonalibus.org\\\/\"},{\"@type\":\"ListItem\",\"position\":2,\"name\":\"Fidibus Shop\",\"item\":\"https:\\\/\\\/tonalibus.org\\\/shop\\\/\"},{\"@type\":\"ListItem\",\"position\":3,\"name\":\"Tonalities selection\"}]},{\"@type\":\"WebSite\",\"@id\":\"https:\\\/\\\/tonalibus.org\\\/de\\\/#website\",\"url\":\"https:\\\/\\\/tonalibus.org\\\/de\\\/\",\"name\":\"TONALIBUS\",\"description\":\"Anchored Harmony and Tonalities\",\"publisher\":{\"@id\":\"https:\\\/\\\/tonalibus.org\\\/de\\\/#\\\/schema\\\/person\\\/749261d7bc96d1f00127273f83ab96a4\"},\"potentialAction\":[{\"@type\":\"SearchAction\",\"target\":{\"@type\":\"EntryPoint\",\"urlTemplate\":\"https:\\\/\\\/tonalibus.org\\\/de\\\/?s={search_term_string}\"},\"query-input\":{\"@type\":\"PropertyValueSpecification\",\"valueRequired\":true,\"valueName\":\"search_term_string\"}}],\"inLanguage\":\"fr-FR\"},{\"@type\":[\"Person\",\"Organization\"],\"@id\":\"https:\\\/\\\/tonalibus.org\\\/de\\\/#\\\/schema\\\/person\\\/749261d7bc96d1f00127273f83ab96a4\",\"name\":\"Ulrico\",\"image\":{\"@type\":\"ImageObject\",\"inLanguage\":\"fr-FR\",\"@id\":\"https:\\\/\\\/tonalibus.org\\\/wp-content\\\/uploads\\\/2020\\\/06\\\/uli-pix.jpg\",\"url\":\"https:\\\/\\\/tonalibus.org\\\/wp-content\\\/uploads\\\/2020\\\/06\\\/uli-pix.jpg\",\"contentUrl\":\"https:\\\/\\\/tonalibus.org\\\/wp-content\\\/uploads\\\/2020\\\/06\\\/uli-pix.jpg\",\"width\":960,\"height\":720,\"caption\":\"Ulrico\"},\"logo\":{\"@id\":\"https:\\\/\\\/tonalibus.org\\\/wp-content\\\/uploads\\\/2020\\\/06\\\/uli-pix.jpg\"},\"sameAs\":[\"https:\\\/\\\/tonalibus.cyon.site\"]}]}<\/script>\n<!-- \/ Yoast SEO plugin. -->","yoast_head_json":{"title":"S\u00e9lection des tonalit\u00e9s - TONALIBUS Harmonie et tonalit\u00e9s","description":"Sur la base d'une hauteur fondamentale personnelle, v\u00e9rifiez la base harmonique r\u00e9sultante, puis passez \u00e0 la s\u00e9lection des tonalit\u00e9s individuelles. Amusez-vous bien !","robots":{"index":"index","follow":"follow","max-snippet":"max-snippet:-1","max-image-preview":"max-image-preview:large","max-video-preview":"max-video-preview:-1"},"canonical":"https:\/\/tonalibus.org\/fr\/shop\/tonalities-selection\/","og_locale":"fr_FR","og_type":"article","og_title":"Tonalities selection &#8211; TONALIBUS Harmony and Tonalities","og_description":"Based on a personal fundamental pitch, verify the resulting harmonic base and then go on to individual tonalities selection. Have fun!","og_url":"https:\/\/tonalibus.org\/fr\/shop\/tonalities-selection\/","og_site_name":"TONALIBUS","article_modified_time":"2023-12-24T11:39:18+00:00","og_image":[{"url":"https:\/\/tonalibus.org\/wp-content\/uploads\/2023\/12\/Tonalibus-1e-3-tonalities-2020-05-29-sqr.jpg","type":"","width":"","height":""}],"twitter_card":"summary_large_image","twitter_misc":{"Dur\u00e9e de lecture estim\u00e9e":"3 minutes"},"schema":{"@context":"https:\/\/schema.org","@graph":[{"@type":"WebPage","@id":"https:\/\/tonalibus.org\/shop\/tonalities-selection\/","url":"https:\/\/tonalibus.org\/shop\/tonalities-selection\/","name":"S\u00e9lection des tonalit\u00e9s - TONALIBUS Harmonie et tonalit\u00e9s","isPartOf":{"@id":"https:\/\/tonalibus.org\/de\/#website"},"primaryImageOfPage":{"@id":"https:\/\/tonalibus.org\/shop\/tonalities-selection\/#primaryimage"},"image":{"@id":"https:\/\/tonalibus.org\/shop\/tonalities-selection\/#primaryimage"},"thumbnailUrl":"https:\/\/tonalibus.org\/wp-content\/uploads\/2023\/12\/Tonalibus-1e-3-tonalities-2020-05-29-sqr.jpg","datePublished":"2023-09-04T17:13:56+00:00","dateModified":"2023-12-24T11:39:18+00:00","description":"Sur la base d'une hauteur fondamentale personnelle, v\u00e9rifiez la base harmonique r\u00e9sultante, puis passez \u00e0 la s\u00e9lection des tonalit\u00e9s individuelles. Amusez-vous bien !","breadcrumb":{"@id":"https:\/\/tonalibus.org\/shop\/tonalities-selection\/#breadcrumb"},"inLanguage":"fr-FR","potentialAction":[{"@type":"ReadAction","target":["https:\/\/tonalibus.org\/shop\/tonalities-selection\/"]}]},{"@type":"ImageObject","inLanguage":"fr-FR","@id":"https:\/\/tonalibus.org\/shop\/tonalities-selection\/#primaryimage","url":"https:\/\/tonalibus.org\/wp-content\/uploads\/2023\/12\/Tonalibus-1e-3-tonalities-2020-05-29-sqr.jpg","contentUrl":"https:\/\/tonalibus.org\/wp-content\/uploads\/2023\/12\/Tonalibus-1e-3-tonalities-2020-05-29-sqr.jpg"},{"@type":"BreadcrumbList","@id":"https:\/\/tonalibus.org\/shop\/tonalities-selection\/#breadcrumb","itemListElement":[{"@type":"ListItem","position":1,"name":"Home","item":"https:\/\/tonalibus.org\/"},{"@type":"ListItem","position":2,"name":"Fidibus Shop","item":"https:\/\/tonalibus.org\/shop\/"},{"@type":"ListItem","position":3,"name":"Tonalities selection"}]},{"@type":"WebSite","@id":"https:\/\/tonalibus.org\/de\/#website","url":"https:\/\/tonalibus.org\/de\/","name":"TONALIBUS","description":"Harmonie et tonalit\u00e9s ancr\u00e9es","publisher":{"@id":"https:\/\/tonalibus.org\/de\/#\/schema\/person\/749261d7bc96d1f00127273f83ab96a4"},"potentialAction":[{"@type":"SearchAction","target":{"@type":"EntryPoint","urlTemplate":"https:\/\/tonalibus.org\/de\/?s={search_term_string}"},"query-input":{"@type":"PropertyValueSpecification","valueRequired":true,"valueName":"search_term_string"}}],"inLanguage":"fr-FR"},{"@type":["Person","Organization"],"@id":"https:\/\/tonalibus.org\/de\/#\/schema\/person\/749261d7bc96d1f00127273f83ab96a4","name":"Ulrico","image":{"@type":"ImageObject","inLanguage":"fr-FR","@id":"https:\/\/tonalibus.org\/wp-content\/uploads\/2020\/06\/uli-pix.jpg","url":"https:\/\/tonalibus.org\/wp-content\/uploads\/2020\/06\/uli-pix.jpg","contentUrl":"https:\/\/tonalibus.org\/wp-content\/uploads\/2020\/06\/uli-pix.jpg","width":960,"height":720,"caption":"Ulrico"},"logo":{"@id":"https:\/\/tonalibus.org\/wp-content\/uploads\/2020\/06\/uli-pix.jpg"},"sameAs":["https:\/\/tonalibus.cyon.site"]}]}},"_links":{"self":[{"href":"https:\/\/tonalibus.org\/fr\/wp-json\/wp\/v2\/pages\/27291","targetHints":{"allow":["GET"]}}],"collection":[{"href":"https:\/\/tonalibus.org\/fr\/wp-json\/wp\/v2\/pages"}],"about":[{"href":"https:\/\/tonalibus.org\/fr\/wp-json\/wp\/v2\/types\/page"}],"author":[{"embeddable":true,"href":"https:\/\/tonalibus.org\/fr\/wp-json\/wp\/v2\/users\/1"}],"replies":[{"embeddable":true,"href":"https:\/\/tonalibus.org\/fr\/wp-json\/wp\/v2\/comments?post=27291"}],"version-history":[{"count":0,"href":"https:\/\/tonalibus.org\/fr\/wp-json\/wp\/v2\/pages\/27291\/revisions"}],"up":[{"embeddable":true,"href":"https:\/\/tonalibus.org\/fr\/wp-json\/wp\/v2\/pages\/490"}],"wp:attachment":[{"href":"https:\/\/tonalibus.org\/fr\/wp-json\/wp\/v2\/media?parent=27291"}],"curies":[{"name":"wp","href":"https:\/\/api.w.org\/{rel}","templated":true}]}}