{"id":27522,"date":"2023-09-07T15:18:30","date_gmt":"2023-09-07T13:18:30","guid":{"rendered":"https:\/\/tonalibus.org\/?page_id=27522"},"modified":"2023-09-11T10:44:14","modified_gmt":"2023-09-11T08:44:14","slug":"dis-harmonic-base","status":"publish","type":"page","link":"https:\/\/tonalibus.org\/fr\/shop\/tonalities-selection\/dis-harmonic-base\/","title":{"rendered":"Base harmonique R\u00e9#"},"content":{"rendered":"<div class=\"wp-block-buttons is-content-justification-center is-layout-flex wp-container-core-buttons-is-layout-16018d1d wp-block-buttons-is-layout-flex\">\n<div class=\"wp-block-button is-style-outline is-style-outline--1\"><a class=\"wp-block-button__link wp-element-button\" href=\"#verification\">V\u00e9rification<\/a><\/div>\n\n\n\n<div class=\"wp-block-button is-style-outline is-style-outline--2\"><a class=\"wp-block-button__link wp-element-button\" href=\"#references\">R\u00e9f\u00e9rences<\/a><\/div>\n\n\n\n<div class=\"wp-block-button is-style-outline is-style-outline--3\"><a class=\"wp-block-button__link wp-element-button\" href=\"#explanation\">Explication<\/a><\/div>\n<\/div>\n\n\n\n<div style=\"height:40px\" aria-hidden=\"true\" class=\"wp-block-spacer\"><\/div>\n\n\n\n<h2 class=\"wp-block-heading has-text-color\" id=\"verification\" style=\"color:#f7b320\">V\u00e9rification de la base harmonique<\/h2>\n\n\n\n<p class=\"has-text-color\" style=\"color:#f7b320\">Pour v\u00e9rifier votre base harmonique avec R\u00e9#, votre hauteur fondamentale personnelle, activez le bourdon R\u00e9# en loop. Prenez un moment pour vous accorder.<\/p>\n\n\n\n<figure class=\"wp-block-audio\"><audio controls src=\"https:\/\/tonalibus.org\/wp-content\/uploads\/2023\/09\/2023-09-01-Dis-DRONE.mp3\" loop><\/audio><figcaption class=\"wp-element-caption\"><mark style=\"background-color:rgba(0, 0, 0, 0);color:#f7b320\" class=\"has-inline-color\">R\u00e9# \/ D# \u2013 bourdon en loop <\/mark><\/figcaption><\/figure>\n\n\n\n<div style=\"height:20px\" aria-hidden=\"true\" class=\"wp-block-spacer\"><\/div>\n\n\n\n<p class=\"has-text-color\" style=\"color:#f7b320\">Avec le bourdon R\u00e9# en marche, une \u00e0 la fois et avec un moment d'\u00e9coute du drone fondamental entre les deux, essayez tranquillement les deux hauteurs ci-dessous autant de fois que vous le souhaitez. D\u00e9terminez laquelle des deux, Sol# ou La#, vous convient le mieux dans le contexte du bourdon R\u00e9#. <\/p>\n\n\n\n<div class=\"wp-block-columns is-layout-flex wp-container-core-columns-is-layout-9d6595d7 wp-block-columns-is-layout-flex\">\n<div class=\"wp-block-column is-layout-flow wp-block-column-is-layout-flow\">\n<figure class=\"wp-block-audio\"><audio controls src=\"https:\/\/tonalibus.org\/wp-content\/uploads\/2023\/09\/2023-09-04-AIS-PITCH.mp3\"><\/audio><figcaption class=\"wp-element-caption\"><mark style=\"background-color:rgba(0, 0, 0, 0);color:#f7b320\" class=\"has-inline-color\">La# \/ A# \u2013 hauteur 19 secondes<\/mark><\/figcaption><\/figure>\n<\/div>\n\n\n\n<div class=\"wp-block-column is-layout-flow wp-block-column-is-layout-flow\">\n<figure class=\"wp-block-audio\"><audio controls src=\"https:\/\/tonalibus.org\/wp-content\/uploads\/2023\/09\/2023-09-04-GIS-PITCH.mp3\"><\/audio><figcaption class=\"wp-element-caption\"><mark style=\"background-color:rgba(0, 0, 0, 0);color:#f7b320\" class=\"has-inline-color\">Sol# \/ G# \u2013 hauteur 21 secondes<\/mark><\/figcaption><\/figure>\n<\/div>\n<\/div>\n\n\n\n<p class=\"has-text-color\" style=\"color:#f7b320\">En choisissant La# plut\u00f4t que Sol# ou les deux \u00e9galement, vous v\u00e9rifiez que R\u00e9#, votre hauteur fondamentale personnelle, est la fondamentale de vos tonalit\u00e9s individuelles, formant leur base harmonique avec La comme quinte. Mais si vous avez clairement choisi Sol# plut\u00f4t que La#, vous pouvez continuer avec Sol# comme fondamentale pour vos tonalit\u00e9s individuelles, formant leur base harmonique avec R\u00e9#, votre fondamentale personnelle, comme quinte. <\/p>\n\n\n\n<h2 class=\"wp-block-heading has-text-color\" id=\"references\" style=\"color:#f7b320\">Boucles de r\u00e9f\u00e9rence<\/h2>\n\n\n\n<p class=\"has-text-color\" style=\"color:#f7b320\">\u00c9teindre chaque boucle en cours avant d'en d\u00e9marrer une autre, sinon elles risquent de sonner simultan\u00e9ment.<\/p>\n\n\n\n<h3 class=\"wp-block-heading has-text-color\" style=\"color:#f7b320\">R\u00e9# avec La#<\/h3>\n\n\n\n<figure class=\"wp-block-audio\"><audio controls src=\"https:\/\/tonalibus.org\/wp-content\/uploads\/2023\/09\/2023-09-04-DIS-SAPA.mp3\" loop><\/audio><figcaption class=\"wp-element-caption\"><mark style=\"background-color:rgba(0, 0, 0, 0);color:#f7b320\" class=\"has-inline-color\">R\u00e9# \/ D# fondamentale avec La# \/ A# quinte \u2013 guitare \u00e0 8 cordes et tanpura \u2013 bourdon en loop<\/mark><\/figcaption><\/figure>\n\n\n\n<h3 class=\"wp-block-heading has-text-color\" style=\"color:#f7b320\">Sol# avec R\u00e9#<\/h3>\n\n\n\n<figure class=\"wp-block-audio\"><audio controls src=\"https:\/\/tonalibus.org\/wp-content\/uploads\/2023\/09\/2023-09-04-GIS-SAPA.mp3\" loop><\/audio><figcaption class=\"wp-element-caption\"><mark style=\"background-color:rgba(0, 0, 0, 0);color:#f7b320\" class=\"has-inline-color\">Sol# \/ G# fondamentale avec R\u00e9# \/ D# quinte \u2013 guitare \u00e0 8 cordes et tanpura \u2013 bourdon en loop<\/mark><\/figcaption><\/figure>\n\n\n\n<h2 class=\"wp-block-heading has-text-color\" id=\"explanation\" style=\"color:#f7b320\">Explication<\/h2>\n\n\n\n<p class=\"has-text-color\" style=\"color:#f7b320\">La base harmonique d'une tonalit\u00e9 est sa fondamentale et sa quinte, le premier harmonique qui n'est pas une octave de la fondamentale. R\u00e9#, la hauteur fondamentale que vous avez choisie, peut tr\u00e8s bien \u00eatre la fondamentale de vos tonalit\u00e9s individuelles, avec La# comme quinte. Par contre, si, en v\u00e9rifiant votre base harmonique, vous avez choisi Sol# plut\u00f4t que La#, par le <a href=\"https:\/\/tonalibus.org\/fr\/concepts\/glossary\/#miracle\"><mark style=\"background-color:rgba(0, 0, 0, 0);color:#f7b320\" class=\"has-inline-color\">miracle de la nature<\/mark><\/a>, Sol# devient la fondamentale de vos tonalit\u00e9s individuelles, et la hauteur fondamentale personnelle que vous avez choisie devient leur quinte.<\/p>\n\n\n\n<div style=\"height:75px\" aria-hidden=\"true\" class=\"wp-block-spacer\"><\/div>\n\n\n<div class=\"wp-block-image\">\n<figure class=\"aligncenter size-full is-resized\"><img loading=\"lazy\" decoding=\"async\" src=\"https:\/\/tonalibus.org\/wp-content\/uploads\/2021\/12\/fat-logo-square.jpg\" alt=\"D# harmonic base\" class=\"wp-image-15748\" style=\"object-fit:cover;width:450px;height:450px\" width=\"450\" height=\"450\" srcset=\"https:\/\/tonalibus.org\/wp-content\/uploads\/2021\/12\/fat-logo-square.jpg 720w, https:\/\/tonalibus.org\/wp-content\/uploads\/2021\/12\/fat-logo-square-300x300.jpg 300w, https:\/\/tonalibus.org\/wp-content\/uploads\/2021\/12\/fat-logo-square-150x150.jpg 150w, https:\/\/tonalibus.org\/wp-content\/uploads\/2021\/12\/fat-logo-square-12x12.jpg 12w, https:\/\/tonalibus.org\/wp-content\/uploads\/2021\/12\/fat-logo-square-100x100.jpg 100w, https:\/\/tonalibus.org\/wp-content\/uploads\/2021\/12\/fat-logo-square-560x560.jpg 560w\" sizes=\"auto, (max-width: 450px) 100vw, 450px\" \/><figcaption class=\"wp-element-caption\">La <a href=\"https:\/\/tonalibus.org\/fr\/concepts\/concepts-highlights\/highlight-pivots\/\">pivot harmonique<\/a> \u2013 deux spirales oppos\u00e9es unifi\u00e9es en une seule<\/figcaption><\/figure>\n<\/div>","protected":false},"excerpt":{"rendered":"<p>Harmonic base verification To verify your harmonic base with D#, your personal fundamental pitch, turn on the D# drone loop. Take a moment to tune in. With the D# drone running, one at a time and with a moment of listening just to the fundamental drone in between, leisurely try out the two pitches below &hellip; <\/p>\n<p class=\"link-more\"><a href=\"https:\/\/tonalibus.org\/fr\/shop\/tonalities-selection\/dis-harmonic-base\/\" class=\"more-link\">Continuer la lecture<span class=\"screen-reader-text\"> de &laquo;&nbsp;D# harmonic base&nbsp;&raquo;<\/span><\/a><\/p>","protected":false},"author":1,"featured_media":0,"parent":27291,"menu_order":23,"comment_status":"closed","ping_status":"closed","template":"","meta":{"footnotes":""},"class_list":["post-27522","page","type-page","status-publish","hentry"],"yoast_head":"<!-- This site is optimized with the Yoast SEO plugin v27.4 - https:\/\/yoast.com\/product\/yoast-seo-wordpress\/ -->\n<title>D# harmonic base &#8211; TONALIBUS Harmony and Tonalities<\/title>\n<meta name=\"description\" content=\"If D# is your chosen fundamental pitch, the D# harmonic base check allows you to verify the fundamental base for your personal tonalities.\" \/>\n<meta name=\"robots\" content=\"index, follow, max-snippet:-1, max-image-preview:large, max-video-preview:-1\" \/>\n<link rel=\"canonical\" href=\"https:\/\/tonalibus.org\/fr\/shop\/tonalities-selection\/dis-harmonic-base\/\" \/>\n<meta property=\"og:locale\" content=\"fr_FR\" \/>\n<meta property=\"og:type\" content=\"article\" \/>\n<meta property=\"og:title\" content=\"D# harmonic base &#8211; TONALIBUS Harmony and Tonalities\" \/>\n<meta property=\"og:description\" content=\"If D# is your chosen fundamental pitch, the D# harmonic base check allows you to verify the fundamental base for your personal tonalities.\" \/>\n<meta property=\"og:url\" content=\"https:\/\/tonalibus.org\/fr\/shop\/tonalities-selection\/dis-harmonic-base\/\" \/>\n<meta property=\"og:site_name\" content=\"TONALIBUS\" \/>\n<meta property=\"article:modified_time\" content=\"2023-09-11T08:44:14+00:00\" \/>\n<meta property=\"og:image\" content=\"https:\/\/tonalibus.org\/wp-content\/uploads\/2021\/12\/fat-logo-square.jpg\" \/>\n<meta name=\"twitter:card\" content=\"summary_large_image\" \/>\n<meta name=\"twitter:label1\" content=\"Dur\u00e9e de lecture estim\u00e9e\" \/>\n\t<meta name=\"twitter:data1\" content=\"2 minutes\" \/>\n<script type=\"application\/ld+json\" class=\"yoast-schema-graph\">{\"@context\":\"https:\\\/\\\/schema.org\",\"@graph\":[{\"@type\":\"WebPage\",\"@id\":\"https:\\\/\\\/tonalibus.org\\\/shop\\\/tonalities-selection\\\/dis-harmonic-base\\\/\",\"url\":\"https:\\\/\\\/tonalibus.org\\\/shop\\\/tonalities-selection\\\/dis-harmonic-base\\\/\",\"name\":\"D# harmonic base &#8211; TONALIBUS Harmony and Tonalities\",\"isPartOf\":{\"@id\":\"https:\\\/\\\/tonalibus.org\\\/de\\\/#website\"},\"primaryImageOfPage\":{\"@id\":\"https:\\\/\\\/tonalibus.org\\\/shop\\\/tonalities-selection\\\/dis-harmonic-base\\\/#primaryimage\"},\"image\":{\"@id\":\"https:\\\/\\\/tonalibus.org\\\/shop\\\/tonalities-selection\\\/dis-harmonic-base\\\/#primaryimage\"},\"thumbnailUrl\":\"https:\\\/\\\/tonalibus.org\\\/wp-content\\\/uploads\\\/2021\\\/12\\\/fat-logo-square.jpg\",\"datePublished\":\"2023-09-07T13:18:30+00:00\",\"dateModified\":\"2023-09-11T08:44:14+00:00\",\"description\":\"If D# is your chosen fundamental pitch, the D# harmonic base check allows you to verify the fundamental base for your personal tonalities.\",\"breadcrumb\":{\"@id\":\"https:\\\/\\\/tonalibus.org\\\/shop\\\/tonalities-selection\\\/dis-harmonic-base\\\/#breadcrumb\"},\"inLanguage\":\"fr-FR\",\"potentialAction\":[{\"@type\":\"ReadAction\",\"target\":[\"https:\\\/\\\/tonalibus.org\\\/shop\\\/tonalities-selection\\\/dis-harmonic-base\\\/\"]}]},{\"@type\":\"ImageObject\",\"inLanguage\":\"fr-FR\",\"@id\":\"https:\\\/\\\/tonalibus.org\\\/shop\\\/tonalities-selection\\\/dis-harmonic-base\\\/#primaryimage\",\"url\":\"https:\\\/\\\/tonalibus.org\\\/wp-content\\\/uploads\\\/2021\\\/12\\\/fat-logo-square.jpg\",\"contentUrl\":\"https:\\\/\\\/tonalibus.org\\\/wp-content\\\/uploads\\\/2021\\\/12\\\/fat-logo-square.jpg\"},{\"@type\":\"BreadcrumbList\",\"@id\":\"https:\\\/\\\/tonalibus.org\\\/shop\\\/tonalities-selection\\\/dis-harmonic-base\\\/#breadcrumb\",\"itemListElement\":[{\"@type\":\"ListItem\",\"position\":1,\"name\":\"Home\",\"item\":\"https:\\\/\\\/tonalibus.org\\\/\"},{\"@type\":\"ListItem\",\"position\":2,\"name\":\"Fidibus Shop\",\"item\":\"https:\\\/\\\/tonalibus.org\\\/shop\\\/\"},{\"@type\":\"ListItem\",\"position\":3,\"name\":\"Tonalities selection\",\"item\":\"https:\\\/\\\/tonalibus.org\\\/shop\\\/tonalities-selection\\\/\"},{\"@type\":\"ListItem\",\"position\":4,\"name\":\"D# harmonic base\"}]},{\"@type\":\"WebSite\",\"@id\":\"https:\\\/\\\/tonalibus.org\\\/de\\\/#website\",\"url\":\"https:\\\/\\\/tonalibus.org\\\/de\\\/\",\"name\":\"TONALIBUS\",\"description\":\"Anchored Harmony and Tonalities\",\"publisher\":{\"@id\":\"https:\\\/\\\/tonalibus.org\\\/de\\\/#\\\/schema\\\/person\\\/749261d7bc96d1f00127273f83ab96a4\"},\"potentialAction\":[{\"@type\":\"SearchAction\",\"target\":{\"@type\":\"EntryPoint\",\"urlTemplate\":\"https:\\\/\\\/tonalibus.org\\\/de\\\/?s={search_term_string}\"},\"query-input\":{\"@type\":\"PropertyValueSpecification\",\"valueRequired\":true,\"valueName\":\"search_term_string\"}}],\"inLanguage\":\"fr-FR\"},{\"@type\":[\"Person\",\"Organization\"],\"@id\":\"https:\\\/\\\/tonalibus.org\\\/de\\\/#\\\/schema\\\/person\\\/749261d7bc96d1f00127273f83ab96a4\",\"name\":\"Ulrico\",\"image\":{\"@type\":\"ImageObject\",\"inLanguage\":\"fr-FR\",\"@id\":\"https:\\\/\\\/tonalibus.org\\\/wp-content\\\/uploads\\\/2020\\\/06\\\/uli-pix.jpg\",\"url\":\"https:\\\/\\\/tonalibus.org\\\/wp-content\\\/uploads\\\/2020\\\/06\\\/uli-pix.jpg\",\"contentUrl\":\"https:\\\/\\\/tonalibus.org\\\/wp-content\\\/uploads\\\/2020\\\/06\\\/uli-pix.jpg\",\"width\":960,\"height\":720,\"caption\":\"Ulrico\"},\"logo\":{\"@id\":\"https:\\\/\\\/tonalibus.org\\\/wp-content\\\/uploads\\\/2020\\\/06\\\/uli-pix.jpg\"},\"sameAs\":[\"https:\\\/\\\/tonalibus.cyon.site\"]}]}<\/script>\n<!-- \/ Yoast SEO plugin. -->","yoast_head_json":{"title":"D# base harmonique - TONALIBUS Harmonie et tonalit\u00e9s","description":"Si D# est la hauteur fondamentale que vous avez choisie, le contr\u00f4le de la base harmonique de D# vous permet de v\u00e9rifier la base fondamentale de vos tonalit\u00e9s personnelles.","robots":{"index":"index","follow":"follow","max-snippet":"max-snippet:-1","max-image-preview":"max-image-preview:large","max-video-preview":"max-video-preview:-1"},"canonical":"https:\/\/tonalibus.org\/fr\/shop\/tonalities-selection\/dis-harmonic-base\/","og_locale":"fr_FR","og_type":"article","og_title":"D# harmonic base &#8211; TONALIBUS Harmony and Tonalities","og_description":"If D# is your chosen fundamental pitch, the D# harmonic base check allows you to verify the fundamental base for your personal tonalities.","og_url":"https:\/\/tonalibus.org\/fr\/shop\/tonalities-selection\/dis-harmonic-base\/","og_site_name":"TONALIBUS","article_modified_time":"2023-09-11T08:44:14+00:00","og_image":[{"url":"https:\/\/tonalibus.org\/wp-content\/uploads\/2021\/12\/fat-logo-square.jpg","type":"","width":"","height":""}],"twitter_card":"summary_large_image","twitter_misc":{"Dur\u00e9e de lecture estim\u00e9e":"2 minutes"},"schema":{"@context":"https:\/\/schema.org","@graph":[{"@type":"WebPage","@id":"https:\/\/tonalibus.org\/shop\/tonalities-selection\/dis-harmonic-base\/","url":"https:\/\/tonalibus.org\/shop\/tonalities-selection\/dis-harmonic-base\/","name":"D# base harmonique - TONALIBUS Harmonie et tonalit\u00e9s","isPartOf":{"@id":"https:\/\/tonalibus.org\/de\/#website"},"primaryImageOfPage":{"@id":"https:\/\/tonalibus.org\/shop\/tonalities-selection\/dis-harmonic-base\/#primaryimage"},"image":{"@id":"https:\/\/tonalibus.org\/shop\/tonalities-selection\/dis-harmonic-base\/#primaryimage"},"thumbnailUrl":"https:\/\/tonalibus.org\/wp-content\/uploads\/2021\/12\/fat-logo-square.jpg","datePublished":"2023-09-07T13:18:30+00:00","dateModified":"2023-09-11T08:44:14+00:00","description":"Si D# est la hauteur fondamentale que vous avez choisie, le contr\u00f4le de la base harmonique de D# vous permet de v\u00e9rifier la base fondamentale de vos tonalit\u00e9s personnelles.","breadcrumb":{"@id":"https:\/\/tonalibus.org\/shop\/tonalities-selection\/dis-harmonic-base\/#breadcrumb"},"inLanguage":"fr-FR","potentialAction":[{"@type":"ReadAction","target":["https:\/\/tonalibus.org\/shop\/tonalities-selection\/dis-harmonic-base\/"]}]},{"@type":"ImageObject","inLanguage":"fr-FR","@id":"https:\/\/tonalibus.org\/shop\/tonalities-selection\/dis-harmonic-base\/#primaryimage","url":"https:\/\/tonalibus.org\/wp-content\/uploads\/2021\/12\/fat-logo-square.jpg","contentUrl":"https:\/\/tonalibus.org\/wp-content\/uploads\/2021\/12\/fat-logo-square.jpg"},{"@type":"BreadcrumbList","@id":"https:\/\/tonalibus.org\/shop\/tonalities-selection\/dis-harmonic-base\/#breadcrumb","itemListElement":[{"@type":"ListItem","position":1,"name":"Home","item":"https:\/\/tonalibus.org\/"},{"@type":"ListItem","position":2,"name":"Fidibus Shop","item":"https:\/\/tonalibus.org\/shop\/"},{"@type":"ListItem","position":3,"name":"Tonalities selection","item":"https:\/\/tonalibus.org\/shop\/tonalities-selection\/"},{"@type":"ListItem","position":4,"name":"D# harmonic base"}]},{"@type":"WebSite","@id":"https:\/\/tonalibus.org\/de\/#website","url":"https:\/\/tonalibus.org\/de\/","name":"TONALIBUS","description":"Harmonie et tonalit\u00e9s ancr\u00e9es","publisher":{"@id":"https:\/\/tonalibus.org\/de\/#\/schema\/person\/749261d7bc96d1f00127273f83ab96a4"},"potentialAction":[{"@type":"SearchAction","target":{"@type":"EntryPoint","urlTemplate":"https:\/\/tonalibus.org\/de\/?s={search_term_string}"},"query-input":{"@type":"PropertyValueSpecification","valueRequired":true,"valueName":"search_term_string"}}],"inLanguage":"fr-FR"},{"@type":["Person","Organization"],"@id":"https:\/\/tonalibus.org\/de\/#\/schema\/person\/749261d7bc96d1f00127273f83ab96a4","name":"Ulrico","image":{"@type":"ImageObject","inLanguage":"fr-FR","@id":"https:\/\/tonalibus.org\/wp-content\/uploads\/2020\/06\/uli-pix.jpg","url":"https:\/\/tonalibus.org\/wp-content\/uploads\/2020\/06\/uli-pix.jpg","contentUrl":"https:\/\/tonalibus.org\/wp-content\/uploads\/2020\/06\/uli-pix.jpg","width":960,"height":720,"caption":"Ulrico"},"logo":{"@id":"https:\/\/tonalibus.org\/wp-content\/uploads\/2020\/06\/uli-pix.jpg"},"sameAs":["https:\/\/tonalibus.cyon.site"]}]}},"_links":{"self":[{"href":"https:\/\/tonalibus.org\/fr\/wp-json\/wp\/v2\/pages\/27522","targetHints":{"allow":["GET"]}}],"collection":[{"href":"https:\/\/tonalibus.org\/fr\/wp-json\/wp\/v2\/pages"}],"about":[{"href":"https:\/\/tonalibus.org\/fr\/wp-json\/wp\/v2\/types\/page"}],"author":[{"embeddable":true,"href":"https:\/\/tonalibus.org\/fr\/wp-json\/wp\/v2\/users\/1"}],"replies":[{"embeddable":true,"href":"https:\/\/tonalibus.org\/fr\/wp-json\/wp\/v2\/comments?post=27522"}],"version-history":[{"count":0,"href":"https:\/\/tonalibus.org\/fr\/wp-json\/wp\/v2\/pages\/27522\/revisions"}],"up":[{"embeddable":true,"href":"https:\/\/tonalibus.org\/fr\/wp-json\/wp\/v2\/pages\/27291"}],"wp:attachment":[{"href":"https:\/\/tonalibus.org\/fr\/wp-json\/wp\/v2\/media?parent=27522"}],"curies":[{"name":"wp","href":"https:\/\/api.w.org\/{rel}","templated":true}]}}