{"id":2855,"date":"2020-07-23T16:46:50","date_gmt":"2020-07-23T14:46:50","guid":{"rendered":"https:\/\/tonalibus.org\/?page_id=2855"},"modified":"2025-12-16T14:24:34","modified_gmt":"2025-12-16T13:24:34","slug":"anchored-tonalities-matrix","status":"publish","type":"page","link":"https:\/\/tonalibus.org\/fr\/harmony\/anchored-tonalities-matrix\/","title":{"rendered":"Matrice des tonalit\u00e9s ancr\u00e9es"},"content":{"rendered":"<div class=\"wp-block-buttons is-horizontal is-content-justification-center is-layout-flex wp-container-core-buttons-is-layout-499968f5 wp-block-buttons-is-layout-flex\">\n<div class=\"wp-block-button is-style-outline is-style-outline--1\"><a class=\"wp-block-button__link wp-element-button\" href=\"#visuals\">Matrice des tonalit\u00e9s ancr\u00e9es \u2013<br>une repr\u00e9sentation des bases visuelles de l'harmonie <\/a><\/div>\n<\/div>\n\n\n\n<div style=\"height:48px\" aria-hidden=\"true\" class=\"wp-block-spacer\"><\/div>\n\n\n\n<p class=\"has-text-color has-link-color wp-elements-d5cb878eca9f34f522c288d11440a1ff\" style=\"color:#f7b320\">La matrice des tonalit\u00e9s ancr\u00e9es a \u00e9t\u00e9 directement d\u00e9riv\u00e9e de la vision initiale de Tonalibus pr\u00e9sent\u00e9e en bas de la page <a href=\"https:\/\/tonalibus.org\/fr\/about-tonalibus\/tonalibus\/\"><mark style=\"background-color:rgba(0, 0, 0, 0);color:#f7b320\" class=\"has-inline-color\">\u00c0 propos Tonalibus<\/mark><\/a>. Il est le point d'appui et exprime le concept fondamental de mod\u00e8les de tonalit\u00e9s ancr\u00e9s de certaines marches. Vous trouverez plus d'informations \u00e0 ce sujet dans <a href=\"https:\/\/tonalibus.org\/fr\/fundamentals\/five-course-series\/basics-c\/\"><em><mark style=\"background-color:rgba(0, 0, 0, 0);color:#f7b320\" class=\"has-inline-color\">\u00c9chelle de douze marches et fondements des tonalit\u00e9s<\/mark><\/em><\/a>, le troisi\u00e8me module de la <a href=\"https:\/\/tonalibus.org\/fr\/fundamentals\/five-course-series\/\"><mark style=\"background-color:rgba(0, 0, 0, 0);color:#f7b320\" class=\"has-inline-color\">s\u00e9rie de pr\u00e9sentations du cours<\/mark><\/a> <em>Fondements de l'harmonie et des tonalit\u00e9s<\/em>.<\/p>\n\n\n\n<h3 class=\"wp-block-heading has-text-color\" style=\"color:#f7b332\">Matrice des tonalit\u00e9s ancr\u00e9es \u2013 une repr\u00e9sentation visuelle<\/h3>\n\n\n\n<figure id=\"visuals\" class=\"wp-block-video aligncenter\"><video height=\"1080\" style=\"aspect-ratio: 1920 \/ 1080;\" width=\"1920\" controls loop muted poster=\"https:\/\/tonalibus.org\/wp-content\/uploads\/2020\/08\/Anchorsteps-2020-08-12w.jpg\" src=\"https:\/\/tonalibus.org\/wp-content\/uploads\/2020\/08\/Anchorsteps-2020-08.mp4\"><\/video><figcaption class=\"wp-element-caption\"><mark style=\"background-color:rgba(0, 0, 0, 0);color:#f7b320\" class=\"has-inline-color\">Boucle (loop) vid\u00e9o silencieuse \u2013 une fois d\u00e9marr\u00e9e, elle est diffus\u00e9e jusqu'\u00e0 ce qu'elle soit arr\u00eat\u00e9e ou que vous passez \u00e0 une autre page sur cet onglet. Vous pouvez \u00e9galement vous d\u00e9placer manuellement dans les images vid\u00e9o \u00e0 votre propre rythme en faisant glisser horizontalement le point de contr\u00f4le vid\u00e9o. <\/mark><\/figcaption><\/figure>\n\n\n\n<p><\/p>","protected":false},"excerpt":{"rendered":"<p>La matrice des tonalit\u00e9s ancr\u00e9es est directement d\u00e9riv\u00e9e de la vision initiale du Tonalibus, pr\u00e9sent\u00e9e au bas de la page \" A propos du Tonalibus \". Elle est le point d'appui et exprime le concept fondamental des mod\u00e8les de tonalit\u00e9 ancr\u00e9e \u00e0 pas choisis. Vous trouverez plus d'informations \u00e0 ce sujet dans les Fondamentaux de la gamme et de la tonalit\u00e9 en douze \u00e9tapes, le troisi\u00e8me module de la s\u00e9rie de pr\u00e9sentations du cours ... <\/p>\n<p class=\"link-more\"><a href=\"https:\/\/tonalibus.org\/fr\/harmony\/anchored-tonalities-matrix\/\" class=\"more-link\">Continuer la lecture<span class=\"screen-reader-text\"> de \" Matrice des tonalit\u00e9s ancr\u00e9es \"<\/span><\/a><\/p>","protected":false},"author":1,"featured_media":0,"parent":35638,"menu_order":14,"comment_status":"closed","ping_status":"closed","template":"","meta":{"footnotes":""},"class_list":["post-2855","page","type-page","status-publish","hentry"],"yoast_head":"<!-- This site is optimized with the Yoast SEO plugin v27.5 - https:\/\/yoast.com\/product\/yoast-seo-wordpress\/ -->\n<title>Anchored Tonalities Matrix &#8211; TONALIBUS, Harmony and Tonalities<\/title>\n<meta name=\"description\" content=\"A short visual progression presents the &quot;anchored tonalities matrix&quot; from the course presentation series Harmonic and Tonality Fundamentals.\" \/>\n<meta name=\"robots\" content=\"index, follow, max-snippet:-1, max-image-preview:large, max-video-preview:-1\" \/>\n<link rel=\"canonical\" href=\"https:\/\/tonalibus.org\/fr\/harmony\/anchored-tonalities-matrix\/\" \/>\n<meta property=\"og:locale\" content=\"fr_FR\" \/>\n<meta property=\"og:type\" content=\"article\" \/>\n<meta property=\"og:title\" content=\"Anchored Tonalities Matrix &#8211; TONALIBUS, Harmony and Tonalities\" \/>\n<meta property=\"og:description\" content=\"A short visual progression presents the &quot;anchored tonalities matrix&quot; from the course presentation series Harmonic and Tonality Fundamentals.\" \/>\n<meta property=\"og:url\" content=\"https:\/\/tonalibus.org\/fr\/harmony\/anchored-tonalities-matrix\/\" \/>\n<meta property=\"og:site_name\" content=\"TONALIBUS\" \/>\n<meta property=\"article:modified_time\" content=\"2025-12-16T13:24:34+00:00\" \/>\n<meta name=\"twitter:card\" content=\"summary_large_image\" \/>\n<meta name=\"twitter:label1\" content=\"Dur\u00e9e de lecture estim\u00e9e\" \/>\n\t<meta name=\"twitter:data1\" content=\"1 minute\" \/>\n<script type=\"application\/ld+json\" class=\"yoast-schema-graph\">{\"@context\":\"https:\\\/\\\/schema.org\",\"@graph\":[{\"@type\":\"WebPage\",\"@id\":\"https:\\\/\\\/tonalibus.org\\\/harmony\\\/anchored-tonalities-matrix\\\/\",\"url\":\"https:\\\/\\\/tonalibus.org\\\/harmony\\\/anchored-tonalities-matrix\\\/\",\"name\":\"Anchored Tonalities Matrix &#8211; TONALIBUS, Harmony and Tonalities\",\"isPartOf\":{\"@id\":\"https:\\\/\\\/tonalibus.org\\\/de\\\/#website\"},\"datePublished\":\"2020-07-23T14:46:50+00:00\",\"dateModified\":\"2025-12-16T13:24:34+00:00\",\"description\":\"A short visual progression presents the \\\"anchored tonalities matrix\\\" from the course presentation series Harmonic and Tonality Fundamentals.\",\"breadcrumb\":{\"@id\":\"https:\\\/\\\/tonalibus.org\\\/harmony\\\/anchored-tonalities-matrix\\\/#breadcrumb\"},\"inLanguage\":\"fr-FR\",\"potentialAction\":[{\"@type\":\"ReadAction\",\"target\":[\"https:\\\/\\\/tonalibus.org\\\/harmony\\\/anchored-tonalities-matrix\\\/\"]}]},{\"@type\":\"BreadcrumbList\",\"@id\":\"https:\\\/\\\/tonalibus.org\\\/harmony\\\/anchored-tonalities-matrix\\\/#breadcrumb\",\"itemListElement\":[{\"@type\":\"ListItem\",\"position\":1,\"name\":\"Home\",\"item\":\"https:\\\/\\\/tonalibus.org\\\/\"},{\"@type\":\"ListItem\",\"position\":2,\"name\":\"Harmony\",\"item\":\"https:\\\/\\\/tonalibus.org\\\/harmony\\\/\"},{\"@type\":\"ListItem\",\"position\":3,\"name\":\"Anchored Tonalities Matrix\"}]},{\"@type\":\"WebSite\",\"@id\":\"https:\\\/\\\/tonalibus.org\\\/de\\\/#website\",\"url\":\"https:\\\/\\\/tonalibus.org\\\/de\\\/\",\"name\":\"TONALIBUS\",\"description\":\"Anchored Harmony and Tonalities\",\"publisher\":{\"@id\":\"https:\\\/\\\/tonalibus.org\\\/de\\\/#\\\/schema\\\/person\\\/749261d7bc96d1f00127273f83ab96a4\"},\"potentialAction\":[{\"@type\":\"SearchAction\",\"target\":{\"@type\":\"EntryPoint\",\"urlTemplate\":\"https:\\\/\\\/tonalibus.org\\\/de\\\/?s={search_term_string}\"},\"query-input\":{\"@type\":\"PropertyValueSpecification\",\"valueRequired\":true,\"valueName\":\"search_term_string\"}}],\"inLanguage\":\"fr-FR\"},{\"@type\":[\"Person\",\"Organization\"],\"@id\":\"https:\\\/\\\/tonalibus.org\\\/de\\\/#\\\/schema\\\/person\\\/749261d7bc96d1f00127273f83ab96a4\",\"name\":\"Ulrico\",\"image\":{\"@type\":\"ImageObject\",\"inLanguage\":\"fr-FR\",\"@id\":\"https:\\\/\\\/tonalibus.org\\\/wp-content\\\/uploads\\\/2020\\\/06\\\/uli-pix.jpg\",\"url\":\"https:\\\/\\\/tonalibus.org\\\/wp-content\\\/uploads\\\/2020\\\/06\\\/uli-pix.jpg\",\"contentUrl\":\"https:\\\/\\\/tonalibus.org\\\/wp-content\\\/uploads\\\/2020\\\/06\\\/uli-pix.jpg\",\"width\":960,\"height\":720,\"caption\":\"Ulrico\"},\"logo\":{\"@id\":\"https:\\\/\\\/tonalibus.org\\\/wp-content\\\/uploads\\\/2020\\\/06\\\/uli-pix.jpg\"},\"sameAs\":[\"https:\\\/\\\/tonalibus.cyon.site\"]}]}<\/script>\n<!-- \/ Yoast SEO plugin. -->","yoast_head_json":{"title":"Matrice des tonalit\u00e9s ancr\u00e9es - TONALIBUS, Harmonie et tonalit\u00e9s","description":"Une courte progression visuelle pr\u00e9sente la \"matrice des tonalit\u00e9s ancr\u00e9es\" tir\u00e9e de la s\u00e9rie de pr\u00e9sentations de cours intitul\u00e9e \"Harmonic and Tonality Fundamentals\".","robots":{"index":"index","follow":"follow","max-snippet":"max-snippet:-1","max-image-preview":"max-image-preview:large","max-video-preview":"max-video-preview:-1"},"canonical":"https:\/\/tonalibus.org\/fr\/harmony\/anchored-tonalities-matrix\/","og_locale":"fr_FR","og_type":"article","og_title":"Anchored Tonalities Matrix &#8211; TONALIBUS, Harmony and Tonalities","og_description":"A short visual progression presents the \"anchored tonalities matrix\" from the course presentation series Harmonic and Tonality Fundamentals.","og_url":"https:\/\/tonalibus.org\/fr\/harmony\/anchored-tonalities-matrix\/","og_site_name":"TONALIBUS","article_modified_time":"2025-12-16T13:24:34+00:00","twitter_card":"summary_large_image","twitter_misc":{"Dur\u00e9e de lecture estim\u00e9e":"1 minute"},"schema":{"@context":"https:\/\/schema.org","@graph":[{"@type":"WebPage","@id":"https:\/\/tonalibus.org\/harmony\/anchored-tonalities-matrix\/","url":"https:\/\/tonalibus.org\/harmony\/anchored-tonalities-matrix\/","name":"Matrice des tonalit\u00e9s ancr\u00e9es - TONALIBUS, Harmonie et tonalit\u00e9s","isPartOf":{"@id":"https:\/\/tonalibus.org\/de\/#website"},"datePublished":"2020-07-23T14:46:50+00:00","dateModified":"2025-12-16T13:24:34+00:00","description":"Une courte progression visuelle pr\u00e9sente la \"matrice des tonalit\u00e9s ancr\u00e9es\" tir\u00e9e de la s\u00e9rie de pr\u00e9sentations de cours intitul\u00e9e \"Harmonic and Tonality Fundamentals\".","breadcrumb":{"@id":"https:\/\/tonalibus.org\/harmony\/anchored-tonalities-matrix\/#breadcrumb"},"inLanguage":"fr-FR","potentialAction":[{"@type":"ReadAction","target":["https:\/\/tonalibus.org\/harmony\/anchored-tonalities-matrix\/"]}]},{"@type":"BreadcrumbList","@id":"https:\/\/tonalibus.org\/harmony\/anchored-tonalities-matrix\/#breadcrumb","itemListElement":[{"@type":"ListItem","position":1,"name":"Home","item":"https:\/\/tonalibus.org\/"},{"@type":"ListItem","position":2,"name":"Harmony","item":"https:\/\/tonalibus.org\/harmony\/"},{"@type":"ListItem","position":3,"name":"Anchored Tonalities Matrix"}]},{"@type":"WebSite","@id":"https:\/\/tonalibus.org\/de\/#website","url":"https:\/\/tonalibus.org\/de\/","name":"TONALIBUS","description":"Harmonie et tonalit\u00e9s ancr\u00e9es","publisher":{"@id":"https:\/\/tonalibus.org\/de\/#\/schema\/person\/749261d7bc96d1f00127273f83ab96a4"},"potentialAction":[{"@type":"SearchAction","target":{"@type":"EntryPoint","urlTemplate":"https:\/\/tonalibus.org\/de\/?s={search_term_string}"},"query-input":{"@type":"PropertyValueSpecification","valueRequired":true,"valueName":"search_term_string"}}],"inLanguage":"fr-FR"},{"@type":["Person","Organization"],"@id":"https:\/\/tonalibus.org\/de\/#\/schema\/person\/749261d7bc96d1f00127273f83ab96a4","name":"Ulrico","image":{"@type":"ImageObject","inLanguage":"fr-FR","@id":"https:\/\/tonalibus.org\/wp-content\/uploads\/2020\/06\/uli-pix.jpg","url":"https:\/\/tonalibus.org\/wp-content\/uploads\/2020\/06\/uli-pix.jpg","contentUrl":"https:\/\/tonalibus.org\/wp-content\/uploads\/2020\/06\/uli-pix.jpg","width":960,"height":720,"caption":"Ulrico"},"logo":{"@id":"https:\/\/tonalibus.org\/wp-content\/uploads\/2020\/06\/uli-pix.jpg"},"sameAs":["https:\/\/tonalibus.cyon.site"]}]}},"_links":{"self":[{"href":"https:\/\/tonalibus.org\/fr\/wp-json\/wp\/v2\/pages\/2855","targetHints":{"allow":["GET"]}}],"collection":[{"href":"https:\/\/tonalibus.org\/fr\/wp-json\/wp\/v2\/pages"}],"about":[{"href":"https:\/\/tonalibus.org\/fr\/wp-json\/wp\/v2\/types\/page"}],"author":[{"embeddable":true,"href":"https:\/\/tonalibus.org\/fr\/wp-json\/wp\/v2\/users\/1"}],"replies":[{"embeddable":true,"href":"https:\/\/tonalibus.org\/fr\/wp-json\/wp\/v2\/comments?post=2855"}],"version-history":[{"count":1,"href":"https:\/\/tonalibus.org\/fr\/wp-json\/wp\/v2\/pages\/2855\/revisions"}],"predecessor-version":[{"id":37957,"href":"https:\/\/tonalibus.org\/fr\/wp-json\/wp\/v2\/pages\/2855\/revisions\/37957"}],"up":[{"embeddable":true,"href":"https:\/\/tonalibus.org\/fr\/wp-json\/wp\/v2\/pages\/35638"}],"wp:attachment":[{"href":"https:\/\/tonalibus.org\/fr\/wp-json\/wp\/v2\/media?parent=2855"}],"curies":[{"name":"wp","href":"https:\/\/api.w.org\/{rel}","templated":true}]}}