{"id":3,"date":"2020-05-19T09:02:44","date_gmt":"2020-05-19T09:02:44","guid":{"rendered":"https:\/\/tonalibus.cyon.site\/?page_id=3"},"modified":"2025-08-31T18:32:09","modified_gmt":"2025-08-31T16:32:09","slug":"privacy-policy","status":"publish","type":"page","link":"https:\/\/tonalibus.org\/fr\/start\/privacy-policy\/","title":{"rendered":"Politique de confidentialit\u00e9"},"content":{"rendered":"<h2 class=\"wp-block-heading has-text-color\" id=\"who-we-are\" style=\"color:#f7b320\">Qui nous sommes<\/h2>\n\n\n\n<p><mark style=\"background-color:rgba(0, 0, 0, 0);color:#f7b320\" class=\"has-inline-color\">Tonalibus est une cr\u00e9ation 2020 d'Ulrico Sacchet qui ne cesse de se d\u00e9velopper.<br>Vous trouverez nos coordonn\u00e9es sur la page <\/mark><a href=\"https:\/\/tonalibus.org\/fr\/contact\/\"><mark style=\"background-color:rgba(0, 0, 0, 0);color:#f7b320\" class=\"has-inline-color\">Contact<\/mark><\/a><mark style=\"background-color:rgba(0, 0, 0, 0);color:#f7b320\" class=\"has-inline-color\"> de ce site web<br>https:\/\/tonalibus.org \u2013 https:\/\/tonalibus.com \u2013 https:\/\/tonalibus.ch<\/mark><\/p>\n\n\n\n<h2 class=\"wp-block-heading has-text-color\" id=\"what-personal-data-we-collect-and-why\" style=\"color:#f7b320\">Quelles sont les donn\u00e9es personnelles que nous recueillons et pourquoi ?<\/h2>\n\n\n\n<p class=\"has-text-color\" style=\"color:#f7b320\">Ce site web est construit sur WordPress, qui par d\u00e9faut ne collecte pas de donn\u00e9es personnelles sur les visiteurs. Nous ne recueillons que les donn\u00e9es personnelles explicitement fournies par les utilisateurs, par exemple sur un \u00e9cran de contact, de demande, de requ\u00eate, d'enqu\u00eate ou de commentaire, ou lors d'un abonnement \u00e0 la newsletter. Certains plugins peuvent collecter des donn\u00e9es suppl\u00e9mentaires comme indiqu\u00e9 ci-dessous. <\/p>\n\n\n\n<h3 class=\"wp-block-heading has-text-color\" style=\"color:#f7b320\">Commentaire<\/h3>\n\n\n\n<p><mark style=\"background-color:rgba(0, 0, 0, 0);color:#f7b320\" class=\"has-inline-color\">Lorsque la fonction de commentaire est activ\u00e9e n'importe o\u00f9 sur ce site et que les visiteurs laissent des commentaires, nous recueillons les donn\u00e9es indiqu\u00e9es dans le formulaire de commentaires, l'adresse IP du visiteur et la cha\u00eene de l'agent utilisateur du navigateur pour aider \u00e0 d\u00e9tecter le spam.<\/mark><\/p>\n\n\n\n<p class=\"has-text-color\" style=\"color:#f7b320\">Une cha\u00eene anonymis\u00e9e cr\u00e9\u00e9e \u00e0 partir de votre adresse \u00e9lectronique (un hachage) est ensuite envoy\u00e9e au service Gravatar pour voir si vous l'utilisez (voir <a href=\"https:\/\/automattic.com\/privacy\/\" target=\"_blank\" rel=\"noreferrer noopener\"><mark style=\"background-color:rgba(0, 0, 0, 0);color:#f7b320\" class=\"has-inline-color\">Politique de confidentialit\u00e9 du service Gravatar<\/mark><\/a>). Apr\u00e8s approbation de votre commentaire, votre photo de profil peut \u00eatre visible par le public en m\u00eame temps que votre commentaire.<\/p>\n\n\n\n<h3 class=\"wp-block-heading has-text-color\" id=\"media\" style=\"color:#f7b320\">M\u00e9dias<\/h3>\n\n\n\n<p class=\"has-text-color\" style=\"color:#f7b320\">Lorsque vous t\u00e9l\u00e9chargez des images sur le site web, vous pouvez \u00e9viter de t\u00e9l\u00e9charger des images avec des donn\u00e9es de localisation int\u00e9gr\u00e9es (EXIF GPS). Les utilisateurs peuvent t\u00e9l\u00e9charger et extraire les donn\u00e9es de localisation de ces images.<\/p>\n\n\n\n<h3 class=\"wp-block-heading has-text-color\" id=\"contact-application-request-and-inquiry-forms\" style=\"color:#f7b320\">Formulaires de contact, de demande, de requ\u00eate et d'enqu\u00eate<\/h3>\n\n\n\n<p class=\"has-text-color\" style=\"color:#f7b320\">Les formulaires de saisie de donn\u00e9es sur ce site web exigent que vous confirmiez explicitement votre accord avec l'utilisation par Tonalibus des donn\u00e9es personnelles que vous fournissez pour le suivi et le traitement de votre ou vos demandes. Lors de l'envoi d'un formulaire de contact, de demande, de requ\u00eate ou d'enqu\u00eate, les donn\u00e9es personnelles que vous fournissez, par exemple votre nom et votre adresse \u00e9lectronique, seront conserv\u00e9es et utilis\u00e9es pour traiter votre demande. Ces informations seront effac\u00e9es lorsqu'elles ne seront plus n\u00e9cessaires et ne seront pas utilis\u00e9es \u00e0 d'autres fins.<\/p>\n\n\n\n<h3 class=\"wp-block-heading has-text-color\" id=\"newsletter-subscriptions\" style=\"color:#f7b320\">Abonnement \u00e0 la newsletter<\/h3>\n\n\n\n<p class=\"has-text-color\" style=\"color:#f7b320\">Suite \u00e0 votre inscription \u00e0 la newsletter sur notre site web, vous devez confirmer votre inscription et votre adresse e-mail en cliquant sur un lien vers notre site web que Tonalibus envoie automatiquement \u00e0 l'adresse e-mail que vous avez fournie. Cette confirmation activera votre abonnement \u00e0 la newsletter Tonalibus, qui reste inactive jusqu'\u00e0 ce moment. Chaque lettre d'information comprend un lien de d\u00e9sabonnement en bas de page sur lequel vous pouvez cliquer pour vous d\u00e9sabonner. MailPoet, le plugin de newsletter utilis\u00e9 par Tonalibus, collecte r\u00e9guli\u00e8rement des donn\u00e9es pour savoir si un e-mail de newsletter est cliqu\u00e9, ouvert, etc. Tonalibus utilise ces donn\u00e9es uniquement pour avoir un aper\u00e7u de la qualit\u00e9 de r\u00e9ception d'un num\u00e9ro de la newsletter.  <\/p>\n\n\n\n<h3 class=\"wp-block-heading has-text-color\" id=\"user-authentication\" style=\"color:#f7b320\">Authentification des utilisateurs<\/h3>\n\n\n\n<p class=\"has-text-color\" style=\"color:#f7b320\">Pour v\u00e9rifier l'authenticit\u00e9 de l'utilisateur avant d'accepter la saisie de donn\u00e9es, comme les abonnements \u00e0 la newsletter ou sur tout \u00e9cran de saisie de donn\u00e9es, ce site utilise une version simple de Google reCAPTCHA. Voir de Google: <a href=\"https:\/\/www.google.com\/intl\/en\/policies\/privacy\/\" target=\"_blank\" rel=\"noreferrer noopener\"><mark style=\"background-color:rgba(0, 0, 0, 0);color:#f7b320\" class=\"has-inline-color\">Politique de confidentialit\u00e9<\/mark><\/a> et <a href=\"https:\/\/www.google.com\/intl\/en\/policies\/terms\/\" target=\"_blank\" rel=\"noreferrer noopener\"><mark style=\"background-color:rgba(0, 0, 0, 0);color:#f7b320\" class=\"has-inline-color\">Conditions de service<\/mark><\/a>.<\/p>\n\n\n\n<h3 class=\"wp-block-heading has-text-color\" id=\"cookies\" style=\"color:#f7b320\">Cookies<\/h3>\n\n\n\n<p class=\"has-text-color\" style=\"color:#f7b320\">Si vous laissez un commentaire sur ce site web, vous pouvez choisir d'enregistrer votre nom, votre adresse \u00e9lectronique et votre site web dans des cookies. Ces cookies sont destin\u00e9s \u00e0 vous faciliter la t\u00e2che, afin que vous n'ayez pas \u00e0 remplir \u00e0 nouveau vos coordonn\u00e9es lorsque vous laissez un autre commentaire. Ces cookies ont une dur\u00e9e de vie d'un an.<\/p>\n\n\n\n<p class=\"has-text-color\" style=\"color:#f7b323\">Si nous offrons une page de login sur ce site et que vous la visitez, nous installons un cookie temporaire pour d\u00e9terminer si votre navigateur accepte les cookies. Ce cookie ne contient aucune donn\u00e9e personnelle et est supprim\u00e9 lorsque vous fermez votre navigateur. Lorsque vous vous connectez, nous installons des cookies avec vos informations de connexion et d'affichage \u00e0 l'\u00e9cran. Les cookies de connexion durent deux jours, les cookies d'options d'\u00e9cran un an. <\/p>\n\n\n\n<h3 class=\"wp-block-heading has-text-color\" id=\"caching\" style=\"color:#f7b320\">Caching<\/h3>\n\n\n\n<p class=\"has-text-color\" style=\"color:#f7b320\">Ce site web utilise LiteSpeed Cache afin de faciliter des temps de r\u00e9ponse plus rapides et d'am\u00e9liorer l'exp\u00e9rience des utilisateurs. La mise en cache peut stocker des copies des pages affich\u00e9es sur ce site web. Les fichiers de cache sont temporaires et ne sont pas accessibles \u00e0 des tiers, sauf si cela est n\u00e9cessaire pour obtenir une assistance technique aupr\u00e8s du fournisseur de plugins de cache. Les fichiers de cache expirent r\u00e9guli\u00e8rement.<\/p>\n\n\n\n<h3 class=\"wp-block-heading has-text-color\" id=\"embedded-content-from-other-websites\" style=\"color:#f7b320\">Contenu int\u00e9gr\u00e9 provenant d'autres sites web<\/h3>\n\n\n\n<p class=\"has-text-color\" style=\"color:#f7b320\">Les articles de ce site web peuvent inclure des contenus int\u00e9gr\u00e9s tels que des vid\u00e9os, des images, des articles, etc. provenant d'autres sites web. Ce contenu peut se comporter de la m\u00eame mani\u00e8re que si vous aviez visit\u00e9 l'autre site web. Ces sites web peuvent collecter des donn\u00e9es vous concernant, utiliser des cookies, int\u00e9grer un suivi tiers suppl\u00e9mentaire et surveiller votre interaction avec ce contenu int\u00e9gr\u00e9.<\/p>\n\n\n\n<h3 class=\"wp-block-heading has-text-color\" id=\"analytics\" style=\"color:#f7b320\">Analytique<\/h3>\n\n\n\n<p class=\"has-text-color\" style=\"color:#f7b320\">Le fournisseur d'h\u00e9bergement de ce site, Cyon, utilise AWStats pour collecter des donn\u00e9es analytiques anonymes sur les sessions des visiteurs, telles que leur heure et leur dur\u00e9e, les navigateurs et les syst\u00e8mes utilis\u00e9s, ainsi que les adresses IP et les r\u00e9gions d'origine gr\u00e2ce \u00e0 l'extension geoipfree d'AWStats. Ces donn\u00e9es sont utilis\u00e9es pour compiler des statistiques sur l'utilisation du site web et pour am\u00e9liorer les performances du site. <\/p>\n\n\n\n<h2 class=\"wp-block-heading has-text-color\" id=\"who-we-share-your-data-with\" style=\"color:#f7b320\">Avec qui nous partageons vos donn\u00e9es<\/h2>\n\n\n\n<p class=\"has-text-color\" style=\"color:#f7b320\">Nous ne partageons vos donn\u00e9es personnelles avec personne, sauf si vous le demandez ou dans la mesure n\u00e9cessaire pour r\u00e9pondre \u00e0 vos demandes.<\/p>\n\n\n\n<h2 class=\"wp-block-heading has-text-color\" id=\"how-long-we-retain-your-data\" style=\"color:#f7b320\">Combien de temps nous conservons vos donn\u00e9es<\/h2>\n\n\n\n<p class=\"has-text-color\" style=\"color:#f7b320\">Si vous laissez un commentaire, le commentaire et ses m\u00e9tadonn\u00e9es sont conserv\u00e9s ind\u00e9finiment \u2013 nous pouvons donc reconna\u00eetre et approuver automatiquement les commentaires de suivi au lieu de les conserver dans une file d'attente de mod\u00e9ration.<\/p>\n\n\n\n<p class=\"has-text-color\" style=\"color:#f7b320\">Les donn\u00e9es personnelles re\u00e7ues par le biais d'un formulaire de contact, de demande ou d'enqu\u00eate seront conserv\u00e9es pendant environ six mois ou aussi longtemps que n\u00e9cessaire pour r\u00e9pondre \u00e0 votre demande. Les dossiers analytiques seront conserv\u00e9s pendant environ un an, tandis que les dossiers des formulaires de demande seront conserv\u00e9s pendant au moins trois ans pour faciliter les \u00e9ventuels renouvellements. Les dossiers de services ou de dons seront conserv\u00e9s pendant dix ans pour r\u00e9pondre aux exigences l\u00e9gales. Ils seront ensuite effac\u00e9s. Tonalibus \u00e9liminera r\u00e9guli\u00e8rement les donn\u00e9es des utilisateurs d\u00e9sabonn\u00e9s et inactifs de sa liste de diffusion de la newsletter, au moins deux fois par an.<\/p>\n\n\n\n<h2 class=\"wp-block-heading has-text-color\" id=\"what-rights-you-have-over-your-data\" style=\"color:#f7b320\">Quels sont vos droits sur vos donn\u00e9es<\/h2>\n\n\n\n<p class=\"has-text-color\" style=\"color:#f7b320\">Si vous avez laiss\u00e9 un commentaire ou utilis\u00e9 un formulaire de contact, de demande, de requ\u00eate ou d'enqu\u00eate, vous pouvez demander \u00e0 recevoir les donn\u00e9es personnelles que nous d\u00e9tenons sur vous et que vous avez fournies. Vous pouvez \u00e9galement nous demander d'effacer les donn\u00e9es \u00e0 caract\u00e8re personnel que nous d\u00e9tenons \u00e0 votre sujet. Toutefois, cela n'inclut pas les donn\u00e9es que nous sommes oblig\u00e9s de conserver \u00e0 des fins administratives, juridiques ou de s\u00e9curit\u00e9.<\/p>\n\n\n\n<h2 class=\"wp-block-heading has-text-color\" id=\"where-we-send-your-data\" style=\"color:#f7b320\">O\u00f9 nous envoyons vos donn\u00e9es<\/h2>\n\n\n\n<p class=\"has-text-color\" style=\"color:#f7b320\">Comme indiqu\u00e9, nous ne transmettons aucune donn\u00e9e personnelle, sauf que les commentaires des visiteurs peuvent \u00e9ventuellement \u00eatre v\u00e9rifi\u00e9s par un service de d\u00e9tection automatique de spam.<\/p>\n\n\n\n<h3 class=\"wp-block-heading has-text-color\" id=\"how-we-protect-your-data\" style=\"color:#f7b320\">Comment nous prot\u00e9geons vos donn\u00e9es<\/h3>\n\n\n\n<p class=\"has-text-color\" style=\"color:#f7b320\">Les donn\u00e9es de ce site sont prot\u00e9g\u00e9es par des mots de passe forts.<\/p>\n\n\n\n<h2 class=\"wp-block-heading has-text-color\" id=\"our-contact-information\" style=\"color:#f7b320\">Nos coordonn\u00e9es<\/h2>\n\n\n\n<p class=\"has-text-color\" style=\"color:#f7b320\">Veuillez adresser vos questions \u00e0 Ulrico Sacchet via <a href=\"mailto:ulrico@tonalibus.org\"><mark style=\"background-color:rgba(0, 0, 0, 0);color:#f7b320\" class=\"has-inline-color\">ulrico@tonalibus.org<\/mark><\/a><\/p>\n\n\n\n<div style=\"height:85px\" aria-hidden=\"true\" class=\"wp-block-spacer\"><\/div>\n\n\n\n<div class=\"wp-block-file alignleft\"><a id=\"wp-block-file--media-7974f90b-705f-48a6-8dd9-78e33ddd2c9a\" href=\"https:\/\/tonalibus.org\/wp-content\/uploads\/2020\/08\/Privacy-Policy-08-07-2020.pdf\" target=\"_blank\" rel=\"noreferrer noopener\"><mark style=\"background-color:rgba(0, 0, 0, 0);color:#f7b320\" class=\"has-inline-color\">Politique de confidentialit\u00e9 08-07-2020 en anglais<\/mark><\/a><a href=\"https:\/\/tonalibus.org\/wp-content\/uploads\/2020\/08\/Privacy-Policy-08-07-2020.pdf\" class=\"wp-block-file__button wp-element-button\" download aria-describedby=\"wp-block-file--media-7974f90b-705f-48a6-8dd9-78e33ddd2c9a\">T\u00e9l\u00e9charger<\/a><\/div>\n\n\n\n<p><\/p>","protected":false},"excerpt":{"rendered":"<p>Who we are Tonalibus is a 2020 creation of Ulrico Sacchet that continually keeps expanding.Contact information can be found on the contact page of this websitehttps:\/\/tonalibus.org &#8212; https:\/\/tonalibus.com &#8212; https:\/\/tonalibus.ch What personal data we collect and why This website is built on WordPress, which by default does not collect personal data about visitors. We collect &hellip; <\/p>\n<p class=\"link-more\"><a href=\"https:\/\/tonalibus.org\/fr\/start\/privacy-policy\/\" class=\"more-link\">Continuer la lecture<span class=\"screen-reader-text\"> de \" Politique de confidentialit\u00e9 \"<\/span><\/a><\/p>","protected":false},"author":1,"featured_media":0,"parent":416,"menu_order":7,"comment_status":"closed","ping_status":"open","template":"","meta":{"footnotes":""},"class_list":["post-3","page","type-page","status-publish","hentry"],"yoast_head":"<!-- This site is optimized with the Yoast SEO plugin v27.3 - https:\/\/yoast.com\/product\/yoast-seo-wordpress\/ -->\n<title>Privacy Policy &#8211; TONALIBUS, Anchored Harmony and Tonalities<\/title>\n<meta name=\"description\" content=\"Privacy Policy of the Tonalibus website -- tonalibus.org -- tonalibus.com -- tonalibus.ch -- a 2020 creation of Ulrico Sacchet\" \/>\n<meta name=\"robots\" content=\"index, follow, max-snippet:-1, max-image-preview:large, max-video-preview:-1\" \/>\n<link rel=\"canonical\" href=\"https:\/\/tonalibus.org\/fr\/start\/privacy-policy\/\" \/>\n<meta property=\"og:locale\" content=\"fr_FR\" \/>\n<meta property=\"og:type\" content=\"article\" \/>\n<meta property=\"og:title\" content=\"Privacy Policy &#8211; TONALIBUS, Anchored Harmony and Tonalities\" \/>\n<meta property=\"og:description\" content=\"Privacy Policy of the Tonalibus website -- tonalibus.org -- tonalibus.com -- tonalibus.ch -- a 2020 creation of Ulrico Sacchet\" \/>\n<meta property=\"og:url\" content=\"https:\/\/tonalibus.org\/fr\/start\/privacy-policy\/\" \/>\n<meta property=\"og:site_name\" content=\"TONALIBUS\" \/>\n<meta property=\"article:modified_time\" content=\"2025-08-31T16:32:09+00:00\" \/>\n<meta name=\"twitter:card\" content=\"summary_large_image\" \/>\n<meta name=\"twitter:label1\" content=\"Dur\u00e9e de lecture estim\u00e9e\" \/>\n\t<meta name=\"twitter:data1\" content=\"5 minutes\" \/>\n<script type=\"application\/ld+json\" class=\"yoast-schema-graph\">{\"@context\":\"https:\\\/\\\/schema.org\",\"@graph\":[{\"@type\":\"WebPage\",\"@id\":\"https:\\\/\\\/tonalibus.org\\\/start\\\/privacy-policy\\\/\",\"url\":\"https:\\\/\\\/tonalibus.org\\\/start\\\/privacy-policy\\\/\",\"name\":\"Privacy Policy &#8211; TONALIBUS, Anchored Harmony and Tonalities\",\"isPartOf\":{\"@id\":\"https:\\\/\\\/tonalibus.org\\\/de\\\/#website\"},\"datePublished\":\"2020-05-19T09:02:44+00:00\",\"dateModified\":\"2025-08-31T16:32:09+00:00\",\"description\":\"Privacy Policy of the Tonalibus website -- tonalibus.org -- tonalibus.com -- tonalibus.ch -- a 2020 creation of Ulrico Sacchet\",\"breadcrumb\":{\"@id\":\"https:\\\/\\\/tonalibus.org\\\/start\\\/privacy-policy\\\/#breadcrumb\"},\"inLanguage\":\"fr-FR\",\"potentialAction\":[{\"@type\":\"ReadAction\",\"target\":[\"https:\\\/\\\/tonalibus.org\\\/start\\\/privacy-policy\\\/\"]}]},{\"@type\":\"BreadcrumbList\",\"@id\":\"https:\\\/\\\/tonalibus.org\\\/start\\\/privacy-policy\\\/#breadcrumb\",\"itemListElement\":[{\"@type\":\"ListItem\",\"position\":1,\"name\":\"Home\",\"item\":\"https:\\\/\\\/tonalibus.org\\\/\"},{\"@type\":\"ListItem\",\"position\":2,\"name\":\"Start\",\"item\":\"https:\\\/\\\/tonalibus.org\\\/\"},{\"@type\":\"ListItem\",\"position\":3,\"name\":\"Privacy Policy\"}]},{\"@type\":\"WebSite\",\"@id\":\"https:\\\/\\\/tonalibus.org\\\/de\\\/#website\",\"url\":\"https:\\\/\\\/tonalibus.org\\\/de\\\/\",\"name\":\"TONALIBUS\",\"description\":\"Anchored Harmony and Tonalities\",\"publisher\":{\"@id\":\"https:\\\/\\\/tonalibus.org\\\/de\\\/#\\\/schema\\\/person\\\/749261d7bc96d1f00127273f83ab96a4\"},\"potentialAction\":[{\"@type\":\"SearchAction\",\"target\":{\"@type\":\"EntryPoint\",\"urlTemplate\":\"https:\\\/\\\/tonalibus.org\\\/de\\\/?s={search_term_string}\"},\"query-input\":{\"@type\":\"PropertyValueSpecification\",\"valueRequired\":true,\"valueName\":\"search_term_string\"}}],\"inLanguage\":\"fr-FR\"},{\"@type\":[\"Person\",\"Organization\"],\"@id\":\"https:\\\/\\\/tonalibus.org\\\/de\\\/#\\\/schema\\\/person\\\/749261d7bc96d1f00127273f83ab96a4\",\"name\":\"Ulrico\",\"image\":{\"@type\":\"ImageObject\",\"inLanguage\":\"fr-FR\",\"@id\":\"https:\\\/\\\/tonalibus.org\\\/wp-content\\\/uploads\\\/2020\\\/06\\\/uli-pix.jpg\",\"url\":\"https:\\\/\\\/tonalibus.org\\\/wp-content\\\/uploads\\\/2020\\\/06\\\/uli-pix.jpg\",\"contentUrl\":\"https:\\\/\\\/tonalibus.org\\\/wp-content\\\/uploads\\\/2020\\\/06\\\/uli-pix.jpg\",\"width\":960,\"height\":720,\"caption\":\"Ulrico\"},\"logo\":{\"@id\":\"https:\\\/\\\/tonalibus.org\\\/wp-content\\\/uploads\\\/2020\\\/06\\\/uli-pix.jpg\"},\"sameAs\":[\"https:\\\/\\\/tonalibus.cyon.site\"]}]}<\/script>\n<!-- \/ Yoast SEO plugin. -->","yoast_head_json":{"title":"Politique de confidentialit\u00e9 - TONALIBUS, Anchored Harmony and Tonalities","description":"Politique de confidentialit\u00e9 du site web Tonalibus -- tonalibus.org -- tonalibus.com -- tonalibus.ch -- une cr\u00e9ation de Ulrico Sacchet en 2020","robots":{"index":"index","follow":"follow","max-snippet":"max-snippet:-1","max-image-preview":"max-image-preview:large","max-video-preview":"max-video-preview:-1"},"canonical":"https:\/\/tonalibus.org\/fr\/start\/privacy-policy\/","og_locale":"fr_FR","og_type":"article","og_title":"Privacy Policy &#8211; TONALIBUS, Anchored Harmony and Tonalities","og_description":"Privacy Policy of the Tonalibus website -- tonalibus.org -- tonalibus.com -- tonalibus.ch -- a 2020 creation of Ulrico Sacchet","og_url":"https:\/\/tonalibus.org\/fr\/start\/privacy-policy\/","og_site_name":"TONALIBUS","article_modified_time":"2025-08-31T16:32:09+00:00","twitter_card":"summary_large_image","twitter_misc":{"Dur\u00e9e de lecture estim\u00e9e":"5 minutes"},"schema":{"@context":"https:\/\/schema.org","@graph":[{"@type":"WebPage","@id":"https:\/\/tonalibus.org\/start\/privacy-policy\/","url":"https:\/\/tonalibus.org\/start\/privacy-policy\/","name":"Politique de confidentialit\u00e9 - TONALIBUS, Anchored Harmony and Tonalities","isPartOf":{"@id":"https:\/\/tonalibus.org\/de\/#website"},"datePublished":"2020-05-19T09:02:44+00:00","dateModified":"2025-08-31T16:32:09+00:00","description":"Politique de confidentialit\u00e9 du site web Tonalibus -- tonalibus.org -- tonalibus.com -- tonalibus.ch -- une cr\u00e9ation de Ulrico Sacchet en 2020","breadcrumb":{"@id":"https:\/\/tonalibus.org\/start\/privacy-policy\/#breadcrumb"},"inLanguage":"fr-FR","potentialAction":[{"@type":"ReadAction","target":["https:\/\/tonalibus.org\/start\/privacy-policy\/"]}]},{"@type":"BreadcrumbList","@id":"https:\/\/tonalibus.org\/start\/privacy-policy\/#breadcrumb","itemListElement":[{"@type":"ListItem","position":1,"name":"Home","item":"https:\/\/tonalibus.org\/"},{"@type":"ListItem","position":2,"name":"Start","item":"https:\/\/tonalibus.org\/"},{"@type":"ListItem","position":3,"name":"Privacy Policy"}]},{"@type":"WebSite","@id":"https:\/\/tonalibus.org\/de\/#website","url":"https:\/\/tonalibus.org\/de\/","name":"TONALIBUS","description":"Harmonie et tonalit\u00e9s ancr\u00e9es","publisher":{"@id":"https:\/\/tonalibus.org\/de\/#\/schema\/person\/749261d7bc96d1f00127273f83ab96a4"},"potentialAction":[{"@type":"SearchAction","target":{"@type":"EntryPoint","urlTemplate":"https:\/\/tonalibus.org\/de\/?s={search_term_string}"},"query-input":{"@type":"PropertyValueSpecification","valueRequired":true,"valueName":"search_term_string"}}],"inLanguage":"fr-FR"},{"@type":["Person","Organization"],"@id":"https:\/\/tonalibus.org\/de\/#\/schema\/person\/749261d7bc96d1f00127273f83ab96a4","name":"Ulrico","image":{"@type":"ImageObject","inLanguage":"fr-FR","@id":"https:\/\/tonalibus.org\/wp-content\/uploads\/2020\/06\/uli-pix.jpg","url":"https:\/\/tonalibus.org\/wp-content\/uploads\/2020\/06\/uli-pix.jpg","contentUrl":"https:\/\/tonalibus.org\/wp-content\/uploads\/2020\/06\/uli-pix.jpg","width":960,"height":720,"caption":"Ulrico"},"logo":{"@id":"https:\/\/tonalibus.org\/wp-content\/uploads\/2020\/06\/uli-pix.jpg"},"sameAs":["https:\/\/tonalibus.cyon.site"]}]}},"_links":{"self":[{"href":"https:\/\/tonalibus.org\/fr\/wp-json\/wp\/v2\/pages\/3","targetHints":{"allow":["GET"]}}],"collection":[{"href":"https:\/\/tonalibus.org\/fr\/wp-json\/wp\/v2\/pages"}],"about":[{"href":"https:\/\/tonalibus.org\/fr\/wp-json\/wp\/v2\/types\/page"}],"author":[{"embeddable":true,"href":"https:\/\/tonalibus.org\/fr\/wp-json\/wp\/v2\/users\/1"}],"replies":[{"embeddable":true,"href":"https:\/\/tonalibus.org\/fr\/wp-json\/wp\/v2\/comments?post=3"}],"version-history":[{"count":1,"href":"https:\/\/tonalibus.org\/fr\/wp-json\/wp\/v2\/pages\/3\/revisions"}],"predecessor-version":[{"id":37058,"href":"https:\/\/tonalibus.org\/fr\/wp-json\/wp\/v2\/pages\/3\/revisions\/37058"}],"up":[{"embeddable":true,"href":"https:\/\/tonalibus.org\/fr\/wp-json\/wp\/v2\/pages\/416"}],"wp:attachment":[{"href":"https:\/\/tonalibus.org\/fr\/wp-json\/wp\/v2\/media?parent=3"}],"curies":[{"name":"wp","href":"https:\/\/api.w.org\/{rel}","templated":true}]}}