{"id":311,"date":"2020-06-14T15:45:12","date_gmt":"2020-06-14T16:45:12","guid":{"rendered":"https:\/\/tonalibus.org\/?page_id=311"},"modified":"2025-03-19T11:18:04","modified_gmt":"2025-03-19T10:18:04","slug":"harmony-tonalities-and-tonalibus","status":"publish","type":"page","link":"https:\/\/tonalibus.org\/fr\/start\/harmony-tonalities-and-tonalibus\/","title":{"rendered":"Harmonie, Tonalit\u00e9s et Tonalibus"},"content":{"rendered":"<p><\/p>\n\n\n\n<p><\/p>\n\n\n\n<p class=\"has-text-color\" style=\"color:#f7b320\">Harmonie, pour moi <a href=\"https:\/\/tonalibus.org\/fr\/about-tonalibus\/ulrico\/\"><mark style=\"background-color:rgba(0, 0, 0, 0);color:#f7b320\" class=\"has-inline-color\">Ulrico<\/mark><\/a>, c'est la fa\u00e7on dont quelque chose exprime l'inexprimable et peut toucher et \u00e9lever le c\u0153ur. Les tonalit\u00e9s que je vois comme des ensembles de vibrations corr\u00e9l\u00e9es.  Les r\u00e9sultats de mes recherches dans ce contexte, que j'appelle <a href=\"https:\/\/tonalibus.org\/fr\/about-tonalibus\/tonalibus\/\"><mark style=\"background-color:rgba(0, 0, 0, 0);color:#f7b320\" class=\"has-inline-color\">Tonalibus<\/mark><\/a>. Le site web Tonalibus pr\u00e9sente quelques <a href=\"https:\/\/tonalibus.org\/fr\/harmony\/\"><mark style=\"background-color:rgba(0, 0, 0, 0);color:#f7b320\" class=\"has-inline-color\">principes de base<\/mark><\/a> fondamentaux d'harmonie et de tonalit\u00e9s, un vaste catalogue de <a href=\"https:\/\/tonalibus.org\/fr\/tonalities\/\"><mark style=\"background-color:rgba(0, 0, 0, 0);color:#f7b320\" class=\"has-inline-color\">tonalit\u00e9s ancr\u00e9es<\/mark><\/a>, une collection de <a href=\"https:\/\/tonalibus.org\/fr\/sounds\/\"><mark style=\"background-color:rgba(0, 0, 0, 0);color:#f7b320\" class=\"has-inline-color\">sons<\/mark><\/a>, ainsi que le <a href=\"https:\/\/tonalibus.org\/fr\/spiritualibus-blog\/\"><mark style=\"background-color:rgba(0, 0, 0, 0);color:#f7b320\" class=\"has-inline-color\">blog Spiritualibus<\/mark><\/a> et la <a href=\"https:\/\/tonalibus.org\/fr\/shop\/\"><mark style=\"background-color:rgba(0, 0, 0, 0);color:#f7b320\" class=\"has-inline-color\">Shop Fidibus<\/mark><\/a>.<\/p>","protected":false},"excerpt":{"rendered":"<p>Pour moi, Ulrico, l'harmonie est la fa\u00e7on dont quelque chose exprime l'inexprimable et peut toucher et \u00e9lever le c\u0153ur. Je consid\u00e8re les tonalit\u00e9s comme des ensembles de vibrations corr\u00e9l\u00e9es. Les r\u00e9sultats de mes recherches dans ce contexte, je les appelle Tonalibus. Le site web de Tonalibus pr\u00e9sente quelques bases fondamentales de l'harmonie et des tonalit\u00e9s, un vaste catalogue de tonalit\u00e9s ancr\u00e9es, un ... <\/p>\n<p class=\"link-more\"><a href=\"https:\/\/tonalibus.org\/fr\/start\/harmony-tonalities-and-tonalibus\/\" class=\"more-link\">Continuer la lecture<span class=\"screen-reader-text\"> de \" Harmonie, tonalit\u00e9s et Tonalibus \"<\/span><\/a><\/p>","protected":false},"author":1,"featured_media":360,"parent":416,"menu_order":3,"comment_status":"closed","ping_status":"closed","template":"","meta":{"footnotes":""},"class_list":["post-311","page","type-page","status-publish","has-post-thumbnail","hentry"],"yoast_head":"<!-- This site is optimized with the Yoast SEO plugin v27.4 - https:\/\/yoast.com\/product\/yoast-seo-wordpress\/ -->\n<title>Harmony, Tonalities, and Tonalibus &#8211; TONALIBUS overview<\/title>\n<meta name=\"description\" content=\"For Tonalibus, harmony is how well something expresses the inexpressible and can touch and uplift the heart; tonalities are sets of correlated vibrations.\" \/>\n<meta name=\"robots\" content=\"index, follow, max-snippet:-1, max-image-preview:large, max-video-preview:-1\" \/>\n<link rel=\"canonical\" href=\"https:\/\/tonalibus.org\/fr\/start\/harmony-tonalities-and-tonalibus\/\" \/>\n<meta property=\"og:locale\" content=\"fr_FR\" \/>\n<meta property=\"og:type\" content=\"article\" \/>\n<meta property=\"og:title\" content=\"Harmony, Tonalities, and Tonalibus &#8211; TONALIBUS overview\" \/>\n<meta property=\"og:description\" content=\"For Tonalibus, harmony is how well something expresses the inexpressible and can touch and uplift the heart; tonalities are sets of correlated vibrations.\" \/>\n<meta property=\"og:url\" content=\"https:\/\/tonalibus.org\/fr\/start\/harmony-tonalities-and-tonalibus\/\" \/>\n<meta property=\"og:site_name\" content=\"TONALIBUS\" \/>\n<meta property=\"article:modified_time\" content=\"2025-03-19T10:18:04+00:00\" \/>\n<meta property=\"og:image\" content=\"https:\/\/tonalibus.org\/wp-content\/uploads\/2020\/06\/pix-pivot-7e.jpg\" \/>\n\t<meta property=\"og:image:width\" content=\"1280\" \/>\n\t<meta property=\"og:image:height\" content=\"720\" \/>\n\t<meta property=\"og:image:type\" content=\"image\/jpeg\" \/>\n<meta name=\"twitter:card\" content=\"summary_large_image\" \/>\n<meta name=\"twitter:label1\" content=\"Dur\u00e9e de lecture estim\u00e9e\" \/>\n\t<meta name=\"twitter:data1\" content=\"1 minute\" \/>\n<script type=\"application\/ld+json\" class=\"yoast-schema-graph\">{\"@context\":\"https:\\\/\\\/schema.org\",\"@graph\":[{\"@type\":\"WebPage\",\"@id\":\"https:\\\/\\\/tonalibus.org\\\/start\\\/harmony-tonalities-and-tonalibus\\\/\",\"url\":\"https:\\\/\\\/tonalibus.org\\\/start\\\/harmony-tonalities-and-tonalibus\\\/\",\"name\":\"Harmony, Tonalities, and Tonalibus &#8211; TONALIBUS overview\",\"isPartOf\":{\"@id\":\"https:\\\/\\\/tonalibus.org\\\/de\\\/#website\"},\"primaryImageOfPage\":{\"@id\":\"https:\\\/\\\/tonalibus.org\\\/start\\\/harmony-tonalities-and-tonalibus\\\/#primaryimage\"},\"image\":{\"@id\":\"https:\\\/\\\/tonalibus.org\\\/start\\\/harmony-tonalities-and-tonalibus\\\/#primaryimage\"},\"thumbnailUrl\":\"https:\\\/\\\/tonalibus.org\\\/wp-content\\\/uploads\\\/2020\\\/06\\\/pix-pivot-7e.jpg\",\"datePublished\":\"2020-06-14T16:45:12+00:00\",\"dateModified\":\"2025-03-19T10:18:04+00:00\",\"description\":\"For Tonalibus, harmony is how well something expresses the inexpressible and can touch and uplift the heart; tonalities are sets of correlated vibrations.\",\"breadcrumb\":{\"@id\":\"https:\\\/\\\/tonalibus.org\\\/start\\\/harmony-tonalities-and-tonalibus\\\/#breadcrumb\"},\"inLanguage\":\"fr-FR\",\"potentialAction\":[{\"@type\":\"ReadAction\",\"target\":[\"https:\\\/\\\/tonalibus.org\\\/start\\\/harmony-tonalities-and-tonalibus\\\/\"]}]},{\"@type\":\"ImageObject\",\"inLanguage\":\"fr-FR\",\"@id\":\"https:\\\/\\\/tonalibus.org\\\/start\\\/harmony-tonalities-and-tonalibus\\\/#primaryimage\",\"url\":\"https:\\\/\\\/tonalibus.org\\\/wp-content\\\/uploads\\\/2020\\\/06\\\/pix-pivot-7e.jpg\",\"contentUrl\":\"https:\\\/\\\/tonalibus.org\\\/wp-content\\\/uploads\\\/2020\\\/06\\\/pix-pivot-7e.jpg\",\"width\":1280,\"height\":720,\"caption\":\"Harmony and Tonalities\"},{\"@type\":\"BreadcrumbList\",\"@id\":\"https:\\\/\\\/tonalibus.org\\\/start\\\/harmony-tonalities-and-tonalibus\\\/#breadcrumb\",\"itemListElement\":[{\"@type\":\"ListItem\",\"position\":1,\"name\":\"Home\",\"item\":\"https:\\\/\\\/tonalibus.org\\\/\"},{\"@type\":\"ListItem\",\"position\":2,\"name\":\"Start\",\"item\":\"https:\\\/\\\/tonalibus.org\\\/\"},{\"@type\":\"ListItem\",\"position\":3,\"name\":\"Harmony, Tonalities, and Tonalibus\"}]},{\"@type\":\"WebSite\",\"@id\":\"https:\\\/\\\/tonalibus.org\\\/de\\\/#website\",\"url\":\"https:\\\/\\\/tonalibus.org\\\/de\\\/\",\"name\":\"TONALIBUS\",\"description\":\"Anchored Harmony and Tonalities\",\"publisher\":{\"@id\":\"https:\\\/\\\/tonalibus.org\\\/de\\\/#\\\/schema\\\/person\\\/749261d7bc96d1f00127273f83ab96a4\"},\"potentialAction\":[{\"@type\":\"SearchAction\",\"target\":{\"@type\":\"EntryPoint\",\"urlTemplate\":\"https:\\\/\\\/tonalibus.org\\\/de\\\/?s={search_term_string}\"},\"query-input\":{\"@type\":\"PropertyValueSpecification\",\"valueRequired\":true,\"valueName\":\"search_term_string\"}}],\"inLanguage\":\"fr-FR\"},{\"@type\":[\"Person\",\"Organization\"],\"@id\":\"https:\\\/\\\/tonalibus.org\\\/de\\\/#\\\/schema\\\/person\\\/749261d7bc96d1f00127273f83ab96a4\",\"name\":\"Ulrico\",\"image\":{\"@type\":\"ImageObject\",\"inLanguage\":\"fr-FR\",\"@id\":\"https:\\\/\\\/tonalibus.org\\\/wp-content\\\/uploads\\\/2020\\\/06\\\/uli-pix.jpg\",\"url\":\"https:\\\/\\\/tonalibus.org\\\/wp-content\\\/uploads\\\/2020\\\/06\\\/uli-pix.jpg\",\"contentUrl\":\"https:\\\/\\\/tonalibus.org\\\/wp-content\\\/uploads\\\/2020\\\/06\\\/uli-pix.jpg\",\"width\":960,\"height\":720,\"caption\":\"Ulrico\"},\"logo\":{\"@id\":\"https:\\\/\\\/tonalibus.org\\\/wp-content\\\/uploads\\\/2020\\\/06\\\/uli-pix.jpg\"},\"sameAs\":[\"https:\\\/\\\/tonalibus.cyon.site\"]}]}<\/script>\n<!-- \/ Yoast SEO plugin. -->","yoast_head_json":{"title":"Harmonie, tonalit\u00e9s et Tonalibus - Pr\u00e9sentation de TONALIBUS","description":"Pour Tonalibus, l'harmonie est la capacit\u00e9 d'une chose \u00e0 exprimer l'inexprimable et \u00e0 toucher et \u00e9lever le c\u0153ur ; les tonalit\u00e9s sont des ensembles de vibrations corr\u00e9l\u00e9es.","robots":{"index":"index","follow":"follow","max-snippet":"max-snippet:-1","max-image-preview":"max-image-preview:large","max-video-preview":"max-video-preview:-1"},"canonical":"https:\/\/tonalibus.org\/fr\/start\/harmony-tonalities-and-tonalibus\/","og_locale":"fr_FR","og_type":"article","og_title":"Harmony, Tonalities, and Tonalibus &#8211; TONALIBUS overview","og_description":"For Tonalibus, harmony is how well something expresses the inexpressible and can touch and uplift the heart; tonalities are sets of correlated vibrations.","og_url":"https:\/\/tonalibus.org\/fr\/start\/harmony-tonalities-and-tonalibus\/","og_site_name":"TONALIBUS","article_modified_time":"2025-03-19T10:18:04+00:00","og_image":[{"width":1280,"height":720,"url":"https:\/\/tonalibus.org\/wp-content\/uploads\/2020\/06\/pix-pivot-7e.jpg","type":"image\/jpeg"}],"twitter_card":"summary_large_image","twitter_misc":{"Dur\u00e9e de lecture estim\u00e9e":"1 minute"},"schema":{"@context":"https:\/\/schema.org","@graph":[{"@type":"WebPage","@id":"https:\/\/tonalibus.org\/start\/harmony-tonalities-and-tonalibus\/","url":"https:\/\/tonalibus.org\/start\/harmony-tonalities-and-tonalibus\/","name":"Harmonie, tonalit\u00e9s et Tonalibus - Pr\u00e9sentation de TONALIBUS","isPartOf":{"@id":"https:\/\/tonalibus.org\/de\/#website"},"primaryImageOfPage":{"@id":"https:\/\/tonalibus.org\/start\/harmony-tonalities-and-tonalibus\/#primaryimage"},"image":{"@id":"https:\/\/tonalibus.org\/start\/harmony-tonalities-and-tonalibus\/#primaryimage"},"thumbnailUrl":"https:\/\/tonalibus.org\/wp-content\/uploads\/2020\/06\/pix-pivot-7e.jpg","datePublished":"2020-06-14T16:45:12+00:00","dateModified":"2025-03-19T10:18:04+00:00","description":"Pour Tonalibus, l'harmonie est la capacit\u00e9 d'une chose \u00e0 exprimer l'inexprimable et \u00e0 toucher et \u00e9lever le c\u0153ur ; les tonalit\u00e9s sont des ensembles de vibrations corr\u00e9l\u00e9es.","breadcrumb":{"@id":"https:\/\/tonalibus.org\/start\/harmony-tonalities-and-tonalibus\/#breadcrumb"},"inLanguage":"fr-FR","potentialAction":[{"@type":"ReadAction","target":["https:\/\/tonalibus.org\/start\/harmony-tonalities-and-tonalibus\/"]}]},{"@type":"ImageObject","inLanguage":"fr-FR","@id":"https:\/\/tonalibus.org\/start\/harmony-tonalities-and-tonalibus\/#primaryimage","url":"https:\/\/tonalibus.org\/wp-content\/uploads\/2020\/06\/pix-pivot-7e.jpg","contentUrl":"https:\/\/tonalibus.org\/wp-content\/uploads\/2020\/06\/pix-pivot-7e.jpg","width":1280,"height":720,"caption":"Harmony and Tonalities"},{"@type":"BreadcrumbList","@id":"https:\/\/tonalibus.org\/start\/harmony-tonalities-and-tonalibus\/#breadcrumb","itemListElement":[{"@type":"ListItem","position":1,"name":"Home","item":"https:\/\/tonalibus.org\/"},{"@type":"ListItem","position":2,"name":"Start","item":"https:\/\/tonalibus.org\/"},{"@type":"ListItem","position":3,"name":"Harmony, Tonalities, and Tonalibus"}]},{"@type":"WebSite","@id":"https:\/\/tonalibus.org\/de\/#website","url":"https:\/\/tonalibus.org\/de\/","name":"TONALIBUS","description":"Harmonie et tonalit\u00e9s ancr\u00e9es","publisher":{"@id":"https:\/\/tonalibus.org\/de\/#\/schema\/person\/749261d7bc96d1f00127273f83ab96a4"},"potentialAction":[{"@type":"SearchAction","target":{"@type":"EntryPoint","urlTemplate":"https:\/\/tonalibus.org\/de\/?s={search_term_string}"},"query-input":{"@type":"PropertyValueSpecification","valueRequired":true,"valueName":"search_term_string"}}],"inLanguage":"fr-FR"},{"@type":["Person","Organization"],"@id":"https:\/\/tonalibus.org\/de\/#\/schema\/person\/749261d7bc96d1f00127273f83ab96a4","name":"Ulrico","image":{"@type":"ImageObject","inLanguage":"fr-FR","@id":"https:\/\/tonalibus.org\/wp-content\/uploads\/2020\/06\/uli-pix.jpg","url":"https:\/\/tonalibus.org\/wp-content\/uploads\/2020\/06\/uli-pix.jpg","contentUrl":"https:\/\/tonalibus.org\/wp-content\/uploads\/2020\/06\/uli-pix.jpg","width":960,"height":720,"caption":"Ulrico"},"logo":{"@id":"https:\/\/tonalibus.org\/wp-content\/uploads\/2020\/06\/uli-pix.jpg"},"sameAs":["https:\/\/tonalibus.cyon.site"]}]}},"_links":{"self":[{"href":"https:\/\/tonalibus.org\/fr\/wp-json\/wp\/v2\/pages\/311","targetHints":{"allow":["GET"]}}],"collection":[{"href":"https:\/\/tonalibus.org\/fr\/wp-json\/wp\/v2\/pages"}],"about":[{"href":"https:\/\/tonalibus.org\/fr\/wp-json\/wp\/v2\/types\/page"}],"author":[{"embeddable":true,"href":"https:\/\/tonalibus.org\/fr\/wp-json\/wp\/v2\/users\/1"}],"replies":[{"embeddable":true,"href":"https:\/\/tonalibus.org\/fr\/wp-json\/wp\/v2\/comments?post=311"}],"version-history":[{"count":0,"href":"https:\/\/tonalibus.org\/fr\/wp-json\/wp\/v2\/pages\/311\/revisions"}],"up":[{"embeddable":true,"href":"https:\/\/tonalibus.org\/fr\/wp-json\/wp\/v2\/pages\/416"}],"wp:featuredmedia":[{"embeddable":true,"href":"https:\/\/tonalibus.org\/fr\/wp-json\/wp\/v2\/media\/360"}],"wp:attachment":[{"href":"https:\/\/tonalibus.org\/fr\/wp-json\/wp\/v2\/media?parent=311"}],"curies":[{"name":"wp","href":"https:\/\/api.w.org\/{rel}","templated":true}]}}