{"id":33261,"date":"2024-07-09T00:40:29","date_gmt":"2024-07-08T22:40:29","guid":{"rendered":"https:\/\/tonalibus.org\/?page_id=33261"},"modified":"2025-12-16T16:13:15","modified_gmt":"2025-12-16T15:13:15","slug":"raagas-correlations","status":"publish","type":"page","link":"https:\/\/tonalibus.org\/fr\/shop\/raagas-correlations\/","title":{"rendered":"Corr\u00e9lations avec les raagas"},"content":{"rendered":"<p class=\"has-text-color has-link-color wp-elements-b68bfae80f771c3bd144fda1eca8d8bd\" style=\"color:#f7b320\">Plus de quatre-vingts raagas hindoustanis bas\u00e9s sur <a href=\"http:\/\/SoundOfIndia.com\/raagas.asp\" target=\"_blank\" rel=\"noreferrer noopener\"><mark style=\"background-color:rgba(0, 0, 0, 0);color:#f7b320\" class=\"has-inline-color\">SoundOfIndia.com<\/mark><\/a> par Haresh Bakshi, class\u00e9es de quatre mani\u00e8res diff\u00e9rentes dans des tableaux de deux pages s'ouvrant sur des onglets s\u00e9par\u00e9s et montrant les corr\u00e9lations avec la nomenclature Tonalibus.<\/p>\n\n\n\n<div class=\"wp-block-buttons is-content-justification-center is-layout-flex wp-container-core-buttons-is-layout-16018d1d wp-block-buttons-is-layout-flex\">\n<div class=\"wp-block-button is-style-outline is-style-outline--1\"><a class=\"wp-block-button__link wp-element-button\" href=\"https:\/\/tonalibus.org\/wp-content\/uploads\/2025\/04\/Tonalibusraagas-2025-04-alpha.pdf\" target=\"_blank\" rel=\"noreferrer noopener\">Raagas alphab\u00e9tiques par nom<\/a><\/div>\n\n\n\n<div class=\"wp-block-button is-style-outline is-style-outline--2\"><a class=\"wp-block-button__link wp-element-button\" href=\"https:\/\/tonalibus.org\/wp-content\/uploads\/2025\/04\/Tonalibusraagas-2025-04-lotet.pdf\" target=\"_blank\" rel=\"noreferrer noopener\">par t\u00e9tracorde inf\u00e9rieur<\/a><\/div>\n\n\n\n<div class=\"wp-block-button is-style-outline is-style-outline--3\"><a class=\"wp-block-button__link wp-element-button\" href=\"https:\/\/tonalibus.org\/wp-content\/uploads\/2025\/04\/Tonalibusraagas-2025-04-hitet.pdf\" target=\"_blank\" rel=\"noreferrer noopener\">par t\u00e9tracorde sup\u00e9rieur<\/a><\/div>\n\n\n\n<div class=\"wp-block-button is-style-outline is-style-outline--4\"><a class=\"wp-block-button__link wp-element-button\" href=\"https:\/\/tonalibus.org\/wp-content\/uploads\/2025\/04\/Tonalibusraagas-2025-04-level.pdf\" target=\"_blank\" rel=\"noreferrer noopener\">par niveau de correspondance Tonalibus<\/a><\/div>\n\n\n\n<div class=\"wp-block-button is-style-outline is-style-outline--5\"><a class=\"wp-block-button__link wp-element-button\" href=\"https:\/\/tonalibus.org\/wp-content\/uploads\/2025\/04\/Tonalibusraagas-2025-04-scale.pdf\" target=\"_blank\" rel=\"noreferrer noopener\">par nom de tonalit\u00e9<\/a><\/div>\n<\/div>\n\n\n\n<div style=\"height:60px\" aria-hidden=\"true\" class=\"wp-block-spacer\"><\/div>\n\n\n\n<figure class=\"wp-block-image size-large\"><img loading=\"lazy\" decoding=\"async\" width=\"1024\" height=\"474\" src=\"https:\/\/tonalibus.org\/wp-content\/uploads\/2024\/05\/20240518_182328790_iOS-xc-1024x474.jpg\" alt=\"\" class=\"wp-image-32931\" srcset=\"https:\/\/tonalibus.org\/wp-content\/uploads\/2024\/05\/20240518_182328790_iOS-xc-1024x474.jpg 1024w, https:\/\/tonalibus.org\/wp-content\/uploads\/2024\/05\/20240518_182328790_iOS-xc-300x139.jpg 300w, https:\/\/tonalibus.org\/wp-content\/uploads\/2024\/05\/20240518_182328790_iOS-xc-768x356.jpg 768w, https:\/\/tonalibus.org\/wp-content\/uploads\/2024\/05\/20240518_182328790_iOS-xc-1536x712.jpg 1536w, https:\/\/tonalibus.org\/wp-content\/uploads\/2024\/05\/20240518_182328790_iOS-xc-2048x949.jpg 2048w, https:\/\/tonalibus.org\/wp-content\/uploads\/2024\/05\/20240518_182328790_iOS-xc-18x8.jpg 18w, https:\/\/tonalibus.org\/wp-content\/uploads\/2024\/05\/20240518_182328790_iOS-xc-1320x612.jpg 1320w\" sizes=\"auto, (max-width: 706px) 89vw, (max-width: 767px) 82vw, 740px\" \/><figcaption class=\"wp-element-caption\">Rencontre du corps, du c\u0153ur et de l'esprit avec le divin \u2013 vue du balcon Tonalibus \u2013 mai 2024 \u2013 Suisse<\/figcaption><\/figure>","protected":false},"excerpt":{"rendered":"<p>Plus de quatre-vingts raagas hindoustanis bas\u00e9s sur SoundOfIndia.com de Haresh Bakshi tri\u00e9s de quatre mani\u00e8res diff\u00e9rentes dans des tableaux de deux pages s'ouvrant sur des onglets s\u00e9par\u00e9s montrant les corr\u00e9lations de la nomenclature Tonalibus.<\/p>","protected":false},"author":1,"featured_media":0,"parent":490,"menu_order":90,"comment_status":"closed","ping_status":"closed","template":"","meta":{"footnotes":""},"class_list":["post-33261","page","type-page","status-publish","hentry"],"yoast_head":"<!-- This site is optimized with the Yoast SEO plugin v27.5 - https:\/\/yoast.com\/product\/yoast-seo-wordpress\/ -->\n<title>Raagas correlations &#8211; TONALIBUS Harmony and Tonalities<\/title>\n<meta name=\"description\" content=\"Raagas correlations (based on SoundOfIndia.com) -- ordered by raaga name, low and high tetrachord, and Tonalibus correspondence level\" \/>\n<meta name=\"robots\" content=\"index, follow, max-snippet:-1, max-image-preview:large, max-video-preview:-1\" \/>\n<link rel=\"canonical\" href=\"https:\/\/tonalibus.org\/fr\/shop\/raagas-correlations\/\" \/>\n<meta property=\"og:locale\" content=\"fr_FR\" \/>\n<meta property=\"og:type\" content=\"article\" \/>\n<meta property=\"og:title\" content=\"Raagas correlations &#8211; TONALIBUS Harmony and Tonalities\" \/>\n<meta property=\"og:description\" content=\"Raagas correlations (based on SoundOfIndia.com) -- ordered by raaga name, low and high tetrachord, and Tonalibus correspondence level\" \/>\n<meta property=\"og:url\" content=\"https:\/\/tonalibus.org\/fr\/shop\/raagas-correlations\/\" \/>\n<meta property=\"og:site_name\" content=\"TONALIBUS\" \/>\n<meta property=\"article:modified_time\" content=\"2025-12-16T15:13:15+00:00\" \/>\n<meta property=\"og:image\" content=\"https:\/\/tonalibus.org\/wp-content\/uploads\/2024\/05\/20240518_182328790_iOS-xc-scaled.jpg\" \/>\n\t<meta property=\"og:image:width\" content=\"2560\" \/>\n\t<meta property=\"og:image:height\" content=\"1186\" \/>\n\t<meta property=\"og:image:type\" content=\"image\/jpeg\" \/>\n<meta name=\"twitter:card\" content=\"summary_large_image\" \/>\n<meta name=\"twitter:label1\" content=\"Dur\u00e9e de lecture estim\u00e9e\" \/>\n\t<meta name=\"twitter:data1\" content=\"1 minute\" \/>\n<script type=\"application\/ld+json\" class=\"yoast-schema-graph\">{\"@context\":\"https:\\\/\\\/schema.org\",\"@graph\":[{\"@type\":\"WebPage\",\"@id\":\"https:\\\/\\\/tonalibus.org\\\/shop\\\/raagas-correlations\\\/\",\"url\":\"https:\\\/\\\/tonalibus.org\\\/shop\\\/raagas-correlations\\\/\",\"name\":\"Raagas correlations &#8211; TONALIBUS Harmony and Tonalities\",\"isPartOf\":{\"@id\":\"https:\\\/\\\/tonalibus.org\\\/de\\\/#website\"},\"primaryImageOfPage\":{\"@id\":\"https:\\\/\\\/tonalibus.org\\\/shop\\\/raagas-correlations\\\/#primaryimage\"},\"image\":{\"@id\":\"https:\\\/\\\/tonalibus.org\\\/shop\\\/raagas-correlations\\\/#primaryimage\"},\"thumbnailUrl\":\"https:\\\/\\\/tonalibus.org\\\/wp-content\\\/uploads\\\/2024\\\/05\\\/20240518_182328790_iOS-xc-1024x474.jpg\",\"datePublished\":\"2024-07-08T22:40:29+00:00\",\"dateModified\":\"2025-12-16T15:13:15+00:00\",\"description\":\"Raagas correlations (based on SoundOfIndia.com) -- ordered by raaga name, low and high tetrachord, and Tonalibus correspondence level\",\"breadcrumb\":{\"@id\":\"https:\\\/\\\/tonalibus.org\\\/shop\\\/raagas-correlations\\\/#breadcrumb\"},\"inLanguage\":\"fr-FR\",\"potentialAction\":[{\"@type\":\"ReadAction\",\"target\":[\"https:\\\/\\\/tonalibus.org\\\/shop\\\/raagas-correlations\\\/\"]}]},{\"@type\":\"ImageObject\",\"inLanguage\":\"fr-FR\",\"@id\":\"https:\\\/\\\/tonalibus.org\\\/shop\\\/raagas-correlations\\\/#primaryimage\",\"url\":\"https:\\\/\\\/tonalibus.org\\\/wp-content\\\/uploads\\\/2024\\\/05\\\/20240518_182328790_iOS-xc-1024x474.jpg\",\"contentUrl\":\"https:\\\/\\\/tonalibus.org\\\/wp-content\\\/uploads\\\/2024\\\/05\\\/20240518_182328790_iOS-xc-1024x474.jpg\"},{\"@type\":\"BreadcrumbList\",\"@id\":\"https:\\\/\\\/tonalibus.org\\\/shop\\\/raagas-correlations\\\/#breadcrumb\",\"itemListElement\":[{\"@type\":\"ListItem\",\"position\":1,\"name\":\"Home\",\"item\":\"https:\\\/\\\/tonalibus.org\\\/\"},{\"@type\":\"ListItem\",\"position\":2,\"name\":\"Fidibus Shop\",\"item\":\"https:\\\/\\\/tonalibus.org\\\/shop\\\/\"},{\"@type\":\"ListItem\",\"position\":3,\"name\":\"Raagas correlations\"}]},{\"@type\":\"WebSite\",\"@id\":\"https:\\\/\\\/tonalibus.org\\\/de\\\/#website\",\"url\":\"https:\\\/\\\/tonalibus.org\\\/de\\\/\",\"name\":\"TONALIBUS\",\"description\":\"Anchored Harmony and Tonalities\",\"publisher\":{\"@id\":\"https:\\\/\\\/tonalibus.org\\\/de\\\/#\\\/schema\\\/person\\\/749261d7bc96d1f00127273f83ab96a4\"},\"potentialAction\":[{\"@type\":\"SearchAction\",\"target\":{\"@type\":\"EntryPoint\",\"urlTemplate\":\"https:\\\/\\\/tonalibus.org\\\/de\\\/?s={search_term_string}\"},\"query-input\":{\"@type\":\"PropertyValueSpecification\",\"valueRequired\":true,\"valueName\":\"search_term_string\"}}],\"inLanguage\":\"fr-FR\"},{\"@type\":[\"Person\",\"Organization\"],\"@id\":\"https:\\\/\\\/tonalibus.org\\\/de\\\/#\\\/schema\\\/person\\\/749261d7bc96d1f00127273f83ab96a4\",\"name\":\"Ulrico\",\"image\":{\"@type\":\"ImageObject\",\"inLanguage\":\"fr-FR\",\"@id\":\"https:\\\/\\\/tonalibus.org\\\/wp-content\\\/uploads\\\/2020\\\/06\\\/uli-pix.jpg\",\"url\":\"https:\\\/\\\/tonalibus.org\\\/wp-content\\\/uploads\\\/2020\\\/06\\\/uli-pix.jpg\",\"contentUrl\":\"https:\\\/\\\/tonalibus.org\\\/wp-content\\\/uploads\\\/2020\\\/06\\\/uli-pix.jpg\",\"width\":960,\"height\":720,\"caption\":\"Ulrico\"},\"logo\":{\"@id\":\"https:\\\/\\\/tonalibus.org\\\/wp-content\\\/uploads\\\/2020\\\/06\\\/uli-pix.jpg\"},\"sameAs\":[\"https:\\\/\\\/tonalibus.cyon.site\"]}]}<\/script>\n<!-- \/ Yoast SEO plugin. -->","yoast_head_json":{"title":"Corr\u00e9lations des Raagas - TONALIBUS Harmonie et tonalit\u00e9s","description":"Corr\u00e9lations entre les raagas (bas\u00e9es sur SoundOfIndia.com) -- class\u00e9es par nom de raaga, t\u00e9tracorde bas et haut, et niveau de correspondance Tonalibus","robots":{"index":"index","follow":"follow","max-snippet":"max-snippet:-1","max-image-preview":"max-image-preview:large","max-video-preview":"max-video-preview:-1"},"canonical":"https:\/\/tonalibus.org\/fr\/shop\/raagas-correlations\/","og_locale":"fr_FR","og_type":"article","og_title":"Raagas correlations &#8211; TONALIBUS Harmony and Tonalities","og_description":"Raagas correlations (based on SoundOfIndia.com) -- ordered by raaga name, low and high tetrachord, and Tonalibus correspondence level","og_url":"https:\/\/tonalibus.org\/fr\/shop\/raagas-correlations\/","og_site_name":"TONALIBUS","article_modified_time":"2025-12-16T15:13:15+00:00","og_image":[{"width":2560,"height":1186,"url":"https:\/\/tonalibus.org\/wp-content\/uploads\/2024\/05\/20240518_182328790_iOS-xc-scaled.jpg","type":"image\/jpeg"}],"twitter_card":"summary_large_image","twitter_misc":{"Dur\u00e9e de lecture estim\u00e9e":"1 minute"},"schema":{"@context":"https:\/\/schema.org","@graph":[{"@type":"WebPage","@id":"https:\/\/tonalibus.org\/shop\/raagas-correlations\/","url":"https:\/\/tonalibus.org\/shop\/raagas-correlations\/","name":"Corr\u00e9lations des Raagas - TONALIBUS Harmonie et tonalit\u00e9s","isPartOf":{"@id":"https:\/\/tonalibus.org\/de\/#website"},"primaryImageOfPage":{"@id":"https:\/\/tonalibus.org\/shop\/raagas-correlations\/#primaryimage"},"image":{"@id":"https:\/\/tonalibus.org\/shop\/raagas-correlations\/#primaryimage"},"thumbnailUrl":"https:\/\/tonalibus.org\/wp-content\/uploads\/2024\/05\/20240518_182328790_iOS-xc-1024x474.jpg","datePublished":"2024-07-08T22:40:29+00:00","dateModified":"2025-12-16T15:13:15+00:00","description":"Corr\u00e9lations entre les raagas (bas\u00e9es sur SoundOfIndia.com) -- class\u00e9es par nom de raaga, t\u00e9tracorde bas et haut, et niveau de correspondance Tonalibus","breadcrumb":{"@id":"https:\/\/tonalibus.org\/shop\/raagas-correlations\/#breadcrumb"},"inLanguage":"fr-FR","potentialAction":[{"@type":"ReadAction","target":["https:\/\/tonalibus.org\/shop\/raagas-correlations\/"]}]},{"@type":"ImageObject","inLanguage":"fr-FR","@id":"https:\/\/tonalibus.org\/shop\/raagas-correlations\/#primaryimage","url":"https:\/\/tonalibus.org\/wp-content\/uploads\/2024\/05\/20240518_182328790_iOS-xc-1024x474.jpg","contentUrl":"https:\/\/tonalibus.org\/wp-content\/uploads\/2024\/05\/20240518_182328790_iOS-xc-1024x474.jpg"},{"@type":"BreadcrumbList","@id":"https:\/\/tonalibus.org\/shop\/raagas-correlations\/#breadcrumb","itemListElement":[{"@type":"ListItem","position":1,"name":"Home","item":"https:\/\/tonalibus.org\/"},{"@type":"ListItem","position":2,"name":"Fidibus Shop","item":"https:\/\/tonalibus.org\/shop\/"},{"@type":"ListItem","position":3,"name":"Raagas correlations"}]},{"@type":"WebSite","@id":"https:\/\/tonalibus.org\/de\/#website","url":"https:\/\/tonalibus.org\/de\/","name":"TONALIBUS","description":"Harmonie et tonalit\u00e9s ancr\u00e9es","publisher":{"@id":"https:\/\/tonalibus.org\/de\/#\/schema\/person\/749261d7bc96d1f00127273f83ab96a4"},"potentialAction":[{"@type":"SearchAction","target":{"@type":"EntryPoint","urlTemplate":"https:\/\/tonalibus.org\/de\/?s={search_term_string}"},"query-input":{"@type":"PropertyValueSpecification","valueRequired":true,"valueName":"search_term_string"}}],"inLanguage":"fr-FR"},{"@type":["Person","Organization"],"@id":"https:\/\/tonalibus.org\/de\/#\/schema\/person\/749261d7bc96d1f00127273f83ab96a4","name":"Ulrico","image":{"@type":"ImageObject","inLanguage":"fr-FR","@id":"https:\/\/tonalibus.org\/wp-content\/uploads\/2020\/06\/uli-pix.jpg","url":"https:\/\/tonalibus.org\/wp-content\/uploads\/2020\/06\/uli-pix.jpg","contentUrl":"https:\/\/tonalibus.org\/wp-content\/uploads\/2020\/06\/uli-pix.jpg","width":960,"height":720,"caption":"Ulrico"},"logo":{"@id":"https:\/\/tonalibus.org\/wp-content\/uploads\/2020\/06\/uli-pix.jpg"},"sameAs":["https:\/\/tonalibus.cyon.site"]}]}},"_links":{"self":[{"href":"https:\/\/tonalibus.org\/fr\/wp-json\/wp\/v2\/pages\/33261","targetHints":{"allow":["GET"]}}],"collection":[{"href":"https:\/\/tonalibus.org\/fr\/wp-json\/wp\/v2\/pages"}],"about":[{"href":"https:\/\/tonalibus.org\/fr\/wp-json\/wp\/v2\/types\/page"}],"author":[{"embeddable":true,"href":"https:\/\/tonalibus.org\/fr\/wp-json\/wp\/v2\/users\/1"}],"replies":[{"embeddable":true,"href":"https:\/\/tonalibus.org\/fr\/wp-json\/wp\/v2\/comments?post=33261"}],"version-history":[{"count":1,"href":"https:\/\/tonalibus.org\/fr\/wp-json\/wp\/v2\/pages\/33261\/revisions"}],"predecessor-version":[{"id":37987,"href":"https:\/\/tonalibus.org\/fr\/wp-json\/wp\/v2\/pages\/33261\/revisions\/37987"}],"up":[{"embeddable":true,"href":"https:\/\/tonalibus.org\/fr\/wp-json\/wp\/v2\/pages\/490"}],"wp:attachment":[{"href":"https:\/\/tonalibus.org\/fr\/wp-json\/wp\/v2\/media?parent=33261"}],"curies":[{"name":"wp","href":"https:\/\/api.w.org\/{rel}","templated":true}]}}