{"id":33982,"date":"2024-09-06T23:43:25","date_gmt":"2024-09-06T21:43:25","guid":{"rendered":"https:\/\/tonalibus.org\/?page_id=33982"},"modified":"2024-11-29T14:24:48","modified_gmt":"2024-11-29T13:24:48","slug":"sept-oct-2024-sounds","status":"publish","type":"page","link":"https:\/\/tonalibus.org\/fr\/sounds\/2024-sounds-and-images\/sept-oct-2024-sounds\/","title":{"rendered":"Sons de sept-oct 2024"},"content":{"rendered":"<h2 class=\"wp-block-heading has-text-color has-link-color wp-elements-7fef3cf548992fce7ac3d9ba5b777ae5\" style=\"color:#f7b320\">Sons personnels et de coop\u00e9ration de sept-oct 2024<\/h2>\n\n\n\n<div class=\"wp-block-buttons is-content-justification-center is-layout-flex wp-container-core-buttons-is-layout-16018d1d wp-block-buttons-is-layout-flex\">\n<div class=\"wp-block-button is-style-outline is-style-outline--1\"><a class=\"wp-block-button__link wp-element-button\" href=\"#oct\">octobre 2024<\/a><\/div>\n\n\n\n<div class=\"wp-block-button is-style-outline is-style-outline--2\"><a class=\"wp-block-button__link wp-element-button\" href=\"#sept\">septembre 2024<\/a><\/div>\n<\/div>\n\n\n\n<div style=\"height:40px\" aria-hidden=\"true\" class=\"wp-block-spacer\"><\/div>\n\n\n\n<p class=\"has-text-color has-link-color wp-elements-353ad1d9c086c943a95acd340f4b4a18\" style=\"color:#f7b320\">Vous trouverez ci-dessous des sons personnels et de coop\u00e9ration<em> <\/em>de sept-oct 2024.<em> <\/em>Il s'agit d'improvisations et de paysages sonores spontan\u00e9s et originaux r\u00e9alis\u00e9s par <a href=\"https:\/\/tonalibus.org\/fr\/about-tonalibus\/ulrico\/\"><mark style=\"background-color:rgba(0, 0, 0, 0);color:#f7b320\" class=\"has-inline-color\">Ulrico<\/mark><\/a><mark style=\"background-color:rgba(0, 0, 0, 0)\" class=\"has-inline-color has-black-color\"> <\/mark>sur divers instruments, \u00e0 plusieurs pistes ou \u00e0 piste unique, plus des pi\u00e8ces de coop\u00e9ration avec d'autres musiciens, comme indiqu\u00e9.<\/p>\n\n\n\n<h2 class=\"wp-block-heading\" id=\"oct\">Sons d'octobre 2024<\/h2>\n\n\n\n<h3 class=\"wp-block-heading has-text-color has-link-color wp-elements-dad5e380e6555ba15d5910cdda99d321\" id=\"dumble\" style=\"color:#f7b320\">\u201cHumble bumble dumble\u201d \u2013 homecoming blues<\/h3>\n\n\n\n<figure class=\"wp-block-audio\"><audio controls src=\"https:\/\/tonalibus.org\/wp-content\/uploads\/2024\/10\/2024-10-26-7GGGTBLS.mp3\" preload=\"metadata\"><\/audio><figcaption class=\"wp-element-caption\"><a href=\"https:\/\/tonalibus.org\/fr\/tonalities\/pentatonalities\/pentablumix\/\"><mark style=\"background-color:rgba(0, 0, 0, 0);color:#f7b320\" class=\"has-inline-color\">PentaBluMix<\/mark><\/a><mark style=\"background-color:rgba(0, 0, 0, 0);color:#f7b320\" class=\"has-inline-color\"> sur Do (rel. La 438 Hz) \u2013 guitare \u00e0 7 cordes, guitare lap slide, deux gongs, trombone \u2013 9:13<\/mark><\/figcaption><\/figure>\n\n\n\n<h2 class=\"wp-block-heading\" id=\"sept\">Sons de septembre 2024<\/h2>\n\n\n\n<h3 class=\"wp-block-heading has-text-color has-link-color wp-elements-066268c4ec0b6f8674741ce7afabf8c1\" id=\"hum\" style=\"color:#f7b320\">\u201c\u0f00\u0f0b\u0f68\u0f71\u0f7f\u0f0b\u0f67\u0f71\u0f74\u0f83 \u2013 \u014c\u1e43 \u0101\u1e25 h\u016b\u1e43\u201d \u2014 recherche dissolvante et atterrissage doux<\/h3>\n\n\n\n<figure class=\"wp-block-audio\"><audio controls src=\"https:\/\/tonalibus.org\/wp-content\/uploads\/2024\/09\/2024-09-27-GO4SHA8GIVOCON.mp3\" preload=\"metadata\"><\/audio><figcaption class=\"wp-element-caption\"><a href=\"https:\/\/tonalibus.org\/fr\/tonalities\/pentatonalities\/pentacor\/\"><mark style=\"background-color:rgba(0, 0, 0, 0);color:#f7b320\" class=\"has-inline-color\">PentaCor<\/mark><\/a><mark style=\"background-color:rgba(0, 0, 0, 0);color:#f7b320\" class=\"has-inline-color\"> sur Do# (rel. La 438 Hz) \u2013 gongs (4 coins du temple sonore), shamisen, guitare \u00e0 8 cordes, voix, conque \u2013 10:30<\/mark><\/figcaption><\/figure>\n\n\n\n<h3 class=\"wp-block-heading has-text-color has-link-color wp-elements-159f2af4aa333406825131f282b70081\" id=\"th\u00f6\" style=\"color:#f7b320\">\u201cTh\u00f6-g\u00e4l\u201d \u2013 arriv\u00e9e instantan\u00e9e<\/h3>\n\n\n\n<figure class=\"wp-block-audio\"><audio controls src=\"https:\/\/tonalibus.org\/wp-content\/uploads\/2024\/09\/2024-09-19-TA7GLSTR.mp3\" preload=\"metadata\"><\/audio><figcaption class=\"wp-element-caption\"><a href=\"https:\/\/tonalibus.org\/fr\/tonalities\/pentatonalities\/pentapro-or-pentana\/\"><mark style=\"background-color:rgba(0, 0, 0, 0);color:#f7b320\" class=\"has-inline-color\">PentaPro \/ PentaNa<\/mark><\/a><mark style=\"background-color:rgba(0, 0, 0, 0);color:#f7b320\" class=\"has-inline-color\"> sur Do plat (257 Hz, rel. La 432 Hz) \u2013 guitare \u00e0 7 cordes, guitare lap slide, fl\u00fbte \u00e0 bec t\u00e9nor, tanpura \u2013 11:56<\/mark><\/figcaption><\/figure>\n\n\n\n<h3 class=\"wp-block-heading has-text-color has-link-color wp-elements-6adfb8836d063f58cecfad38718462e0\" id=\"rinpoche\" style=\"color:#f7b320\">\u201cRinpoch\u00e9 d\u00e9j\u00e0-vu chant\u201d \u2013 pour la reconnaissance et la d\u00e9livrance<\/h3>\n\n\n\n<figure class=\"wp-block-audio\"><audio controls src=\"https:\/\/tonalibus.org\/wp-content\/uploads\/2024\/09\/2024-09-17-8GGOTAVVVV.mp3\" preload=\"metadata\"><\/audio><figcaption class=\"wp-element-caption\"><a href=\"https:\/\/tonalibus.org\/fr\/tonalities\/reach-or-harmonic-heptatonalities\/reachup-dbl-h-gypsy-min\/\"><mark style=\"background-color:rgba(0, 0, 0, 0);color:#f7b320\" class=\"has-inline-color\">ReachUp<\/mark><\/a><mark style=\"background-color:rgba(0, 0, 0, 0);color:#f7b320\" class=\"has-inline-color\"> ou mineur double harmonique\/Gypsy\/hongrois sur Do# (138 Hz) \u2013 voix, guitare \u00e0 8 cordes, gong, tanpura \u2013 5:52<\/mark><\/figcaption><\/figure>\n\n\n\n<h3 class=\"wp-block-heading has-text-color has-link-color wp-elements-16d367fb235ed0a6e8afd9de508a8a91\" id=\"garuda\" style=\"color:#f7b320\">\u201c\u0917\u0930\u0941\u0921\u093c Garu\u1e0da\u201d \u2013 puja pour le faucon c\u00e9leste<\/h3>\n\n\n\n<figure class=\"wp-block-audio\"><audio controls src=\"https:\/\/tonalibus.org\/wp-content\/uploads\/2024\/09\/2024-09-12-HAGOFULS.mp3\" preload=\"metadata\"><\/audio><figcaption class=\"wp-element-caption\"><a href=\"https:\/\/tonalibus.org\/fr\/tonalities\/diatonic-heptatonalities\/mixolydian\/\"><mark style=\"background-color:rgba(0, 0, 0, 0);color:#f7b320\" class=\"has-inline-color\">Mixolydien<\/mark><\/a><mark style=\"background-color:rgba(0, 0, 0, 0);color:#f7b320\" class=\"has-inline-color\"> sur Sol 390 Hz (rel. La 438 Hz) \u2013 harmonium, gong, fujara, guitare lap slide \u2013 10:01<\/mark><\/figcaption><\/figure>\n\n\n\n<h3 class=\"wp-block-heading has-text-color has-link-color wp-elements-80f12b742a44577582d7f6ab8289da05\" id=\"vajra\" style=\"color:#f7b320\">\u201cVajra bridge buzz\u201d \u2013 le karma du corps de lumi\u00e8re arc-en-ciel<\/h3>\n\n\n\n<figure class=\"wp-block-audio\"><audio controls src=\"https:\/\/tonalibus.org\/wp-content\/uploads\/2024\/09\/2024-09-06-7GUKGO.mp3\" preload=\"metadata\"><\/audio><figcaption class=\"wp-element-caption\"><a href=\"https:\/\/tonalibus.org\/fr\/tonalities\/reach-or-harmonic-heptatonalities\/reachbal-dbl-h-gypsy-maj\/\"><mark style=\"background-color:rgba(0, 0, 0, 0);color:#f7b320\" class=\"has-inline-color\">ReachBal<\/mark><\/a><mark style=\"background-color:rgba(0, 0, 0, 0);color:#f7b320\" class=\"has-inline-color\"> ou majeur double harmonique\/Gypsy sur Sol# plat (225 Hz) \u2013 guitare \u00e0 7 cordes, ukul\u00e9l\u00e9 (avec \u00e9cho), gong \u2013 6:31<\/mark><\/figcaption><\/figure>\n\n\n\n<div style=\"height:55px\" aria-hidden=\"true\" class=\"wp-block-spacer\"><\/div>\n\n\n\n<figure class=\"wp-block-image size-large\"><img loading=\"lazy\" decoding=\"async\" width=\"1024\" height=\"683\" src=\"https:\/\/tonalibus.org\/wp-content\/uploads\/2024\/07\/20240624_202143000_iOS-1-xc-1024x683.jpg\" alt=\"Sept-Oct 2024 sounds\" class=\"wp-image-33226\" srcset=\"https:\/\/tonalibus.org\/wp-content\/uploads\/2024\/07\/20240624_202143000_iOS-1-xc-1024x683.jpg 1024w, https:\/\/tonalibus.org\/wp-content\/uploads\/2024\/07\/20240624_202143000_iOS-1-xc-300x200.jpg 300w, https:\/\/tonalibus.org\/wp-content\/uploads\/2024\/07\/20240624_202143000_iOS-1-xc-768x512.jpg 768w, https:\/\/tonalibus.org\/wp-content\/uploads\/2024\/07\/20240624_202143000_iOS-1-xc-1536x1024.jpg 1536w, https:\/\/tonalibus.org\/wp-content\/uploads\/2024\/07\/20240624_202143000_iOS-1-xc-18x12.jpg 18w, https:\/\/tonalibus.org\/wp-content\/uploads\/2024\/07\/20240624_202143000_iOS-1-xc-1320x880.jpg 1320w, https:\/\/tonalibus.org\/wp-content\/uploads\/2024\/07\/20240624_202143000_iOS-1-xc.jpg 1600w\" sizes=\"auto, (max-width: 706px) 89vw, (max-width: 767px) 82vw, 740px\" \/><figcaption class=\"wp-element-caption\">Pr\u00e8s du paradis \u2013 juin 2024 \u2013 <a href=\"https:\/\/fr.wikipedia.org\/wiki\/Niesen\" target=\"_blank\" rel=\"noreferrer noopener\">Niesen<\/a> sommet, Suisse \u2013 photo de Karin Gs\u00f6llpointner<\/figcaption><\/figure>","protected":false},"excerpt":{"rendered":"<p>Sons personnels et de coop\u00e9ration de Sept-Oct 2024 Vous trouverez ci-dessous des sons personnels et de coop\u00e9ration de Sept-Oct 2024. Il s'agit d'improvisations et de paysages sonores spontan\u00e9s et originaux d'Ulrico sur divers instruments, en plusieurs couches ou sur une seule piste, ainsi que de morceaux de coop\u00e9ration avec d'autres musiciens, comme indiqu\u00e9. Sons d'octobre 2024 \"Humble bumble dumble\" - homecoming blues Sons de septembre 2024 ... <\/p>\n<p class=\"link-more\"><a href=\"https:\/\/tonalibus.org\/fr\/sounds\/2024-sounds-and-images\/sept-oct-2024-sounds\/\" class=\"more-link\">Continuer la lecture<span class=\"screen-reader-text\"> de \" Sept-Oct 2024 sons \"<\/span><\/a><\/p>","protected":false},"author":1,"featured_media":0,"parent":30125,"menu_order":9,"comment_status":"closed","ping_status":"closed","template":"","meta":{"footnotes":""},"class_list":["post-33982","page","type-page","status-publish","hentry"],"yoast_head":"<!-- This site is optimized with the Yoast SEO plugin v27.4 - https:\/\/yoast.com\/product\/yoast-seo-wordpress\/ -->\n<title>Sept-Oct 2024 sounds &#8211; TONALIBUS Harmony and Tonalities<\/title>\n<meta name=\"description\" content=\"Here you find personal Sept-Oct 2024 sounds. They are spontaneous, original improvisations and soundscapes by Ulrico (and friends).\" \/>\n<meta name=\"robots\" content=\"index, follow, max-snippet:-1, max-image-preview:large, max-video-preview:-1\" \/>\n<link rel=\"canonical\" href=\"https:\/\/tonalibus.org\/fr\/sounds\/2024-sounds-and-images\/sept-oct-2024-sounds\/\" \/>\n<meta property=\"og:locale\" content=\"fr_FR\" \/>\n<meta property=\"og:type\" content=\"article\" \/>\n<meta property=\"og:title\" content=\"Sept-Oct 2024 sounds &#8211; TONALIBUS Harmony and Tonalities\" \/>\n<meta property=\"og:description\" content=\"Here you find personal Sept-Oct 2024 sounds. They are spontaneous, original improvisations and soundscapes by Ulrico (and friends).\" \/>\n<meta property=\"og:url\" content=\"https:\/\/tonalibus.org\/fr\/sounds\/2024-sounds-and-images\/sept-oct-2024-sounds\/\" \/>\n<meta property=\"og:site_name\" content=\"TONALIBUS\" \/>\n<meta property=\"article:modified_time\" content=\"2024-11-29T13:24:48+00:00\" \/>\n<meta property=\"og:image\" content=\"https:\/\/tonalibus.org\/wp-content\/uploads\/2024\/07\/20240624_202143000_iOS-1-xc-1024x683.jpg\" \/>\n<meta name=\"twitter:card\" content=\"summary_large_image\" \/>\n<meta name=\"twitter:label1\" content=\"Dur\u00e9e de lecture estim\u00e9e\" \/>\n\t<meta name=\"twitter:data1\" content=\"2 minutes\" \/>\n<script type=\"application\/ld+json\" class=\"yoast-schema-graph\">{\"@context\":\"https:\\\/\\\/schema.org\",\"@graph\":[{\"@type\":\"WebPage\",\"@id\":\"https:\\\/\\\/tonalibus.org\\\/sounds\\\/2024-sounds-and-images\\\/sept-oct-2024-sounds\\\/\",\"url\":\"https:\\\/\\\/tonalibus.org\\\/sounds\\\/2024-sounds-and-images\\\/sept-oct-2024-sounds\\\/\",\"name\":\"Sept-Oct 2024 sounds &#8211; TONALIBUS Harmony and Tonalities\",\"isPartOf\":{\"@id\":\"https:\\\/\\\/tonalibus.org\\\/de\\\/#website\"},\"primaryImageOfPage\":{\"@id\":\"https:\\\/\\\/tonalibus.org\\\/sounds\\\/2024-sounds-and-images\\\/sept-oct-2024-sounds\\\/#primaryimage\"},\"image\":{\"@id\":\"https:\\\/\\\/tonalibus.org\\\/sounds\\\/2024-sounds-and-images\\\/sept-oct-2024-sounds\\\/#primaryimage\"},\"thumbnailUrl\":\"https:\\\/\\\/tonalibus.org\\\/wp-content\\\/uploads\\\/2024\\\/07\\\/20240624_202143000_iOS-1-xc-1024x683.jpg\",\"datePublished\":\"2024-09-06T21:43:25+00:00\",\"dateModified\":\"2024-11-29T13:24:48+00:00\",\"description\":\"Here you find personal Sept-Oct 2024 sounds. They are spontaneous, original improvisations and soundscapes by Ulrico (and friends).\",\"breadcrumb\":{\"@id\":\"https:\\\/\\\/tonalibus.org\\\/sounds\\\/2024-sounds-and-images\\\/sept-oct-2024-sounds\\\/#breadcrumb\"},\"inLanguage\":\"fr-FR\",\"potentialAction\":[{\"@type\":\"ReadAction\",\"target\":[\"https:\\\/\\\/tonalibus.org\\\/sounds\\\/2024-sounds-and-images\\\/sept-oct-2024-sounds\\\/\"]}]},{\"@type\":\"ImageObject\",\"inLanguage\":\"fr-FR\",\"@id\":\"https:\\\/\\\/tonalibus.org\\\/sounds\\\/2024-sounds-and-images\\\/sept-oct-2024-sounds\\\/#primaryimage\",\"url\":\"https:\\\/\\\/tonalibus.org\\\/wp-content\\\/uploads\\\/2024\\\/07\\\/20240624_202143000_iOS-1-xc-1024x683.jpg\",\"contentUrl\":\"https:\\\/\\\/tonalibus.org\\\/wp-content\\\/uploads\\\/2024\\\/07\\\/20240624_202143000_iOS-1-xc-1024x683.jpg\"},{\"@type\":\"BreadcrumbList\",\"@id\":\"https:\\\/\\\/tonalibus.org\\\/sounds\\\/2024-sounds-and-images\\\/sept-oct-2024-sounds\\\/#breadcrumb\",\"itemListElement\":[{\"@type\":\"ListItem\",\"position\":1,\"name\":\"Home\",\"item\":\"https:\\\/\\\/tonalibus.org\\\/\"},{\"@type\":\"ListItem\",\"position\":2,\"name\":\"Sounds\",\"item\":\"https:\\\/\\\/tonalibus.org\\\/sounds\\\/\"},{\"@type\":\"ListItem\",\"position\":3,\"name\":\"2024 Sounds and Images\",\"item\":\"https:\\\/\\\/tonalibus.org\\\/sounds\\\/2024-sounds-and-images\\\/\"},{\"@type\":\"ListItem\",\"position\":4,\"name\":\"Sept-Oct 2024 sounds\"}]},{\"@type\":\"WebSite\",\"@id\":\"https:\\\/\\\/tonalibus.org\\\/de\\\/#website\",\"url\":\"https:\\\/\\\/tonalibus.org\\\/de\\\/\",\"name\":\"TONALIBUS\",\"description\":\"Anchored Harmony and Tonalities\",\"publisher\":{\"@id\":\"https:\\\/\\\/tonalibus.org\\\/de\\\/#\\\/schema\\\/person\\\/749261d7bc96d1f00127273f83ab96a4\"},\"potentialAction\":[{\"@type\":\"SearchAction\",\"target\":{\"@type\":\"EntryPoint\",\"urlTemplate\":\"https:\\\/\\\/tonalibus.org\\\/de\\\/?s={search_term_string}\"},\"query-input\":{\"@type\":\"PropertyValueSpecification\",\"valueRequired\":true,\"valueName\":\"search_term_string\"}}],\"inLanguage\":\"fr-FR\"},{\"@type\":[\"Person\",\"Organization\"],\"@id\":\"https:\\\/\\\/tonalibus.org\\\/de\\\/#\\\/schema\\\/person\\\/749261d7bc96d1f00127273f83ab96a4\",\"name\":\"Ulrico\",\"image\":{\"@type\":\"ImageObject\",\"inLanguage\":\"fr-FR\",\"@id\":\"https:\\\/\\\/tonalibus.org\\\/wp-content\\\/uploads\\\/2020\\\/06\\\/uli-pix.jpg\",\"url\":\"https:\\\/\\\/tonalibus.org\\\/wp-content\\\/uploads\\\/2020\\\/06\\\/uli-pix.jpg\",\"contentUrl\":\"https:\\\/\\\/tonalibus.org\\\/wp-content\\\/uploads\\\/2020\\\/06\\\/uli-pix.jpg\",\"width\":960,\"height\":720,\"caption\":\"Ulrico\"},\"logo\":{\"@id\":\"https:\\\/\\\/tonalibus.org\\\/wp-content\\\/uploads\\\/2020\\\/06\\\/uli-pix.jpg\"},\"sameAs\":[\"https:\\\/\\\/tonalibus.cyon.site\"]}]}<\/script>\n<!-- \/ Yoast SEO plugin. -->","yoast_head_json":{"title":"Sept-Oct 2024 sons - TONALIBUS Harmonie et tonalit\u00e9s","description":"Vous trouverez ici des sons personnels de Sept-Oct 2024. Il s'agit d'improvisations et de paysages sonores spontan\u00e9s et originaux d'Ulrico (et de ses amis).","robots":{"index":"index","follow":"follow","max-snippet":"max-snippet:-1","max-image-preview":"max-image-preview:large","max-video-preview":"max-video-preview:-1"},"canonical":"https:\/\/tonalibus.org\/fr\/sounds\/2024-sounds-and-images\/sept-oct-2024-sounds\/","og_locale":"fr_FR","og_type":"article","og_title":"Sept-Oct 2024 sounds &#8211; TONALIBUS Harmony and Tonalities","og_description":"Here you find personal Sept-Oct 2024 sounds. They are spontaneous, original improvisations and soundscapes by Ulrico (and friends).","og_url":"https:\/\/tonalibus.org\/fr\/sounds\/2024-sounds-and-images\/sept-oct-2024-sounds\/","og_site_name":"TONALIBUS","article_modified_time":"2024-11-29T13:24:48+00:00","og_image":[{"url":"https:\/\/tonalibus.org\/wp-content\/uploads\/2024\/07\/20240624_202143000_iOS-1-xc-1024x683.jpg","type":"","width":"","height":""}],"twitter_card":"summary_large_image","twitter_misc":{"Dur\u00e9e de lecture estim\u00e9e":"2 minutes"},"schema":{"@context":"https:\/\/schema.org","@graph":[{"@type":"WebPage","@id":"https:\/\/tonalibus.org\/sounds\/2024-sounds-and-images\/sept-oct-2024-sounds\/","url":"https:\/\/tonalibus.org\/sounds\/2024-sounds-and-images\/sept-oct-2024-sounds\/","name":"Sept-Oct 2024 sons - TONALIBUS Harmonie et tonalit\u00e9s","isPartOf":{"@id":"https:\/\/tonalibus.org\/de\/#website"},"primaryImageOfPage":{"@id":"https:\/\/tonalibus.org\/sounds\/2024-sounds-and-images\/sept-oct-2024-sounds\/#primaryimage"},"image":{"@id":"https:\/\/tonalibus.org\/sounds\/2024-sounds-and-images\/sept-oct-2024-sounds\/#primaryimage"},"thumbnailUrl":"https:\/\/tonalibus.org\/wp-content\/uploads\/2024\/07\/20240624_202143000_iOS-1-xc-1024x683.jpg","datePublished":"2024-09-06T21:43:25+00:00","dateModified":"2024-11-29T13:24:48+00:00","description":"Vous trouverez ici des sons personnels de Sept-Oct 2024. Il s'agit d'improvisations et de paysages sonores spontan\u00e9s et originaux d'Ulrico (et de ses amis).","breadcrumb":{"@id":"https:\/\/tonalibus.org\/sounds\/2024-sounds-and-images\/sept-oct-2024-sounds\/#breadcrumb"},"inLanguage":"fr-FR","potentialAction":[{"@type":"ReadAction","target":["https:\/\/tonalibus.org\/sounds\/2024-sounds-and-images\/sept-oct-2024-sounds\/"]}]},{"@type":"ImageObject","inLanguage":"fr-FR","@id":"https:\/\/tonalibus.org\/sounds\/2024-sounds-and-images\/sept-oct-2024-sounds\/#primaryimage","url":"https:\/\/tonalibus.org\/wp-content\/uploads\/2024\/07\/20240624_202143000_iOS-1-xc-1024x683.jpg","contentUrl":"https:\/\/tonalibus.org\/wp-content\/uploads\/2024\/07\/20240624_202143000_iOS-1-xc-1024x683.jpg"},{"@type":"BreadcrumbList","@id":"https:\/\/tonalibus.org\/sounds\/2024-sounds-and-images\/sept-oct-2024-sounds\/#breadcrumb","itemListElement":[{"@type":"ListItem","position":1,"name":"Home","item":"https:\/\/tonalibus.org\/"},{"@type":"ListItem","position":2,"name":"Sounds","item":"https:\/\/tonalibus.org\/sounds\/"},{"@type":"ListItem","position":3,"name":"2024 Sounds and Images","item":"https:\/\/tonalibus.org\/sounds\/2024-sounds-and-images\/"},{"@type":"ListItem","position":4,"name":"Sept-Oct 2024 sounds"}]},{"@type":"WebSite","@id":"https:\/\/tonalibus.org\/de\/#website","url":"https:\/\/tonalibus.org\/de\/","name":"TONALIBUS","description":"Harmonie et tonalit\u00e9s ancr\u00e9es","publisher":{"@id":"https:\/\/tonalibus.org\/de\/#\/schema\/person\/749261d7bc96d1f00127273f83ab96a4"},"potentialAction":[{"@type":"SearchAction","target":{"@type":"EntryPoint","urlTemplate":"https:\/\/tonalibus.org\/de\/?s={search_term_string}"},"query-input":{"@type":"PropertyValueSpecification","valueRequired":true,"valueName":"search_term_string"}}],"inLanguage":"fr-FR"},{"@type":["Person","Organization"],"@id":"https:\/\/tonalibus.org\/de\/#\/schema\/person\/749261d7bc96d1f00127273f83ab96a4","name":"Ulrico","image":{"@type":"ImageObject","inLanguage":"fr-FR","@id":"https:\/\/tonalibus.org\/wp-content\/uploads\/2020\/06\/uli-pix.jpg","url":"https:\/\/tonalibus.org\/wp-content\/uploads\/2020\/06\/uli-pix.jpg","contentUrl":"https:\/\/tonalibus.org\/wp-content\/uploads\/2020\/06\/uli-pix.jpg","width":960,"height":720,"caption":"Ulrico"},"logo":{"@id":"https:\/\/tonalibus.org\/wp-content\/uploads\/2020\/06\/uli-pix.jpg"},"sameAs":["https:\/\/tonalibus.cyon.site"]}]}},"_links":{"self":[{"href":"https:\/\/tonalibus.org\/fr\/wp-json\/wp\/v2\/pages\/33982","targetHints":{"allow":["GET"]}}],"collection":[{"href":"https:\/\/tonalibus.org\/fr\/wp-json\/wp\/v2\/pages"}],"about":[{"href":"https:\/\/tonalibus.org\/fr\/wp-json\/wp\/v2\/types\/page"}],"author":[{"embeddable":true,"href":"https:\/\/tonalibus.org\/fr\/wp-json\/wp\/v2\/users\/1"}],"replies":[{"embeddable":true,"href":"https:\/\/tonalibus.org\/fr\/wp-json\/wp\/v2\/comments?post=33982"}],"version-history":[{"count":0,"href":"https:\/\/tonalibus.org\/fr\/wp-json\/wp\/v2\/pages\/33982\/revisions"}],"up":[{"embeddable":true,"href":"https:\/\/tonalibus.org\/fr\/wp-json\/wp\/v2\/pages\/30125"}],"wp:attachment":[{"href":"https:\/\/tonalibus.org\/fr\/wp-json\/wp\/v2\/media?parent=33982"}],"curies":[{"name":"wp","href":"https:\/\/api.w.org\/{rel}","templated":true}]}}