{"id":34999,"date":"2025-01-30T16:46:27","date_gmt":"2025-01-30T15:46:27","guid":{"rendered":"https:\/\/tonalibus.org\/?page_id=34999"},"modified":"2025-04-24T10:35:25","modified_gmt":"2025-04-24T08:35:25","slug":"winter-spring-2025-sounds","status":"publish","type":"page","link":"https:\/\/tonalibus.org\/fr\/sounds\/2025-sounds-and-images\/winter-spring-2025-sounds\/","title":{"rendered":"Sons d'hiver-printemps 2025"},"content":{"rendered":"<h2 class=\"wp-block-heading has-text-color has-link-color wp-elements-305ffdb275df0858f9505f0a2b11f56c\" style=\"color:#f7b320\">Sons personnels et de coop\u00e9ration de l'hiver-printemps 2025<\/h2>\n\n\n\n<div class=\"wp-block-buttons is-content-justification-center is-layout-flex wp-container-core-buttons-is-layout-16018d1d wp-block-buttons-is-layout-flex\">\n<div class=\"wp-block-button is-style-outline is-style-outline--1\"><a class=\"wp-block-button__link wp-element-button\" href=\"#march\">mars-avril 2025<\/a><\/div>\n\n\n\n<div class=\"wp-block-button is-style-outline is-style-outline--2\"><a class=\"wp-block-button__link wp-element-button\" href=\"#jan\">janvier-f\u00e9vrier 2025<\/a><\/div>\n<\/div>\n\n\n\n<div style=\"height:40px\" aria-hidden=\"true\" class=\"wp-block-spacer\"><\/div>\n\n\n\n<p class=\"has-text-color has-link-color wp-elements-916755f8c8daa88db012c6dd1ac9417e\" style=\"color:#f7b320\">Vous trouverez ci-dessous des sons personnels et de coop\u00e9ration<em> <\/em>de l'hiver-printemps 2025.<em> <\/em>Il s'agit d'improvisations et de paysages sonores spontan\u00e9s et originaux r\u00e9alis\u00e9s par <a href=\"https:\/\/tonalibus.org\/fr\/about-tonalibus\/ulrico\/\"><mark style=\"background-color:rgba(0, 0, 0, 0);color:#f7b320\" class=\"has-inline-color\">Ulrico<\/mark><\/a><mark style=\"background-color:rgba(0, 0, 0, 0)\" class=\"has-inline-color has-black-color\"> <\/mark>sur divers instruments, \u00e0 plusieurs pistes ou \u00e0 piste unique, plus des pi\u00e8ces de coop\u00e9ration avec d'autres musiciens, comme indiqu\u00e9.<\/p>\n\n\n\n<h2 class=\"wp-block-heading\" id=\"march\">Sons de mars-avril 2025<\/h2>\n\n\n\n<h3 class=\"wp-block-heading has-text-color has-link-color wp-elements-9654d1ec700bd787eeaad02434fb786d\" id=\"nirodha\" style=\"color:#f7b320\">\u201cNirodha blues\u201d \u2013 la danse des arbres<\/h3>\n\n\n\n<figure class=\"wp-block-audio\"><audio controls src=\"https:\/\/tonalibus.org\/wp-content\/uploads\/2025\/04\/2025-04-22-7GIFDCROBA.mp3\" preload=\"metadata\"><\/audio><figcaption class=\"wp-element-caption\"><a href=\"https:\/\/tonalibus.org\/fr\/tonalities\/hexatonalities\/hexablunamix\/\"><mark style=\"background-color:rgba(0, 0, 0, 0);color:#f7b320\" class=\"has-inline-color\">HexaBluNaMix<\/mark><\/a><mark style=\"background-color:rgba(0, 0, 0, 0);color:#f7b320\" class=\"has-inline-color\"> sur Fa# (184 Hz) \u2013 guitare \u00e0 7 cordes, fead\u00f3g (sifflet irlandais), crotales, basse \u2013 6:56<\/mark><\/figcaption><\/figure>\n\n\n\n<h3 class=\"wp-block-heading has-text-color has-link-color wp-elements-661bd71df8a8a047c9ab3205a25e5c5e\" id=\"day\" style=\"color:#f7b320\">\u201cAnother day breaks\u201d \u2013 de l'ombre \u00e0 la lumi\u00e8re<\/h3>\n\n\n\n<figure class=\"wp-block-audio\"><audio controls src=\"https:\/\/tonalibus.org\/wp-content\/uploads\/2025\/04\/2025-04-15-8GITAGO.mp3\" preload=\"metadata\"><\/audio><figcaption class=\"wp-element-caption\"><a href=\"https:\/\/tonalibus.org\/fr\/2025\/04\/24\/tonality-of-the-moment-pentavibhas\/\"><mark style=\"background-color:rgba(0, 0, 0, 0);color:#f7b320\" class=\"has-inline-color\">PentaVibhas<\/mark><\/a><mark style=\"background-color:rgba(0, 0, 0, 0);color:#f7b320\" class=\"has-inline-color\"> (un d\u00e9riv\u00e9 Reach) sur Do# (69 Hz) \u2013 Raag Vibhas \/ Bibhas \u2013 guitare \u00e0 8 cordes, gong, tanpura \u2013 5:51<\/mark><\/figcaption><\/figure>\n\n\n\n<h3 class=\"wp-block-heading has-text-color has-link-color wp-elements-6a9ece3865537e9b00e500b36ce9d621\" id=\"vibhas\" style=\"color:#f7b320\">\u201cVibhas dawn\u201d \u2013 raga de l'aube<\/h3>\n\n\n\n<figure id=\"vibhas\" class=\"wp-block-audio\"><audio controls src=\"https:\/\/tonalibus.org\/wp-content\/uploads\/2025\/04\/2025-04-03-8GTASA.mp3\" preload=\"metadata\"><\/audio><figcaption class=\"wp-element-caption\"><em><a href=\"https:\/\/tonalibus.org\/fr\/2025\/04\/24\/tonality-of-the-moment-pentavibhas\/\"><mark style=\"background-color:rgba(0, 0, 0, 0);color:#f7b320\" class=\"has-inline-color\">PentaVibhas<\/mark><\/a><\/em><mark style=\"background-color:rgba(0, 0, 0, 0);color:#f7b320\" class=\"has-inline-color\"> (un d\u00e9riv\u00e9 Reach) sur Do# (69 Hz) \u2013 Raag Vibhas \/ Bibhas \u2013 guitare \u00e0 8 cordes, scie musicale, tanpura \u2013 5:33<\/mark><\/figcaption><\/figure>\n\n\n\n<h3 class=\"wp-block-heading has-text-color has-link-color wp-elements-3cba94ba43a8dc6cd97f20cf359ce877\" id=\"heart\" style=\"color:#f7b320\">\u201cHarmonics of the heart\u201d \u2013 entendez-vous les harmoniques ?<\/h3>\n\n\n\n<figure class=\"wp-block-audio\"><audio controls src=\"https:\/\/tonalibus.org\/wp-content\/uploads\/2025\/03\/2025-03-18-VVVV.mp3\" preload=\"metadata\"><\/audio><figcaption class=\"wp-element-caption\"><mark style=\"background-color:rgba(0, 0, 0, 0);color:#f7b320\" class=\"has-inline-color\">\u0950 <\/mark><a href=\"https:\/\/fr.wikipedia.org\/wiki\/Om\u0310\" target=\"_blank\" rel=\"noreferrer noopener\"><mark style=\"background-color:rgba(0, 0, 0, 0);color:#f7b320\" class=\"has-inline-color\">Om\/Aum<\/mark><\/a><mark style=\"background-color:rgba(0, 0, 0, 0);color:#f7b320\" class=\"has-inline-color\"> chant sur Do# (69 Hz) \u2013 chant des voix de basse \u00e0 note unique \u2013 9:13<\/mark><\/figcaption><\/figure>\n\n\n\n<h2 class=\"wp-block-heading\" id=\"jan\">Sons de janvier-f\u00e9vrier 2025<\/h2>\n\n\n\n<h3 class=\"wp-block-heading has-text-color has-link-color wp-elements-6b0a032f62d46e935fb8b8fda94ecb95\" id=\"imperm\" style=\"color:#f7b320\">\u201cPermanent impermanence\u201d \u2013 blues de l'assainissement du c\u0153ur<\/h3>\n\n\n\n<figure class=\"wp-block-audio\"><audio controls src=\"https:\/\/tonalibus.org\/wp-content\/uploads\/2025\/02\/2025-02-20-8GTANEPCYCROT.mp3\" preload=\"metadata\"><\/audio><figcaption class=\"wp-element-caption\"><a href=\"https:\/\/tonalibus.org\/fr\/tonalities\/pentatonalities\/pentablue\/\"><mark style=\"background-color:rgba(0, 0, 0, 0);color:#f7b320\" class=\"has-inline-color\">PentaBlue<\/mark><\/a><mark style=\"background-color:rgba(0, 0, 0, 0);color:#f7b320\" class=\"has-inline-color\"> sur R\u00e9 (rel. La 438.2 Hz) \u2013 guitare \u00e0 8 cordes, crotales, cymbales n\u00e9palaises, tanpura \u2013 7:43<\/mark><\/figcaption><\/figure>\n\n\n\n<h3 class=\"wp-block-heading has-text-color has-link-color wp-elements-3fe0eefc177fd2462219c2f6ba4ad7f6\" id=\"trust\" style=\"color:#f7b320\">\u201cTrust the boat\u201d \u2013 en haute mer <\/h3>\n\n\n\n<figure class=\"wp-block-audio\"><audio controls src=\"https:\/\/tonalibus.org\/wp-content\/uploads\/2025\/02\/2025-02-15-x8GGGx.mp3\" preload=\"metadata\"><\/audio><figcaption class=\"wp-element-caption\"><a href=\"https:\/\/tonalibus.org\/fr\/tonalities\/diatonic-heptatonalities\/mixolydian\/\"><mark style=\"background-color:rgba(0, 0, 0, 0);color:#f7b320\" class=\"has-inline-color\">Mixolydien<\/mark><\/a><mark style=\"background-color:rgba(0, 0, 0, 0);color:#f7b320\" class=\"has-inline-color\"> sur Do# (69 Hz) \u2013 guitare \u00e0 8 cordes \u2013 7:00<\/mark><\/figcaption><\/figure>\n\n\n\n<h3 class=\"wp-block-heading has-text-color has-link-color wp-elements-7b3eb5b0a347172e3b5c824ea73415ae\" id=\"beherenow\" style=\"color:#f7b320\">\u201cBe here now \u2013 \u0f00\u0f0b\u0f68\u0f71\u0f7f\u0f0b\u0f67\u0f71\u0f74\u0f83 \u2013 \u014c\u1e43 \u0101\u1e25 h\u016b\u1e43\u201d \u2013 ancre de m\u00e9ditation<\/h3>\n\n\n\n<figure class=\"wp-block-audio\"><audio controls src=\"https:\/\/tonalibus.org\/wp-content\/uploads\/2025\/02\/2025-02-12-WBBGx.mp3\" preload=\"metadata\"><\/audio><figcaption class=\"wp-element-caption\"><mark style=\"background-color:rgba(0, 0, 0, 0);color:#f7b320\" class=\"has-inline-color\">chant d'une voix de basse, sifflement du souffle, grand gong \u2013 6:48<\/mark><\/figcaption><\/figure>\n\n\n\n<h3 class=\"wp-block-heading has-text-color has-link-color wp-elements-e27aafdc3228905ce37fe4c1b2f07b85\" id=\"mudita\" style=\"color:#f7b320\">\u201cCalm Mudita joy\u201d \u2013 es-tu l\u00e0 ?<\/h3>\n\n\n\n<figure class=\"wp-block-audio\"><audio controls src=\"https:\/\/tonalibus.org\/wp-content\/uploads\/2025\/01\/2025-01-29-7GITALS.mp3\" preload=\"metadata\"><\/audio><figcaption class=\"wp-element-caption\"><a href=\"https:\/\/tonalibus.org\/fr\/tonalities\/pentatonalities\/pentapro-or-pentana\/\"><mark style=\"background-color:rgba(0, 0, 0, 0);color:#f7b320\" class=\"has-inline-color\">PentaNa \/ PentaPro<\/mark><\/a><mark style=\"background-color:rgba(0, 0, 0, 0);color:#f7b320\" class=\"has-inline-color\"> sur Do# (276 Hz) \u2013 avec une touche de Ma \u2013 guitare \u00e0 8 cordes, guitare lap slide, tanpura \u2013 7:06<\/mark><\/figcaption><\/figure>\n\n\n\n<div style=\"height:55px\" aria-hidden=\"true\" class=\"wp-block-spacer\"><\/div>\n\n\n\n<figure class=\"wp-block-image size-large\"><img loading=\"lazy\" decoding=\"async\" width=\"1024\" height=\"562\" src=\"https:\/\/tonalibus.org\/wp-content\/uploads\/2025\/01\/20241229_115629718_iOS-xc-1024x562.jpg\" alt=\"Winter-Spring 2025 sounds\" class=\"wp-image-34959\" srcset=\"https:\/\/tonalibus.org\/wp-content\/uploads\/2025\/01\/20241229_115629718_iOS-xc-1024x562.jpg 1024w, https:\/\/tonalibus.org\/wp-content\/uploads\/2025\/01\/20241229_115629718_iOS-xc-300x165.jpg 300w, https:\/\/tonalibus.org\/wp-content\/uploads\/2025\/01\/20241229_115629718_iOS-xc-768x422.jpg 768w, https:\/\/tonalibus.org\/wp-content\/uploads\/2025\/01\/20241229_115629718_iOS-xc-1536x843.jpg 1536w, https:\/\/tonalibus.org\/wp-content\/uploads\/2025\/01\/20241229_115629718_iOS-xc-2048x1125.jpg 2048w, https:\/\/tonalibus.org\/wp-content\/uploads\/2025\/01\/20241229_115629718_iOS-xc-18x10.jpg 18w, https:\/\/tonalibus.org\/wp-content\/uploads\/2025\/01\/20241229_115629718_iOS-xc-1320x725.jpg 1320w\" sizes=\"auto, (max-width: 706px) 89vw, (max-width: 767px) 82vw, 740px\" \/><figcaption class=\"wp-element-caption\">Merveilles de l'hiver se r\u00e9v\u00e8lent lorsque le soleil perce un \u00e9pais brouillard \u2013 fin d\u00e9cembre 2024 \u2013 pr\u00e8s de Berne, en Suisse.<\/figcaption><\/figure>","protected":false},"excerpt":{"rendered":"<p>Personal and cooperation sounds from winter-spring 2025 Below you find personal and cooperation sounds from winter-spring 2025. They are spontaneous, original improvisations and soundscapes by Ulrico on various instruments, multi-layered or single track, plus cooperation pieces with other musicians as noted. Sounds of March-April 2025 &#8220;Nirodha blues&#8221; &#8212; dance of the trees &#8220;Another day breaks&#8221; &hellip; <\/p>\n<p class=\"link-more\"><a href=\"https:\/\/tonalibus.org\/fr\/sounds\/2025-sounds-and-images\/winter-spring-2025-sounds\/\" class=\"more-link\">Continuer la lecture<span class=\"screen-reader-text\"> de &laquo;&nbsp;Winter-Spring 2025 sounds&nbsp;&raquo;<\/span><\/a><\/p>","protected":false},"author":1,"featured_media":0,"parent":34997,"menu_order":1,"comment_status":"closed","ping_status":"closed","template":"","meta":{"footnotes":""},"class_list":["post-34999","page","type-page","status-publish","hentry"],"yoast_head":"<!-- This site is optimized with the Yoast SEO plugin v27.5 - https:\/\/yoast.com\/product\/yoast-seo-wordpress\/ -->\n<title>Winter-Spring 2025 sounds &#8211; TONALIBUS Harmony and Tonalities<\/title>\n<meta name=\"description\" content=\"Here you find personal Winter-Spring 2025 sounds. They are spontaneous, original improvisations and soundscapes by Ulrico (and friends).\" \/>\n<meta name=\"robots\" content=\"index, follow, max-snippet:-1, max-image-preview:large, max-video-preview:-1\" \/>\n<link rel=\"canonical\" href=\"https:\/\/tonalibus.org\/fr\/sounds\/2025-sounds-and-images\/winter-spring-2025-sounds\/\" \/>\n<meta property=\"og:locale\" content=\"fr_FR\" \/>\n<meta property=\"og:type\" content=\"article\" \/>\n<meta property=\"og:title\" content=\"Winter-Spring 2025 sounds &#8211; TONALIBUS Harmony and Tonalities\" \/>\n<meta property=\"og:description\" content=\"Here you find personal Winter-Spring 2025 sounds. They are spontaneous, original improvisations and soundscapes by Ulrico (and friends).\" \/>\n<meta property=\"og:url\" content=\"https:\/\/tonalibus.org\/fr\/sounds\/2025-sounds-and-images\/winter-spring-2025-sounds\/\" \/>\n<meta property=\"og:site_name\" content=\"TONALIBUS\" \/>\n<meta property=\"article:modified_time\" content=\"2025-04-24T08:35:25+00:00\" \/>\n<meta property=\"og:image\" content=\"https:\/\/tonalibus.org\/wp-content\/uploads\/2025\/01\/20241229_115629718_iOS-xc-1024x562.jpg\" \/>\n<meta name=\"twitter:card\" content=\"summary_large_image\" \/>\n<meta name=\"twitter:label1\" content=\"Dur\u00e9e de lecture estim\u00e9e\" \/>\n\t<meta name=\"twitter:data1\" content=\"2 minutes\" \/>\n<script type=\"application\/ld+json\" class=\"yoast-schema-graph\">{\"@context\":\"https:\\\/\\\/schema.org\",\"@graph\":[{\"@type\":\"WebPage\",\"@id\":\"https:\\\/\\\/tonalibus.org\\\/sounds\\\/2025-sounds-and-images\\\/winter-spring-2025-sounds\\\/\",\"url\":\"https:\\\/\\\/tonalibus.org\\\/sounds\\\/2025-sounds-and-images\\\/winter-spring-2025-sounds\\\/\",\"name\":\"Winter-Spring 2025 sounds &#8211; TONALIBUS Harmony and Tonalities\",\"isPartOf\":{\"@id\":\"https:\\\/\\\/tonalibus.org\\\/de\\\/#website\"},\"primaryImageOfPage\":{\"@id\":\"https:\\\/\\\/tonalibus.org\\\/sounds\\\/2025-sounds-and-images\\\/winter-spring-2025-sounds\\\/#primaryimage\"},\"image\":{\"@id\":\"https:\\\/\\\/tonalibus.org\\\/sounds\\\/2025-sounds-and-images\\\/winter-spring-2025-sounds\\\/#primaryimage\"},\"thumbnailUrl\":\"https:\\\/\\\/tonalibus.org\\\/wp-content\\\/uploads\\\/2025\\\/01\\\/20241229_115629718_iOS-xc-1024x562.jpg\",\"datePublished\":\"2025-01-30T15:46:27+00:00\",\"dateModified\":\"2025-04-24T08:35:25+00:00\",\"description\":\"Here you find personal Winter-Spring 2025 sounds. They are spontaneous, original improvisations and soundscapes by Ulrico (and friends).\",\"breadcrumb\":{\"@id\":\"https:\\\/\\\/tonalibus.org\\\/sounds\\\/2025-sounds-and-images\\\/winter-spring-2025-sounds\\\/#breadcrumb\"},\"inLanguage\":\"fr-FR\",\"potentialAction\":[{\"@type\":\"ReadAction\",\"target\":[\"https:\\\/\\\/tonalibus.org\\\/sounds\\\/2025-sounds-and-images\\\/winter-spring-2025-sounds\\\/\"]}]},{\"@type\":\"ImageObject\",\"inLanguage\":\"fr-FR\",\"@id\":\"https:\\\/\\\/tonalibus.org\\\/sounds\\\/2025-sounds-and-images\\\/winter-spring-2025-sounds\\\/#primaryimage\",\"url\":\"https:\\\/\\\/tonalibus.org\\\/wp-content\\\/uploads\\\/2025\\\/01\\\/20241229_115629718_iOS-xc-1024x562.jpg\",\"contentUrl\":\"https:\\\/\\\/tonalibus.org\\\/wp-content\\\/uploads\\\/2025\\\/01\\\/20241229_115629718_iOS-xc-1024x562.jpg\"},{\"@type\":\"BreadcrumbList\",\"@id\":\"https:\\\/\\\/tonalibus.org\\\/sounds\\\/2025-sounds-and-images\\\/winter-spring-2025-sounds\\\/#breadcrumb\",\"itemListElement\":[{\"@type\":\"ListItem\",\"position\":1,\"name\":\"Home\",\"item\":\"https:\\\/\\\/tonalibus.org\\\/\"},{\"@type\":\"ListItem\",\"position\":2,\"name\":\"Sounds\",\"item\":\"https:\\\/\\\/tonalibus.org\\\/sounds\\\/\"},{\"@type\":\"ListItem\",\"position\":3,\"name\":\"2025 Sounds and Images\",\"item\":\"https:\\\/\\\/tonalibus.org\\\/sounds\\\/2025-sounds-and-images\\\/\"},{\"@type\":\"ListItem\",\"position\":4,\"name\":\"Winter-Spring 2025 sounds\"}]},{\"@type\":\"WebSite\",\"@id\":\"https:\\\/\\\/tonalibus.org\\\/de\\\/#website\",\"url\":\"https:\\\/\\\/tonalibus.org\\\/de\\\/\",\"name\":\"TONALIBUS\",\"description\":\"Anchored Harmony and Tonalities\",\"publisher\":{\"@id\":\"https:\\\/\\\/tonalibus.org\\\/de\\\/#\\\/schema\\\/person\\\/749261d7bc96d1f00127273f83ab96a4\"},\"potentialAction\":[{\"@type\":\"SearchAction\",\"target\":{\"@type\":\"EntryPoint\",\"urlTemplate\":\"https:\\\/\\\/tonalibus.org\\\/de\\\/?s={search_term_string}\"},\"query-input\":{\"@type\":\"PropertyValueSpecification\",\"valueRequired\":true,\"valueName\":\"search_term_string\"}}],\"inLanguage\":\"fr-FR\"},{\"@type\":[\"Person\",\"Organization\"],\"@id\":\"https:\\\/\\\/tonalibus.org\\\/de\\\/#\\\/schema\\\/person\\\/749261d7bc96d1f00127273f83ab96a4\",\"name\":\"Ulrico\",\"image\":{\"@type\":\"ImageObject\",\"inLanguage\":\"fr-FR\",\"@id\":\"https:\\\/\\\/tonalibus.org\\\/wp-content\\\/uploads\\\/2020\\\/06\\\/uli-pix.jpg\",\"url\":\"https:\\\/\\\/tonalibus.org\\\/wp-content\\\/uploads\\\/2020\\\/06\\\/uli-pix.jpg\",\"contentUrl\":\"https:\\\/\\\/tonalibus.org\\\/wp-content\\\/uploads\\\/2020\\\/06\\\/uli-pix.jpg\",\"width\":960,\"height\":720,\"caption\":\"Ulrico\"},\"logo\":{\"@id\":\"https:\\\/\\\/tonalibus.org\\\/wp-content\\\/uploads\\\/2020\\\/06\\\/uli-pix.jpg\"},\"sameAs\":[\"https:\\\/\\\/tonalibus.cyon.site\"]}]}<\/script>\n<!-- \/ Yoast SEO plugin. -->","yoast_head_json":{"title":"Les sons de l'hiver et du printemps 2025 - TONALIBUS Harmonie et tonalit\u00e9s","description":"Vous trouverez ici des sons personnels de l'hiver et du printemps 2025. Il s'agit d'improvisations et de paysages sonores spontan\u00e9s et originaux d'Ulrico (et de ses amis).","robots":{"index":"index","follow":"follow","max-snippet":"max-snippet:-1","max-image-preview":"max-image-preview:large","max-video-preview":"max-video-preview:-1"},"canonical":"https:\/\/tonalibus.org\/fr\/sounds\/2025-sounds-and-images\/winter-spring-2025-sounds\/","og_locale":"fr_FR","og_type":"article","og_title":"Winter-Spring 2025 sounds &#8211; TONALIBUS Harmony and Tonalities","og_description":"Here you find personal Winter-Spring 2025 sounds. They are spontaneous, original improvisations and soundscapes by Ulrico (and friends).","og_url":"https:\/\/tonalibus.org\/fr\/sounds\/2025-sounds-and-images\/winter-spring-2025-sounds\/","og_site_name":"TONALIBUS","article_modified_time":"2025-04-24T08:35:25+00:00","og_image":[{"url":"https:\/\/tonalibus.org\/wp-content\/uploads\/2025\/01\/20241229_115629718_iOS-xc-1024x562.jpg","type":"","width":"","height":""}],"twitter_card":"summary_large_image","twitter_misc":{"Dur\u00e9e de lecture estim\u00e9e":"2 minutes"},"schema":{"@context":"https:\/\/schema.org","@graph":[{"@type":"WebPage","@id":"https:\/\/tonalibus.org\/sounds\/2025-sounds-and-images\/winter-spring-2025-sounds\/","url":"https:\/\/tonalibus.org\/sounds\/2025-sounds-and-images\/winter-spring-2025-sounds\/","name":"Les sons de l'hiver et du printemps 2025 - TONALIBUS Harmonie et tonalit\u00e9s","isPartOf":{"@id":"https:\/\/tonalibus.org\/de\/#website"},"primaryImageOfPage":{"@id":"https:\/\/tonalibus.org\/sounds\/2025-sounds-and-images\/winter-spring-2025-sounds\/#primaryimage"},"image":{"@id":"https:\/\/tonalibus.org\/sounds\/2025-sounds-and-images\/winter-spring-2025-sounds\/#primaryimage"},"thumbnailUrl":"https:\/\/tonalibus.org\/wp-content\/uploads\/2025\/01\/20241229_115629718_iOS-xc-1024x562.jpg","datePublished":"2025-01-30T15:46:27+00:00","dateModified":"2025-04-24T08:35:25+00:00","description":"Vous trouverez ici des sons personnels de l'hiver et du printemps 2025. Il s'agit d'improvisations et de paysages sonores spontan\u00e9s et originaux d'Ulrico (et de ses amis).","breadcrumb":{"@id":"https:\/\/tonalibus.org\/sounds\/2025-sounds-and-images\/winter-spring-2025-sounds\/#breadcrumb"},"inLanguage":"fr-FR","potentialAction":[{"@type":"ReadAction","target":["https:\/\/tonalibus.org\/sounds\/2025-sounds-and-images\/winter-spring-2025-sounds\/"]}]},{"@type":"ImageObject","inLanguage":"fr-FR","@id":"https:\/\/tonalibus.org\/sounds\/2025-sounds-and-images\/winter-spring-2025-sounds\/#primaryimage","url":"https:\/\/tonalibus.org\/wp-content\/uploads\/2025\/01\/20241229_115629718_iOS-xc-1024x562.jpg","contentUrl":"https:\/\/tonalibus.org\/wp-content\/uploads\/2025\/01\/20241229_115629718_iOS-xc-1024x562.jpg"},{"@type":"BreadcrumbList","@id":"https:\/\/tonalibus.org\/sounds\/2025-sounds-and-images\/winter-spring-2025-sounds\/#breadcrumb","itemListElement":[{"@type":"ListItem","position":1,"name":"Home","item":"https:\/\/tonalibus.org\/"},{"@type":"ListItem","position":2,"name":"Sounds","item":"https:\/\/tonalibus.org\/sounds\/"},{"@type":"ListItem","position":3,"name":"2025 Sounds and Images","item":"https:\/\/tonalibus.org\/sounds\/2025-sounds-and-images\/"},{"@type":"ListItem","position":4,"name":"Winter-Spring 2025 sounds"}]},{"@type":"WebSite","@id":"https:\/\/tonalibus.org\/de\/#website","url":"https:\/\/tonalibus.org\/de\/","name":"TONALIBUS","description":"Harmonie et tonalit\u00e9s ancr\u00e9es","publisher":{"@id":"https:\/\/tonalibus.org\/de\/#\/schema\/person\/749261d7bc96d1f00127273f83ab96a4"},"potentialAction":[{"@type":"SearchAction","target":{"@type":"EntryPoint","urlTemplate":"https:\/\/tonalibus.org\/de\/?s={search_term_string}"},"query-input":{"@type":"PropertyValueSpecification","valueRequired":true,"valueName":"search_term_string"}}],"inLanguage":"fr-FR"},{"@type":["Person","Organization"],"@id":"https:\/\/tonalibus.org\/de\/#\/schema\/person\/749261d7bc96d1f00127273f83ab96a4","name":"Ulrico","image":{"@type":"ImageObject","inLanguage":"fr-FR","@id":"https:\/\/tonalibus.org\/wp-content\/uploads\/2020\/06\/uli-pix.jpg","url":"https:\/\/tonalibus.org\/wp-content\/uploads\/2020\/06\/uli-pix.jpg","contentUrl":"https:\/\/tonalibus.org\/wp-content\/uploads\/2020\/06\/uli-pix.jpg","width":960,"height":720,"caption":"Ulrico"},"logo":{"@id":"https:\/\/tonalibus.org\/wp-content\/uploads\/2020\/06\/uli-pix.jpg"},"sameAs":["https:\/\/tonalibus.cyon.site"]}]}},"_links":{"self":[{"href":"https:\/\/tonalibus.org\/fr\/wp-json\/wp\/v2\/pages\/34999","targetHints":{"allow":["GET"]}}],"collection":[{"href":"https:\/\/tonalibus.org\/fr\/wp-json\/wp\/v2\/pages"}],"about":[{"href":"https:\/\/tonalibus.org\/fr\/wp-json\/wp\/v2\/types\/page"}],"author":[{"embeddable":true,"href":"https:\/\/tonalibus.org\/fr\/wp-json\/wp\/v2\/users\/1"}],"replies":[{"embeddable":true,"href":"https:\/\/tonalibus.org\/fr\/wp-json\/wp\/v2\/comments?post=34999"}],"version-history":[{"count":1,"href":"https:\/\/tonalibus.org\/fr\/wp-json\/wp\/v2\/pages\/34999\/revisions"}],"predecessor-version":[{"id":36202,"href":"https:\/\/tonalibus.org\/fr\/wp-json\/wp\/v2\/pages\/34999\/revisions\/36202"}],"up":[{"embeddable":true,"href":"https:\/\/tonalibus.org\/fr\/wp-json\/wp\/v2\/pages\/34997"}],"wp:attachment":[{"href":"https:\/\/tonalibus.org\/fr\/wp-json\/wp\/v2\/media?parent=34999"}],"curies":[{"name":"wp","href":"https:\/\/api.w.org\/{rel}","templated":true}]}}