{"id":36313,"date":"2025-05-15T22:02:25","date_gmt":"2025-05-15T20:02:25","guid":{"rendered":"https:\/\/tonalibus.org\/?page_id=36313"},"modified":"2025-08-12T12:43:56","modified_gmt":"2025-08-12T10:43:56","slug":"spring-summer-2025-sounds","status":"publish","type":"page","link":"https:\/\/tonalibus.org\/fr\/sounds\/2025-sounds-and-images\/spring-summer-2025-sounds\/","title":{"rendered":"Sons de printemps-\u00e9t\u00e9 2025"},"content":{"rendered":"<h2 class=\"wp-block-heading has-text-color has-link-color wp-elements-116a13e53152f359228444f0cfa01745\" style=\"color:#f7b320\">Sons personnels et de coop\u00e9ration de printemps-\u00e9t\u00e9 2025<\/h2>\n\n\n\n<div class=\"wp-block-buttons is-content-justification-center is-layout-flex wp-container-core-buttons-is-layout-16018d1d wp-block-buttons-is-layout-flex\">\n<div class=\"wp-block-button is-style-outline is-style-outline--1\"><a class=\"wp-block-button__link wp-element-button\" href=\"#june\">juin-juillet 2025<\/a><\/div>\n\n\n\n<div class=\"wp-block-button is-style-outline is-style-outline--2\"><a class=\"wp-block-button__link wp-element-button\" href=\"#may\">mai 2025<\/a><\/div>\n<\/div>\n\n\n\n<div style=\"height:40px\" aria-hidden=\"true\" class=\"wp-block-spacer\"><\/div>\n\n\n\n<p class=\"has-text-color has-link-color wp-elements-6422abfe929fc27bd294657a93348fa9\" style=\"color:#f7b320\">Vous trouverez ci-dessous des sons personnels et de coop\u00e9ration<em> <\/em>de printemps-\u00e9t\u00e9 2025.<em> <\/em>Il s'agit d'improvisations et de paysages sonores spontan\u00e9s et originaux r\u00e9alis\u00e9s par <a href=\"https:\/\/tonalibus.org\/fr\/about-tonalibus\/ulrico\/\"><mark style=\"background-color:rgba(0, 0, 0, 0);color:#f7b320\" class=\"has-inline-color\">Ulrico<\/mark><\/a><mark style=\"background-color:rgba(0, 0, 0, 0)\" class=\"has-inline-color has-black-color\"> <\/mark>sur divers instruments, \u00e0 plusieurs pistes ou \u00e0 piste unique, plus des pi\u00e8ces de coop\u00e9ration avec d'autres musiciens, comme indiqu\u00e9.<\/p>\n\n\n\n<h2 class=\"wp-block-heading\" id=\"june\">Sons de juin-juillet 2025<\/h2>\n\n\n\n<h3 class=\"wp-block-heading has-text-color has-link-color wp-elements-7219ec0b30bfd3c08571c651d32c503b\" id=\"pilgrim\" style=\"color:#f7b320\">\u201cA pilgrim\u2019s path\u201d \u2013 ici et maintenant<\/h3>\n\n\n\n<figure class=\"wp-block-audio\"><audio controls src=\"https:\/\/tonalibus.org\/wp-content\/uploads\/2025\/07\/2025-07-29-7GSATATER.mp3\" preload=\"metadata\"><\/audio><figcaption class=\"wp-element-caption\"><a href=\"https:\/\/tonalibus.org\/fr\/tonalities\/pentatonalities\/pentamin-or-pentaeol-pentatonic-minor\/\"><mark style=\"background-color:rgba(0, 0, 0, 0);color:#f7b320\" class=\"has-inline-color\">PentaMin \/ Penta\u00c9ol<\/mark><\/a><mark style=\"background-color:rgba(0, 0, 0, 0);color:#f7b320\" class=\"has-inline-color\"> ou mineur pentatonique sur Si 123 Hz (rel. La 438,2 Hz) \u2013 guitare \u00e0 7 cordes, scie musicale, fl\u00fbte \u00e0 bec t\u00e9nor, tanpura \u2013 7:30<\/mark><\/figcaption><\/figure>\n\n\n\n<h3 class=\"wp-block-heading has-text-color has-link-color wp-elements-098ed6e17d044c228b7a881c3f308ac8\" id=\"earth\" style=\"color:#f7b320\">\u201cEarth to God, come in please\u201d \u2013 deux douzaines de fois<\/h3>\n\n\n\n<figure class=\"wp-block-audio\"><audio controls src=\"https:\/\/tonalibus.org\/wp-content\/uploads\/2025\/06\/2025-06-10-VOGOTINCON-x.mp3\" preload=\"metadata\"><\/audio><figcaption class=\"wp-element-caption\"><mark style=\"background-color:rgba(0, 0, 0, 0);color:#f7b320\" class=\"has-inline-color\">bas\u00e9 sur Sol#, Do#, Fa# \u2013 chant d'une voix de basse, gong, cymbales tingsha, conque \u2013 11:39<\/mark><\/figcaption><\/figure>\n\n\n\n<h3 class=\"wp-block-heading has-text-color has-link-color wp-elements-ab7ee679dca6bc5939fbc8fe1e5b01ee\" id=\"sati\" style=\"color:#f7b320\">\u201cSatipa\u1e6d\u1e6dh\u0101na concordance\u201d \u2013 un objet m\u00e9ditatif<\/h3>\n\n\n\n<figure class=\"wp-block-audio\"><audio controls src=\"https:\/\/tonalibus.org\/wp-content\/uploads\/2025\/06\/2025-06-09-7GTADU.mp3\"><\/audio><figcaption class=\"wp-element-caption\"><a href=\"https:\/\/tonalibus.org\/fr\/tonalities\/reach-or-harmonic-heptatonalities\/locorreach\/\"><mark style=\"background-color:rgba(0, 0, 0, 0);color:#f7b320\" class=\"has-inline-color\">LocorReach<\/mark><\/a><mark style=\"background-color:rgba(0, 0, 0, 0);color:#f7b320\" class=\"has-inline-color\"> d\u00e9riv\u00e9 avec 2- sur Do# 138 Hz (rel. 438.2 Hz), octatonalit\u00e9 1-2-4-5-7-8-9-12-1 avec un soup\u00e7on de progression (single up 3 &amp; lo 6) \u2013 double guitare \u00e0 7 cordes &amp; tanpura \u2013 6:01<\/mark><\/figcaption><\/figure>\n\n\n\n<h2 class=\"wp-block-heading\" id=\"may\">Sons de mai 2025<\/h2>\n\n\n\n<h3 class=\"wp-block-heading has-text-color has-link-color wp-elements-53e36e480e7e1f24d0b53937cfe9a9d4\" id=\"swami\" style=\"color:#f7b320\">\u201cSwami Uodalric puja\u201d \u2013 c\u00e9l\u00e9bration spontan\u00e9e<\/h3>\n\n\n\n<figure class=\"wp-block-audio\"><audio controls src=\"https:\/\/tonalibus.org\/wp-content\/uploads\/2025\/05\/2025-05-21-VETALS2CO.mp3\" preload=\"metadata\"><\/audio><figcaption class=\"wp-element-caption\"><a href=\"https:\/\/tonalibus.org\/fr\/tonalities\/reach-or-harmonic-heptatonalities\/#MidReach\"><mark style=\"background-color:rgba(0, 0, 0, 0);color:#f7b320\" class=\"has-inline-color\">LoMidReach<\/mark><\/a><mark style=\"background-color:rgba(0, 0, 0, 0);color:#f7b320\" class=\"has-inline-color\">, un d\u00e9riv\u00e9 de tonalit\u00e9 Reach, 1-2-4-5-8-9-12-1, sur Sol# (rel. 438,2 Hz) \u2013 proche du Raag Puriya Dhanashree \u2013<em> <\/em>vichitra v\u00een\u00e2<em>,<\/em> guitare lap slide, conque, tanpura \u2013 8:30<\/mark><\/figcaption><\/figure>\n\n\n\n<h3 class=\"wp-block-heading has-text-color has-link-color wp-elements-97b4571249e1503c043e841d24fbff24\" id=\"shamana\" style=\"color:#f7b320\">\u201cShamana energy glow\u201d \u2013 avec Christina Braun<\/h3>\n\n\n\n<figure class=\"wp-block-audio\"><audio controls src=\"https:\/\/tonalibus.org\/wp-content\/uploads\/2025\/05\/2025-05-14-CB-DJ-2.mp3\" preload=\"metadata\"><\/audio><figcaption class=\"wp-element-caption\"><mark style=\"background-color:rgba(0, 0, 0, 0);color:#f7b320\" class=\"has-inline-color\">Christina Braun : voix \u2013 Ulrico : djemb\u00e9 \u2013 4:22<\/mark><\/figcaption><\/figure>\n\n\n\n<h3 class=\"wp-block-heading has-text-color has-link-color wp-elements-3608c3fbd84c6847f6a0d4fcf61b3f26\" id=\"sunrise\" style=\"color:#f7b320\">\u201cSunrise miracle\u201d \u2013 avec Christina Braun<\/h3>\n\n\n\n<figure class=\"wp-block-audio\"><audio controls src=\"https:\/\/tonalibus.org\/wp-content\/uploads\/2025\/05\/2025-05-14-CB-8G.mp3\" preload=\"metadata\"><\/audio><figcaption class=\"wp-element-caption\"><a href=\"https:\/\/tonalibus.org\/fr\/tonalities\/reach-or-harmonic-heptatonalities\/#MidReach\"><mark style=\"background-color:rgba(0, 0, 0, 0);color:#f7b320\" class=\"has-inline-color\">LoMidReach<\/mark><\/a><mark style=\"background-color:rgba(0, 0, 0, 0);color:#f7b320\" class=\"has-inline-color\"> sur Do# (rel. 438.2 Hz) \u2013 Christina Braun : voix \u2013 Ulrico : guitare \u00e0 8 cordes \u2013 5:35<\/mark><\/figcaption><\/figure>\n\n\n\n<h3 class=\"wp-block-heading has-text-color has-link-color wp-elements-3bc5834c72227b873e9ec6a55ba95266\" id=\"calm\" style=\"color:#f7b320\">\u201cMysterious calm contemplation\u201d \u2013 avec Christina Braun<\/h3>\n\n\n\n<figure class=\"wp-block-audio\"><audio controls src=\"https:\/\/tonalibus.org\/wp-content\/uploads\/2025\/05\/2025-05-14-CB-GO.mp3\" preload=\"metadata\"><\/audio><figcaption class=\"wp-element-caption\"><mark style=\"background-color:rgba(0, 0, 0, 0);color:#f7b320\" class=\"has-inline-color\">Christina Braun : voix \u2013 Ulrico : gongs \u2013 8:24<\/mark><\/figcaption><\/figure>\n\n\n\n<h3 class=\"wp-block-heading has-text-color has-link-color wp-elements-466221aa6e6f8052bbadf81efa57feb5\" id=\"journey\" style=\"color:#f7b320\">\u201cIncredible journey blues\u201d \u2013 avec Christina Braun<\/h3>\n\n\n\n<figure class=\"wp-block-audio\"><audio controls src=\"https:\/\/tonalibus.org\/wp-content\/uploads\/2025\/05\/2025-05-14-CB-BAUK.mp3\" preload=\"metadata\"><\/audio><figcaption class=\"wp-element-caption\"><a href=\"https:\/\/tonalibus.org\/fr\/tonalities\/pentatonalities\/pentamin-or-pentaeol-pentatonic-minor\/\"><mark style=\"background-color:rgba(0, 0, 0, 0);color:#f7b320\" class=\"has-inline-color\">PentaMin<\/mark><\/a><mark style=\"background-color:rgba(0, 0, 0, 0);color:#f7b320\" class=\"has-inline-color\"> sur Sol# (rel. 438.2 Hz) \u2013 Christina Braun : voix \u2013 Ulrico : basse et ukul\u00e9l\u00e9 t\u00e9nor \u2013 6:25<\/mark><\/figcaption><\/figure>\n\n\n\n<div style=\"height:55px\" aria-hidden=\"true\" class=\"wp-block-spacer\"><\/div>\n\n\n\n<figure class=\"wp-block-image size-large\"><img loading=\"lazy\" decoding=\"async\" width=\"1024\" height=\"544\" src=\"https:\/\/tonalibus.org\/wp-content\/uploads\/2025\/04\/20250407_160241273_iOS-xc-1024x544.jpg\" alt=\"Spring-Summer 2025 sounds\" class=\"wp-image-35916\" srcset=\"https:\/\/tonalibus.org\/wp-content\/uploads\/2025\/04\/20250407_160241273_iOS-xc-1024x544.jpg 1024w, https:\/\/tonalibus.org\/wp-content\/uploads\/2025\/04\/20250407_160241273_iOS-xc-300x159.jpg 300w, https:\/\/tonalibus.org\/wp-content\/uploads\/2025\/04\/20250407_160241273_iOS-xc-768x408.jpg 768w, https:\/\/tonalibus.org\/wp-content\/uploads\/2025\/04\/20250407_160241273_iOS-xc-1536x815.jpg 1536w, https:\/\/tonalibus.org\/wp-content\/uploads\/2025\/04\/20250407_160241273_iOS-xc-2048x1087.jpg 2048w, https:\/\/tonalibus.org\/wp-content\/uploads\/2025\/04\/20250407_160241273_iOS-xc-18x10.jpg 18w, https:\/\/tonalibus.org\/wp-content\/uploads\/2025\/04\/20250407_160241273_iOS-xc-1320x701.jpg 1320w\" sizes=\"auto, (max-width: 706px) 89vw, (max-width: 767px) 82vw, 740px\" \/><figcaption class=\"wp-element-caption\">Vue des Alpes depuis l'endroit o\u00f9 Tonalibus a \u00e9lu domicile \u2013 avril 2025 \u2013 sur les pentes douces du <a href=\"https:\/\/www.frienisberg-tourismus.ch\/\" target=\"_blank\" rel=\"noreferrer noopener\">Frienisberg<\/a>, Suisse<\/figcaption><\/figure>\n\n\n\n<p><\/p>","protected":false},"excerpt":{"rendered":"<p>Personal and cooperation sounds from spring-summer 2025 Below you find personal and cooperation sounds from spring-summer 2025. They are spontaneous, original improvisations and soundscapes by Ulrico on various instruments, multi-layered or single track, plus cooperation pieces with other musicians as noted. Sounds of June-July 2025 &#8220;A pilgrim&#8217;s path&#8221; &#8212; here now &#8220;Earth to God, come &hellip; <\/p>\n<p class=\"link-more\"><a href=\"https:\/\/tonalibus.org\/fr\/sounds\/2025-sounds-and-images\/spring-summer-2025-sounds\/\" class=\"more-link\">Continuer la lecture<span class=\"screen-reader-text\"> de &laquo;&nbsp;Spring-Summer 2025 sounds&nbsp;&raquo;<\/span><\/a><\/p>","protected":false},"author":1,"featured_media":0,"parent":34997,"menu_order":2,"comment_status":"closed","ping_status":"closed","template":"","meta":{"footnotes":""},"class_list":["post-36313","page","type-page","status-publish","hentry"],"yoast_head":"<!-- This site is optimized with the Yoast SEO plugin v27.4 - https:\/\/yoast.com\/product\/yoast-seo-wordpress\/ -->\n<title>Spring-Summer 2025 sounds &#8211; TONALIBUS Harmony &amp; Tonalities<\/title>\n<meta name=\"description\" content=\"Here you find personal Spring-Summer 2025 sounds. They are spontaneous, original improvisations and soundscapes by Ulrico (and friends).\" \/>\n<meta name=\"robots\" content=\"index, follow, max-snippet:-1, max-image-preview:large, max-video-preview:-1\" \/>\n<link rel=\"canonical\" href=\"https:\/\/tonalibus.org\/fr\/sounds\/2025-sounds-and-images\/spring-summer-2025-sounds\/\" \/>\n<meta property=\"og:locale\" content=\"fr_FR\" \/>\n<meta property=\"og:type\" content=\"article\" \/>\n<meta property=\"og:title\" content=\"Spring-Summer 2025 sounds &#8211; TONALIBUS Harmony &amp; Tonalities\" \/>\n<meta property=\"og:description\" content=\"Here you find personal Spring-Summer 2025 sounds. They are spontaneous, original improvisations and soundscapes by Ulrico (and friends).\" \/>\n<meta property=\"og:url\" content=\"https:\/\/tonalibus.org\/fr\/sounds\/2025-sounds-and-images\/spring-summer-2025-sounds\/\" \/>\n<meta property=\"og:site_name\" content=\"TONALIBUS\" \/>\n<meta property=\"article:modified_time\" content=\"2025-08-12T10:43:56+00:00\" \/>\n<meta property=\"og:image\" content=\"https:\/\/tonalibus.org\/wp-content\/uploads\/2025\/04\/20250407_160241273_iOS-xc-1024x544.jpg\" \/>\n<meta name=\"twitter:card\" content=\"summary_large_image\" \/>\n<meta name=\"twitter:label1\" content=\"Dur\u00e9e de lecture estim\u00e9e\" \/>\n\t<meta name=\"twitter:data1\" content=\"2 minutes\" \/>\n<script type=\"application\/ld+json\" class=\"yoast-schema-graph\">{\"@context\":\"https:\\\/\\\/schema.org\",\"@graph\":[{\"@type\":\"WebPage\",\"@id\":\"https:\\\/\\\/tonalibus.org\\\/sounds\\\/2025-sounds-and-images\\\/spring-summer-2025-sounds\\\/\",\"url\":\"https:\\\/\\\/tonalibus.org\\\/sounds\\\/2025-sounds-and-images\\\/spring-summer-2025-sounds\\\/\",\"name\":\"Spring-Summer 2025 sounds &#8211; TONALIBUS Harmony & Tonalities\",\"isPartOf\":{\"@id\":\"https:\\\/\\\/tonalibus.org\\\/de\\\/#website\"},\"primaryImageOfPage\":{\"@id\":\"https:\\\/\\\/tonalibus.org\\\/sounds\\\/2025-sounds-and-images\\\/spring-summer-2025-sounds\\\/#primaryimage\"},\"image\":{\"@id\":\"https:\\\/\\\/tonalibus.org\\\/sounds\\\/2025-sounds-and-images\\\/spring-summer-2025-sounds\\\/#primaryimage\"},\"thumbnailUrl\":\"https:\\\/\\\/tonalibus.org\\\/wp-content\\\/uploads\\\/2025\\\/04\\\/20250407_160241273_iOS-xc-1024x544.jpg\",\"datePublished\":\"2025-05-15T20:02:25+00:00\",\"dateModified\":\"2025-08-12T10:43:56+00:00\",\"description\":\"Here you find personal Spring-Summer 2025 sounds. They are spontaneous, original improvisations and soundscapes by Ulrico (and friends).\",\"breadcrumb\":{\"@id\":\"https:\\\/\\\/tonalibus.org\\\/sounds\\\/2025-sounds-and-images\\\/spring-summer-2025-sounds\\\/#breadcrumb\"},\"inLanguage\":\"fr-FR\",\"potentialAction\":[{\"@type\":\"ReadAction\",\"target\":[\"https:\\\/\\\/tonalibus.org\\\/sounds\\\/2025-sounds-and-images\\\/spring-summer-2025-sounds\\\/\"]}]},{\"@type\":\"ImageObject\",\"inLanguage\":\"fr-FR\",\"@id\":\"https:\\\/\\\/tonalibus.org\\\/sounds\\\/2025-sounds-and-images\\\/spring-summer-2025-sounds\\\/#primaryimage\",\"url\":\"https:\\\/\\\/tonalibus.org\\\/wp-content\\\/uploads\\\/2025\\\/04\\\/20250407_160241273_iOS-xc-1024x544.jpg\",\"contentUrl\":\"https:\\\/\\\/tonalibus.org\\\/wp-content\\\/uploads\\\/2025\\\/04\\\/20250407_160241273_iOS-xc-1024x544.jpg\"},{\"@type\":\"BreadcrumbList\",\"@id\":\"https:\\\/\\\/tonalibus.org\\\/sounds\\\/2025-sounds-and-images\\\/spring-summer-2025-sounds\\\/#breadcrumb\",\"itemListElement\":[{\"@type\":\"ListItem\",\"position\":1,\"name\":\"Home\",\"item\":\"https:\\\/\\\/tonalibus.org\\\/\"},{\"@type\":\"ListItem\",\"position\":2,\"name\":\"Sounds\",\"item\":\"https:\\\/\\\/tonalibus.org\\\/sounds\\\/\"},{\"@type\":\"ListItem\",\"position\":3,\"name\":\"2025 Sounds and Images\",\"item\":\"https:\\\/\\\/tonalibus.org\\\/sounds\\\/2025-sounds-and-images\\\/\"},{\"@type\":\"ListItem\",\"position\":4,\"name\":\"Spring-Summer 2025 sounds\"}]},{\"@type\":\"WebSite\",\"@id\":\"https:\\\/\\\/tonalibus.org\\\/de\\\/#website\",\"url\":\"https:\\\/\\\/tonalibus.org\\\/de\\\/\",\"name\":\"TONALIBUS\",\"description\":\"Anchored Harmony and Tonalities\",\"publisher\":{\"@id\":\"https:\\\/\\\/tonalibus.org\\\/de\\\/#\\\/schema\\\/person\\\/749261d7bc96d1f00127273f83ab96a4\"},\"potentialAction\":[{\"@type\":\"SearchAction\",\"target\":{\"@type\":\"EntryPoint\",\"urlTemplate\":\"https:\\\/\\\/tonalibus.org\\\/de\\\/?s={search_term_string}\"},\"query-input\":{\"@type\":\"PropertyValueSpecification\",\"valueRequired\":true,\"valueName\":\"search_term_string\"}}],\"inLanguage\":\"fr-FR\"},{\"@type\":[\"Person\",\"Organization\"],\"@id\":\"https:\\\/\\\/tonalibus.org\\\/de\\\/#\\\/schema\\\/person\\\/749261d7bc96d1f00127273f83ab96a4\",\"name\":\"Ulrico\",\"image\":{\"@type\":\"ImageObject\",\"inLanguage\":\"fr-FR\",\"@id\":\"https:\\\/\\\/tonalibus.org\\\/wp-content\\\/uploads\\\/2020\\\/06\\\/uli-pix.jpg\",\"url\":\"https:\\\/\\\/tonalibus.org\\\/wp-content\\\/uploads\\\/2020\\\/06\\\/uli-pix.jpg\",\"contentUrl\":\"https:\\\/\\\/tonalibus.org\\\/wp-content\\\/uploads\\\/2020\\\/06\\\/uli-pix.jpg\",\"width\":960,\"height\":720,\"caption\":\"Ulrico\"},\"logo\":{\"@id\":\"https:\\\/\\\/tonalibus.org\\\/wp-content\\\/uploads\\\/2020\\\/06\\\/uli-pix.jpg\"},\"sameAs\":[\"https:\\\/\\\/tonalibus.cyon.site\"]}]}<\/script>\n<!-- \/ Yoast SEO plugin. -->","yoast_head_json":{"title":"Les sons du printemps-\u00e9t\u00e9 2025 - TONALIBUS Harmonie et tonalit\u00e9s","description":"Vous trouverez ici des sons personnels du printemps-\u00e9t\u00e9 2025. Il s'agit d'improvisations et de paysages sonores spontan\u00e9s et originaux d'Ulrico (et de ses amis).","robots":{"index":"index","follow":"follow","max-snippet":"max-snippet:-1","max-image-preview":"max-image-preview:large","max-video-preview":"max-video-preview:-1"},"canonical":"https:\/\/tonalibus.org\/fr\/sounds\/2025-sounds-and-images\/spring-summer-2025-sounds\/","og_locale":"fr_FR","og_type":"article","og_title":"Spring-Summer 2025 sounds &#8211; TONALIBUS Harmony & Tonalities","og_description":"Here you find personal Spring-Summer 2025 sounds. They are spontaneous, original improvisations and soundscapes by Ulrico (and friends).","og_url":"https:\/\/tonalibus.org\/fr\/sounds\/2025-sounds-and-images\/spring-summer-2025-sounds\/","og_site_name":"TONALIBUS","article_modified_time":"2025-08-12T10:43:56+00:00","og_image":[{"url":"https:\/\/tonalibus.org\/wp-content\/uploads\/2025\/04\/20250407_160241273_iOS-xc-1024x544.jpg","type":"","width":"","height":""}],"twitter_card":"summary_large_image","twitter_misc":{"Dur\u00e9e de lecture estim\u00e9e":"2 minutes"},"schema":{"@context":"https:\/\/schema.org","@graph":[{"@type":"WebPage","@id":"https:\/\/tonalibus.org\/sounds\/2025-sounds-and-images\/spring-summer-2025-sounds\/","url":"https:\/\/tonalibus.org\/sounds\/2025-sounds-and-images\/spring-summer-2025-sounds\/","name":"Les sons du printemps-\u00e9t\u00e9 2025 - TONALIBUS Harmonie et tonalit\u00e9s","isPartOf":{"@id":"https:\/\/tonalibus.org\/de\/#website"},"primaryImageOfPage":{"@id":"https:\/\/tonalibus.org\/sounds\/2025-sounds-and-images\/spring-summer-2025-sounds\/#primaryimage"},"image":{"@id":"https:\/\/tonalibus.org\/sounds\/2025-sounds-and-images\/spring-summer-2025-sounds\/#primaryimage"},"thumbnailUrl":"https:\/\/tonalibus.org\/wp-content\/uploads\/2025\/04\/20250407_160241273_iOS-xc-1024x544.jpg","datePublished":"2025-05-15T20:02:25+00:00","dateModified":"2025-08-12T10:43:56+00:00","description":"Vous trouverez ici des sons personnels du printemps-\u00e9t\u00e9 2025. Il s'agit d'improvisations et de paysages sonores spontan\u00e9s et originaux d'Ulrico (et de ses amis).","breadcrumb":{"@id":"https:\/\/tonalibus.org\/sounds\/2025-sounds-and-images\/spring-summer-2025-sounds\/#breadcrumb"},"inLanguage":"fr-FR","potentialAction":[{"@type":"ReadAction","target":["https:\/\/tonalibus.org\/sounds\/2025-sounds-and-images\/spring-summer-2025-sounds\/"]}]},{"@type":"ImageObject","inLanguage":"fr-FR","@id":"https:\/\/tonalibus.org\/sounds\/2025-sounds-and-images\/spring-summer-2025-sounds\/#primaryimage","url":"https:\/\/tonalibus.org\/wp-content\/uploads\/2025\/04\/20250407_160241273_iOS-xc-1024x544.jpg","contentUrl":"https:\/\/tonalibus.org\/wp-content\/uploads\/2025\/04\/20250407_160241273_iOS-xc-1024x544.jpg"},{"@type":"BreadcrumbList","@id":"https:\/\/tonalibus.org\/sounds\/2025-sounds-and-images\/spring-summer-2025-sounds\/#breadcrumb","itemListElement":[{"@type":"ListItem","position":1,"name":"Home","item":"https:\/\/tonalibus.org\/"},{"@type":"ListItem","position":2,"name":"Sounds","item":"https:\/\/tonalibus.org\/sounds\/"},{"@type":"ListItem","position":3,"name":"2025 Sounds and Images","item":"https:\/\/tonalibus.org\/sounds\/2025-sounds-and-images\/"},{"@type":"ListItem","position":4,"name":"Spring-Summer 2025 sounds"}]},{"@type":"WebSite","@id":"https:\/\/tonalibus.org\/de\/#website","url":"https:\/\/tonalibus.org\/de\/","name":"TONALIBUS","description":"Harmonie et tonalit\u00e9s ancr\u00e9es","publisher":{"@id":"https:\/\/tonalibus.org\/de\/#\/schema\/person\/749261d7bc96d1f00127273f83ab96a4"},"potentialAction":[{"@type":"SearchAction","target":{"@type":"EntryPoint","urlTemplate":"https:\/\/tonalibus.org\/de\/?s={search_term_string}"},"query-input":{"@type":"PropertyValueSpecification","valueRequired":true,"valueName":"search_term_string"}}],"inLanguage":"fr-FR"},{"@type":["Person","Organization"],"@id":"https:\/\/tonalibus.org\/de\/#\/schema\/person\/749261d7bc96d1f00127273f83ab96a4","name":"Ulrico","image":{"@type":"ImageObject","inLanguage":"fr-FR","@id":"https:\/\/tonalibus.org\/wp-content\/uploads\/2020\/06\/uli-pix.jpg","url":"https:\/\/tonalibus.org\/wp-content\/uploads\/2020\/06\/uli-pix.jpg","contentUrl":"https:\/\/tonalibus.org\/wp-content\/uploads\/2020\/06\/uli-pix.jpg","width":960,"height":720,"caption":"Ulrico"},"logo":{"@id":"https:\/\/tonalibus.org\/wp-content\/uploads\/2020\/06\/uli-pix.jpg"},"sameAs":["https:\/\/tonalibus.cyon.site"]}]}},"_links":{"self":[{"href":"https:\/\/tonalibus.org\/fr\/wp-json\/wp\/v2\/pages\/36313","targetHints":{"allow":["GET"]}}],"collection":[{"href":"https:\/\/tonalibus.org\/fr\/wp-json\/wp\/v2\/pages"}],"about":[{"href":"https:\/\/tonalibus.org\/fr\/wp-json\/wp\/v2\/types\/page"}],"author":[{"embeddable":true,"href":"https:\/\/tonalibus.org\/fr\/wp-json\/wp\/v2\/users\/1"}],"replies":[{"embeddable":true,"href":"https:\/\/tonalibus.org\/fr\/wp-json\/wp\/v2\/comments?post=36313"}],"version-history":[{"count":20,"href":"https:\/\/tonalibus.org\/fr\/wp-json\/wp\/v2\/pages\/36313\/revisions"}],"predecessor-version":[{"id":36652,"href":"https:\/\/tonalibus.org\/fr\/wp-json\/wp\/v2\/pages\/36313\/revisions\/36652"}],"up":[{"embeddable":true,"href":"https:\/\/tonalibus.org\/fr\/wp-json\/wp\/v2\/pages\/34997"}],"wp:attachment":[{"href":"https:\/\/tonalibus.org\/fr\/wp-json\/wp\/v2\/media?parent=36313"}],"curies":[{"name":"wp","href":"https:\/\/api.w.org\/{rel}","templated":true}]}}