{"id":3644,"date":"2020-08-02T20:30:00","date_gmt":"2020-08-02T18:30:00","guid":{"rendered":"https:\/\/tonalibus.org\/?page_id=3644"},"modified":"2025-12-16T14:06:20","modified_gmt":"2025-12-16T13:06:20","slug":"tonalibus","status":"publish","type":"page","link":"https:\/\/tonalibus.org\/fr\/about-tonalibus\/tonalibus\/","title":{"rendered":"Tonalibus"},"content":{"rendered":"<h3 class=\"wp-block-heading has-text-color\" id=\"meaning-of-the-word-tonalibus\" style=\"color:#f7b320\">Signification du mot Tonalibus<\/h3>\n\n\n\n<p class=\"has-text-color\" style=\"color:#f7b320\">Tonalibus est le pluriel ablatif ou datif du nom latin \"tonale\" qui signifie \"tonalit\u00e9\" ou \"livre de r\u00e8gles musicales\". L'ablatif exprime des concepts similaires \u00e0 ceux des pr\u00e9positions anglaises \"by\", \"with\", et \"using\" (instrumental), \"at\" et \"in\" (locatif dans l'espace et le temps), ainsi que \"of\" et \"from\" (origine). Le datif indique les destinataires ou les b\u00e9n\u00e9ficiaires.<\/p>\n\n\n\n<h3 class=\"wp-block-heading has-text-color\" id=\"goal-and-purpose\" style=\"color:#f7b320\">But et objectif <\/h3>\n\n\n\n<p class=\"has-text-color\" style=\"color:#f7b320\">L'objectif g\u00e9n\u00e9ral de Tonalibus et de ce site web est de contribuer \u00e0 une meilleure compr\u00e9hension de l'harmonie en g\u00e9n\u00e9ral et des tonalit\u00e9s de la musique en particulier, afin qu'elles soient per\u00e7ues dans la vie et appliqu\u00e9es consciemment pour le bien-\u00eatre et l'\u00e9panouissement spirituel \u2013 individuellement et collectivement.<\/p>\n\n\n\n<p class=\"has-text-color\" style=\"color:#f7b320\">Tonalibus est le recueil de mes d\u00e9couvertes et de mes id\u00e9es sur l'harmonie et les tonalit\u00e9s. Moi, Ulrico, j'esp\u00e8re qu'elles seront des r\u00e9f\u00e9rences utiles pour tous ceux qui les utiliseront. J'en fais partie. Je continue et j'aime rechercher l'harmonie et les tonalit\u00e9s telles qu'elles se manifestent dans la musique et s'appliquent dans la vie.<\/p>\n\n\n\n<h3 class=\"wp-block-heading has-text-color\" id=\"tonalibus-history-block\" style=\"color:#f7b320\">L'histoire de Tonalibus<\/h3>\n\n\n\n<p class=\"has-text-color has-link-color wp-elements-14c9c38218dca2d14049e0bfefec6df1\" style=\"color:#f7b320\">Tonalibus a commenc\u00e9 avec une inspiration de ma part, <a href=\"https:\/\/tonalibus.org\/fr\/about-tonalibus\/ulrico\/\"><mark style=\"background-color:rgba(0, 0, 0, 0);color:#f7b320\" class=\"has-inline-color\">Ulrico<\/mark><\/a>, griffonn\u00e9 sur un bout de papier lors d'une retraite dans les Alpes suisses. Vous pouvez voir l'esquisse originale ci-dessous. Sur cette base, j'ai entrepris de cr\u00e9er quelques graphiques et tableaux pour explorer et saisir davantage sa signification. En deux semaines seulement, ceci a prolif\u00e9r\u00e9 en quelque 250 images. Elles ont constitu\u00e9 le d\u00e9but du catalogue des <a href=\"https:\/\/tonalibus.org\/fr\/tonalities\/\"><mark style=\"background-color:rgba(0, 0, 0, 0);color:#f7b320\" class=\"has-inline-color\">tonalit\u00e9s ancr\u00e9es<\/mark><\/a> et des modules 3), 4) et 5) de la <a href=\"https:\/\/tonalibus.org\/fr\/concepts\/five-course-series\/\"><mark style=\"background-color:rgba(0, 0, 0, 0);color:#f7b320\" class=\"has-inline-color\">s\u00e9rie de pr\u00e9sentations du cours<\/mark><\/a> <em>Fondements de l'harmonie et des tonalit\u00e9s<\/em>.<\/p>\n\n\n\n<p class=\"has-text-color has-link-color wp-elements-006f41e561eebd1756f799282b18395d\" style=\"color:#f7b320\">Rassembler la collection des <a href=\"https:\/\/tonalibus.org\/fr\/harmony\/\"><mark style=\"background-color:rgba(0, 0, 0, 0);color:#f7b320\" class=\"has-inline-color\">bases de l'harmonie<\/mark><\/a> Tonalibus et la version initiale du catalogue des <a href=\"https:\/\/tonalibus.org\/fr\/tonalities\/\"><mark style=\"background-color:rgba(0, 0, 0, 0);color:#f7b320\" class=\"has-inline-color\">tonalit\u00e9s ancr\u00e9es<\/mark><\/a> de Tonalibus a pris trois mois. Cela a permis de regrouper, qualifier, nommer et \u00e9chantillonner les tonalit\u00e9s ancr\u00e9es, ainsi que de d\u00e9couvrir des concepts fondamentaux fascinants, tels que les ancres harmoniques primaires et secondaires, les axes harmoniques, le virage de la r\u00e9alisation et les pivots harmoniques. Tout cela a \u00e9merg\u00e9 et continue de se d\u00e9ployer gr\u00e2ce \u00e0 d'intenses recherches int\u00e9rieures et ext\u00e9rieures et \u00e0 des \u00e9changes avec quelques bons amis, dont mes deux fils. Je vous remercie. Vous savez qui vous \u00eates.<\/p>\n\n\n\n<div style=\"height:47px\" aria-hidden=\"true\" class=\"wp-block-spacer\"><\/div>\n\n\n<div class=\"wp-block-image is-resized\">\n<figure class=\"aligncenter size-large\"><img loading=\"lazy\" decoding=\"async\" width=\"767\" height=\"763\" src=\"https:\/\/tonalibus.org\/wp-content\/uploads\/2020\/06\/IMG_2909xc.jpg\" alt=\"originspir Tonalibus\" class=\"wp-image-1357\" style=\"aspect-ratio:1.0052449664316505;width:256px;height:auto\" srcset=\"https:\/\/tonalibus.org\/wp-content\/uploads\/2020\/06\/IMG_2909xc.jpg 767w, https:\/\/tonalibus.org\/wp-content\/uploads\/2020\/06\/IMG_2909xc-300x298.jpg 300w, https:\/\/tonalibus.org\/wp-content\/uploads\/2020\/06\/IMG_2909xc-150x150.jpg 150w, https:\/\/tonalibus.org\/wp-content\/uploads\/2020\/06\/IMG_2909xc-100x100.jpg 100w\" sizes=\"auto, (max-width: 706px) 89vw, (max-width: 767px) 82vw, 740px\" \/><figcaption class=\"wp-element-caption\"><em>Inspiration Tonalibus originale \u2013 2-2-2020<\/em><\/figcaption><\/figure>\n<\/div>\n\n\n<p><\/p>","protected":false},"excerpt":{"rendered":"<p>Signification du mot Tonalibus Tonalibus est l'ablatif ou le datif pluriel du nom latin \"tonale\" qui signifie \"tonalit\u00e9\" ou \"livre de r\u00e8gles musicales\". L'ablatif exprime des concepts similaires \u00e0 ceux des pr\u00e9positions anglaises \"by\", \"with\" et \"using\" (instrumentales), \"at\" et \"in\" (locatives dans l'espace et le temps), ainsi que \"of\" et \"from\" (origine). Datif ... <\/p>\n<p class=\"link-more\"><a href=\"https:\/\/tonalibus.org\/fr\/about-tonalibus\/tonalibus\/\" class=\"more-link\">Continuer la lecture<span class=\"screen-reader-text\"> de \" Tonalibus \"<\/span><\/a><\/p>","protected":false},"author":1,"featured_media":0,"parent":2,"menu_order":1,"comment_status":"closed","ping_status":"closed","template":"","meta":{"footnotes":""},"class_list":["post-3644","page","type-page","status-publish","hentry"],"yoast_head":"<!-- This site is optimized with the Yoast SEO plugin v27.4 - https:\/\/yoast.com\/product\/yoast-seo-wordpress\/ -->\n<title>Tonalibus &#8211; TONALIBUS, Anchored Harmony and Tonalities<\/title>\n<meta name=\"description\" content=\"Tonalibus\u2019 goal overall and with this website is to contribute to a deeper understanding of harmony in general, and in particular of tonalities in music.\" \/>\n<meta name=\"robots\" content=\"index, follow, max-snippet:-1, max-image-preview:large, max-video-preview:-1\" \/>\n<link rel=\"canonical\" href=\"https:\/\/tonalibus.org\/fr\/about-tonalibus\/tonalibus\/\" \/>\n<meta property=\"og:locale\" content=\"fr_FR\" \/>\n<meta property=\"og:type\" content=\"article\" \/>\n<meta property=\"og:title\" content=\"Tonalibus &#8211; TONALIBUS, Anchored Harmony and Tonalities\" \/>\n<meta property=\"og:description\" content=\"Tonalibus\u2019 goal overall and with this website is to contribute to a deeper understanding of harmony in general, and in particular of tonalities in music.\" \/>\n<meta property=\"og:url\" content=\"https:\/\/tonalibus.org\/fr\/about-tonalibus\/tonalibus\/\" \/>\n<meta property=\"og:site_name\" content=\"TONALIBUS\" \/>\n<meta property=\"article:modified_time\" content=\"2025-12-16T13:06:20+00:00\" \/>\n<meta property=\"og:image\" content=\"https:\/\/tonalibus.org\/wp-content\/uploads\/2020\/06\/IMG_2909xc.jpg\" \/>\n\t<meta property=\"og:image:width\" content=\"767\" \/>\n\t<meta property=\"og:image:height\" content=\"763\" \/>\n\t<meta property=\"og:image:type\" content=\"image\/jpeg\" \/>\n<meta name=\"twitter:card\" content=\"summary_large_image\" \/>\n<meta name=\"twitter:label1\" content=\"Dur\u00e9e de lecture estim\u00e9e\" \/>\n\t<meta name=\"twitter:data1\" content=\"2 minutes\" \/>\n<script type=\"application\/ld+json\" class=\"yoast-schema-graph\">{\"@context\":\"https:\\\/\\\/schema.org\",\"@graph\":[{\"@type\":\"WebPage\",\"@id\":\"https:\\\/\\\/tonalibus.org\\\/about-tonalibus\\\/tonalibus\\\/\",\"url\":\"https:\\\/\\\/tonalibus.org\\\/about-tonalibus\\\/tonalibus\\\/\",\"name\":\"Tonalibus &#8211; TONALIBUS, Anchored Harmony and Tonalities\",\"isPartOf\":{\"@id\":\"https:\\\/\\\/tonalibus.org\\\/de\\\/#website\"},\"primaryImageOfPage\":{\"@id\":\"https:\\\/\\\/tonalibus.org\\\/about-tonalibus\\\/tonalibus\\\/#primaryimage\"},\"image\":{\"@id\":\"https:\\\/\\\/tonalibus.org\\\/about-tonalibus\\\/tonalibus\\\/#primaryimage\"},\"thumbnailUrl\":\"https:\\\/\\\/tonalibus.org\\\/wp-content\\\/uploads\\\/2020\\\/06\\\/IMG_2909xc.jpg\",\"datePublished\":\"2020-08-02T18:30:00+00:00\",\"dateModified\":\"2025-12-16T13:06:20+00:00\",\"description\":\"Tonalibus\u2019 goal overall and with this website is to contribute to a deeper understanding of harmony in general, and in particular of tonalities in music.\",\"breadcrumb\":{\"@id\":\"https:\\\/\\\/tonalibus.org\\\/about-tonalibus\\\/tonalibus\\\/#breadcrumb\"},\"inLanguage\":\"fr-FR\",\"potentialAction\":[{\"@type\":\"ReadAction\",\"target\":[\"https:\\\/\\\/tonalibus.org\\\/about-tonalibus\\\/tonalibus\\\/\"]}]},{\"@type\":\"ImageObject\",\"inLanguage\":\"fr-FR\",\"@id\":\"https:\\\/\\\/tonalibus.org\\\/about-tonalibus\\\/tonalibus\\\/#primaryimage\",\"url\":\"https:\\\/\\\/tonalibus.org\\\/wp-content\\\/uploads\\\/2020\\\/06\\\/IMG_2909xc.jpg\",\"contentUrl\":\"https:\\\/\\\/tonalibus.org\\\/wp-content\\\/uploads\\\/2020\\\/06\\\/IMG_2909xc.jpg\"},{\"@type\":\"BreadcrumbList\",\"@id\":\"https:\\\/\\\/tonalibus.org\\\/about-tonalibus\\\/tonalibus\\\/#breadcrumb\",\"itemListElement\":[{\"@type\":\"ListItem\",\"position\":1,\"name\":\"Home\",\"item\":\"https:\\\/\\\/tonalibus.org\\\/\"},{\"@type\":\"ListItem\",\"position\":2,\"name\":\"About\",\"item\":\"https:\\\/\\\/tonalibus.org\\\/about-tonalibus\\\/\"},{\"@type\":\"ListItem\",\"position\":3,\"name\":\"Tonalibus\"}]},{\"@type\":\"WebSite\",\"@id\":\"https:\\\/\\\/tonalibus.org\\\/de\\\/#website\",\"url\":\"https:\\\/\\\/tonalibus.org\\\/de\\\/\",\"name\":\"TONALIBUS\",\"description\":\"Anchored Harmony and Tonalities\",\"publisher\":{\"@id\":\"https:\\\/\\\/tonalibus.org\\\/de\\\/#\\\/schema\\\/person\\\/749261d7bc96d1f00127273f83ab96a4\"},\"potentialAction\":[{\"@type\":\"SearchAction\",\"target\":{\"@type\":\"EntryPoint\",\"urlTemplate\":\"https:\\\/\\\/tonalibus.org\\\/de\\\/?s={search_term_string}\"},\"query-input\":{\"@type\":\"PropertyValueSpecification\",\"valueRequired\":true,\"valueName\":\"search_term_string\"}}],\"inLanguage\":\"fr-FR\"},{\"@type\":[\"Person\",\"Organization\"],\"@id\":\"https:\\\/\\\/tonalibus.org\\\/de\\\/#\\\/schema\\\/person\\\/749261d7bc96d1f00127273f83ab96a4\",\"name\":\"Ulrico\",\"image\":{\"@type\":\"ImageObject\",\"inLanguage\":\"fr-FR\",\"@id\":\"https:\\\/\\\/tonalibus.org\\\/wp-content\\\/uploads\\\/2020\\\/06\\\/uli-pix.jpg\",\"url\":\"https:\\\/\\\/tonalibus.org\\\/wp-content\\\/uploads\\\/2020\\\/06\\\/uli-pix.jpg\",\"contentUrl\":\"https:\\\/\\\/tonalibus.org\\\/wp-content\\\/uploads\\\/2020\\\/06\\\/uli-pix.jpg\",\"width\":960,\"height\":720,\"caption\":\"Ulrico\"},\"logo\":{\"@id\":\"https:\\\/\\\/tonalibus.org\\\/wp-content\\\/uploads\\\/2020\\\/06\\\/uli-pix.jpg\"},\"sameAs\":[\"https:\\\/\\\/tonalibus.cyon.site\"]}]}<\/script>\n<!-- \/ Yoast SEO plugin. -->","yoast_head_json":{"title":"Tonalibus - TONALIBUS, Harmonie ancr\u00e9e et tonalit\u00e9s","description":"L'objectif g\u00e9n\u00e9ral de Tonalibus et de ce site web est de contribuer \u00e0 une meilleure compr\u00e9hension de l'harmonie en g\u00e9n\u00e9ral, et en particulier des tonalit\u00e9s de la musique.","robots":{"index":"index","follow":"follow","max-snippet":"max-snippet:-1","max-image-preview":"max-image-preview:large","max-video-preview":"max-video-preview:-1"},"canonical":"https:\/\/tonalibus.org\/fr\/about-tonalibus\/tonalibus\/","og_locale":"fr_FR","og_type":"article","og_title":"Tonalibus &#8211; TONALIBUS, Anchored Harmony and Tonalities","og_description":"Tonalibus\u2019 goal overall and with this website is to contribute to a deeper understanding of harmony in general, and in particular of tonalities in music.","og_url":"https:\/\/tonalibus.org\/fr\/about-tonalibus\/tonalibus\/","og_site_name":"TONALIBUS","article_modified_time":"2025-12-16T13:06:20+00:00","og_image":[{"width":767,"height":763,"url":"https:\/\/tonalibus.org\/wp-content\/uploads\/2020\/06\/IMG_2909xc.jpg","type":"image\/jpeg"}],"twitter_card":"summary_large_image","twitter_misc":{"Dur\u00e9e de lecture estim\u00e9e":"2 minutes"},"schema":{"@context":"https:\/\/schema.org","@graph":[{"@type":"WebPage","@id":"https:\/\/tonalibus.org\/about-tonalibus\/tonalibus\/","url":"https:\/\/tonalibus.org\/about-tonalibus\/tonalibus\/","name":"Tonalibus - TONALIBUS, Harmonie ancr\u00e9e et tonalit\u00e9s","isPartOf":{"@id":"https:\/\/tonalibus.org\/de\/#website"},"primaryImageOfPage":{"@id":"https:\/\/tonalibus.org\/about-tonalibus\/tonalibus\/#primaryimage"},"image":{"@id":"https:\/\/tonalibus.org\/about-tonalibus\/tonalibus\/#primaryimage"},"thumbnailUrl":"https:\/\/tonalibus.org\/wp-content\/uploads\/2020\/06\/IMG_2909xc.jpg","datePublished":"2020-08-02T18:30:00+00:00","dateModified":"2025-12-16T13:06:20+00:00","description":"L'objectif g\u00e9n\u00e9ral de Tonalibus et de ce site web est de contribuer \u00e0 une meilleure compr\u00e9hension de l'harmonie en g\u00e9n\u00e9ral, et en particulier des tonalit\u00e9s de la musique.","breadcrumb":{"@id":"https:\/\/tonalibus.org\/about-tonalibus\/tonalibus\/#breadcrumb"},"inLanguage":"fr-FR","potentialAction":[{"@type":"ReadAction","target":["https:\/\/tonalibus.org\/about-tonalibus\/tonalibus\/"]}]},{"@type":"ImageObject","inLanguage":"fr-FR","@id":"https:\/\/tonalibus.org\/about-tonalibus\/tonalibus\/#primaryimage","url":"https:\/\/tonalibus.org\/wp-content\/uploads\/2020\/06\/IMG_2909xc.jpg","contentUrl":"https:\/\/tonalibus.org\/wp-content\/uploads\/2020\/06\/IMG_2909xc.jpg"},{"@type":"BreadcrumbList","@id":"https:\/\/tonalibus.org\/about-tonalibus\/tonalibus\/#breadcrumb","itemListElement":[{"@type":"ListItem","position":1,"name":"Home","item":"https:\/\/tonalibus.org\/"},{"@type":"ListItem","position":2,"name":"About","item":"https:\/\/tonalibus.org\/about-tonalibus\/"},{"@type":"ListItem","position":3,"name":"Tonalibus"}]},{"@type":"WebSite","@id":"https:\/\/tonalibus.org\/de\/#website","url":"https:\/\/tonalibus.org\/de\/","name":"TONALIBUS","description":"Harmonie et tonalit\u00e9s ancr\u00e9es","publisher":{"@id":"https:\/\/tonalibus.org\/de\/#\/schema\/person\/749261d7bc96d1f00127273f83ab96a4"},"potentialAction":[{"@type":"SearchAction","target":{"@type":"EntryPoint","urlTemplate":"https:\/\/tonalibus.org\/de\/?s={search_term_string}"},"query-input":{"@type":"PropertyValueSpecification","valueRequired":true,"valueName":"search_term_string"}}],"inLanguage":"fr-FR"},{"@type":["Person","Organization"],"@id":"https:\/\/tonalibus.org\/de\/#\/schema\/person\/749261d7bc96d1f00127273f83ab96a4","name":"Ulrico","image":{"@type":"ImageObject","inLanguage":"fr-FR","@id":"https:\/\/tonalibus.org\/wp-content\/uploads\/2020\/06\/uli-pix.jpg","url":"https:\/\/tonalibus.org\/wp-content\/uploads\/2020\/06\/uli-pix.jpg","contentUrl":"https:\/\/tonalibus.org\/wp-content\/uploads\/2020\/06\/uli-pix.jpg","width":960,"height":720,"caption":"Ulrico"},"logo":{"@id":"https:\/\/tonalibus.org\/wp-content\/uploads\/2020\/06\/uli-pix.jpg"},"sameAs":["https:\/\/tonalibus.cyon.site"]}]}},"_links":{"self":[{"href":"https:\/\/tonalibus.org\/fr\/wp-json\/wp\/v2\/pages\/3644","targetHints":{"allow":["GET"]}}],"collection":[{"href":"https:\/\/tonalibus.org\/fr\/wp-json\/wp\/v2\/pages"}],"about":[{"href":"https:\/\/tonalibus.org\/fr\/wp-json\/wp\/v2\/types\/page"}],"author":[{"embeddable":true,"href":"https:\/\/tonalibus.org\/fr\/wp-json\/wp\/v2\/users\/1"}],"replies":[{"embeddable":true,"href":"https:\/\/tonalibus.org\/fr\/wp-json\/wp\/v2\/comments?post=3644"}],"version-history":[{"count":1,"href":"https:\/\/tonalibus.org\/fr\/wp-json\/wp\/v2\/pages\/3644\/revisions"}],"predecessor-version":[{"id":37943,"href":"https:\/\/tonalibus.org\/fr\/wp-json\/wp\/v2\/pages\/3644\/revisions\/37943"}],"up":[{"embeddable":true,"href":"https:\/\/tonalibus.org\/fr\/wp-json\/wp\/v2\/pages\/2"}],"wp:attachment":[{"href":"https:\/\/tonalibus.org\/fr\/wp-json\/wp\/v2\/media?parent=3644"}],"curies":[{"name":"wp","href":"https:\/\/api.w.org\/{rel}","templated":true}]}}