{"id":3646,"date":"2020-08-02T20:30:35","date_gmt":"2020-08-02T18:30:35","guid":{"rendered":"https:\/\/tonalibus.org\/?page_id=3646"},"modified":"2022-01-29T21:54:41","modified_gmt":"2022-01-29T20:54:41","slug":"spiritualibus","status":"publish","type":"page","link":"https:\/\/tonalibus.org\/fr\/about-tonalibus\/spiritualibus\/","title":{"rendered":"Spiritualibus"},"content":{"rendered":"<p class=\"has-text-color\" style=\"color:#f7b320\">Pour moi, <a href=\"https:\/\/tonalibus.org\/fr\/about-tonalibus\/ulrico\/\"><mark style=\"background-color:rgba(0, 0, 0, 0);color:#f7b320\" class=\"has-inline-color\">Ulrico<\/mark><\/a>, l'harmonie et les tonalit\u00e9s sont une expression directe de la spiritualit\u00e9 dans nos vies, de l'amour divin. C'est l'objet principal du blog sur le site Tonalibus. C'est ainsi que son nom est devenu Spiritualibus.<\/p>\n\n\n\n<p class=\"has-text-color\" style=\"color:#f7b320\"><a href=\"https:\/\/tonalibus.org\/fr\/spiritualibus-blog\/\"><mark style=\"background-color:rgba(0, 0, 0, 0);color:#f7b320\" class=\"has-inline-color\">Les messages du blog Spiritualibus<\/mark><\/a> portent sur l'harmonie dans le moment pr\u00e9sent, dans la musique et dans la vie en g\u00e9n\u00e9ral. Elles doivent rester ancr\u00e9s dans la libert\u00e9 spirituelle, sans absolu exclusif. Cela signifie, entre autres, qu'il n'y aura qu'une utilisation limit\u00e9e de mots comme \"seul\", \"doit\" et \"jamais\". <\/p>\n\n\n\n<p class=\"has-text-color\" style=\"color:#f7b320\">Outre les tonalit\u00e9s de son et l'harmonie de la vie, Spiritualibus se concentre sur l'exp\u00e9rience de l'observation de la fa\u00e7on dont Dieu r\u00e9alise le moment ici et maintenant \u2013 libre de tout dogme religieux \u2013 pour le c\u0153ur d'or.<\/p>\n\n\n\n<div style=\"height:79px\" aria-hidden=\"true\" class=\"wp-block-spacer\"><\/div>\n\n\n\n<div class=\"wp-block-image\"><figure class=\"aligncenter size-large is-resized\"><img loading=\"lazy\" decoding=\"async\" src=\"https:\/\/tonalibus.org\/wp-content\/uploads\/2020\/08\/BE-on-top-of-it-all-1.jpg\" alt=\"BE Spiritualibus\" class=\"wp-image-3688\" width=\"415\" height=\"311\" srcset=\"https:\/\/tonalibus.org\/wp-content\/uploads\/2020\/08\/BE-on-top-of-it-all-1.jpg 960w, https:\/\/tonalibus.org\/wp-content\/uploads\/2020\/08\/BE-on-top-of-it-all-1-300x225.jpg 300w, https:\/\/tonalibus.org\/wp-content\/uploads\/2020\/08\/BE-on-top-of-it-all-1-768x576.jpg 768w\" sizes=\"auto, (max-width: 415px) 100vw, 415px\" \/><figcaption>Sommet du Niesen \u2013 Au sommet du monde \u2013 photo de Bill Elberty<\/figcaption><\/figure><\/div>","protected":false},"excerpt":{"rendered":"<p>Pour moi, Ulrico, l'harmonie et les tonalit\u00e9s sont une expression directe de la spiritualit\u00e9 dans nos vies, de l'amour divin. C'est l'objectif principal du blog du site Tonalibus. C'est ainsi que son nom est devenu Spiritualibus. Les articles du blog Spiritualibus doivent porter sur l'harmonie dans le moment pr\u00e9sent, dans la musique et dans la vie en g\u00e9n\u00e9ral. Ils sont ... <\/p>\n<p class=\"link-more\"><a href=\"https:\/\/tonalibus.org\/fr\/about-tonalibus\/spiritualibus\/\" class=\"more-link\">Continuer la lecture<span class=\"screen-reader-text\"> de \" Spiritualibus \"<\/span><\/a><\/p>","protected":false},"author":1,"featured_media":0,"parent":2,"menu_order":2,"comment_status":"closed","ping_status":"closed","template":"","meta":{"footnotes":""},"class_list":["post-3646","page","type-page","status-publish","hentry"],"yoast_head":"<!-- This site is optimized with the Yoast SEO plugin v27.3 - https:\/\/yoast.com\/product\/yoast-seo-wordpress\/ -->\n<title>Spiritualibus &#8211; TONALIBUS, Anchored Harmony and Tonalities<\/title>\n<meta name=\"description\" content=\"Spiritualibus is the name of the blog on the Tonalibus site. Its posts are about harmony in the present moment, in music, and in life overall.\" \/>\n<meta name=\"robots\" content=\"index, follow, max-snippet:-1, max-image-preview:large, max-video-preview:-1\" \/>\n<link rel=\"canonical\" href=\"https:\/\/tonalibus.org\/fr\/about-tonalibus\/spiritualibus\/\" \/>\n<meta property=\"og:locale\" content=\"fr_FR\" \/>\n<meta property=\"og:type\" content=\"article\" \/>\n<meta property=\"og:title\" content=\"Spiritualibus &#8211; TONALIBUS, Anchored Harmony and Tonalities\" \/>\n<meta property=\"og:description\" content=\"Spiritualibus is the name of the blog on the Tonalibus site. Its posts are about harmony in the present moment, in music, and in life overall.\" \/>\n<meta property=\"og:url\" content=\"https:\/\/tonalibus.org\/fr\/about-tonalibus\/spiritualibus\/\" \/>\n<meta property=\"og:site_name\" content=\"TONALIBUS\" \/>\n<meta property=\"article:modified_time\" content=\"2022-01-29T20:54:41+00:00\" \/>\n<meta property=\"og:image\" content=\"https:\/\/tonalibus.org\/wp-content\/uploads\/2020\/08\/BE-on-top-of-it-all-1.jpg\" \/>\n<meta name=\"twitter:card\" content=\"summary_large_image\" \/>\n<meta name=\"twitter:label1\" content=\"Dur\u00e9e de lecture estim\u00e9e\" \/>\n\t<meta name=\"twitter:data1\" content=\"1 minute\" \/>\n<script type=\"application\/ld+json\" class=\"yoast-schema-graph\">{\"@context\":\"https:\\\/\\\/schema.org\",\"@graph\":[{\"@type\":\"WebPage\",\"@id\":\"https:\\\/\\\/tonalibus.org\\\/about-tonalibus\\\/spiritualibus\\\/\",\"url\":\"https:\\\/\\\/tonalibus.org\\\/about-tonalibus\\\/spiritualibus\\\/\",\"name\":\"Spiritualibus &#8211; TONALIBUS, Anchored Harmony and Tonalities\",\"isPartOf\":{\"@id\":\"https:\\\/\\\/tonalibus.org\\\/de\\\/#website\"},\"primaryImageOfPage\":{\"@id\":\"https:\\\/\\\/tonalibus.org\\\/about-tonalibus\\\/spiritualibus\\\/#primaryimage\"},\"image\":{\"@id\":\"https:\\\/\\\/tonalibus.org\\\/about-tonalibus\\\/spiritualibus\\\/#primaryimage\"},\"thumbnailUrl\":\"https:\\\/\\\/tonalibus.org\\\/wp-content\\\/uploads\\\/2020\\\/08\\\/BE-on-top-of-it-all-1.jpg\",\"datePublished\":\"2020-08-02T18:30:35+00:00\",\"dateModified\":\"2022-01-29T20:54:41+00:00\",\"description\":\"Spiritualibus is the name of the blog on the Tonalibus site. Its posts are about harmony in the present moment, in music, and in life overall.\",\"breadcrumb\":{\"@id\":\"https:\\\/\\\/tonalibus.org\\\/about-tonalibus\\\/spiritualibus\\\/#breadcrumb\"},\"inLanguage\":\"fr-FR\",\"potentialAction\":[{\"@type\":\"ReadAction\",\"target\":[\"https:\\\/\\\/tonalibus.org\\\/about-tonalibus\\\/spiritualibus\\\/\"]}]},{\"@type\":\"ImageObject\",\"inLanguage\":\"fr-FR\",\"@id\":\"https:\\\/\\\/tonalibus.org\\\/about-tonalibus\\\/spiritualibus\\\/#primaryimage\",\"url\":\"https:\\\/\\\/tonalibus.org\\\/wp-content\\\/uploads\\\/2020\\\/08\\\/BE-on-top-of-it-all-1.jpg\",\"contentUrl\":\"https:\\\/\\\/tonalibus.org\\\/wp-content\\\/uploads\\\/2020\\\/08\\\/BE-on-top-of-it-all-1.jpg\"},{\"@type\":\"BreadcrumbList\",\"@id\":\"https:\\\/\\\/tonalibus.org\\\/about-tonalibus\\\/spiritualibus\\\/#breadcrumb\",\"itemListElement\":[{\"@type\":\"ListItem\",\"position\":1,\"name\":\"Home\",\"item\":\"https:\\\/\\\/tonalibus.org\\\/\"},{\"@type\":\"ListItem\",\"position\":2,\"name\":\"About\",\"item\":\"https:\\\/\\\/tonalibus.org\\\/about-tonalibus\\\/\"},{\"@type\":\"ListItem\",\"position\":3,\"name\":\"Spiritualibus\"}]},{\"@type\":\"WebSite\",\"@id\":\"https:\\\/\\\/tonalibus.org\\\/de\\\/#website\",\"url\":\"https:\\\/\\\/tonalibus.org\\\/de\\\/\",\"name\":\"TONALIBUS\",\"description\":\"Anchored Harmony and Tonalities\",\"publisher\":{\"@id\":\"https:\\\/\\\/tonalibus.org\\\/de\\\/#\\\/schema\\\/person\\\/749261d7bc96d1f00127273f83ab96a4\"},\"potentialAction\":[{\"@type\":\"SearchAction\",\"target\":{\"@type\":\"EntryPoint\",\"urlTemplate\":\"https:\\\/\\\/tonalibus.org\\\/de\\\/?s={search_term_string}\"},\"query-input\":{\"@type\":\"PropertyValueSpecification\",\"valueRequired\":true,\"valueName\":\"search_term_string\"}}],\"inLanguage\":\"fr-FR\"},{\"@type\":[\"Person\",\"Organization\"],\"@id\":\"https:\\\/\\\/tonalibus.org\\\/de\\\/#\\\/schema\\\/person\\\/749261d7bc96d1f00127273f83ab96a4\",\"name\":\"Ulrico\",\"image\":{\"@type\":\"ImageObject\",\"inLanguage\":\"fr-FR\",\"@id\":\"https:\\\/\\\/tonalibus.org\\\/wp-content\\\/uploads\\\/2020\\\/06\\\/uli-pix.jpg\",\"url\":\"https:\\\/\\\/tonalibus.org\\\/wp-content\\\/uploads\\\/2020\\\/06\\\/uli-pix.jpg\",\"contentUrl\":\"https:\\\/\\\/tonalibus.org\\\/wp-content\\\/uploads\\\/2020\\\/06\\\/uli-pix.jpg\",\"width\":960,\"height\":720,\"caption\":\"Ulrico\"},\"logo\":{\"@id\":\"https:\\\/\\\/tonalibus.org\\\/wp-content\\\/uploads\\\/2020\\\/06\\\/uli-pix.jpg\"},\"sameAs\":[\"https:\\\/\\\/tonalibus.cyon.site\"]}]}<\/script>\n<!-- \/ Yoast SEO plugin. -->","yoast_head_json":{"title":"Spiritualibus - TONALIBUS, Harmonie et tonalit\u00e9s ancr\u00e9es","description":"Spiritualibus est le nom du blog sur le site Tonalibus. Ses articles traitent de l'harmonie dans le moment pr\u00e9sent, dans la musique et dans la vie en g\u00e9n\u00e9ral.","robots":{"index":"index","follow":"follow","max-snippet":"max-snippet:-1","max-image-preview":"max-image-preview:large","max-video-preview":"max-video-preview:-1"},"canonical":"https:\/\/tonalibus.org\/fr\/about-tonalibus\/spiritualibus\/","og_locale":"fr_FR","og_type":"article","og_title":"Spiritualibus &#8211; TONALIBUS, Anchored Harmony and Tonalities","og_description":"Spiritualibus is the name of the blog on the Tonalibus site. Its posts are about harmony in the present moment, in music, and in life overall.","og_url":"https:\/\/tonalibus.org\/fr\/about-tonalibus\/spiritualibus\/","og_site_name":"TONALIBUS","article_modified_time":"2022-01-29T20:54:41+00:00","og_image":[{"url":"https:\/\/tonalibus.org\/wp-content\/uploads\/2020\/08\/BE-on-top-of-it-all-1.jpg","type":"","width":"","height":""}],"twitter_card":"summary_large_image","twitter_misc":{"Dur\u00e9e de lecture estim\u00e9e":"1 minute"},"schema":{"@context":"https:\/\/schema.org","@graph":[{"@type":"WebPage","@id":"https:\/\/tonalibus.org\/about-tonalibus\/spiritualibus\/","url":"https:\/\/tonalibus.org\/about-tonalibus\/spiritualibus\/","name":"Spiritualibus - TONALIBUS, Harmonie et tonalit\u00e9s ancr\u00e9es","isPartOf":{"@id":"https:\/\/tonalibus.org\/de\/#website"},"primaryImageOfPage":{"@id":"https:\/\/tonalibus.org\/about-tonalibus\/spiritualibus\/#primaryimage"},"image":{"@id":"https:\/\/tonalibus.org\/about-tonalibus\/spiritualibus\/#primaryimage"},"thumbnailUrl":"https:\/\/tonalibus.org\/wp-content\/uploads\/2020\/08\/BE-on-top-of-it-all-1.jpg","datePublished":"2020-08-02T18:30:35+00:00","dateModified":"2022-01-29T20:54:41+00:00","description":"Spiritualibus est le nom du blog sur le site Tonalibus. Ses articles traitent de l'harmonie dans le moment pr\u00e9sent, dans la musique et dans la vie en g\u00e9n\u00e9ral.","breadcrumb":{"@id":"https:\/\/tonalibus.org\/about-tonalibus\/spiritualibus\/#breadcrumb"},"inLanguage":"fr-FR","potentialAction":[{"@type":"ReadAction","target":["https:\/\/tonalibus.org\/about-tonalibus\/spiritualibus\/"]}]},{"@type":"ImageObject","inLanguage":"fr-FR","@id":"https:\/\/tonalibus.org\/about-tonalibus\/spiritualibus\/#primaryimage","url":"https:\/\/tonalibus.org\/wp-content\/uploads\/2020\/08\/BE-on-top-of-it-all-1.jpg","contentUrl":"https:\/\/tonalibus.org\/wp-content\/uploads\/2020\/08\/BE-on-top-of-it-all-1.jpg"},{"@type":"BreadcrumbList","@id":"https:\/\/tonalibus.org\/about-tonalibus\/spiritualibus\/#breadcrumb","itemListElement":[{"@type":"ListItem","position":1,"name":"Home","item":"https:\/\/tonalibus.org\/"},{"@type":"ListItem","position":2,"name":"About","item":"https:\/\/tonalibus.org\/about-tonalibus\/"},{"@type":"ListItem","position":3,"name":"Spiritualibus"}]},{"@type":"WebSite","@id":"https:\/\/tonalibus.org\/de\/#website","url":"https:\/\/tonalibus.org\/de\/","name":"TONALIBUS","description":"Harmonie et tonalit\u00e9s ancr\u00e9es","publisher":{"@id":"https:\/\/tonalibus.org\/de\/#\/schema\/person\/749261d7bc96d1f00127273f83ab96a4"},"potentialAction":[{"@type":"SearchAction","target":{"@type":"EntryPoint","urlTemplate":"https:\/\/tonalibus.org\/de\/?s={search_term_string}"},"query-input":{"@type":"PropertyValueSpecification","valueRequired":true,"valueName":"search_term_string"}}],"inLanguage":"fr-FR"},{"@type":["Person","Organization"],"@id":"https:\/\/tonalibus.org\/de\/#\/schema\/person\/749261d7bc96d1f00127273f83ab96a4","name":"Ulrico","image":{"@type":"ImageObject","inLanguage":"fr-FR","@id":"https:\/\/tonalibus.org\/wp-content\/uploads\/2020\/06\/uli-pix.jpg","url":"https:\/\/tonalibus.org\/wp-content\/uploads\/2020\/06\/uli-pix.jpg","contentUrl":"https:\/\/tonalibus.org\/wp-content\/uploads\/2020\/06\/uli-pix.jpg","width":960,"height":720,"caption":"Ulrico"},"logo":{"@id":"https:\/\/tonalibus.org\/wp-content\/uploads\/2020\/06\/uli-pix.jpg"},"sameAs":["https:\/\/tonalibus.cyon.site"]}]}},"_links":{"self":[{"href":"https:\/\/tonalibus.org\/fr\/wp-json\/wp\/v2\/pages\/3646","targetHints":{"allow":["GET"]}}],"collection":[{"href":"https:\/\/tonalibus.org\/fr\/wp-json\/wp\/v2\/pages"}],"about":[{"href":"https:\/\/tonalibus.org\/fr\/wp-json\/wp\/v2\/types\/page"}],"author":[{"embeddable":true,"href":"https:\/\/tonalibus.org\/fr\/wp-json\/wp\/v2\/users\/1"}],"replies":[{"embeddable":true,"href":"https:\/\/tonalibus.org\/fr\/wp-json\/wp\/v2\/comments?post=3646"}],"version-history":[{"count":0,"href":"https:\/\/tonalibus.org\/fr\/wp-json\/wp\/v2\/pages\/3646\/revisions"}],"up":[{"embeddable":true,"href":"https:\/\/tonalibus.org\/fr\/wp-json\/wp\/v2\/pages\/2"}],"wp:attachment":[{"href":"https:\/\/tonalibus.org\/fr\/wp-json\/wp\/v2\/media?parent=3646"}],"curies":[{"name":"wp","href":"https:\/\/api.w.org\/{rel}","templated":true}]}}