{"id":3649,"date":"2020-08-02T20:31:23","date_gmt":"2020-08-02T18:31:23","guid":{"rendered":"https:\/\/tonalibus.org\/?page_id=3649"},"modified":"2026-02-03T11:46:24","modified_gmt":"2026-02-03T10:46:24","slug":"fidibus","status":"publish","type":"page","link":"https:\/\/tonalibus.org\/fr\/about-tonalibus\/fidibus\/","title":{"rendered":"Fidibus"},"content":{"rendered":"<p class=\"has-text-color\" style=\"color:#f7b320\">Fidibus est le nom du shop du site Tonalibus. Son objectif est de proposer des services, des \u00e9v\u00e9nements et des produits qui favorisent l'harmonie et le bien-\u00eatre. Le <a href=\"https:\/\/tonalibus.org\/fr\/shop\/\"><mark style=\"background-color:rgba(0, 0, 0, 0);color:#f7b320\" class=\"has-inline-color\">Shop Fidibus<\/mark><\/a> est libre de toute aspiration commerciale ou financi\u00e8re. Les offres initiales comprenaient des mantras sonores individuels, des <mark style=\"background-color:rgba(0, 0, 0, 0);color:#f7b320\" class=\"has-inline-color\">sessions de mini-concert apaisantes<\/mark>, des cours d'exploration Tonalibus, et le CD <em><a href=\"https:\/\/tonalibus.org\/fr\/shop\/symphony-of-life-and-love\/\"><mark style=\"background-color:rgba(0, 0, 0, 0);color:#f7b320\" class=\"has-inline-color\">A Symphony of Life and Love<\/mark><\/a><\/em>. De temps en temps, de nouvelles options apparaissent et d'anciennes offres disparaissent.<em> <\/em>Ainsi, c'est devenu l'endroit pour acc\u00e9der aux <a href=\"https:\/\/tonalibus.org\/fr\/shop\/playlists\/\"><mark style=\"background-color:rgba(0, 0, 0, 0);color:#f7b320\" class=\"has-inline-color\">playlists<\/mark><\/a>, annoncer des <a href=\"https:\/\/tonalibus.org\/fr\/shop\/#albums\"><mark style=\"background-color:rgba(0, 0, 0, 0);color:#f7b320\" class=\"has-inline-color\">sorties d'albums<\/mark><\/a> (sur <a href=\"https:\/\/open.spotify.com\/artist\/3JiD2vdPrQKW5cQ1kzVUfR\" target=\"_blank\" rel=\"noreferrer noopener\"><mark style=\"background-color:rgba(0, 0, 0, 0);color:#f7b320\" class=\"has-inline-color\">Spotify<\/mark><\/a>, <a href=\"https:\/\/music.youtube.com\/channel\/UCihsJzyNwheaIF6_KHl7iPg?feature=share\" target=\"_blank\" rel=\"noreferrer noopener\"><mark style=\"background-color:rgba(0, 0, 0, 0);color:#f7b320\" class=\"has-inline-color\">YouTube<\/mark><\/a>, <a href=\"https:\/\/listen.tidal.com\/artist\/26118548\" target=\"_blank\" rel=\"noreferrer noopener\"><mark style=\"background-color:rgba(0, 0, 0, 0);color:#f7b320\" class=\"has-inline-color\">Tidal<\/mark><\/a>, <a href=\"https:\/\/music.apple.com\/us\/artist\/ulrico\/1572759764\" target=\"_blank\" rel=\"noreferrer noopener\"><mark style=\"background-color:rgba(0, 0, 0, 0);color:#f7b320\" class=\"has-inline-color\">Apple<\/mark><\/a>, <a href=\"https:\/\/www.amazon.com\/music\/player\/artists\/B097D6BL1S\/ulrico\" target=\"_blank\" rel=\"noreferrer noopener\"><mark style=\"background-color:rgba(0, 0, 0, 0);color:#f7b320\" class=\"has-inline-color\">Amazon<\/mark><\/a>, <a href=\"https:\/\/www.deezer.com\/us\/artist\/136505382\" target=\"_blank\" rel=\"noreferrer noopener\"><mark style=\"background-color:rgba(0, 0, 0, 0);color:#f7b320\" class=\"has-inline-color\">Deezer<\/mark><\/a>, <a href=\"https:\/\/music.163.com\/#\/artist\/album?id=48540608\" target=\"_blank\" rel=\"noreferrer noopener\"><mark style=\"background-color:rgba(0, 0, 0, 0);color:#f7b320\" class=\"has-inline-color\">NetEase \u7f51\u6613<\/mark><\/a>, <a href=\"https:\/\/www.boomplay.com\/search\/album\/ulrico\" target=\"_blank\" rel=\"noreferrer noopener\"><mark style=\"background-color:rgba(0, 0, 0, 0);color:#f7b320\" class=\"has-inline-color\">Boomplay<\/mark><\/a>, et autres plateformes) et de d\u00e9velopper et pr\u00e9senter <a href=\"https:\/\/tonalibus.org\/fr\/shop\/sound-as-mantra\/\"><mark style=\"background-color:rgba(0, 0, 0, 0);color:#f7b320\" class=\"has-inline-color\">Sons comme mantra<\/mark><\/a>.<\/p>\n\n\n\n<p class=\"has-text-color\" style=\"color:#f7b320\">Fidibus, le pluriel ablatif ou datif du nom latin \"fides\", a beaucoup de sens. Il a \u00e9t\u00e9 utilis\u00e9 pour \"accord\", \"corde\" et \"instruments \u00e0 cordes\". D'autre part, il signifie \"confiance\", \"loyaut\u00e9\", \"authenticit\u00e9\", \"honn\u00eatet\u00e9\", \"cr\u00e9dibilit\u00e9\", \"fiabilit\u00e9\", etc. C'est la racine du mot anglais \"faith\" (foi) et \"fiddle\" (violon). En allemand, il signifie \"allumeur\" ou \"briquet\", et l'exclamation \"Hokuspokus Fidibus !\" \u2013 un m\u00e9lange entre une b\u00e9n\u00e9diction et la r\u00e9solution amusante d'un sort magique, depuis le 17e si\u00e8cle \u2013 signifie \"Le voici !\" C'est ainsi qu'est n\u00e9 le nom du <a href=\"https:\/\/tonalibus.org\/fr\/shop\/\"><mark style=\"background-color:rgba(0, 0, 0, 0);color:#f7b320\" class=\"has-inline-color\">Shop Fidibus<\/mark><\/a><mark style=\"background-color:rgba(0, 0, 0, 0);color:#f7b320\" class=\"has-inline-color\">.<\/mark><\/p>\n\n\n\n<div style=\"height:61px\" aria-hidden=\"true\" class=\"wp-block-spacer\"><\/div>\n\n\n<div class=\"wp-block-image is-resized\">\n<figure class=\"aligncenter size-large\"><img loading=\"lazy\" decoding=\"async\" width=\"960\" height=\"720\" src=\"https:\/\/tonalibus.org\/wp-content\/uploads\/2020\/08\/BE-on-top-of-it-all-2.jpg\" alt=\"fidibus flowers\" class=\"wp-image-3687\" srcset=\"https:\/\/tonalibus.org\/wp-content\/uploads\/2020\/08\/BE-on-top-of-it-all-2.jpg 960w, https:\/\/tonalibus.org\/wp-content\/uploads\/2020\/08\/BE-on-top-of-it-all-2-300x225.jpg 300w, https:\/\/tonalibus.org\/wp-content\/uploads\/2020\/08\/BE-on-top-of-it-all-2-768x576.jpg 768w\" sizes=\"auto, (max-width: 706px) 89vw, (max-width: 767px) 82vw, 740px\" \/><figcaption class=\"wp-element-caption\">Un pionnier en fleur, enracin\u00e9 dans une petite crevasse rocheuse dans les Alpes<\/figcaption><\/figure>\n<\/div>","protected":false},"excerpt":{"rendered":"<p>Fidibus est le nom de la boutique du site Tonalibus. Son objectif est de proposer des services, des \u00e9v\u00e9nements et des produits qui favorisent l'harmonie et le bien-\u00eatre. La boutique Fidibus est libre de toute aspiration commerciale ou financi\u00e8re. Les premi\u00e8res offres comprenaient des mantras sonores individuels, des s\u00e9ances de mini-concert apaisant, des cours d'exploration de Tonalibus et le CD A Symphony of Life and ... <\/p>\n<p class=\"link-more\"><a href=\"https:\/\/tonalibus.org\/fr\/about-tonalibus\/fidibus\/\" class=\"more-link\">Continuer la lecture<span class=\"screen-reader-text\"> de \" Fidibus \"<\/span><\/a><\/p>","protected":false},"author":1,"featured_media":0,"parent":2,"menu_order":3,"comment_status":"closed","ping_status":"closed","template":"","meta":{"footnotes":""},"class_list":["post-3649","page","type-page","status-publish","hentry"],"yoast_head":"<!-- This site is optimized with the Yoast SEO plugin v27.5 - https:\/\/yoast.com\/product\/yoast-seo-wordpress\/ -->\n<title>Fidibus &#8211; TONALIBUS, Anchored Harmony and Tonalities<\/title>\n<meta name=\"description\" content=\"Fidibus is the name of the shop on the Tonalibus website. It is to offer services, events, and products that promote harmony and well-being.\" \/>\n<meta name=\"robots\" content=\"index, follow, max-snippet:-1, max-image-preview:large, max-video-preview:-1\" \/>\n<link rel=\"canonical\" href=\"https:\/\/tonalibus.org\/fr\/about-tonalibus\/fidibus\/\" \/>\n<meta property=\"og:locale\" content=\"fr_FR\" \/>\n<meta property=\"og:type\" content=\"article\" \/>\n<meta property=\"og:title\" content=\"Fidibus &#8211; TONALIBUS, Anchored Harmony and Tonalities\" \/>\n<meta property=\"og:description\" content=\"Fidibus is the name of the shop on the Tonalibus website. It is to offer services, events, and products that promote harmony and well-being.\" \/>\n<meta property=\"og:url\" content=\"https:\/\/tonalibus.org\/fr\/about-tonalibus\/fidibus\/\" \/>\n<meta property=\"og:site_name\" content=\"TONALIBUS\" \/>\n<meta property=\"article:modified_time\" content=\"2026-02-03T10:46:24+00:00\" \/>\n<meta property=\"og:image\" content=\"https:\/\/tonalibus.org\/wp-content\/uploads\/2020\/08\/BE-on-top-of-it-all-2.jpg\" \/>\n\t<meta property=\"og:image:width\" content=\"960\" \/>\n\t<meta property=\"og:image:height\" content=\"720\" \/>\n\t<meta property=\"og:image:type\" content=\"image\/jpeg\" \/>\n<meta name=\"twitter:card\" content=\"summary_large_image\" \/>\n<meta name=\"twitter:label1\" content=\"Dur\u00e9e de lecture estim\u00e9e\" \/>\n\t<meta name=\"twitter:data1\" content=\"2 minutes\" \/>\n<script type=\"application\/ld+json\" class=\"yoast-schema-graph\">{\"@context\":\"https:\\\/\\\/schema.org\",\"@graph\":[{\"@type\":\"WebPage\",\"@id\":\"https:\\\/\\\/tonalibus.org\\\/about-tonalibus\\\/fidibus\\\/\",\"url\":\"https:\\\/\\\/tonalibus.org\\\/about-tonalibus\\\/fidibus\\\/\",\"name\":\"Fidibus &#8211; TONALIBUS, Anchored Harmony and Tonalities\",\"isPartOf\":{\"@id\":\"https:\\\/\\\/tonalibus.org\\\/de\\\/#website\"},\"primaryImageOfPage\":{\"@id\":\"https:\\\/\\\/tonalibus.org\\\/about-tonalibus\\\/fidibus\\\/#primaryimage\"},\"image\":{\"@id\":\"https:\\\/\\\/tonalibus.org\\\/about-tonalibus\\\/fidibus\\\/#primaryimage\"},\"thumbnailUrl\":\"https:\\\/\\\/tonalibus.org\\\/wp-content\\\/uploads\\\/2020\\\/08\\\/BE-on-top-of-it-all-2.jpg\",\"datePublished\":\"2020-08-02T18:31:23+00:00\",\"dateModified\":\"2026-02-03T10:46:24+00:00\",\"description\":\"Fidibus is the name of the shop on the Tonalibus website. It is to offer services, events, and products that promote harmony and well-being.\",\"breadcrumb\":{\"@id\":\"https:\\\/\\\/tonalibus.org\\\/about-tonalibus\\\/fidibus\\\/#breadcrumb\"},\"inLanguage\":\"fr-FR\",\"potentialAction\":[{\"@type\":\"ReadAction\",\"target\":[\"https:\\\/\\\/tonalibus.org\\\/about-tonalibus\\\/fidibus\\\/\"]}]},{\"@type\":\"ImageObject\",\"inLanguage\":\"fr-FR\",\"@id\":\"https:\\\/\\\/tonalibus.org\\\/about-tonalibus\\\/fidibus\\\/#primaryimage\",\"url\":\"https:\\\/\\\/tonalibus.org\\\/wp-content\\\/uploads\\\/2020\\\/08\\\/BE-on-top-of-it-all-2.jpg\",\"contentUrl\":\"https:\\\/\\\/tonalibus.org\\\/wp-content\\\/uploads\\\/2020\\\/08\\\/BE-on-top-of-it-all-2.jpg\"},{\"@type\":\"BreadcrumbList\",\"@id\":\"https:\\\/\\\/tonalibus.org\\\/about-tonalibus\\\/fidibus\\\/#breadcrumb\",\"itemListElement\":[{\"@type\":\"ListItem\",\"position\":1,\"name\":\"Home\",\"item\":\"https:\\\/\\\/tonalibus.org\\\/\"},{\"@type\":\"ListItem\",\"position\":2,\"name\":\"About\",\"item\":\"https:\\\/\\\/tonalibus.org\\\/about-tonalibus\\\/\"},{\"@type\":\"ListItem\",\"position\":3,\"name\":\"Fidibus\"}]},{\"@type\":\"WebSite\",\"@id\":\"https:\\\/\\\/tonalibus.org\\\/de\\\/#website\",\"url\":\"https:\\\/\\\/tonalibus.org\\\/de\\\/\",\"name\":\"TONALIBUS\",\"description\":\"Anchored Harmony and Tonalities\",\"publisher\":{\"@id\":\"https:\\\/\\\/tonalibus.org\\\/de\\\/#\\\/schema\\\/person\\\/749261d7bc96d1f00127273f83ab96a4\"},\"potentialAction\":[{\"@type\":\"SearchAction\",\"target\":{\"@type\":\"EntryPoint\",\"urlTemplate\":\"https:\\\/\\\/tonalibus.org\\\/de\\\/?s={search_term_string}\"},\"query-input\":{\"@type\":\"PropertyValueSpecification\",\"valueRequired\":true,\"valueName\":\"search_term_string\"}}],\"inLanguage\":\"fr-FR\"},{\"@type\":[\"Person\",\"Organization\"],\"@id\":\"https:\\\/\\\/tonalibus.org\\\/de\\\/#\\\/schema\\\/person\\\/749261d7bc96d1f00127273f83ab96a4\",\"name\":\"Ulrico\",\"image\":{\"@type\":\"ImageObject\",\"inLanguage\":\"fr-FR\",\"@id\":\"https:\\\/\\\/tonalibus.org\\\/wp-content\\\/uploads\\\/2020\\\/06\\\/uli-pix.jpg\",\"url\":\"https:\\\/\\\/tonalibus.org\\\/wp-content\\\/uploads\\\/2020\\\/06\\\/uli-pix.jpg\",\"contentUrl\":\"https:\\\/\\\/tonalibus.org\\\/wp-content\\\/uploads\\\/2020\\\/06\\\/uli-pix.jpg\",\"width\":960,\"height\":720,\"caption\":\"Ulrico\"},\"logo\":{\"@id\":\"https:\\\/\\\/tonalibus.org\\\/wp-content\\\/uploads\\\/2020\\\/06\\\/uli-pix.jpg\"},\"sameAs\":[\"https:\\\/\\\/tonalibus.cyon.site\"]}]}<\/script>\n<!-- \/ Yoast SEO plugin. -->","yoast_head_json":{"title":"Fidibus - TONALIBUS, Harmonie et tonalit\u00e9s ancr\u00e9es","description":"Fidibus est le nom de la boutique du site Tonalibus. Il s'agit d'offrir des services, des \u00e9v\u00e9nements et des produits qui favorisent l'harmonie et le bien-\u00eatre.","robots":{"index":"index","follow":"follow","max-snippet":"max-snippet:-1","max-image-preview":"max-image-preview:large","max-video-preview":"max-video-preview:-1"},"canonical":"https:\/\/tonalibus.org\/fr\/about-tonalibus\/fidibus\/","og_locale":"fr_FR","og_type":"article","og_title":"Fidibus &#8211; TONALIBUS, Anchored Harmony and Tonalities","og_description":"Fidibus is the name of the shop on the Tonalibus website. It is to offer services, events, and products that promote harmony and well-being.","og_url":"https:\/\/tonalibus.org\/fr\/about-tonalibus\/fidibus\/","og_site_name":"TONALIBUS","article_modified_time":"2026-02-03T10:46:24+00:00","og_image":[{"width":960,"height":720,"url":"https:\/\/tonalibus.org\/wp-content\/uploads\/2020\/08\/BE-on-top-of-it-all-2.jpg","type":"image\/jpeg"}],"twitter_card":"summary_large_image","twitter_misc":{"Dur\u00e9e de lecture estim\u00e9e":"2 minutes"},"schema":{"@context":"https:\/\/schema.org","@graph":[{"@type":"WebPage","@id":"https:\/\/tonalibus.org\/about-tonalibus\/fidibus\/","url":"https:\/\/tonalibus.org\/about-tonalibus\/fidibus\/","name":"Fidibus - TONALIBUS, Harmonie et tonalit\u00e9s ancr\u00e9es","isPartOf":{"@id":"https:\/\/tonalibus.org\/de\/#website"},"primaryImageOfPage":{"@id":"https:\/\/tonalibus.org\/about-tonalibus\/fidibus\/#primaryimage"},"image":{"@id":"https:\/\/tonalibus.org\/about-tonalibus\/fidibus\/#primaryimage"},"thumbnailUrl":"https:\/\/tonalibus.org\/wp-content\/uploads\/2020\/08\/BE-on-top-of-it-all-2.jpg","datePublished":"2020-08-02T18:31:23+00:00","dateModified":"2026-02-03T10:46:24+00:00","description":"Fidibus est le nom de la boutique du site Tonalibus. Il s'agit d'offrir des services, des \u00e9v\u00e9nements et des produits qui favorisent l'harmonie et le bien-\u00eatre.","breadcrumb":{"@id":"https:\/\/tonalibus.org\/about-tonalibus\/fidibus\/#breadcrumb"},"inLanguage":"fr-FR","potentialAction":[{"@type":"ReadAction","target":["https:\/\/tonalibus.org\/about-tonalibus\/fidibus\/"]}]},{"@type":"ImageObject","inLanguage":"fr-FR","@id":"https:\/\/tonalibus.org\/about-tonalibus\/fidibus\/#primaryimage","url":"https:\/\/tonalibus.org\/wp-content\/uploads\/2020\/08\/BE-on-top-of-it-all-2.jpg","contentUrl":"https:\/\/tonalibus.org\/wp-content\/uploads\/2020\/08\/BE-on-top-of-it-all-2.jpg"},{"@type":"BreadcrumbList","@id":"https:\/\/tonalibus.org\/about-tonalibus\/fidibus\/#breadcrumb","itemListElement":[{"@type":"ListItem","position":1,"name":"Home","item":"https:\/\/tonalibus.org\/"},{"@type":"ListItem","position":2,"name":"About","item":"https:\/\/tonalibus.org\/about-tonalibus\/"},{"@type":"ListItem","position":3,"name":"Fidibus"}]},{"@type":"WebSite","@id":"https:\/\/tonalibus.org\/de\/#website","url":"https:\/\/tonalibus.org\/de\/","name":"TONALIBUS","description":"Harmonie et tonalit\u00e9s ancr\u00e9es","publisher":{"@id":"https:\/\/tonalibus.org\/de\/#\/schema\/person\/749261d7bc96d1f00127273f83ab96a4"},"potentialAction":[{"@type":"SearchAction","target":{"@type":"EntryPoint","urlTemplate":"https:\/\/tonalibus.org\/de\/?s={search_term_string}"},"query-input":{"@type":"PropertyValueSpecification","valueRequired":true,"valueName":"search_term_string"}}],"inLanguage":"fr-FR"},{"@type":["Person","Organization"],"@id":"https:\/\/tonalibus.org\/de\/#\/schema\/person\/749261d7bc96d1f00127273f83ab96a4","name":"Ulrico","image":{"@type":"ImageObject","inLanguage":"fr-FR","@id":"https:\/\/tonalibus.org\/wp-content\/uploads\/2020\/06\/uli-pix.jpg","url":"https:\/\/tonalibus.org\/wp-content\/uploads\/2020\/06\/uli-pix.jpg","contentUrl":"https:\/\/tonalibus.org\/wp-content\/uploads\/2020\/06\/uli-pix.jpg","width":960,"height":720,"caption":"Ulrico"},"logo":{"@id":"https:\/\/tonalibus.org\/wp-content\/uploads\/2020\/06\/uli-pix.jpg"},"sameAs":["https:\/\/tonalibus.cyon.site"]}]}},"_links":{"self":[{"href":"https:\/\/tonalibus.org\/fr\/wp-json\/wp\/v2\/pages\/3649","targetHints":{"allow":["GET"]}}],"collection":[{"href":"https:\/\/tonalibus.org\/fr\/wp-json\/wp\/v2\/pages"}],"about":[{"href":"https:\/\/tonalibus.org\/fr\/wp-json\/wp\/v2\/types\/page"}],"author":[{"embeddable":true,"href":"https:\/\/tonalibus.org\/fr\/wp-json\/wp\/v2\/users\/1"}],"replies":[{"embeddable":true,"href":"https:\/\/tonalibus.org\/fr\/wp-json\/wp\/v2\/comments?post=3649"}],"version-history":[{"count":2,"href":"https:\/\/tonalibus.org\/fr\/wp-json\/wp\/v2\/pages\/3649\/revisions"}],"predecessor-version":[{"id":38253,"href":"https:\/\/tonalibus.org\/fr\/wp-json\/wp\/v2\/pages\/3649\/revisions\/38253"}],"up":[{"embeddable":true,"href":"https:\/\/tonalibus.org\/fr\/wp-json\/wp\/v2\/pages\/2"}],"wp:attachment":[{"href":"https:\/\/tonalibus.org\/fr\/wp-json\/wp\/v2\/media?parent=3649"}],"curies":[{"name":"wp","href":"https:\/\/api.w.org\/{rel}","templated":true}]}}