{"id":38720,"date":"2026-03-23T12:53:57","date_gmt":"2026-03-23T11:53:57","guid":{"rendered":"https:\/\/tonalibus.org\/?page_id=38720"},"modified":"2026-04-29T09:14:29","modified_gmt":"2026-04-29T07:14:29","slug":"spring-2026-sounds","status":"publish","type":"page","link":"https:\/\/tonalibus.org\/fr\/sounds\/2026-sounds-and-images\/spring-2026-sounds\/","title":{"rendered":"Sons du printemps 2026"},"content":{"rendered":"<h2 class=\"wp-block-heading has-text-color has-link-color wp-elements-0bdf3a3cf0f5e77753c18d0ab446f26f\" style=\"color:#f7b320\">Sons personnels et de coop\u00e9ration du printemps 2026<\/h2>\n\n\n\n<div class=\"wp-block-buttons is-content-justification-center is-layout-flex wp-container-core-buttons-is-layout-16018d1d wp-block-buttons-is-layout-flex\">\n<div class=\"wp-block-button is-style-outline is-style-outline--1\"><a class=\"wp-block-button__link wp-element-button\" href=\"#may\">mai 2026<\/a><\/div>\n\n\n\n<div class=\"wp-block-button is-style-outline is-style-outline--2\"><a class=\"wp-block-button__link wp-element-button\" href=\"#april\">avril 2026<\/a><\/div>\n\n\n\n<div class=\"wp-block-button is-style-outline is-style-outline--3\"><a class=\"wp-block-button__link wp-element-button\" href=\"#march\">mars 2026<\/a><\/div>\n<\/div>\n\n\n\n<div style=\"height:40px\" aria-hidden=\"true\" class=\"wp-block-spacer\"><\/div>\n\n\n\n<p class=\"has-text-color has-link-color wp-elements-55926936a2a0fa3beca2879bd3f42914\" style=\"color:#f7b320\">Vous trouverez ci-dessous des sons personnels et de coop\u00e9ration<strong> <\/strong>du printemps 2026.<strong> <\/strong>Il s'agit d'improvisations et de paysages sonores spontan\u00e9s et originaux r\u00e9alis\u00e9s par <a href=\"https:\/\/tonalibus.org\/fr\/about-tonalibus\/ulrico\/\"><mark style=\"background-color:rgba(0, 0, 0, 0);color:#f7b320\" class=\"has-inline-color\">Ulrico<\/mark><\/a><mark style=\"background-color:rgba(0, 0, 0, 0)\" class=\"has-inline-color has-black-color\"><\/mark> sur divers instruments, \u00e0 plusieurs pistes ou \u00e0 piste unique, plus des pi\u00e8ces de coop\u00e9ration avec d'autres musiciens, comme indiqu\u00e9.<\/p>\n\n\n\n<h2 class=\"wp-block-heading\" id=\"april\">Sons d'avril 2026<\/h2>\n\n\n\n<h2 class=\"wp-block-heading has-text-color has-link-color wp-elements-5e2f7970a4049c2e2d06a935d82103e9\" id=\"happy\" style=\"color:#f7b320\">\u201cHappy about impermanence\u201d \u2013 c'est possible !<\/h2>\n\n\n\n<figure class=\"wp-block-audio\"><audio controls src=\"https:\/\/tonalibus.org\/wp-content\/uploads\/2026\/04\/2026-04-27-NCGOLS.mp3\" preload=\"metadata\"><\/audio><figcaption class=\"wp-element-caption\"><a href=\"https:\/\/tonalibus.org\/fr\/tonalities\/reach-or-harmonic-heptatonalities\/reachupmix\/\" type=\"page\" id=\"586\"><mark style=\"background-color:rgba(0, 0, 0, 0);color:#f7b320\" class=\"has-inline-color\">ReachUpMix<\/mark><\/a><mark style=\"background-color:rgba(0, 0, 0, 0);color:#f7b320\" class=\"has-inline-color\"> \/ <\/mark><a href=\"https:\/\/tonalibus.org\/fr\/tonalities\/reach-or-harmonic-heptatonalities\/reachupmaj\/\" type=\"page\" id=\"588\"><mark style=\"background-color:rgba(0, 0, 0, 0);color:#f7b320\" class=\"has-inline-color\">ReachUpMaj<\/mark><\/a><mark style=\"background-color:rgba(0, 0, 0, 0);color:#f7b320\" class=\"has-inline-color\"> sur Mi (sans septi\u00e8me, mais avec une br\u00e8ve tierce majeure transitoire), menant \u00e0 et se dissolvant dans <\/mark><a href=\"https:\/\/tonalibus.org\/fr\/tonalities\/tritone-or-blues-tonalities\/bluemix\/\" type=\"page\" id=\"619\"><mark style=\"background-color:rgba(0, 0, 0, 0);color:#f7b320\" class=\"has-inline-color\">BlueMix <\/mark><\/a><mark style=\"background-color:rgba(0, 0, 0, 0);color:#f7b320\" class=\"has-inline-color\">sur Do# (rel. La 438 Hz) \u2013 paire de cymbales n\u00e9palaises, quatre gongs \u00e0 d\u00f4me (les quatre coins du temple sonore), guitare lap slide \u2013 7:18<\/mark><\/figcaption><\/figure>\n\n\n\n<h3 class=\"wp-block-heading has-text-color has-link-color wp-elements-617ab75da585ce1290a28fdabb1c010c\" id=\"metta\" style=\"color:#f7b320\">\u201cMett\u0101 cetovimutti\u201d \u2013 liberation du c\u0153ur par l'amour<\/h3>\n\n\n\n<figure class=\"wp-block-audio\"><audio controls src=\"https:\/\/tonalibus.org\/wp-content\/uploads\/2026\/04\/2026-04-09-8G.mp3\"><\/audio><figcaption class=\"wp-element-caption\"><a href=\"https:\/\/tonalibus.org\/fr\/tonalities\/hexatonalities\/hexamixla\/\" type=\"page\" id=\"648\"><mark style=\"background-color:rgba(0, 0, 0, 0);color:#f7b320\" class=\"has-inline-color\">HexaMixLa<\/mark><\/a><mark style=\"background-color:rgba(0, 0, 0, 0);color:#f7b320\" class=\"has-inline-color\"> avec une touche <\/mark><a href=\"https:\/\/tonalibus.org\/fr\/tonalities\/diatonic-heptatonalities\/mixolydian\/\" type=\"page\" id=\"555\"><mark style=\"background-color:rgba(0, 0, 0, 0);color:#f7b320\" class=\"has-inline-color\">Mixolydien<\/mark><\/a><mark style=\"background-color:rgba(0, 0, 0, 0);color:#f7b320\" class=\"has-inline-color\"> sur Do# 138 Hz (rel. La 438 Hz) \u2013 guitare \u00e0 8 cordes \u2013 7:18<\/mark><\/figcaption><\/figure>\n\n\n\n<h2 class=\"wp-block-heading\" id=\"march\">Sons de mars 2026<\/h2>\n\n\n\n<h3 class=\"wp-block-heading has-text-color has-link-color wp-elements-e4de0da78f8b9ab4d76a0b184e7859b6\" id=\"letgo\" style=\"color:#f7b320\">\u201cNo more, no less\u201d \u2013 l\u00e2cher prise compl\u00e8tement<\/h3>\n\n\n\n<figure class=\"wp-block-audio\"><audio controls src=\"https:\/\/tonalibus.org\/wp-content\/uploads\/2026\/03\/2026-03-23-BUKSAWTAN.mp3\" preload=\"metadata\"><\/audio><figcaption class=\"wp-element-caption\"><a href=\"https:\/\/tonalibus.org\/fr\/tonalities\/pentatonalities\/pentamin-or-pentaeol-pentatonic-minor\/\" type=\"page\" id=\"664\"><mark style=\"background-color:rgba(0, 0, 0, 0);color:#f7b320\" class=\"has-inline-color\">PentaMin\/Penta\u00c9ol<\/mark><\/a><mark style=\"background-color:rgba(0, 0, 0, 0);color:#f7b320\" class=\"has-inline-color\"> (mineur pentatonique) sur Sol# \u00b151 Hz (rel. La 438 Hz) \u2013 ukul\u00e9l\u00e9 basse, scie musicale, tanpura \u2013 4:04<\/mark><\/figcaption><\/figure>\n\n\n\n<div style=\"height:55px\" aria-hidden=\"true\" class=\"wp-block-spacer\"><\/div>\n\n\n\n<figure class=\"wp-block-image size-large\"><img loading=\"lazy\" decoding=\"async\" width=\"1024\" height=\"512\" src=\"https:\/\/tonalibus.org\/wp-content\/uploads\/2026\/03\/20260224_093704719_iOS-xc-1024x512.jpg\" alt=\"Spring 2026 sounds\" class=\"wp-image-38687\" srcset=\"https:\/\/tonalibus.org\/wp-content\/uploads\/2026\/03\/20260224_093704719_iOS-xc-1024x512.jpg 1024w, https:\/\/tonalibus.org\/wp-content\/uploads\/2026\/03\/20260224_093704719_iOS-xc-300x150.jpg 300w, https:\/\/tonalibus.org\/wp-content\/uploads\/2026\/03\/20260224_093704719_iOS-xc-768x384.jpg 768w, https:\/\/tonalibus.org\/wp-content\/uploads\/2026\/03\/20260224_093704719_iOS-xc-1536x768.jpg 1536w, https:\/\/tonalibus.org\/wp-content\/uploads\/2026\/03\/20260224_093704719_iOS-xc-2048x1024.jpg 2048w, https:\/\/tonalibus.org\/wp-content\/uploads\/2026\/03\/20260224_093704719_iOS-xc-18x9.jpg 18w, https:\/\/tonalibus.org\/wp-content\/uploads\/2026\/03\/20260224_093704719_iOS-xc-1320x660.jpg 1320w\" sizes=\"auto, (max-width: 706px) 89vw, (max-width: 767px) 82vw, 740px\" \/><figcaption class=\"wp-element-caption\">Premi\u00e8re fleur de crocus au d\u00e9but du printemps, visit\u00e9e par une abeille aventureuse \u2013 f\u00e9vrier 2026 \u2013 pr\u00e8s de Berne, Suisse<\/figcaption><\/figure>","protected":false},"excerpt":{"rendered":"<p>Personal and cooperation sounds from spring 2026 Below you find personal and cooperation sounds from spring 2026. They are spontaneous, original improvisations and soundscapes by Ulrico on various instruments, multi-layered or single track, plus cooperation pieces with other musicians as noted. Sounds of April 2026 &#8220;Happy about impermanence&#8221; &#8212; it can be! &#8220;Mett\u0101 cetovimutti&#8221; &#8212; &hellip; <\/p>\n<p class=\"link-more\"><a href=\"https:\/\/tonalibus.org\/fr\/sounds\/2026-sounds-and-images\/spring-2026-sounds\/\" class=\"more-link\">Continuer la lecture<span class=\"screen-reader-text\"> de &laquo;&nbsp;Spring 2026 sounds&nbsp;&raquo;<\/span><\/a><\/p>","protected":false},"author":1,"featured_media":0,"parent":38207,"menu_order":0,"comment_status":"closed","ping_status":"closed","template":"","meta":{"footnotes":""},"class_list":["post-38720","page","type-page","status-publish","hentry"],"yoast_head":"<!-- This site is optimized with the Yoast SEO plugin v27.5 - https:\/\/yoast.com\/product\/yoast-seo-wordpress\/ -->\n<title>Spring 2026 sounds &#8211; TONALIBUS Harmony and Tonalities<\/title>\n<meta name=\"description\" content=\"Here you find personal Spring 2026 sounds. They are spontaneous, original improvisations and soundscapes by Ulrico (and friends).\" \/>\n<meta name=\"robots\" content=\"index, follow, max-snippet:-1, max-image-preview:large, max-video-preview:-1\" \/>\n<link rel=\"canonical\" href=\"https:\/\/tonalibus.org\/fr\/sounds\/2026-sounds-and-images\/spring-2026-sounds\/\" \/>\n<meta property=\"og:locale\" content=\"fr_FR\" \/>\n<meta property=\"og:type\" content=\"article\" \/>\n<meta property=\"og:title\" content=\"Spring 2026 sounds &#8211; TONALIBUS Harmony and Tonalities\" \/>\n<meta property=\"og:description\" content=\"Here you find personal Spring 2026 sounds. They are spontaneous, original improvisations and soundscapes by Ulrico (and friends).\" \/>\n<meta property=\"og:url\" content=\"https:\/\/tonalibus.org\/fr\/sounds\/2026-sounds-and-images\/spring-2026-sounds\/\" \/>\n<meta property=\"og:site_name\" content=\"TONALIBUS\" \/>\n<meta property=\"article:modified_time\" content=\"2026-04-29T07:14:29+00:00\" \/>\n<meta property=\"og:image\" content=\"https:\/\/tonalibus.org\/wp-content\/uploads\/2026\/03\/20260224_093704719_iOS-xc-scaled.jpg\" \/>\n\t<meta property=\"og:image:width\" content=\"2560\" \/>\n\t<meta property=\"og:image:height\" content=\"1280\" \/>\n\t<meta property=\"og:image:type\" content=\"image\/jpeg\" \/>\n<meta name=\"twitter:card\" content=\"summary_large_image\" \/>\n<meta name=\"twitter:label1\" content=\"Dur\u00e9e de lecture estim\u00e9e\" \/>\n\t<meta name=\"twitter:data1\" content=\"1 minute\" \/>\n<script type=\"application\/ld+json\" class=\"yoast-schema-graph\">{\"@context\":\"https:\\\/\\\/schema.org\",\"@graph\":[{\"@type\":\"WebPage\",\"@id\":\"https:\\\/\\\/tonalibus.org\\\/sounds\\\/2026-sounds-and-images\\\/spring-2026-sounds\\\/\",\"url\":\"https:\\\/\\\/tonalibus.org\\\/sounds\\\/2026-sounds-and-images\\\/spring-2026-sounds\\\/\",\"name\":\"Spring 2026 sounds &#8211; TONALIBUS Harmony and Tonalities\",\"isPartOf\":{\"@id\":\"https:\\\/\\\/tonalibus.org\\\/de\\\/#website\"},\"primaryImageOfPage\":{\"@id\":\"https:\\\/\\\/tonalibus.org\\\/sounds\\\/2026-sounds-and-images\\\/spring-2026-sounds\\\/#primaryimage\"},\"image\":{\"@id\":\"https:\\\/\\\/tonalibus.org\\\/sounds\\\/2026-sounds-and-images\\\/spring-2026-sounds\\\/#primaryimage\"},\"thumbnailUrl\":\"https:\\\/\\\/tonalibus.org\\\/wp-content\\\/uploads\\\/2026\\\/03\\\/20260224_093704719_iOS-xc-1024x512.jpg\",\"datePublished\":\"2026-03-23T11:53:57+00:00\",\"dateModified\":\"2026-04-29T07:14:29+00:00\",\"description\":\"Here you find personal Spring 2026 sounds. They are spontaneous, original improvisations and soundscapes by Ulrico (and friends).\",\"breadcrumb\":{\"@id\":\"https:\\\/\\\/tonalibus.org\\\/sounds\\\/2026-sounds-and-images\\\/spring-2026-sounds\\\/#breadcrumb\"},\"inLanguage\":\"fr-FR\",\"potentialAction\":[{\"@type\":\"ReadAction\",\"target\":[\"https:\\\/\\\/tonalibus.org\\\/sounds\\\/2026-sounds-and-images\\\/spring-2026-sounds\\\/\"]}]},{\"@type\":\"ImageObject\",\"inLanguage\":\"fr-FR\",\"@id\":\"https:\\\/\\\/tonalibus.org\\\/sounds\\\/2026-sounds-and-images\\\/spring-2026-sounds\\\/#primaryimage\",\"url\":\"https:\\\/\\\/tonalibus.org\\\/wp-content\\\/uploads\\\/2026\\\/03\\\/20260224_093704719_iOS-xc-1024x512.jpg\",\"contentUrl\":\"https:\\\/\\\/tonalibus.org\\\/wp-content\\\/uploads\\\/2026\\\/03\\\/20260224_093704719_iOS-xc-1024x512.jpg\"},{\"@type\":\"BreadcrumbList\",\"@id\":\"https:\\\/\\\/tonalibus.org\\\/sounds\\\/2026-sounds-and-images\\\/spring-2026-sounds\\\/#breadcrumb\",\"itemListElement\":[{\"@type\":\"ListItem\",\"position\":1,\"name\":\"Home\",\"item\":\"https:\\\/\\\/tonalibus.org\\\/\"},{\"@type\":\"ListItem\",\"position\":2,\"name\":\"Sounds\",\"item\":\"https:\\\/\\\/tonalibus.org\\\/sounds\\\/\"},{\"@type\":\"ListItem\",\"position\":3,\"name\":\"2026 Sounds and Images\",\"item\":\"https:\\\/\\\/tonalibus.org\\\/sounds\\\/2026-sounds-and-images\\\/\"},{\"@type\":\"ListItem\",\"position\":4,\"name\":\"Spring 2026 sounds\"}]},{\"@type\":\"WebSite\",\"@id\":\"https:\\\/\\\/tonalibus.org\\\/de\\\/#website\",\"url\":\"https:\\\/\\\/tonalibus.org\\\/de\\\/\",\"name\":\"TONALIBUS\",\"description\":\"Anchored Harmony and Tonalities\",\"publisher\":{\"@id\":\"https:\\\/\\\/tonalibus.org\\\/de\\\/#\\\/schema\\\/person\\\/749261d7bc96d1f00127273f83ab96a4\"},\"potentialAction\":[{\"@type\":\"SearchAction\",\"target\":{\"@type\":\"EntryPoint\",\"urlTemplate\":\"https:\\\/\\\/tonalibus.org\\\/de\\\/?s={search_term_string}\"},\"query-input\":{\"@type\":\"PropertyValueSpecification\",\"valueRequired\":true,\"valueName\":\"search_term_string\"}}],\"inLanguage\":\"fr-FR\"},{\"@type\":[\"Person\",\"Organization\"],\"@id\":\"https:\\\/\\\/tonalibus.org\\\/de\\\/#\\\/schema\\\/person\\\/749261d7bc96d1f00127273f83ab96a4\",\"name\":\"Ulrico\",\"image\":{\"@type\":\"ImageObject\",\"inLanguage\":\"fr-FR\",\"@id\":\"https:\\\/\\\/tonalibus.org\\\/wp-content\\\/uploads\\\/2020\\\/06\\\/uli-pix.jpg\",\"url\":\"https:\\\/\\\/tonalibus.org\\\/wp-content\\\/uploads\\\/2020\\\/06\\\/uli-pix.jpg\",\"contentUrl\":\"https:\\\/\\\/tonalibus.org\\\/wp-content\\\/uploads\\\/2020\\\/06\\\/uli-pix.jpg\",\"width\":960,\"height\":720,\"caption\":\"Ulrico\"},\"logo\":{\"@id\":\"https:\\\/\\\/tonalibus.org\\\/wp-content\\\/uploads\\\/2020\\\/06\\\/uli-pix.jpg\"},\"sameAs\":[\"https:\\\/\\\/tonalibus.cyon.site\"]}]}<\/script>\n<!-- \/ Yoast SEO plugin. -->","yoast_head_json":{"title":"Spring 2026 sounds &#8211; TONALIBUS Harmony and Tonalities","description":"Here you find personal Spring 2026 sounds. They are spontaneous, original improvisations and soundscapes by Ulrico (and friends).","robots":{"index":"index","follow":"follow","max-snippet":"max-snippet:-1","max-image-preview":"max-image-preview:large","max-video-preview":"max-video-preview:-1"},"canonical":"https:\/\/tonalibus.org\/fr\/sounds\/2026-sounds-and-images\/spring-2026-sounds\/","og_locale":"fr_FR","og_type":"article","og_title":"Spring 2026 sounds &#8211; TONALIBUS Harmony and Tonalities","og_description":"Here you find personal Spring 2026 sounds. They are spontaneous, original improvisations and soundscapes by Ulrico (and friends).","og_url":"https:\/\/tonalibus.org\/fr\/sounds\/2026-sounds-and-images\/spring-2026-sounds\/","og_site_name":"TONALIBUS","article_modified_time":"2026-04-29T07:14:29+00:00","og_image":[{"width":2560,"height":1280,"url":"https:\/\/tonalibus.org\/wp-content\/uploads\/2026\/03\/20260224_093704719_iOS-xc-scaled.jpg","type":"image\/jpeg"}],"twitter_card":"summary_large_image","twitter_misc":{"Dur\u00e9e de lecture estim\u00e9e":"1 minute"},"schema":{"@context":"https:\/\/schema.org","@graph":[{"@type":"WebPage","@id":"https:\/\/tonalibus.org\/sounds\/2026-sounds-and-images\/spring-2026-sounds\/","url":"https:\/\/tonalibus.org\/sounds\/2026-sounds-and-images\/spring-2026-sounds\/","name":"Spring 2026 sounds &#8211; TONALIBUS Harmony and Tonalities","isPartOf":{"@id":"https:\/\/tonalibus.org\/de\/#website"},"primaryImageOfPage":{"@id":"https:\/\/tonalibus.org\/sounds\/2026-sounds-and-images\/spring-2026-sounds\/#primaryimage"},"image":{"@id":"https:\/\/tonalibus.org\/sounds\/2026-sounds-and-images\/spring-2026-sounds\/#primaryimage"},"thumbnailUrl":"https:\/\/tonalibus.org\/wp-content\/uploads\/2026\/03\/20260224_093704719_iOS-xc-1024x512.jpg","datePublished":"2026-03-23T11:53:57+00:00","dateModified":"2026-04-29T07:14:29+00:00","description":"Here you find personal Spring 2026 sounds. They are spontaneous, original improvisations and soundscapes by Ulrico (and friends).","breadcrumb":{"@id":"https:\/\/tonalibus.org\/sounds\/2026-sounds-and-images\/spring-2026-sounds\/#breadcrumb"},"inLanguage":"fr-FR","potentialAction":[{"@type":"ReadAction","target":["https:\/\/tonalibus.org\/sounds\/2026-sounds-and-images\/spring-2026-sounds\/"]}]},{"@type":"ImageObject","inLanguage":"fr-FR","@id":"https:\/\/tonalibus.org\/sounds\/2026-sounds-and-images\/spring-2026-sounds\/#primaryimage","url":"https:\/\/tonalibus.org\/wp-content\/uploads\/2026\/03\/20260224_093704719_iOS-xc-1024x512.jpg","contentUrl":"https:\/\/tonalibus.org\/wp-content\/uploads\/2026\/03\/20260224_093704719_iOS-xc-1024x512.jpg"},{"@type":"BreadcrumbList","@id":"https:\/\/tonalibus.org\/sounds\/2026-sounds-and-images\/spring-2026-sounds\/#breadcrumb","itemListElement":[{"@type":"ListItem","position":1,"name":"Home","item":"https:\/\/tonalibus.org\/"},{"@type":"ListItem","position":2,"name":"Sounds","item":"https:\/\/tonalibus.org\/sounds\/"},{"@type":"ListItem","position":3,"name":"2026 Sounds and Images","item":"https:\/\/tonalibus.org\/sounds\/2026-sounds-and-images\/"},{"@type":"ListItem","position":4,"name":"Spring 2026 sounds"}]},{"@type":"WebSite","@id":"https:\/\/tonalibus.org\/de\/#website","url":"https:\/\/tonalibus.org\/de\/","name":"TONALIBUS","description":"Harmonie et tonalit\u00e9s ancr\u00e9es","publisher":{"@id":"https:\/\/tonalibus.org\/de\/#\/schema\/person\/749261d7bc96d1f00127273f83ab96a4"},"potentialAction":[{"@type":"SearchAction","target":{"@type":"EntryPoint","urlTemplate":"https:\/\/tonalibus.org\/de\/?s={search_term_string}"},"query-input":{"@type":"PropertyValueSpecification","valueRequired":true,"valueName":"search_term_string"}}],"inLanguage":"fr-FR"},{"@type":["Person","Organization"],"@id":"https:\/\/tonalibus.org\/de\/#\/schema\/person\/749261d7bc96d1f00127273f83ab96a4","name":"Ulrico","image":{"@type":"ImageObject","inLanguage":"fr-FR","@id":"https:\/\/tonalibus.org\/wp-content\/uploads\/2020\/06\/uli-pix.jpg","url":"https:\/\/tonalibus.org\/wp-content\/uploads\/2020\/06\/uli-pix.jpg","contentUrl":"https:\/\/tonalibus.org\/wp-content\/uploads\/2020\/06\/uli-pix.jpg","width":960,"height":720,"caption":"Ulrico"},"logo":{"@id":"https:\/\/tonalibus.org\/wp-content\/uploads\/2020\/06\/uli-pix.jpg"},"sameAs":["https:\/\/tonalibus.cyon.site"]}]}},"_links":{"self":[{"href":"https:\/\/tonalibus.org\/fr\/wp-json\/wp\/v2\/pages\/38720","targetHints":{"allow":["GET"]}}],"collection":[{"href":"https:\/\/tonalibus.org\/fr\/wp-json\/wp\/v2\/pages"}],"about":[{"href":"https:\/\/tonalibus.org\/fr\/wp-json\/wp\/v2\/types\/page"}],"author":[{"embeddable":true,"href":"https:\/\/tonalibus.org\/fr\/wp-json\/wp\/v2\/users\/1"}],"replies":[{"embeddable":true,"href":"https:\/\/tonalibus.org\/fr\/wp-json\/wp\/v2\/comments?post=38720"}],"version-history":[{"count":5,"href":"https:\/\/tonalibus.org\/fr\/wp-json\/wp\/v2\/pages\/38720\/revisions"}],"predecessor-version":[{"id":38854,"href":"https:\/\/tonalibus.org\/fr\/wp-json\/wp\/v2\/pages\/38720\/revisions\/38854"}],"up":[{"embeddable":true,"href":"https:\/\/tonalibus.org\/fr\/wp-json\/wp\/v2\/pages\/38207"}],"wp:attachment":[{"href":"https:\/\/tonalibus.org\/fr\/wp-json\/wp\/v2\/media?parent=38720"}],"curies":[{"name":"wp","href":"https:\/\/api.w.org\/{rel}","templated":true}]}}