{"id":416,"date":"2020-06-17T10:41:32","date_gmt":"2020-06-17T08:41:32","guid":{"rendered":"https:\/\/tonalibus.org\/?page_id=416"},"modified":"2026-04-19T11:37:46","modified_gmt":"2026-04-19T09:37:46","slug":"start","status":"publish","type":"page","link":"https:\/\/tonalibus.org\/fr\/","title":{"rendered":"D\u00e9but"},"content":{"rendered":"<p class=\"has-text-color has-link-color wp-elements-d752e06e1b41e92623de5265c634b717\" style=\"color:#f7b320\"><a href=\"https:\/\/tonalibus.org\/fr\/shop\/tonalibus-r-s-t-album\/\" type=\"page\" id=\"38450\"><mark style=\"background-color:rgba(0, 0, 0, 0);color:#f7b320\" class=\"has-inline-color\">Album \u201cTonalibus R, S &amp; T\u201d<\/mark><\/a> sorti le 1er mai sur Spotify, YouTube, Apple, Amazon, etc.<\/p>\n\n\n\n<p>\u201cEnsemble dans l'harmonie de la vie\u201d \u2013 dimanche <a href=\"https:\/\/www.buddhismus-bern.ch\/anl%C3%A4sse\/wiederkehrende-anl%C3%A4sse-1\/#60\" target=\"_blank\" rel=\"noreferrer noopener\">24 mai, Maison des religions<\/a> \u00e0 Berne<\/p>\n\n\n\n<div style=\"height:40px\" aria-hidden=\"true\" class=\"wp-block-spacer\"><\/div>\n\n\n\n<p class=\"has-text-color\" id=\"tonomth\" style=\"color:#f7b320\"><mark style=\"background-color:rgba(0, 0, 0, 0);color:#f7b320\" class=\"has-inline-color\">La <\/mark><a href=\"https:\/\/tonalibus.org\/fr\/2026\/02\/16\/tonality-of-the-moment-hexablunamix\/\" type=\"post\" id=\"38381\"><mark style=\"background-color:rgba(0, 0, 0, 0);color:#f7b320\" class=\"has-inline-color\">tonalit\u00e9 du moment<\/mark><\/a> est <mark style=\"background-color:rgba(0, 0, 0, 0);color:#f7b320\" class=\"has-inline-color\">HexaBluNaMix <\/mark><em><mark style=\"background-color:rgba(0, 0, 0, 0);color:#f7b320\" class=\"has-inline-color\"><\/mark><\/em><mark style=\"background-color:rgba(0, 0, 0, 0);color:#f7b320\" class=\"has-inline-color\">\u2013 avec un \u00e9chantillon sonore au d\u00e9but :<\/mark><\/p>\n\n\n\n<figure class=\"wp-block-audio\"><audio controls src=\"https:\/\/tonalibus.org\/wp-content\/uploads\/2026\/01\/2026-01-29-7GTA.mp3\" preload=\"metadata\"><\/audio><figcaption class=\"wp-element-caption\"><mark style=\"background-color:rgba(0, 0, 0, 0);color:#f7b320\" class=\"has-inline-color\">HexaBluNaMix sur Sol# \u2013 \u00e9chantillon sonore \u2013 guitare \u00e0 7 cordes \u2013 6:27 \u2013 <\/mark><a href=\"https:\/\/tonalibus.org\/fr\/tonalities\/hexatonalities\/hexablunamix\/hexablunamix-loops\/\" type=\"page\" id=\"30711\" target=\"_blank\" rel=\"noreferrer noopener\"><mark style=\"background-color:rgba(0, 0, 0, 0);color:#f7b320\" class=\"has-inline-color\">en loop<\/mark><\/a><mark style=\"background-color:rgba(0, 0, 0, 0);color:#f7b320\" class=\"has-inline-color\"> sur un onglet s\u00e9par\u00e9<\/mark><\/figcaption><\/figure>\n\n\n\n<p><\/p>","protected":false},"excerpt":{"rendered":"<p>Album &#8220;Tonalibus R, S &amp; T&#8221; release on May 1 on Spotify, YouTube, Apple, Amazon, etc. &#8220;Together in the harmony of life&#8221; &#8212; Sunday May 24 at the House of Religions in Bern The tonality of the moment is HexaBluNaMix &#8212; with a calm sound sample to start:<\/p>","protected":false},"author":1,"featured_media":0,"parent":0,"menu_order":1,"comment_status":"closed","ping_status":"closed","template":"","meta":{"footnotes":""},"class_list":["post-416","page","type-page","status-publish","hentry"],"yoast_head":"<!-- This site is optimized with the Yoast SEO plugin v27.4 - https:\/\/yoast.com\/product\/yoast-seo-wordpress\/ -->\n<title>Start &#8211; TONALIBUS, Anchored Harmony and Tonalities<\/title>\n<meta name=\"description\" content=\"For practical use to start, Tonalibus provides an overview and reference of anchored tonalities, and their inherent harmonic qualities.\" \/>\n<meta name=\"robots\" content=\"index, follow, max-snippet:-1, max-image-preview:large, max-video-preview:-1\" \/>\n<link rel=\"canonical\" href=\"https:\/\/tonalibus.org\/fr\/\" \/>\n<meta property=\"og:locale\" content=\"fr_FR\" \/>\n<meta property=\"og:type\" content=\"article\" \/>\n<meta property=\"og:title\" content=\"Start &#8211; TONALIBUS, Anchored Harmony and Tonalities\" \/>\n<meta property=\"og:description\" content=\"For practical use to start, Tonalibus provides an overview and reference of anchored tonalities, and their inherent harmonic qualities.\" \/>\n<meta property=\"og:url\" content=\"https:\/\/tonalibus.org\/fr\/\" \/>\n<meta property=\"og:site_name\" content=\"TONALIBUS\" \/>\n<meta property=\"article:modified_time\" content=\"2026-04-19T09:37:46+00:00\" \/>\n<meta name=\"twitter:card\" content=\"summary_large_image\" \/>\n<meta name=\"twitter:label1\" content=\"Dur\u00e9e de lecture estim\u00e9e\" \/>\n\t<meta name=\"twitter:data1\" content=\"1 minute\" \/>\n<script type=\"application\/ld+json\" class=\"yoast-schema-graph\">{\"@context\":\"https:\\\/\\\/schema.org\",\"@graph\":[{\"@type\":\"WebPage\",\"@id\":\"https:\\\/\\\/tonalibus.org\\\/\",\"url\":\"https:\\\/\\\/tonalibus.org\\\/\",\"name\":\"Start &#8211; TONALIBUS, Anchored Harmony and Tonalities\",\"isPartOf\":{\"@id\":\"https:\\\/\\\/tonalibus.org\\\/de\\\/#website\"},\"datePublished\":\"2020-06-17T08:41:32+00:00\",\"dateModified\":\"2026-04-19T09:37:46+00:00\",\"description\":\"For practical use to start, Tonalibus provides an overview and reference of anchored tonalities, and their inherent harmonic qualities.\",\"breadcrumb\":{\"@id\":\"https:\\\/\\\/tonalibus.org\\\/#breadcrumb\"},\"inLanguage\":\"fr-FR\",\"potentialAction\":[{\"@type\":\"ReadAction\",\"target\":[\"https:\\\/\\\/tonalibus.org\\\/\"]}]},{\"@type\":\"BreadcrumbList\",\"@id\":\"https:\\\/\\\/tonalibus.org\\\/#breadcrumb\",\"itemListElement\":[{\"@type\":\"ListItem\",\"position\":1,\"name\":\"Home\",\"item\":\"https:\\\/\\\/tonalibus.org\\\/\"},{\"@type\":\"ListItem\",\"position\":2,\"name\":\"Start\"}]},{\"@type\":\"WebSite\",\"@id\":\"https:\\\/\\\/tonalibus.org\\\/de\\\/#website\",\"url\":\"https:\\\/\\\/tonalibus.org\\\/de\\\/\",\"name\":\"TONALIBUS\",\"description\":\"Anchored Harmony and Tonalities\",\"publisher\":{\"@id\":\"https:\\\/\\\/tonalibus.org\\\/de\\\/#\\\/schema\\\/person\\\/749261d7bc96d1f00127273f83ab96a4\"},\"potentialAction\":[{\"@type\":\"SearchAction\",\"target\":{\"@type\":\"EntryPoint\",\"urlTemplate\":\"https:\\\/\\\/tonalibus.org\\\/de\\\/?s={search_term_string}\"},\"query-input\":{\"@type\":\"PropertyValueSpecification\",\"valueRequired\":true,\"valueName\":\"search_term_string\"}}],\"inLanguage\":\"fr-FR\"},{\"@type\":[\"Person\",\"Organization\"],\"@id\":\"https:\\\/\\\/tonalibus.org\\\/de\\\/#\\\/schema\\\/person\\\/749261d7bc96d1f00127273f83ab96a4\",\"name\":\"Ulrico\",\"image\":{\"@type\":\"ImageObject\",\"inLanguage\":\"fr-FR\",\"@id\":\"https:\\\/\\\/tonalibus.org\\\/wp-content\\\/uploads\\\/2020\\\/06\\\/uli-pix.jpg\",\"url\":\"https:\\\/\\\/tonalibus.org\\\/wp-content\\\/uploads\\\/2020\\\/06\\\/uli-pix.jpg\",\"contentUrl\":\"https:\\\/\\\/tonalibus.org\\\/wp-content\\\/uploads\\\/2020\\\/06\\\/uli-pix.jpg\",\"width\":960,\"height\":720,\"caption\":\"Ulrico\"},\"logo\":{\"@id\":\"https:\\\/\\\/tonalibus.org\\\/wp-content\\\/uploads\\\/2020\\\/06\\\/uli-pix.jpg\"},\"sameAs\":[\"https:\\\/\\\/tonalibus.cyon.site\"]}]}<\/script>\n<!-- \/ Yoast SEO plugin. -->","yoast_head_json":{"title":"Start - TONALIBUS, Harmonie ancr\u00e9e et tonalit\u00e9s","description":"Pour commencer, Tonalibus fournit un aper\u00e7u et une r\u00e9f\u00e9rence des tonalit\u00e9s ancr\u00e9es et de leurs qualit\u00e9s harmoniques inh\u00e9rentes.","robots":{"index":"index","follow":"follow","max-snippet":"max-snippet:-1","max-image-preview":"max-image-preview:large","max-video-preview":"max-video-preview:-1"},"canonical":"https:\/\/tonalibus.org\/fr\/","og_locale":"fr_FR","og_type":"article","og_title":"Start &#8211; TONALIBUS, Anchored Harmony and Tonalities","og_description":"For practical use to start, Tonalibus provides an overview and reference of anchored tonalities, and their inherent harmonic qualities.","og_url":"https:\/\/tonalibus.org\/fr\/","og_site_name":"TONALIBUS","article_modified_time":"2026-04-19T09:37:46+00:00","twitter_card":"summary_large_image","twitter_misc":{"Dur\u00e9e de lecture estim\u00e9e":"1 minute"},"schema":{"@context":"https:\/\/schema.org","@graph":[{"@type":"WebPage","@id":"https:\/\/tonalibus.org\/","url":"https:\/\/tonalibus.org\/","name":"Start - TONALIBUS, Harmonie ancr\u00e9e et tonalit\u00e9s","isPartOf":{"@id":"https:\/\/tonalibus.org\/de\/#website"},"datePublished":"2020-06-17T08:41:32+00:00","dateModified":"2026-04-19T09:37:46+00:00","description":"Pour commencer, Tonalibus fournit un aper\u00e7u et une r\u00e9f\u00e9rence des tonalit\u00e9s ancr\u00e9es et de leurs qualit\u00e9s harmoniques inh\u00e9rentes.","breadcrumb":{"@id":"https:\/\/tonalibus.org\/#breadcrumb"},"inLanguage":"fr-FR","potentialAction":[{"@type":"ReadAction","target":["https:\/\/tonalibus.org\/"]}]},{"@type":"BreadcrumbList","@id":"https:\/\/tonalibus.org\/#breadcrumb","itemListElement":[{"@type":"ListItem","position":1,"name":"Home","item":"https:\/\/tonalibus.org\/"},{"@type":"ListItem","position":2,"name":"Start"}]},{"@type":"WebSite","@id":"https:\/\/tonalibus.org\/de\/#website","url":"https:\/\/tonalibus.org\/de\/","name":"TONALIBUS","description":"Harmonie et tonalit\u00e9s ancr\u00e9es","publisher":{"@id":"https:\/\/tonalibus.org\/de\/#\/schema\/person\/749261d7bc96d1f00127273f83ab96a4"},"potentialAction":[{"@type":"SearchAction","target":{"@type":"EntryPoint","urlTemplate":"https:\/\/tonalibus.org\/de\/?s={search_term_string}"},"query-input":{"@type":"PropertyValueSpecification","valueRequired":true,"valueName":"search_term_string"}}],"inLanguage":"fr-FR"},{"@type":["Person","Organization"],"@id":"https:\/\/tonalibus.org\/de\/#\/schema\/person\/749261d7bc96d1f00127273f83ab96a4","name":"Ulrico","image":{"@type":"ImageObject","inLanguage":"fr-FR","@id":"https:\/\/tonalibus.org\/wp-content\/uploads\/2020\/06\/uli-pix.jpg","url":"https:\/\/tonalibus.org\/wp-content\/uploads\/2020\/06\/uli-pix.jpg","contentUrl":"https:\/\/tonalibus.org\/wp-content\/uploads\/2020\/06\/uli-pix.jpg","width":960,"height":720,"caption":"Ulrico"},"logo":{"@id":"https:\/\/tonalibus.org\/wp-content\/uploads\/2020\/06\/uli-pix.jpg"},"sameAs":["https:\/\/tonalibus.cyon.site"]}]}},"_links":{"self":[{"href":"https:\/\/tonalibus.org\/fr\/wp-json\/wp\/v2\/pages\/416","targetHints":{"allow":["GET"]}}],"collection":[{"href":"https:\/\/tonalibus.org\/fr\/wp-json\/wp\/v2\/pages"}],"about":[{"href":"https:\/\/tonalibus.org\/fr\/wp-json\/wp\/v2\/types\/page"}],"author":[{"embeddable":true,"href":"https:\/\/tonalibus.org\/fr\/wp-json\/wp\/v2\/users\/1"}],"replies":[{"embeddable":true,"href":"https:\/\/tonalibus.org\/fr\/wp-json\/wp\/v2\/comments?post=416"}],"version-history":[{"count":15,"href":"https:\/\/tonalibus.org\/fr\/wp-json\/wp\/v2\/pages\/416\/revisions"}],"predecessor-version":[{"id":38772,"href":"https:\/\/tonalibus.org\/fr\/wp-json\/wp\/v2\/pages\/416\/revisions\/38772"}],"wp:attachment":[{"href":"https:\/\/tonalibus.org\/fr\/wp-json\/wp\/v2\/media?parent=416"}],"curies":[{"name":"wp","href":"https:\/\/api.w.org\/{rel}","templated":true}]}}