{"id":4300,"date":"2020-08-13T17:12:43","date_gmt":"2020-08-13T15:12:43","guid":{"rendered":"https:\/\/tonalibus.org\/?page_id=4300"},"modified":"2023-03-30T16:44:07","modified_gmt":"2023-03-30T14:44:07","slug":"ionaeolian-or-clusterbal-melodic-major-loops","status":"publish","type":"page","link":"https:\/\/tonalibus.org\/fr\/tonalities\/clustered-or-melodic-heptatonalities\/ionaeolian-or-clusterbal-melodic-major\/ionaeolian-or-clusterbal-melodic-major-loops\/","title":{"rendered":"Ion\u00c9olien ou ClusterBal (majeur m\u00e9lodique) en loop"},"content":{"rendered":"<h2 class=\"wp-block-heading\" id=\"sound-sample-loops-of-ionaeolian-or-clusterbal-melodic-major-a-clustered-heptatonality\"><mark style=\"background-color:rgba(0, 0, 0, 0);color:#f7b320\" class=\"has-inline-color\">\u00c9chantillons sonores en loop de <\/mark><a href=\"https:\/\/tonalibus.org\/fr\/tonalities\/clustered-heptatonalities\/ionaeolian-or-clusterbal\/\"><mark style=\"background-color:rgba(0, 0, 0, 0);color:#f7b320\" class=\"has-inline-color\">Ion\u00c9olien ou ClusterBal<\/mark><\/a><mark style=\"background-color:rgba(0, 0, 0, 0);color:#f7b320\" class=\"has-inline-color\"> (majeure m\u00e9lodique), une <\/mark><a href=\"https:\/\/tonalibus.org\/fr\/tonalities\/clustered-or-melodic-heptatonalities\/\"><mark style=\"background-color:rgba(0, 0, 0, 0);color:#f7b320\" class=\"has-inline-color\">heptatonalit\u00e9 group\u00e9e<\/mark><\/a><\/h2>\n\n\n\n<div style=\"height:15px\" aria-hidden=\"true\" class=\"wp-block-spacer\"><\/div>\n\n\n\n<figure class=\"wp-block-audio\"><audio controls src=\"https:\/\/tonalibus.org\/wp-content\/uploads\/2023\/03\/2023-03-30-GG.mp3\" loop><\/audio><figcaption class=\"wp-element-caption\"><mark style=\"background-color:rgba(0, 0, 0, 0);color:#f7b320\" class=\"has-inline-color\">2) Ion\u00c9olien ou ClusterBal \u2013 \u00e9chantillon sonore \u2013 guitare \u00e0 8 cordes (avec \u00e9cho soutenu) \u2013 mars 2023 \u2013 3:07 loop<\/mark><\/figcaption><\/figure>\n\n\n\n<figure class=\"wp-block-audio\"><audio controls src=\"https:\/\/tonalibus.org\/wp-content\/uploads\/2020\/06\/IonAeolian2.wav\" loop><\/audio><figcaption class=\"wp-element-caption\"><mark style=\"background-color:rgba(0, 0, 0, 0);color:#f7b320\" class=\"has-inline-color\">1)<em> <\/em>Ion\u00c9olien ou ClusterBal \u2013 \u00e9chantillon sonore court \u2013 1:11 loop \u2013 joue jusqu'\u00e0 l'arr\u00eat ou vous allez \u00e0 une autre page sur cet onglet.<\/mark><\/figcaption><\/figure>\n\n\n\n<div style=\"height:36px\" aria-hidden=\"true\" class=\"wp-block-spacer\"><\/div>\n\n\n\n<p class=\"has-text-color\" style=\"color:#f7b320\"><mark style=\"background-color:rgba(0, 0, 0, 0);color:#f7b320\" class=\"has-inline-color\"><mark style=\"background-color:rgba(0, 0, 0, 0);color:#f7b320\" class=\"has-inline-color\">Vous pouvez bien appr\u00e9cier un \u00e9chantillon sonore ou un loop de tonalit\u00e9 comme mantra sonore pour <\/mark><a href=\"https:\/\/fr.wikipedia.org\/wiki\/Contemplation\" target=\"_blank\" rel=\"noreferrer noopener\"><mark style=\"background-color:rgba(0, 0, 0, 0);color:#f7b320\" class=\"has-inline-color\">la contemplation<\/mark><\/a><mark style=\"background-color:rgba(0, 0, 0, 0);color:#f7b320\" class=\"has-inline-color\"> ou <\/mark><a href=\"https:\/\/fr.wikipedia.org\/wiki\/M\u00e9ditation\" target=\"_blank\" rel=\"noreferrer noopener\"><mark style=\"background-color:rgba(0, 0, 0, 0);color:#f7b320\" class=\"has-inline-color\">la m\u00e9ditation<\/mark><\/a><mark style=\"background-color:rgba(0, 0, 0, 0);color:#f7b320\" class=\"has-inline-color\">. Ceci pourrait vous aider \u00e0 vous soulever, \u00e0 vous purifier et \u00e0 vous concentrer. Vous pouvez aussi l'utiliser simplement comme un fond sonore apaisant pour la relaxation et la r\u00e9g\u00e9n\u00e9ration. Si vous souhaitez fredonner, psalmodier ou chanter, vous pourriez le faire en choisissant une syllabe spirituellement charg\u00e9e telle que <\/mark><em><a href=\"https:\/\/tonalibus.org\/fr\/about-tonalibus\/ulrico\/hu-mantra-of-soul\/\"><mark style=\"background-color:rgba(0, 0, 0, 0);color:#f7b320\" class=\"has-inline-color\">HU<\/mark><\/a><\/em><mark style=\"background-color:rgba(0, 0, 0, 0);color:#f7b320\" class=\"has-inline-color\"> ou <\/mark><a href=\"https:\/\/fr.wikipedia.org\/wiki\/Om\u0310\" target=\"_blank\" rel=\"noreferrer noopener\"><em><mark style=\"background-color:rgba(0, 0, 0, 0);color:#f7b320\" class=\"has-inline-color\">\u014c\u1e41 \/ Aum<\/mark><\/em><\/a><mark style=\"background-color:rgba(0, 0, 0, 0);color:#f7b320\" class=\"has-inline-color\"> \u0950,<\/mark> ou une autre syllabe de mantra qui vous convient.<\/mark><\/p>","protected":false},"excerpt":{"rendered":"<p>Boucles d'\u00e9chantillons sonores de IonAeolian ou ClusterBal (m\u00e9lodique majeur), une heptatonalit\u00e9 group\u00e9e Vous pouvez appr\u00e9cier un \u00e9chantillon sonore ou une boucle de tonalit\u00e9 comme mantra sonore pour la contemplation ou la m\u00e9ditation. Cela peut vous aider \u00e0 vous \u00e9lever, \u00e0 vous purifier et \u00e0 vous concentrer. Ou vous pouvez simplement l'utiliser comme un fond sonore apaisant pour la relaxation et la r\u00e9g\u00e9n\u00e9ration. Si vous voulez fredonner, ... <\/p>\n<p class=\"link-more\"><a href=\"https:\/\/tonalibus.org\/fr\/tonalities\/clustered-or-melodic-heptatonalities\/ionaeolian-or-clusterbal-melodic-major\/ionaeolian-or-clusterbal-melodic-major-loops\/\" class=\"more-link\">Continuer la lecture<span class=\"screen-reader-text\"> de \" Boucles IonAeolian ou ClusterBal (m\u00e9lodique majeure) \".<\/span><\/a><\/p>","protected":false},"author":1,"featured_media":0,"parent":608,"menu_order":0,"comment_status":"closed","ping_status":"closed","template":"","meta":{"footnotes":""},"class_list":["post-4300","page","type-page","status-publish","hentry"],"yoast_head":"<!-- This site is optimized with the Yoast SEO plugin v27.4 - https:\/\/yoast.com\/product\/yoast-seo-wordpress\/ -->\n<title>IonAeolian or ClusterBal (melodic major) loops &#8211; TONALIBUS<\/title>\n<meta name=\"description\" content=\"This page features the sound sample of the IonAeolian or ClusterBal (melodic major) tonality. You may enjoy a tonality loop as sound mantra.\" \/>\n<meta name=\"robots\" content=\"index, follow, max-snippet:-1, max-image-preview:large, max-video-preview:-1\" \/>\n<link rel=\"canonical\" href=\"https:\/\/tonalibus.org\/fr\/tonalities\/clustered-or-melodic-heptatonalities\/ionaeolian-or-clusterbal-melodic-major\/ionaeolian-or-clusterbal-melodic-major-loops\/\" \/>\n<meta property=\"og:locale\" content=\"fr_FR\" \/>\n<meta property=\"og:type\" content=\"article\" \/>\n<meta property=\"og:title\" content=\"IonAeolian or ClusterBal (melodic major) loops &#8211; TONALIBUS\" \/>\n<meta property=\"og:description\" content=\"This page features the sound sample of the IonAeolian or ClusterBal (melodic major) tonality. You may enjoy a tonality loop as sound mantra.\" \/>\n<meta property=\"og:url\" content=\"https:\/\/tonalibus.org\/fr\/tonalities\/clustered-or-melodic-heptatonalities\/ionaeolian-or-clusterbal-melodic-major\/ionaeolian-or-clusterbal-melodic-major-loops\/\" \/>\n<meta property=\"og:site_name\" content=\"TONALIBUS\" \/>\n<meta property=\"article:modified_time\" content=\"2023-03-30T14:44:07+00:00\" \/>\n<meta name=\"twitter:card\" content=\"summary_large_image\" \/>\n<meta name=\"twitter:label1\" content=\"Dur\u00e9e de lecture estim\u00e9e\" \/>\n\t<meta name=\"twitter:data1\" content=\"1 minute\" \/>\n<script type=\"application\/ld+json\" class=\"yoast-schema-graph\">{\"@context\":\"https:\\\/\\\/schema.org\",\"@graph\":[{\"@type\":\"WebPage\",\"@id\":\"https:\\\/\\\/tonalibus.org\\\/tonalities\\\/clustered-or-melodic-heptatonalities\\\/ionaeolian-or-clusterbal-melodic-major\\\/ionaeolian-or-clusterbal-melodic-major-loops\\\/\",\"url\":\"https:\\\/\\\/tonalibus.org\\\/tonalities\\\/clustered-or-melodic-heptatonalities\\\/ionaeolian-or-clusterbal-melodic-major\\\/ionaeolian-or-clusterbal-melodic-major-loops\\\/\",\"name\":\"IonAeolian or ClusterBal (melodic major) loops &#8211; TONALIBUS\",\"isPartOf\":{\"@id\":\"https:\\\/\\\/tonalibus.org\\\/de\\\/#website\"},\"datePublished\":\"2020-08-13T15:12:43+00:00\",\"dateModified\":\"2023-03-30T14:44:07+00:00\",\"description\":\"This page features the sound sample of the IonAeolian or ClusterBal (melodic major) tonality. You may enjoy a tonality loop as sound mantra.\",\"breadcrumb\":{\"@id\":\"https:\\\/\\\/tonalibus.org\\\/tonalities\\\/clustered-or-melodic-heptatonalities\\\/ionaeolian-or-clusterbal-melodic-major\\\/ionaeolian-or-clusterbal-melodic-major-loops\\\/#breadcrumb\"},\"inLanguage\":\"fr-FR\",\"potentialAction\":[{\"@type\":\"ReadAction\",\"target\":[\"https:\\\/\\\/tonalibus.org\\\/tonalities\\\/clustered-or-melodic-heptatonalities\\\/ionaeolian-or-clusterbal-melodic-major\\\/ionaeolian-or-clusterbal-melodic-major-loops\\\/\"]}]},{\"@type\":\"BreadcrumbList\",\"@id\":\"https:\\\/\\\/tonalibus.org\\\/tonalities\\\/clustered-or-melodic-heptatonalities\\\/ionaeolian-or-clusterbal-melodic-major\\\/ionaeolian-or-clusterbal-melodic-major-loops\\\/#breadcrumb\",\"itemListElement\":[{\"@type\":\"ListItem\",\"position\":1,\"name\":\"Home\",\"item\":\"https:\\\/\\\/tonalibus.org\\\/\"},{\"@type\":\"ListItem\",\"position\":2,\"name\":\"Tonalities\",\"item\":\"https:\\\/\\\/tonalibus.org\\\/tonalities\\\/\"},{\"@type\":\"ListItem\",\"position\":3,\"name\":\"Clustered (or Melodic) Heptatonalities\",\"item\":\"https:\\\/\\\/tonalibus.org\\\/tonalities\\\/clustered-or-melodic-heptatonalities\\\/\"},{\"@type\":\"ListItem\",\"position\":4,\"name\":\"IonAeolian or ClusterBal (melodic major)\",\"item\":\"https:\\\/\\\/tonalibus.org\\\/tonalities\\\/clustered-or-melodic-heptatonalities\\\/ionaeolian-or-clusterbal-melodic-major\\\/\"},{\"@type\":\"ListItem\",\"position\":5,\"name\":\"IonAeolian or ClusterBal (melodic major) loops\"}]},{\"@type\":\"WebSite\",\"@id\":\"https:\\\/\\\/tonalibus.org\\\/de\\\/#website\",\"url\":\"https:\\\/\\\/tonalibus.org\\\/de\\\/\",\"name\":\"TONALIBUS\",\"description\":\"Anchored Harmony and Tonalities\",\"publisher\":{\"@id\":\"https:\\\/\\\/tonalibus.org\\\/de\\\/#\\\/schema\\\/person\\\/749261d7bc96d1f00127273f83ab96a4\"},\"potentialAction\":[{\"@type\":\"SearchAction\",\"target\":{\"@type\":\"EntryPoint\",\"urlTemplate\":\"https:\\\/\\\/tonalibus.org\\\/de\\\/?s={search_term_string}\"},\"query-input\":{\"@type\":\"PropertyValueSpecification\",\"valueRequired\":true,\"valueName\":\"search_term_string\"}}],\"inLanguage\":\"fr-FR\"},{\"@type\":[\"Person\",\"Organization\"],\"@id\":\"https:\\\/\\\/tonalibus.org\\\/de\\\/#\\\/schema\\\/person\\\/749261d7bc96d1f00127273f83ab96a4\",\"name\":\"Ulrico\",\"image\":{\"@type\":\"ImageObject\",\"inLanguage\":\"fr-FR\",\"@id\":\"https:\\\/\\\/tonalibus.org\\\/wp-content\\\/uploads\\\/2020\\\/06\\\/uli-pix.jpg\",\"url\":\"https:\\\/\\\/tonalibus.org\\\/wp-content\\\/uploads\\\/2020\\\/06\\\/uli-pix.jpg\",\"contentUrl\":\"https:\\\/\\\/tonalibus.org\\\/wp-content\\\/uploads\\\/2020\\\/06\\\/uli-pix.jpg\",\"width\":960,\"height\":720,\"caption\":\"Ulrico\"},\"logo\":{\"@id\":\"https:\\\/\\\/tonalibus.org\\\/wp-content\\\/uploads\\\/2020\\\/06\\\/uli-pix.jpg\"},\"sameAs\":[\"https:\\\/\\\/tonalibus.cyon.site\"]}]}<\/script>\n<!-- \/ Yoast SEO plugin. -->","yoast_head_json":{"title":"Boucles IonAeolian ou ClusterBal (m\u00e9lodique majeur) - TONALIBUS","description":"Cette page pr\u00e9sente l'\u00e9chantillon sonore de la tonalit\u00e9 IonAeolian ou ClusterBal (majeur m\u00e9lodique). Vous pouvez appr\u00e9cier une boucle de tonalit\u00e9 comme mantra sonore.","robots":{"index":"index","follow":"follow","max-snippet":"max-snippet:-1","max-image-preview":"max-image-preview:large","max-video-preview":"max-video-preview:-1"},"canonical":"https:\/\/tonalibus.org\/fr\/tonalities\/clustered-or-melodic-heptatonalities\/ionaeolian-or-clusterbal-melodic-major\/ionaeolian-or-clusterbal-melodic-major-loops\/","og_locale":"fr_FR","og_type":"article","og_title":"IonAeolian or ClusterBal (melodic major) loops &#8211; TONALIBUS","og_description":"This page features the sound sample of the IonAeolian or ClusterBal (melodic major) tonality. You may enjoy a tonality loop as sound mantra.","og_url":"https:\/\/tonalibus.org\/fr\/tonalities\/clustered-or-melodic-heptatonalities\/ionaeolian-or-clusterbal-melodic-major\/ionaeolian-or-clusterbal-melodic-major-loops\/","og_site_name":"TONALIBUS","article_modified_time":"2023-03-30T14:44:07+00:00","twitter_card":"summary_large_image","twitter_misc":{"Dur\u00e9e de lecture estim\u00e9e":"1 minute"},"schema":{"@context":"https:\/\/schema.org","@graph":[{"@type":"WebPage","@id":"https:\/\/tonalibus.org\/tonalities\/clustered-or-melodic-heptatonalities\/ionaeolian-or-clusterbal-melodic-major\/ionaeolian-or-clusterbal-melodic-major-loops\/","url":"https:\/\/tonalibus.org\/tonalities\/clustered-or-melodic-heptatonalities\/ionaeolian-or-clusterbal-melodic-major\/ionaeolian-or-clusterbal-melodic-major-loops\/","name":"Boucles IonAeolian ou ClusterBal (m\u00e9lodique majeur) - TONALIBUS","isPartOf":{"@id":"https:\/\/tonalibus.org\/de\/#website"},"datePublished":"2020-08-13T15:12:43+00:00","dateModified":"2023-03-30T14:44:07+00:00","description":"Cette page pr\u00e9sente l'\u00e9chantillon sonore de la tonalit\u00e9 IonAeolian ou ClusterBal (majeur m\u00e9lodique). Vous pouvez appr\u00e9cier une boucle de tonalit\u00e9 comme mantra sonore.","breadcrumb":{"@id":"https:\/\/tonalibus.org\/tonalities\/clustered-or-melodic-heptatonalities\/ionaeolian-or-clusterbal-melodic-major\/ionaeolian-or-clusterbal-melodic-major-loops\/#breadcrumb"},"inLanguage":"fr-FR","potentialAction":[{"@type":"ReadAction","target":["https:\/\/tonalibus.org\/tonalities\/clustered-or-melodic-heptatonalities\/ionaeolian-or-clusterbal-melodic-major\/ionaeolian-or-clusterbal-melodic-major-loops\/"]}]},{"@type":"BreadcrumbList","@id":"https:\/\/tonalibus.org\/tonalities\/clustered-or-melodic-heptatonalities\/ionaeolian-or-clusterbal-melodic-major\/ionaeolian-or-clusterbal-melodic-major-loops\/#breadcrumb","itemListElement":[{"@type":"ListItem","position":1,"name":"Home","item":"https:\/\/tonalibus.org\/"},{"@type":"ListItem","position":2,"name":"Tonalities","item":"https:\/\/tonalibus.org\/tonalities\/"},{"@type":"ListItem","position":3,"name":"Clustered (or Melodic) Heptatonalities","item":"https:\/\/tonalibus.org\/tonalities\/clustered-or-melodic-heptatonalities\/"},{"@type":"ListItem","position":4,"name":"IonAeolian or ClusterBal (melodic major)","item":"https:\/\/tonalibus.org\/tonalities\/clustered-or-melodic-heptatonalities\/ionaeolian-or-clusterbal-melodic-major\/"},{"@type":"ListItem","position":5,"name":"IonAeolian or ClusterBal (melodic major) loops"}]},{"@type":"WebSite","@id":"https:\/\/tonalibus.org\/de\/#website","url":"https:\/\/tonalibus.org\/de\/","name":"TONALIBUS","description":"Harmonie et tonalit\u00e9s ancr\u00e9es","publisher":{"@id":"https:\/\/tonalibus.org\/de\/#\/schema\/person\/749261d7bc96d1f00127273f83ab96a4"},"potentialAction":[{"@type":"SearchAction","target":{"@type":"EntryPoint","urlTemplate":"https:\/\/tonalibus.org\/de\/?s={search_term_string}"},"query-input":{"@type":"PropertyValueSpecification","valueRequired":true,"valueName":"search_term_string"}}],"inLanguage":"fr-FR"},{"@type":["Person","Organization"],"@id":"https:\/\/tonalibus.org\/de\/#\/schema\/person\/749261d7bc96d1f00127273f83ab96a4","name":"Ulrico","image":{"@type":"ImageObject","inLanguage":"fr-FR","@id":"https:\/\/tonalibus.org\/wp-content\/uploads\/2020\/06\/uli-pix.jpg","url":"https:\/\/tonalibus.org\/wp-content\/uploads\/2020\/06\/uli-pix.jpg","contentUrl":"https:\/\/tonalibus.org\/wp-content\/uploads\/2020\/06\/uli-pix.jpg","width":960,"height":720,"caption":"Ulrico"},"logo":{"@id":"https:\/\/tonalibus.org\/wp-content\/uploads\/2020\/06\/uli-pix.jpg"},"sameAs":["https:\/\/tonalibus.cyon.site"]}]}},"_links":{"self":[{"href":"https:\/\/tonalibus.org\/fr\/wp-json\/wp\/v2\/pages\/4300","targetHints":{"allow":["GET"]}}],"collection":[{"href":"https:\/\/tonalibus.org\/fr\/wp-json\/wp\/v2\/pages"}],"about":[{"href":"https:\/\/tonalibus.org\/fr\/wp-json\/wp\/v2\/types\/page"}],"author":[{"embeddable":true,"href":"https:\/\/tonalibus.org\/fr\/wp-json\/wp\/v2\/users\/1"}],"replies":[{"embeddable":true,"href":"https:\/\/tonalibus.org\/fr\/wp-json\/wp\/v2\/comments?post=4300"}],"version-history":[{"count":0,"href":"https:\/\/tonalibus.org\/fr\/wp-json\/wp\/v2\/pages\/4300\/revisions"}],"up":[{"embeddable":true,"href":"https:\/\/tonalibus.org\/fr\/wp-json\/wp\/v2\/pages\/608"}],"wp:attachment":[{"href":"https:\/\/tonalibus.org\/fr\/wp-json\/wp\/v2\/media?parent=4300"}],"curies":[{"name":"wp","href":"https:\/\/api.w.org\/{rel}","templated":true}]}}