{"id":4307,"date":"2020-08-13T17:34:18","date_gmt":"2020-08-13T15:34:18","guid":{"rendered":"https:\/\/tonalibus.org\/?page_id=4307"},"modified":"2022-06-22T12:09:56","modified_gmt":"2022-06-22T10:09:56","slug":"aeolian-natural-minor-loops","status":"publish","type":"page","link":"https:\/\/tonalibus.org\/fr\/tonalities\/diatonic-heptatonalities\/aeolian-natural-minor\/aeolian-natural-minor-loops\/","title":{"rendered":"\u00c9olien (mineur naturel) en loop"},"content":{"rendered":"<h2 class=\"wp-block-heading\" id=\"sound-sample-loops-of-aeolian-or-natural-minor-a-diatonic-heptatonality\"><mark style=\"background-color:rgba(0, 0, 0, 0);color:#f7b320\" class=\"has-inline-color\">\u00c9chantillons sonores en loop de <\/mark><a href=\"https:\/\/tonalibus.org\/fr\/tonalities\/diatonic-heptatonalities\/aeolian\/\"><mark style=\"background-color:rgba(0, 0, 0, 0);color:#f7b320\" class=\"has-inline-color\">\u00c9olien<\/mark><\/a><mark style=\"background-color:rgba(0, 0, 0, 0);color:#f7b320\" class=\"has-inline-color\"> ou mineur naturel, une <\/mark><a href=\"https:\/\/tonalibus.org\/fr\/tonalities\/diatonic-heptatonalities\/\"><mark style=\"background-color:rgba(0, 0, 0, 0);color:#f7b320\" class=\"has-inline-color\">heptatonalit\u00e9 diatonique r\u00e9guli\u00e8re<\/mark><\/a><\/h2>\n\n\n\n<div style=\"height:15px\" aria-hidden=\"true\" class=\"wp-block-spacer\"><\/div>\n\n\n\n<figure class=\"wp-block-audio\"><audio controls src=\"https:\/\/tonalibus.org\/wp-content\/uploads\/2021\/12\/2021-12-17-AEOLIAN-CALMED-loop.mp3\" loop><\/audio><figcaption> <span style=\"color:#f7b320\" class=\"has-inline-color\">4) \u00c9olien \u2013 \u00e9chantillon sonore, tr\u00e8s calme \u2013 d\u00e9cembre 2021 \u2013 3:30 loop<\/span><\/figcaption><\/figure>\n\n\n\n<figure class=\"wp-block-audio\"><audio controls src=\"https:\/\/tonalibus.org\/wp-content\/uploads\/2021\/12\/2021-12-17-AEOLIAN-CALM-loop.mp3\" loop><\/audio><figcaption> <span style=\"color:#f7b320\" class=\"has-inline-color\">3) \u00c9olien \u2013 \u00e9chantillon sonore, calme \u2013 d\u00e9cembre 2021 \u2013 2:28 loop<\/span> <\/figcaption><\/figure>\n\n\n\n<figure class=\"wp-block-audio\"><audio controls src=\"https:\/\/tonalibus.org\/wp-content\/uploads\/2021\/12\/2021-12-17-AEOLIAN-RHYTHMIC-loop.mp3\" loop><\/audio><figcaption><mark style=\"background-color:rgba(0, 0, 0, 0);color:#f7b320\" class=\"has-inline-color\">2) \u00c9olien \u2013 \u00e9chantillon sonore, rythmique \u2013 d\u00e9cembre 2021 \u2013 2:44 loop<\/mark><\/figcaption><\/figure>\n\n\n\n<figure class=\"wp-block-audio\"><audio controls src=\"https:\/\/tonalibus.org\/wp-content\/uploads\/2020\/06\/Aeolian2.wav\" loop><\/audio><figcaption><mark style=\"background-color:rgba(0, 0, 0, 0);color:#f7b320\" class=\"has-inline-color\">1) \u00c9olien \u2013 \u00e9chantillon sonore court, rythmique \u2013 0:40 loop \u2013 joue jusqu'\u00e0 l'arr\u00eat ou vous allez \u00e0 une autre page sur cet onglet<\/mark><\/figcaption><\/figure>\n\n\n\n<div style=\"height:36px\" aria-hidden=\"true\" class=\"wp-block-spacer\"><\/div>\n\n\n\n<p class=\"has-text-color\" style=\"color:#f7b320\"><mark style=\"background-color:rgba(0, 0, 0, 0);color:#f7b320\" class=\"has-inline-color\"><mark style=\"background-color:rgba(0, 0, 0, 0);color:#f7b320\" class=\"has-inline-color\">Vous pouvez bien appr\u00e9cier un \u00e9chantillon sonore ou un loop de tonalit\u00e9 comme mantra sonore pour <\/mark><a href=\"https:\/\/fr.wikipedia.org\/wiki\/Contemplation\" target=\"_blank\" rel=\"noreferrer noopener\"><mark style=\"background-color:rgba(0, 0, 0, 0);color:#f7b320\" class=\"has-inline-color\">la contemplation<\/mark><\/a><mark style=\"background-color:rgba(0, 0, 0, 0);color:#f7b320\" class=\"has-inline-color\"> ou <\/mark><a href=\"https:\/\/fr.wikipedia.org\/wiki\/M\u00e9ditation\" target=\"_blank\" rel=\"noreferrer noopener\"><mark style=\"background-color:rgba(0, 0, 0, 0);color:#f7b320\" class=\"has-inline-color\">la m\u00e9ditation<\/mark><\/a><mark style=\"background-color:rgba(0, 0, 0, 0);color:#f7b320\" class=\"has-inline-color\">. Ceci pourrait vous aider \u00e0 vous soulever, \u00e0 vous purifier et \u00e0 vous concentrer. Vous pouvez aussi l'utiliser simplement comme un fond sonore apaisant pour la relaxation et la r\u00e9g\u00e9n\u00e9ration. Si vous souhaitez fredonner, psalmodier ou chanter, vous pourriez le faire en choisissant une syllabe spirituellement charg\u00e9e telle que <\/mark><em><a href=\"https:\/\/tonalibus.org\/fr\/about-tonalibus\/ulrico\/hu-mantra-of-soul\/\"><mark style=\"background-color:rgba(0, 0, 0, 0);color:#f7b320\" class=\"has-inline-color\">HU<\/mark><\/a><\/em><mark style=\"background-color:rgba(0, 0, 0, 0);color:#f7b320\" class=\"has-inline-color\"> ou <\/mark><a href=\"https:\/\/fr.wikipedia.org\/wiki\/Om\u0310\" target=\"_blank\" rel=\"noreferrer noopener\"><em><mark style=\"background-color:rgba(0, 0, 0, 0);color:#f7b320\" class=\"has-inline-color\">\u014c\u1e41 \/ Aum<\/mark><\/em><\/a><mark style=\"background-color:rgba(0, 0, 0, 0);color:#f7b320\" class=\"has-inline-color\"> \u0950,<\/mark> ou une autre syllabe de mantra qui vous convient.<\/mark><\/p>","protected":false},"excerpt":{"rendered":"<p>Boucles d'\u00e9chantillons sonores d'Aeolian ou natural minor, une heptatonalit\u00e9 diatonique Vous pouvez appr\u00e9cier un \u00e9chantillon sonore ou une boucle de tonalit\u00e9 comme mantra sonore pour la contemplation ou la m\u00e9ditation. Cela peut aider \u00e0 s'\u00e9lever, \u00e0 se purifier et \u00e0 se concentrer. Ou vous pouvez simplement l'utiliser comme un fond sonore apaisant pour la relaxation et la r\u00e9g\u00e9n\u00e9ration. Si vous souhaitez fredonner, chanter, ... <\/p>\n<p class=\"link-more\"><a href=\"https:\/\/tonalibus.org\/fr\/tonalities\/diatonic-heptatonalities\/aeolian-natural-minor\/aeolian-natural-minor-loops\/\" class=\"more-link\">Continuer la lecture<span class=\"screen-reader-text\"> de \" Boucles \u00e9oliennes (mineures naturelles) \"<\/span><\/a><\/p>","protected":false},"author":1,"featured_media":0,"parent":551,"menu_order":0,"comment_status":"closed","ping_status":"closed","template":"","meta":{"footnotes":""},"class_list":["post-4307","page","type-page","status-publish","hentry"],"yoast_head":"<!-- This site is optimized with the Yoast SEO plugin v27.5 - https:\/\/yoast.com\/product\/yoast-seo-wordpress\/ -->\n<title>Aeolian (natural minor) loops &#8211; TONALIBUS Harmony\/Tonalities<\/title>\n<meta name=\"description\" content=\"This page features Aeolian or natural minor sound sample loops. You may enjoy a tonality loop as sound mantra for attunement.\" \/>\n<meta name=\"robots\" content=\"index, follow, max-snippet:-1, max-image-preview:large, max-video-preview:-1\" \/>\n<link rel=\"canonical\" href=\"https:\/\/tonalibus.org\/fr\/tonalities\/diatonic-heptatonalities\/aeolian-natural-minor\/aeolian-natural-minor-loops\/\" \/>\n<meta property=\"og:locale\" content=\"fr_FR\" \/>\n<meta property=\"og:type\" content=\"article\" \/>\n<meta property=\"og:title\" content=\"Aeolian (natural minor) loops &#8211; TONALIBUS Harmony\/Tonalities\" \/>\n<meta property=\"og:description\" content=\"This page features Aeolian or natural minor sound sample loops. You may enjoy a tonality loop as sound mantra for attunement.\" \/>\n<meta property=\"og:url\" content=\"https:\/\/tonalibus.org\/fr\/tonalities\/diatonic-heptatonalities\/aeolian-natural-minor\/aeolian-natural-minor-loops\/\" \/>\n<meta property=\"og:site_name\" content=\"TONALIBUS\" \/>\n<meta property=\"article:modified_time\" content=\"2022-06-22T10:09:56+00:00\" \/>\n<meta name=\"twitter:card\" content=\"summary_large_image\" \/>\n<meta name=\"twitter:label1\" content=\"Dur\u00e9e de lecture estim\u00e9e\" \/>\n\t<meta name=\"twitter:data1\" content=\"1 minute\" \/>\n<script type=\"application\/ld+json\" class=\"yoast-schema-graph\">{\"@context\":\"https:\\\/\\\/schema.org\",\"@graph\":[{\"@type\":\"WebPage\",\"@id\":\"https:\\\/\\\/tonalibus.org\\\/tonalities\\\/diatonic-heptatonalities\\\/aeolian-natural-minor\\\/aeolian-natural-minor-loops\\\/\",\"url\":\"https:\\\/\\\/tonalibus.org\\\/tonalities\\\/diatonic-heptatonalities\\\/aeolian-natural-minor\\\/aeolian-natural-minor-loops\\\/\",\"name\":\"Aeolian (natural minor) loops &#8211; TONALIBUS Harmony\\\/Tonalities\",\"isPartOf\":{\"@id\":\"https:\\\/\\\/tonalibus.org\\\/de\\\/#website\"},\"datePublished\":\"2020-08-13T15:34:18+00:00\",\"dateModified\":\"2022-06-22T10:09:56+00:00\",\"description\":\"This page features Aeolian or natural minor sound sample loops. You may enjoy a tonality loop as sound mantra for attunement.\",\"breadcrumb\":{\"@id\":\"https:\\\/\\\/tonalibus.org\\\/tonalities\\\/diatonic-heptatonalities\\\/aeolian-natural-minor\\\/aeolian-natural-minor-loops\\\/#breadcrumb\"},\"inLanguage\":\"fr-FR\",\"potentialAction\":[{\"@type\":\"ReadAction\",\"target\":[\"https:\\\/\\\/tonalibus.org\\\/tonalities\\\/diatonic-heptatonalities\\\/aeolian-natural-minor\\\/aeolian-natural-minor-loops\\\/\"]}]},{\"@type\":\"BreadcrumbList\",\"@id\":\"https:\\\/\\\/tonalibus.org\\\/tonalities\\\/diatonic-heptatonalities\\\/aeolian-natural-minor\\\/aeolian-natural-minor-loops\\\/#breadcrumb\",\"itemListElement\":[{\"@type\":\"ListItem\",\"position\":1,\"name\":\"Home\",\"item\":\"https:\\\/\\\/tonalibus.org\\\/\"},{\"@type\":\"ListItem\",\"position\":2,\"name\":\"Tonalities\",\"item\":\"https:\\\/\\\/tonalibus.org\\\/tonalities\\\/\"},{\"@type\":\"ListItem\",\"position\":3,\"name\":\"Diatonic Heptatonalities\",\"item\":\"https:\\\/\\\/tonalibus.org\\\/tonalities\\\/diatonic-heptatonalities\\\/\"},{\"@type\":\"ListItem\",\"position\":4,\"name\":\"Aeolian (natural minor)\",\"item\":\"https:\\\/\\\/tonalibus.org\\\/tonalities\\\/diatonic-heptatonalities\\\/aeolian-natural-minor\\\/\"},{\"@type\":\"ListItem\",\"position\":5,\"name\":\"Aeolian (natural minor) loops\"}]},{\"@type\":\"WebSite\",\"@id\":\"https:\\\/\\\/tonalibus.org\\\/de\\\/#website\",\"url\":\"https:\\\/\\\/tonalibus.org\\\/de\\\/\",\"name\":\"TONALIBUS\",\"description\":\"Anchored Harmony and Tonalities\",\"publisher\":{\"@id\":\"https:\\\/\\\/tonalibus.org\\\/de\\\/#\\\/schema\\\/person\\\/749261d7bc96d1f00127273f83ab96a4\"},\"potentialAction\":[{\"@type\":\"SearchAction\",\"target\":{\"@type\":\"EntryPoint\",\"urlTemplate\":\"https:\\\/\\\/tonalibus.org\\\/de\\\/?s={search_term_string}\"},\"query-input\":{\"@type\":\"PropertyValueSpecification\",\"valueRequired\":true,\"valueName\":\"search_term_string\"}}],\"inLanguage\":\"fr-FR\"},{\"@type\":[\"Person\",\"Organization\"],\"@id\":\"https:\\\/\\\/tonalibus.org\\\/de\\\/#\\\/schema\\\/person\\\/749261d7bc96d1f00127273f83ab96a4\",\"name\":\"Ulrico\",\"image\":{\"@type\":\"ImageObject\",\"inLanguage\":\"fr-FR\",\"@id\":\"https:\\\/\\\/tonalibus.org\\\/wp-content\\\/uploads\\\/2020\\\/06\\\/uli-pix.jpg\",\"url\":\"https:\\\/\\\/tonalibus.org\\\/wp-content\\\/uploads\\\/2020\\\/06\\\/uli-pix.jpg\",\"contentUrl\":\"https:\\\/\\\/tonalibus.org\\\/wp-content\\\/uploads\\\/2020\\\/06\\\/uli-pix.jpg\",\"width\":960,\"height\":720,\"caption\":\"Ulrico\"},\"logo\":{\"@id\":\"https:\\\/\\\/tonalibus.org\\\/wp-content\\\/uploads\\\/2020\\\/06\\\/uli-pix.jpg\"},\"sameAs\":[\"https:\\\/\\\/tonalibus.cyon.site\"]}]}<\/script>\n<!-- \/ Yoast SEO plugin. -->","yoast_head_json":{"title":"Boucles \u00e9oliennes (mineur naturel) - TONALIBUS Harmonie\/Tonalit\u00e9s","description":"Cette page pr\u00e9sente des boucles d'\u00e9chantillons sonores mineurs \u00e9oliens ou naturels. Vous pouvez profiter d'une boucle de tonalit\u00e9 comme mantra sonore pour l'harmonisation.","robots":{"index":"index","follow":"follow","max-snippet":"max-snippet:-1","max-image-preview":"max-image-preview:large","max-video-preview":"max-video-preview:-1"},"canonical":"https:\/\/tonalibus.org\/fr\/tonalities\/diatonic-heptatonalities\/aeolian-natural-minor\/aeolian-natural-minor-loops\/","og_locale":"fr_FR","og_type":"article","og_title":"Aeolian (natural minor) loops &#8211; TONALIBUS Harmony\/Tonalities","og_description":"This page features Aeolian or natural minor sound sample loops. You may enjoy a tonality loop as sound mantra for attunement.","og_url":"https:\/\/tonalibus.org\/fr\/tonalities\/diatonic-heptatonalities\/aeolian-natural-minor\/aeolian-natural-minor-loops\/","og_site_name":"TONALIBUS","article_modified_time":"2022-06-22T10:09:56+00:00","twitter_card":"summary_large_image","twitter_misc":{"Dur\u00e9e de lecture estim\u00e9e":"1 minute"},"schema":{"@context":"https:\/\/schema.org","@graph":[{"@type":"WebPage","@id":"https:\/\/tonalibus.org\/tonalities\/diatonic-heptatonalities\/aeolian-natural-minor\/aeolian-natural-minor-loops\/","url":"https:\/\/tonalibus.org\/tonalities\/diatonic-heptatonalities\/aeolian-natural-minor\/aeolian-natural-minor-loops\/","name":"Boucles \u00e9oliennes (mineur naturel) - TONALIBUS Harmonie\/Tonalit\u00e9s","isPartOf":{"@id":"https:\/\/tonalibus.org\/de\/#website"},"datePublished":"2020-08-13T15:34:18+00:00","dateModified":"2022-06-22T10:09:56+00:00","description":"Cette page pr\u00e9sente des boucles d'\u00e9chantillons sonores mineurs \u00e9oliens ou naturels. Vous pouvez profiter d'une boucle de tonalit\u00e9 comme mantra sonore pour l'harmonisation.","breadcrumb":{"@id":"https:\/\/tonalibus.org\/tonalities\/diatonic-heptatonalities\/aeolian-natural-minor\/aeolian-natural-minor-loops\/#breadcrumb"},"inLanguage":"fr-FR","potentialAction":[{"@type":"ReadAction","target":["https:\/\/tonalibus.org\/tonalities\/diatonic-heptatonalities\/aeolian-natural-minor\/aeolian-natural-minor-loops\/"]}]},{"@type":"BreadcrumbList","@id":"https:\/\/tonalibus.org\/tonalities\/diatonic-heptatonalities\/aeolian-natural-minor\/aeolian-natural-minor-loops\/#breadcrumb","itemListElement":[{"@type":"ListItem","position":1,"name":"Home","item":"https:\/\/tonalibus.org\/"},{"@type":"ListItem","position":2,"name":"Tonalities","item":"https:\/\/tonalibus.org\/tonalities\/"},{"@type":"ListItem","position":3,"name":"Diatonic Heptatonalities","item":"https:\/\/tonalibus.org\/tonalities\/diatonic-heptatonalities\/"},{"@type":"ListItem","position":4,"name":"Aeolian (natural minor)","item":"https:\/\/tonalibus.org\/tonalities\/diatonic-heptatonalities\/aeolian-natural-minor\/"},{"@type":"ListItem","position":5,"name":"Aeolian (natural minor) loops"}]},{"@type":"WebSite","@id":"https:\/\/tonalibus.org\/de\/#website","url":"https:\/\/tonalibus.org\/de\/","name":"TONALIBUS","description":"Harmonie et tonalit\u00e9s ancr\u00e9es","publisher":{"@id":"https:\/\/tonalibus.org\/de\/#\/schema\/person\/749261d7bc96d1f00127273f83ab96a4"},"potentialAction":[{"@type":"SearchAction","target":{"@type":"EntryPoint","urlTemplate":"https:\/\/tonalibus.org\/de\/?s={search_term_string}"},"query-input":{"@type":"PropertyValueSpecification","valueRequired":true,"valueName":"search_term_string"}}],"inLanguage":"fr-FR"},{"@type":["Person","Organization"],"@id":"https:\/\/tonalibus.org\/de\/#\/schema\/person\/749261d7bc96d1f00127273f83ab96a4","name":"Ulrico","image":{"@type":"ImageObject","inLanguage":"fr-FR","@id":"https:\/\/tonalibus.org\/wp-content\/uploads\/2020\/06\/uli-pix.jpg","url":"https:\/\/tonalibus.org\/wp-content\/uploads\/2020\/06\/uli-pix.jpg","contentUrl":"https:\/\/tonalibus.org\/wp-content\/uploads\/2020\/06\/uli-pix.jpg","width":960,"height":720,"caption":"Ulrico"},"logo":{"@id":"https:\/\/tonalibus.org\/wp-content\/uploads\/2020\/06\/uli-pix.jpg"},"sameAs":["https:\/\/tonalibus.cyon.site"]}]}},"_links":{"self":[{"href":"https:\/\/tonalibus.org\/fr\/wp-json\/wp\/v2\/pages\/4307","targetHints":{"allow":["GET"]}}],"collection":[{"href":"https:\/\/tonalibus.org\/fr\/wp-json\/wp\/v2\/pages"}],"about":[{"href":"https:\/\/tonalibus.org\/fr\/wp-json\/wp\/v2\/types\/page"}],"author":[{"embeddable":true,"href":"https:\/\/tonalibus.org\/fr\/wp-json\/wp\/v2\/users\/1"}],"replies":[{"embeddable":true,"href":"https:\/\/tonalibus.org\/fr\/wp-json\/wp\/v2\/comments?post=4307"}],"version-history":[{"count":0,"href":"https:\/\/tonalibus.org\/fr\/wp-json\/wp\/v2\/pages\/4307\/revisions"}],"up":[{"embeddable":true,"href":"https:\/\/tonalibus.org\/fr\/wp-json\/wp\/v2\/pages\/551"}],"wp:attachment":[{"href":"https:\/\/tonalibus.org\/fr\/wp-json\/wp\/v2\/media?parent=4307"}],"curies":[{"name":"wp","href":"https:\/\/api.w.org\/{rel}","templated":true}]}}