{"id":4390,"date":"2020-08-13T22:06:28","date_gmt":"2020-08-13T20:06:28","guid":{"rendered":"https:\/\/tonalibus.org\/?page_id=4390"},"modified":"2026-02-08T20:27:45","modified_gmt":"2026-02-08T19:27:45","slug":"reachup-double-harmonic-gypsy-minor-loops","status":"publish","type":"page","link":"https:\/\/tonalibus.org\/fr\/tonalities\/reach-or-harmonic-heptatonalities\/reachup-dbl-h-gypsy-min\/reachup-double-harmonic-gypsy-minor-loops\/","title":{"rendered":"ReachUp (mineur double harmonique \/ Gypsy) en loop"},"content":{"rendered":"<h2 class=\"wp-block-heading\" id=\"sound-sample-loops-of-reachup-or-double-harmonic-gypsy-hungarian-minor-a-reach-heptatonality\"><mark style=\"background-color:rgba(0, 0, 0, 0);color:#f7b320\" class=\"has-inline-color\">\u00c9chantillons sonores en loop de <\/mark><a href=\"https:\/\/tonalibus.org\/fr\/tonalities\/reach-heptatonalities\/reachup\/\"><mark style=\"background-color:rgba(0, 0, 0, 0);color:#f7b320\" class=\"has-inline-color\">ReachUp<\/mark><\/a><mark style=\"background-color:rgba(0, 0, 0, 0);color:#f7b320\" class=\"has-inline-color\"> ou mineur double harmonique \/ Gypsy \/ hongrois, une <\/mark><a href=\"https:\/\/tonalibus.org\/fr\/tonalities\/reach-or-harmonic-heptatonalities\/\"><mark style=\"background-color:rgba(0, 0, 0, 0);color:#f7b320\" class=\"has-inline-color\">heptatonalit\u00e9 Reach<\/mark><\/a><\/h2>\n\n\n\n<div style=\"height:15px\" aria-hidden=\"true\" class=\"wp-block-spacer\"><\/div>\n\n\n\n<figure class=\"wp-block-audio\"><audio controls src=\"https:\/\/tonalibus.org\/wp-content\/uploads\/2024\/09\/2024-09-17-8GTA.mp3\" loop preload=\"metadata\"><\/audio><figcaption class=\"wp-element-caption\"><mark style=\"background-color:rgba(0, 0, 0, 0);color:#f7b320\" class=\"has-inline-color\">3) ReachUp \u2013 \u00e9chantillon sonore \u00e9tendu, tr\u00e8s calme \u2013 guitare \u00e0 8 cordes, tanpura \u2013 septembre 2024 \u2013 4:58 loop<\/mark><\/figcaption><\/figure>\n\n\n\n<figure class=\"wp-block-audio\"><audio controls src=\"https:\/\/tonalibus.org\/wp-content\/uploads\/2021\/06\/2021-06-27-ReachUp-G-loop.mp3\" loop preload=\"metadata\"><\/audio><figcaption class=\"wp-element-caption\"><mark style=\"background-color:rgba(0, 0, 0, 0);color:#f7b320\" class=\"has-inline-color\">2) ReachUp \u2013 \u00e9chantillon sonore calme \u2013 guitare \u00e0 8 cordes \u2013 juin 2021 \u2013 2:24 loop<\/mark><\/figcaption><\/figure>\n\n\n\n<figure class=\"wp-block-audio\"><audio controls src=\"https:\/\/tonalibus.org\/wp-content\/uploads\/2020\/06\/ReachUp2.wav\" loop preload=\"metadata\"><\/audio><figcaption class=\"wp-element-caption\"><mark style=\"background-color:rgba(0, 0, 0, 0);color:#f7b320\" class=\"has-inline-color\">1) ReachUp \u2013 \u00e9chantillon sonore court, rythmique \u2013 0:40 loop \u2013 joue jusqu'\u00e0 l'arr\u00eat ou vous allez \u00e0 une autre page sur cet onglet.<\/mark><\/figcaption><\/figure>\n\n\n\n<div style=\"height:36px\" aria-hidden=\"true\" class=\"wp-block-spacer\"><\/div>\n\n\n\n<p class=\"has-text-color\" style=\"color:#f7b320\"><br><mark style=\"background-color:rgba(0, 0, 0, 0);color:#f7b320\" class=\"has-inline-color\"><mark style=\"background-color:rgba(0, 0, 0, 0);color:#f7b320\" class=\"has-inline-color\">Vous pouvez bien appr\u00e9cier un \u00e9chantillon sonore ou un loop de tonalit\u00e9 comme mantra sonore pour <\/mark><a href=\"https:\/\/fr.wikipedia.org\/wiki\/Contemplation\" target=\"_blank\" rel=\"noreferrer noopener\"><mark style=\"background-color:rgba(0, 0, 0, 0);color:#f7b320\" class=\"has-inline-color\">la contemplation<\/mark><\/a><mark style=\"background-color:rgba(0, 0, 0, 0);color:#f7b320\" class=\"has-inline-color\"> ou <\/mark><a href=\"https:\/\/fr.wikipedia.org\/wiki\/M\u00e9ditation\" target=\"_blank\" rel=\"noreferrer noopener\"><mark style=\"background-color:rgba(0, 0, 0, 0);color:#f7b320\" class=\"has-inline-color\">la m\u00e9ditation<\/mark><\/a><mark style=\"background-color:rgba(0, 0, 0, 0);color:#f7b320\" class=\"has-inline-color\">. Ceci pourrait vous aider \u00e0 vous soulever, \u00e0 vous purifier et \u00e0 vous concentrer. Vous pouvez aussi l'utiliser simplement comme un fond sonore apaisant pour la relaxation et la r\u00e9g\u00e9n\u00e9ration. Si vous souhaitez fredonner, psalmodier ou chanter, vous pourriez le faire en choisissant une syllabe spirituellement charg\u00e9e telle que <\/mark><em><a href=\"https:\/\/tonalibus.org\/fr\/about-tonalibus\/ulrico\/hu-mantra-of-soul\/\"><mark style=\"background-color:rgba(0, 0, 0, 0);color:#f7b320\" class=\"has-inline-color\">HU<\/mark><\/a><\/em><mark style=\"background-color:rgba(0, 0, 0, 0);color:#f7b320\" class=\"has-inline-color\"> ou <\/mark><a href=\"https:\/\/fr.wikipedia.org\/wiki\/Om\u0310\" target=\"_blank\" rel=\"noreferrer noopener\"><em><mark style=\"background-color:rgba(0, 0, 0, 0);color:#f7b320\" class=\"has-inline-color\">\u014c\u1e41 \/ Aum<\/mark><\/em><\/a><mark style=\"background-color:rgba(0, 0, 0, 0);color:#f7b320\" class=\"has-inline-color\"> \u0950,<\/mark> ou une autre syllabe de mantra qui vous convient.<\/mark><\/p>\n\n\n\n<div style=\"height:56px\" aria-hidden=\"true\" class=\"wp-block-spacer\"><\/div>\n\n\n<div class=\"wp-block-image is-resized\">\n<figure class=\"aligncenter size-large\"><img loading=\"lazy\" decoding=\"async\" width=\"1024\" height=\"500\" src=\"https:\/\/tonalibus.org\/wp-content\/uploads\/2021\/01\/IMG_3892-cx-1024x500.jpg\" alt=\"IMG_3892 cx - Reachup (double harmonic\/Gypsy minor) loops\" class=\"wp-image-8378\" srcset=\"https:\/\/tonalibus.org\/wp-content\/uploads\/2021\/01\/IMG_3892-cx-1024x500.jpg 1024w, https:\/\/tonalibus.org\/wp-content\/uploads\/2021\/01\/IMG_3892-cx-300x147.jpg 300w, https:\/\/tonalibus.org\/wp-content\/uploads\/2021\/01\/IMG_3892-cx-768x375.jpg 768w, https:\/\/tonalibus.org\/wp-content\/uploads\/2021\/01\/IMG_3892-cx-1536x750.jpg 1536w, https:\/\/tonalibus.org\/wp-content\/uploads\/2021\/01\/IMG_3892-cx-16x8.jpg 16w, https:\/\/tonalibus.org\/wp-content\/uploads\/2021\/01\/IMG_3892-cx-1320x645.jpg 1320w, https:\/\/tonalibus.org\/wp-content\/uploads\/2021\/01\/IMG_3892-cx.jpg 1990w\" sizes=\"auto, (max-width: 706px) 89vw, (max-width: 767px) 82vw, 740px\" \/><figcaption class=\"wp-element-caption\">Fascination sans fin pour l'aube et le lever du soleil \u2013 janvier 2021 \u2013 Gr\u00e4chwil, Suisse<\/figcaption><\/figure>\n<\/div>","protected":false},"excerpt":{"rendered":"<p>Boucles d'\u00e9chantillons sonores de ReachUp ou double harmonique \/ manouche \/ mineur hongrois, une heptatonalit\u00e9 Reach Vous pouvez appr\u00e9cier un \u00e9chantillon sonore ou une boucle de tonalit\u00e9 comme mantra sonore pour la contemplation ou la m\u00e9ditation. Cela peut aider \u00e0 s'\u00e9lever, \u00e0 se purifier et \u00e0 se concentrer. Ou vous pouvez simplement l'utiliser comme un fond sonore apaisant pour la relaxation et la r\u00e9g\u00e9n\u00e9ration. Si ... <\/p>\n<p class=\"link-more\"><a href=\"https:\/\/tonalibus.org\/fr\/tonalities\/reach-or-harmonic-heptatonalities\/reachup-dbl-h-gypsy-min\/reachup-double-harmonic-gypsy-minor-loops\/\" class=\"more-link\">Continuer la lecture<span class=\"screen-reader-text\"> de \" ReachUp (double harmonique\/mineur manouche) boucles \"<\/span><\/a><\/p>","protected":false},"author":1,"featured_media":0,"parent":582,"menu_order":0,"comment_status":"closed","ping_status":"closed","template":"","meta":{"footnotes":""},"class_list":["post-4390","page","type-page","status-publish","hentry"],"yoast_head":"<!-- This site is optimized with the Yoast SEO plugin v27.5 - https:\/\/yoast.com\/product\/yoast-seo-wordpress\/ -->\n<title>ReachUp (double harmonic\/Gypsy minor) loops &#8211; TONALIBUS<\/title>\n<meta name=\"description\" content=\"This page features sound sample loops of ReachUp or double harmonic\/Gypsy minor. You may enjoy a tonality loop as sound mantra.\" \/>\n<meta name=\"robots\" content=\"index, follow, max-snippet:-1, max-image-preview:large, max-video-preview:-1\" \/>\n<link rel=\"canonical\" href=\"https:\/\/tonalibus.org\/fr\/tonalities\/reach-or-harmonic-heptatonalities\/reachup-dbl-h-gypsy-min\/reachup-double-harmonic-gypsy-minor-loops\/\" \/>\n<meta property=\"og:locale\" content=\"fr_FR\" \/>\n<meta property=\"og:type\" content=\"article\" \/>\n<meta property=\"og:title\" content=\"ReachUp (double harmonic\/Gypsy minor) loops &#8211; TONALIBUS\" \/>\n<meta property=\"og:description\" content=\"This page features sound sample loops of ReachUp or double harmonic\/Gypsy minor. You may enjoy a tonality loop as sound mantra.\" \/>\n<meta property=\"og:url\" content=\"https:\/\/tonalibus.org\/fr\/tonalities\/reach-or-harmonic-heptatonalities\/reachup-dbl-h-gypsy-min\/reachup-double-harmonic-gypsy-minor-loops\/\" \/>\n<meta property=\"og:site_name\" content=\"TONALIBUS\" \/>\n<meta property=\"article:modified_time\" content=\"2026-02-08T19:27:45+00:00\" \/>\n<meta property=\"og:image\" content=\"https:\/\/tonalibus.org\/wp-content\/uploads\/2021\/01\/IMG_3892-cx.jpg\" \/>\n\t<meta property=\"og:image:width\" content=\"1990\" \/>\n\t<meta property=\"og:image:height\" content=\"972\" \/>\n\t<meta property=\"og:image:type\" content=\"image\/jpeg\" \/>\n<meta name=\"twitter:card\" content=\"summary_large_image\" \/>\n<meta name=\"twitter:label1\" content=\"Dur\u00e9e de lecture estim\u00e9e\" \/>\n\t<meta name=\"twitter:data1\" content=\"1 minute\" \/>\n<script type=\"application\/ld+json\" class=\"yoast-schema-graph\">{\"@context\":\"https:\\\/\\\/schema.org\",\"@graph\":[{\"@type\":\"WebPage\",\"@id\":\"https:\\\/\\\/tonalibus.org\\\/tonalities\\\/reach-or-harmonic-heptatonalities\\\/reachup-dbl-h-gypsy-min\\\/reachup-double-harmonic-gypsy-minor-loops\\\/\",\"url\":\"https:\\\/\\\/tonalibus.org\\\/tonalities\\\/reach-or-harmonic-heptatonalities\\\/reachup-dbl-h-gypsy-min\\\/reachup-double-harmonic-gypsy-minor-loops\\\/\",\"name\":\"ReachUp (double harmonic\\\/Gypsy minor) loops &#8211; TONALIBUS\",\"isPartOf\":{\"@id\":\"https:\\\/\\\/tonalibus.org\\\/de\\\/#website\"},\"primaryImageOfPage\":{\"@id\":\"https:\\\/\\\/tonalibus.org\\\/tonalities\\\/reach-or-harmonic-heptatonalities\\\/reachup-dbl-h-gypsy-min\\\/reachup-double-harmonic-gypsy-minor-loops\\\/#primaryimage\"},\"image\":{\"@id\":\"https:\\\/\\\/tonalibus.org\\\/tonalities\\\/reach-or-harmonic-heptatonalities\\\/reachup-dbl-h-gypsy-min\\\/reachup-double-harmonic-gypsy-minor-loops\\\/#primaryimage\"},\"thumbnailUrl\":\"https:\\\/\\\/tonalibus.org\\\/wp-content\\\/uploads\\\/2021\\\/01\\\/IMG_3892-cx-1024x500.jpg\",\"datePublished\":\"2020-08-13T20:06:28+00:00\",\"dateModified\":\"2026-02-08T19:27:45+00:00\",\"description\":\"This page features sound sample loops of ReachUp or double harmonic\\\/Gypsy minor. You may enjoy a tonality loop as sound mantra.\",\"breadcrumb\":{\"@id\":\"https:\\\/\\\/tonalibus.org\\\/tonalities\\\/reach-or-harmonic-heptatonalities\\\/reachup-dbl-h-gypsy-min\\\/reachup-double-harmonic-gypsy-minor-loops\\\/#breadcrumb\"},\"inLanguage\":\"fr-FR\",\"potentialAction\":[{\"@type\":\"ReadAction\",\"target\":[\"https:\\\/\\\/tonalibus.org\\\/tonalities\\\/reach-or-harmonic-heptatonalities\\\/reachup-dbl-h-gypsy-min\\\/reachup-double-harmonic-gypsy-minor-loops\\\/\"]}]},{\"@type\":\"ImageObject\",\"inLanguage\":\"fr-FR\",\"@id\":\"https:\\\/\\\/tonalibus.org\\\/tonalities\\\/reach-or-harmonic-heptatonalities\\\/reachup-dbl-h-gypsy-min\\\/reachup-double-harmonic-gypsy-minor-loops\\\/#primaryimage\",\"url\":\"https:\\\/\\\/tonalibus.org\\\/wp-content\\\/uploads\\\/2021\\\/01\\\/IMG_3892-cx-1024x500.jpg\",\"contentUrl\":\"https:\\\/\\\/tonalibus.org\\\/wp-content\\\/uploads\\\/2021\\\/01\\\/IMG_3892-cx-1024x500.jpg\"},{\"@type\":\"BreadcrumbList\",\"@id\":\"https:\\\/\\\/tonalibus.org\\\/tonalities\\\/reach-or-harmonic-heptatonalities\\\/reachup-dbl-h-gypsy-min\\\/reachup-double-harmonic-gypsy-minor-loops\\\/#breadcrumb\",\"itemListElement\":[{\"@type\":\"ListItem\",\"position\":1,\"name\":\"Home\",\"item\":\"https:\\\/\\\/tonalibus.org\\\/\"},{\"@type\":\"ListItem\",\"position\":2,\"name\":\"Tonalities\",\"item\":\"https:\\\/\\\/tonalibus.org\\\/tonalities\\\/\"},{\"@type\":\"ListItem\",\"position\":3,\"name\":\"Reach (or Harmonic) Heptatonalities\",\"item\":\"https:\\\/\\\/tonalibus.org\\\/tonalities\\\/reach-or-harmonic-heptatonalities\\\/\"},{\"@type\":\"ListItem\",\"position\":4,\"name\":\"ReachUp (dbl-h\\\/Gypsy min.)\",\"item\":\"https:\\\/\\\/tonalibus.org\\\/tonalities\\\/reach-or-harmonic-heptatonalities\\\/reachup-dbl-h-gypsy-min\\\/\"},{\"@type\":\"ListItem\",\"position\":5,\"name\":\"ReachUp (double harmonic\\\/Gypsy minor) loops\"}]},{\"@type\":\"WebSite\",\"@id\":\"https:\\\/\\\/tonalibus.org\\\/de\\\/#website\",\"url\":\"https:\\\/\\\/tonalibus.org\\\/de\\\/\",\"name\":\"TONALIBUS\",\"description\":\"Anchored Harmony and Tonalities\",\"publisher\":{\"@id\":\"https:\\\/\\\/tonalibus.org\\\/de\\\/#\\\/schema\\\/person\\\/749261d7bc96d1f00127273f83ab96a4\"},\"potentialAction\":[{\"@type\":\"SearchAction\",\"target\":{\"@type\":\"EntryPoint\",\"urlTemplate\":\"https:\\\/\\\/tonalibus.org\\\/de\\\/?s={search_term_string}\"},\"query-input\":{\"@type\":\"PropertyValueSpecification\",\"valueRequired\":true,\"valueName\":\"search_term_string\"}}],\"inLanguage\":\"fr-FR\"},{\"@type\":[\"Person\",\"Organization\"],\"@id\":\"https:\\\/\\\/tonalibus.org\\\/de\\\/#\\\/schema\\\/person\\\/749261d7bc96d1f00127273f83ab96a4\",\"name\":\"Ulrico\",\"image\":{\"@type\":\"ImageObject\",\"inLanguage\":\"fr-FR\",\"@id\":\"https:\\\/\\\/tonalibus.org\\\/wp-content\\\/uploads\\\/2020\\\/06\\\/uli-pix.jpg\",\"url\":\"https:\\\/\\\/tonalibus.org\\\/wp-content\\\/uploads\\\/2020\\\/06\\\/uli-pix.jpg\",\"contentUrl\":\"https:\\\/\\\/tonalibus.org\\\/wp-content\\\/uploads\\\/2020\\\/06\\\/uli-pix.jpg\",\"width\":960,\"height\":720,\"caption\":\"Ulrico\"},\"logo\":{\"@id\":\"https:\\\/\\\/tonalibus.org\\\/wp-content\\\/uploads\\\/2020\\\/06\\\/uli-pix.jpg\"},\"sameAs\":[\"https:\\\/\\\/tonalibus.cyon.site\"]}]}<\/script>\n<!-- \/ Yoast SEO plugin. -->","yoast_head_json":{"title":"ReachUp (double harmonic\/Gypsy minor) loops - TONALIBUS","description":"Cette page pr\u00e9sente des boucles d'\u00e9chantillons sonores de ReachUp ou de double harmonique\/mineur manouche. Vous pouvez appr\u00e9cier une boucle de tonalit\u00e9 comme mantra sonore.","robots":{"index":"index","follow":"follow","max-snippet":"max-snippet:-1","max-image-preview":"max-image-preview:large","max-video-preview":"max-video-preview:-1"},"canonical":"https:\/\/tonalibus.org\/fr\/tonalities\/reach-or-harmonic-heptatonalities\/reachup-dbl-h-gypsy-min\/reachup-double-harmonic-gypsy-minor-loops\/","og_locale":"fr_FR","og_type":"article","og_title":"ReachUp (double harmonic\/Gypsy minor) loops &#8211; TONALIBUS","og_description":"This page features sound sample loops of ReachUp or double harmonic\/Gypsy minor. You may enjoy a tonality loop as sound mantra.","og_url":"https:\/\/tonalibus.org\/fr\/tonalities\/reach-or-harmonic-heptatonalities\/reachup-dbl-h-gypsy-min\/reachup-double-harmonic-gypsy-minor-loops\/","og_site_name":"TONALIBUS","article_modified_time":"2026-02-08T19:27:45+00:00","og_image":[{"width":1990,"height":972,"url":"https:\/\/tonalibus.org\/wp-content\/uploads\/2021\/01\/IMG_3892-cx.jpg","type":"image\/jpeg"}],"twitter_card":"summary_large_image","twitter_misc":{"Dur\u00e9e de lecture estim\u00e9e":"1 minute"},"schema":{"@context":"https:\/\/schema.org","@graph":[{"@type":"WebPage","@id":"https:\/\/tonalibus.org\/tonalities\/reach-or-harmonic-heptatonalities\/reachup-dbl-h-gypsy-min\/reachup-double-harmonic-gypsy-minor-loops\/","url":"https:\/\/tonalibus.org\/tonalities\/reach-or-harmonic-heptatonalities\/reachup-dbl-h-gypsy-min\/reachup-double-harmonic-gypsy-minor-loops\/","name":"ReachUp (double harmonic\/Gypsy minor) loops - TONALIBUS","isPartOf":{"@id":"https:\/\/tonalibus.org\/de\/#website"},"primaryImageOfPage":{"@id":"https:\/\/tonalibus.org\/tonalities\/reach-or-harmonic-heptatonalities\/reachup-dbl-h-gypsy-min\/reachup-double-harmonic-gypsy-minor-loops\/#primaryimage"},"image":{"@id":"https:\/\/tonalibus.org\/tonalities\/reach-or-harmonic-heptatonalities\/reachup-dbl-h-gypsy-min\/reachup-double-harmonic-gypsy-minor-loops\/#primaryimage"},"thumbnailUrl":"https:\/\/tonalibus.org\/wp-content\/uploads\/2021\/01\/IMG_3892-cx-1024x500.jpg","datePublished":"2020-08-13T20:06:28+00:00","dateModified":"2026-02-08T19:27:45+00:00","description":"Cette page pr\u00e9sente des boucles d'\u00e9chantillons sonores de ReachUp ou de double harmonique\/mineur manouche. Vous pouvez appr\u00e9cier une boucle de tonalit\u00e9 comme mantra sonore.","breadcrumb":{"@id":"https:\/\/tonalibus.org\/tonalities\/reach-or-harmonic-heptatonalities\/reachup-dbl-h-gypsy-min\/reachup-double-harmonic-gypsy-minor-loops\/#breadcrumb"},"inLanguage":"fr-FR","potentialAction":[{"@type":"ReadAction","target":["https:\/\/tonalibus.org\/tonalities\/reach-or-harmonic-heptatonalities\/reachup-dbl-h-gypsy-min\/reachup-double-harmonic-gypsy-minor-loops\/"]}]},{"@type":"ImageObject","inLanguage":"fr-FR","@id":"https:\/\/tonalibus.org\/tonalities\/reach-or-harmonic-heptatonalities\/reachup-dbl-h-gypsy-min\/reachup-double-harmonic-gypsy-minor-loops\/#primaryimage","url":"https:\/\/tonalibus.org\/wp-content\/uploads\/2021\/01\/IMG_3892-cx-1024x500.jpg","contentUrl":"https:\/\/tonalibus.org\/wp-content\/uploads\/2021\/01\/IMG_3892-cx-1024x500.jpg"},{"@type":"BreadcrumbList","@id":"https:\/\/tonalibus.org\/tonalities\/reach-or-harmonic-heptatonalities\/reachup-dbl-h-gypsy-min\/reachup-double-harmonic-gypsy-minor-loops\/#breadcrumb","itemListElement":[{"@type":"ListItem","position":1,"name":"Home","item":"https:\/\/tonalibus.org\/"},{"@type":"ListItem","position":2,"name":"Tonalities","item":"https:\/\/tonalibus.org\/tonalities\/"},{"@type":"ListItem","position":3,"name":"Reach (or Harmonic) Heptatonalities","item":"https:\/\/tonalibus.org\/tonalities\/reach-or-harmonic-heptatonalities\/"},{"@type":"ListItem","position":4,"name":"ReachUp (dbl-h\/Gypsy min.)","item":"https:\/\/tonalibus.org\/tonalities\/reach-or-harmonic-heptatonalities\/reachup-dbl-h-gypsy-min\/"},{"@type":"ListItem","position":5,"name":"ReachUp (double harmonic\/Gypsy minor) loops"}]},{"@type":"WebSite","@id":"https:\/\/tonalibus.org\/de\/#website","url":"https:\/\/tonalibus.org\/de\/","name":"TONALIBUS","description":"Harmonie et tonalit\u00e9s ancr\u00e9es","publisher":{"@id":"https:\/\/tonalibus.org\/de\/#\/schema\/person\/749261d7bc96d1f00127273f83ab96a4"},"potentialAction":[{"@type":"SearchAction","target":{"@type":"EntryPoint","urlTemplate":"https:\/\/tonalibus.org\/de\/?s={search_term_string}"},"query-input":{"@type":"PropertyValueSpecification","valueRequired":true,"valueName":"search_term_string"}}],"inLanguage":"fr-FR"},{"@type":["Person","Organization"],"@id":"https:\/\/tonalibus.org\/de\/#\/schema\/person\/749261d7bc96d1f00127273f83ab96a4","name":"Ulrico","image":{"@type":"ImageObject","inLanguage":"fr-FR","@id":"https:\/\/tonalibus.org\/wp-content\/uploads\/2020\/06\/uli-pix.jpg","url":"https:\/\/tonalibus.org\/wp-content\/uploads\/2020\/06\/uli-pix.jpg","contentUrl":"https:\/\/tonalibus.org\/wp-content\/uploads\/2020\/06\/uli-pix.jpg","width":960,"height":720,"caption":"Ulrico"},"logo":{"@id":"https:\/\/tonalibus.org\/wp-content\/uploads\/2020\/06\/uli-pix.jpg"},"sameAs":["https:\/\/tonalibus.cyon.site"]}]}},"_links":{"self":[{"href":"https:\/\/tonalibus.org\/fr\/wp-json\/wp\/v2\/pages\/4390","targetHints":{"allow":["GET"]}}],"collection":[{"href":"https:\/\/tonalibus.org\/fr\/wp-json\/wp\/v2\/pages"}],"about":[{"href":"https:\/\/tonalibus.org\/fr\/wp-json\/wp\/v2\/types\/page"}],"author":[{"embeddable":true,"href":"https:\/\/tonalibus.org\/fr\/wp-json\/wp\/v2\/users\/1"}],"replies":[{"embeddable":true,"href":"https:\/\/tonalibus.org\/fr\/wp-json\/wp\/v2\/comments?post=4390"}],"version-history":[{"count":1,"href":"https:\/\/tonalibus.org\/fr\/wp-json\/wp\/v2\/pages\/4390\/revisions"}],"predecessor-version":[{"id":38371,"href":"https:\/\/tonalibus.org\/fr\/wp-json\/wp\/v2\/pages\/4390\/revisions\/38371"}],"up":[{"embeddable":true,"href":"https:\/\/tonalibus.org\/fr\/wp-json\/wp\/v2\/pages\/582"}],"wp:attachment":[{"href":"https:\/\/tonalibus.org\/fr\/wp-json\/wp\/v2\/media?parent=4390"}],"curies":[{"name":"wp","href":"https:\/\/api.w.org\/{rel}","templated":true}]}}