{"id":458,"date":"2020-06-17T11:57:37","date_gmt":"2020-06-17T09:57:37","guid":{"rendered":"https:\/\/tonalibus.org\/?page_id=458"},"modified":"2025-03-24T09:17:33","modified_gmt":"2025-03-24T08:17:33","slug":"concepts","status":"publish","type":"page","link":"https:\/\/tonalibus.org\/fr\/inner-circle\/repository\/concepts\/","title":{"rendered":"Concepts"},"content":{"rendered":"<div class=\"wp-block-buttons is-horizontal is-content-justification-center is-layout-flex wp-container-core-buttons-is-layout-499968f5 wp-block-buttons-is-layout-flex\">\n<div class=\"wp-block-button is-style-outline is-style-outline--1\"><a class=\"wp-block-button__link wp-element-button\" href=\"https:\/\/tonalibus.org\/fr\/concepts\/glossary\/\">Glossaire<\/a><\/div>\n\n\n\n<div class=\"wp-block-button is-style-outline is-style-outline--2\"><a class=\"wp-block-button__link wp-element-button\" href=\"#presos\">Pr\u00e9sentations de concepts<\/a><\/div>\n\n\n\n<div class=\"wp-block-button is-style-outline is-style-outline--3\"><a class=\"wp-block-button__link wp-element-button\" href=\"https:\/\/tonalibus.org\/fr\/concepts\/concepts-highlights\/\">Concepts en vedette<\/a><\/div>\n\n\n\n<div class=\"wp-block-button is-style-outline is-style-outline--4\"><a class=\"wp-block-button__link wp-element-button\" href=\"https:\/\/tonalibus.org\/fr\/tonalities\/chromaticism-and-modulation\/\">Chromatisme &amp; modulation<\/a><\/div>\n<\/div>\n\n\n\n<div style=\"height:56px\" aria-hidden=\"true\" class=\"wp-block-spacer\"><\/div>\n\n\n\n<p class=\"has-text-color\" id=\"presos\" style=\"color:#f7b320\">Le slogan de Tonalibus en souligne le c\u0153ur : <em>Harmonie et tonalit\u00e9s ancr\u00e9es<\/em>. La partie th\u00e9orique se trouve dans la compilation, principalement visuelle, des concepts d'harmonie pr\u00e9sent\u00e9s ci-dessous. La partie pratique, comprenant de multiples clips audio pour chaque tonalit\u00e9, se trouve dans le catalogue des <a href=\"https:\/\/tonalibus.org\/fr\/tonalities\/\"><mark style=\"background-color:rgba(0, 0, 0, 0);color:#f7b320\" class=\"has-inline-color\">tonalit\u00e9s ancr\u00e9es<\/mark><\/a>. Tonalibus pr\u00e9sente ses concepts dans la <a href=\"https:\/\/tonalibus.org\/fr\/concepts\/five-course-series\/\"><mark style=\"background-color:rgba(0, 0, 0, 0);color:#f7b320\" class=\"has-inline-color\">s\u00e9rie de cinq cours<\/mark><\/a> <em>Fondements de l'harmonie et des tonalit\u00e9s<\/em>. En outre, il y a une vue tr\u00e8s concentr\u00e9e, <a href=\"https:\/\/tonalibus.org\/fr\/concepts\/concepts-brief\/\"><mark style=\"background-color:rgba(0, 0, 0, 0);color:#f7b320\" class=\"has-inline-color\">les concepts en bref<\/mark><\/a>, comme introduction <a href=\"https:\/\/tonalibus.org\/fr\/concepts\/concepts-preview\/\"><mark style=\"background-color:rgba(0, 0, 0, 0);color:#f7b320\" class=\"has-inline-color\">l'aper\u00e7u des concepts<\/mark><\/a>, une <a href=\"https:\/\/tonalibus.org\/fr\/concepts\/concepts-review\/\"><mark style=\"background-color:rgba(0, 0, 0, 0);color:#f7b320\" class=\"has-inline-color\">la revue des concepts<\/mark><\/a>, et un ensemble de <a href=\"https:\/\/tonalibus.org\/fr\/concepts\/concepts-highlights\/\"><mark style=\"background-color:rgba(0, 0, 0, 0);color:#f7b320\" class=\"has-inline-color\">concepts en vedette<\/mark><\/a>. Ces pr\u00e9sentations de concepts consistent principalement en des images, des graphiques et des tableaux, avec tr\u00e8s peu de texte.<\/p>\n\n\n\n<div class=\"wp-block-buttons is-horizontal is-content-justification-center is-layout-flex wp-container-core-buttons-is-layout-499968f5 wp-block-buttons-is-layout-flex\">\n<div class=\"wp-block-button is-style-outline is-style-outline--5\"><a class=\"wp-block-button__link wp-element-button\" href=\"https:\/\/tonalibus.org\/fr\/fundamentals\/five-course-series\/\">S\u00c9RIE DE CINQ COURS \u2013<br><em>Fondements de l'harmonie et des tonalit\u00e9s<\/em><\/a><\/div>\n<\/div>\n\n\n\n<div class=\"wp-block-buttons is-horizontal is-content-justification-center is-layout-flex wp-container-core-buttons-is-layout-499968f5 wp-block-buttons-is-layout-flex\">\n<div class=\"wp-block-button is-style-outline is-style-outline--6\"><a class=\"wp-block-button__link wp-element-button\" href=\"https:\/\/tonalibus.org\/fr\/concepts\/concepts-brief\/\">Concepts en bref<\/a><\/div>\n\n\n\n<div class=\"wp-block-button is-style-outline is-style-outline--7\"><a class=\"wp-block-button__link wp-element-button\" href=\"https:\/\/tonalibus.org\/fr\/concepts\/concepts-preview\/\">Aper\u00e7u des concepts<\/a><\/div>\n\n\n\n<div class=\"wp-block-button is-style-outline is-style-outline--8\"><a class=\"wp-block-button__link wp-element-button\" href=\"https:\/\/tonalibus.org\/fr\/concepts\/concepts-review\/\">Revue des concepts<\/a><\/div>\n<\/div>\n\n\n\n<h2 class=\"wp-block-heading has-text-color\" id=\"overview-of-tonalibus-concepts-presentations\" style=\"color:#f7b320\">Aper\u00e7u des pr\u00e9sentations des concepts de Tonalibus<\/h2>\n\n\n\n<p><a href=\"https:\/\/tonalibus.org\/fr\/concepts\/concepts-brief\/\"><span style=\"color:#f7b320\" class=\"has-inline-color\">Les concepts en bref<\/span><\/a><span style=\"color:#f7b320\" class=\"has-inline-color\"> propose une saveur initiale de Tonalibus, du catalogue des tonalit\u00e9s ancr\u00e9es et de la s\u00e9rie de cinq cours. Ceci pr\u00e9sente un \u00e9chantillon de tonalit\u00e9 du catalogue et touche l\u00e9g\u00e8rement \u00e0 un concept Tonalibus des plus fondamentaux \u2013 l'ancrage de l'harmonie et des tonalit\u00e9s. <\/span><\/p>\n\n\n\n<p class=\"has-text-color\" style=\"color:#f7b320\"><a href=\"https:\/\/tonalibus.org\/fr\/concepts\/concepts-preview\/\"><mark style=\"background-color:rgba(0, 0, 0, 0);color:#f7b320\" class=\"has-inline-color\">L'aper\u00e7u des concepts<\/mark><\/a><mark style=\"background-color:rgba(0, 0, 0, 0);color:#f7b320\" class=\"has-inline-color\"> pr\u00e9sente un panorama du catalogue Tonalibus des tonalit\u00e9s ancr\u00e9es et de la s\u00e9rie de cinq cours. Il pr\u00e9sente trois tonalit\u00e9s du catalogue et aborde quelques concepts fondamentaux dans le contexte de l'ancrage de l'harmonie et des tonalit\u00e9s.<\/mark><\/p>\n\n\n\n<p><a href=\"https:\/\/tonalibus.org\/fr\/concepts\/five-course-series\/\"><span style=\"color:#f7b320\" class=\"has-inline-color\">La s\u00e9rie de cinq cours<\/span><\/a><span style=\"color:#f7b320\" class=\"has-inline-color\"> <em>Fondements de l'harmonie et des tonalit\u00e9s<\/em> expose en d\u00e9tail les concepts et les r\u00e9flexions de Tonalibus. Il s'agit principalement d'images, de graphiques et de tableaux \u2013 jusqu'\u00e0 pr\u00e9sent sans beaucoup de texte, si tant est qu'il y en ait. Avec le catalogue des <\/span><a href=\"https:\/\/tonalibus.org\/fr\/tonalities\/\"><span style=\"color:#f7b320\" class=\"has-inline-color\">tonalit\u00e9s ancr\u00e9es<\/span><\/a><span style=\"color:#f7b320\" class=\"has-inline-color\">, la s\u00e9rie de cinq cours est le c\u0153ur de Tonalibus. <\/span><\/p>\n\n\n\n<p><a href=\"https:\/\/tonalibus.org\/fr\/concepts\/concepts-review\/\"><span style=\"color:#f7b320\" class=\"has-inline-color\">La revue des concepts<\/span><\/a><span style=\"color:#f7b320\" class=\"has-inline-color\"> pr\u00e9sente un r\u00e9sum\u00e9 condens\u00e9 des principaux concepts de Tonalibus dans l'ordre de la s\u00e9rie de cinq cours. Il met en \u00e9vidence une multitude de concepts fondamentaux du Tonalibus. De plus, il pr\u00e9sente trois exemples du catalogue des tonalit\u00e9s ancr\u00e9es. <\/span><\/p>\n\n\n\n<p><mark style=\"background-color:rgba(0, 0, 0, 0);color:#f7b320\" class=\"has-inline-color\">Pour vous mettre en app\u00e9tit ou pour vous souvenir davantage, il existe une s\u00e9lection des <\/mark><a href=\"https:\/\/tonalibus.org\/fr\/concepts\/concepts-highlights\/\"><mark style=\"background-color:rgba(0, 0, 0, 0);color:#f7b320\" class=\"has-inline-color\">concepts en vedette<\/mark><\/a><mark style=\"background-color:rgba(0, 0, 0, 0);color:#f7b320\" class=\"has-inline-color\">. Ils pr\u00e9sentent de courtes boucles vid\u00e9o, des repr\u00e9sentations visuelles de concepts fondamentaux et cycliques de Tonalibus. Apr\u00e8s tout, une grande partie de la compr\u00e9hension et de la connaissance humaines provient de <\/mark><a aria-label=\"ind\u00e9fini (ouvre un nouvel onglet)\" href=\"https:\/\/fr.wikipedia.org\/wiki\/Reconnaissance_de_formes\" target=\"_blank\" rel=\"noreferrer noopener\"><mark style=\"background-color:rgba(0, 0, 0, 0);color:#f7b320\" class=\"has-inline-color\">la reconnaissance de formes<\/mark><\/a><mark style=\"background-color:rgba(0, 0, 0, 0);color:#f7b320\" class=\"has-inline-color\">. <\/mark><\/p>\n\n\n\n<p class=\"has-text-color\" style=\"color:#f7b320\">En outre, il existe un module sur <a href=\"https:\/\/tonalibus.org\/fr\/tonalities\/chromaticism-and-modulation\/\"><mark style=\"background-color:rgba(0, 0, 0, 0);color:#f7b320\" class=\"has-inline-color\">chromatisme et modulation<\/mark><\/a> avec un cadre de modulation et des \u00e9chantillons de modulation cyclique.<\/p>\n\n\n\n<div style=\"height:59px\" aria-hidden=\"true\" class=\"wp-block-spacer\"><\/div>\n\n\n<div class=\"wp-block-image\">\n<figure class=\"aligncenter size-large is-resized\"><img loading=\"lazy\" decoding=\"async\" src=\"https:\/\/tonalibus.org\/wp-content\/uploads\/2020\/06\/Tonalibus-1d-2-anchors-2020-05-16.jpg\" alt=\"1d-2-16\" class=\"wp-image-816\" width=\"404\" height=\"302\" srcset=\"https:\/\/tonalibus.org\/wp-content\/uploads\/2020\/06\/Tonalibus-1d-2-anchors-2020-05-16.jpg 960w, https:\/\/tonalibus.org\/wp-content\/uploads\/2020\/06\/Tonalibus-1d-2-anchors-2020-05-16-300x225.jpg 300w, https:\/\/tonalibus.org\/wp-content\/uploads\/2020\/06\/Tonalibus-1d-2-anchors-2020-05-16-768x576.jpg 768w\" sizes=\"auto, (max-width: 404px) 100vw, 404px\" \/><figcaption class=\"wp-element-caption\">Ancre harmonique ou tonale sur le pivot \u00e0 double spirale<\/figcaption><\/figure>\n<\/div>","protected":false},"excerpt":{"rendered":"<p>Le slogan de Tonalibus met l'accent sur son essence : Harmonie et tonalit\u00e9s ancr\u00e9es. La partie th\u00e9orique se trouve dans la compilation essentiellement visuelle des concepts d'harmonie pr\u00e9sent\u00e9s ci-dessous. L'aspect pratique, qui comprend plusieurs clips audio pour chaque tonalit\u00e9, se trouve dans le catalogue des tonalit\u00e9s ancr\u00e9es. Tonalibus pr\u00e9sente ses concepts dans la s\u00e9rie de cours en cinq parties Harmonic ... <\/p>\n<p class=\"link-more\"><a href=\"https:\/\/tonalibus.org\/fr\/inner-circle\/repository\/concepts\/\" class=\"more-link\">Continuer la lecture<span class=\"screen-reader-text\"> de \" Concepts \"<\/span><\/a><\/p>","protected":false},"author":1,"featured_media":0,"parent":2136,"menu_order":0,"comment_status":"closed","ping_status":"closed","template":"","meta":{"footnotes":""},"class_list":["post-458","page","type-page","status-publish","hentry"],"yoast_head":"<!-- This site is optimized with the Yoast SEO plugin v27.4 - https:\/\/yoast.com\/product\/yoast-seo-wordpress\/ -->\n<title>Concepts &#8211; TONALIBUS, Anchored Harmony and Tonalities<\/title>\n<meta name=\"description\" content=\"Tonalibus concepts are presented in the five-course series Harmonic and Tonality Fundamentals, plus in a brief, a preview, a review, and some highlights.\" \/>\n<meta name=\"robots\" content=\"index, follow, max-snippet:-1, max-image-preview:large, max-video-preview:-1\" \/>\n<link rel=\"canonical\" href=\"https:\/\/tonalibus.org\/fr\/inner-circle\/repository\/concepts\/\" \/>\n<meta property=\"og:locale\" content=\"fr_FR\" \/>\n<meta property=\"og:type\" content=\"article\" \/>\n<meta property=\"og:title\" content=\"Concepts &#8211; TONALIBUS, Anchored Harmony and Tonalities\" \/>\n<meta property=\"og:description\" content=\"Tonalibus concepts are presented in the five-course series Harmonic and Tonality Fundamentals, plus in a brief, a preview, a review, and some highlights.\" \/>\n<meta property=\"og:url\" content=\"https:\/\/tonalibus.org\/fr\/inner-circle\/repository\/concepts\/\" \/>\n<meta property=\"og:site_name\" content=\"TONALIBUS\" \/>\n<meta property=\"article:modified_time\" content=\"2025-03-24T08:17:33+00:00\" \/>\n<meta property=\"og:image\" content=\"https:\/\/tonalibus.org\/wp-content\/uploads\/2020\/06\/Tonalibus-1d-2-anchors-2020-05-16.jpg\" \/>\n<meta name=\"twitter:card\" content=\"summary_large_image\" \/>\n<meta name=\"twitter:label1\" content=\"Dur\u00e9e de lecture estim\u00e9e\" \/>\n\t<meta name=\"twitter:data1\" content=\"2 minutes\" \/>\n<script type=\"application\/ld+json\" class=\"yoast-schema-graph\">{\"@context\":\"https:\\\/\\\/schema.org\",\"@graph\":[{\"@type\":\"WebPage\",\"@id\":\"https:\\\/\\\/tonalibus.org\\\/de\\\/inner-circle\\\/repository\\\/concepts\\\/\",\"url\":\"https:\\\/\\\/tonalibus.org\\\/de\\\/inner-circle\\\/repository\\\/concepts\\\/\",\"name\":\"Concepts &#8211; TONALIBUS, Anchored Harmony and Tonalities\",\"isPartOf\":{\"@id\":\"https:\\\/\\\/tonalibus.org\\\/de\\\/#website\"},\"primaryImageOfPage\":{\"@id\":\"https:\\\/\\\/tonalibus.org\\\/de\\\/inner-circle\\\/repository\\\/concepts\\\/#primaryimage\"},\"image\":{\"@id\":\"https:\\\/\\\/tonalibus.org\\\/de\\\/inner-circle\\\/repository\\\/concepts\\\/#primaryimage\"},\"thumbnailUrl\":\"https:\\\/\\\/tonalibus.org\\\/wp-content\\\/uploads\\\/2020\\\/06\\\/Tonalibus-1d-2-anchors-2020-05-16.jpg\",\"datePublished\":\"2020-06-17T09:57:37+00:00\",\"dateModified\":\"2025-03-24T08:17:33+00:00\",\"description\":\"Tonalibus concepts are presented in the five-course series Harmonic and Tonality Fundamentals, plus in a brief, a preview, a review, and some highlights.\",\"breadcrumb\":{\"@id\":\"https:\\\/\\\/tonalibus.org\\\/de\\\/inner-circle\\\/repository\\\/concepts\\\/#breadcrumb\"},\"inLanguage\":\"fr-FR\",\"potentialAction\":[{\"@type\":\"ReadAction\",\"target\":[\"https:\\\/\\\/tonalibus.org\\\/de\\\/inner-circle\\\/repository\\\/concepts\\\/\"]}]},{\"@type\":\"ImageObject\",\"inLanguage\":\"fr-FR\",\"@id\":\"https:\\\/\\\/tonalibus.org\\\/de\\\/inner-circle\\\/repository\\\/concepts\\\/#primaryimage\",\"url\":\"https:\\\/\\\/tonalibus.org\\\/wp-content\\\/uploads\\\/2020\\\/06\\\/Tonalibus-1d-2-anchors-2020-05-16.jpg\",\"contentUrl\":\"https:\\\/\\\/tonalibus.org\\\/wp-content\\\/uploads\\\/2020\\\/06\\\/Tonalibus-1d-2-anchors-2020-05-16.jpg\"},{\"@type\":\"BreadcrumbList\",\"@id\":\"https:\\\/\\\/tonalibus.org\\\/de\\\/inner-circle\\\/repository\\\/concepts\\\/#breadcrumb\",\"itemListElement\":[{\"@type\":\"ListItem\",\"position\":1,\"name\":\"Home\",\"item\":\"https:\\\/\\\/tonalibus.org\\\/\"},{\"@type\":\"ListItem\",\"position\":2,\"name\":\"Protected: Inner Circle\",\"item\":\"https:\\\/\\\/tonalibus.org\\\/en\\\/inner-circle\\\/\"},{\"@type\":\"ListItem\",\"position\":3,\"name\":\"Gesch\u00fctzt: Repository\",\"item\":\"https:\\\/\\\/tonalibus.org\\\/de\\\/inner-circle\\\/repository\\\/\"},{\"@type\":\"ListItem\",\"position\":4,\"name\":\"Concepts\"}]},{\"@type\":\"WebSite\",\"@id\":\"https:\\\/\\\/tonalibus.org\\\/de\\\/#website\",\"url\":\"https:\\\/\\\/tonalibus.org\\\/de\\\/\",\"name\":\"TONALIBUS\",\"description\":\"Anchored Harmony and Tonalities\",\"publisher\":{\"@id\":\"https:\\\/\\\/tonalibus.org\\\/de\\\/#\\\/schema\\\/person\\\/749261d7bc96d1f00127273f83ab96a4\"},\"potentialAction\":[{\"@type\":\"SearchAction\",\"target\":{\"@type\":\"EntryPoint\",\"urlTemplate\":\"https:\\\/\\\/tonalibus.org\\\/de\\\/?s={search_term_string}\"},\"query-input\":{\"@type\":\"PropertyValueSpecification\",\"valueRequired\":true,\"valueName\":\"search_term_string\"}}],\"inLanguage\":\"fr-FR\"},{\"@type\":[\"Person\",\"Organization\"],\"@id\":\"https:\\\/\\\/tonalibus.org\\\/de\\\/#\\\/schema\\\/person\\\/749261d7bc96d1f00127273f83ab96a4\",\"name\":\"Ulrico\",\"image\":{\"@type\":\"ImageObject\",\"inLanguage\":\"fr-FR\",\"@id\":\"https:\\\/\\\/tonalibus.org\\\/wp-content\\\/uploads\\\/2020\\\/06\\\/uli-pix.jpg\",\"url\":\"https:\\\/\\\/tonalibus.org\\\/wp-content\\\/uploads\\\/2020\\\/06\\\/uli-pix.jpg\",\"contentUrl\":\"https:\\\/\\\/tonalibus.org\\\/wp-content\\\/uploads\\\/2020\\\/06\\\/uli-pix.jpg\",\"width\":960,\"height\":720,\"caption\":\"Ulrico\"},\"logo\":{\"@id\":\"https:\\\/\\\/tonalibus.org\\\/wp-content\\\/uploads\\\/2020\\\/06\\\/uli-pix.jpg\"},\"sameAs\":[\"https:\\\/\\\/tonalibus.cyon.site\"]}]}<\/script>\n<!-- \/ Yoast SEO plugin. -->","yoast_head_json":{"title":"Concepts - TONALIBUS, Harmonie ancr\u00e9e et tonalit\u00e9s","description":"Les concepts de Tonalibus sont pr\u00e9sent\u00e9s dans la s\u00e9rie de cinq cours intitul\u00e9e Harmonic and Tonality Fundamentals, ainsi que dans un r\u00e9sum\u00e9, un aper\u00e7u, une revue et quelques points forts.","robots":{"index":"index","follow":"follow","max-snippet":"max-snippet:-1","max-image-preview":"max-image-preview:large","max-video-preview":"max-video-preview:-1"},"canonical":"https:\/\/tonalibus.org\/fr\/inner-circle\/repository\/concepts\/","og_locale":"fr_FR","og_type":"article","og_title":"Concepts &#8211; TONALIBUS, Anchored Harmony and Tonalities","og_description":"Tonalibus concepts are presented in the five-course series Harmonic and Tonality Fundamentals, plus in a brief, a preview, a review, and some highlights.","og_url":"https:\/\/tonalibus.org\/fr\/inner-circle\/repository\/concepts\/","og_site_name":"TONALIBUS","article_modified_time":"2025-03-24T08:17:33+00:00","og_image":[{"url":"https:\/\/tonalibus.org\/wp-content\/uploads\/2020\/06\/Tonalibus-1d-2-anchors-2020-05-16.jpg","type":"","width":"","height":""}],"twitter_card":"summary_large_image","twitter_misc":{"Dur\u00e9e de lecture estim\u00e9e":"2 minutes"},"schema":{"@context":"https:\/\/schema.org","@graph":[{"@type":"WebPage","@id":"https:\/\/tonalibus.org\/de\/inner-circle\/repository\/concepts\/","url":"https:\/\/tonalibus.org\/de\/inner-circle\/repository\/concepts\/","name":"Concepts - TONALIBUS, Harmonie ancr\u00e9e et tonalit\u00e9s","isPartOf":{"@id":"https:\/\/tonalibus.org\/de\/#website"},"primaryImageOfPage":{"@id":"https:\/\/tonalibus.org\/de\/inner-circle\/repository\/concepts\/#primaryimage"},"image":{"@id":"https:\/\/tonalibus.org\/de\/inner-circle\/repository\/concepts\/#primaryimage"},"thumbnailUrl":"https:\/\/tonalibus.org\/wp-content\/uploads\/2020\/06\/Tonalibus-1d-2-anchors-2020-05-16.jpg","datePublished":"2020-06-17T09:57:37+00:00","dateModified":"2025-03-24T08:17:33+00:00","description":"Les concepts de Tonalibus sont pr\u00e9sent\u00e9s dans la s\u00e9rie de cinq cours intitul\u00e9e Harmonic and Tonality Fundamentals, ainsi que dans un r\u00e9sum\u00e9, un aper\u00e7u, une revue et quelques points forts.","breadcrumb":{"@id":"https:\/\/tonalibus.org\/de\/inner-circle\/repository\/concepts\/#breadcrumb"},"inLanguage":"fr-FR","potentialAction":[{"@type":"ReadAction","target":["https:\/\/tonalibus.org\/de\/inner-circle\/repository\/concepts\/"]}]},{"@type":"ImageObject","inLanguage":"fr-FR","@id":"https:\/\/tonalibus.org\/de\/inner-circle\/repository\/concepts\/#primaryimage","url":"https:\/\/tonalibus.org\/wp-content\/uploads\/2020\/06\/Tonalibus-1d-2-anchors-2020-05-16.jpg","contentUrl":"https:\/\/tonalibus.org\/wp-content\/uploads\/2020\/06\/Tonalibus-1d-2-anchors-2020-05-16.jpg"},{"@type":"BreadcrumbList","@id":"https:\/\/tonalibus.org\/de\/inner-circle\/repository\/concepts\/#breadcrumb","itemListElement":[{"@type":"ListItem","position":1,"name":"Home","item":"https:\/\/tonalibus.org\/"},{"@type":"ListItem","position":2,"name":"Protected: Inner Circle","item":"https:\/\/tonalibus.org\/en\/inner-circle\/"},{"@type":"ListItem","position":3,"name":"Gesch\u00fctzt: Repository","item":"https:\/\/tonalibus.org\/de\/inner-circle\/repository\/"},{"@type":"ListItem","position":4,"name":"Concepts"}]},{"@type":"WebSite","@id":"https:\/\/tonalibus.org\/de\/#website","url":"https:\/\/tonalibus.org\/de\/","name":"TONALIBUS","description":"Harmonie et tonalit\u00e9s ancr\u00e9es","publisher":{"@id":"https:\/\/tonalibus.org\/de\/#\/schema\/person\/749261d7bc96d1f00127273f83ab96a4"},"potentialAction":[{"@type":"SearchAction","target":{"@type":"EntryPoint","urlTemplate":"https:\/\/tonalibus.org\/de\/?s={search_term_string}"},"query-input":{"@type":"PropertyValueSpecification","valueRequired":true,"valueName":"search_term_string"}}],"inLanguage":"fr-FR"},{"@type":["Person","Organization"],"@id":"https:\/\/tonalibus.org\/de\/#\/schema\/person\/749261d7bc96d1f00127273f83ab96a4","name":"Ulrico","image":{"@type":"ImageObject","inLanguage":"fr-FR","@id":"https:\/\/tonalibus.org\/wp-content\/uploads\/2020\/06\/uli-pix.jpg","url":"https:\/\/tonalibus.org\/wp-content\/uploads\/2020\/06\/uli-pix.jpg","contentUrl":"https:\/\/tonalibus.org\/wp-content\/uploads\/2020\/06\/uli-pix.jpg","width":960,"height":720,"caption":"Ulrico"},"logo":{"@id":"https:\/\/tonalibus.org\/wp-content\/uploads\/2020\/06\/uli-pix.jpg"},"sameAs":["https:\/\/tonalibus.cyon.site"]}]}},"_links":{"self":[{"href":"https:\/\/tonalibus.org\/fr\/wp-json\/wp\/v2\/pages\/458","targetHints":{"allow":["GET"]}}],"collection":[{"href":"https:\/\/tonalibus.org\/fr\/wp-json\/wp\/v2\/pages"}],"about":[{"href":"https:\/\/tonalibus.org\/fr\/wp-json\/wp\/v2\/types\/page"}],"author":[{"embeddable":true,"href":"https:\/\/tonalibus.org\/fr\/wp-json\/wp\/v2\/users\/1"}],"replies":[{"embeddable":true,"href":"https:\/\/tonalibus.org\/fr\/wp-json\/wp\/v2\/comments?post=458"}],"version-history":[{"count":0,"href":"https:\/\/tonalibus.org\/fr\/wp-json\/wp\/v2\/pages\/458\/revisions"}],"up":[{"embeddable":true,"href":"https:\/\/tonalibus.org\/fr\/wp-json\/wp\/v2\/pages\/2136"}],"wp:attachment":[{"href":"https:\/\/tonalibus.org\/fr\/wp-json\/wp\/v2\/media?parent=458"}],"curies":[{"name":"wp","href":"https:\/\/api.w.org\/{rel}","templated":true}]}}