{"id":5662,"date":"2020-09-25T15:12:37","date_gmt":"2020-09-25T13:12:37","guid":{"rendered":"https:\/\/tonalibus.org\/?page_id=5662"},"modified":"2023-02-09T07:32:30","modified_gmt":"2023-02-09T06:32:30","slug":"autumn-2020-loops","status":"publish","type":"page","link":"https:\/\/tonalibus.org\/fr\/sounds\/2020-sound-and-images\/autumn-2020-loops\/","title":{"rendered":"Automne 2020 en loop"},"content":{"rendered":"<h2 class=\"wp-block-heading\"><mark style=\"background-color:rgba(0, 0, 0, 0);color:#f7b320\" class=\"has-inline-color\">Des \u00e9chantillons sonores personnelles en boucle\/loop de l'automne 2020<\/mark><\/h2>\n\n\n\n<p><mark style=\"background-color:rgba(0, 0, 0, 0);color:#f7b320\" class=\"has-inline-color\">Vous trouverez ici des \u00e9chantillons sonores personnels de l'automne 2020, des boucles (loop) d'improvisations spontan\u00e9es, \u00e0 plusieurs pistes et originales de <\/mark><a href=\"https:\/\/tonalibus.org\/fr\/about-tonalibus\/ulrico\/\"><mark style=\"background-color:rgba(0, 0, 0, 0);color:#f7b320\" class=\"has-inline-color\">Ulrico<\/mark><\/a><mark style=\"background-color:rgba(0, 0, 0, 0);color:#f7b320\" class=\"has-inline-color\"> sur divers instruments.<\/mark><\/p>\n\n\n\n<h3 class=\"wp-block-heading\" id=\"spont\"><mark style=\"background-color:rgba(0, 0, 0, 0);color:#f7b320\" class=\"has-inline-color\">\u201cSpontaneous Surprise\u201d \u2013 pour M\u00e4tti<\/mark><\/h3>\n\n\n\n<figure id=\"call-to-peace\" class=\"wp-block-audio\"><audio controls src=\"https:\/\/tonalibus.org\/wp-content\/uploads\/2020\/10\/2020-10-01-GVy.mp3\" loop><\/audio><figcaption class=\"wp-element-caption\"><mark style=\"background-color:rgba(0, 0, 0, 0);color:#f7b320\" class=\"has-inline-color\">Guitare \u00e0 8 cordes et voix \u2013 octobre 2020 \u2013 4:47 loop \u2013 syst\u00e8me de sonorisation capable de sons bas recommand\u00e9<\/mark><\/figcaption><\/figure>\n\n\n\n<h3 class=\"wp-block-heading\" id=\"call\"><mark style=\"background-color:rgba(0, 0, 0, 0);color:#f7b320\" class=\"has-inline-color\">\u201cCall to Peace\u201d<\/mark><\/h3>\n\n\n\n<figure class=\"wp-block-audio\"><audio controls src=\"https:\/\/tonalibus.org\/wp-content\/uploads\/2020\/09\/2020-09-22-FFFTR.mp3\" loop><\/audio><figcaption class=\"wp-element-caption\"><mark style=\"background-color:rgba(0, 0, 0, 0);color:#f7b320\" class=\"has-inline-color\">Triple <\/mark><a href=\"https:\/\/fr.wikipedia.org\/wiki\/Fujara\" target=\"_blank\" rel=\"noreferrer noopener\"><mark style=\"background-color:rgba(0, 0, 0, 0);color:#f7b320\" class=\"has-inline-color\">fujara<\/mark><\/a><mark style=\"background-color:rgba(0, 0, 0, 0);color:#f7b320\" class=\"has-inline-color\"> et fl\u00fbte \u00e0 bec t\u00e9nor \u2013 septembre 2020 \u2013 3:03 loop \u2013 Vous pouvez augmenter le volume.<\/mark><\/figcaption><\/figure>\n\n\n\n<h3 class=\"wp-block-heading\" id=\"space\"><mark style=\"background-color:rgba(0, 0, 0, 0);color:#f7b320\" class=\"has-inline-color\">\u201cThe Little Blue Loop that Could \u2013 in Space\u201d<\/mark><\/h3>\n\n\n\n<figure class=\"wp-block-audio\"><audio controls src=\"https:\/\/tonalibus.org\/wp-content\/uploads\/2020\/09\/2020-09-22-GGB-2.mp3\" loop><\/audio><figcaption class=\"wp-element-caption\"><mark style=\"background-color:rgba(0, 0, 0, 0);color:#f7b320\" class=\"has-inline-color\">Double guitare \u00e0 8 cordes et basse \u2013 septembre 2020 \u2013 0:47 loop <\/mark><\/figcaption><\/figure>\n\n\n\n<h3 class=\"wp-block-heading\" id=\"track\"><mark style=\"background-color:rgba(0, 0, 0, 0);color:#f7b320\" class=\"has-inline-color\">\u201cThe Little Blue Loop that Could \u2013 on Track\u201d<\/mark><\/h3>\n\n\n\n<figure class=\"wp-block-audio\"><audio controls src=\"https:\/\/tonalibus.org\/wp-content\/uploads\/2020\/09\/2020-09-21-GGBV.mp3\" loop><\/audio><figcaption class=\"wp-element-caption\"><mark style=\"background-color:rgba(0, 0, 0, 0);color:#f7b320\" class=\"has-inline-color\">Double guitare \u00e0 8 cordes, basse et voix \u2013 septembre 2020 \u2013 3:38 loop<\/mark><\/figcaption><\/figure>\n\n\n\n<h3 class=\"wp-block-heading\" id=\"rest\"><mark style=\"background-color:rgba(0, 0, 0, 0);color:#f7b320\" class=\"has-inline-color\">\u201cThe Little Blue Loop that Could \u2014 at Rest\u201d<\/mark><\/h3>\n\n\n\n<figure class=\"wp-block-audio\"><audio controls src=\"https:\/\/tonalibus.org\/wp-content\/uploads\/2020\/09\/2020-09-21-GGG-2.mp3\" loop><\/audio><figcaption class=\"wp-element-caption\"><mark style=\"background-color:rgba(0, 0, 0, 0);color:#f7b320\" class=\"has-inline-color\">Triple guitare \u00e0 8 cordes \u2013 septembre 2020 \u2013 0:57 loop<\/mark><\/figcaption><\/figure>\n\n\n\n<div style=\"height:53px\" aria-hidden=\"true\" class=\"wp-block-spacer\"><\/div>\n\n\n<div class=\"wp-block-image\">\n<figure class=\"aligncenter size-large is-resized\"><img loading=\"lazy\" decoding=\"async\" src=\"https:\/\/tonalibus.org\/wp-content\/uploads\/2020\/09\/IMG_3120-v.jpg\" alt=\"IMG_3120 v - 2020 Autumn Personal Sound Samples\" class=\"wp-image-5596\" width=\"455\" height=\"342\" srcset=\"https:\/\/tonalibus.org\/wp-content\/uploads\/2020\/09\/IMG_3120-v.jpg 640w, https:\/\/tonalibus.org\/wp-content\/uploads\/2020\/09\/IMG_3120-v-300x225.jpg 300w\" sizes=\"auto, (max-width: 455px) 100vw, 455px\" \/><figcaption class=\"wp-element-caption\">\u00c9levage de truites du lac Bleu \u2013 juillet 2020<\/figcaption><\/figure>\n<\/div>","protected":false},"excerpt":{"rendered":"<p>Boucles d'\u00e9chantillons sonores personnels de l'automne 2020 Vous trouverez ici des \u00e9chantillons sonores personnels de l'automne 2020, des boucles d'improvisation spontan\u00e9es, multicouches et originales d'Ulrico sur divers instruments. \"Spontaneous Surprise\" - pour M\u00e4tti \"Call to Peace\" \"The Little Blue Loop that Could - in Space\" \"The Little Blue Loop that Could - on Track\" \"The Little Blue ... <\/p>\n<p class=\"link-more\"><a href=\"https:\/\/tonalibus.org\/fr\/sounds\/2020-sound-and-images\/autumn-2020-loops\/\" class=\"more-link\">Continuer la lecture<span class=\"screen-reader-text\"> de \" Boucles d'automne 2020 \"<\/span><\/a><\/p>","protected":false},"author":1,"featured_media":0,"parent":20420,"menu_order":5,"comment_status":"closed","ping_status":"closed","template":"","meta":{"footnotes":""},"class_list":["post-5662","page","type-page","status-publish","hentry"],"yoast_head":"<!-- This site is optimized with the Yoast SEO plugin v27.5 - https:\/\/yoast.com\/product\/yoast-seo-wordpress\/ -->\n<title>Autumn 2020 loops &#8211; TONALIBUS, Harmony and Tonalities<\/title>\n<meta name=\"description\" content=\"Autumn 2020 loops are personal sound samples, spontaneous, multi-layered, original improvisations by Ulrico on various instruments.\" \/>\n<meta name=\"robots\" content=\"index, follow, max-snippet:-1, max-image-preview:large, max-video-preview:-1\" \/>\n<link rel=\"canonical\" href=\"https:\/\/tonalibus.org\/fr\/sounds\/2020-sound-and-images\/autumn-2020-loops\/\" \/>\n<meta property=\"og:locale\" content=\"fr_FR\" \/>\n<meta property=\"og:type\" content=\"article\" \/>\n<meta property=\"og:title\" content=\"Autumn 2020 loops &#8211; TONALIBUS, Harmony and Tonalities\" \/>\n<meta property=\"og:description\" content=\"Autumn 2020 loops are personal sound samples, spontaneous, multi-layered, original improvisations by Ulrico on various instruments.\" \/>\n<meta property=\"og:url\" content=\"https:\/\/tonalibus.org\/fr\/sounds\/2020-sound-and-images\/autumn-2020-loops\/\" \/>\n<meta property=\"og:site_name\" content=\"TONALIBUS\" \/>\n<meta property=\"article:modified_time\" content=\"2023-02-09T06:32:30+00:00\" \/>\n<meta property=\"og:image\" content=\"https:\/\/tonalibus.org\/wp-content\/uploads\/2020\/09\/IMG_3120-v.jpg\" \/>\n<meta name=\"twitter:card\" content=\"summary_large_image\" \/>\n<meta name=\"twitter:label1\" content=\"Dur\u00e9e de lecture estim\u00e9e\" \/>\n\t<meta name=\"twitter:data1\" content=\"1 minute\" \/>\n<script type=\"application\/ld+json\" class=\"yoast-schema-graph\">{\"@context\":\"https:\\\/\\\/schema.org\",\"@graph\":[{\"@type\":\"WebPage\",\"@id\":\"https:\\\/\\\/tonalibus.org\\\/sounds\\\/2020-sound-and-images\\\/autumn-2020-loops\\\/\",\"url\":\"https:\\\/\\\/tonalibus.org\\\/sounds\\\/2020-sound-and-images\\\/autumn-2020-loops\\\/\",\"name\":\"Autumn 2020 loops &#8211; TONALIBUS, Harmony and Tonalities\",\"isPartOf\":{\"@id\":\"https:\\\/\\\/tonalibus.org\\\/de\\\/#website\"},\"primaryImageOfPage\":{\"@id\":\"https:\\\/\\\/tonalibus.org\\\/sounds\\\/2020-sound-and-images\\\/autumn-2020-loops\\\/#primaryimage\"},\"image\":{\"@id\":\"https:\\\/\\\/tonalibus.org\\\/sounds\\\/2020-sound-and-images\\\/autumn-2020-loops\\\/#primaryimage\"},\"thumbnailUrl\":\"https:\\\/\\\/tonalibus.org\\\/wp-content\\\/uploads\\\/2020\\\/09\\\/IMG_3120-v.jpg\",\"datePublished\":\"2020-09-25T13:12:37+00:00\",\"dateModified\":\"2023-02-09T06:32:30+00:00\",\"description\":\"Autumn 2020 loops are personal sound samples, spontaneous, multi-layered, original improvisations by Ulrico on various instruments.\",\"breadcrumb\":{\"@id\":\"https:\\\/\\\/tonalibus.org\\\/sounds\\\/2020-sound-and-images\\\/autumn-2020-loops\\\/#breadcrumb\"},\"inLanguage\":\"fr-FR\",\"potentialAction\":[{\"@type\":\"ReadAction\",\"target\":[\"https:\\\/\\\/tonalibus.org\\\/sounds\\\/2020-sound-and-images\\\/autumn-2020-loops\\\/\"]}]},{\"@type\":\"ImageObject\",\"inLanguage\":\"fr-FR\",\"@id\":\"https:\\\/\\\/tonalibus.org\\\/sounds\\\/2020-sound-and-images\\\/autumn-2020-loops\\\/#primaryimage\",\"url\":\"https:\\\/\\\/tonalibus.org\\\/wp-content\\\/uploads\\\/2020\\\/09\\\/IMG_3120-v.jpg\",\"contentUrl\":\"https:\\\/\\\/tonalibus.org\\\/wp-content\\\/uploads\\\/2020\\\/09\\\/IMG_3120-v.jpg\"},{\"@type\":\"BreadcrumbList\",\"@id\":\"https:\\\/\\\/tonalibus.org\\\/sounds\\\/2020-sound-and-images\\\/autumn-2020-loops\\\/#breadcrumb\",\"itemListElement\":[{\"@type\":\"ListItem\",\"position\":1,\"name\":\"Home\",\"item\":\"https:\\\/\\\/tonalibus.org\\\/\"},{\"@type\":\"ListItem\",\"position\":2,\"name\":\"Sounds\",\"item\":\"https:\\\/\\\/tonalibus.org\\\/sounds\\\/\"},{\"@type\":\"ListItem\",\"position\":3,\"name\":\"2020 Sounds and Images\",\"item\":\"https:\\\/\\\/tonalibus.org\\\/sounds\\\/2020-sound-and-images\\\/\"},{\"@type\":\"ListItem\",\"position\":4,\"name\":\"Autumn 2020 loops\"}]},{\"@type\":\"WebSite\",\"@id\":\"https:\\\/\\\/tonalibus.org\\\/de\\\/#website\",\"url\":\"https:\\\/\\\/tonalibus.org\\\/de\\\/\",\"name\":\"TONALIBUS\",\"description\":\"Anchored Harmony and Tonalities\",\"publisher\":{\"@id\":\"https:\\\/\\\/tonalibus.org\\\/de\\\/#\\\/schema\\\/person\\\/749261d7bc96d1f00127273f83ab96a4\"},\"potentialAction\":[{\"@type\":\"SearchAction\",\"target\":{\"@type\":\"EntryPoint\",\"urlTemplate\":\"https:\\\/\\\/tonalibus.org\\\/de\\\/?s={search_term_string}\"},\"query-input\":{\"@type\":\"PropertyValueSpecification\",\"valueRequired\":true,\"valueName\":\"search_term_string\"}}],\"inLanguage\":\"fr-FR\"},{\"@type\":[\"Person\",\"Organization\"],\"@id\":\"https:\\\/\\\/tonalibus.org\\\/de\\\/#\\\/schema\\\/person\\\/749261d7bc96d1f00127273f83ab96a4\",\"name\":\"Ulrico\",\"image\":{\"@type\":\"ImageObject\",\"inLanguage\":\"fr-FR\",\"@id\":\"https:\\\/\\\/tonalibus.org\\\/wp-content\\\/uploads\\\/2020\\\/06\\\/uli-pix.jpg\",\"url\":\"https:\\\/\\\/tonalibus.org\\\/wp-content\\\/uploads\\\/2020\\\/06\\\/uli-pix.jpg\",\"contentUrl\":\"https:\\\/\\\/tonalibus.org\\\/wp-content\\\/uploads\\\/2020\\\/06\\\/uli-pix.jpg\",\"width\":960,\"height\":720,\"caption\":\"Ulrico\"},\"logo\":{\"@id\":\"https:\\\/\\\/tonalibus.org\\\/wp-content\\\/uploads\\\/2020\\\/06\\\/uli-pix.jpg\"},\"sameAs\":[\"https:\\\/\\\/tonalibus.cyon.site\"]}]}<\/script>\n<!-- \/ Yoast SEO plugin. -->","yoast_head_json":{"title":"Boucles automne 2020 - TONALIBUS, Harmonie et tonalit\u00e9s","description":"Les boucles de l'automne 2020 sont des \u00e9chantillons sonores personnels, des improvisations spontan\u00e9es, multicouches et originales d'Ulrico sur divers instruments.","robots":{"index":"index","follow":"follow","max-snippet":"max-snippet:-1","max-image-preview":"max-image-preview:large","max-video-preview":"max-video-preview:-1"},"canonical":"https:\/\/tonalibus.org\/fr\/sounds\/2020-sound-and-images\/autumn-2020-loops\/","og_locale":"fr_FR","og_type":"article","og_title":"Autumn 2020 loops &#8211; TONALIBUS, Harmony and Tonalities","og_description":"Autumn 2020 loops are personal sound samples, spontaneous, multi-layered, original improvisations by Ulrico on various instruments.","og_url":"https:\/\/tonalibus.org\/fr\/sounds\/2020-sound-and-images\/autumn-2020-loops\/","og_site_name":"TONALIBUS","article_modified_time":"2023-02-09T06:32:30+00:00","og_image":[{"url":"https:\/\/tonalibus.org\/wp-content\/uploads\/2020\/09\/IMG_3120-v.jpg","type":"","width":"","height":""}],"twitter_card":"summary_large_image","twitter_misc":{"Dur\u00e9e de lecture estim\u00e9e":"1 minute"},"schema":{"@context":"https:\/\/schema.org","@graph":[{"@type":"WebPage","@id":"https:\/\/tonalibus.org\/sounds\/2020-sound-and-images\/autumn-2020-loops\/","url":"https:\/\/tonalibus.org\/sounds\/2020-sound-and-images\/autumn-2020-loops\/","name":"Boucles automne 2020 - TONALIBUS, Harmonie et tonalit\u00e9s","isPartOf":{"@id":"https:\/\/tonalibus.org\/de\/#website"},"primaryImageOfPage":{"@id":"https:\/\/tonalibus.org\/sounds\/2020-sound-and-images\/autumn-2020-loops\/#primaryimage"},"image":{"@id":"https:\/\/tonalibus.org\/sounds\/2020-sound-and-images\/autumn-2020-loops\/#primaryimage"},"thumbnailUrl":"https:\/\/tonalibus.org\/wp-content\/uploads\/2020\/09\/IMG_3120-v.jpg","datePublished":"2020-09-25T13:12:37+00:00","dateModified":"2023-02-09T06:32:30+00:00","description":"Les boucles de l'automne 2020 sont des \u00e9chantillons sonores personnels, des improvisations spontan\u00e9es, multicouches et originales d'Ulrico sur divers instruments.","breadcrumb":{"@id":"https:\/\/tonalibus.org\/sounds\/2020-sound-and-images\/autumn-2020-loops\/#breadcrumb"},"inLanguage":"fr-FR","potentialAction":[{"@type":"ReadAction","target":["https:\/\/tonalibus.org\/sounds\/2020-sound-and-images\/autumn-2020-loops\/"]}]},{"@type":"ImageObject","inLanguage":"fr-FR","@id":"https:\/\/tonalibus.org\/sounds\/2020-sound-and-images\/autumn-2020-loops\/#primaryimage","url":"https:\/\/tonalibus.org\/wp-content\/uploads\/2020\/09\/IMG_3120-v.jpg","contentUrl":"https:\/\/tonalibus.org\/wp-content\/uploads\/2020\/09\/IMG_3120-v.jpg"},{"@type":"BreadcrumbList","@id":"https:\/\/tonalibus.org\/sounds\/2020-sound-and-images\/autumn-2020-loops\/#breadcrumb","itemListElement":[{"@type":"ListItem","position":1,"name":"Home","item":"https:\/\/tonalibus.org\/"},{"@type":"ListItem","position":2,"name":"Sounds","item":"https:\/\/tonalibus.org\/sounds\/"},{"@type":"ListItem","position":3,"name":"2020 Sounds and Images","item":"https:\/\/tonalibus.org\/sounds\/2020-sound-and-images\/"},{"@type":"ListItem","position":4,"name":"Autumn 2020 loops"}]},{"@type":"WebSite","@id":"https:\/\/tonalibus.org\/de\/#website","url":"https:\/\/tonalibus.org\/de\/","name":"TONALIBUS","description":"Harmonie et tonalit\u00e9s ancr\u00e9es","publisher":{"@id":"https:\/\/tonalibus.org\/de\/#\/schema\/person\/749261d7bc96d1f00127273f83ab96a4"},"potentialAction":[{"@type":"SearchAction","target":{"@type":"EntryPoint","urlTemplate":"https:\/\/tonalibus.org\/de\/?s={search_term_string}"},"query-input":{"@type":"PropertyValueSpecification","valueRequired":true,"valueName":"search_term_string"}}],"inLanguage":"fr-FR"},{"@type":["Person","Organization"],"@id":"https:\/\/tonalibus.org\/de\/#\/schema\/person\/749261d7bc96d1f00127273f83ab96a4","name":"Ulrico","image":{"@type":"ImageObject","inLanguage":"fr-FR","@id":"https:\/\/tonalibus.org\/wp-content\/uploads\/2020\/06\/uli-pix.jpg","url":"https:\/\/tonalibus.org\/wp-content\/uploads\/2020\/06\/uli-pix.jpg","contentUrl":"https:\/\/tonalibus.org\/wp-content\/uploads\/2020\/06\/uli-pix.jpg","width":960,"height":720,"caption":"Ulrico"},"logo":{"@id":"https:\/\/tonalibus.org\/wp-content\/uploads\/2020\/06\/uli-pix.jpg"},"sameAs":["https:\/\/tonalibus.cyon.site"]}]}},"_links":{"self":[{"href":"https:\/\/tonalibus.org\/fr\/wp-json\/wp\/v2\/pages\/5662","targetHints":{"allow":["GET"]}}],"collection":[{"href":"https:\/\/tonalibus.org\/fr\/wp-json\/wp\/v2\/pages"}],"about":[{"href":"https:\/\/tonalibus.org\/fr\/wp-json\/wp\/v2\/types\/page"}],"author":[{"embeddable":true,"href":"https:\/\/tonalibus.org\/fr\/wp-json\/wp\/v2\/users\/1"}],"replies":[{"embeddable":true,"href":"https:\/\/tonalibus.org\/fr\/wp-json\/wp\/v2\/comments?post=5662"}],"version-history":[{"count":0,"href":"https:\/\/tonalibus.org\/fr\/wp-json\/wp\/v2\/pages\/5662\/revisions"}],"up":[{"embeddable":true,"href":"https:\/\/tonalibus.org\/fr\/wp-json\/wp\/v2\/pages\/20420"}],"wp:attachment":[{"href":"https:\/\/tonalibus.org\/fr\/wp-json\/wp\/v2\/media?parent=5662"}],"curies":[{"name":"wp","href":"https:\/\/api.w.org\/{rel}","templated":true}]}}