{"id":5671,"date":"2020-09-25T15:39:54","date_gmt":"2020-09-25T13:39:54","guid":{"rendered":"https:\/\/tonalibus.org\/?page_id=5671"},"modified":"2023-02-09T08:07:41","modified_gmt":"2023-02-09T07:07:41","slug":"spring-summer-2020","status":"publish","type":"page","link":"https:\/\/tonalibus.org\/fr\/sounds\/2020-sound-and-images\/spring-summer-2020\/","title":{"rendered":"Printemps-\u00e9t\u00e9 2020 en loop"},"content":{"rendered":"<h2 class=\"wp-block-heading\"><mark style=\"background-color:rgba(0, 0, 0, 0);color:#f7b320\" class=\"has-inline-color\">Des \u00e9chantillons sonores personnelles en boucle\/loop du printemps-\u00e9t\u00e9 2020<\/mark><\/h2>\n\n\n\n<p><mark style=\"background-color:rgba(0, 0, 0, 0);color:#f7b320\" class=\"has-inline-color\">Vous trouverez ici des \u00e9chantillons sonores personnels du printemps-\u00e9t\u00e9 2020, des improvisations spontan\u00e9es et originales, la plupart \u00e0 plusieurs pistes, en loop de <\/mark><a href=\"https:\/\/tonalibus.org\/fr\/about-tonalibus\/ulrico\/\"><mark style=\"background-color:rgba(0, 0, 0, 0);color:#f7b320\" class=\"has-inline-color\">Ulrico<\/mark><\/a><mark style=\"background-color:rgba(0, 0, 0, 0);color:#f7b320\" class=\"has-inline-color\"> sur divers instruments.<\/mark><\/p>\n\n\n\n<h3 class=\"wp-block-heading\" id=\"change\"><mark style=\"background-color:rgba(0, 0, 0, 0);color:#f7b320\" class=\"has-inline-color\">\u201cChange of Season\u201d \u2013 un blues d'anniversaire percutant \u2013 pour Michi<\/mark><\/h3>\n\n\n\n<figure class=\"wp-block-audio\"><audio controls src=\"https:\/\/tonalibus.org\/wp-content\/uploads\/2020\/08\/2020-08-29-HB2.mp3\" loop><\/audio><figcaption class=\"wp-element-caption\"><mark style=\"background-color:rgba(0, 0, 0, 0);color:#f7b320\" class=\"has-inline-color\">Double et simple <\/mark><a href=\"https:\/\/fr.wikipedia.org\/wiki\/Hang\" target=\"_blank\" rel=\"noreferrer noopener\"><mark style=\"background-color:rgba(0, 0, 0, 0);color:#f7b320\" class=\"has-inline-color\">hang<\/mark><\/a><mark style=\"background-color:rgba(0, 0, 0, 0);color:#f7b320\" class=\"has-inline-color\"> Bal \u2013 ao\u00fbt 2020 \u2013 2:16 loop \u2013 \u00e0 jouer sur un syst\u00e8me capable de produire des sons bas<\/mark><\/figcaption><\/figure>\n\n\n\n<h3 class=\"wp-block-heading\" id=\"grace\"><mark style=\"background-color:rgba(0, 0, 0, 0);color:#f7b320\" class=\"has-inline-color\">\u201cCourtesy of Grace\u201d<\/mark><\/h3>\n\n\n\n<figure class=\"wp-block-audio\"><audio controls src=\"https:\/\/tonalibus.org\/wp-content\/uploads\/2020\/08\/2020-08-04-Hangbal.mp3\" loop><\/audio><figcaption class=\"wp-element-caption\"><a href=\"https:\/\/fr.wikipedia.org\/wiki\/Hang\" target=\"_blank\" rel=\"noreferrer noopener\"><span style=\"color:#f7b320\" class=\"has-inline-color\">hang<\/span><\/a><span style=\"color:#f7b320\" class=\"has-inline-color\"> \u2013 ao\u00fbt 2020 \u2013 2:29 loop<\/span><\/figcaption><\/figure>\n\n\n\n<h3 class=\"wp-block-heading\" id=\"eagle\"><mark style=\"background-color:rgba(0, 0, 0, 0);color:#f7b320\" class=\"has-inline-color\">\u201cOn Eagels\u2019 Wings\u201d<\/mark><\/h3>\n\n\n\n<figure id=\"asgod\" class=\"wp-block-audio\"><audio controls src=\"https:\/\/tonalibus.org\/wp-content\/uploads\/2020\/07\/2020-07-03-Fuj3.mp3\" loop><\/audio><figcaption class=\"wp-element-caption\"><mark style=\"background-color:rgba(0, 0, 0, 0);color:#f7b320\" class=\"has-inline-color\">Triple <\/mark><a href=\"https:\/\/fr.wikipedia.org\/wiki\/Fujara\" target=\"_blank\" rel=\"noreferrer noopener\"><mark style=\"background-color:rgba(0, 0, 0, 0);color:#f7b320\" class=\"has-inline-color\">fujara<\/mark><\/a><mark style=\"background-color:rgba(0, 0, 0, 0);color:#f7b320\" class=\"has-inline-color\"> \u2013 juillet 2020 \u2013 1:58 loop<\/mark><\/figcaption><\/figure>\n\n\n\n<h3 class=\"wp-block-heading\" id=\"billy\"><mark style=\"background-color:rgba(0, 0, 0, 0);color:#f7b320\" class=\"has-inline-color\">\u201cAs God Realizes the Moment\u201d \u2013 \u00e0 la m\u00e9moire de Billy<\/mark><\/h3>\n\n\n\n<figure class=\"wp-block-audio\"><audio controls src=\"https:\/\/tonalibus.org\/wp-content\/uploads\/2020\/07\/2020-05-30-FRGV-1.mp3\" loop><\/audio><figcaption class=\"wp-element-caption\"><mark style=\"background-color:rgba(0, 0, 0, 0);color:#f7b320\" class=\"has-inline-color\">guitare \u00e0 8 cordes, multiple <\/mark><a href=\"https:\/\/fr.wikipedia.org\/wiki\/Fujara\" target=\"_blank\" rel=\"noreferrer noopener\"><mark style=\"background-color:rgba(0, 0, 0, 0);color:#f7b320\" class=\"has-inline-color\">fujara<\/mark><\/a><mark style=\"background-color:rgba(0, 0, 0, 0);color:#f7b320\" class=\"has-inline-color\">, fl\u00fbte \u00e0 bec t\u00e9nor et voix \u2013 mai 2020 \u2013 2:33 loop<\/mark><\/figcaption><\/figure>\n\n\n\n<h3 class=\"wp-block-heading\" id=\"dancing\"><mark style=\"background-color:rgba(0, 0, 0, 0);color:#f7b320\" class=\"has-inline-color\">\u201cDancing above the Clouds\u201d<\/mark><\/h3>\n\n\n\n<figure class=\"wp-block-audio\"><audio controls src=\"https:\/\/tonalibus.org\/wp-content\/uploads\/2020\/07\/2020-04-19-GG.mp3\" loop><\/audio><figcaption class=\"wp-element-caption\"><mark style=\"background-color:rgba(0, 0, 0, 0);color:#f7b320\" class=\"has-inline-color\">Double guitare \u00e0 8 cordes \u2013 avril 2020 \u2013 0:40 loop<\/mark><\/figcaption><\/figure>\n\n\n\n<div style=\"height:64px\" aria-hidden=\"true\" class=\"wp-block-spacer\"><\/div>\n\n\n<div class=\"wp-block-image\">\n<figure class=\"aligncenter size-large is-resized\"><img loading=\"lazy\" decoding=\"async\" src=\"https:\/\/tonalibus.org\/wp-content\/uploads\/2020\/09\/IMG_3198-cv.jpg\" alt=\"IMG_3198 cv - spring-summer 2020\" class=\"wp-image-5595\" width=\"470\" height=\"353\" srcset=\"https:\/\/tonalibus.org\/wp-content\/uploads\/2020\/09\/IMG_3198-cv.jpg 601w, https:\/\/tonalibus.org\/wp-content\/uploads\/2020\/09\/IMG_3198-cv-300x225.jpg 300w\" sizes=\"auto, (max-width: 470px) 100vw, 470px\" \/><figcaption class=\"wp-element-caption\">R\u00e9flexions dans l'Areuse pr\u00e8s des gorges \u2013 ao\u00fbt 2020<\/figcaption><\/figure>\n<\/div>","protected":false},"excerpt":{"rendered":"<p>Boucles d'\u00e9chantillons sonores personnels du printemps-\u00e9t\u00e9 2020 Vous trouverez ici des \u00e9chantillons sonores personnels du printemps-\u00e9t\u00e9 2020, des boucles d'improvisation spontan\u00e9es, les plus multicouches et originales d'Ulrico sur divers instruments. \"Change of Season\" - un blues d'anniversaire percussif - pour Michi \"Courtesy of Grace\" \"On Eagels' Wings\" \"As God Realizes the Moment\" - en m\u00e9moire de Billy \"Dancing ... <\/p>\n<p class=\"link-more\"><a href=\"https:\/\/tonalibus.org\/fr\/sounds\/2020-sound-and-images\/spring-summer-2020\/\" class=\"more-link\">Continuer la lecture<span class=\"screen-reader-text\"> de \" Boucles printemps-\u00e9t\u00e9 2020 \"<\/span><\/a><\/p>","protected":false},"author":1,"featured_media":0,"parent":20420,"menu_order":6,"comment_status":"closed","ping_status":"closed","template":"","meta":{"footnotes":""},"class_list":["post-5671","page","type-page","status-publish","hentry"],"yoast_head":"<!-- This site is optimized with the Yoast SEO plugin v27.3 - https:\/\/yoast.com\/product\/yoast-seo-wordpress\/ -->\n<title>Spring-Summer 2020 loops &#8211; TONALIBUS, Harmony and Tonalities<\/title>\n<meta name=\"description\" content=\"Personal sound samples from spring-summer 2020: Spontaneous, multi-layered, original improvisations by Ulrico on various instruments.\" \/>\n<meta name=\"robots\" content=\"index, follow, max-snippet:-1, max-image-preview:large, max-video-preview:-1\" \/>\n<link rel=\"canonical\" href=\"https:\/\/tonalibus.org\/fr\/sounds\/2020-sound-and-images\/spring-summer-2020\/\" \/>\n<meta property=\"og:locale\" content=\"fr_FR\" \/>\n<meta property=\"og:type\" content=\"article\" \/>\n<meta property=\"og:title\" content=\"Spring-Summer 2020 loops &#8211; TONALIBUS, Harmony and Tonalities\" \/>\n<meta property=\"og:description\" content=\"Personal sound samples from spring-summer 2020: Spontaneous, multi-layered, original improvisations by Ulrico on various instruments.\" \/>\n<meta property=\"og:url\" content=\"https:\/\/tonalibus.org\/fr\/sounds\/2020-sound-and-images\/spring-summer-2020\/\" \/>\n<meta property=\"og:site_name\" content=\"TONALIBUS\" \/>\n<meta property=\"article:modified_time\" content=\"2023-02-09T07:07:41+00:00\" \/>\n<meta property=\"og:image\" content=\"https:\/\/tonalibus.org\/wp-content\/uploads\/2020\/09\/IMG_3198-cv.jpg\" \/>\n<meta name=\"twitter:card\" content=\"summary_large_image\" \/>\n<meta name=\"twitter:label1\" content=\"Dur\u00e9e de lecture estim\u00e9e\" \/>\n\t<meta name=\"twitter:data1\" content=\"1 minute\" \/>\n<script type=\"application\/ld+json\" class=\"yoast-schema-graph\">{\"@context\":\"https:\\\/\\\/schema.org\",\"@graph\":[{\"@type\":\"WebPage\",\"@id\":\"https:\\\/\\\/tonalibus.org\\\/sounds\\\/2020-sound-and-images\\\/spring-summer-2020\\\/\",\"url\":\"https:\\\/\\\/tonalibus.org\\\/sounds\\\/2020-sound-and-images\\\/spring-summer-2020\\\/\",\"name\":\"Spring-Summer 2020 loops &#8211; TONALIBUS, Harmony and Tonalities\",\"isPartOf\":{\"@id\":\"https:\\\/\\\/tonalibus.org\\\/de\\\/#website\"},\"primaryImageOfPage\":{\"@id\":\"https:\\\/\\\/tonalibus.org\\\/sounds\\\/2020-sound-and-images\\\/spring-summer-2020\\\/#primaryimage\"},\"image\":{\"@id\":\"https:\\\/\\\/tonalibus.org\\\/sounds\\\/2020-sound-and-images\\\/spring-summer-2020\\\/#primaryimage\"},\"thumbnailUrl\":\"https:\\\/\\\/tonalibus.org\\\/wp-content\\\/uploads\\\/2020\\\/09\\\/IMG_3198-cv.jpg\",\"datePublished\":\"2020-09-25T13:39:54+00:00\",\"dateModified\":\"2023-02-09T07:07:41+00:00\",\"description\":\"Personal sound samples from spring-summer 2020: Spontaneous, multi-layered, original improvisations by Ulrico on various instruments.\",\"breadcrumb\":{\"@id\":\"https:\\\/\\\/tonalibus.org\\\/sounds\\\/2020-sound-and-images\\\/spring-summer-2020\\\/#breadcrumb\"},\"inLanguage\":\"fr-FR\",\"potentialAction\":[{\"@type\":\"ReadAction\",\"target\":[\"https:\\\/\\\/tonalibus.org\\\/sounds\\\/2020-sound-and-images\\\/spring-summer-2020\\\/\"]}]},{\"@type\":\"ImageObject\",\"inLanguage\":\"fr-FR\",\"@id\":\"https:\\\/\\\/tonalibus.org\\\/sounds\\\/2020-sound-and-images\\\/spring-summer-2020\\\/#primaryimage\",\"url\":\"https:\\\/\\\/tonalibus.org\\\/wp-content\\\/uploads\\\/2020\\\/09\\\/IMG_3198-cv.jpg\",\"contentUrl\":\"https:\\\/\\\/tonalibus.org\\\/wp-content\\\/uploads\\\/2020\\\/09\\\/IMG_3198-cv.jpg\"},{\"@type\":\"BreadcrumbList\",\"@id\":\"https:\\\/\\\/tonalibus.org\\\/sounds\\\/2020-sound-and-images\\\/spring-summer-2020\\\/#breadcrumb\",\"itemListElement\":[{\"@type\":\"ListItem\",\"position\":1,\"name\":\"Home\",\"item\":\"https:\\\/\\\/tonalibus.org\\\/\"},{\"@type\":\"ListItem\",\"position\":2,\"name\":\"Sounds\",\"item\":\"https:\\\/\\\/tonalibus.org\\\/sounds\\\/\"},{\"@type\":\"ListItem\",\"position\":3,\"name\":\"2020 Sounds and Images\",\"item\":\"https:\\\/\\\/tonalibus.org\\\/sounds\\\/2020-sound-and-images\\\/\"},{\"@type\":\"ListItem\",\"position\":4,\"name\":\"Spring-Summer 2020 loops\"}]},{\"@type\":\"WebSite\",\"@id\":\"https:\\\/\\\/tonalibus.org\\\/de\\\/#website\",\"url\":\"https:\\\/\\\/tonalibus.org\\\/de\\\/\",\"name\":\"TONALIBUS\",\"description\":\"Anchored Harmony and Tonalities\",\"publisher\":{\"@id\":\"https:\\\/\\\/tonalibus.org\\\/de\\\/#\\\/schema\\\/person\\\/749261d7bc96d1f00127273f83ab96a4\"},\"potentialAction\":[{\"@type\":\"SearchAction\",\"target\":{\"@type\":\"EntryPoint\",\"urlTemplate\":\"https:\\\/\\\/tonalibus.org\\\/de\\\/?s={search_term_string}\"},\"query-input\":{\"@type\":\"PropertyValueSpecification\",\"valueRequired\":true,\"valueName\":\"search_term_string\"}}],\"inLanguage\":\"fr-FR\"},{\"@type\":[\"Person\",\"Organization\"],\"@id\":\"https:\\\/\\\/tonalibus.org\\\/de\\\/#\\\/schema\\\/person\\\/749261d7bc96d1f00127273f83ab96a4\",\"name\":\"Ulrico\",\"image\":{\"@type\":\"ImageObject\",\"inLanguage\":\"fr-FR\",\"@id\":\"https:\\\/\\\/tonalibus.org\\\/wp-content\\\/uploads\\\/2020\\\/06\\\/uli-pix.jpg\",\"url\":\"https:\\\/\\\/tonalibus.org\\\/wp-content\\\/uploads\\\/2020\\\/06\\\/uli-pix.jpg\",\"contentUrl\":\"https:\\\/\\\/tonalibus.org\\\/wp-content\\\/uploads\\\/2020\\\/06\\\/uli-pix.jpg\",\"width\":960,\"height\":720,\"caption\":\"Ulrico\"},\"logo\":{\"@id\":\"https:\\\/\\\/tonalibus.org\\\/wp-content\\\/uploads\\\/2020\\\/06\\\/uli-pix.jpg\"},\"sameAs\":[\"https:\\\/\\\/tonalibus.cyon.site\"]}]}<\/script>\n<!-- \/ Yoast SEO plugin. -->","yoast_head_json":{"title":"Boucles printemps-\u00e9t\u00e9 2020 - TONALIBUS, Harmonie et tonalit\u00e9s","description":"\u00c9chantillons sonores personnels du printemps-\u00e9t\u00e9 2020 : Improvisations spontan\u00e9es, multicouches et originales d'Ulrico sur divers instruments.","robots":{"index":"index","follow":"follow","max-snippet":"max-snippet:-1","max-image-preview":"max-image-preview:large","max-video-preview":"max-video-preview:-1"},"canonical":"https:\/\/tonalibus.org\/fr\/sounds\/2020-sound-and-images\/spring-summer-2020\/","og_locale":"fr_FR","og_type":"article","og_title":"Spring-Summer 2020 loops &#8211; TONALIBUS, Harmony and Tonalities","og_description":"Personal sound samples from spring-summer 2020: Spontaneous, multi-layered, original improvisations by Ulrico on various instruments.","og_url":"https:\/\/tonalibus.org\/fr\/sounds\/2020-sound-and-images\/spring-summer-2020\/","og_site_name":"TONALIBUS","article_modified_time":"2023-02-09T07:07:41+00:00","og_image":[{"url":"https:\/\/tonalibus.org\/wp-content\/uploads\/2020\/09\/IMG_3198-cv.jpg","type":"","width":"","height":""}],"twitter_card":"summary_large_image","twitter_misc":{"Dur\u00e9e de lecture estim\u00e9e":"1 minute"},"schema":{"@context":"https:\/\/schema.org","@graph":[{"@type":"WebPage","@id":"https:\/\/tonalibus.org\/sounds\/2020-sound-and-images\/spring-summer-2020\/","url":"https:\/\/tonalibus.org\/sounds\/2020-sound-and-images\/spring-summer-2020\/","name":"Boucles printemps-\u00e9t\u00e9 2020 - TONALIBUS, Harmonie et tonalit\u00e9s","isPartOf":{"@id":"https:\/\/tonalibus.org\/de\/#website"},"primaryImageOfPage":{"@id":"https:\/\/tonalibus.org\/sounds\/2020-sound-and-images\/spring-summer-2020\/#primaryimage"},"image":{"@id":"https:\/\/tonalibus.org\/sounds\/2020-sound-and-images\/spring-summer-2020\/#primaryimage"},"thumbnailUrl":"https:\/\/tonalibus.org\/wp-content\/uploads\/2020\/09\/IMG_3198-cv.jpg","datePublished":"2020-09-25T13:39:54+00:00","dateModified":"2023-02-09T07:07:41+00:00","description":"\u00c9chantillons sonores personnels du printemps-\u00e9t\u00e9 2020 : Improvisations spontan\u00e9es, multicouches et originales d'Ulrico sur divers instruments.","breadcrumb":{"@id":"https:\/\/tonalibus.org\/sounds\/2020-sound-and-images\/spring-summer-2020\/#breadcrumb"},"inLanguage":"fr-FR","potentialAction":[{"@type":"ReadAction","target":["https:\/\/tonalibus.org\/sounds\/2020-sound-and-images\/spring-summer-2020\/"]}]},{"@type":"ImageObject","inLanguage":"fr-FR","@id":"https:\/\/tonalibus.org\/sounds\/2020-sound-and-images\/spring-summer-2020\/#primaryimage","url":"https:\/\/tonalibus.org\/wp-content\/uploads\/2020\/09\/IMG_3198-cv.jpg","contentUrl":"https:\/\/tonalibus.org\/wp-content\/uploads\/2020\/09\/IMG_3198-cv.jpg"},{"@type":"BreadcrumbList","@id":"https:\/\/tonalibus.org\/sounds\/2020-sound-and-images\/spring-summer-2020\/#breadcrumb","itemListElement":[{"@type":"ListItem","position":1,"name":"Home","item":"https:\/\/tonalibus.org\/"},{"@type":"ListItem","position":2,"name":"Sounds","item":"https:\/\/tonalibus.org\/sounds\/"},{"@type":"ListItem","position":3,"name":"2020 Sounds and Images","item":"https:\/\/tonalibus.org\/sounds\/2020-sound-and-images\/"},{"@type":"ListItem","position":4,"name":"Spring-Summer 2020 loops"}]},{"@type":"WebSite","@id":"https:\/\/tonalibus.org\/de\/#website","url":"https:\/\/tonalibus.org\/de\/","name":"TONALIBUS","description":"Harmonie et tonalit\u00e9s ancr\u00e9es","publisher":{"@id":"https:\/\/tonalibus.org\/de\/#\/schema\/person\/749261d7bc96d1f00127273f83ab96a4"},"potentialAction":[{"@type":"SearchAction","target":{"@type":"EntryPoint","urlTemplate":"https:\/\/tonalibus.org\/de\/?s={search_term_string}"},"query-input":{"@type":"PropertyValueSpecification","valueRequired":true,"valueName":"search_term_string"}}],"inLanguage":"fr-FR"},{"@type":["Person","Organization"],"@id":"https:\/\/tonalibus.org\/de\/#\/schema\/person\/749261d7bc96d1f00127273f83ab96a4","name":"Ulrico","image":{"@type":"ImageObject","inLanguage":"fr-FR","@id":"https:\/\/tonalibus.org\/wp-content\/uploads\/2020\/06\/uli-pix.jpg","url":"https:\/\/tonalibus.org\/wp-content\/uploads\/2020\/06\/uli-pix.jpg","contentUrl":"https:\/\/tonalibus.org\/wp-content\/uploads\/2020\/06\/uli-pix.jpg","width":960,"height":720,"caption":"Ulrico"},"logo":{"@id":"https:\/\/tonalibus.org\/wp-content\/uploads\/2020\/06\/uli-pix.jpg"},"sameAs":["https:\/\/tonalibus.cyon.site"]}]}},"_links":{"self":[{"href":"https:\/\/tonalibus.org\/fr\/wp-json\/wp\/v2\/pages\/5671","targetHints":{"allow":["GET"]}}],"collection":[{"href":"https:\/\/tonalibus.org\/fr\/wp-json\/wp\/v2\/pages"}],"about":[{"href":"https:\/\/tonalibus.org\/fr\/wp-json\/wp\/v2\/types\/page"}],"author":[{"embeddable":true,"href":"https:\/\/tonalibus.org\/fr\/wp-json\/wp\/v2\/users\/1"}],"replies":[{"embeddable":true,"href":"https:\/\/tonalibus.org\/fr\/wp-json\/wp\/v2\/comments?post=5671"}],"version-history":[{"count":0,"href":"https:\/\/tonalibus.org\/fr\/wp-json\/wp\/v2\/pages\/5671\/revisions"}],"up":[{"embeddable":true,"href":"https:\/\/tonalibus.org\/fr\/wp-json\/wp\/v2\/pages\/20420"}],"wp:attachment":[{"href":"https:\/\/tonalibus.org\/fr\/wp-json\/wp\/v2\/media?parent=5671"}],"curies":[{"name":"wp","href":"https:\/\/api.w.org\/{rel}","templated":true}]}}