{"id":6855,"date":"2020-12-01T16:48:20","date_gmt":"2020-12-01T15:48:20","guid":{"rendered":"https:\/\/tonalibus.org\/?page_id=6855"},"modified":"2024-08-25T17:46:48","modified_gmt":"2024-08-25T15:46:48","slug":"recent-posts","status":"publish","type":"page","link":"https:\/\/tonalibus.org\/fr\/spiritualibus-blog\/recent-posts\/","title":{"rendered":"Messages r\u00e9cents du blog"},"content":{"rendered":"<h2 class=\"wp-block-heading has-text-align-center has-text-color has-link-color wp-elements-65f5990ac668f7250ffee8a54c81d87d\" style=\"color:#f7b320\"><mark style=\"background-color:rgba(0, 0, 0, 0);color:#f7b320\" class=\"has-inline-color\">Messages r\u00e9cents du blog Spiritualibus (toutes les cat\u00e9gories)<\/mark><\/h2>\n\n\n\n<p class=\"has-text-align-center has-text-color has-link-color wp-elements-ff7969a7d601f9b0a30388970f00c341\" style=\"color:#f7b320\">(cliquez sur le titre pour acc\u00e9der \u00e0 l'int\u00e9gralit\u00e9 du message)<\/p>\n\n\n\n<div style=\"height:20px\" aria-hidden=\"true\" class=\"wp-block-spacer\"><\/div>\n\n\n<ul class=\"wp-block-latest-posts__list has-dates aligncenter wp-block-latest-posts\"><li><a class=\"wp-block-latest-posts__post-title\" href=\"https:\/\/tonalibus.org\/fr\/2026\/04\/19\/directly-knowing\/\">Conna\u00eetre directement<\/a><time datetime=\"2026-04-19T10:08:57+02:00\" class=\"wp-block-latest-posts__post-date\">19 avril 2026<\/time><div class=\"wp-block-latest-posts__post-excerpt\">Conna\u00eetre directement\nvoir et entendre\npar compassion\ntransmettre aux autres \n. . .<\/div><\/li>\n<li><a class=\"wp-block-latest-posts__post-title\" href=\"https:\/\/tonalibus.org\/fr\/2026\/03\/20\/once-upon-a-time\/\">Il \u00e9tait une fois<\/a><time datetime=\"2026-03-20T13:04:18+01:00\" class=\"wp-block-latest-posts__post-date\">20 mars 2026<\/time><div class=\"wp-block-latest-posts__post-excerpt\">Il \u00e9tait une fois\nainsi ai-je entendu\n\u00e0 une certaine occasion\nj\u2019\u00e9tais occup\u00e9 \u00e0 vivre \n. . .<\/div><\/li>\n<li><a class=\"wp-block-latest-posts__post-title\" href=\"https:\/\/tonalibus.org\/fr\/2026\/03\/13\/winter-spring-2026-tonalibus-update\/\">Mise \u00e0 jour Tonalibus hiver-printemps 2026<\/a><time datetime=\"2026-03-13T17:51:13+01:00\" class=\"wp-block-latest-posts__post-date\">13 mars 2026<\/time><div class=\"wp-block-latest-posts__post-excerpt\">Cette mise \u00e0 jour Tonalibus hiver-printemps 2026 annonce la sortie prochaine du nouvel album triple \u201cTonalibus R, S &amp; T\u201d le 1er mai. Ensuite elle met en \u00e9vidence des nouveaux enregistrements Tonalibus et plus...<\/div><\/li>\n<li><a class=\"wp-block-latest-posts__post-title\" href=\"https:\/\/tonalibus.org\/fr\/2026\/02\/23\/a-burning-platform\/\">Une plate-forme br\u00fblante<\/a><time datetime=\"2026-02-23T11:58:22+01:00\" class=\"wp-block-latest-posts__post-date\">23 f\u00e9vrier 2026<\/time><div class=\"wp-block-latest-posts__post-excerpt\">Une plate-forme br\u00fblante\nce monde en flammes\nbien g\u00e9rer le feu\nc\u2019est un d\u00e9fi ultime \n. . .<\/div><\/li>\n<li><a class=\"wp-block-latest-posts__post-title\" href=\"https:\/\/tonalibus.org\/fr\/2026\/02\/16\/tonality-of-the-moment-hexablunamix\/\">Tonalit\u00e9 du moment : HexaBluNaMix<\/a><time datetime=\"2026-02-16T18:53:33+01:00\" class=\"wp-block-latest-posts__post-date\">16 f\u00e9vrier 2026<\/time><div class=\"wp-block-latest-posts__post-excerpt\">La tonalit\u00e9 du moment pour le printemps 2026 est HexaBluNaMix, une hexatonalit\u00e9 BluNa \/ (Lo)Mid avec un \u00e9quilibre interne unique...<\/div><\/li>\n<li><a class=\"wp-block-latest-posts__post-title\" href=\"https:\/\/tonalibus.org\/fr\/2026\/02\/09\/refuge\/\">Refuge<\/a><time datetime=\"2026-02-09T15:24:36+01:00\" class=\"wp-block-latest-posts__post-date\">9 f\u00e9vrier 2026<\/time><div class=\"wp-block-latest-posts__post-excerpt\">Refuge\njuste un nom\nchoisi autrefois\nen toute ind\u00e9pendance\npar soi-m\u00eame il y a longtemps\n. . .<\/div><\/li>\n<li><a class=\"wp-block-latest-posts__post-title\" href=\"https:\/\/tonalibus.org\/fr\/2026\/01\/27\/looking-beyond-duality\/\">Regarder au-del\u00e0 de la dualit\u00e9<\/a><time datetime=\"2026-01-27T14:47:16+01:00\" class=\"wp-block-latest-posts__post-date\">27 janvier 2026<\/time><div class=\"wp-block-latest-posts__post-excerpt\">Regarder au-del\u00e0 de la dualit\u00e9\nmet fin \u00e0 la d\u00e9personnalisation\nune exp\u00e9rimentation qui s'ach\u00e8ve\navec la prise de conscience nette\nde la personnification en tout\n. . .<\/div><\/li>\n<li><a class=\"wp-block-latest-posts__post-title\" href=\"https:\/\/tonalibus.org\/fr\/2026\/01\/04\/together-in-the-harmony-of-life\/\">Ensemble dans l'harmonie de la vie<\/a><time datetime=\"2026-01-04T11:16:10+01:00\" class=\"wp-block-latest-posts__post-date\">4 janvier 2026<\/time><div class=\"wp-block-latest-posts__post-excerpt\">\u201cEnsemble dans l'harmonie de la vie\u201d \n\u00e0 la Maison des religions \u00e0 Berne \u2013 \nM\u00e9ditation, silence, sons et mots\n...<\/div><\/li>\n<li><a class=\"wp-block-latest-posts__post-title\" href=\"https:\/\/tonalibus.org\/fr\/2025\/12\/31\/awake-here-now\/\">Eveill\u00e9 ici maintenant<\/a><time datetime=\"2025-12-31T17:23:31+01:00\" class=\"wp-block-latest-posts__post-date\">31 d\u00e9cembre 2025<\/time><div class=\"wp-block-latest-posts__post-excerpt\">Eveill\u00e9 ici maintenant\napr\u00e8s avoir dormi\net puis r\u00e9veill\u00e9 \n . . .<\/div><\/li>\n<li><a class=\"wp-block-latest-posts__post-title\" href=\"https:\/\/tonalibus.org\/fr\/2025\/12\/25\/spiritual-openness\/\">Ouverture spirituelle<\/a><time datetime=\"2025-12-25T18:34:17+01:00\" class=\"wp-block-latest-posts__post-date\">25 d\u00e9cembre 2025<\/time><div class=\"wp-block-latest-posts__post-excerpt\">Ouverture spirituelle\nsans aucune fixation\nreligieuse ou dogmatique\nest tr\u00e8s difficile \u00e0 trouver \n. . .<\/div><\/li>\n<li><a class=\"wp-block-latest-posts__post-title\" href=\"https:\/\/tonalibus.org\/fr\/2025\/12\/16\/flashes-of-radiant-cognizance-the-single\/\">Flashes of radiant cognizance \u2013 le single<\/a><time datetime=\"2025-12-16T11:19:14+01:00\" class=\"wp-block-latest-posts__post-date\">16 d\u00e9cembre 2025<\/time><div class=\"wp-block-latest-posts__post-excerpt\">\u201cFlashes of radiant cognizance\u201d \u2013 dans l'espace vide \u2014 une m\u00e9ditation m\u00e9lodique \u2013 appara\u00eet dans le monde entier en tant que nouveau single Tonalibus le 22 d\u00e9cembre 2025. . .<\/div><\/li>\n<li><a class=\"wp-block-latest-posts__post-title\" href=\"https:\/\/tonalibus.org\/fr\/2025\/12\/11\/a-dream-of-life\/\">Un r\u00eave de vie<\/a><time datetime=\"2025-12-11T11:55:55+01:00\" class=\"wp-block-latest-posts__post-date\">11 d\u00e9cembre 2025<\/time><div class=\"wp-block-latest-posts__post-excerpt\">Un r\u00eave de vie\nreconna\u00eet enfin\nla belle licorne\n\u00e0 l'\u0153il totalement nu \n...<\/div><\/li>\n<li><a class=\"wp-block-latest-posts__post-title\" href=\"https:\/\/tonalibus.org\/fr\/2025\/12\/01\/reality-is-what-one-believes\/\">La r\u00e9alit\u00e9 est ce que l'on croit<\/a><time datetime=\"2025-12-01T11:36:06+01:00\" class=\"wp-block-latest-posts__post-date\">1er d\u00e9cembre 2025<\/time><div class=\"wp-block-latest-posts__post-excerpt\">La r\u00e9alit\u00e9 est ce que l'on croit \nalors cessez de croire pour voir \nla r\u00e9alit\u00e9 est ce que l'on croit \n...<\/div><\/li>\n<li><a class=\"wp-block-latest-posts__post-title\" href=\"https:\/\/tonalibus.org\/fr\/2025\/11\/11\/tathagata-or-buddha\/\">Tath\u0101gata ou Bouddha<\/a><time datetime=\"2025-11-11T15:56:42+01:00\" class=\"wp-block-latest-posts__post-date\">11 novembre 2025<\/time><div class=\"wp-block-latest-posts__post-excerpt\">Tath\u0101gata ou Bouddha, \npluralit\u00e9 plut\u00f4t qu'uniformit\u00e9, \ncompr\u00e9hension plut\u00f4t que rejet, \nconscience plut\u00f4t qu'ignorance, \n...<\/div><\/li>\n<li><a class=\"wp-block-latest-posts__post-title\" href=\"https:\/\/tonalibus.org\/fr\/2025\/11\/05\/tonality-of-the-moment-pentacor\/\">La tonalit\u00e9 du moment : PentaCor<\/a><time datetime=\"2025-11-05T12:41:28+01:00\" class=\"wp-block-latest-posts__post-date\">5 novembre 2025<\/time><div class=\"wp-block-latest-posts__post-excerpt\">La tonalit\u00e9 du moment pour l'hiver 2025-2026 est PentaCor, une tonalit\u00e9 Core et une pentatonalit\u00e9 de base partiellement ancr\u00e9e...<\/div><\/li>\n<li><a class=\"wp-block-latest-posts__post-title\" href=\"https:\/\/tonalibus.org\/fr\/2025\/11\/01\/i-remember-you\/\">Je me souviens de toi<\/a><time datetime=\"2025-11-01T11:40:17+01:00\" class=\"wp-block-latest-posts__post-date\">1er novembre 2025<\/time><div class=\"wp-block-latest-posts__post-excerpt\">Je me souviens de toi\ndans le moment pr\u00e9sent\nbien que tu sois parti loin\ntu es l\u00e0 dans mon c\u0153ur \n...<\/div><\/li>\n<li><a class=\"wp-block-latest-posts__post-title\" href=\"https:\/\/tonalibus.org\/fr\/2025\/10\/25\/autumn-2025-tonalibus-update\/\">Mise \u00e0 jour Tonalibus de l'automne 2025<\/a><time datetime=\"2025-10-25T23:57:13+02:00\" class=\"wp-block-latest-posts__post-date\">25 octobre 2025<\/time><div class=\"wp-block-latest-posts__post-excerpt\">Cette mise \u00e0 jour Tonalibus aborde la sortie prochaine du nouveau single \u201cFlashes of radiant cognizance\u201d le 22 d\u00e9cembre, le r\u00e9cent single \u201cSwami Uodalric puja\u201d, les nouveaux enregistrements Tonalibus dans Playlists et Sons, une nouvelle hexatonalit\u00e9 d\u00e9riv\u00e9e, etc.<\/div><\/li>\n<li><a class=\"wp-block-latest-posts__post-title\" href=\"https:\/\/tonalibus.org\/fr\/2025\/10\/22\/way-and-virtue\/\">Voie et vertu<\/a><time datetime=\"2025-10-22T00:00:00+02:00\" class=\"wp-block-latest-posts__post-date\">22 octobre 2025<\/time><div class=\"wp-block-latest-posts__post-excerpt\">Les paroles fiables ne sont pas belles ;\nles belles paroles ne sont pas fiables.\nLa perspicacit\u00e9 ne s'apprend pas ;\nl'apprentissage ne produit pas la perspicacit\u00e9. \n...<\/div><\/li>\n<li><a class=\"wp-block-latest-posts__post-title\" href=\"https:\/\/tonalibus.org\/fr\/2025\/10\/14\/reality-theater\/\">Th\u00e9\u00e2tre de la r\u00e9alit\u00e9<\/a><time datetime=\"2025-10-14T22:39:10+02:00\" class=\"wp-block-latest-posts__post-date\">14 octobre 2025<\/time><div class=\"wp-block-latest-posts__post-excerpt\">Th\u00e9\u00e2tre de la r\u00e9alit\u00e9\nou la r\u00e9alit\u00e9 du th\u00e9\u00e2tre\nquelle est la diff\u00e9rence\ny a-t-il une diff\u00e9rence \n...<\/div><\/li>\n<li><a class=\"wp-block-latest-posts__post-title\" href=\"https:\/\/tonalibus.org\/fr\/2025\/10\/01\/less-is-more\/\">Moins, c'est plus<\/a><time datetime=\"2025-10-01T08:25:11+02:00\" class=\"wp-block-latest-posts__post-date\">1er octobre 2025<\/time><div class=\"wp-block-latest-posts__post-excerpt\">Moins, c'est plus\nsous conditions\nun petit endroit\nles bras autour \n...<\/div><\/li>\n<\/ul>\n\n\n<div style=\"height:7px\" aria-hidden=\"true\" class=\"wp-block-spacer\"><\/div>\n\n\n\n<p class=\"has-text-align-center\"><mark style=\"background-color:rgba(0, 0, 0, 0);color:#f7b320\" class=\"has-inline-color\">Vous pouvez acc\u00e9der aux messages plus anciens du blog <\/mark><a href=\"https:\/\/tonalibus.org\/fr\/spiritualibus-blog\/#category\"><mark style=\"background-color:rgba(0, 0, 0, 0);color:#f7b320\" class=\"has-inline-color\">par cat\u00e9gorie ou par mois<\/mark><\/a><mark style=\"background-color:rgba(0, 0, 0, 0);color:#f7b320\" class=\"has-inline-color\">.<\/mark><\/p>\n\n\n\n<div style=\"height:44px\" aria-hidden=\"true\" class=\"wp-block-spacer\"><\/div>\n\n\n<div class=\"wp-block-image\">\n<figure class=\"aligncenter size-large\"><img loading=\"lazy\" decoding=\"async\" width=\"1024\" height=\"293\" src=\"https:\/\/tonalibus.org\/wp-content\/uploads\/2020\/12\/IMG_3085-cxv-1024x293.jpg\" alt=\"Recent Blog Posts\" class=\"wp-image-6936\" srcset=\"https:\/\/tonalibus.org\/wp-content\/uploads\/2020\/12\/IMG_3085-cxv-1024x293.jpg 1024w, https:\/\/tonalibus.org\/wp-content\/uploads\/2020\/12\/IMG_3085-cxv-300x86.jpg 300w, https:\/\/tonalibus.org\/wp-content\/uploads\/2020\/12\/IMG_3085-cxv-768x219.jpg 768w, https:\/\/tonalibus.org\/wp-content\/uploads\/2020\/12\/IMG_3085-cxv-1536x439.jpg 1536w, https:\/\/tonalibus.org\/wp-content\/uploads\/2020\/12\/IMG_3085-cxv-2048x585.jpg 2048w, https:\/\/tonalibus.org\/wp-content\/uploads\/2020\/12\/IMG_3085-cxv-16x5.jpg 16w, https:\/\/tonalibus.org\/wp-content\/uploads\/2020\/12\/IMG_3085-cxv-1320x377.jpg 1320w\" sizes=\"auto, (max-width: 706px) 89vw, (max-width: 767px) 82vw, 740px\" \/><figcaption class=\"wp-element-caption\">Le soleil se couche, pour se relever un autre jour \u2013 Eriz, Suisse \u2013 juin 2020<\/figcaption><\/figure>\n<\/div>","protected":false},"excerpt":{"rendered":"<p>Articles r\u00e9cents du blog Spiritualibus (toutes cat\u00e9gories confondues) (cliquez sur le titre de l'article pour acc\u00e9der \u00e0 l'int\u00e9gralit\u00e9 de l'article) Vous pouvez acc\u00e9der aux articles plus anciens du blog par cat\u00e9gorie ou par mois.<\/p>","protected":false},"author":1,"featured_media":0,"parent":3857,"menu_order":1,"comment_status":"closed","ping_status":"closed","template":"","meta":{"footnotes":""},"class_list":["post-6855","page","type-page","status-publish","hentry"],"yoast_head":"<!-- This site is optimized with the Yoast SEO plugin v27.4 - https:\/\/yoast.com\/product\/yoast-seo-wordpress\/ -->\n<title>Recent Blog Posts &#8211; TONALIBUS, Harmony and Tonalities<\/title>\n<meta name=\"description\" content=\"Recent Blog Posts \u2013 This Tonalibus webpage features a list of most recent Spiritualibus blog posts of all categories.\" \/>\n<meta name=\"robots\" content=\"index, follow, max-snippet:-1, max-image-preview:large, max-video-preview:-1\" \/>\n<link rel=\"canonical\" href=\"https:\/\/tonalibus.org\/fr\/spiritualibus-blog\/recent-posts\/\" \/>\n<meta property=\"og:locale\" content=\"fr_FR\" \/>\n<meta property=\"og:type\" content=\"article\" \/>\n<meta property=\"og:title\" content=\"Recent Blog Posts &#8211; TONALIBUS, Harmony and Tonalities\" \/>\n<meta property=\"og:description\" content=\"Recent Blog Posts \u2013 This Tonalibus webpage features a list of most recent Spiritualibus blog posts of all categories.\" \/>\n<meta property=\"og:url\" content=\"https:\/\/tonalibus.org\/fr\/spiritualibus-blog\/recent-posts\/\" \/>\n<meta property=\"og:site_name\" content=\"TONALIBUS\" \/>\n<meta property=\"article:modified_time\" content=\"2024-08-25T15:46:48+00:00\" \/>\n<meta property=\"og:image\" content=\"https:\/\/tonalibus.org\/wp-content\/uploads\/2020\/12\/IMG_3085-cxv-1024x293.jpg\" \/>\n<meta name=\"twitter:card\" content=\"summary_large_image\" \/>\n<meta name=\"twitter:label1\" content=\"Dur\u00e9e de lecture estim\u00e9e\" \/>\n\t<meta name=\"twitter:data1\" content=\"1 minute\" \/>\n<script type=\"application\/ld+json\" class=\"yoast-schema-graph\">{\"@context\":\"https:\\\/\\\/schema.org\",\"@graph\":[{\"@type\":\"WebPage\",\"@id\":\"https:\\\/\\\/tonalibus.org\\\/spiritualibus-blog\\\/recent-posts\\\/\",\"url\":\"https:\\\/\\\/tonalibus.org\\\/spiritualibus-blog\\\/recent-posts\\\/\",\"name\":\"Recent Blog Posts &#8211; TONALIBUS, Harmony and Tonalities\",\"isPartOf\":{\"@id\":\"https:\\\/\\\/tonalibus.org\\\/de\\\/#website\"},\"primaryImageOfPage\":{\"@id\":\"https:\\\/\\\/tonalibus.org\\\/spiritualibus-blog\\\/recent-posts\\\/#primaryimage\"},\"image\":{\"@id\":\"https:\\\/\\\/tonalibus.org\\\/spiritualibus-blog\\\/recent-posts\\\/#primaryimage\"},\"thumbnailUrl\":\"https:\\\/\\\/tonalibus.org\\\/wp-content\\\/uploads\\\/2020\\\/12\\\/IMG_3085-cxv-1024x293.jpg\",\"datePublished\":\"2020-12-01T15:48:20+00:00\",\"dateModified\":\"2024-08-25T15:46:48+00:00\",\"description\":\"Recent Blog Posts \u2013 This Tonalibus webpage features a list of most recent Spiritualibus blog posts of all categories.\",\"breadcrumb\":{\"@id\":\"https:\\\/\\\/tonalibus.org\\\/spiritualibus-blog\\\/recent-posts\\\/#breadcrumb\"},\"inLanguage\":\"fr-FR\",\"potentialAction\":[{\"@type\":\"ReadAction\",\"target\":[\"https:\\\/\\\/tonalibus.org\\\/spiritualibus-blog\\\/recent-posts\\\/\"]}]},{\"@type\":\"ImageObject\",\"inLanguage\":\"fr-FR\",\"@id\":\"https:\\\/\\\/tonalibus.org\\\/spiritualibus-blog\\\/recent-posts\\\/#primaryimage\",\"url\":\"https:\\\/\\\/tonalibus.org\\\/wp-content\\\/uploads\\\/2020\\\/12\\\/IMG_3085-cxv-1024x293.jpg\",\"contentUrl\":\"https:\\\/\\\/tonalibus.org\\\/wp-content\\\/uploads\\\/2020\\\/12\\\/IMG_3085-cxv-1024x293.jpg\"},{\"@type\":\"BreadcrumbList\",\"@id\":\"https:\\\/\\\/tonalibus.org\\\/spiritualibus-blog\\\/recent-posts\\\/#breadcrumb\",\"itemListElement\":[{\"@type\":\"ListItem\",\"position\":1,\"name\":\"Home\",\"item\":\"https:\\\/\\\/tonalibus.org\\\/\"},{\"@type\":\"ListItem\",\"position\":2,\"name\":\"Spiritualibus Blog\",\"item\":\"https:\\\/\\\/tonalibus.org\\\/spiritualibus-blog\\\/\"},{\"@type\":\"ListItem\",\"position\":3,\"name\":\"Recent Blog Posts\"}]},{\"@type\":\"WebSite\",\"@id\":\"https:\\\/\\\/tonalibus.org\\\/de\\\/#website\",\"url\":\"https:\\\/\\\/tonalibus.org\\\/de\\\/\",\"name\":\"TONALIBUS\",\"description\":\"Anchored Harmony and Tonalities\",\"publisher\":{\"@id\":\"https:\\\/\\\/tonalibus.org\\\/de\\\/#\\\/schema\\\/person\\\/749261d7bc96d1f00127273f83ab96a4\"},\"potentialAction\":[{\"@type\":\"SearchAction\",\"target\":{\"@type\":\"EntryPoint\",\"urlTemplate\":\"https:\\\/\\\/tonalibus.org\\\/de\\\/?s={search_term_string}\"},\"query-input\":{\"@type\":\"PropertyValueSpecification\",\"valueRequired\":true,\"valueName\":\"search_term_string\"}}],\"inLanguage\":\"fr-FR\"},{\"@type\":[\"Person\",\"Organization\"],\"@id\":\"https:\\\/\\\/tonalibus.org\\\/de\\\/#\\\/schema\\\/person\\\/749261d7bc96d1f00127273f83ab96a4\",\"name\":\"Ulrico\",\"image\":{\"@type\":\"ImageObject\",\"inLanguage\":\"fr-FR\",\"@id\":\"https:\\\/\\\/tonalibus.org\\\/wp-content\\\/uploads\\\/2020\\\/06\\\/uli-pix.jpg\",\"url\":\"https:\\\/\\\/tonalibus.org\\\/wp-content\\\/uploads\\\/2020\\\/06\\\/uli-pix.jpg\",\"contentUrl\":\"https:\\\/\\\/tonalibus.org\\\/wp-content\\\/uploads\\\/2020\\\/06\\\/uli-pix.jpg\",\"width\":960,\"height\":720,\"caption\":\"Ulrico\"},\"logo\":{\"@id\":\"https:\\\/\\\/tonalibus.org\\\/wp-content\\\/uploads\\\/2020\\\/06\\\/uli-pix.jpg\"},\"sameAs\":[\"https:\\\/\\\/tonalibus.cyon.site\"]}]}<\/script>\n<!-- \/ Yoast SEO plugin. -->","yoast_head_json":{"title":"Articles de blog r\u00e9cents - TONALIBUS, Harmonie et tonalit\u00e9s","description":"Articles de blog r\u00e9cents - Cette page Web de Tonalibus pr\u00e9sente une liste des articles de blog Spiritualibus les plus r\u00e9cents, toutes cat\u00e9gories confondues.","robots":{"index":"index","follow":"follow","max-snippet":"max-snippet:-1","max-image-preview":"max-image-preview:large","max-video-preview":"max-video-preview:-1"},"canonical":"https:\/\/tonalibus.org\/fr\/spiritualibus-blog\/recent-posts\/","og_locale":"fr_FR","og_type":"article","og_title":"Recent Blog Posts &#8211; TONALIBUS, Harmony and Tonalities","og_description":"Recent Blog Posts \u2013 This Tonalibus webpage features a list of most recent Spiritualibus blog posts of all categories.","og_url":"https:\/\/tonalibus.org\/fr\/spiritualibus-blog\/recent-posts\/","og_site_name":"TONALIBUS","article_modified_time":"2024-08-25T15:46:48+00:00","og_image":[{"url":"https:\/\/tonalibus.org\/wp-content\/uploads\/2020\/12\/IMG_3085-cxv-1024x293.jpg","type":"","width":"","height":""}],"twitter_card":"summary_large_image","twitter_misc":{"Dur\u00e9e de lecture estim\u00e9e":"1 minute"},"schema":{"@context":"https:\/\/schema.org","@graph":[{"@type":"WebPage","@id":"https:\/\/tonalibus.org\/spiritualibus-blog\/recent-posts\/","url":"https:\/\/tonalibus.org\/spiritualibus-blog\/recent-posts\/","name":"Articles de blog r\u00e9cents - TONALIBUS, Harmonie et tonalit\u00e9s","isPartOf":{"@id":"https:\/\/tonalibus.org\/de\/#website"},"primaryImageOfPage":{"@id":"https:\/\/tonalibus.org\/spiritualibus-blog\/recent-posts\/#primaryimage"},"image":{"@id":"https:\/\/tonalibus.org\/spiritualibus-blog\/recent-posts\/#primaryimage"},"thumbnailUrl":"https:\/\/tonalibus.org\/wp-content\/uploads\/2020\/12\/IMG_3085-cxv-1024x293.jpg","datePublished":"2020-12-01T15:48:20+00:00","dateModified":"2024-08-25T15:46:48+00:00","description":"Articles de blog r\u00e9cents - Cette page Web de Tonalibus pr\u00e9sente une liste des articles de blog Spiritualibus les plus r\u00e9cents, toutes cat\u00e9gories confondues.","breadcrumb":{"@id":"https:\/\/tonalibus.org\/spiritualibus-blog\/recent-posts\/#breadcrumb"},"inLanguage":"fr-FR","potentialAction":[{"@type":"ReadAction","target":["https:\/\/tonalibus.org\/spiritualibus-blog\/recent-posts\/"]}]},{"@type":"ImageObject","inLanguage":"fr-FR","@id":"https:\/\/tonalibus.org\/spiritualibus-blog\/recent-posts\/#primaryimage","url":"https:\/\/tonalibus.org\/wp-content\/uploads\/2020\/12\/IMG_3085-cxv-1024x293.jpg","contentUrl":"https:\/\/tonalibus.org\/wp-content\/uploads\/2020\/12\/IMG_3085-cxv-1024x293.jpg"},{"@type":"BreadcrumbList","@id":"https:\/\/tonalibus.org\/spiritualibus-blog\/recent-posts\/#breadcrumb","itemListElement":[{"@type":"ListItem","position":1,"name":"Home","item":"https:\/\/tonalibus.org\/"},{"@type":"ListItem","position":2,"name":"Spiritualibus Blog","item":"https:\/\/tonalibus.org\/spiritualibus-blog\/"},{"@type":"ListItem","position":3,"name":"Recent Blog Posts"}]},{"@type":"WebSite","@id":"https:\/\/tonalibus.org\/de\/#website","url":"https:\/\/tonalibus.org\/de\/","name":"TONALIBUS","description":"Harmonie et tonalit\u00e9s ancr\u00e9es","publisher":{"@id":"https:\/\/tonalibus.org\/de\/#\/schema\/person\/749261d7bc96d1f00127273f83ab96a4"},"potentialAction":[{"@type":"SearchAction","target":{"@type":"EntryPoint","urlTemplate":"https:\/\/tonalibus.org\/de\/?s={search_term_string}"},"query-input":{"@type":"PropertyValueSpecification","valueRequired":true,"valueName":"search_term_string"}}],"inLanguage":"fr-FR"},{"@type":["Person","Organization"],"@id":"https:\/\/tonalibus.org\/de\/#\/schema\/person\/749261d7bc96d1f00127273f83ab96a4","name":"Ulrico","image":{"@type":"ImageObject","inLanguage":"fr-FR","@id":"https:\/\/tonalibus.org\/wp-content\/uploads\/2020\/06\/uli-pix.jpg","url":"https:\/\/tonalibus.org\/wp-content\/uploads\/2020\/06\/uli-pix.jpg","contentUrl":"https:\/\/tonalibus.org\/wp-content\/uploads\/2020\/06\/uli-pix.jpg","width":960,"height":720,"caption":"Ulrico"},"logo":{"@id":"https:\/\/tonalibus.org\/wp-content\/uploads\/2020\/06\/uli-pix.jpg"},"sameAs":["https:\/\/tonalibus.cyon.site"]}]}},"_links":{"self":[{"href":"https:\/\/tonalibus.org\/fr\/wp-json\/wp\/v2\/pages\/6855","targetHints":{"allow":["GET"]}}],"collection":[{"href":"https:\/\/tonalibus.org\/fr\/wp-json\/wp\/v2\/pages"}],"about":[{"href":"https:\/\/tonalibus.org\/fr\/wp-json\/wp\/v2\/types\/page"}],"author":[{"embeddable":true,"href":"https:\/\/tonalibus.org\/fr\/wp-json\/wp\/v2\/users\/1"}],"replies":[{"embeddable":true,"href":"https:\/\/tonalibus.org\/fr\/wp-json\/wp\/v2\/comments?post=6855"}],"version-history":[{"count":0,"href":"https:\/\/tonalibus.org\/fr\/wp-json\/wp\/v2\/pages\/6855\/revisions"}],"up":[{"embeddable":true,"href":"https:\/\/tonalibus.org\/fr\/wp-json\/wp\/v2\/pages\/3857"}],"wp:attachment":[{"href":"https:\/\/tonalibus.org\/fr\/wp-json\/wp\/v2\/media?parent=6855"}],"curies":[{"name":"wp","href":"https:\/\/api.w.org\/{rel}","templated":true}]}}