{"id":769,"date":"2020-06-24T16:56:26","date_gmt":"2020-06-24T14:56:26","guid":{"rendered":"https:\/\/tonalibus.org\/?page_id=769"},"modified":"2025-12-16T14:18:56","modified_gmt":"2025-12-16T13:18:56","slug":"five-course-series","status":"publish","type":"page","link":"https:\/\/tonalibus.org\/fr\/harmony\/five-course-series\/","title":{"rendered":"S\u00e9rie du cours"},"content":{"rendered":"<div class=\"wp-block-buttons is-horizontal is-content-justification-center is-layout-flex wp-container-core-buttons-is-layout-499968f5 wp-block-buttons-is-layout-flex\">\n<div class=\"wp-block-button is-style-outline is-style-outline--1\"><a class=\"wp-block-button__link wp-element-button\" href=\"https:\/\/tonalibus.org\/fr\/fundamentals\/five-course-series\/basics-a\/\">1) Le pivot harmonique<br>et des tons d'ancrage<\/a><\/div>\n\n\n\n<div class=\"wp-block-button is-style-outline is-style-outline--2\"><a class=\"wp-block-button__link wp-element-button\" href=\"https:\/\/tonalibus.org\/fr\/fundamentals\/five-course-series\/basics-b\/\">2) Base harmonique et<br>le virage de la r\u00e9alisation<\/a><\/div>\n\n\n\n<div class=\"wp-block-button is-style-outline is-style-outline--3\"><a class=\"wp-block-button__link wp-element-button\" href=\"https:\/\/tonalibus.org\/fr\/concepts\/five-course-series\/basics-c\/\">3) \u00c9chelle de douze marches et<br>fondements des tonalit\u00e9s<\/a><\/div>\n\n\n\n<div class=\"wp-block-button is-style-outline is-style-outline--4\"><a class=\"wp-block-button__link wp-element-button\" href=\"https:\/\/tonalibus.org\/fr\/concepts\/five-course-series\/basics-d\/\">4) Quatre ancres harmoniques<br>et le cycle des quintes<\/a><\/div>\n\n\n\n<div class=\"wp-block-button is-style-outline is-style-outline--5\"><a class=\"wp-block-button__link wp-element-button\" href=\"https:\/\/tonalibus.org\/fr\/concepts\/five-course-series\/basics-e\/\">5) Tonalit\u00e9s de certaines marches<br>et ancres secondaires<\/a><\/div>\n<\/div>\n\n\n\n<div style=\"height:48px\" aria-hidden=\"true\" class=\"wp-block-spacer\"><\/div>\n\n\n\n<p class=\"has-text-color has-link-color wp-elements-c0dfe97069b3d94b198e1123ec5d3d68\" style=\"color:#f7b320\">La s\u00e9rie de pr\u00e9sentations du cours <em>Fondements de l'harmonie et des tonalit\u00e9s<\/em> pr\u00e9sente les bases et les r\u00e9flexions Tonalibus de mani\u00e8re assez d\u00e9taill\u00e9e. Il s'agit principalement d'images, de graphiques et de tableaux, sans beaucoup de texte, voire aucun. Une bonne partie de ces pr\u00e9sentations du cours et du catalogue des tonalit\u00e9s ancr\u00e9es provient des toutes premi\u00e8res \u00e9tapes de Tonalibus.<\/p>\n\n\n\n<h2 class=\"wp-block-heading has-text-color\" id=\"five-course-series-contents\" style=\"color:#f7b320\">Contenu de la s\u00e9rie de pr\u00e9sentations du cours<\/h2>\n\n\n\n<p class=\"has-text-color has-link-color wp-elements-4e29ce30e29b353b07402aa5a97d3221\" style=\"color:#f7b320\">Chacun des pr\u00e9sentations du cours commence par une introduction sp\u00e9cifique au module et se termine par un bref bilan et une conclusion du module. Un aper\u00e7u est \u00e9galement int\u00e9gr\u00e9 \u00e0 tous les modules sauf le dernier. Ces aper\u00e7us permettent de se familiariser progressivement avec le catalogue et ses <a href=\"https:\/\/tonalibus.org\/fr\/tonalities\/\"><mark style=\"background-color:rgba(0, 0, 0, 0);color:#f7b320\" class=\"has-inline-color\">tonalit\u00e9s ancr\u00e9es<\/mark><\/a>. Il s'agit d'une opportunit\u00e9 de travail pratique avec des applications des tonalit\u00e9s. Et ceci peut \u00e9galement d\u00e9clencher des discussions, en fonction des int\u00e9r\u00eats et de l'orientation des participants au cours.<\/p>\n\n\n\n<h3 class=\"wp-block-heading has-text-color has-link-color wp-elements-42d45e9901620f01745d4251235fe995\" style=\"color:#f7b320\">Le pivot harmonique et des tons d'ancrage<\/h3>\n\n\n\n<p class=\"has-text-color has-link-color wp-elements-e845fdf0c7aae0520d5cb92ca5677b08\" style=\"color:#f7b320\">1) <em><a href=\"https:\/\/tonalibus.org\/fr\/concepts\/five-course-series\/basics-a\/\"><mark style=\"background-color:rgba(0, 0, 0, 0);color:#f7b320\" class=\"has-inline-color\">Le pivot harmonique et des tons d'ancrage<\/mark><\/a><\/em>, le premier module de la s\u00e9rie de pr\u00e9sentations du cours ou Basics A, d\u00e9montre comment deux spirales oppos\u00e9es se rapprochent progressivement ou r\u00e9gressivement, se chevauchent, fusionnent et se croisent \u00e0 travers un pivot harmonique. En outre, ce module pr\u00e9sente le cercle des quatre tons d'ancrage ou les quatre coins du temple du son.<\/p>\n\n\n\n<h3 class=\"wp-block-heading has-text-color has-link-color wp-elements-60fd0bd81f24c1ebd7123435c8b0c0a2\" style=\"color:#f7b320\">Base harmonique et le virage de la r\u00e9alisation<\/h3>\n\n\n\n<p class=\"has-text-color has-link-color wp-elements-d0b49f3c2ce8e2d9178469a3ee30eaca\" style=\"color:#f7b320\">2) <em><a href=\"https:\/\/tonalibus.org\/fr\/concepts\/five-course-series\/basics-b\/\"><mark style=\"background-color:rgba(0, 0, 0, 0);color:#f7b320\" class=\"has-inline-color\">Base harmonique et le virage de la r\u00e9alisation<\/mark><\/a><\/em>, ou Basics B, est le deuxi\u00e8me module de la s\u00e9rie de pr\u00e9sentations du cours. Il explore les motifs des harmoniques primaires, paires et impaires, sous forme d'ondes et de cercles. De plus, ce module pr\u00e9sente le virage de la r\u00e9alisation harmonique qui r\u00e9concilie des fondamentaux lin\u00e9aires avec l'actualit\u00e9 courbe. Cela comprend une distribution proportionnelle concise des hauteurs des tons \u00e0 l'int\u00e9rieur de l'octave.<\/p>\n\n\n\n<h3 class=\"wp-block-heading has-text-color has-link-color wp-elements-ddcf9f006a1e5fb49e8d078e560318e0\" style=\"color:#f7b320\">\u00c9chelle de douze marches et fondements des tonalit\u00e9s<\/h3>\n\n\n\n<p class=\"has-text-color has-link-color wp-elements-3bb7fdd5fad7259b155db8d266358171\" style=\"color:#f7b320\">3) <em><a href=\"https:\/\/tonalibus.org\/fr\/concepts\/five-course-series\/basics-c\/\"><mark style=\"background-color:rgba(0, 0, 0, 0);color:#f7b320\" class=\"has-inline-color\">\u00c9chelle de douze marches et fondements des tonalit\u00e9s<\/mark><\/a><\/em> est le troisi\u00e8me module de la s\u00e9rie de pr\u00e9sentations du cours, ou Basics C. En utilisant des vues circulaires, de <a href=\"https:\/\/fr.wikipedia.org\/wiki\/Ruban_de_M\u00f6bius\" target=\"_blank\" rel=\"noreferrer noopener\"><mark style=\"background-color:rgba(0, 0, 0, 0);color:#f7b320\" class=\"has-inline-color\">ruban de M\u00f6bius<\/mark><\/a>, et en spirale, il met en corr\u00e9lation les harmoniques et la gamme des douze demi-tons, pour arriver \u00e0 l'ancrage harmonique fondamental. Sur cette base, ce module explore et affiche ensuite les options du sch\u00e9ma de distribution des pas de base en tonalit\u00e9s.<\/p>\n\n\n\n<h3 class=\"wp-block-heading has-text-color has-link-color wp-elements-5471db4bf9bbd08743364721c23db28b\" style=\"color:#f7b320\">Quatre ancres harmoniques et le cycle des quintes<\/h3>\n\n\n\n<p class=\"has-text-color has-link-color wp-elements-c3a23d1039ab1275a90434a0f6a41ae7\" style=\"color:#f7b320\">4) <em><a href=\"https:\/\/tonalibus.org\/fr\/concepts\/five-course-series\/basics-d\/\"><mark style=\"background-color:rgba(0, 0, 0, 0);color:#f7b320\" class=\"has-inline-color\">Quatre ancres harmoniques et le cycle des quintes<\/mark><\/a><\/em>, le quatri\u00e8me module d\u00e9taill\u00e9 de la s\u00e9rie de pr\u00e9sentations du cours ou Basics D, explore l'ancrage harmonique sur les spirales puis sur les cercles. Il pr\u00e9sente le concept des quatre ancres harmoniques en quadrant avec quatre tons d'ancre ou les quatre coins du temple du son. En outre, ce module examine les ancres multiples et partielles dans les tonalit\u00e9s, ainsi que le cycle des ancres en quintes, une vue de ce qui est largement connu comme le cercle des quintes.<\/p>\n\n\n\n<h3 class=\"wp-block-heading has-text-color has-link-color wp-elements-7de23f307c4f3fbe0f716fe012d1119e\" style=\"color:#f7b320\">Tonalit\u00e9s de certaines marches et ancres secondaires<\/h3>\n\n\n\n<p class=\"has-text-color has-link-color wp-elements-20c881456ab6e0e1f97cfb82f3010dc6\" style=\"color:#f7b320\">5) <em><a href=\"https:\/\/tonalibus.org\/fr\/concepts\/five-course-series\/basics-e\/\"><mark style=\"background-color:rgba(0, 0, 0, 0);color:#f7b320\" class=\"has-inline-color\">Tonalit\u00e9s de certaines marches et ancres secondaires<\/mark><\/a><\/em>, ou Basics E, est \u00e0 pr\u00e9sent le dernier module de la s\u00e9rie de pr\u00e9sentations du cours. Il explore le cercle des ancres harmoniques primaires et secondaires, ainsi que la coloration individuelle de chacun des douze demi-tons de l'octave. En outre, ce module pr\u00e9sente le sch\u00e9ma des t\u00e9trachordes des tonalit\u00e9s. En conclusion, il y a les tables de tonalit\u00e9s, les motifs et les listes qui constituent la base du catalogue des tonalit\u00e9s ancr\u00e9es.<\/p>\n\n\n\n<p><\/p>","protected":false},"excerpt":{"rendered":"<p>La s\u00e9rie de pr\u00e9sentations de cours Harmonic and Tonality Fundamentals expose les bases et les id\u00e9es de Tonalibus de mani\u00e8re assez d\u00e9taill\u00e9e. Il s'agit principalement d'images, de graphiques et de tableaux - sans beaucoup de texte, voire aucun. Une bonne partie de cette s\u00e9rie de pr\u00e9sentations de cours, ainsi que du catalogue des tonalit\u00e9s ancr\u00e9es, provient des toutes premi\u00e8res \u00e9tapes ... <\/p>\n<p class=\"link-more\"><a href=\"https:\/\/tonalibus.org\/fr\/harmony\/five-course-series\/\" class=\"more-link\">Continuer la lecture<span class=\"screen-reader-text\"> de \" S\u00e9rie Preso Cours \"<\/span><\/a><\/p>","protected":false},"author":1,"featured_media":0,"parent":35638,"menu_order":33,"comment_status":"closed","ping_status":"closed","template":"","meta":{"footnotes":""},"class_list":["post-769","page","type-page","status-publish","hentry"],"yoast_head":"<!-- This site is optimized with the Yoast SEO plugin v27.4 - https:\/\/yoast.com\/product\/yoast-seo-wordpress\/ -->\n<title>Course Preso Series &#8211; TONALIBUS, Harmony and Tonalities<\/title>\n<meta name=\"description\" content=\"The course presentations series Harmonic and Tonality Fundamentals, and the catalogue of anchored tonalities, are the core of Tonalibus.\" \/>\n<meta name=\"robots\" content=\"index, follow, max-snippet:-1, max-image-preview:large, max-video-preview:-1\" \/>\n<link rel=\"canonical\" href=\"https:\/\/tonalibus.org\/fr\/harmony\/five-course-series\/\" \/>\n<meta property=\"og:locale\" content=\"fr_FR\" \/>\n<meta property=\"og:type\" content=\"article\" \/>\n<meta property=\"og:title\" content=\"Course Preso Series &#8211; TONALIBUS, Harmony and Tonalities\" \/>\n<meta property=\"og:description\" content=\"The course presentations series Harmonic and Tonality Fundamentals, and the catalogue of anchored tonalities, are the core of Tonalibus.\" \/>\n<meta property=\"og:url\" content=\"https:\/\/tonalibus.org\/fr\/harmony\/five-course-series\/\" \/>\n<meta property=\"og:site_name\" content=\"TONALIBUS\" \/>\n<meta property=\"article:modified_time\" content=\"2025-12-16T13:18:56+00:00\" \/>\n<meta name=\"twitter:card\" content=\"summary_large_image\" \/>\n<meta name=\"twitter:label1\" content=\"Dur\u00e9e de lecture estim\u00e9e\" \/>\n\t<meta name=\"twitter:data1\" content=\"3 minutes\" \/>\n<script type=\"application\/ld+json\" class=\"yoast-schema-graph\">{\"@context\":\"https:\\\/\\\/schema.org\",\"@graph\":[{\"@type\":\"WebPage\",\"@id\":\"https:\\\/\\\/tonalibus.org\\\/harmony\\\/five-course-series\\\/\",\"url\":\"https:\\\/\\\/tonalibus.org\\\/harmony\\\/five-course-series\\\/\",\"name\":\"Course Preso Series &#8211; TONALIBUS, Harmony and Tonalities\",\"isPartOf\":{\"@id\":\"https:\\\/\\\/tonalibus.org\\\/de\\\/#website\"},\"datePublished\":\"2020-06-24T14:56:26+00:00\",\"dateModified\":\"2025-12-16T13:18:56+00:00\",\"description\":\"The course presentations series Harmonic and Tonality Fundamentals, and the catalogue of anchored tonalities, are the core of Tonalibus.\",\"breadcrumb\":{\"@id\":\"https:\\\/\\\/tonalibus.org\\\/harmony\\\/five-course-series\\\/#breadcrumb\"},\"inLanguage\":\"fr-FR\",\"potentialAction\":[{\"@type\":\"ReadAction\",\"target\":[\"https:\\\/\\\/tonalibus.org\\\/harmony\\\/five-course-series\\\/\"]}]},{\"@type\":\"BreadcrumbList\",\"@id\":\"https:\\\/\\\/tonalibus.org\\\/harmony\\\/five-course-series\\\/#breadcrumb\",\"itemListElement\":[{\"@type\":\"ListItem\",\"position\":1,\"name\":\"Home\",\"item\":\"https:\\\/\\\/tonalibus.org\\\/\"},{\"@type\":\"ListItem\",\"position\":2,\"name\":\"Harmony\",\"item\":\"https:\\\/\\\/tonalibus.org\\\/harmony\\\/\"},{\"@type\":\"ListItem\",\"position\":3,\"name\":\"Course Preso Series\"}]},{\"@type\":\"WebSite\",\"@id\":\"https:\\\/\\\/tonalibus.org\\\/de\\\/#website\",\"url\":\"https:\\\/\\\/tonalibus.org\\\/de\\\/\",\"name\":\"TONALIBUS\",\"description\":\"Anchored Harmony and Tonalities\",\"publisher\":{\"@id\":\"https:\\\/\\\/tonalibus.org\\\/de\\\/#\\\/schema\\\/person\\\/749261d7bc96d1f00127273f83ab96a4\"},\"potentialAction\":[{\"@type\":\"SearchAction\",\"target\":{\"@type\":\"EntryPoint\",\"urlTemplate\":\"https:\\\/\\\/tonalibus.org\\\/de\\\/?s={search_term_string}\"},\"query-input\":{\"@type\":\"PropertyValueSpecification\",\"valueRequired\":true,\"valueName\":\"search_term_string\"}}],\"inLanguage\":\"fr-FR\"},{\"@type\":[\"Person\",\"Organization\"],\"@id\":\"https:\\\/\\\/tonalibus.org\\\/de\\\/#\\\/schema\\\/person\\\/749261d7bc96d1f00127273f83ab96a4\",\"name\":\"Ulrico\",\"image\":{\"@type\":\"ImageObject\",\"inLanguage\":\"fr-FR\",\"@id\":\"https:\\\/\\\/tonalibus.org\\\/wp-content\\\/uploads\\\/2020\\\/06\\\/uli-pix.jpg\",\"url\":\"https:\\\/\\\/tonalibus.org\\\/wp-content\\\/uploads\\\/2020\\\/06\\\/uli-pix.jpg\",\"contentUrl\":\"https:\\\/\\\/tonalibus.org\\\/wp-content\\\/uploads\\\/2020\\\/06\\\/uli-pix.jpg\",\"width\":960,\"height\":720,\"caption\":\"Ulrico\"},\"logo\":{\"@id\":\"https:\\\/\\\/tonalibus.org\\\/wp-content\\\/uploads\\\/2020\\\/06\\\/uli-pix.jpg\"},\"sameAs\":[\"https:\\\/\\\/tonalibus.cyon.site\"]}]}<\/script>\n<!-- \/ Yoast SEO plugin. -->","yoast_head_json":{"title":"Course Preso Series - TONALIBUS, Harmonie et tonalit\u00e9s","description":"La s\u00e9rie de pr\u00e9sentations de cours intitul\u00e9e Harmonic and Tonality Fundamentals et le catalogue de tonalit\u00e9s ancr\u00e9es constituent le c\u0153ur de Tonalibus.","robots":{"index":"index","follow":"follow","max-snippet":"max-snippet:-1","max-image-preview":"max-image-preview:large","max-video-preview":"max-video-preview:-1"},"canonical":"https:\/\/tonalibus.org\/fr\/harmony\/five-course-series\/","og_locale":"fr_FR","og_type":"article","og_title":"Course Preso Series &#8211; TONALIBUS, Harmony and Tonalities","og_description":"The course presentations series Harmonic and Tonality Fundamentals, and the catalogue of anchored tonalities, are the core of Tonalibus.","og_url":"https:\/\/tonalibus.org\/fr\/harmony\/five-course-series\/","og_site_name":"TONALIBUS","article_modified_time":"2025-12-16T13:18:56+00:00","twitter_card":"summary_large_image","twitter_misc":{"Dur\u00e9e de lecture estim\u00e9e":"3 minutes"},"schema":{"@context":"https:\/\/schema.org","@graph":[{"@type":"WebPage","@id":"https:\/\/tonalibus.org\/harmony\/five-course-series\/","url":"https:\/\/tonalibus.org\/harmony\/five-course-series\/","name":"Course Preso Series - TONALIBUS, Harmonie et tonalit\u00e9s","isPartOf":{"@id":"https:\/\/tonalibus.org\/de\/#website"},"datePublished":"2020-06-24T14:56:26+00:00","dateModified":"2025-12-16T13:18:56+00:00","description":"La s\u00e9rie de pr\u00e9sentations de cours intitul\u00e9e Harmonic and Tonality Fundamentals et le catalogue de tonalit\u00e9s ancr\u00e9es constituent le c\u0153ur de Tonalibus.","breadcrumb":{"@id":"https:\/\/tonalibus.org\/harmony\/five-course-series\/#breadcrumb"},"inLanguage":"fr-FR","potentialAction":[{"@type":"ReadAction","target":["https:\/\/tonalibus.org\/harmony\/five-course-series\/"]}]},{"@type":"BreadcrumbList","@id":"https:\/\/tonalibus.org\/harmony\/five-course-series\/#breadcrumb","itemListElement":[{"@type":"ListItem","position":1,"name":"Home","item":"https:\/\/tonalibus.org\/"},{"@type":"ListItem","position":2,"name":"Harmony","item":"https:\/\/tonalibus.org\/harmony\/"},{"@type":"ListItem","position":3,"name":"Course Preso Series"}]},{"@type":"WebSite","@id":"https:\/\/tonalibus.org\/de\/#website","url":"https:\/\/tonalibus.org\/de\/","name":"TONALIBUS","description":"Harmonie et tonalit\u00e9s ancr\u00e9es","publisher":{"@id":"https:\/\/tonalibus.org\/de\/#\/schema\/person\/749261d7bc96d1f00127273f83ab96a4"},"potentialAction":[{"@type":"SearchAction","target":{"@type":"EntryPoint","urlTemplate":"https:\/\/tonalibus.org\/de\/?s={search_term_string}"},"query-input":{"@type":"PropertyValueSpecification","valueRequired":true,"valueName":"search_term_string"}}],"inLanguage":"fr-FR"},{"@type":["Person","Organization"],"@id":"https:\/\/tonalibus.org\/de\/#\/schema\/person\/749261d7bc96d1f00127273f83ab96a4","name":"Ulrico","image":{"@type":"ImageObject","inLanguage":"fr-FR","@id":"https:\/\/tonalibus.org\/wp-content\/uploads\/2020\/06\/uli-pix.jpg","url":"https:\/\/tonalibus.org\/wp-content\/uploads\/2020\/06\/uli-pix.jpg","contentUrl":"https:\/\/tonalibus.org\/wp-content\/uploads\/2020\/06\/uli-pix.jpg","width":960,"height":720,"caption":"Ulrico"},"logo":{"@id":"https:\/\/tonalibus.org\/wp-content\/uploads\/2020\/06\/uli-pix.jpg"},"sameAs":["https:\/\/tonalibus.cyon.site"]}]}},"_links":{"self":[{"href":"https:\/\/tonalibus.org\/fr\/wp-json\/wp\/v2\/pages\/769","targetHints":{"allow":["GET"]}}],"collection":[{"href":"https:\/\/tonalibus.org\/fr\/wp-json\/wp\/v2\/pages"}],"about":[{"href":"https:\/\/tonalibus.org\/fr\/wp-json\/wp\/v2\/types\/page"}],"author":[{"embeddable":true,"href":"https:\/\/tonalibus.org\/fr\/wp-json\/wp\/v2\/users\/1"}],"replies":[{"embeddable":true,"href":"https:\/\/tonalibus.org\/fr\/wp-json\/wp\/v2\/comments?post=769"}],"version-history":[{"count":1,"href":"https:\/\/tonalibus.org\/fr\/wp-json\/wp\/v2\/pages\/769\/revisions"}],"predecessor-version":[{"id":37951,"href":"https:\/\/tonalibus.org\/fr\/wp-json\/wp\/v2\/pages\/769\/revisions\/37951"}],"up":[{"embeddable":true,"href":"https:\/\/tonalibus.org\/fr\/wp-json\/wp\/v2\/pages\/35638"}],"wp:attachment":[{"href":"https:\/\/tonalibus.org\/fr\/wp-json\/wp\/v2\/media?parent=769"}],"curies":[{"name":"wp","href":"https:\/\/api.w.org\/{rel}","templated":true}]}}