{"id":9169,"date":"2021-03-01T10:41:39","date_gmt":"2021-03-01T09:41:39","guid":{"rendered":"https:\/\/tonalibus.org\/?page_id=9169"},"modified":"2022-03-03T16:23:13","modified_gmt":"2022-03-03T15:23:13","slug":"clarification-of-purpose","status":"publish","type":"page","link":"https:\/\/tonalibus.org\/fr\/start\/practical-use-and-purpose\/clarification-of-purpose\/","title":{"rendered":"Clarification de l'objectif"},"content":{"rendered":"<p><mark style=\"background-color:rgba(0, 0, 0, 0);color:#f7b320\" class=\"has-inline-color\">\"Un \u00eatre re\u00e7oit sa v\u00e9ritable valeur par le fait qu'il est capable de briller dans sa propre lumi\u00e8re, suite \u00e0 son contact avec les profondeurs de l'essence fondamentale de l'existence. ... La lumi\u00e8re authentique n'a pas d'abord besoin de la reconnaissance des gens, elle a m\u00eame presque honte de son rayonnement.\"<br>\u2014 de l'introduction du <\/mark><a href=\"https:\/\/fr.wikipedia.org\/wiki\/Dao_de_jing\" target=\"_blank\" rel=\"noreferrer noopener\"><em><mark style=\"background-color:rgba(0, 0, 0, 0);color:#f7b320\" class=\"has-inline-color\">Dao de jing<\/mark><\/em><\/a><mark style=\"background-color:rgba(0, 0, 0, 0);color:#f7b320\" class=\"has-inline-color\"> \u9053\u5fb7\u7ecf de Lao Tseu (\u00e9dition Diederichs de 1972, p. 20)<\/mark><\/p>\n\n\n\n<h2 class=\"wp-block-heading\"><mark style=\"background-color:rgba(0, 0, 0, 0);color:#f7b320\" class=\"has-inline-color\">Clarification de l'objectif<\/mark><\/h2>\n\n\n\n<p><mark style=\"background-color:rgba(0, 0, 0, 0);color:#f7b320\" class=\"has-inline-color\">Comme indiqu\u00e9 sur la <\/mark><a href=\"https:\/\/tonalibus.org\/fr\/\"><mark style=\"background-color:rgba(0, 0, 0, 0);color:#f7b320\" class=\"has-inline-color\">page de d\u00e9but<\/mark><\/a><mark style=\"background-color:rgba(0, 0, 0, 0);color:#f7b320\" class=\"has-inline-color\">, le but de Tonalibus est de fournir une vue d'ensemble et des r\u00e9f\u00e9rences sur les <\/mark><a href=\"https:\/\/tonalibus.org\/fr\/tonalities\/\"><mark style=\"background-color:rgba(0, 0, 0, 0);color:#f7b320\" class=\"has-inline-color\">tonalit\u00e9s ancr\u00e9es<\/mark><\/a><mark style=\"background-color:rgba(0, 0, 0, 0);color:#f7b320\" class=\"has-inline-color\"> et leurs qualit\u00e9s harmoniques inh\u00e9rentes pour un usage pratique \u2013 pour toucher, \u00e9lever, purifier et gu\u00e9rir, en tant qu'expression de l'inexprimable \u2013 pour aller <\/mark><a href=\"https:\/\/tonalibus.org\/fr\/2020\/12\/25\/beyond-duality\/\"><mark style=\"background-color:rgba(0, 0, 0, 0);color:#f7b320\" class=\"has-inline-color\">au-del\u00e0 de la dualit\u00e9<\/mark><\/a><mark style=\"background-color:rgba(0, 0, 0, 0);color:#f7b320\" class=\"has-inline-color\">. <\/mark><\/p>\n\n\n\n<p><mark style=\"background-color:rgba(0, 0, 0, 0);color:#f7b320\" class=\"has-inline-color\">Tonalibus se concentre sur les qualit\u00e9s du son, de l'harmonie et des tonalit\u00e9s \u2013 en musique et dans la vie. L'objectif est de les saisir, de les exprimer et de les partager au mieux de mes capacit\u00e9s. L'excellence artistique n'est pas ce que moi, <\/mark><a href=\"https:\/\/tonalibus.org\/fr\/about-tonalibus\/ulrico\/\"><mark style=\"background-color:rgba(0, 0, 0, 0);color:#f7b320\" class=\"has-inline-color\">Ulrico<\/mark><\/a><mark style=\"background-color:rgba(0, 0, 0, 0);color:#f7b320\" class=\"has-inline-color\">, je poursuis. Il ne s'agit pas non plus de revendiquer de futiles notions de propri\u00e9t\u00e9 ou de ma\u00eetrise dans de tels contextes. Le son et l'harmonie sont des qualit\u00e9s universelles accessibles \u00e0 tous et partag\u00e9es librement entre tous. <\/mark><\/p>\n\n\n\n<p><span style=\"color:#f7b320\" class=\"has-inline-color\">Pour clarifier l'objectif, mon espoir personnel et mon but avec Tonalibus est simplement de fournir une r\u00e9f\u00e9rence utile des tonalit\u00e9s, ainsi que de potentiellement vous inspirer et de vous motiver \u00e0 regarder et \u00e0 travailler \u00e0 votre mani\u00e8re individuelle avec le son et l'harmonie, ancr\u00e9s dans la libert\u00e9 spirituelle. Apr\u00e8s tout, c'est ce qui peut me porter et me porte effectivement d'un moment \u00e0 l'autre, chaque jour !<\/span><\/p>\n\n\n\n<div style=\"height:24px\" aria-hidden=\"true\" class=\"wp-block-spacer\"><\/div>\n\n\n\n<div class=\"wp-block-image\"><figure class=\"aligncenter size-large\"><img loading=\"lazy\" decoding=\"async\" width=\"158\" height=\"112\" src=\"https:\/\/tonalibus.org\/wp-content\/uploads\/2020\/06\/Uli-smily-1.jpg\" alt=\"Uli smiley - Clarification of Purpose\" class=\"wp-image-353\"\/><\/figure><\/div>","protected":false},"excerpt":{"rendered":"<p>\"Un \u00eatre re\u00e7oit sa vraie valeur par le fait qu'il est capable de briller de sa propre lumi\u00e8re gr\u00e2ce \u00e0 son contact avec les profondeurs de l'essence fondamentale de l'existence. ... La lumi\u00e8re authentique n'a pas d'abord besoin de la reconnaissance des hommes, elle a m\u00eame presque honte de son rayonnement\" - extrait de l'introduction ... <\/p>\n<p class=\"link-more\"><a href=\"https:\/\/tonalibus.org\/fr\/start\/practical-use-and-purpose\/clarification-of-purpose\/\" class=\"more-link\">Continuer la lecture<span class=\"screen-reader-text\"> de \" Clarification de l'objectif \"<\/span><\/a><\/p>","protected":false},"author":1,"featured_media":0,"parent":106,"menu_order":0,"comment_status":"closed","ping_status":"closed","template":"","meta":{"footnotes":""},"class_list":["post-9169","page","type-page","status-publish","hentry"],"yoast_head":"<!-- This site is optimized with the Yoast SEO plugin v27.5 - https:\/\/yoast.com\/product\/yoast-seo-wordpress\/ -->\n<title>Clarification of Purpose &#8211; TONALIBUS, Harmony and Tonalities<\/title>\n<meta name=\"description\" content=\"Clarification of Purpose: The purpose of Tonalibus is to provide an overview and reference of anchored tonalities and harmony.\" \/>\n<meta name=\"robots\" content=\"index, follow, max-snippet:-1, max-image-preview:large, max-video-preview:-1\" \/>\n<link rel=\"canonical\" href=\"https:\/\/tonalibus.org\/fr\/start\/practical-use-and-purpose\/clarification-of-purpose\/\" \/>\n<meta property=\"og:locale\" content=\"fr_FR\" \/>\n<meta property=\"og:type\" content=\"article\" \/>\n<meta property=\"og:title\" content=\"Clarification of Purpose &#8211; TONALIBUS, Harmony and Tonalities\" \/>\n<meta property=\"og:description\" content=\"Clarification of Purpose: The purpose of Tonalibus is to provide an overview and reference of anchored tonalities and harmony.\" \/>\n<meta property=\"og:url\" content=\"https:\/\/tonalibus.org\/fr\/start\/practical-use-and-purpose\/clarification-of-purpose\/\" \/>\n<meta property=\"og:site_name\" content=\"TONALIBUS\" \/>\n<meta property=\"article:modified_time\" content=\"2022-03-03T15:23:13+00:00\" \/>\n<meta property=\"og:image\" content=\"https:\/\/tonalibus.org\/wp-content\/uploads\/2020\/06\/Uli-smily-1.jpg\" \/>\n<meta name=\"twitter:card\" content=\"summary_large_image\" \/>\n<meta name=\"twitter:label1\" content=\"Dur\u00e9e de lecture estim\u00e9e\" \/>\n\t<meta name=\"twitter:data1\" content=\"2 minutes\" \/>\n<script type=\"application\/ld+json\" class=\"yoast-schema-graph\">{\"@context\":\"https:\\\/\\\/schema.org\",\"@graph\":[{\"@type\":\"WebPage\",\"@id\":\"https:\\\/\\\/tonalibus.org\\\/start\\\/practical-use-and-purpose\\\/clarification-of-purpose\\\/\",\"url\":\"https:\\\/\\\/tonalibus.org\\\/start\\\/practical-use-and-purpose\\\/clarification-of-purpose\\\/\",\"name\":\"Clarification of Purpose &#8211; TONALIBUS, Harmony and Tonalities\",\"isPartOf\":{\"@id\":\"https:\\\/\\\/tonalibus.org\\\/de\\\/#website\"},\"primaryImageOfPage\":{\"@id\":\"https:\\\/\\\/tonalibus.org\\\/start\\\/practical-use-and-purpose\\\/clarification-of-purpose\\\/#primaryimage\"},\"image\":{\"@id\":\"https:\\\/\\\/tonalibus.org\\\/start\\\/practical-use-and-purpose\\\/clarification-of-purpose\\\/#primaryimage\"},\"thumbnailUrl\":\"https:\\\/\\\/tonalibus.org\\\/wp-content\\\/uploads\\\/2020\\\/06\\\/Uli-smily-1.jpg\",\"datePublished\":\"2021-03-01T09:41:39+00:00\",\"dateModified\":\"2022-03-03T15:23:13+00:00\",\"description\":\"Clarification of Purpose: The purpose of Tonalibus is to provide an overview and reference of anchored tonalities and harmony.\",\"breadcrumb\":{\"@id\":\"https:\\\/\\\/tonalibus.org\\\/start\\\/practical-use-and-purpose\\\/clarification-of-purpose\\\/#breadcrumb\"},\"inLanguage\":\"fr-FR\",\"potentialAction\":[{\"@type\":\"ReadAction\",\"target\":[\"https:\\\/\\\/tonalibus.org\\\/start\\\/practical-use-and-purpose\\\/clarification-of-purpose\\\/\"]}]},{\"@type\":\"ImageObject\",\"inLanguage\":\"fr-FR\",\"@id\":\"https:\\\/\\\/tonalibus.org\\\/start\\\/practical-use-and-purpose\\\/clarification-of-purpose\\\/#primaryimage\",\"url\":\"https:\\\/\\\/tonalibus.org\\\/wp-content\\\/uploads\\\/2020\\\/06\\\/Uli-smily-1.jpg\",\"contentUrl\":\"https:\\\/\\\/tonalibus.org\\\/wp-content\\\/uploads\\\/2020\\\/06\\\/Uli-smily-1.jpg\"},{\"@type\":\"BreadcrumbList\",\"@id\":\"https:\\\/\\\/tonalibus.org\\\/start\\\/practical-use-and-purpose\\\/clarification-of-purpose\\\/#breadcrumb\",\"itemListElement\":[{\"@type\":\"ListItem\",\"position\":1,\"name\":\"Home\",\"item\":\"https:\\\/\\\/tonalibus.org\\\/\"},{\"@type\":\"ListItem\",\"position\":2,\"name\":\"Start\",\"item\":\"https:\\\/\\\/tonalibus.org\\\/\"},{\"@type\":\"ListItem\",\"position\":3,\"name\":\"Practical Use and Purpose\",\"item\":\"https:\\\/\\\/tonalibus.org\\\/start\\\/practical-use-and-purpose\\\/\"},{\"@type\":\"ListItem\",\"position\":4,\"name\":\"Clarification of Purpose\"}]},{\"@type\":\"WebSite\",\"@id\":\"https:\\\/\\\/tonalibus.org\\\/de\\\/#website\",\"url\":\"https:\\\/\\\/tonalibus.org\\\/de\\\/\",\"name\":\"TONALIBUS\",\"description\":\"Anchored Harmony and Tonalities\",\"publisher\":{\"@id\":\"https:\\\/\\\/tonalibus.org\\\/de\\\/#\\\/schema\\\/person\\\/749261d7bc96d1f00127273f83ab96a4\"},\"potentialAction\":[{\"@type\":\"SearchAction\",\"target\":{\"@type\":\"EntryPoint\",\"urlTemplate\":\"https:\\\/\\\/tonalibus.org\\\/de\\\/?s={search_term_string}\"},\"query-input\":{\"@type\":\"PropertyValueSpecification\",\"valueRequired\":true,\"valueName\":\"search_term_string\"}}],\"inLanguage\":\"fr-FR\"},{\"@type\":[\"Person\",\"Organization\"],\"@id\":\"https:\\\/\\\/tonalibus.org\\\/de\\\/#\\\/schema\\\/person\\\/749261d7bc96d1f00127273f83ab96a4\",\"name\":\"Ulrico\",\"image\":{\"@type\":\"ImageObject\",\"inLanguage\":\"fr-FR\",\"@id\":\"https:\\\/\\\/tonalibus.org\\\/wp-content\\\/uploads\\\/2020\\\/06\\\/uli-pix.jpg\",\"url\":\"https:\\\/\\\/tonalibus.org\\\/wp-content\\\/uploads\\\/2020\\\/06\\\/uli-pix.jpg\",\"contentUrl\":\"https:\\\/\\\/tonalibus.org\\\/wp-content\\\/uploads\\\/2020\\\/06\\\/uli-pix.jpg\",\"width\":960,\"height\":720,\"caption\":\"Ulrico\"},\"logo\":{\"@id\":\"https:\\\/\\\/tonalibus.org\\\/wp-content\\\/uploads\\\/2020\\\/06\\\/uli-pix.jpg\"},\"sameAs\":[\"https:\\\/\\\/tonalibus.cyon.site\"]}]}<\/script>\n<!-- \/ Yoast SEO plugin. -->","yoast_head_json":{"title":"Clarification de l'objectif - TONALIBUS, Harmonie et tonalit\u00e9s","description":"Clarification de l'objectif : Le but de Tonalibus est de fournir une vue d'ensemble et une r\u00e9f\u00e9rence des tonalit\u00e9s et de l'harmonie ancr\u00e9es.","robots":{"index":"index","follow":"follow","max-snippet":"max-snippet:-1","max-image-preview":"max-image-preview:large","max-video-preview":"max-video-preview:-1"},"canonical":"https:\/\/tonalibus.org\/fr\/start\/practical-use-and-purpose\/clarification-of-purpose\/","og_locale":"fr_FR","og_type":"article","og_title":"Clarification of Purpose &#8211; TONALIBUS, Harmony and Tonalities","og_description":"Clarification of Purpose: The purpose of Tonalibus is to provide an overview and reference of anchored tonalities and harmony.","og_url":"https:\/\/tonalibus.org\/fr\/start\/practical-use-and-purpose\/clarification-of-purpose\/","og_site_name":"TONALIBUS","article_modified_time":"2022-03-03T15:23:13+00:00","og_image":[{"url":"https:\/\/tonalibus.org\/wp-content\/uploads\/2020\/06\/Uli-smily-1.jpg","type":"","width":"","height":""}],"twitter_card":"summary_large_image","twitter_misc":{"Dur\u00e9e de lecture estim\u00e9e":"2 minutes"},"schema":{"@context":"https:\/\/schema.org","@graph":[{"@type":"WebPage","@id":"https:\/\/tonalibus.org\/start\/practical-use-and-purpose\/clarification-of-purpose\/","url":"https:\/\/tonalibus.org\/start\/practical-use-and-purpose\/clarification-of-purpose\/","name":"Clarification de l'objectif - TONALIBUS, Harmonie et tonalit\u00e9s","isPartOf":{"@id":"https:\/\/tonalibus.org\/de\/#website"},"primaryImageOfPage":{"@id":"https:\/\/tonalibus.org\/start\/practical-use-and-purpose\/clarification-of-purpose\/#primaryimage"},"image":{"@id":"https:\/\/tonalibus.org\/start\/practical-use-and-purpose\/clarification-of-purpose\/#primaryimage"},"thumbnailUrl":"https:\/\/tonalibus.org\/wp-content\/uploads\/2020\/06\/Uli-smily-1.jpg","datePublished":"2021-03-01T09:41:39+00:00","dateModified":"2022-03-03T15:23:13+00:00","description":"Clarification de l'objectif : Le but de Tonalibus est de fournir une vue d'ensemble et une r\u00e9f\u00e9rence des tonalit\u00e9s et de l'harmonie ancr\u00e9es.","breadcrumb":{"@id":"https:\/\/tonalibus.org\/start\/practical-use-and-purpose\/clarification-of-purpose\/#breadcrumb"},"inLanguage":"fr-FR","potentialAction":[{"@type":"ReadAction","target":["https:\/\/tonalibus.org\/start\/practical-use-and-purpose\/clarification-of-purpose\/"]}]},{"@type":"ImageObject","inLanguage":"fr-FR","@id":"https:\/\/tonalibus.org\/start\/practical-use-and-purpose\/clarification-of-purpose\/#primaryimage","url":"https:\/\/tonalibus.org\/wp-content\/uploads\/2020\/06\/Uli-smily-1.jpg","contentUrl":"https:\/\/tonalibus.org\/wp-content\/uploads\/2020\/06\/Uli-smily-1.jpg"},{"@type":"BreadcrumbList","@id":"https:\/\/tonalibus.org\/start\/practical-use-and-purpose\/clarification-of-purpose\/#breadcrumb","itemListElement":[{"@type":"ListItem","position":1,"name":"Home","item":"https:\/\/tonalibus.org\/"},{"@type":"ListItem","position":2,"name":"Start","item":"https:\/\/tonalibus.org\/"},{"@type":"ListItem","position":3,"name":"Practical Use and Purpose","item":"https:\/\/tonalibus.org\/start\/practical-use-and-purpose\/"},{"@type":"ListItem","position":4,"name":"Clarification of Purpose"}]},{"@type":"WebSite","@id":"https:\/\/tonalibus.org\/de\/#website","url":"https:\/\/tonalibus.org\/de\/","name":"TONALIBUS","description":"Harmonie et tonalit\u00e9s ancr\u00e9es","publisher":{"@id":"https:\/\/tonalibus.org\/de\/#\/schema\/person\/749261d7bc96d1f00127273f83ab96a4"},"potentialAction":[{"@type":"SearchAction","target":{"@type":"EntryPoint","urlTemplate":"https:\/\/tonalibus.org\/de\/?s={search_term_string}"},"query-input":{"@type":"PropertyValueSpecification","valueRequired":true,"valueName":"search_term_string"}}],"inLanguage":"fr-FR"},{"@type":["Person","Organization"],"@id":"https:\/\/tonalibus.org\/de\/#\/schema\/person\/749261d7bc96d1f00127273f83ab96a4","name":"Ulrico","image":{"@type":"ImageObject","inLanguage":"fr-FR","@id":"https:\/\/tonalibus.org\/wp-content\/uploads\/2020\/06\/uli-pix.jpg","url":"https:\/\/tonalibus.org\/wp-content\/uploads\/2020\/06\/uli-pix.jpg","contentUrl":"https:\/\/tonalibus.org\/wp-content\/uploads\/2020\/06\/uli-pix.jpg","width":960,"height":720,"caption":"Ulrico"},"logo":{"@id":"https:\/\/tonalibus.org\/wp-content\/uploads\/2020\/06\/uli-pix.jpg"},"sameAs":["https:\/\/tonalibus.cyon.site"]}]}},"_links":{"self":[{"href":"https:\/\/tonalibus.org\/fr\/wp-json\/wp\/v2\/pages\/9169","targetHints":{"allow":["GET"]}}],"collection":[{"href":"https:\/\/tonalibus.org\/fr\/wp-json\/wp\/v2\/pages"}],"about":[{"href":"https:\/\/tonalibus.org\/fr\/wp-json\/wp\/v2\/types\/page"}],"author":[{"embeddable":true,"href":"https:\/\/tonalibus.org\/fr\/wp-json\/wp\/v2\/users\/1"}],"replies":[{"embeddable":true,"href":"https:\/\/tonalibus.org\/fr\/wp-json\/wp\/v2\/comments?post=9169"}],"version-history":[{"count":0,"href":"https:\/\/tonalibus.org\/fr\/wp-json\/wp\/v2\/pages\/9169\/revisions"}],"up":[{"embeddable":true,"href":"https:\/\/tonalibus.org\/fr\/wp-json\/wp\/v2\/pages\/106"}],"wp:attachment":[{"href":"https:\/\/tonalibus.org\/fr\/wp-json\/wp\/v2\/media?parent=9169"}],"curies":[{"name":"wp","href":"https:\/\/api.w.org\/{rel}","templated":true}]}}