{"id":10574,"date":"2021-04-10T21:01:25","date_gmt":"2021-04-10T19:01:25","guid":{"rendered":"https:\/\/tonalibus.org\/?page_id=10574"},"modified":"2026-02-08T20:43:09","modified_gmt":"2026-02-08T19:43:09","slug":"pentapro-or-pentana-loops","status":"publish","type":"page","link":"https:\/\/tonalibus.org\/it\/tonalities\/pentatonalities\/pentapro-or-pentana\/pentapro-or-pentana-loops\/","title":{"rendered":"PentaPro o PentaNa come loop"},"content":{"rendered":"<h2 class=\"wp-block-heading\" id=\"sound-sample-loops-of-pentapro-pentana-a-pentatonality\"><mark style=\"background-color:rgba(0, 0, 0, 0);color:#f7b320\" class=\"has-inline-color\">Campioni sonori come loop di <\/mark><a href=\"https:\/\/tonalibus.org\/it\/tonalities\/pentatonalities\/pentapro-or-pentana\/\"><mark style=\"background-color:rgba(0, 0, 0, 0);color:#f7b320\" class=\"has-inline-color\">PentaPro \/ PentaNa<\/mark><\/a><mark style=\"background-color:rgba(0, 0, 0, 0);color:#f7b320\" class=\"has-inline-color\">, una <\/mark><a href=\"https:\/\/tonalibus.org\/it\/tonalities\/pentatonalities\/\"><mark style=\"background-color:rgba(0, 0, 0, 0);color:#f7b320\" class=\"has-inline-color\">pentatonalit\u00e0<\/mark><\/a><\/h2>\n\n\n\n<div style=\"height:16px\" aria-hidden=\"true\" class=\"wp-block-spacer\"><\/div>\n\n\n\n<figure class=\"wp-block-audio\"><audio controls src=\"https:\/\/tonalibus.org\/wp-content\/uploads\/2025\/01\/2025-01-29-8GI.mp3\" loop preload=\"metadata\"><\/audio><figcaption class=\"wp-element-caption\"><mark style=\"background-color:rgba(0, 0, 0, 0);color:#f7b320\" class=\"has-inline-color\">3) PentaPro \/ PentaNa \u2013 campione sonoro extra, calmo \u2013 chitarra a 8 corde \u2013 gennaio 2025 \u2013 3:17 loop<\/mark><\/figcaption><\/figure>\n\n\n\n<figure class=\"wp-block-audio\"><audio controls src=\"https:\/\/tonalibus.org\/wp-content\/uploads\/2021\/04\/2021-04-05-PentaProMin-calm.mp3\" loop preload=\"metadata\"><\/audio><figcaption class=\"wp-element-caption\"><mark style=\"background-color:rgba(0, 0, 0, 0);color:#f7b320\" class=\"has-inline-color\">2) PentaPro \/ PentaNa \u2013 campione sonoro calmo \u2013 chitarra a 8 corde \u2013 aprile 2021 \u2013 1:16 loop<\/mark><\/figcaption><\/figure>\n\n\n\n<figure class=\"wp-block-audio\"><audio controls src=\"https:\/\/tonalibus.org\/wp-content\/uploads\/2021\/04\/2021-04-05-PentaProMin-rhythm.mp3\" loop preload=\"metadata\"><\/audio><figcaption class=\"wp-element-caption\"><mark style=\"background-color:rgba(0, 0, 0, 0);color:#f7b320\" class=\"has-inline-color\">1) PentaPro \/ PentaNa \u2013 campione sonoro ritmico \u2013 0:46 loop \u2013 suona fino a quando non si ferma o passa ad un'altra pagina in questa scheda.<\/mark><\/figcaption><\/figure>\n\n\n\n<div style=\"height:36px\" aria-hidden=\"true\" class=\"wp-block-spacer\"><\/div>\n\n\n\n<p><mark style=\"background-color:rgba(0, 0, 0, 0);color:#f7b320\" class=\"has-inline-color\"><mark style=\"background-color:rgba(0, 0, 0, 0);color:#f7b320\" class=\"has-inline-color\"><mark style=\"background-color:rgba(0, 0, 0, 0);color:#f7b320\" class=\"has-inline-color\">Puoi goderti un campione sonoro o un loop di tonalit\u00e0 come mantra sonoro per <\/mark><a href=\"https:\/\/it.wikipedia.org\/wiki\/Contemplazione\" target=\"_blank\" rel=\"noreferrer noopener\"><mark style=\"background-color:rgba(0, 0, 0, 0);color:#f7b320\" class=\"has-inline-color\">la contemplazione<\/mark><\/a><mark style=\"background-color:rgba(0, 0, 0, 0);color:#f7b320\" class=\"has-inline-color\"> o <\/mark><a href=\"https:\/\/it.wikipedia.org\/wiki\/Meditazione\" target=\"_blank\" rel=\"noreferrer noopener\"><mark style=\"background-color:rgba(0, 0, 0, 0);color:#f7b320\" class=\"has-inline-color\">la meditazione<\/mark><\/a><mark style=\"background-color:rgba(0, 0, 0, 0);color:#f7b320\" class=\"has-inline-color\">. Questo potrebbe aiutare con il sollevamento, la purificazione e la messa a fuoco. O pu\u00f2 semplicemente essere usato come sottofondo calmante per rilassarsi e rigenerarsi. Se hai voglia di canticchiare o cantare insieme, potresti farlo usando una sillaba spiritualmente caricata come <\/mark><em><a href=\"https:\/\/tonalibus.org\/it\/about-tonalibus\/ulrico\/hu-mantra-of-soul\/\"><mark style=\"background-color:rgba(0, 0, 0, 0);color:#f7b320\" class=\"has-inline-color\">HU<\/mark><\/a><\/em><mark style=\"background-color:rgba(0, 0, 0, 0);color:#f7b320\" class=\"has-inline-color\"> o <\/mark><a href=\"https:\/\/it.wikipedia.org\/wiki\/Om_(induismo)\" target=\"_blank\" rel=\"noreferrer noopener\"><em><mark style=\"background-color:rgba(0, 0, 0, 0);color:#f7b320\" class=\"has-inline-color\">\u014c\u1e41 \/ Aum<\/mark><\/em><\/a><mark style=\"background-color:rgba(0, 0, 0, 0);color:#f7b320\" class=\"has-inline-color\"> \u0950,<\/mark> o un'altra sillaba mantra che ti piace.<\/mark><\/mark><\/p>\n\n\n\n<div style=\"height:56px\" aria-hidden=\"true\" class=\"wp-block-spacer\"><\/div>\n\n\n<div class=\"wp-block-image is-resized\">\n<figure class=\"aligncenter size-large\"><img loading=\"lazy\" decoding=\"async\" width=\"1024\" height=\"768\" src=\"https:\/\/tonalibus.org\/wp-content\/uploads\/2021\/04\/IMG_3979-xc-1024x768.jpg\" alt=\"PentaProMin\" class=\"wp-image-10269\" srcset=\"https:\/\/tonalibus.org\/wp-content\/uploads\/2021\/04\/IMG_3979-xc-1024x768.jpg 1024w, https:\/\/tonalibus.org\/wp-content\/uploads\/2021\/04\/IMG_3979-xc-300x225.jpg 300w, https:\/\/tonalibus.org\/wp-content\/uploads\/2021\/04\/IMG_3979-xc-768x576.jpg 768w, https:\/\/tonalibus.org\/wp-content\/uploads\/2021\/04\/IMG_3979-xc-1536x1152.jpg 1536w, https:\/\/tonalibus.org\/wp-content\/uploads\/2021\/04\/IMG_3979-xc-16x12.jpg 16w, https:\/\/tonalibus.org\/wp-content\/uploads\/2021\/04\/IMG_3979-xc-1320x990.jpg 1320w, https:\/\/tonalibus.org\/wp-content\/uploads\/2021\/04\/IMG_3979-xc.jpg 2016w\" sizes=\"auto, (max-width: 706px) 89vw, (max-width: 767px) 82vw, 740px\" \/><figcaption class=\"wp-element-caption\">Il ritorno dei tulipani celebra la primavera \u2013 marzo 2021 \u2013 Gr\u00e4chwil, Svizzera<\/figcaption><\/figure>\n<\/div>\n\n\n<p><\/p>","protected":false},"excerpt":{"rendered":"<p>Loop di campioni sonori di PentaPro \/ PentaNa, una pentatonalit\u00e0 Potete apprezzare un campione sonoro o un loop di tonalit\u00e0 come mantra sonoro per la contemplazione o la meditazione. Pu\u00f2 essere utile per l'elevazione, la purificazione e la concentrazione. Oppure pu\u00f2 essere semplicemente usato come sottofondo rilassante per rilassarsi e rigenerarsi. Se volete canticchiare, intonare o cantare ... <\/p>\n<p class=\"link-more\"><a href=\"https:\/\/tonalibus.org\/it\/tonalities\/pentatonalities\/pentapro-or-pentana\/pentapro-or-pentana-loops\/\" class=\"more-link\">Leggi tutto<span class=\"screen-reader-text\"> \"Loop PentaPro o PentaNa\".<\/span><\/a><\/p>","protected":false},"author":1,"featured_media":0,"parent":10514,"menu_order":0,"comment_status":"closed","ping_status":"closed","template":"","meta":{"footnotes":""},"class_list":["post-10574","page","type-page","status-publish","hentry"],"yoast_head":"<!-- This site is optimized with the Yoast SEO plugin v27.3 - https:\/\/yoast.com\/product\/yoast-seo-wordpress\/ -->\n<title>PentaPro or PentaNa loops &#8211; TONALIBUS Harmony and Tonalities<\/title>\n<meta name=\"description\" content=\"This page features PentaPro \/ PentaNa sound sample loops. You may enjoy a tonality loop as sound mantra for contemplation or meditation.\" \/>\n<meta name=\"robots\" content=\"index, follow, max-snippet:-1, max-image-preview:large, max-video-preview:-1\" \/>\n<link rel=\"canonical\" href=\"https:\/\/tonalibus.org\/it\/tonalities\/pentatonalities\/pentapro-or-pentana\/pentapro-or-pentana-loops\/\" \/>\n<meta property=\"og:locale\" content=\"it_IT\" \/>\n<meta property=\"og:type\" content=\"article\" \/>\n<meta property=\"og:title\" content=\"PentaPro or PentaNa loops &#8211; TONALIBUS Harmony and Tonalities\" \/>\n<meta property=\"og:description\" content=\"This page features PentaPro \/ PentaNa sound sample loops. You may enjoy a tonality loop as sound mantra for contemplation or meditation.\" \/>\n<meta property=\"og:url\" content=\"https:\/\/tonalibus.org\/it\/tonalities\/pentatonalities\/pentapro-or-pentana\/pentapro-or-pentana-loops\/\" \/>\n<meta property=\"og:site_name\" content=\"TONALIBUS\" \/>\n<meta property=\"article:modified_time\" content=\"2026-02-08T19:43:09+00:00\" \/>\n<meta property=\"og:image\" content=\"https:\/\/tonalibus.org\/wp-content\/uploads\/2021\/04\/IMG_3979-xc.jpg\" \/>\n\t<meta property=\"og:image:width\" content=\"2016\" \/>\n\t<meta property=\"og:image:height\" content=\"1512\" \/>\n\t<meta property=\"og:image:type\" content=\"image\/jpeg\" \/>\n<meta name=\"twitter:card\" content=\"summary_large_image\" \/>\n<meta name=\"twitter:label1\" content=\"Tempo di lettura stimato\" \/>\n\t<meta name=\"twitter:data1\" content=\"1 minuto\" \/>\n<script type=\"application\/ld+json\" class=\"yoast-schema-graph\">{\"@context\":\"https:\\\/\\\/schema.org\",\"@graph\":[{\"@type\":\"WebPage\",\"@id\":\"https:\\\/\\\/tonalibus.org\\\/tonalities\\\/pentatonalities\\\/pentapro-or-pentana\\\/pentapro-or-pentana-loops\\\/\",\"url\":\"https:\\\/\\\/tonalibus.org\\\/tonalities\\\/pentatonalities\\\/pentapro-or-pentana\\\/pentapro-or-pentana-loops\\\/\",\"name\":\"PentaPro or PentaNa loops &#8211; TONALIBUS Harmony and Tonalities\",\"isPartOf\":{\"@id\":\"https:\\\/\\\/tonalibus.org\\\/de\\\/#website\"},\"primaryImageOfPage\":{\"@id\":\"https:\\\/\\\/tonalibus.org\\\/tonalities\\\/pentatonalities\\\/pentapro-or-pentana\\\/pentapro-or-pentana-loops\\\/#primaryimage\"},\"image\":{\"@id\":\"https:\\\/\\\/tonalibus.org\\\/tonalities\\\/pentatonalities\\\/pentapro-or-pentana\\\/pentapro-or-pentana-loops\\\/#primaryimage\"},\"thumbnailUrl\":\"https:\\\/\\\/tonalibus.org\\\/wp-content\\\/uploads\\\/2021\\\/04\\\/IMG_3979-xc-1024x768.jpg\",\"datePublished\":\"2021-04-10T19:01:25+00:00\",\"dateModified\":\"2026-02-08T19:43:09+00:00\",\"description\":\"This page features PentaPro \\\/ PentaNa sound sample loops. You may enjoy a tonality loop as sound mantra for contemplation or meditation.\",\"breadcrumb\":{\"@id\":\"https:\\\/\\\/tonalibus.org\\\/tonalities\\\/pentatonalities\\\/pentapro-or-pentana\\\/pentapro-or-pentana-loops\\\/#breadcrumb\"},\"inLanguage\":\"it-IT\",\"potentialAction\":[{\"@type\":\"ReadAction\",\"target\":[\"https:\\\/\\\/tonalibus.org\\\/tonalities\\\/pentatonalities\\\/pentapro-or-pentana\\\/pentapro-or-pentana-loops\\\/\"]}]},{\"@type\":\"ImageObject\",\"inLanguage\":\"it-IT\",\"@id\":\"https:\\\/\\\/tonalibus.org\\\/tonalities\\\/pentatonalities\\\/pentapro-or-pentana\\\/pentapro-or-pentana-loops\\\/#primaryimage\",\"url\":\"https:\\\/\\\/tonalibus.org\\\/wp-content\\\/uploads\\\/2021\\\/04\\\/IMG_3979-xc-1024x768.jpg\",\"contentUrl\":\"https:\\\/\\\/tonalibus.org\\\/wp-content\\\/uploads\\\/2021\\\/04\\\/IMG_3979-xc-1024x768.jpg\"},{\"@type\":\"BreadcrumbList\",\"@id\":\"https:\\\/\\\/tonalibus.org\\\/tonalities\\\/pentatonalities\\\/pentapro-or-pentana\\\/pentapro-or-pentana-loops\\\/#breadcrumb\",\"itemListElement\":[{\"@type\":\"ListItem\",\"position\":1,\"name\":\"Home\",\"item\":\"https:\\\/\\\/tonalibus.org\\\/\"},{\"@type\":\"ListItem\",\"position\":2,\"name\":\"Tonalities\",\"item\":\"https:\\\/\\\/tonalibus.org\\\/tonalities\\\/\"},{\"@type\":\"ListItem\",\"position\":3,\"name\":\"Pentatonalities and Tetratonality\",\"item\":\"https:\\\/\\\/tonalibus.org\\\/tonalities\\\/pentatonalities\\\/\"},{\"@type\":\"ListItem\",\"position\":4,\"name\":\"PentaPro or PentaNa\",\"item\":\"https:\\\/\\\/tonalibus.org\\\/tonalities\\\/pentatonalities\\\/pentapro-or-pentana\\\/\"},{\"@type\":\"ListItem\",\"position\":5,\"name\":\"PentaPro or PentaNa loops\"}]},{\"@type\":\"WebSite\",\"@id\":\"https:\\\/\\\/tonalibus.org\\\/de\\\/#website\",\"url\":\"https:\\\/\\\/tonalibus.org\\\/de\\\/\",\"name\":\"TONALIBUS\",\"description\":\"Anchored Harmony and Tonalities\",\"publisher\":{\"@id\":\"https:\\\/\\\/tonalibus.org\\\/de\\\/#\\\/schema\\\/person\\\/749261d7bc96d1f00127273f83ab96a4\"},\"potentialAction\":[{\"@type\":\"SearchAction\",\"target\":{\"@type\":\"EntryPoint\",\"urlTemplate\":\"https:\\\/\\\/tonalibus.org\\\/de\\\/?s={search_term_string}\"},\"query-input\":{\"@type\":\"PropertyValueSpecification\",\"valueRequired\":true,\"valueName\":\"search_term_string\"}}],\"inLanguage\":\"it-IT\"},{\"@type\":[\"Person\",\"Organization\"],\"@id\":\"https:\\\/\\\/tonalibus.org\\\/de\\\/#\\\/schema\\\/person\\\/749261d7bc96d1f00127273f83ab96a4\",\"name\":\"Ulrico\",\"image\":{\"@type\":\"ImageObject\",\"inLanguage\":\"it-IT\",\"@id\":\"https:\\\/\\\/tonalibus.org\\\/wp-content\\\/uploads\\\/2020\\\/06\\\/uli-pix.jpg\",\"url\":\"https:\\\/\\\/tonalibus.org\\\/wp-content\\\/uploads\\\/2020\\\/06\\\/uli-pix.jpg\",\"contentUrl\":\"https:\\\/\\\/tonalibus.org\\\/wp-content\\\/uploads\\\/2020\\\/06\\\/uli-pix.jpg\",\"width\":960,\"height\":720,\"caption\":\"Ulrico\"},\"logo\":{\"@id\":\"https:\\\/\\\/tonalibus.org\\\/wp-content\\\/uploads\\\/2020\\\/06\\\/uli-pix.jpg\"},\"sameAs\":[\"https:\\\/\\\/tonalibus.cyon.site\"]}]}<\/script>\n<!-- \/ Yoast SEO plugin. -->","yoast_head_json":{"title":"Loop PentaPro o PentaNa - Armonia e tonalit\u00e0 TONALIBUS","description":"Questa pagina presenta i loop di campioni sonori PentaPro \/ PentaNa. Puoi goderti un loop di tonalit\u00e0 come mantra sonoro per la contemplazione o la meditazione.","robots":{"index":"index","follow":"follow","max-snippet":"max-snippet:-1","max-image-preview":"max-image-preview:large","max-video-preview":"max-video-preview:-1"},"canonical":"https:\/\/tonalibus.org\/it\/tonalities\/pentatonalities\/pentapro-or-pentana\/pentapro-or-pentana-loops\/","og_locale":"it_IT","og_type":"article","og_title":"PentaPro or PentaNa loops &#8211; TONALIBUS Harmony and Tonalities","og_description":"This page features PentaPro \/ PentaNa sound sample loops. You may enjoy a tonality loop as sound mantra for contemplation or meditation.","og_url":"https:\/\/tonalibus.org\/it\/tonalities\/pentatonalities\/pentapro-or-pentana\/pentapro-or-pentana-loops\/","og_site_name":"TONALIBUS","article_modified_time":"2026-02-08T19:43:09+00:00","og_image":[{"width":2016,"height":1512,"url":"https:\/\/tonalibus.org\/wp-content\/uploads\/2021\/04\/IMG_3979-xc.jpg","type":"image\/jpeg"}],"twitter_card":"summary_large_image","twitter_misc":{"Tempo di lettura stimato":"1 minuto"},"schema":{"@context":"https:\/\/schema.org","@graph":[{"@type":"WebPage","@id":"https:\/\/tonalibus.org\/tonalities\/pentatonalities\/pentapro-or-pentana\/pentapro-or-pentana-loops\/","url":"https:\/\/tonalibus.org\/tonalities\/pentatonalities\/pentapro-or-pentana\/pentapro-or-pentana-loops\/","name":"Loop PentaPro o PentaNa - Armonia e tonalit\u00e0 TONALIBUS","isPartOf":{"@id":"https:\/\/tonalibus.org\/de\/#website"},"primaryImageOfPage":{"@id":"https:\/\/tonalibus.org\/tonalities\/pentatonalities\/pentapro-or-pentana\/pentapro-or-pentana-loops\/#primaryimage"},"image":{"@id":"https:\/\/tonalibus.org\/tonalities\/pentatonalities\/pentapro-or-pentana\/pentapro-or-pentana-loops\/#primaryimage"},"thumbnailUrl":"https:\/\/tonalibus.org\/wp-content\/uploads\/2021\/04\/IMG_3979-xc-1024x768.jpg","datePublished":"2021-04-10T19:01:25+00:00","dateModified":"2026-02-08T19:43:09+00:00","description":"Questa pagina presenta i loop di campioni sonori PentaPro \/ PentaNa. Puoi goderti un loop di tonalit\u00e0 come mantra sonoro per la contemplazione o la meditazione.","breadcrumb":{"@id":"https:\/\/tonalibus.org\/tonalities\/pentatonalities\/pentapro-or-pentana\/pentapro-or-pentana-loops\/#breadcrumb"},"inLanguage":"it-IT","potentialAction":[{"@type":"ReadAction","target":["https:\/\/tonalibus.org\/tonalities\/pentatonalities\/pentapro-or-pentana\/pentapro-or-pentana-loops\/"]}]},{"@type":"ImageObject","inLanguage":"it-IT","@id":"https:\/\/tonalibus.org\/tonalities\/pentatonalities\/pentapro-or-pentana\/pentapro-or-pentana-loops\/#primaryimage","url":"https:\/\/tonalibus.org\/wp-content\/uploads\/2021\/04\/IMG_3979-xc-1024x768.jpg","contentUrl":"https:\/\/tonalibus.org\/wp-content\/uploads\/2021\/04\/IMG_3979-xc-1024x768.jpg"},{"@type":"BreadcrumbList","@id":"https:\/\/tonalibus.org\/tonalities\/pentatonalities\/pentapro-or-pentana\/pentapro-or-pentana-loops\/#breadcrumb","itemListElement":[{"@type":"ListItem","position":1,"name":"Home","item":"https:\/\/tonalibus.org\/"},{"@type":"ListItem","position":2,"name":"Tonalities","item":"https:\/\/tonalibus.org\/tonalities\/"},{"@type":"ListItem","position":3,"name":"Pentatonalities and Tetratonality","item":"https:\/\/tonalibus.org\/tonalities\/pentatonalities\/"},{"@type":"ListItem","position":4,"name":"PentaPro or PentaNa","item":"https:\/\/tonalibus.org\/tonalities\/pentatonalities\/pentapro-or-pentana\/"},{"@type":"ListItem","position":5,"name":"PentaPro or PentaNa loops"}]},{"@type":"WebSite","@id":"https:\/\/tonalibus.org\/de\/#website","url":"https:\/\/tonalibus.org\/de\/","name":"TONALIBUS","description":"Armonia e tonalit\u00e0 ancorate","publisher":{"@id":"https:\/\/tonalibus.org\/de\/#\/schema\/person\/749261d7bc96d1f00127273f83ab96a4"},"potentialAction":[{"@type":"SearchAction","target":{"@type":"EntryPoint","urlTemplate":"https:\/\/tonalibus.org\/de\/?s={search_term_string}"},"query-input":{"@type":"PropertyValueSpecification","valueRequired":true,"valueName":"search_term_string"}}],"inLanguage":"it-IT"},{"@type":["Person","Organization"],"@id":"https:\/\/tonalibus.org\/de\/#\/schema\/person\/749261d7bc96d1f00127273f83ab96a4","name":"Ulrico","image":{"@type":"ImageObject","inLanguage":"it-IT","@id":"https:\/\/tonalibus.org\/wp-content\/uploads\/2020\/06\/uli-pix.jpg","url":"https:\/\/tonalibus.org\/wp-content\/uploads\/2020\/06\/uli-pix.jpg","contentUrl":"https:\/\/tonalibus.org\/wp-content\/uploads\/2020\/06\/uli-pix.jpg","width":960,"height":720,"caption":"Ulrico"},"logo":{"@id":"https:\/\/tonalibus.org\/wp-content\/uploads\/2020\/06\/uli-pix.jpg"},"sameAs":["https:\/\/tonalibus.cyon.site"]}]}},"_links":{"self":[{"href":"https:\/\/tonalibus.org\/it\/wp-json\/wp\/v2\/pages\/10574","targetHints":{"allow":["GET"]}}],"collection":[{"href":"https:\/\/tonalibus.org\/it\/wp-json\/wp\/v2\/pages"}],"about":[{"href":"https:\/\/tonalibus.org\/it\/wp-json\/wp\/v2\/types\/page"}],"author":[{"embeddable":true,"href":"https:\/\/tonalibus.org\/it\/wp-json\/wp\/v2\/users\/1"}],"replies":[{"embeddable":true,"href":"https:\/\/tonalibus.org\/it\/wp-json\/wp\/v2\/comments?post=10574"}],"version-history":[{"count":1,"href":"https:\/\/tonalibus.org\/it\/wp-json\/wp\/v2\/pages\/10574\/revisions"}],"predecessor-version":[{"id":38373,"href":"https:\/\/tonalibus.org\/it\/wp-json\/wp\/v2\/pages\/10574\/revisions\/38373"}],"up":[{"embeddable":true,"href":"https:\/\/tonalibus.org\/it\/wp-json\/wp\/v2\/pages\/10514"}],"wp:attachment":[{"href":"https:\/\/tonalibus.org\/it\/wp-json\/wp\/v2\/media?parent=10574"}],"curies":[{"name":"wp","href":"https:\/\/api.w.org\/{rel}","templated":true}]}}