{"id":109,"date":"2020-05-19T14:58:18","date_gmt":"2020-05-19T15:58:18","guid":{"rendered":"https:\/\/tonalibus.org\/?page_id=109"},"modified":"2022-01-29T21:10:26","modified_gmt":"2022-01-29T20:10:26","slug":"harmonic-pivot","status":"publish","type":"page","link":"https:\/\/tonalibus.org\/it\/start\/harmonic-pivot\/","title":{"rendered":"Perno armonico"},"content":{"rendered":"<p class=\"has-text-color\" style=\"color:#f7b320\">Un concetto fondamentale di Tonalibus \u00e8 il <a href=\"https:\/\/tonalibus.org\/it\/fundamentals\/highlights\/highlight-pivots\/\"><mark style=\"background-color:rgba(0, 0, 0, 0);color:#f7b320\" class=\"has-inline-color\">perno armonico<\/mark><\/a>.  Possiamo realizzare un perno armonico, quando le cose appaiono o le vediamo in pieno allineamento. Allora possiamo riconoscere l'armonia universale \u2013 o quello che alcuni chiamano anche la <a aria-label=\"non definito (si apre in una nuova scheda)\" href=\"https:\/\/it.wikipedia.org\/wiki\/Musica_delle_sfere\" target=\"_blank\" rel=\"noreferrer noopener\"><mark style=\"background-color:rgba(0, 0, 0, 0);color:#f7b320\" class=\"has-inline-color\">musica delle sfere<\/mark><\/a> \u2013 in realizzazioni pi\u00f9 o meno consapevoli di esperienze individuali e collettive. Tra l'altro, Tonalibus mostra come <a href=\"https:\/\/tonalibus.org\/it\/fundamentals\/highlights\/even-waves-odd-circles\/\"><mark style=\"background-color:rgba(0, 0, 0, 0);color:#f7b320\" class=\"has-inline-color\">le armoniche pari fanno delle onde, e le armoniche dispari completano dei cerchi<\/mark><\/a>.<\/p>","protected":false},"excerpt":{"rendered":"<p>Un concetto fondamentale di Tonalibus \u00e8 il perno armonico. Possiamo realizzare un perno armonico quando le cose appaiono o le vediamo in pieno allineamento. Allora possiamo riconoscere l'armonia universale - o quella che alcuni chiamano anche la musica delle sfere - in realizzazioni pi\u00f9 o meno consapevoli di eventi individuali e collettivi ... <\/p>\n<p class=\"link-more\"><a href=\"https:\/\/tonalibus.org\/it\/start\/harmonic-pivot\/\" class=\"more-link\">Leggi tutto<span class=\"screen-reader-text\"> \"Perno armonico\"<\/span><\/a><\/p>","protected":false},"author":1,"featured_media":361,"parent":416,"menu_order":2,"comment_status":"closed","ping_status":"closed","template":"","meta":{"footnotes":""},"class_list":["post-109","page","type-page","status-publish","has-post-thumbnail","hentry"],"yoast_head":"<!-- This site is optimized with the Yoast SEO plugin v27.5 - https:\/\/yoast.com\/product\/yoast-seo-wordpress\/ -->\n<title>Harmonic Pivot &#8211; TONALIBUS, Anchored Harmony and Tonalities<\/title>\n<meta name=\"description\" content=\"For practical use, Tonalibus provides an overview and reference of anchored tonalities and their inherent harmonic qualities \u2013 including the harmonic pivot.\" \/>\n<meta name=\"robots\" content=\"index, follow, max-snippet:-1, max-image-preview:large, max-video-preview:-1\" \/>\n<link rel=\"canonical\" href=\"https:\/\/tonalibus.org\/it\/start\/harmonic-pivot\/\" \/>\n<meta property=\"og:locale\" content=\"it_IT\" \/>\n<meta property=\"og:type\" content=\"article\" \/>\n<meta property=\"og:title\" content=\"Harmonic Pivot &#8211; TONALIBUS, Anchored Harmony and Tonalities\" \/>\n<meta property=\"og:description\" content=\"For practical use, Tonalibus provides an overview and reference of anchored tonalities and their inherent harmonic qualities \u2013 including the harmonic pivot.\" \/>\n<meta property=\"og:url\" content=\"https:\/\/tonalibus.org\/it\/start\/harmonic-pivot\/\" \/>\n<meta property=\"og:site_name\" content=\"TONALIBUS\" \/>\n<meta property=\"article:modified_time\" content=\"2022-01-29T20:10:26+00:00\" \/>\n<meta property=\"og:image\" content=\"https:\/\/tonalibus.org\/wp-content\/uploads\/2020\/06\/pix-pivot-7d.jpg\" \/>\n\t<meta property=\"og:image:width\" content=\"1280\" \/>\n\t<meta property=\"og:image:height\" content=\"720\" \/>\n\t<meta property=\"og:image:type\" content=\"image\/jpeg\" \/>\n<meta name=\"twitter:card\" content=\"summary_large_image\" \/>\n<meta name=\"twitter:label1\" content=\"Tempo di lettura stimato\" \/>\n\t<meta name=\"twitter:data1\" content=\"1 minuto\" \/>\n<script type=\"application\/ld+json\" class=\"yoast-schema-graph\">{\"@context\":\"https:\\\/\\\/schema.org\",\"@graph\":[{\"@type\":\"WebPage\",\"@id\":\"https:\\\/\\\/tonalibus.org\\\/start\\\/harmonic-pivot\\\/\",\"url\":\"https:\\\/\\\/tonalibus.org\\\/start\\\/harmonic-pivot\\\/\",\"name\":\"Harmonic Pivot &#8211; TONALIBUS, Anchored Harmony and Tonalities\",\"isPartOf\":{\"@id\":\"https:\\\/\\\/tonalibus.org\\\/de\\\/#website\"},\"primaryImageOfPage\":{\"@id\":\"https:\\\/\\\/tonalibus.org\\\/start\\\/harmonic-pivot\\\/#primaryimage\"},\"image\":{\"@id\":\"https:\\\/\\\/tonalibus.org\\\/start\\\/harmonic-pivot\\\/#primaryimage\"},\"thumbnailUrl\":\"https:\\\/\\\/tonalibus.org\\\/wp-content\\\/uploads\\\/2020\\\/06\\\/pix-pivot-7d.jpg\",\"datePublished\":\"2020-05-19T15:58:18+00:00\",\"dateModified\":\"2022-01-29T20:10:26+00:00\",\"description\":\"For practical use, Tonalibus provides an overview and reference of anchored tonalities and their inherent harmonic qualities \u2013 including the harmonic pivot.\",\"breadcrumb\":{\"@id\":\"https:\\\/\\\/tonalibus.org\\\/start\\\/harmonic-pivot\\\/#breadcrumb\"},\"inLanguage\":\"it-IT\",\"potentialAction\":[{\"@type\":\"ReadAction\",\"target\":[\"https:\\\/\\\/tonalibus.org\\\/start\\\/harmonic-pivot\\\/\"]}]},{\"@type\":\"ImageObject\",\"inLanguage\":\"it-IT\",\"@id\":\"https:\\\/\\\/tonalibus.org\\\/start\\\/harmonic-pivot\\\/#primaryimage\",\"url\":\"https:\\\/\\\/tonalibus.org\\\/wp-content\\\/uploads\\\/2020\\\/06\\\/pix-pivot-7d.jpg\",\"contentUrl\":\"https:\\\/\\\/tonalibus.org\\\/wp-content\\\/uploads\\\/2020\\\/06\\\/pix-pivot-7d.jpg\",\"width\":1280,\"height\":720,\"caption\":\"pix pivot\"},{\"@type\":\"BreadcrumbList\",\"@id\":\"https:\\\/\\\/tonalibus.org\\\/start\\\/harmonic-pivot\\\/#breadcrumb\",\"itemListElement\":[{\"@type\":\"ListItem\",\"position\":1,\"name\":\"Home\",\"item\":\"https:\\\/\\\/tonalibus.org\\\/\"},{\"@type\":\"ListItem\",\"position\":2,\"name\":\"Start\",\"item\":\"https:\\\/\\\/tonalibus.org\\\/\"},{\"@type\":\"ListItem\",\"position\":3,\"name\":\"Harmonic Pivot\"}]},{\"@type\":\"WebSite\",\"@id\":\"https:\\\/\\\/tonalibus.org\\\/de\\\/#website\",\"url\":\"https:\\\/\\\/tonalibus.org\\\/de\\\/\",\"name\":\"TONALIBUS\",\"description\":\"Anchored Harmony and Tonalities\",\"publisher\":{\"@id\":\"https:\\\/\\\/tonalibus.org\\\/de\\\/#\\\/schema\\\/person\\\/749261d7bc96d1f00127273f83ab96a4\"},\"potentialAction\":[{\"@type\":\"SearchAction\",\"target\":{\"@type\":\"EntryPoint\",\"urlTemplate\":\"https:\\\/\\\/tonalibus.org\\\/de\\\/?s={search_term_string}\"},\"query-input\":{\"@type\":\"PropertyValueSpecification\",\"valueRequired\":true,\"valueName\":\"search_term_string\"}}],\"inLanguage\":\"it-IT\"},{\"@type\":[\"Person\",\"Organization\"],\"@id\":\"https:\\\/\\\/tonalibus.org\\\/de\\\/#\\\/schema\\\/person\\\/749261d7bc96d1f00127273f83ab96a4\",\"name\":\"Ulrico\",\"image\":{\"@type\":\"ImageObject\",\"inLanguage\":\"it-IT\",\"@id\":\"https:\\\/\\\/tonalibus.org\\\/wp-content\\\/uploads\\\/2020\\\/06\\\/uli-pix.jpg\",\"url\":\"https:\\\/\\\/tonalibus.org\\\/wp-content\\\/uploads\\\/2020\\\/06\\\/uli-pix.jpg\",\"contentUrl\":\"https:\\\/\\\/tonalibus.org\\\/wp-content\\\/uploads\\\/2020\\\/06\\\/uli-pix.jpg\",\"width\":960,\"height\":720,\"caption\":\"Ulrico\"},\"logo\":{\"@id\":\"https:\\\/\\\/tonalibus.org\\\/wp-content\\\/uploads\\\/2020\\\/06\\\/uli-pix.jpg\"},\"sameAs\":[\"https:\\\/\\\/tonalibus.cyon.site\"]}]}<\/script>\n<!-- \/ Yoast SEO plugin. -->","yoast_head_json":{"title":"Perno armonico - TONALIBUS, Armonia e Tonalit\u00e0 Ancorate","description":"Per l'uso pratico, Tonalibus fornisce una panoramica e un riferimento delle tonalit\u00e0 ancorate e delle loro qualit\u00e0 armoniche inerenti - incluso il perno armonico.","robots":{"index":"index","follow":"follow","max-snippet":"max-snippet:-1","max-image-preview":"max-image-preview:large","max-video-preview":"max-video-preview:-1"},"canonical":"https:\/\/tonalibus.org\/it\/start\/harmonic-pivot\/","og_locale":"it_IT","og_type":"article","og_title":"Harmonic Pivot &#8211; TONALIBUS, Anchored Harmony and Tonalities","og_description":"For practical use, Tonalibus provides an overview and reference of anchored tonalities and their inherent harmonic qualities \u2013 including the harmonic pivot.","og_url":"https:\/\/tonalibus.org\/it\/start\/harmonic-pivot\/","og_site_name":"TONALIBUS","article_modified_time":"2022-01-29T20:10:26+00:00","og_image":[{"width":1280,"height":720,"url":"https:\/\/tonalibus.org\/wp-content\/uploads\/2020\/06\/pix-pivot-7d.jpg","type":"image\/jpeg"}],"twitter_card":"summary_large_image","twitter_misc":{"Tempo di lettura stimato":"1 minuto"},"schema":{"@context":"https:\/\/schema.org","@graph":[{"@type":"WebPage","@id":"https:\/\/tonalibus.org\/start\/harmonic-pivot\/","url":"https:\/\/tonalibus.org\/start\/harmonic-pivot\/","name":"Perno armonico - TONALIBUS, Armonia e Tonalit\u00e0 Ancorate","isPartOf":{"@id":"https:\/\/tonalibus.org\/de\/#website"},"primaryImageOfPage":{"@id":"https:\/\/tonalibus.org\/start\/harmonic-pivot\/#primaryimage"},"image":{"@id":"https:\/\/tonalibus.org\/start\/harmonic-pivot\/#primaryimage"},"thumbnailUrl":"https:\/\/tonalibus.org\/wp-content\/uploads\/2020\/06\/pix-pivot-7d.jpg","datePublished":"2020-05-19T15:58:18+00:00","dateModified":"2022-01-29T20:10:26+00:00","description":"Per l'uso pratico, Tonalibus fornisce una panoramica e un riferimento delle tonalit\u00e0 ancorate e delle loro qualit\u00e0 armoniche inerenti - incluso il perno armonico.","breadcrumb":{"@id":"https:\/\/tonalibus.org\/start\/harmonic-pivot\/#breadcrumb"},"inLanguage":"it-IT","potentialAction":[{"@type":"ReadAction","target":["https:\/\/tonalibus.org\/start\/harmonic-pivot\/"]}]},{"@type":"ImageObject","inLanguage":"it-IT","@id":"https:\/\/tonalibus.org\/start\/harmonic-pivot\/#primaryimage","url":"https:\/\/tonalibus.org\/wp-content\/uploads\/2020\/06\/pix-pivot-7d.jpg","contentUrl":"https:\/\/tonalibus.org\/wp-content\/uploads\/2020\/06\/pix-pivot-7d.jpg","width":1280,"height":720,"caption":"pix pivot"},{"@type":"BreadcrumbList","@id":"https:\/\/tonalibus.org\/start\/harmonic-pivot\/#breadcrumb","itemListElement":[{"@type":"ListItem","position":1,"name":"Home","item":"https:\/\/tonalibus.org\/"},{"@type":"ListItem","position":2,"name":"Start","item":"https:\/\/tonalibus.org\/"},{"@type":"ListItem","position":3,"name":"Harmonic Pivot"}]},{"@type":"WebSite","@id":"https:\/\/tonalibus.org\/de\/#website","url":"https:\/\/tonalibus.org\/de\/","name":"TONALIBUS","description":"Armonia e tonalit\u00e0 ancorate","publisher":{"@id":"https:\/\/tonalibus.org\/de\/#\/schema\/person\/749261d7bc96d1f00127273f83ab96a4"},"potentialAction":[{"@type":"SearchAction","target":{"@type":"EntryPoint","urlTemplate":"https:\/\/tonalibus.org\/de\/?s={search_term_string}"},"query-input":{"@type":"PropertyValueSpecification","valueRequired":true,"valueName":"search_term_string"}}],"inLanguage":"it-IT"},{"@type":["Person","Organization"],"@id":"https:\/\/tonalibus.org\/de\/#\/schema\/person\/749261d7bc96d1f00127273f83ab96a4","name":"Ulrico","image":{"@type":"ImageObject","inLanguage":"it-IT","@id":"https:\/\/tonalibus.org\/wp-content\/uploads\/2020\/06\/uli-pix.jpg","url":"https:\/\/tonalibus.org\/wp-content\/uploads\/2020\/06\/uli-pix.jpg","contentUrl":"https:\/\/tonalibus.org\/wp-content\/uploads\/2020\/06\/uli-pix.jpg","width":960,"height":720,"caption":"Ulrico"},"logo":{"@id":"https:\/\/tonalibus.org\/wp-content\/uploads\/2020\/06\/uli-pix.jpg"},"sameAs":["https:\/\/tonalibus.cyon.site"]}]}},"_links":{"self":[{"href":"https:\/\/tonalibus.org\/it\/wp-json\/wp\/v2\/pages\/109","targetHints":{"allow":["GET"]}}],"collection":[{"href":"https:\/\/tonalibus.org\/it\/wp-json\/wp\/v2\/pages"}],"about":[{"href":"https:\/\/tonalibus.org\/it\/wp-json\/wp\/v2\/types\/page"}],"author":[{"embeddable":true,"href":"https:\/\/tonalibus.org\/it\/wp-json\/wp\/v2\/users\/1"}],"replies":[{"embeddable":true,"href":"https:\/\/tonalibus.org\/it\/wp-json\/wp\/v2\/comments?post=109"}],"version-history":[{"count":0,"href":"https:\/\/tonalibus.org\/it\/wp-json\/wp\/v2\/pages\/109\/revisions"}],"up":[{"embeddable":true,"href":"https:\/\/tonalibus.org\/it\/wp-json\/wp\/v2\/pages\/416"}],"wp:featuredmedia":[{"embeddable":true,"href":"https:\/\/tonalibus.org\/it\/wp-json\/wp\/v2\/media\/361"}],"wp:attachment":[{"href":"https:\/\/tonalibus.org\/it\/wp-json\/wp\/v2\/media?parent=109"}],"curies":[{"name":"wp","href":"https:\/\/api.w.org\/{rel}","templated":true}]}}