{"id":2241,"date":"2020-07-05T10:10:39","date_gmt":"2020-07-05T08:10:39","guid":{"rendered":"https:\/\/tonalibus.org\/?page_id=2241"},"modified":"2023-08-02T17:45:58","modified_gmt":"2023-08-02T15:45:58","slug":"sound-mantra","status":"publish","type":"page","link":"https:\/\/tonalibus.org\/it\/inner-circle\/ism-repository\/sound-mantra\/","title":{"rendered":"Mantra sonoro individuale"},"content":{"rendered":"<p class=\"has-text-color\" id=\"PSM-appl\" style=\"color:#f7b320\"><mark style=\"background-color:rgba(0, 0, 0, 0);color:#f7b320\" class=\"has-inline-color\">\u00c8 possibile utilizzare un mantra sonoro, come ad esempio i loop di campioni sonori di ogni tonalit\u00e0 nel catalogo delle <\/mark><a href=\"https:\/\/tonalibus.org\/it\/tonalities\/\"><mark style=\"background-color:rgba(0, 0, 0, 0);color:#f7b320\" class=\"has-inline-color\">tonalit\u00e0 ancorate<\/mark><\/a>, per <a aria-label=\"non definito (si apre in una nuova scheda)\" href=\"https:\/\/it.wikipedia.org\/wiki\/Contemplazione\" target=\"_blank\" rel=\"noreferrer noopener\"><mark style=\"background-color:rgba(0, 0, 0, 0);color:#f7b320\" class=\"has-inline-color\">la contemplazione<\/mark><\/a> o <a href=\"https:\/\/it.wikipedia.org\/wiki\/Meditazione\" target=\"_blank\" rel=\"noreferrer noopener\"><mark style=\"background-color:rgba(0, 0, 0, 0);color:#f7b320\" class=\"has-inline-color\">la meditazione<\/mark><\/a>, per l'elevazione, la purificazione e la messa a fuoco, per canticchiare o cantare, o semplicemente per rilassarsi e rigenerarsi come calmante suono di sottofondo ogni volta che lo desideri. Ora, nel caso in cui vuoi andare oltre con questo, qui sotto puoi richiedere un mantra sonoro individualizzato.<\/p>\n\n\n\n<div class=\"wp-block-buttons is-content-justification-center is-layout-flex wp-container-core-buttons-is-layout-16018d1d wp-block-buttons-is-layout-flex\">\n<div class=\"wp-block-button is-style-outline is-style-outline--1\"><a class=\"wp-block-button__link\" href=\"https:\/\/tonalibus.org\/it\/shop\/sound-mantra\/request\/\">Mantra sonoro individuale <br>Richiesta<\/a><\/div>\n\n\n\n<div class=\"wp-block-button is-style-outline is-style-outline--2\"><a class=\"wp-block-button__link\" href=\"https:\/\/tonalibus.org\/it\/start\/practical-use-and-purpose\/clarification-of-purpose\/\">Chiarimento dello<br>scopo di Tonalibus<\/a><\/div>\n<\/div>\n\n\n\n<div style=\"height:40px\" aria-hidden=\"true\" class=\"wp-block-spacer\"><\/div>\n\n\n\n<p class=\"has-text-color\" style=\"color:#f7b320\"><mark style=\"background-color:rgba(0, 0, 0, 0);color:#f7b320\" class=\"has-inline-color\">La chiave per creare un mantra sonoro individuale, trovare il proprio tono fondamentale e le tonalit\u00e0 adatte, \u00e8 che, per quanto possibile, ognuno deve farlo da se stesso. Musicalmente, Tonalibus si offre di facilitare e poi costruire sulla base delle proprie scoperte e del contributo di un individuo. Questo include un esercizio di base per la determinazione del tono fondamentale e una guida mirata attraverso ampie possibilit\u00e0 di valutazione di tonalit\u00e0. Il tono fondamentale e la scelta delle tonalit\u00e0 \u00e8 puramente individuale. Tonalibus pu\u00f2 soltanto comporre ed espandere, per quanto necessario o possibile, ci\u00f2 che un individuo ha scelto per se stesso. Questo \u00e8 il modo in cui pu\u00f2 essere creato un mantra sonoro individuale. Qui di seguito trovi i dettagli sull'approccio di Tonalibus alla creazione di un mantra sonoro individuale.<\/mark><\/p>\n\n\n\n<h2 class=\"has-text-color wp-block-heading\" style=\"color:#f7b320\">Dettagli mantra sonori<\/h2>\n\n\n\n<p class=\"has-text-color\" style=\"color:#f7b320\">Molte considerazioni, per lo pi\u00f9 sottili, vanno a formare un mantra sonoro individuale ben congegnato. Questo include da un lato l'intonazione, la tonalit\u00e0, la melodia, il ritmo e il timbro, e dall'altro il suono fondamentale dell'individuo, la sua personalit\u00e0 e il suo carattere, le situazioni di vita, gli atteggiamenti, gli obiettivi e la coscienza.  <\/p>\n\n\n\n<p class=\"has-text-color\" style=\"color:#f7b320\">Offriamo tre livelli di sintonizzazione di mantra sonori individuali \u2013 <em>semplice<\/em>, <em>medio<\/em>, e <em>ampio<\/em> \u2013 come definito nella tabella seguente. <\/p>\n\n\n\n<figure class=\"wp-block-table is-style-regular\"><table class=\"has-fixed-layout\"><thead><tr><th class=\"has-text-align-left\" data-align=\"left\">Caratteristica \/ Livello<\/th><th class=\"has-text-align-center\" data-align=\"center\"><em>Semplice<\/em><\/th><th class=\"has-text-align-center\" data-align=\"center\"><em>Medio<\/em><\/th><th class=\"has-text-align-center\" data-align=\"center\"><em>Ampio<\/em><\/th><\/tr><\/thead><tbody><tr><td class=\"has-text-align-left\" data-align=\"left\">Priorit\u00e0 in coda e quota di creazione<\/td><td class=\"has-text-align-center\" data-align=\"center\"><span style=\"color:#f7b320\" class=\"has-inline-color\">Chi prima arriva, primo servito \u2013 uno a settimana<\/span> <\/td><td class=\"has-text-align-center\" data-align=\"center\"><span style=\"color:#f7b320\" class=\"has-inline-color\">primo arrivato, primo servito \u2013 uno ogni due settimane<\/span><\/td><td class=\"has-text-align-center\" data-align=\"center\"><span style=\"color:#f7b320\" class=\"has-inline-color\">Chi prima arriva, prima viene servito \u2013 uno al mese<\/span><\/td><\/tr><tr><td class=\"has-text-align-left\" data-align=\"left\">Istruzioni e input iniziale<\/td><td class=\"has-text-align-center\" data-align=\"center\"><span style=\"color:#f7b320\" class=\"has-inline-color\">per e-mail in inglese, tedesco o francese<\/span> <\/td><td class=\"has-text-align-center\" data-align=\"center\"><span style=\"color:#f7b320\" class=\"has-inline-color\">per e-mail in inglese, tedesco o francese<\/span><\/td><td class=\"has-text-align-center\" data-align=\"center\"><span style=\"color:#f7b320\" class=\"has-inline-color\">per e-mail in inglese, tedesco o francese<\/span><\/td><\/tr><tr><td class=\"has-text-align-left\" data-align=\"left\">Sessioni di sintonia<\/td><td class=\"has-text-align-center\" data-align=\"center\"><span style=\"color:#f7b320\" class=\"has-inline-color\">una \u2013 prima della creazione del mantra sonoro<\/span> <\/td><td class=\"has-text-align-center\" data-align=\"center\"><span style=\"color:#f7b320\" class=\"has-inline-color\">due \u2013 una come Semplice, pi\u00f9 una durante le valutazioni di tonalit\u00e0<\/span> <\/td><td class=\"has-text-align-center\" data-align=\"center\"><span style=\"color:#f7b320\" class=\"has-inline-color\">tre \u2013 come gli altri due, e una in pi\u00f9 con la consegna del mantra<\/span><\/td><\/tr><tr><td class=\"has-text-align-left\" data-align=\"left\">Durata di sessioni<\/td><td class=\"has-text-align-center\" data-align=\"center\"><span style=\"color:#f7b320\" class=\"has-inline-color\">1\/2 ora<\/span><\/td><td class=\"has-text-align-center\" data-align=\"center\"><span style=\"color:#f7b320\" class=\"has-inline-color\">1,5 ore cumulative<\/span><\/td><td class=\"has-text-align-center\" data-align=\"center\"><span style=\"color:#f7b320\" class=\"has-inline-color\">fino a un'ora ciascuno<\/span><\/td><\/tr><tr><td class=\"has-text-align-left\" data-align=\"left\">Sessioni virtuali<\/td><td class=\"has-text-align-center\" data-align=\"center\"><span style=\"color:#f7b320\" class=\"has-inline-color\">tramite telefono o video link<\/span><\/td><td class=\"has-text-align-center\" data-align=\"center\"><span style=\"color:#f7b320\" class=\"has-inline-color\">tramite telefono o video link<\/span><\/td><td class=\"has-text-align-center\" data-align=\"center\"><span style=\"color:#f7b320\" class=\"has-inline-color\">tramite telefono o video link<\/span><\/td><\/tr><tr><td class=\"has-text-align-left\" data-align=\"left\">Sessioni di persona<\/td><td class=\"has-text-align-center\" data-align=\"center\"><span style=\"color:#f7b320\" class=\"has-inline-color\">\u2014<\/span><\/td><td class=\"has-text-align-center\" data-align=\"center\"><span style=\"color:#f7b320\" class=\"has-inline-color\">\u2014<\/span><\/td><td class=\"has-text-align-center\" data-align=\"center\"><span style=\"color:#f7b320\" class=\"has-inline-color\">una, se possibile<\/span><\/td><\/tr><tr><td class=\"has-text-align-left\" data-align=\"left\">Fondamentale individuale <\/td><td class=\"has-text-align-center\" data-align=\"center\"><span style=\"color:#f7b320\" class=\"has-inline-color\">statico<\/span><\/td><td class=\"has-text-align-center\" data-align=\"center\"><span style=\"color:#f7b320\" class=\"has-inline-color\">direzionale<\/span><\/td><td class=\"has-text-align-center\" data-align=\"center\"><span style=\"color:#f7b320\" class=\"has-inline-color\">bidirezionale<\/span><\/td><\/tr><tr><td class=\"has-text-align-left\" data-align=\"left\">Lunghezza mantra sonoro individuale (loop)<\/td><td class=\"has-text-align-center\" data-align=\"center\"><span style=\"color:#f7b320\" class=\"has-inline-color\">30-60 secondi<\/span><\/td><td class=\"has-text-align-center\" data-align=\"center\"><span style=\"color:#f7b320\" class=\"has-inline-color\">40-90 secondi<\/span><\/td><td class=\"has-text-align-center\" data-align=\"center\"><span style=\"color:#f7b320\" class=\"has-inline-color\">50-120 secondi<\/span><\/td><\/tr><tr><td class=\"has-text-align-left\" data-align=\"left\">Formato del file mantra sonoro<\/td><td class=\"has-text-align-center\" data-align=\"center\"><span style=\"color:#f7b320\" class=\"has-inline-color\">WAV o MP3<\/span><\/td><td class=\"has-text-align-center\" data-align=\"center\"><span style=\"color:#f7b320\" class=\"has-inline-color\">WAV o MP3<\/span><\/td><td class=\"has-text-align-center\" data-align=\"center\"><span style=\"color:#f7b320\" class=\"has-inline-color\">WAV o MP3<\/span><\/td><\/tr><tr><td class=\"has-text-align-left\" data-align=\"left\">Consegna del mantra sonoro e discussione sull'uso<\/td><td class=\"has-text-align-center\" data-align=\"center\"><span style=\"color:#f7b320\" class=\"has-inline-color\">e-mail &amp; telefono o videochiamata fino a 10 minuti<\/span><\/td><td class=\"has-text-align-center\" data-align=\"center\"><span style=\"color:#f7b320\" class=\"has-inline-color\">e-mail &amp; telefono o videochiamata fino a 20 minuti<\/span> <\/td><td class=\"has-text-align-center\" data-align=\"center\"><span style=\"color:#f7b320\" class=\"has-inline-color\">e-mail &amp; telefono o videochiamata fino a 30 minuti<\/span><\/td><\/tr><tr><td class=\"has-text-align-left\" data-align=\"left\">Accesso onnipresente al mantra sonoro individuale<\/td><td class=\"has-text-align-center\" data-align=\"center\"><span style=\"color:#f7b320\" class=\"has-inline-color\">\u2014<\/span><\/td><td class=\"has-text-align-center\" data-align=\"center\"><span style=\"color:#f7b320\" class=\"has-inline-color\">web-link al file mantra sonoro individuale<\/span><\/td><td class=\"has-text-align-center\" data-align=\"center\"><span style=\"color:#f7b320\" class=\"has-inline-color\">pagina web privata con loop del mantra individuale<\/span><\/td><\/tr><tr><td class=\"has-text-align-left\" data-align=\"left\">Follow-up\/chiusura<\/td><td class=\"has-text-align-center\" data-align=\"center\"><span style=\"color:#f7b320\" class=\"has-inline-color\">e-mail dopo 1 mese<\/span><\/td><td class=\"has-text-align-center\" data-align=\"center\"><span style=\"color:#f7b320\" class=\"has-inline-color\">e-mail e breve telefonata dopo 1 mese<\/span><\/td><td class=\"has-text-align-center\" data-align=\"center\"><span style=\"color:#f7b320\" class=\"has-inline-color\">e-mail e breve telefonata dopo 1 e 2 mesi<\/span><\/td><\/tr><tr><td class=\"has-text-align-left\" data-align=\"left\">Mantra sonoro multistrato<\/td><td class=\"has-text-align-center\" data-align=\"center\"><span style=\"color:#f7b320\" class=\"has-inline-color\">\u2014<\/span><\/td><td class=\"has-text-align-center\" data-align=\"center\"><span style=\"color:#f7b320\" class=\"has-inline-color\">\u2014<\/span><\/td><td class=\"has-text-align-center\" data-align=\"center\"><span style=\"color:#f7b320\" class=\"has-inline-color\">opzione aggiuntiva<\/span><\/td><\/tr><tr><td class=\"has-text-align-left\" data-align=\"left\">Concerto di mantra sonoro individuale<\/td><td class=\"has-text-align-center\" data-align=\"center\"><span style=\"color:#f7b320\" class=\"has-inline-color\">\u2014<\/span><\/td><td class=\"has-text-align-center\" data-align=\"center\"><span style=\"color:#f7b320\" class=\"has-inline-color\">\u2014<\/span><\/td><td class=\"has-text-align-center\" data-align=\"center\"><span style=\"color:#f7b320\" class=\"has-inline-color\">opzione aggiuntiva <\/span><\/td><\/tr><tr><td class=\"has-text-align-left\" data-align=\"left\">Rinnovamento del mantra sonoro<\/td><td class=\"has-text-align-center\" data-align=\"center\"><span style=\"color:#f7b320\" class=\"has-inline-color\">senza modulazione<\/span><\/td><td class=\"has-text-align-center\" data-align=\"center\"><span style=\"color:#f7b320\" class=\"has-inline-color\">modulazione singola<\/span><\/td><td class=\"has-text-align-center\" data-align=\"center\"><span style=\"color:#f7b320\" class=\"has-inline-color\">doppia modulazione<\/span><\/td><\/tr><\/tbody><\/table><figcaption>(Caratteristiche di ogni livello di mantra sonoro individuale \u2013 valido da novembre 2020)<\/figcaption><\/figure>\n\n\n\n<p class=\"has-text-color\" style=\"color:#f7b320\">Un mantra sonoro individuale non ha prezzo \u2013 in pi\u00f9 di un senso. Non c'\u00e8 un prezzo monetario. Ma una donazione pu\u00f2 confermare il tuo valore. Come riferimento, gli importi suggeriti per le donazioni non rimborsabili sono indicati sui moduli di richiesta. Non ci sar\u00e0 alcun obbligo vincolante per entrambe le parti. Rimani libero di decidere quanto donare o meno; e ci riserviamo il diritto di essere selettivi nell'accettare le richieste di mantra individuali \u2013 per un equilibrio e una focalizzazione. Dopo il nostro scambio iniziale via e-mail, in base ai dati da te forniti e al nostro carico di lavoro, ti comunicheremo la nostra decisione e il tuo posto in coda.<\/p>\n\n\n\n<p class=\"has-text-color\" style=\"color:#f7b320\">Il tuo mantra sonoro individuale si baser\u00e0 in gran parte sull'input da te fornito. La sua creazione richiede la tua collaborazione. L'entit\u00e0 e la profondit\u00e0 del tuo contributo influenzeranno direttamente l'adattamento e la qualit\u00e0 del mantra sonoro che ne risulter\u00e0. In risposta ad una richiesta adeguata ti invieremo via e-mail l'accesso al Passo-1, alcune domande e istruzioni per iniziare la collaborazione e la sintonizzazione. <\/p>\n\n\n\n<p class=\"has-text-color\" style=\"color:#f7b320\">Tutti i dati personali da te forniti saranno trattati in modo confidenziale e utilizzati solo per lo scopo richiesto in base alla nostra <a href=\"https:\/\/tonalibus.org\/it\/privacy-policy\/\"><mark style=\"background-color:rgba(0, 0, 0, 0);color:#f7b320\" class=\"has-inline-color\">Informativa sulla privacy<\/mark><\/a>.  <\/p>\n\n\n\n<h2 class=\"wp-block-heading\"><mark style=\"background-color:rgba(0, 0, 0, 0);color:#f7b320\" class=\"has-inline-color\">Passi verso la creazione di un mantra sonoro individuale<\/mark><\/h2>\n\n\n\n<p><mark style=\"background-color:rgba(0, 0, 0, 0);color:#f7b320\" class=\"has-inline-color\">Dopo aver fatto una adeguata richiesta per un mantra sonoro individuale tramite la schermata di richiesta offerta <\/mark><a href=\"#PSM-appl\"><mark style=\"background-color:rgba(0, 0, 0, 0);color:#f7b320\" class=\"has-inline-color\">sopra<\/mark><\/a><mark style=\"background-color:rgba(0, 0, 0, 0);color:#f7b320\" class=\"has-inline-color\">, ti invieremo la password per accedere al  Passo-1 qui sotto. In base alle risposte date al Passo-1, ti mandiamo la password per il Passo-2, se la tua richiesta per un mantra sonoro individuale viene accettata. Le tue valutazioni di una selezione di tonalit\u00e0 nel Passo-2 portano poi al Passo-3 con istruzioni individuali su quali ulteriori tonalit\u00e0 o gruppi di tonalit\u00e0 valutare. <\/mark><\/p>\n\n\n\n<div class=\"wp-block-buttons is-content-justification-center is-layout-flex wp-container-core-buttons-is-layout-16018d1d wp-block-buttons-is-layout-flex\">\n<div class=\"wp-block-button is-style-outline is-style-outline--3\"><a class=\"wp-block-button__link\" href=\"https:\/\/tonalibus.org\/it\/shop\/sound-mantra\/ism-step-1\/\">Mantra sonoro individuale <br>Passo-1 (riservato)<\/a><\/div>\n\n\n\n<div class=\"wp-block-button is-style-outline is-style-outline--4\"><a class=\"wp-block-button__link\" href=\"https:\/\/tonalibus.org\/it\/shop\/sound-mantra\/ism-step-2\/\">Mantra sonoro individuale <br>Passo-2 (riservato)<\/a><\/div>\n\n\n\n<div class=\"wp-block-button is-style-outline is-style-outline--5\"><a class=\"wp-block-button__link\" href=\"https:\/\/tonalibus.org\/it\/shop\/sound-mantra\/ism-step-3\/\">Mantra sonoro individuale <br>Passo-3 (riservato)<\/a><\/div>\n\n\n\n<div class=\"wp-block-button is-style-outline is-style-outline--6\"><a class=\"wp-block-button__link\" href=\"https:\/\/tonalibus.org\/it\/shop\/sound-mantra\/ism-meet\/\">Mantra sonoro individuale <br>Riunione (riservato)<\/a><\/div>\n<\/div>\n\n\n\n<p><\/p>","protected":false},"excerpt":{"rendered":"<p>Puoi utilizzare un mantra sonoro, come i loop di campioni sonori di ciascuna tonalit\u00e0 del catalogo delle tonalit\u00e0 ancorate, per la contemplazione o la meditazione, per l'elevazione, la disintossicazione e la concentrazione, per canticchiare, cantare o semplicemente per rilassarti e rigenerarti come sottofondo rilassante quando lo desideri. Ora, nel caso in cui tu volessi ... <\/p>\n<p class=\"link-more\"><a href=\"https:\/\/tonalibus.org\/it\/inner-circle\/ism-repository\/sound-mantra\/\" class=\"more-link\">Leggi tutto<span class=\"screen-reader-text\"> \"Mantra sonoro individuale\"<\/span><\/a><\/p>","protected":false},"author":1,"featured_media":0,"parent":5531,"menu_order":80,"comment_status":"closed","ping_status":"closed","template":"","meta":{"footnotes":""},"class_list":["post-2241","page","type-page","status-publish","hentry"],"yoast_head":"<!-- This site is optimized with the Yoast SEO plugin v27.3 - https:\/\/yoast.com\/product\/yoast-seo-wordpress\/ -->\n<title>Individual Sound Mantra &#8211; TONALIBUS, Harmony and Tonalities<\/title>\n<meta name=\"description\" content=\"You can use an individual sound mantra for meditation, contemplation, upliftment, focusing, to hum along, or for relaxation and regeneration.\" \/>\n<meta name=\"robots\" content=\"index, follow, max-snippet:-1, max-image-preview:large, max-video-preview:-1\" \/>\n<link rel=\"canonical\" href=\"https:\/\/tonalibus.org\/it\/inner-circle\/ism-repository\/sound-mantra\/\" \/>\n<meta property=\"og:locale\" content=\"it_IT\" \/>\n<meta property=\"og:type\" content=\"article\" \/>\n<meta property=\"og:title\" content=\"Individual Sound Mantra &#8211; TONALIBUS, Harmony and Tonalities\" \/>\n<meta property=\"og:description\" content=\"You can use an individual sound mantra for meditation, contemplation, upliftment, focusing, to hum along, or for relaxation and regeneration.\" \/>\n<meta property=\"og:url\" content=\"https:\/\/tonalibus.org\/it\/inner-circle\/ism-repository\/sound-mantra\/\" \/>\n<meta property=\"og:site_name\" content=\"TONALIBUS\" \/>\n<meta property=\"article:modified_time\" content=\"2023-08-02T15:45:58+00:00\" \/>\n<meta name=\"twitter:card\" content=\"summary_large_image\" \/>\n<meta name=\"twitter:label1\" content=\"Tempo di lettura stimato\" \/>\n\t<meta name=\"twitter:data1\" content=\"4 minuti\" \/>\n<script type=\"application\/ld+json\" class=\"yoast-schema-graph\">{\"@context\":\"https:\\\/\\\/schema.org\",\"@graph\":[{\"@type\":\"WebPage\",\"@id\":\"https:\\\/\\\/tonalibus.org\\\/en\\\/inner-circle\\\/ism-repository\\\/sound-mantra\\\/\",\"url\":\"https:\\\/\\\/tonalibus.org\\\/en\\\/inner-circle\\\/ism-repository\\\/sound-mantra\\\/\",\"name\":\"Individual Sound Mantra &#8211; TONALIBUS, Harmony and Tonalities\",\"isPartOf\":{\"@id\":\"https:\\\/\\\/tonalibus.org\\\/de\\\/#website\"},\"datePublished\":\"2020-07-05T08:10:39+00:00\",\"dateModified\":\"2023-08-02T15:45:58+00:00\",\"description\":\"You can use an individual sound mantra for meditation, contemplation, upliftment, focusing, to hum along, or for relaxation and regeneration.\",\"breadcrumb\":{\"@id\":\"https:\\\/\\\/tonalibus.org\\\/en\\\/inner-circle\\\/ism-repository\\\/sound-mantra\\\/#breadcrumb\"},\"inLanguage\":\"it-IT\",\"potentialAction\":[{\"@type\":\"ReadAction\",\"target\":[\"https:\\\/\\\/tonalibus.org\\\/en\\\/inner-circle\\\/ism-repository\\\/sound-mantra\\\/\"]}]},{\"@type\":\"BreadcrumbList\",\"@id\":\"https:\\\/\\\/tonalibus.org\\\/en\\\/inner-circle\\\/ism-repository\\\/sound-mantra\\\/#breadcrumb\",\"itemListElement\":[{\"@type\":\"ListItem\",\"position\":1,\"name\":\"Home\",\"item\":\"https:\\\/\\\/tonalibus.org\\\/\"},{\"@type\":\"ListItem\",\"position\":2,\"name\":\"Protected: Inner Circle\",\"item\":\"https:\\\/\\\/tonalibus.org\\\/en\\\/inner-circle\\\/\"},{\"@type\":\"ListItem\",\"position\":3,\"name\":\"Protected: ISM Repository\",\"item\":\"https:\\\/\\\/tonalibus.org\\\/en\\\/inner-circle\\\/ism-repository\\\/\"},{\"@type\":\"ListItem\",\"position\":4,\"name\":\"Individual Sound Mantra\"}]},{\"@type\":\"WebSite\",\"@id\":\"https:\\\/\\\/tonalibus.org\\\/de\\\/#website\",\"url\":\"https:\\\/\\\/tonalibus.org\\\/de\\\/\",\"name\":\"TONALIBUS\",\"description\":\"Anchored Harmony and Tonalities\",\"publisher\":{\"@id\":\"https:\\\/\\\/tonalibus.org\\\/de\\\/#\\\/schema\\\/person\\\/749261d7bc96d1f00127273f83ab96a4\"},\"potentialAction\":[{\"@type\":\"SearchAction\",\"target\":{\"@type\":\"EntryPoint\",\"urlTemplate\":\"https:\\\/\\\/tonalibus.org\\\/de\\\/?s={search_term_string}\"},\"query-input\":{\"@type\":\"PropertyValueSpecification\",\"valueRequired\":true,\"valueName\":\"search_term_string\"}}],\"inLanguage\":\"it-IT\"},{\"@type\":[\"Person\",\"Organization\"],\"@id\":\"https:\\\/\\\/tonalibus.org\\\/de\\\/#\\\/schema\\\/person\\\/749261d7bc96d1f00127273f83ab96a4\",\"name\":\"Ulrico\",\"image\":{\"@type\":\"ImageObject\",\"inLanguage\":\"it-IT\",\"@id\":\"https:\\\/\\\/tonalibus.org\\\/wp-content\\\/uploads\\\/2020\\\/06\\\/uli-pix.jpg\",\"url\":\"https:\\\/\\\/tonalibus.org\\\/wp-content\\\/uploads\\\/2020\\\/06\\\/uli-pix.jpg\",\"contentUrl\":\"https:\\\/\\\/tonalibus.org\\\/wp-content\\\/uploads\\\/2020\\\/06\\\/uli-pix.jpg\",\"width\":960,\"height\":720,\"caption\":\"Ulrico\"},\"logo\":{\"@id\":\"https:\\\/\\\/tonalibus.org\\\/wp-content\\\/uploads\\\/2020\\\/06\\\/uli-pix.jpg\"},\"sameAs\":[\"https:\\\/\\\/tonalibus.cyon.site\"]}]}<\/script>\n<!-- \/ Yoast SEO plugin. -->","yoast_head_json":{"title":"Mantra sonoro individuale - TONALIBUS, Armonia e Tonalit\u00e0","description":"Puoi usare un mantra sonoro individuale per la meditazione, la contemplazione, l'elevazione, la concentrazione, per canticchiare, o per rilassarti e rigenerarti.","robots":{"index":"index","follow":"follow","max-snippet":"max-snippet:-1","max-image-preview":"max-image-preview:large","max-video-preview":"max-video-preview:-1"},"canonical":"https:\/\/tonalibus.org\/it\/inner-circle\/ism-repository\/sound-mantra\/","og_locale":"it_IT","og_type":"article","og_title":"Individual Sound Mantra &#8211; TONALIBUS, Harmony and Tonalities","og_description":"You can use an individual sound mantra for meditation, contemplation, upliftment, focusing, to hum along, or for relaxation and regeneration.","og_url":"https:\/\/tonalibus.org\/it\/inner-circle\/ism-repository\/sound-mantra\/","og_site_name":"TONALIBUS","article_modified_time":"2023-08-02T15:45:58+00:00","twitter_card":"summary_large_image","twitter_misc":{"Tempo di lettura stimato":"4 minuti"},"schema":{"@context":"https:\/\/schema.org","@graph":[{"@type":"WebPage","@id":"https:\/\/tonalibus.org\/en\/inner-circle\/ism-repository\/sound-mantra\/","url":"https:\/\/tonalibus.org\/en\/inner-circle\/ism-repository\/sound-mantra\/","name":"Mantra sonoro individuale - TONALIBUS, Armonia e Tonalit\u00e0","isPartOf":{"@id":"https:\/\/tonalibus.org\/de\/#website"},"datePublished":"2020-07-05T08:10:39+00:00","dateModified":"2023-08-02T15:45:58+00:00","description":"Puoi usare un mantra sonoro individuale per la meditazione, la contemplazione, l'elevazione, la concentrazione, per canticchiare, o per rilassarti e rigenerarti.","breadcrumb":{"@id":"https:\/\/tonalibus.org\/en\/inner-circle\/ism-repository\/sound-mantra\/#breadcrumb"},"inLanguage":"it-IT","potentialAction":[{"@type":"ReadAction","target":["https:\/\/tonalibus.org\/en\/inner-circle\/ism-repository\/sound-mantra\/"]}]},{"@type":"BreadcrumbList","@id":"https:\/\/tonalibus.org\/en\/inner-circle\/ism-repository\/sound-mantra\/#breadcrumb","itemListElement":[{"@type":"ListItem","position":1,"name":"Home","item":"https:\/\/tonalibus.org\/"},{"@type":"ListItem","position":2,"name":"Protected: Inner Circle","item":"https:\/\/tonalibus.org\/en\/inner-circle\/"},{"@type":"ListItem","position":3,"name":"Protected: ISM Repository","item":"https:\/\/tonalibus.org\/en\/inner-circle\/ism-repository\/"},{"@type":"ListItem","position":4,"name":"Individual Sound Mantra"}]},{"@type":"WebSite","@id":"https:\/\/tonalibus.org\/de\/#website","url":"https:\/\/tonalibus.org\/de\/","name":"TONALIBUS","description":"Armonia e tonalit\u00e0 ancorate","publisher":{"@id":"https:\/\/tonalibus.org\/de\/#\/schema\/person\/749261d7bc96d1f00127273f83ab96a4"},"potentialAction":[{"@type":"SearchAction","target":{"@type":"EntryPoint","urlTemplate":"https:\/\/tonalibus.org\/de\/?s={search_term_string}"},"query-input":{"@type":"PropertyValueSpecification","valueRequired":true,"valueName":"search_term_string"}}],"inLanguage":"it-IT"},{"@type":["Person","Organization"],"@id":"https:\/\/tonalibus.org\/de\/#\/schema\/person\/749261d7bc96d1f00127273f83ab96a4","name":"Ulrico","image":{"@type":"ImageObject","inLanguage":"it-IT","@id":"https:\/\/tonalibus.org\/wp-content\/uploads\/2020\/06\/uli-pix.jpg","url":"https:\/\/tonalibus.org\/wp-content\/uploads\/2020\/06\/uli-pix.jpg","contentUrl":"https:\/\/tonalibus.org\/wp-content\/uploads\/2020\/06\/uli-pix.jpg","width":960,"height":720,"caption":"Ulrico"},"logo":{"@id":"https:\/\/tonalibus.org\/wp-content\/uploads\/2020\/06\/uli-pix.jpg"},"sameAs":["https:\/\/tonalibus.cyon.site"]}]}},"_links":{"self":[{"href":"https:\/\/tonalibus.org\/it\/wp-json\/wp\/v2\/pages\/2241","targetHints":{"allow":["GET"]}}],"collection":[{"href":"https:\/\/tonalibus.org\/it\/wp-json\/wp\/v2\/pages"}],"about":[{"href":"https:\/\/tonalibus.org\/it\/wp-json\/wp\/v2\/types\/page"}],"author":[{"embeddable":true,"href":"https:\/\/tonalibus.org\/it\/wp-json\/wp\/v2\/users\/1"}],"replies":[{"embeddable":true,"href":"https:\/\/tonalibus.org\/it\/wp-json\/wp\/v2\/comments?post=2241"}],"version-history":[{"count":0,"href":"https:\/\/tonalibus.org\/it\/wp-json\/wp\/v2\/pages\/2241\/revisions"}],"up":[{"embeddable":true,"href":"https:\/\/tonalibus.org\/it\/wp-json\/wp\/v2\/pages\/5531"}],"wp:attachment":[{"href":"https:\/\/tonalibus.org\/it\/wp-json\/wp\/v2\/media?parent=2241"}],"curies":[{"name":"wp","href":"https:\/\/api.w.org\/{rel}","templated":true}]}}