{"id":22982,"date":"2023-01-24T15:14:58","date_gmt":"2023-01-24T14:14:58","guid":{"rendered":"https:\/\/tonalibus.org\/?page_id=22982"},"modified":"2023-02-01T20:06:18","modified_gmt":"2023-02-01T19:06:18","slug":"cormaj-or-loloreachlyd-loops","status":"publish","type":"page","link":"https:\/\/tonalibus.org\/it\/tonalities\/reach-or-harmonic-heptatonalities\/cormaj-or-loloreachlyd\/cormaj-or-loloreachlyd-loops\/","title":{"rendered":"CorMaj o LoloReachLid come loop"},"content":{"rendered":"<h2 class=\"has-text-color wp-block-heading\" style=\"color:#f7b320\">Campioni sonori come loop di <a href=\"https:\/\/tonalibus.org\/it\/tonalities\/reach-or-harmonic-heptatonalities\/cormaj-or-loloreachlyd\/\"><mark style=\"background-color:rgba(0, 0, 0, 0);color:#f7b320\" class=\"has-inline-color\">CorMaj \/ LoloReachLid<\/mark><\/a>, una <a href=\"https:\/\/tonalibus.org\/it\/tonalities\/reach-or-harmonic-heptatonalities\/#Locor-Cor\"><mark style=\"background-color:rgba(0, 0, 0, 0);color:#f7b320\" class=\"has-inline-color\"><\/mark><mark style=\"background-color:rgba(0, 0, 0, 0);color:#f7b320\" class=\"has-inline-color\"><\/mark><mark style=\"background-color:rgba(0, 0, 0, 0);color:#f7b320\" class=\"has-inline-color\">eptatonalit\u00e0 Reach Locor \/ Cor<\/mark><\/a><\/h2>\n\n\n\n<figure class=\"wp-block-audio\"><audio controls src=\"https:\/\/tonalibus.org\/wp-content\/uploads\/2023\/02\/2023-01-30-CORMAJ-triple-CALM.mp3\" loop preload=\"metadata\"><\/audio><figcaption class=\"wp-element-caption\"><mark style=\"background-color:rgba(0, 0, 0, 0);color:#f7b320\" class=\"has-inline-color\"><mark style=\"background-color:rgba(0, 0, 0, 0);color:#f7b320\" class=\"has-inline-color\">4)<mark style=\"background-color:rgba(0, 0, 0, 0);color:#f7b320\" class=\"has-inline-color\"><mark style=\"background-color:rgba(0, 0, 0, 0);color:#f7b320\" class=\"has-inline-color\"><mark style=\"background-color:rgba(0, 0, 0, 0);color:#f7b320\" class=\"has-inline-color\"><mark style=\"background-color:rgba(0, 0, 0, 0);color:#f7b320\" class=\"has-inline-color\"><mark style=\"background-color:rgba(0, 0, 0, 0);color:#f7b320\" class=\"has-inline-color\"> <mark style=\"background-color:rgba(0, 0, 0, 0);color:#f7b320\" class=\"has-inline-color\"> <mark style=\"background-color:rgba(0, 0, 0, 0);color:#f7b320\" class=\"has-inline-color\">CorMaj \/ LoloReachLid<\/mark><\/mark> <\/mark><\/mark>\u2013 campione sonoro esteso, calmo \u2013 11:48 loop<\/mark><\/mark><\/mark><\/mark><\/mark><\/figcaption><\/figure>\n\n\n\n<figure class=\"wp-block-audio\"><audio controls src=\"https:\/\/tonalibus.org\/wp-content\/uploads\/2023\/02\/2023-01-30-CORMAJ-XTRA-CALM.mp3\" loop preload=\"metadata\"><\/audio><figcaption class=\"wp-element-caption\"><mark style=\"background-color:rgba(0, 0, 0, 0);color:#f7b320\" class=\"has-inline-color\"><mark style=\"background-color:rgba(0, 0, 0, 0);color:#f7b320\" class=\"has-inline-color\">3)<mark style=\"background-color:rgba(0, 0, 0, 0);color:#f7b320\" class=\"has-inline-color\"><mark style=\"background-color:rgba(0, 0, 0, 0);color:#f7b320\" class=\"has-inline-color\"><mark style=\"background-color:rgba(0, 0, 0, 0);color:#f7b320\" class=\"has-inline-color\"><mark style=\"background-color:rgba(0, 0, 0, 0);color:#f7b320\" class=\"has-inline-color\"><mark style=\"background-color:rgba(0, 0, 0, 0);color:#f7b320\" class=\"has-inline-color\"> <mark style=\"background-color:rgba(0, 0, 0, 0);color:#f7b320\" class=\"has-inline-color\"> <mark style=\"background-color:rgba(0, 0, 0, 0);color:#f7b320\" class=\"has-inline-color\">CorMaj \/ LoloReachLid<\/mark><\/mark> <\/mark><\/mark>\u2013 campione sonoro extra, calmo \u2013 3:57 loop<\/mark><\/mark><\/mark><\/mark><\/mark><\/figcaption><\/figure>\n\n\n\n<figure class=\"wp-block-audio\"><audio controls src=\"https:\/\/tonalibus.org\/wp-content\/uploads\/2023\/02\/2023-01-30-CORMAJ-CALM.mp3\" loop preload=\"metadata\"><\/audio><figcaption class=\"wp-element-caption\"><mark style=\"background-color:rgba(0, 0, 0, 0);color:#f7b320\" class=\"has-inline-color\"><mark style=\"background-color:rgba(0, 0, 0, 0);color:#f7b320\" class=\"has-inline-color\">2)<mark style=\"background-color:rgba(0, 0, 0, 0);color:#f7b320\" class=\"has-inline-color\"><mark style=\"background-color:rgba(0, 0, 0, 0);color:#f7b320\" class=\"has-inline-color\"><mark style=\"background-color:rgba(0, 0, 0, 0);color:#f7b320\" class=\"has-inline-color\"><mark style=\"background-color:rgba(0, 0, 0, 0);color:#f7b320\" class=\"has-inline-color\"><mark style=\"background-color:rgba(0, 0, 0, 0);color:#f7b320\" class=\"has-inline-color\"> <mark style=\"background-color:rgba(0, 0, 0, 0);color:#f7b320\" class=\"has-inline-color\"> <mark style=\"background-color:rgba(0, 0, 0, 0);color:#f7b320\" class=\"has-inline-color\">CorMaj \/ LoloReachLid<\/mark><\/mark> <\/mark><\/mark>\u2013 campione sonoro calmo \u2013 4:00 loop<\/mark><\/mark><\/mark><\/mark><\/mark><\/figcaption><\/figure>\n\n\n\n<figure class=\"wp-block-audio\"><audio controls src=\"https:\/\/tonalibus.org\/wp-content\/uploads\/2023\/02\/2023-01-30-CORMAJ-RHYTHM.mp3\" loop preload=\"metadata\"><\/audio><figcaption class=\"wp-element-caption\"><mark style=\"background-color:rgba(0, 0, 0, 0);color:#f7b320\" class=\"has-inline-color\">1)<mark style=\"background-color:rgba(0, 0, 0, 0);color:#f7b320\" class=\"has-inline-color\"><mark style=\"background-color:rgba(0, 0, 0, 0);color:#f7b320\" class=\"has-inline-color\"><mark style=\"background-color:rgba(0, 0, 0, 0);color:#f7b320\" class=\"has-inline-color\"><mark style=\"background-color:rgba(0, 0, 0, 0);color:#f7b320\" class=\"has-inline-color\"><mark style=\"background-color:rgba(0, 0, 0, 0);color:#f7b320\" class=\"has-inline-color\"> <mark style=\"background-color:rgba(0, 0, 0, 0);color:#f7b320\" class=\"has-inline-color\"> <mark style=\"background-color:rgba(0, 0, 0, 0);color:#f7b320\" class=\"has-inline-color\">CorMaj \/ LoloReachLid<\/mark> <\/mark><\/mark>\u2013 campione sonoro ritmico \u2013 2:28 loop <\/mark><\/mark><\/mark><\/mark><\/mark><\/figcaption><\/figure>\n\n\n\n<div style=\"height:24px\" aria-hidden=\"true\" class=\"wp-block-spacer\"><\/div>\n\n\n\n<p class=\"has-text-color\" style=\"color:#f7b320\">Benvenuto a CorMaj \/ LoloReachLid come loop!<\/p>\n\n\n\n<p class=\"has-text-color\" style=\"color:#f7b320\">Puoi goderti un campione sonoro o un loop di tonalit\u00e0 come mantra sonoro per <a href=\"https:\/\/it.wikipedia.org\/wiki\/Contemplazione\" target=\"_blank\" rel=\"noreferrer noopener\"><mark style=\"background-color:rgba(0, 0, 0, 0);color:#f7b320\" class=\"has-inline-color\">la contemplazione<\/mark><\/a> o <a href=\"https:\/\/it.wikipedia.org\/wiki\/Meditazione\" target=\"_blank\" rel=\"noreferrer noopener\"><mark style=\"background-color:rgba(0, 0, 0, 0);color:#f7b320\" class=\"has-inline-color\">la meditazione<\/mark><\/a>. Questo potrebbe aiutarti con il sollevamento, la purificazione e la messa a fuoco. O pu\u00f2 semplicemente essere usato come sottofondo calmante per rilassarsi e rigenerarsi. Se hai voglia di canticchiare o cantare insieme, potresti farlo usando una sillaba spiritualmente caricata come <em><a href=\"https:\/\/tonalibus.org\/it\/about-tonalibus\/hu-mantra-of-soul\/\"><mark style=\"background-color:rgba(0, 0, 0, 0);color:#f7b320\" class=\"has-inline-color\">HU<\/mark><\/a><\/em> o <a href=\"https:\/\/it.wikipedia.org\/wiki\/Om_(induismo)\" target=\"_blank\" rel=\"noreferrer noopener\"><mark style=\"background-color:rgba(0, 0, 0, 0);color:#f7b320\" class=\"has-inline-color\"><em>\u014c\u1e43<\/em> \/ Aum<\/mark><\/a> \u0950, o un'altra sillaba mantra che ti piace.<\/p>\n\n\n\n<div style=\"height:28px\" aria-hidden=\"true\" class=\"wp-block-spacer\"><\/div>\n\n\n\n<figure class=\"wp-block-image size-large\"><img loading=\"lazy\" decoding=\"async\" width=\"1024\" height=\"534\" src=\"https:\/\/tonalibus.org\/wp-content\/uploads\/2023\/01\/20220515_202745414_iOS-cv-cmp-1024x534.jpg\" alt=\"CorMaj or LoloReachLyd loops\" class=\"wp-image-22350\" srcset=\"https:\/\/tonalibus.org\/wp-content\/uploads\/2023\/01\/20220515_202745414_iOS-cv-cmp-1024x534.jpg 1024w, https:\/\/tonalibus.org\/wp-content\/uploads\/2023\/01\/20220515_202745414_iOS-cv-cmp-300x156.jpg 300w, https:\/\/tonalibus.org\/wp-content\/uploads\/2023\/01\/20220515_202745414_iOS-cv-cmp-768x400.jpg 768w, https:\/\/tonalibus.org\/wp-content\/uploads\/2023\/01\/20220515_202745414_iOS-cv-cmp-1536x801.jpg 1536w, https:\/\/tonalibus.org\/wp-content\/uploads\/2023\/01\/20220515_202745414_iOS-cv-cmp-2048x1068.jpg 2048w, https:\/\/tonalibus.org\/wp-content\/uploads\/2023\/01\/20220515_202745414_iOS-cv-cmp-18x9.jpg 18w, https:\/\/tonalibus.org\/wp-content\/uploads\/2023\/01\/20220515_202745414_iOS-cv-cmp-1320x688.jpg 1320w\" sizes=\"auto, (max-width: 706px) 89vw, (max-width: 767px) 82vw, 740px\" \/><figcaption class=\"wp-element-caption\">Fuoco vivace in giardino, che permette allo spirito di elevarsi in libert\u00e0 \u2013 maggio 2022 \u2013 Gr\u00e4chwil, Svizzera<\/figcaption><\/figure>","protected":false},"excerpt":{"rendered":"<p>Loop di campioni sonori di CorMaj \/ LoloReachLyd, un'eptatonalit\u00e0 Locor \/ Cor Reach Benvenuto nei loop di CorMaj \/ LoloReachLyd! Potresti apprezzare un campione sonoro o un loop di tonalit\u00e0 come mantra sonoro per la contemplazione o la meditazione. Pu\u00f2 essere utile per l'elevazione, la purificazione e la concentrazione. Oppure pu\u00f2 essere utilizzato come sottofondo rilassante per rilassarsi... <\/p>\n<p class=\"link-more\"><a href=\"https:\/\/tonalibus.org\/it\/tonalities\/reach-or-harmonic-heptatonalities\/cormaj-or-loloreachlyd\/cormaj-or-loloreachlyd-loops\/\" class=\"more-link\">Leggi tutto<span class=\"screen-reader-text\"> \"CorMaj o cicli di LoloReachLyd\".<\/span><\/a><\/p>","protected":false},"author":1,"featured_media":0,"parent":22933,"menu_order":0,"comment_status":"closed","ping_status":"closed","template":"","meta":{"footnotes":""},"class_list":["post-22982","page","type-page","status-publish","hentry"],"yoast_head":"<!-- This site is optimized with the Yoast SEO plugin v27.4 - https:\/\/yoast.com\/product\/yoast-seo-wordpress\/ -->\n<title>CorMaj or LoloReachLyd loops &#8211; TONALIBUS Harmony<\/title>\n<meta name=\"description\" content=\"This page features CorMaj or LoloReachLyd loops, a Locor \/ Cor Reach heptatonality. Tonality loops may be used as sound mantra.\" \/>\n<meta name=\"robots\" content=\"index, follow, max-snippet:-1, max-image-preview:large, max-video-preview:-1\" \/>\n<link rel=\"canonical\" href=\"https:\/\/tonalibus.org\/it\/tonalities\/reach-or-harmonic-heptatonalities\/cormaj-or-loloreachlyd\/cormaj-or-loloreachlyd-loops\/\" \/>\n<meta property=\"og:locale\" content=\"it_IT\" \/>\n<meta property=\"og:type\" content=\"article\" \/>\n<meta property=\"og:title\" content=\"CorMaj or LoloReachLyd loops &#8211; TONALIBUS Harmony\" \/>\n<meta property=\"og:description\" content=\"This page features CorMaj or LoloReachLyd loops, a Locor \/ Cor Reach heptatonality. Tonality loops may be used as sound mantra.\" \/>\n<meta property=\"og:url\" content=\"https:\/\/tonalibus.org\/it\/tonalities\/reach-or-harmonic-heptatonalities\/cormaj-or-loloreachlyd\/cormaj-or-loloreachlyd-loops\/\" \/>\n<meta property=\"og:site_name\" content=\"TONALIBUS\" \/>\n<meta property=\"article:modified_time\" content=\"2023-02-01T19:06:18+00:00\" \/>\n<meta property=\"og:image\" content=\"https:\/\/tonalibus.org\/wp-content\/uploads\/2023\/01\/20220515_202745414_iOS-cv-cmp-1024x534.jpg\" \/>\n<meta name=\"twitter:card\" content=\"summary_large_image\" \/>\n<meta name=\"twitter:label1\" content=\"Tempo di lettura stimato\" \/>\n\t<meta name=\"twitter:data1\" content=\"1 minuto\" \/>\n<script type=\"application\/ld+json\" class=\"yoast-schema-graph\">{\"@context\":\"https:\\\/\\\/schema.org\",\"@graph\":[{\"@type\":\"WebPage\",\"@id\":\"https:\\\/\\\/tonalibus.org\\\/tonalities\\\/reach-or-harmonic-heptatonalities\\\/cormaj-or-loloreachlyd\\\/cormaj-or-loloreachlyd-loops\\\/\",\"url\":\"https:\\\/\\\/tonalibus.org\\\/tonalities\\\/reach-or-harmonic-heptatonalities\\\/cormaj-or-loloreachlyd\\\/cormaj-or-loloreachlyd-loops\\\/\",\"name\":\"CorMaj or LoloReachLyd loops &#8211; TONALIBUS Harmony\",\"isPartOf\":{\"@id\":\"https:\\\/\\\/tonalibus.org\\\/de\\\/#website\"},\"primaryImageOfPage\":{\"@id\":\"https:\\\/\\\/tonalibus.org\\\/tonalities\\\/reach-or-harmonic-heptatonalities\\\/cormaj-or-loloreachlyd\\\/cormaj-or-loloreachlyd-loops\\\/#primaryimage\"},\"image\":{\"@id\":\"https:\\\/\\\/tonalibus.org\\\/tonalities\\\/reach-or-harmonic-heptatonalities\\\/cormaj-or-loloreachlyd\\\/cormaj-or-loloreachlyd-loops\\\/#primaryimage\"},\"thumbnailUrl\":\"https:\\\/\\\/tonalibus.org\\\/wp-content\\\/uploads\\\/2023\\\/01\\\/20220515_202745414_iOS-cv-cmp-1024x534.jpg\",\"datePublished\":\"2023-01-24T14:14:58+00:00\",\"dateModified\":\"2023-02-01T19:06:18+00:00\",\"description\":\"This page features CorMaj or LoloReachLyd loops, a Locor \\\/ Cor Reach heptatonality. Tonality loops may be used as sound mantra.\",\"breadcrumb\":{\"@id\":\"https:\\\/\\\/tonalibus.org\\\/tonalities\\\/reach-or-harmonic-heptatonalities\\\/cormaj-or-loloreachlyd\\\/cormaj-or-loloreachlyd-loops\\\/#breadcrumb\"},\"inLanguage\":\"it-IT\",\"potentialAction\":[{\"@type\":\"ReadAction\",\"target\":[\"https:\\\/\\\/tonalibus.org\\\/tonalities\\\/reach-or-harmonic-heptatonalities\\\/cormaj-or-loloreachlyd\\\/cormaj-or-loloreachlyd-loops\\\/\"]}]},{\"@type\":\"ImageObject\",\"inLanguage\":\"it-IT\",\"@id\":\"https:\\\/\\\/tonalibus.org\\\/tonalities\\\/reach-or-harmonic-heptatonalities\\\/cormaj-or-loloreachlyd\\\/cormaj-or-loloreachlyd-loops\\\/#primaryimage\",\"url\":\"https:\\\/\\\/tonalibus.org\\\/wp-content\\\/uploads\\\/2023\\\/01\\\/20220515_202745414_iOS-cv-cmp-1024x534.jpg\",\"contentUrl\":\"https:\\\/\\\/tonalibus.org\\\/wp-content\\\/uploads\\\/2023\\\/01\\\/20220515_202745414_iOS-cv-cmp-1024x534.jpg\"},{\"@type\":\"BreadcrumbList\",\"@id\":\"https:\\\/\\\/tonalibus.org\\\/tonalities\\\/reach-or-harmonic-heptatonalities\\\/cormaj-or-loloreachlyd\\\/cormaj-or-loloreachlyd-loops\\\/#breadcrumb\",\"itemListElement\":[{\"@type\":\"ListItem\",\"position\":1,\"name\":\"Home\",\"item\":\"https:\\\/\\\/tonalibus.org\\\/\"},{\"@type\":\"ListItem\",\"position\":2,\"name\":\"Tonalities\",\"item\":\"https:\\\/\\\/tonalibus.org\\\/tonalities\\\/\"},{\"@type\":\"ListItem\",\"position\":3,\"name\":\"Reach (or Harmonic) Heptatonalities\",\"item\":\"https:\\\/\\\/tonalibus.org\\\/tonalities\\\/reach-or-harmonic-heptatonalities\\\/\"},{\"@type\":\"ListItem\",\"position\":4,\"name\":\"CorMaj or LoloReachLyd\",\"item\":\"https:\\\/\\\/tonalibus.org\\\/tonalities\\\/reach-or-harmonic-heptatonalities\\\/cormaj-or-loloreachlyd\\\/\"},{\"@type\":\"ListItem\",\"position\":5,\"name\":\"CorMaj or LoloReachLyd loops\"}]},{\"@type\":\"WebSite\",\"@id\":\"https:\\\/\\\/tonalibus.org\\\/de\\\/#website\",\"url\":\"https:\\\/\\\/tonalibus.org\\\/de\\\/\",\"name\":\"TONALIBUS\",\"description\":\"Anchored Harmony and Tonalities\",\"publisher\":{\"@id\":\"https:\\\/\\\/tonalibus.org\\\/de\\\/#\\\/schema\\\/person\\\/749261d7bc96d1f00127273f83ab96a4\"},\"potentialAction\":[{\"@type\":\"SearchAction\",\"target\":{\"@type\":\"EntryPoint\",\"urlTemplate\":\"https:\\\/\\\/tonalibus.org\\\/de\\\/?s={search_term_string}\"},\"query-input\":{\"@type\":\"PropertyValueSpecification\",\"valueRequired\":true,\"valueName\":\"search_term_string\"}}],\"inLanguage\":\"it-IT\"},{\"@type\":[\"Person\",\"Organization\"],\"@id\":\"https:\\\/\\\/tonalibus.org\\\/de\\\/#\\\/schema\\\/person\\\/749261d7bc96d1f00127273f83ab96a4\",\"name\":\"Ulrico\",\"image\":{\"@type\":\"ImageObject\",\"inLanguage\":\"it-IT\",\"@id\":\"https:\\\/\\\/tonalibus.org\\\/wp-content\\\/uploads\\\/2020\\\/06\\\/uli-pix.jpg\",\"url\":\"https:\\\/\\\/tonalibus.org\\\/wp-content\\\/uploads\\\/2020\\\/06\\\/uli-pix.jpg\",\"contentUrl\":\"https:\\\/\\\/tonalibus.org\\\/wp-content\\\/uploads\\\/2020\\\/06\\\/uli-pix.jpg\",\"width\":960,\"height\":720,\"caption\":\"Ulrico\"},\"logo\":{\"@id\":\"https:\\\/\\\/tonalibus.org\\\/wp-content\\\/uploads\\\/2020\\\/06\\\/uli-pix.jpg\"},\"sameAs\":[\"https:\\\/\\\/tonalibus.cyon.site\"]}]}<\/script>\n<!-- \/ Yoast SEO plugin. -->","yoast_head_json":{"title":"Loop CorMaj o LoloReachLyd - Armonia TONALIBUS","description":"Questa pagina presenta i loop CorMaj o LoloReachLyd, un'eptatonalit\u00e0 Locor \/ Cor Reach. I loop di tonalit\u00e0 possono essere utilizzati come mantra sonori.","robots":{"index":"index","follow":"follow","max-snippet":"max-snippet:-1","max-image-preview":"max-image-preview:large","max-video-preview":"max-video-preview:-1"},"canonical":"https:\/\/tonalibus.org\/it\/tonalities\/reach-or-harmonic-heptatonalities\/cormaj-or-loloreachlyd\/cormaj-or-loloreachlyd-loops\/","og_locale":"it_IT","og_type":"article","og_title":"CorMaj or LoloReachLyd loops &#8211; TONALIBUS Harmony","og_description":"This page features CorMaj or LoloReachLyd loops, a Locor \/ Cor Reach heptatonality. Tonality loops may be used as sound mantra.","og_url":"https:\/\/tonalibus.org\/it\/tonalities\/reach-or-harmonic-heptatonalities\/cormaj-or-loloreachlyd\/cormaj-or-loloreachlyd-loops\/","og_site_name":"TONALIBUS","article_modified_time":"2023-02-01T19:06:18+00:00","og_image":[{"url":"https:\/\/tonalibus.org\/wp-content\/uploads\/2023\/01\/20220515_202745414_iOS-cv-cmp-1024x534.jpg","type":"","width":"","height":""}],"twitter_card":"summary_large_image","twitter_misc":{"Tempo di lettura stimato":"1 minuto"},"schema":{"@context":"https:\/\/schema.org","@graph":[{"@type":"WebPage","@id":"https:\/\/tonalibus.org\/tonalities\/reach-or-harmonic-heptatonalities\/cormaj-or-loloreachlyd\/cormaj-or-loloreachlyd-loops\/","url":"https:\/\/tonalibus.org\/tonalities\/reach-or-harmonic-heptatonalities\/cormaj-or-loloreachlyd\/cormaj-or-loloreachlyd-loops\/","name":"Loop CorMaj o LoloReachLyd - Armonia TONALIBUS","isPartOf":{"@id":"https:\/\/tonalibus.org\/de\/#website"},"primaryImageOfPage":{"@id":"https:\/\/tonalibus.org\/tonalities\/reach-or-harmonic-heptatonalities\/cormaj-or-loloreachlyd\/cormaj-or-loloreachlyd-loops\/#primaryimage"},"image":{"@id":"https:\/\/tonalibus.org\/tonalities\/reach-or-harmonic-heptatonalities\/cormaj-or-loloreachlyd\/cormaj-or-loloreachlyd-loops\/#primaryimage"},"thumbnailUrl":"https:\/\/tonalibus.org\/wp-content\/uploads\/2023\/01\/20220515_202745414_iOS-cv-cmp-1024x534.jpg","datePublished":"2023-01-24T14:14:58+00:00","dateModified":"2023-02-01T19:06:18+00:00","description":"Questa pagina presenta i loop CorMaj o LoloReachLyd, un'eptatonalit\u00e0 Locor \/ Cor Reach. I loop di tonalit\u00e0 possono essere utilizzati come mantra sonori.","breadcrumb":{"@id":"https:\/\/tonalibus.org\/tonalities\/reach-or-harmonic-heptatonalities\/cormaj-or-loloreachlyd\/cormaj-or-loloreachlyd-loops\/#breadcrumb"},"inLanguage":"it-IT","potentialAction":[{"@type":"ReadAction","target":["https:\/\/tonalibus.org\/tonalities\/reach-or-harmonic-heptatonalities\/cormaj-or-loloreachlyd\/cormaj-or-loloreachlyd-loops\/"]}]},{"@type":"ImageObject","inLanguage":"it-IT","@id":"https:\/\/tonalibus.org\/tonalities\/reach-or-harmonic-heptatonalities\/cormaj-or-loloreachlyd\/cormaj-or-loloreachlyd-loops\/#primaryimage","url":"https:\/\/tonalibus.org\/wp-content\/uploads\/2023\/01\/20220515_202745414_iOS-cv-cmp-1024x534.jpg","contentUrl":"https:\/\/tonalibus.org\/wp-content\/uploads\/2023\/01\/20220515_202745414_iOS-cv-cmp-1024x534.jpg"},{"@type":"BreadcrumbList","@id":"https:\/\/tonalibus.org\/tonalities\/reach-or-harmonic-heptatonalities\/cormaj-or-loloreachlyd\/cormaj-or-loloreachlyd-loops\/#breadcrumb","itemListElement":[{"@type":"ListItem","position":1,"name":"Home","item":"https:\/\/tonalibus.org\/"},{"@type":"ListItem","position":2,"name":"Tonalities","item":"https:\/\/tonalibus.org\/tonalities\/"},{"@type":"ListItem","position":3,"name":"Reach (or Harmonic) Heptatonalities","item":"https:\/\/tonalibus.org\/tonalities\/reach-or-harmonic-heptatonalities\/"},{"@type":"ListItem","position":4,"name":"CorMaj or LoloReachLyd","item":"https:\/\/tonalibus.org\/tonalities\/reach-or-harmonic-heptatonalities\/cormaj-or-loloreachlyd\/"},{"@type":"ListItem","position":5,"name":"CorMaj or LoloReachLyd loops"}]},{"@type":"WebSite","@id":"https:\/\/tonalibus.org\/de\/#website","url":"https:\/\/tonalibus.org\/de\/","name":"TONALIBUS","description":"Armonia e tonalit\u00e0 ancorate","publisher":{"@id":"https:\/\/tonalibus.org\/de\/#\/schema\/person\/749261d7bc96d1f00127273f83ab96a4"},"potentialAction":[{"@type":"SearchAction","target":{"@type":"EntryPoint","urlTemplate":"https:\/\/tonalibus.org\/de\/?s={search_term_string}"},"query-input":{"@type":"PropertyValueSpecification","valueRequired":true,"valueName":"search_term_string"}}],"inLanguage":"it-IT"},{"@type":["Person","Organization"],"@id":"https:\/\/tonalibus.org\/de\/#\/schema\/person\/749261d7bc96d1f00127273f83ab96a4","name":"Ulrico","image":{"@type":"ImageObject","inLanguage":"it-IT","@id":"https:\/\/tonalibus.org\/wp-content\/uploads\/2020\/06\/uli-pix.jpg","url":"https:\/\/tonalibus.org\/wp-content\/uploads\/2020\/06\/uli-pix.jpg","contentUrl":"https:\/\/tonalibus.org\/wp-content\/uploads\/2020\/06\/uli-pix.jpg","width":960,"height":720,"caption":"Ulrico"},"logo":{"@id":"https:\/\/tonalibus.org\/wp-content\/uploads\/2020\/06\/uli-pix.jpg"},"sameAs":["https:\/\/tonalibus.cyon.site"]}]}},"_links":{"self":[{"href":"https:\/\/tonalibus.org\/it\/wp-json\/wp\/v2\/pages\/22982","targetHints":{"allow":["GET"]}}],"collection":[{"href":"https:\/\/tonalibus.org\/it\/wp-json\/wp\/v2\/pages"}],"about":[{"href":"https:\/\/tonalibus.org\/it\/wp-json\/wp\/v2\/types\/page"}],"author":[{"embeddable":true,"href":"https:\/\/tonalibus.org\/it\/wp-json\/wp\/v2\/users\/1"}],"replies":[{"embeddable":true,"href":"https:\/\/tonalibus.org\/it\/wp-json\/wp\/v2\/comments?post=22982"}],"version-history":[{"count":0,"href":"https:\/\/tonalibus.org\/it\/wp-json\/wp\/v2\/pages\/22982\/revisions"}],"up":[{"embeddable":true,"href":"https:\/\/tonalibus.org\/it\/wp-json\/wp\/v2\/pages\/22933"}],"wp:attachment":[{"href":"https:\/\/tonalibus.org\/it\/wp-json\/wp\/v2\/media?parent=22982"}],"curies":[{"name":"wp","href":"https:\/\/api.w.org\/{rel}","templated":true}]}}