{"id":2417,"date":"2020-07-11T16:18:45","date_gmt":"2020-07-11T14:18:45","guid":{"rendered":"https:\/\/tonalibus.org\/?page_id=2417"},"modified":"2023-08-02T17:45:24","modified_gmt":"2023-08-02T15:45:24","slug":"exploration-courses","status":"publish","type":"page","link":"https:\/\/tonalibus.org\/it\/inner-circle\/tec-repository\/exploration-courses\/","title":{"rendered":"Corsi di esplorazione"},"content":{"rendered":"<p class=\"has-text-color\" style=\"color:#f7b320\">I corsi di esplorazione Tonalibus hanno lo scopo di approfondire le proprie conoscenze e intuizioni sull'armonia e le tonalit\u00e0, nella musica e nella vita. Tali corsi possono concentrarsi sul lavoro con il catalogo delle <a href=\"https:\/\/tonalibus.org\/it\/tonalities\/\"><mark style=\"background-color:rgba(0, 0, 0, 0);color:#f7b320\" class=\"has-inline-color\">tonalit\u00e0 ancorate<\/mark><\/a>, immergersi nella <a href=\"https:\/\/tonalibus.org\/it\/fundamentals\/five-course-series\/\"><mark style=\"background-color:rgba(0, 0, 0, 0);color:#f7b320\" class=\"has-inline-color\">serie a cinque corsi<\/mark><\/a> <em>Fondamenti di armonia e tonalit\u00e0<\/em>, espandersi su inspirazioni di <a href=\"https:\/\/tonalibus.org\/it\/spiritualibus-blog\/\"><mark style=\"background-color:rgba(0, 0, 0, 0);color:#f7b320\" class=\"has-inline-color\">Spiritualibus<\/mark><\/a> o uno qualsiasi o una combinazione di potenziali argomenti di corsi elencati di seguito. <\/p>\n\n\n\n<div class=\"wp-block-buttons is-horizontal is-content-justification-center is-layout-flex wp-container-core-buttons-is-layout-499968f5 wp-block-buttons-is-layout-flex\">\n<div class=\"wp-block-button is-style-outline is-style-outline--1\"><a class=\"wp-block-button__link\" href=\"https:\/\/tonalibus.org\/it\/shop\/courses\/course-inquiry\/\">Corso di esplorazione <br>Richiesta<\/a><\/div>\n<\/div>\n\n\n\n<div style=\"height:45px\" aria-hidden=\"true\" class=\"wp-block-spacer\"><\/div>\n\n\n\n<p class=\"has-text-color\" style=\"color:#f7b320\">I programmi dei corsi di esplorazione saranno personalizzati in base agli interessi e alle esigenze di un determinato gruppo o dei singoli partecipanti. La durata di un corso pu\u00f2 variare notevolmente, da una sessione di un'ora a pi\u00f9 giorni consecutivi o a pi\u00f9 sessioni distribuite su settimane o mesi. L'obiettivo \u00e8 quello di esplorare un determinato argomento o un insieme di argomenti.  Lavorando insieme, scopriremo nuove prospettive sull'armonia e sulle tonalit\u00e0. Idealmente, i nostri corsi saranno faccia a faccia. Tuttavia, offriamo anche sessioni virtuali, se necessario.<\/p>\n\n\n\n<h2 class=\"has-text-color wp-block-heading\" style=\"color:#f7b320\"><mark style=\"background-color:rgba(0, 0, 0, 0);color:#f7b320\" class=\"has-inline-color\">Focus e contenuti dei corsi di esplorazione<\/mark><\/h2>\n\n\n\n<p class=\"has-text-color\" style=\"color:#f7b320\">Un corso di esplorazione pu\u00f2 concentrarsi solo su un singolo argomento specifico di Tonalibus o di Spiritualibus. Oppure pu\u00f2 affrontare qualsiasi mix di argomenti, lavoro pratico utilizzando il catalogo delle <a href=\"https:\/\/tonalibus.org\/it\/tonalities\/\"><mark style=\"background-color:rgba(0, 0, 0, 0);color:#f7b320\" class=\"has-inline-color\">tonalit\u00e0 ancorate<\/mark><\/a>, considerazioni approfondite della <a href=\"https:\/\/tonalibus.org\/it\/concepts\/five-course-series\/\"><mark style=\"background-color:rgba(0, 0, 0, 0);color:#f7b320\" class=\"has-inline-color\">serie a cinque corsi<\/mark><\/a> <em>Fondamenti di armonia e tonalit\u00e0<\/em>, o <a href=\"https:\/\/tonalibus.org\/it\/spiritualibus-blog\/\"><mark style=\"background-color:rgba(0, 0, 0, 0);color:#f7b320\" class=\"has-inline-color\">Spiritualibus<\/mark><\/a> ed esercizi. Le scelte principali per i contenuti dei corsi sono i punti focali e gli argomenti:<\/p>\n\n\n\n<ul class=\"wp-block-list\"><li><span style=\"color:#f7b320\" class=\"has-inline-color\"><\/span><span style=\"color:#f7b320\" class=\"has-inline-color\"><em>Armonia e tonalit\u00e0<\/em> \u2013 <\/span><a href=\"https:\/\/tonalibus.org\/it\/concepts\/concepts-brief\/\"><span style=\"color:#f7b320\" class=\"has-inline-color\">i concetti in breve<\/span><\/a><span style=\"color:#f7b320\" class=\"has-inline-color\"> <\/span><\/li><li><span style=\"color:#f7b320\" class=\"has-inline-color\"><em>Armonia e tonalit\u00e0 <\/em>\u2013 <\/span><a href=\"https:\/\/tonalibus.org\/it\/concepts\/concepts-preview\/\"><span style=\"color:#f7b320\" class=\"has-inline-color\">l'anteprima dei concetti<\/span><\/a><\/li><li><span style=\"color:#f7b320\" class=\"has-inline-color\"><em>1) <\/em><\/span><a href=\"https:\/\/tonalibus.org\/it\/concepts\/five-course-series\/basics-a\/\"><em><span style=\"color:#f7b320\" class=\"has-inline-color\">Il perno armonico e toni di ancoraggio<\/span><\/em><\/a><span style=\"color:#f7b320\" class=\"has-inline-color\"> \u2013 #1 della serie a cinque corsi<\/span><\/li><li><span style=\"color:#f7b320\" class=\"has-inline-color\"><em>2) <\/em><\/span><a href=\"https:\/\/tonalibus.org\/it\/concepts\/five-course-series\/basics-b\/\"><em><span style=\"color:#f7b320\" class=\"has-inline-color\">Base armonica e il turno della realizzazione<\/span><\/em><\/a><span style=\"color:#f7b320\" class=\"has-inline-color\"> \u2013 #2 della serie a cinque corsi<\/span><\/li><li><span style=\"color:#f7b320\" class=\"has-inline-color\"><em>3) <\/em><\/span><a href=\"https:\/\/tonalibus.org\/it\/concepts\/five-course-series\/basics-c\/\"><em><span style=\"color:#f7b320\" class=\"has-inline-color\">Scala a dodici passi e fondamenti delle tonalit\u00e0<\/span><\/em><\/a><span style=\"color:#f7b320\" class=\"has-inline-color\"> \u2013 #3 della serie a cinque corsi<\/span><\/li><li><span style=\"color:#f7b320\" class=\"has-inline-color\"><em>4) <\/em><\/span><a href=\"https:\/\/tonalibus.org\/it\/concepts\/five-course-series\/basics-d\/\"><em><span style=\"color:#f7b320\" class=\"has-inline-color\">Quattro ancore armoniche e il ciclo delle quinte<\/span><\/em><\/a><span style=\"color:#f7b320\" class=\"has-inline-color\"> \u2013 #4 della serie a cinque corsi<\/span><\/li><li><span style=\"color:#f7b320\" class=\"has-inline-color\"><em>5) <\/em><\/span><a href=\"https:\/\/tonalibus.org\/it\/concepts\/five-course-series\/basics-e\/\"><em><span style=\"color:#f7b320\" class=\"has-inline-color\">Tonalit\u00e0 di alcuni passi e ancore secondarie<\/span><\/em><\/a><span style=\"color:#f7b320\" class=\"has-inline-color\"> \u2013 #5 della serie a cinque corsi<\/span><\/li><li><span style=\"color:#f7b320\" class=\"has-inline-color\"><em>Armonia e tonalit\u00e0<\/em> \u2013 <\/span><a href=\"https:\/\/tonalibus.org\/it\/concepts\/concepts-review\/\"><span style=\"color:#f7b320\" class=\"has-inline-color\">la revisione dei concetti<\/span><\/a><span style=\"color:#f7b320\" class=\"has-inline-color\"><\/span><\/li><li><em><a href=\"https:\/\/tonalibus.org\/it\/tonalities\/modulation-samples\/\"><span style=\"color:#f7b320\" class=\"has-inline-color\">Campioni di modulazione delle tonalit\u00e0 ancorate<\/span><\/a><\/em><span style=\"color:#f7b320\" class=\"has-inline-color\"> e la pratica<\/span><\/li><li><span style=\"color:#f7b320\" class=\"has-inline-color\">Struttura e utilizzo del catalogo delle <\/span><a href=\"https:\/\/tonalibus.org\/it\/tonalities\/\"><span style=\"color:#f7b320\" class=\"has-inline-color\">tonalit\u00e0 ancorate<\/span><\/a><\/li><li><span style=\"color:#f7b320\" class=\"has-inline-color\">Applicazioni pratiche di tonalit\u00e0 e improvvisazione<\/span><\/li><li><span style=\"color:#f7b320\" class=\"has-inline-color\">Sintonizzazione della fondamentale e tonalit\u00e0 individuale<\/span><\/li><li><span style=\"color:#f7b320\" class=\"has-inline-color\">Purificazione tramite i quattro <\/span><a href=\"https:\/\/tonalibus.org\/it\/about-tonalibus\/glossary\/#4-corners\"><span style=\"color:#f7b320\" class=\"has-inline-color\">angoli del tempio del suono<\/span><\/a><span style=\"color:#f7b320\" class=\"has-inline-color\"><span style=\"color:#f7b320\" class=\"has-inline-color\"><\/span><\/span><\/li><li><a href=\"https:\/\/tonalibus.org\/it\/spiritualibus-blog\/\"><span style=\"color:#f7b320\" class=\"has-inline-color\">Spiritualibus<\/span><\/a><span style=\"color:#f7b320\" class=\"has-inline-color\"> \u2013 esplorazione e discussione dei inspirazioni<\/span><\/li><\/ul>\n\n\n\n<h2 class=\"has-text-color wp-block-heading\" style=\"color:#f7b320\">Durata e formato dei corsi di esplorazione<\/h2>\n\n\n\n<p class=\"has-text-color\" style=\"color:#f7b320\"><mark style=\"background-color:rgba(0, 0, 0, 0);color:#f7b320\" class=\"has-inline-color\">Alcuni argomenti specifici e individuali della serie di corsi Tonalibus o della lista di cui sopra possono essere selezionati per brevi sessioni di lavoro di un'ora e mezza o per discussioni. Ad esempio, <em>Armonia e tonalit\u00e0<\/em><\/mark> <mark style=\"background-color:rgba(0, 0, 0, 0);color:#f7b320\" class=\"has-inline-color\">concetti <\/mark><a href=\"https:\/\/tonalibus.org\/it\/concepts\/concepts-brief\/\"><mark style=\"background-color:rgba(0, 0, 0, 0);color:#f7b320\" class=\"has-inline-color\">i concetti in breve<\/mark><\/a><mark style=\"background-color:rgba(0, 0, 0, 0);color:#f7b320\" class=\"has-inline-color\"> \u00e8 un'introduzione molto condensata alla serie di cinque corsi <\/mark><em>Fondamenti di armonia e tonalit\u00e0<\/em>. Pu\u00f2 essere presentato in circa un'ora.<mark style=\"background-color:rgba(0, 0, 0, 0);color:#f7b320\" class=\"has-inline-color\"> <\/mark><\/p>\n\n\n\n<p class=\"has-text-color\" style=\"color:#f7b320\">Per coprire tutte le parti della <a href=\"https:\/\/tonalibus.org\/it\/concepts\/five-course-series\/\"><mark style=\"background-color:rgba(0, 0, 0, 0);color:#f7b320\" class=\"has-inline-color\">serie a cinque corsi<\/mark><\/a>, che includono lavoro pratico e discussioni, raccomandiamo un corso di quattro giorni o otto sessioni. Questa sequenza \u00e8 inquadrata dai <a href=\"https:\/\/tonalibus.org\/it\/concepts\/concepts-preview\/\"><mark style=\"background-color:rgba(0, 0, 0, 0);color:#f7b320\" class=\"has-inline-color\">l'anteprima dei concetti<\/mark><\/a><em> <\/em>e <a href=\"https:\/\/tonalibus.org\/it\/concepts\/concepts-review\/\"><mark style=\"background-color:rgba(0, 0, 0, 0);color:#f7b320\" class=\"has-inline-color\">la revisione dei concetti<\/mark><\/a>. Il lavoro pratico comprende una sessione sulla <a href=\"https:\/\/tonalibus.org\/it\/tonalities\/modulation-samples\/\"><mark style=\"background-color:rgba(0, 0, 0, 0);color:#f7b320\" class=\"has-inline-color\">modulazione<\/mark><\/a>. Applicazioni musicali e pratica con il catalogo delle <a href=\"https:\/\/tonalibus.org\/it\/tonalities\/\"><mark style=\"background-color:rgba(0, 0, 0, 0);color:#f7b320\" class=\"has-inline-color\">tonalit\u00e0 ancorate<\/mark><\/a> possono far parte di tutte le sessioni. C'\u00e8 tempo per discussioni e attivit\u00e0, compresi alcuni esercizi orientati al spirituale, oltre a ispirazioni da <a href=\"https:\/\/tonalibus.org\/it\/spiritualibus-blog\/\"><mark style=\"background-color:rgba(0, 0, 0, 0);color:#f7b320\" class=\"has-inline-color\">Spiritualibus<\/mark><\/a>.<\/p>\n\n\n\n<h2 class=\"has-text-color wp-block-heading\" style=\"color:#f7b320\">Non vediamo l'ora di sentirvi<\/h2>\n\n\n\n<p class=\"has-text-color\" style=\"color:#f7b320\"><mark style=\"background-color:rgba(0, 0, 0, 0);color:#f7b320\" class=\"has-inline-color\">Si prega di utilizzare la pagina <\/mark><a href=\"https:\/\/tonalibus.org\/it\/shop\/courses\/course-inquiry\/\"><mark style=\"background-color:rgba(0, 0, 0, 0);color:#f7b320\" class=\"has-inline-color\">richiesta di corso di esplorazione<\/mark><\/a><mark style=\"background-color:rgba(0, 0, 0, 0);color:#f7b320\" class=\"has-inline-color\"> per indicare i tui interessi specifici o per richiedere un corso di esplorazione su misura. Inoltre, qui sotto, nel pi\u00e8 di pagina, puoi iscriverti alla newsletter di Tonalibus, se desideri ricevere notizie mensili sulle offerte del shop Fidibus, incluse le opzioni di corsi, e una selezione dei blog Spiritualibus pi\u00f9 attuali.<\/mark><\/p>\n\n\n\n<div style=\"height:67px\" aria-hidden=\"true\" class=\"wp-block-spacer\"><\/div>\n\n\n\n<div class=\"wp-block-image\"><figure class=\"aligncenter size-large is-resized\"><img loading=\"lazy\" decoding=\"async\" src=\"https:\/\/tonalibus.org\/wp-content\/uploads\/2020\/06\/IMG_2909xc.jpg\" alt=\"originspir\" class=\"wp-image-1357\" width=\"351\" height=\"349\" srcset=\"https:\/\/tonalibus.org\/wp-content\/uploads\/2020\/06\/IMG_2909xc.jpg 767w, https:\/\/tonalibus.org\/wp-content\/uploads\/2020\/06\/IMG_2909xc-300x298.jpg 300w, https:\/\/tonalibus.org\/wp-content\/uploads\/2020\/06\/IMG_2909xc-150x150.jpg 150w, https:\/\/tonalibus.org\/wp-content\/uploads\/2020\/06\/IMG_2909xc-100x100.jpg 100w\" sizes=\"auto, (max-width: 351px) 100vw, 351px\" \/><figcaption><mark style=\"background-color:rgba(0, 0, 0, 0);color:#f7b320\" class=\"has-inline-color\"><em>Schizzo d'ispirazione originale di un'ancora armonica Tonalibus, concepito il 2-2-2020<\/em> \u2013 di pi\u00f9 sulla <\/mark><a href=\"https:\/\/tonalibus.org\/it\/about-tonalibus\/tonalibus\/#tonalibus-history-block\"><mark style=\"background-color:rgba(0, 0, 0, 0);color:#f7b320\" class=\"has-inline-color\">Storia di Tonalibus<\/mark><\/a><mark style=\"background-color:rgba(0, 0, 0, 0);color:#f7b320\" class=\"has-inline-color\"> <\/mark><\/figcaption><\/figure><\/div>\n\n\n\n<p><\/p>","protected":false},"excerpt":{"rendered":"<p>I corsi di esplorazione Tonalibus mirano ad approfondire la comprensione e le intuizioni sull'armonia e sulle tonalit\u00e0, nella musica e nella vita. Questi corsi possono concentrarsi sul lavoro con il catalogo delle tonalit\u00e0 ancorate, approfondire la serie di cinque corsi Fondamenti di Armonia e Tonalit\u00e0, espandere le ispirazioni del Spiritualibus, o qualsiasi altro o combinazione dei potenziali argomenti dei corsi elencati di seguito. Esplorazione ... <\/p>\n<p class=\"link-more\"><a href=\"https:\/\/tonalibus.org\/it\/inner-circle\/tec-repository\/exploration-courses\/\" class=\"more-link\">Leggi tutto<span class=\"screen-reader-text\"> \"Corsi di esplorazione\"<\/span><\/a><\/p>","protected":false},"author":1,"featured_media":0,"parent":5562,"menu_order":70,"comment_status":"closed","ping_status":"closed","template":"","meta":{"footnotes":""},"class_list":["post-2417","page","type-page","status-publish","hentry"],"yoast_head":"<!-- This site is optimized with the Yoast SEO plugin v27.5 - https:\/\/yoast.com\/product\/yoast-seo-wordpress\/ -->\n<title>Exploration Courses &#8211; TONALIBUS, Harmony and Tonlities<\/title>\n<meta name=\"description\" content=\"Tonalibus exploration courses aim at deepening one&#039;s understanding and insights about harmony and tonalities, in music and in life.\" \/>\n<meta name=\"robots\" content=\"index, follow, max-snippet:-1, max-image-preview:large, max-video-preview:-1\" \/>\n<link rel=\"canonical\" href=\"https:\/\/tonalibus.org\/it\/inner-circle\/tec-repository\/exploration-courses\/\" \/>\n<meta property=\"og:locale\" content=\"it_IT\" \/>\n<meta property=\"og:type\" content=\"article\" \/>\n<meta property=\"og:title\" content=\"Exploration Courses &#8211; TONALIBUS, Harmony and Tonlities\" \/>\n<meta property=\"og:description\" content=\"Tonalibus exploration courses aim at deepening one&#039;s understanding and insights about harmony and tonalities, in music and in life.\" \/>\n<meta property=\"og:url\" content=\"https:\/\/tonalibus.org\/it\/inner-circle\/tec-repository\/exploration-courses\/\" \/>\n<meta property=\"og:site_name\" content=\"TONALIBUS\" \/>\n<meta property=\"article:modified_time\" content=\"2023-08-02T15:45:24+00:00\" \/>\n<meta property=\"og:image\" content=\"https:\/\/tonalibus.org\/wp-content\/uploads\/2020\/06\/IMG_2909xc.jpg\" \/>\n<meta name=\"twitter:card\" content=\"summary_large_image\" \/>\n<meta name=\"twitter:label1\" content=\"Tempo di lettura stimato\" \/>\n\t<meta name=\"twitter:data1\" content=\"3 minuti\" \/>\n<script type=\"application\/ld+json\" class=\"yoast-schema-graph\">{\"@context\":\"https:\\\/\\\/schema.org\",\"@graph\":[{\"@type\":\"WebPage\",\"@id\":\"https:\\\/\\\/tonalibus.org\\\/en\\\/inner-circle\\\/tec-repository\\\/exploration-courses\\\/\",\"url\":\"https:\\\/\\\/tonalibus.org\\\/en\\\/inner-circle\\\/tec-repository\\\/exploration-courses\\\/\",\"name\":\"Exploration Courses &#8211; TONALIBUS, Harmony and Tonlities\",\"isPartOf\":{\"@id\":\"https:\\\/\\\/tonalibus.org\\\/de\\\/#website\"},\"primaryImageOfPage\":{\"@id\":\"https:\\\/\\\/tonalibus.org\\\/en\\\/inner-circle\\\/tec-repository\\\/exploration-courses\\\/#primaryimage\"},\"image\":{\"@id\":\"https:\\\/\\\/tonalibus.org\\\/en\\\/inner-circle\\\/tec-repository\\\/exploration-courses\\\/#primaryimage\"},\"thumbnailUrl\":\"https:\\\/\\\/tonalibus.org\\\/wp-content\\\/uploads\\\/2020\\\/06\\\/IMG_2909xc.jpg\",\"datePublished\":\"2020-07-11T14:18:45+00:00\",\"dateModified\":\"2023-08-02T15:45:24+00:00\",\"description\":\"Tonalibus exploration courses aim at deepening one's understanding and insights about harmony and tonalities, in music and in life.\",\"breadcrumb\":{\"@id\":\"https:\\\/\\\/tonalibus.org\\\/en\\\/inner-circle\\\/tec-repository\\\/exploration-courses\\\/#breadcrumb\"},\"inLanguage\":\"it-IT\",\"potentialAction\":[{\"@type\":\"ReadAction\",\"target\":[\"https:\\\/\\\/tonalibus.org\\\/en\\\/inner-circle\\\/tec-repository\\\/exploration-courses\\\/\"]}]},{\"@type\":\"ImageObject\",\"inLanguage\":\"it-IT\",\"@id\":\"https:\\\/\\\/tonalibus.org\\\/en\\\/inner-circle\\\/tec-repository\\\/exploration-courses\\\/#primaryimage\",\"url\":\"https:\\\/\\\/tonalibus.org\\\/wp-content\\\/uploads\\\/2020\\\/06\\\/IMG_2909xc.jpg\",\"contentUrl\":\"https:\\\/\\\/tonalibus.org\\\/wp-content\\\/uploads\\\/2020\\\/06\\\/IMG_2909xc.jpg\"},{\"@type\":\"BreadcrumbList\",\"@id\":\"https:\\\/\\\/tonalibus.org\\\/en\\\/inner-circle\\\/tec-repository\\\/exploration-courses\\\/#breadcrumb\",\"itemListElement\":[{\"@type\":\"ListItem\",\"position\":1,\"name\":\"Home\",\"item\":\"https:\\\/\\\/tonalibus.org\\\/\"},{\"@type\":\"ListItem\",\"position\":2,\"name\":\"Protected: Inner Circle\",\"item\":\"https:\\\/\\\/tonalibus.org\\\/en\\\/inner-circle\\\/\"},{\"@type\":\"ListItem\",\"position\":3,\"name\":\"Protected: TEC Repository\",\"item\":\"https:\\\/\\\/tonalibus.org\\\/en\\\/inner-circle\\\/tec-repository\\\/\"},{\"@type\":\"ListItem\",\"position\":4,\"name\":\"Exploration Courses\"}]},{\"@type\":\"WebSite\",\"@id\":\"https:\\\/\\\/tonalibus.org\\\/de\\\/#website\",\"url\":\"https:\\\/\\\/tonalibus.org\\\/de\\\/\",\"name\":\"TONALIBUS\",\"description\":\"Anchored Harmony and Tonalities\",\"publisher\":{\"@id\":\"https:\\\/\\\/tonalibus.org\\\/de\\\/#\\\/schema\\\/person\\\/749261d7bc96d1f00127273f83ab96a4\"},\"potentialAction\":[{\"@type\":\"SearchAction\",\"target\":{\"@type\":\"EntryPoint\",\"urlTemplate\":\"https:\\\/\\\/tonalibus.org\\\/de\\\/?s={search_term_string}\"},\"query-input\":{\"@type\":\"PropertyValueSpecification\",\"valueRequired\":true,\"valueName\":\"search_term_string\"}}],\"inLanguage\":\"it-IT\"},{\"@type\":[\"Person\",\"Organization\"],\"@id\":\"https:\\\/\\\/tonalibus.org\\\/de\\\/#\\\/schema\\\/person\\\/749261d7bc96d1f00127273f83ab96a4\",\"name\":\"Ulrico\",\"image\":{\"@type\":\"ImageObject\",\"inLanguage\":\"it-IT\",\"@id\":\"https:\\\/\\\/tonalibus.org\\\/wp-content\\\/uploads\\\/2020\\\/06\\\/uli-pix.jpg\",\"url\":\"https:\\\/\\\/tonalibus.org\\\/wp-content\\\/uploads\\\/2020\\\/06\\\/uli-pix.jpg\",\"contentUrl\":\"https:\\\/\\\/tonalibus.org\\\/wp-content\\\/uploads\\\/2020\\\/06\\\/uli-pix.jpg\",\"width\":960,\"height\":720,\"caption\":\"Ulrico\"},\"logo\":{\"@id\":\"https:\\\/\\\/tonalibus.org\\\/wp-content\\\/uploads\\\/2020\\\/06\\\/uli-pix.jpg\"},\"sameAs\":[\"https:\\\/\\\/tonalibus.cyon.site\"]}]}<\/script>\n<!-- \/ Yoast SEO plugin. -->","yoast_head_json":{"title":"Corsi di esplorazione - TONALIBUS, Armonia e Tonalit\u00e0","description":"I corsi di esplorazione Tonalibus mirano ad approfondire la comprensione e le intuizioni sull'armonia e le tonalit\u00e0, nella musica e nella vita.","robots":{"index":"index","follow":"follow","max-snippet":"max-snippet:-1","max-image-preview":"max-image-preview:large","max-video-preview":"max-video-preview:-1"},"canonical":"https:\/\/tonalibus.org\/it\/inner-circle\/tec-repository\/exploration-courses\/","og_locale":"it_IT","og_type":"article","og_title":"Exploration Courses &#8211; TONALIBUS, Harmony and Tonlities","og_description":"Tonalibus exploration courses aim at deepening one's understanding and insights about harmony and tonalities, in music and in life.","og_url":"https:\/\/tonalibus.org\/it\/inner-circle\/tec-repository\/exploration-courses\/","og_site_name":"TONALIBUS","article_modified_time":"2023-08-02T15:45:24+00:00","og_image":[{"url":"https:\/\/tonalibus.org\/wp-content\/uploads\/2020\/06\/IMG_2909xc.jpg","type":"","width":"","height":""}],"twitter_card":"summary_large_image","twitter_misc":{"Tempo di lettura stimato":"3 minuti"},"schema":{"@context":"https:\/\/schema.org","@graph":[{"@type":"WebPage","@id":"https:\/\/tonalibus.org\/en\/inner-circle\/tec-repository\/exploration-courses\/","url":"https:\/\/tonalibus.org\/en\/inner-circle\/tec-repository\/exploration-courses\/","name":"Corsi di esplorazione - TONALIBUS, Armonia e Tonalit\u00e0","isPartOf":{"@id":"https:\/\/tonalibus.org\/de\/#website"},"primaryImageOfPage":{"@id":"https:\/\/tonalibus.org\/en\/inner-circle\/tec-repository\/exploration-courses\/#primaryimage"},"image":{"@id":"https:\/\/tonalibus.org\/en\/inner-circle\/tec-repository\/exploration-courses\/#primaryimage"},"thumbnailUrl":"https:\/\/tonalibus.org\/wp-content\/uploads\/2020\/06\/IMG_2909xc.jpg","datePublished":"2020-07-11T14:18:45+00:00","dateModified":"2023-08-02T15:45:24+00:00","description":"I corsi di esplorazione Tonalibus mirano ad approfondire la comprensione e le intuizioni sull'armonia e le tonalit\u00e0, nella musica e nella vita.","breadcrumb":{"@id":"https:\/\/tonalibus.org\/en\/inner-circle\/tec-repository\/exploration-courses\/#breadcrumb"},"inLanguage":"it-IT","potentialAction":[{"@type":"ReadAction","target":["https:\/\/tonalibus.org\/en\/inner-circle\/tec-repository\/exploration-courses\/"]}]},{"@type":"ImageObject","inLanguage":"it-IT","@id":"https:\/\/tonalibus.org\/en\/inner-circle\/tec-repository\/exploration-courses\/#primaryimage","url":"https:\/\/tonalibus.org\/wp-content\/uploads\/2020\/06\/IMG_2909xc.jpg","contentUrl":"https:\/\/tonalibus.org\/wp-content\/uploads\/2020\/06\/IMG_2909xc.jpg"},{"@type":"BreadcrumbList","@id":"https:\/\/tonalibus.org\/en\/inner-circle\/tec-repository\/exploration-courses\/#breadcrumb","itemListElement":[{"@type":"ListItem","position":1,"name":"Home","item":"https:\/\/tonalibus.org\/"},{"@type":"ListItem","position":2,"name":"Protected: Inner Circle","item":"https:\/\/tonalibus.org\/en\/inner-circle\/"},{"@type":"ListItem","position":3,"name":"Protected: TEC Repository","item":"https:\/\/tonalibus.org\/en\/inner-circle\/tec-repository\/"},{"@type":"ListItem","position":4,"name":"Exploration Courses"}]},{"@type":"WebSite","@id":"https:\/\/tonalibus.org\/de\/#website","url":"https:\/\/tonalibus.org\/de\/","name":"TONALIBUS","description":"Armonia e tonalit\u00e0 ancorate","publisher":{"@id":"https:\/\/tonalibus.org\/de\/#\/schema\/person\/749261d7bc96d1f00127273f83ab96a4"},"potentialAction":[{"@type":"SearchAction","target":{"@type":"EntryPoint","urlTemplate":"https:\/\/tonalibus.org\/de\/?s={search_term_string}"},"query-input":{"@type":"PropertyValueSpecification","valueRequired":true,"valueName":"search_term_string"}}],"inLanguage":"it-IT"},{"@type":["Person","Organization"],"@id":"https:\/\/tonalibus.org\/de\/#\/schema\/person\/749261d7bc96d1f00127273f83ab96a4","name":"Ulrico","image":{"@type":"ImageObject","inLanguage":"it-IT","@id":"https:\/\/tonalibus.org\/wp-content\/uploads\/2020\/06\/uli-pix.jpg","url":"https:\/\/tonalibus.org\/wp-content\/uploads\/2020\/06\/uli-pix.jpg","contentUrl":"https:\/\/tonalibus.org\/wp-content\/uploads\/2020\/06\/uli-pix.jpg","width":960,"height":720,"caption":"Ulrico"},"logo":{"@id":"https:\/\/tonalibus.org\/wp-content\/uploads\/2020\/06\/uli-pix.jpg"},"sameAs":["https:\/\/tonalibus.cyon.site"]}]}},"_links":{"self":[{"href":"https:\/\/tonalibus.org\/it\/wp-json\/wp\/v2\/pages\/2417","targetHints":{"allow":["GET"]}}],"collection":[{"href":"https:\/\/tonalibus.org\/it\/wp-json\/wp\/v2\/pages"}],"about":[{"href":"https:\/\/tonalibus.org\/it\/wp-json\/wp\/v2\/types\/page"}],"author":[{"embeddable":true,"href":"https:\/\/tonalibus.org\/it\/wp-json\/wp\/v2\/users\/1"}],"replies":[{"embeddable":true,"href":"https:\/\/tonalibus.org\/it\/wp-json\/wp\/v2\/comments?post=2417"}],"version-history":[{"count":0,"href":"https:\/\/tonalibus.org\/it\/wp-json\/wp\/v2\/pages\/2417\/revisions"}],"up":[{"embeddable":true,"href":"https:\/\/tonalibus.org\/it\/wp-json\/wp\/v2\/pages\/5562"}],"wp:attachment":[{"href":"https:\/\/tonalibus.org\/it\/wp-json\/wp\/v2\/media?parent=2417"}],"curies":[{"name":"wp","href":"https:\/\/api.w.org\/{rel}","templated":true}]}}