{"id":26493,"date":"2023-08-01T15:41:00","date_gmt":"2023-08-01T13:41:00","guid":{"rendered":"https:\/\/tonalibus.org\/?page_id=26493"},"modified":"2023-12-24T12:31:58","modified_gmt":"2023-12-24T11:31:58","slug":"sound-as-mantra","status":"publish","type":"page","link":"https:\/\/tonalibus.org\/it\/shop\/sound-as-mantra\/","title":{"rendered":"Suono come mantra"},"content":{"rendered":"<div class=\"wp-block-buttons is-content-justification-center is-layout-flex wp-container-core-buttons-is-layout-16018d1d wp-block-buttons-is-layout-flex\">\n<div class=\"wp-block-button is-style-outline is-style-outline--1\"><a class=\"wp-block-button__link wp-element-button\" href=\"#mantra\">Suono come mantra<\/a><\/div>\n\n\n\n<div class=\"wp-block-button is-style-outline is-style-outline--2\"><a class=\"wp-block-button__link wp-element-button\" href=\"#pitch\">Altezza fondamentale<\/a><\/div>\n\n\n\n<div class=\"wp-block-button is-style-outline is-style-outline--3\"><a class=\"wp-block-button__link wp-element-button\" href=\"https:\/\/tonalibus.org\/it\/shop\/tonality-in-action\/chromatic-pitches\/\">Altezze cromatiche<\/a><\/div>\n\n\n\n<div class=\"wp-block-button is-style-outline is-style-outline--4\"><a class=\"wp-block-button__link wp-element-button\" href=\"https:\/\/tonalibus.org\/it\/shop\/tonalities-selection\/\">Selezione di tonalit\u00e0<\/a><\/div>\n<\/div>\n\n\n\n<div style=\"height:50px\" aria-hidden=\"true\" class=\"wp-block-spacer\"><\/div>\n\n\n\n<h2 class=\"wp-block-heading has-text-color\" id=\"mantra\" style=\"color:#f7b320\">Suono come mantra<\/h2>\n\n\n\n<p class=\"has-text-color\" style=\"color:#f7b320\">Puoi goderti tonalit\u00e0 in azione, ad esempio come campione sonoro o loop di qualsiasi tonalit\u00e0 nel catalogo delle <a href=\"https:\/\/tonalibus.org\/it\/tonalities\/\"><mark style=\"background-color:rgba(0, 0, 0, 0);color:#f7b320\" class=\"has-inline-color\">tonalit\u00e0 ancorate<\/mark><\/a>, per il sollevamento, la purificazione e la messa a fuoco, per canticchiare o cantare insieme, per <a aria-label=\"non definito (si apre in una nuova scheda)\" href=\"https:\/\/it.wikipedia.org\/wiki\/Contemplazione\" target=\"_blank\" rel=\"noreferrer noopener\"><mark style=\"background-color:rgba(0, 0, 0, 0);color:#f7b320\" class=\"has-inline-color\">la contemplazione<\/mark><\/a> o <a href=\"https:\/\/it.wikipedia.org\/wiki\/Meditazione\" target=\"_blank\" rel=\"noreferrer noopener\"><mark style=\"background-color:rgba(0, 0, 0, 0);color:#f7b320\" class=\"has-inline-color\">la meditazione<\/mark><\/a>, o semplicemente come suono di sottofondo calmante per rilassarsi e rigenerarsi ogni volta che lo desideri. Di seguito viene illustrato un possibile approccio per determinare la propria altezza fondamentale e per vagliare le numerose tonalit\u00e0 presenti nel catalogo Tonalibus, in modo da aiutarti a trovare la tonalit\u00e0 o le tonalit\u00e0 pi\u00f9 adatte a te in un momento specifico.<\/p>\n\n\n\n<p class=\"has-text-color\" style=\"color:#f7b320\">Nel caso in cui si desideri approfondire questo tema, ci si pu\u00f2 interessare a creare un mantra sonoro sintonizzato individualmente. Due chiavi per creare un mantra sonoro individuale sono la ricerca dell'altezza fondamentale e delle tonalit\u00e0 adatte. Questo pu\u00f2 essere fatto da solo. Di seguito viene descritto un approccio collaudato per trovare la propria <a href=\"#pitch\"><mark style=\"background-color:rgba(0, 0, 0, 0);color:#f7b320\" class=\"has-inline-color\">altezza fondamentale<\/mark><\/a> in un momento specifico. Inoltre, c'\u00e8 un metodo per aiutarti a determinare le tue preferenze di <a href=\"https:\/\/tonalibus.org\/it\/individual-tonalities\/\"><mark style=\"background-color:rgba(0, 0, 0, 0);color:#f7b320\" class=\"has-inline-color\">tonalit\u00e0 individuali<\/mark><\/a>. Poi il passo successivo potrebbe essere quello di applicare la propria o le proprie tonalit\u00e0 in base all'altezza fondamentale. Se hai una predisposizione musicale, puoi farlo tu stesso, assicurandoti cos\u00ec la sintonizzazione  individuale al di l\u00e0 dell'altezza e della tonalit\u00e0. <\/p>\n\n\n\n<p class=\"has-text-color\" style=\"color:#f7b320\">Quando \u00e8 necessario e richiesto, Tonalibus potrebbe aiutare ulteriormente a trovare la propria altezza fondamentale e le preferenze individuali di tonalit\u00e0. \u00c8 possibile facilitare musicalmente e costruire sulle scoperte e sui contributi personali per aiutare a creare un mantra sonoro individuale. La propria altezza fondamentale, la scelta delle tonalit\u00e0 e l'eventuale mantra sono personali e puramente individuali. Tonalibus potr\u00e0 semplicemente comporre ed espandere, se necessario o possibile, ci\u00f2 che hai trovato e scelto per te stesso. Questo \u00e8 un modo in cui pu\u00f2 nascere un mantra sonoro individuale. <\/p>\n\n\n\n<h2 class=\"wp-block-heading has-text-color\" id=\"pitch\" style=\"color:#f7b320\">Altezza fondamentale individuale o personale<\/h2>\n\n\n\n<div class=\"wp-block-buttons is-content-justification-center is-layout-flex wp-container-core-buttons-is-layout-16018d1d wp-block-buttons-is-layout-flex\">\n<div class=\"wp-block-button is-style-outline is-style-outline--5\"><a class=\"wp-block-button__link wp-element-button\" href=\"#exercise\">Altezza fondamentale<br>Esercizio di determinazione<\/a><\/div>\n\n\n\n<div class=\"wp-block-button is-style-outline is-style-outline--6\"><a class=\"wp-block-button__link wp-element-button\" href=\"#alternative\">Esercizi alternativi<br>Determinazione dell'altezza<\/a><\/div>\n\n\n\n<div class=\"wp-block-button is-style-outline is-style-outline--7\"><a class=\"wp-block-button__link wp-element-button\" href=\"#check\">Verificare e denominare<br>la tua altezza fondamentale<\/a><\/div>\n<\/div>\n\n\n\n<div style=\"height:45px\" aria-hidden=\"true\" class=\"wp-block-spacer\"><\/div>\n\n\n\n<p class=\"has-text-color\" style=\"color:#f7b320\">Gli approcci e le opinioni in merito alle altezze fondamentali personali possono variare notevolmente. In generale si concorda che il suono o la vibrazione siano un elemento essenziale dell'esistenza. Ma le posizioni tendono a differire molto sul valore o addirittura sull'esistenza di altezze fondamentali individuali o personali, che si tratti di una persona, di un luogo, di un pianeta o di un piano specifici. <\/p>\n\n\n\n<p class=\"has-text-color\" style=\"color:#f7b320\">Tonalibus sostiene la posizione pragmatica che l'accordo su un riferimento comune per l'altezza fondamentale \u00e8 necessario per poter generare musica armoniosa insieme ad altri. Il riferimento standard odierno, stabilito a met\u00e0 del 1900, \u00e8 <a href=\"https:\/\/en.wikipedia.org\/wiki\/A440_(pitch_standard)\" target=\"_blank\" rel=\"noreferrer noopener\"><mark style=\"background-color:rgba(0, 0, 0, 0);color:#f7b320\" class=\"has-inline-color\">La \/ A = 440 Hz<\/mark><\/a>. Alcuni musicisti New Age e meditativi sostengono che la musica relativa a La \/ A = 432 Hz sia pi\u00f9 risonante e toccante. Tonalibus utilizza generalmente 438,2 Hz come riferimento (calcolato da Ulrico in giovent\u00f9) e riconosce anche il valore potenzialmente profondo che un'altezza fondamentale personale pu\u00f2 avere per un individuo, anche se tale altezza individuale sia vista come in qualche modo fluida e variabile o cambiante nel tempo.   <\/p>\n\n\n\n<h3 class=\"wp-block-heading has-text-color\" id=\"exercise\" style=\"color:#f7b320\">Esercizio per determinare la propria altezza fondamentale<\/h3>\n\n\n\n<div class=\"wp-block-columns is-layout-flex wp-container-core-columns-is-layout-9d6595d7 wp-block-columns-is-layout-flex\">\n<div class=\"wp-block-column is-layout-flow wp-block-column-is-layout-flow\" style=\"flex-basis:33.33%\">\n<p class=\"has-text-color\" style=\"color:#f7b320\">1) In uno spazio e un momento di quiete, ascolta il suono che c'\u00e8 dentro di te. Prenditi il tempo di farlo.<\/p>\n<\/div>\n\n\n\n<div class=\"wp-block-column is-layout-flow wp-block-column-is-layout-flow\" style=\"flex-basis:33.33%\">\n<p class=\"has-text-color\" style=\"color:#f7b320\">2) Con molta delicatezza, inizia ad esprimere il tuo suono interiore semplicemente respirandolo. Fai coincidere prima e soprattutto la tua espirazione e poi forse anche la tua inspirazione con il suono che senti dentro di te.<\/p>\n<\/div>\n\n\n\n<div class=\"wp-block-column is-layout-flow wp-block-column-is-layout-flow\" style=\"flex-basis:33.33%\">\n<p class=\"has-text-color\" style=\"color:#f7b320\">3) Quando il tuo respiro \u00e8 ben sintonizzato sul tuo suono interiore come un'intonazione costante, trasforma molto delicatamente la tua espirazione per canticchiare molto dolcemente quell'intonazione. Poi aumenta gradualmente fino ad arrivare a un canto facile e rilassato per tutto il tempo che vuoi o fino a quando l'intonazione del tuo suono interiore \u00e8 ben stabilita.<\/p>\n<\/div>\n<\/div>\n\n\n\n<p class=\"has-text-color\" style=\"color:#f7b320\">Puoi fare questo esercizio personale di determinazione dell'altezza fondamentale ripetutamente, distribuito nel tempo, per giorni o settimane. Un buon momento per farlo potrebbe essere proprio al risveglio del mattino, potenzialmente verso la fine di una pausa tranquilla durante la giornata, o prima di andare a dormire. Potrebbe essere aggiunto alla fine di una contemplazione o meditazione. E si pu\u00f2 intonare una sillaba spiritualmente caricata come <a href=\"https:\/\/it.wikipedia.org\/wiki\/Om_(induismo)\" target=\"_blank\" rel=\"noreferrer noopener\"><mark style=\"background-color:rgba(0, 0, 0, 0);color:#f7b320\" class=\"has-inline-color\"><em>\u014c\u1e43 \/ Aum<\/em><\/mark><\/a> \u0950 o <em><a href=\"https:\/\/tonalibus.org\/it\/about-tonalibus\/hu-mantra-of-soul\/\"><mark style=\"background-color:rgba(0, 0, 0, 0);color:#f7b320\" class=\"has-inline-color\">HU<\/mark><\/a><\/em>, o un'altra sillaba mantra che ti piace.<\/p>\n\n\n\n<h3 class=\"wp-block-heading has-text-color\" id=\"alternative\" style=\"color:#f7b320\">Metodi alternativi per determinare un'altezza fondamentale personale<\/h3>\n\n\n\n<p class=\"has-text-color\" style=\"color:#f7b320\">Se l'esercizio di cui sopra ti sembra difficile e senza risultati chiari, ecco due ulteriori approcci per trovare la tua altezza fondamentale personale. <\/p>\n\n\n\n<p class=\"has-text-color\" style=\"color:#f7b320\">Potresti cantare spontaneamente e casualmente glissandi su e gi\u00f9 per un'ottava o due, restringendo gradualmente il glissando rilassandoti e lasciandoti andare sempre di pi\u00f9, per arrivare infine su un'unica altezza, e prenderla come la tua altezza fondamentale. <\/p>\n\n\n\n<p class=\"has-text-color\" style=\"color:#f7b320\">Oppure si potresti campionare alcune altezze su qualsiasi strumento musicale o sulla <a href=\"https:\/\/tonalibus.org\/it\/shop\/sound-as-mantra\/chromatic-pitches\/\"><mark style=\"background-color:rgba(0, 0, 0, 0);color:#f7b320\" class=\"has-inline-color\">pagina delle altezze cromatiche<\/mark><\/a> per cercare quella che ti si addice di pi\u00f9 e che risuona maggiormente dentro di te. In questo modo potrai trovare la tua altezza fondamentale in quel momento. Si noti anche che la tua altezza pu\u00f2 cambiare in base a ci\u00f2 che ascolti.<\/p>\n\n\n\n<h3 class=\"wp-block-heading has-text-color\" id=\"check\" style=\"color:#f7b320\">Verificare e denominare la tua altezza fondamentale<\/h3>\n\n\n\n<p class=\"has-text-color\" style=\"color:#f7b320\">Se possiedi uno strumento a corde o di altro tipo accordabile, puoi trasferire su di esso la tua altezza fondamentale. <\/p>\n\n\n\n<p class=\"has-text-color\" style=\"color:#f7b320\">\u00c8 possibile misurare e trovare il nome della tua altezza con un dispositivo di sintonizzazione. Esistono buone applicazioni gratuite per l'accordatura disponibili per apparecchi mobili, che mostrano il valore hertz e il nome dell'altezza delle frequenze audio. Tonalibus utilizza \u201cPiano Tuner Lite\u201d e \u201cPitched Tuner\u201d. <\/p>\n\n\n\n<p class=\"has-text-color\" style=\"color:#f7b320\">Si potrebbe anche registrare l'altezza trovata, ad esempio come memo vocale sul proprio apparecchio mobile.<em> <\/em>Poi, se non hai un altro strumento (o uno con accordatura fissa come, ad esempio, un pianoforte) per farlo, puoi verificare e dare un nome alla tua altezza campionando le dodici altezze proposte sulla <a href=\"https:\/\/tonalibus.org\/it\/shop\/sound-as-mantra\/chromatic-pitches\/\"><mark style=\"background-color:rgba(0, 0, 0, 0);color:#f7b320\" class=\"has-inline-color\">pagina delle altezze cromatiche<\/mark><\/a> e determinare cos\u00ec quella che si avvicina di pi\u00f9 alla tua altezza. <\/p>\n\n\n\n<p class=\"has-text-color\" style=\"color:#f7b320\">Tali passi ti permetteranno di osservare la tua altezza e la sua stabilit\u00e0 o il suo potenziale movimento nel tempo, o forse di ottenere un supporto musicale per creare un mantra sonoro individuale.<\/p>\n\n\n\n<div style=\"height:48px\" aria-hidden=\"true\" class=\"wp-block-spacer\"><\/div>\n\n\n<div class=\"wp-block-image\">\n<figure class=\"aligncenter size-full is-resized\"><img loading=\"lazy\" decoding=\"async\" width=\"720\" height=\"720\" src=\"https:\/\/tonalibus.org\/wp-content\/uploads\/2021\/12\/fat-logo-square.jpg\" alt=\"Sept-Oct 2023 Tonalibus update\" class=\"wp-image-15748\" style=\"width:300px\" srcset=\"https:\/\/tonalibus.org\/wp-content\/uploads\/2021\/12\/fat-logo-square.jpg 720w, https:\/\/tonalibus.org\/wp-content\/uploads\/2021\/12\/fat-logo-square-300x300.jpg 300w, https:\/\/tonalibus.org\/wp-content\/uploads\/2021\/12\/fat-logo-square-150x150.jpg 150w, https:\/\/tonalibus.org\/wp-content\/uploads\/2021\/12\/fat-logo-square-12x12.jpg 12w, https:\/\/tonalibus.org\/wp-content\/uploads\/2021\/12\/fat-logo-square-100x100.jpg 100w, https:\/\/tonalibus.org\/wp-content\/uploads\/2021\/12\/fat-logo-square-560x560.jpg 560w\" sizes=\"auto, (max-width: 720px) 100vw, 720px\" \/><figcaption class=\"wp-element-caption\">La <a href=\"https:\/\/tonalibus.org\/it\/concepts\/concepts-highlights\/highlight-pivots\/\">perno armonico<\/a> \u2013 due spirali contrapposte unificate<\/figcaption><\/figure>\n<\/div>","protected":false},"excerpt":{"rendered":"<p>Il suono come mantra Puoi goderti la tonalit\u00e0 in azione, come i loop di campioni sonori di qualsiasi tonalit\u00e0 del catalogo delle tonalit\u00e0 ancorate, per elevarti, disintossicarti e concentrarti, per canticchiare, cantare o accompagnare, per la contemplazione o la meditazione, o semplicemente per rilassarti e rigenerarti come suono di sottofondo rilassante quando lo desideri. Di seguito trovi una possibile ... <\/p>\n<p class=\"link-more\"><a href=\"https:\/\/tonalibus.org\/it\/shop\/sound-as-mantra\/\" class=\"more-link\">Leggi tutto<span class=\"screen-reader-text\"> \"Il suono come mantra\"<\/span><\/a><\/p>","protected":false},"author":1,"featured_media":0,"parent":490,"menu_order":50,"comment_status":"closed","ping_status":"closed","template":"","meta":{"footnotes":""},"class_list":["post-26493","page","type-page","status-publish","hentry"],"yoast_head":"<!-- This site is optimized with the Yoast SEO plugin v27.4 - https:\/\/yoast.com\/product\/yoast-seo-wordpress\/ -->\n<title>Sound as mantra &#8211; TONALIBUS, Anchored Harmony and Tonalities<\/title>\n<meta name=\"description\" content=\"Sound as mantra, personal fundamental pitch and individual tonality preference determination - tonality in action!\" \/>\n<meta name=\"robots\" content=\"index, follow, max-snippet:-1, max-image-preview:large, max-video-preview:-1\" \/>\n<link rel=\"canonical\" href=\"https:\/\/tonalibus.org\/it\/shop\/sound-as-mantra\/\" \/>\n<meta property=\"og:locale\" content=\"it_IT\" \/>\n<meta property=\"og:type\" content=\"article\" \/>\n<meta property=\"og:title\" content=\"Sound as mantra &#8211; TONALIBUS, Anchored Harmony and Tonalities\" \/>\n<meta property=\"og:description\" content=\"Sound as mantra, personal fundamental pitch and individual tonality preference determination - tonality in action!\" \/>\n<meta property=\"og:url\" content=\"https:\/\/tonalibus.org\/it\/shop\/sound-as-mantra\/\" \/>\n<meta property=\"og:site_name\" content=\"TONALIBUS\" \/>\n<meta property=\"article:modified_time\" content=\"2023-12-24T11:31:58+00:00\" \/>\n<meta property=\"og:image\" content=\"https:\/\/tonalibus.org\/wp-content\/uploads\/2021\/12\/fat-logo-square.jpg\" \/>\n<meta name=\"twitter:card\" content=\"summary_large_image\" \/>\n<meta name=\"twitter:label1\" content=\"Tempo di lettura stimato\" \/>\n\t<meta name=\"twitter:data1\" content=\"5 minuti\" \/>\n<script type=\"application\/ld+json\" class=\"yoast-schema-graph\">{\"@context\":\"https:\\\/\\\/schema.org\",\"@graph\":[{\"@type\":\"WebPage\",\"@id\":\"https:\\\/\\\/tonalibus.org\\\/shop\\\/sound-as-mantra\\\/\",\"url\":\"https:\\\/\\\/tonalibus.org\\\/shop\\\/sound-as-mantra\\\/\",\"name\":\"Sound as mantra &#8211; TONALIBUS, Anchored Harmony and Tonalities\",\"isPartOf\":{\"@id\":\"https:\\\/\\\/tonalibus.org\\\/de\\\/#website\"},\"primaryImageOfPage\":{\"@id\":\"https:\\\/\\\/tonalibus.org\\\/shop\\\/sound-as-mantra\\\/#primaryimage\"},\"image\":{\"@id\":\"https:\\\/\\\/tonalibus.org\\\/shop\\\/sound-as-mantra\\\/#primaryimage\"},\"thumbnailUrl\":\"https:\\\/\\\/tonalibus.org\\\/wp-content\\\/uploads\\\/2021\\\/12\\\/fat-logo-square.jpg\",\"datePublished\":\"2023-08-01T13:41:00+00:00\",\"dateModified\":\"2023-12-24T11:31:58+00:00\",\"description\":\"Sound as mantra, personal fundamental pitch and individual tonality preference determination - tonality in action!\",\"breadcrumb\":{\"@id\":\"https:\\\/\\\/tonalibus.org\\\/shop\\\/sound-as-mantra\\\/#breadcrumb\"},\"inLanguage\":\"it-IT\",\"potentialAction\":[{\"@type\":\"ReadAction\",\"target\":[\"https:\\\/\\\/tonalibus.org\\\/shop\\\/sound-as-mantra\\\/\"]}]},{\"@type\":\"ImageObject\",\"inLanguage\":\"it-IT\",\"@id\":\"https:\\\/\\\/tonalibus.org\\\/shop\\\/sound-as-mantra\\\/#primaryimage\",\"url\":\"https:\\\/\\\/tonalibus.org\\\/wp-content\\\/uploads\\\/2021\\\/12\\\/fat-logo-square.jpg\",\"contentUrl\":\"https:\\\/\\\/tonalibus.org\\\/wp-content\\\/uploads\\\/2021\\\/12\\\/fat-logo-square.jpg\"},{\"@type\":\"BreadcrumbList\",\"@id\":\"https:\\\/\\\/tonalibus.org\\\/shop\\\/sound-as-mantra\\\/#breadcrumb\",\"itemListElement\":[{\"@type\":\"ListItem\",\"position\":1,\"name\":\"Home\",\"item\":\"https:\\\/\\\/tonalibus.org\\\/\"},{\"@type\":\"ListItem\",\"position\":2,\"name\":\"Fidibus Shop\",\"item\":\"https:\\\/\\\/tonalibus.org\\\/shop\\\/\"},{\"@type\":\"ListItem\",\"position\":3,\"name\":\"Sound as mantra\"}]},{\"@type\":\"WebSite\",\"@id\":\"https:\\\/\\\/tonalibus.org\\\/de\\\/#website\",\"url\":\"https:\\\/\\\/tonalibus.org\\\/de\\\/\",\"name\":\"TONALIBUS\",\"description\":\"Anchored Harmony and Tonalities\",\"publisher\":{\"@id\":\"https:\\\/\\\/tonalibus.org\\\/de\\\/#\\\/schema\\\/person\\\/749261d7bc96d1f00127273f83ab96a4\"},\"potentialAction\":[{\"@type\":\"SearchAction\",\"target\":{\"@type\":\"EntryPoint\",\"urlTemplate\":\"https:\\\/\\\/tonalibus.org\\\/de\\\/?s={search_term_string}\"},\"query-input\":{\"@type\":\"PropertyValueSpecification\",\"valueRequired\":true,\"valueName\":\"search_term_string\"}}],\"inLanguage\":\"it-IT\"},{\"@type\":[\"Person\",\"Organization\"],\"@id\":\"https:\\\/\\\/tonalibus.org\\\/de\\\/#\\\/schema\\\/person\\\/749261d7bc96d1f00127273f83ab96a4\",\"name\":\"Ulrico\",\"image\":{\"@type\":\"ImageObject\",\"inLanguage\":\"it-IT\",\"@id\":\"https:\\\/\\\/tonalibus.org\\\/wp-content\\\/uploads\\\/2020\\\/06\\\/uli-pix.jpg\",\"url\":\"https:\\\/\\\/tonalibus.org\\\/wp-content\\\/uploads\\\/2020\\\/06\\\/uli-pix.jpg\",\"contentUrl\":\"https:\\\/\\\/tonalibus.org\\\/wp-content\\\/uploads\\\/2020\\\/06\\\/uli-pix.jpg\",\"width\":960,\"height\":720,\"caption\":\"Ulrico\"},\"logo\":{\"@id\":\"https:\\\/\\\/tonalibus.org\\\/wp-content\\\/uploads\\\/2020\\\/06\\\/uli-pix.jpg\"},\"sameAs\":[\"https:\\\/\\\/tonalibus.cyon.site\"]}]}<\/script>\n<!-- \/ Yoast SEO plugin. -->","yoast_head_json":{"title":"Il suono come mantra - TONALIBUS, Armonia Ancorata e Tonalit\u00e0","description":"Il suono come mantra, l'intonazione fondamentale personale e la determinazione delle preferenze tonali individuali: la tonalit\u00e0 in azione!","robots":{"index":"index","follow":"follow","max-snippet":"max-snippet:-1","max-image-preview":"max-image-preview:large","max-video-preview":"max-video-preview:-1"},"canonical":"https:\/\/tonalibus.org\/it\/shop\/sound-as-mantra\/","og_locale":"it_IT","og_type":"article","og_title":"Sound as mantra &#8211; TONALIBUS, Anchored Harmony and Tonalities","og_description":"Sound as mantra, personal fundamental pitch and individual tonality preference determination - tonality in action!","og_url":"https:\/\/tonalibus.org\/it\/shop\/sound-as-mantra\/","og_site_name":"TONALIBUS","article_modified_time":"2023-12-24T11:31:58+00:00","og_image":[{"url":"https:\/\/tonalibus.org\/wp-content\/uploads\/2021\/12\/fat-logo-square.jpg","type":"","width":"","height":""}],"twitter_card":"summary_large_image","twitter_misc":{"Tempo di lettura stimato":"5 minuti"},"schema":{"@context":"https:\/\/schema.org","@graph":[{"@type":"WebPage","@id":"https:\/\/tonalibus.org\/shop\/sound-as-mantra\/","url":"https:\/\/tonalibus.org\/shop\/sound-as-mantra\/","name":"Il suono come mantra - TONALIBUS, Armonia Ancorata e Tonalit\u00e0","isPartOf":{"@id":"https:\/\/tonalibus.org\/de\/#website"},"primaryImageOfPage":{"@id":"https:\/\/tonalibus.org\/shop\/sound-as-mantra\/#primaryimage"},"image":{"@id":"https:\/\/tonalibus.org\/shop\/sound-as-mantra\/#primaryimage"},"thumbnailUrl":"https:\/\/tonalibus.org\/wp-content\/uploads\/2021\/12\/fat-logo-square.jpg","datePublished":"2023-08-01T13:41:00+00:00","dateModified":"2023-12-24T11:31:58+00:00","description":"Il suono come mantra, l'intonazione fondamentale personale e la determinazione delle preferenze tonali individuali: la tonalit\u00e0 in azione!","breadcrumb":{"@id":"https:\/\/tonalibus.org\/shop\/sound-as-mantra\/#breadcrumb"},"inLanguage":"it-IT","potentialAction":[{"@type":"ReadAction","target":["https:\/\/tonalibus.org\/shop\/sound-as-mantra\/"]}]},{"@type":"ImageObject","inLanguage":"it-IT","@id":"https:\/\/tonalibus.org\/shop\/sound-as-mantra\/#primaryimage","url":"https:\/\/tonalibus.org\/wp-content\/uploads\/2021\/12\/fat-logo-square.jpg","contentUrl":"https:\/\/tonalibus.org\/wp-content\/uploads\/2021\/12\/fat-logo-square.jpg"},{"@type":"BreadcrumbList","@id":"https:\/\/tonalibus.org\/shop\/sound-as-mantra\/#breadcrumb","itemListElement":[{"@type":"ListItem","position":1,"name":"Home","item":"https:\/\/tonalibus.org\/"},{"@type":"ListItem","position":2,"name":"Fidibus Shop","item":"https:\/\/tonalibus.org\/shop\/"},{"@type":"ListItem","position":3,"name":"Sound as mantra"}]},{"@type":"WebSite","@id":"https:\/\/tonalibus.org\/de\/#website","url":"https:\/\/tonalibus.org\/de\/","name":"TONALIBUS","description":"Armonia e tonalit\u00e0 ancorate","publisher":{"@id":"https:\/\/tonalibus.org\/de\/#\/schema\/person\/749261d7bc96d1f00127273f83ab96a4"},"potentialAction":[{"@type":"SearchAction","target":{"@type":"EntryPoint","urlTemplate":"https:\/\/tonalibus.org\/de\/?s={search_term_string}"},"query-input":{"@type":"PropertyValueSpecification","valueRequired":true,"valueName":"search_term_string"}}],"inLanguage":"it-IT"},{"@type":["Person","Organization"],"@id":"https:\/\/tonalibus.org\/de\/#\/schema\/person\/749261d7bc96d1f00127273f83ab96a4","name":"Ulrico","image":{"@type":"ImageObject","inLanguage":"it-IT","@id":"https:\/\/tonalibus.org\/wp-content\/uploads\/2020\/06\/uli-pix.jpg","url":"https:\/\/tonalibus.org\/wp-content\/uploads\/2020\/06\/uli-pix.jpg","contentUrl":"https:\/\/tonalibus.org\/wp-content\/uploads\/2020\/06\/uli-pix.jpg","width":960,"height":720,"caption":"Ulrico"},"logo":{"@id":"https:\/\/tonalibus.org\/wp-content\/uploads\/2020\/06\/uli-pix.jpg"},"sameAs":["https:\/\/tonalibus.cyon.site"]}]}},"_links":{"self":[{"href":"https:\/\/tonalibus.org\/it\/wp-json\/wp\/v2\/pages\/26493","targetHints":{"allow":["GET"]}}],"collection":[{"href":"https:\/\/tonalibus.org\/it\/wp-json\/wp\/v2\/pages"}],"about":[{"href":"https:\/\/tonalibus.org\/it\/wp-json\/wp\/v2\/types\/page"}],"author":[{"embeddable":true,"href":"https:\/\/tonalibus.org\/it\/wp-json\/wp\/v2\/users\/1"}],"replies":[{"embeddable":true,"href":"https:\/\/tonalibus.org\/it\/wp-json\/wp\/v2\/comments?post=26493"}],"version-history":[{"count":0,"href":"https:\/\/tonalibus.org\/it\/wp-json\/wp\/v2\/pages\/26493\/revisions"}],"up":[{"embeddable":true,"href":"https:\/\/tonalibus.org\/it\/wp-json\/wp\/v2\/pages\/490"}],"wp:attachment":[{"href":"https:\/\/tonalibus.org\/it\/wp-json\/wp\/v2\/media?parent=26493"}],"curies":[{"name":"wp","href":"https:\/\/api.w.org\/{rel}","templated":true}]}}