{"id":2718,"date":"2020-07-17T08:47:15","date_gmt":"2020-07-17T06:47:15","guid":{"rendered":"https:\/\/tonalibus.org\/?page_id=2718"},"modified":"2026-02-08T20:53:01","modified_gmt":"2026-02-08T19:53:01","slug":"sounds","status":"publish","type":"page","link":"https:\/\/tonalibus.org\/it\/sounds\/","title":{"rendered":"Suoni"},"content":{"rendered":"<h2 class=\"wp-block-heading\" id=\"personal-and-cooperation-sound-samples\"><mark style=\"background-color:rgba(0, 0, 0, 0);color:#f7b320\" class=\"has-inline-color\">Campioni sonori personali e di cooperazione e immagini<\/mark> <\/h2>\n\n\n\n<div class=\"wp-block-buttons is-horizontal is-content-justification-center is-layout-flex wp-container-core-buttons-is-layout-499968f5 wp-block-buttons-is-layout-flex\">\n<div class=\"wp-block-button is-style-outline is-style-outline--1\"><a class=\"wp-block-button__link wp-element-button\" href=\"https:\/\/tonalibus.org\/it\/sounds\/sounds-index\/\">Indice di suoni<\/a><\/div>\n\n\n\n<div class=\"wp-block-button is-style-outline is-style-outline--2\"><a class=\"wp-block-button__link wp-element-button\" href=\"https:\/\/tonalibus.org\/it\/sounds\/2026-sounds-and-images\/\">Suoni e immagini 2026<\/a><\/div>\n\n\n\n<div class=\"wp-block-button is-style-outline is-style-outline--3\"><a class=\"wp-block-button__link wp-element-button\" href=\"https:\/\/tonalibus.org\/it\/sounds\/2025-sounds-and-images\/\">Suoni e immagini 2025<\/a><\/div>\n\n\n\n<div class=\"wp-block-button is-style-outline is-style-outline--4\"><a class=\"wp-block-button__link wp-element-button\" href=\"https:\/\/tonalibus.org\/it\/sounds\/2024-sounds-and-images\/\">Suoni e immagini 2024<\/a><\/div>\n\n\n\n<div class=\"wp-block-button is-style-outline is-style-outline--5\"><a class=\"wp-block-button__link wp-element-button\" href=\"https:\/\/tonalibus.org\/it\/sounds\/2023-sounds-and-images\/\">Suoni e immagini 2023<\/a><\/div>\n\n\n\n<div class=\"wp-block-button is-style-outline is-style-outline--6\"><a class=\"wp-block-button__link wp-element-button\" href=\"https:\/\/tonalibus.org\/it\/sounds\/2022-sounds-and-images\/\">Suoni e immagini 2022<\/a><\/div>\n\n\n\n<div class=\"wp-block-button is-style-outline is-style-outline--7\"><a class=\"wp-block-button__link wp-element-button\" href=\"https:\/\/tonalibus.org\/it\/sounds\/2021-sound-and-images\/\">Suoni e immagini 2021<\/a><\/div>\n\n\n\n<div class=\"wp-block-button is-style-outline is-style-outline--8\"><a class=\"wp-block-button__link wp-element-button\" href=\"https:\/\/tonalibus.org\/it\/sounds\/2020-sound-and-images\/\">Suoni e immagini 2020<\/a><\/div>\n\n\n\n<div class=\"wp-block-button is-style-outline is-style-outline--9\"><a class=\"wp-block-button__link wp-element-button\" href=\"#feat\">Alcuni campioni sonori<\/a><\/div>\n<\/div>\n\n\n\n<div style=\"height:12px\" aria-hidden=\"true\" class=\"wp-block-spacer\"><\/div>\n\n\n\n<div class=\"wp-block-buttons is-horizontal is-content-justification-center is-layout-flex wp-container-core-buttons-is-layout-499968f5 wp-block-buttons-is-layout-flex\">\n<div class=\"wp-block-button is-style-outline is-style-outline--10\"><a class=\"wp-block-button__link wp-element-button\" href=\"https:\/\/tonalibus.org\/it\/about-tonalibus\/ulrico\/personal-sound-samples\/cooperation-2020\/\">Cooperazione 2020-2021 <\/a><\/div>\n\n\n\n<div class=\"wp-block-button is-style-outline is-style-outline--11\"><a class=\"wp-block-button__link wp-element-button\" href=\"https:\/\/tonalibus.org\/it\/about-tonalibus\/ulrico\/personal-sound-samples\/2014-before-tonalibus\/\">2014 (prima di Tonalibus) <\/a><\/div>\n<\/div>\n\n\n\n<div style=\"height:40px\" aria-hidden=\"true\" class=\"wp-block-spacer\"><\/div>\n\n\n\n<p class=\"has-text-color\" style=\"color:#f7b320\">Qui, in <em>Suoni<\/em>,<em> <\/em>si trovano campioni sonori personali e di cooperazione \u2013 improvvisazioni spontanee, originali e spesso multistrato di <a href=\"https:\/\/tonalibus.org\/it\/about-tonalibus\/ulrico\/\"><mark style=\"background-color:rgba(0, 0, 0, 0);color:#f7b320\" class=\"has-inline-color\">Ulrico<\/mark><\/a>. Per gli esempi di collaborazione con amici, sono indicati i loro nomi. Molte di queste registrazioni esistono in due versioni leggermente diverse. La principale \u00e8 per l'ascolto a passaggio singolo. Mentre l'altra, la versione loop, \u00e8 spesso specificamente sintonizzata per il looping continuo.  Un loop viene riprodotto continuamente finch\u00e9 non lo si interrompe, non si passa a un'altra pagina della scheda attuale o non si imposta l'interruzione alla fine del brano tramite l'opzione del tasto destro del browser, se disponibile. Puoi goderti un loop come mantra sonoro per <a aria-label=\"non definito (si apre in una nuova scheda)\" href=\"https:\/\/it.wikipedia.org\/wiki\/Meditazione\" target=\"_blank\" rel=\"noreferrer noopener\"><mark style=\"background-color:rgba(0, 0, 0, 0);color:#f7b320\" class=\"has-inline-color\">la meditazione<\/mark><\/a> o <a aria-label=\"non definito (si apre in una nuova scheda)\" href=\"https:\/\/it.wikipedia.org\/wiki\/Contemplazione\" target=\"_blank\" rel=\"noreferrer noopener\"><mark style=\"background-color:rgba(0, 0, 0, 0);color:#f7b320\" class=\"has-inline-color\">la contemplazione<\/mark><\/a>, per il sollevamento, la messa a fuoco, o semplicemente per il rilax e la rigenerazione come rilassante suono di sottofondo.<\/p>\n\n\n\n<h2 class=\"wp-block-heading has-text-color\" id=\"feat\" style=\"color:#f7b320\">Alcuni campioni sonori<\/h2>\n\n\n\n<h3 class=\"wp-block-heading has-text-color\" style=\"color:#f7b320\">\u201cPhrygian HU\u201d \u2013 un blues meditativo<\/h3>\n\n\n\n<figure class=\"wp-block-audio\"><audio controls src=\"https:\/\/tonalibus.org\/wp-content\/uploads\/2022\/05\/2022-05-23-GGGTVCRO-sing.mp3\"><\/audio><figcaption class=\"wp-element-caption\"><a href=\"https:\/\/tonalibus.org\/it\/tonalities\/diatonic-heptatonalities\/phrygian\/\"><mark style=\"background-color:rgba(0, 0, 0, 0);color:#f7b320\" class=\"has-inline-color\">Frigio<\/mark><\/a><mark style=\"background-color:rgba(0, 0, 0, 0);color:#f7b320\" class=\"has-inline-color\"> \u2013 multipla chitarra a 8 corde, voce, crotali, tanpura \u2013 maggio 2022 \u2013 10:20 \u2013  <\/mark><a href=\"https:\/\/tonalibus.org\/it\/sounds\/spring-2022-loops\/#phryghu\" target=\"_blank\" rel=\"noreferrer noopener\"><mark style=\"background-color:rgba(0, 0, 0, 0);color:#f7b320\" class=\"has-inline-color\">come loop<\/mark><\/a><mark style=\"background-color:rgba(0, 0, 0, 0);color:#f7b320\" class=\"has-inline-color\"> su una scheda separata<\/mark><\/figcaption><\/figure>\n\n\n\n<h3 class=\"wp-block-heading\" id=\"over-and-under-tone-presents\"><mark style=\"background-color:rgba(0, 0, 0, 0);color:#f7b320\" class=\"has-inline-color\">\u201cOver- and Under-Tone Presents\u201d<\/mark><\/h3>\n\n\n\n<figure class=\"wp-block-audio\"><audio controls src=\"https:\/\/tonalibus.org\/wp-content\/uploads\/2021\/03\/2021-03-04-FFFT.mp3\"><\/audio><figcaption class=\"wp-element-caption\"><mark style=\"background-color:rgba(0, 0, 0, 0);color:#f7b320\" class=\"has-inline-color\">Tripla <\/mark><a href=\"https:\/\/en.wikipedia.org\/wiki\/Fujara\" target=\"_blank\" rel=\"noreferrer noopener\"><mark style=\"background-color:rgba(0, 0, 0, 0);color:#f7b320\" class=\"has-inline-color\">fujara<\/mark><\/a><mark style=\"background-color:rgba(0, 0, 0, 0);color:#f7b320\" class=\"has-inline-color\"> e flauto dolce tenore \u2013 marzo 2021 \u2013 2:31 \u2013 sotto <\/mark><a href=\"https:\/\/tonalibus.org\/it\/sounds\/spring-2021-loops\/#2103-up2\"><mark style=\"background-color:rgba(0, 0, 0, 0);color:#f7b320\" class=\"has-inline-color\">Primavera 2021<\/mark><\/a><mark style=\"background-color:rgba(0, 0, 0, 0);color:#f7b320\" class=\"has-inline-color\"><mark style=\"background-color:rgba(0, 0, 0, 0);color:#f7b320\" class=\"has-inline-color\"><\/mark> disponibile come loop<\/mark><\/figcaption><\/figure>\n\n\n\n<h3 class=\"wp-block-heading\" id=\"bluemix-syntropy-blues-mix-in-bluemix-tonality\"><mark style=\"background-color:rgba(0, 0, 0, 0);color:#f7b320\" class=\"has-inline-color\">\"BlueMix Syntropy\" \u2013 mix blues nella tonalit\u00e0 BlueMix<\/mark><\/h3>\n\n\n\n<figure id=\"Extra\" class=\"wp-block-audio\"><audio controls src=\"https:\/\/tonalibus.org\/wp-content\/uploads\/2021\/01\/2021-01-16-G-4-BLUEMIX.mp3\"><\/audio><figcaption class=\"wp-element-caption\"><a href=\"https:\/\/tonalibus.org\/it\/tonalities\/tritone-or-blues-tonalities\/bluemix\/\"><span style=\"color:#f7b320\" class=\"has-inline-color\">BlueMix<\/span><\/a><span style=\"color:#f7b320\" class=\"has-inline-color\"> \u2013 multipla chitarra a 8 corde \u2013 gennaio 2021 \u2013 5:54 \u2013 sotto <\/span><a href=\"https:\/\/tonalibus.org\/it\/sounds\/winter-2020-2021-loops\/#21w-5\"><span style=\"color:#f7b320\" class=\"has-inline-color\">Inverno 2020-2021<\/span><\/a><span style=\"color:#f7b320\" class=\"has-inline-color\"> disponibile come loop \u2013 messaggio correlato sul blog Spiritualibus \"<\/span><a href=\"https:\/\/tonalibus.org\/it\/2021\/01\/20\/for-good-and-soul\/\"><span style=\"color:#f7b320\" class=\"has-inline-color\">Per il bene e l'anima<\/span><\/a><span style=\"color:#f7b320\" class=\"has-inline-color\">\u201d<\/span><\/figcaption><\/figure>\n\n\n\n<h3 class=\"wp-block-heading has-text-color\" id=\"dear-god\" style=\"color:#f7b320\">\u201cCourage it takes\u201d \u2013 un medley audio linguistico<\/h3>\n\n\n\n<figure class=\"wp-block-audio\"><audio controls src=\"https:\/\/tonalibus.org\/wp-content\/uploads\/2022\/02\/2022-02-01-COURAGE-X.mp3\"><\/audio><figcaption class=\"wp-element-caption\"><mark><mark style=\"background-color:rgba(0, 0, 0, 0);color:#f7b320\" class=\"has-inline-color\">Voce quadrupla canonica quadrilingue, inglese, tedesco, francese, italiano \u2013 febbraio 2022 \u2013 2:53 \u2013 testo sul blog Spiritualibus \u201c<\/mark><mark><a href=\"https:\/\/tonalibus.org\/it\/2022\/01\/12\/courage-it-takes\/\"><mark style=\"background-color:rgba(0, 0, 0, 0);color:#f7b320\" class=\"has-inline-color\">Il coraggio che ci vuole<\/mark><\/a><\/mark><mark style=\"background-color:rgba(0, 0, 0, 0);color:#f7b320\" class=\"has-inline-color\">\u201d (selezione della lingua tramite bandiera in basso a sinistra)<\/mark><\/mark><\/figcaption><\/figure>\n\n\n\n<div style=\"height:81px\" aria-hidden=\"true\" class=\"wp-block-spacer\"><\/div>\n\n\n<div class=\"wp-block-image is-resized\">\n<figure class=\"aligncenter size-large\"><img loading=\"lazy\" decoding=\"async\" width=\"1024\" height=\"544\" src=\"https:\/\/tonalibus.org\/wp-content\/uploads\/2021\/03\/IMG_2850-xc-z-1024x544.jpg\" alt=\"IMG_2850 xc z - Sounds\" class=\"wp-image-10190\" srcset=\"https:\/\/tonalibus.org\/wp-content\/uploads\/2021\/03\/IMG_2850-xc-z-1024x544.jpg 1024w, https:\/\/tonalibus.org\/wp-content\/uploads\/2021\/03\/IMG_2850-xc-z-300x159.jpg 300w, https:\/\/tonalibus.org\/wp-content\/uploads\/2021\/03\/IMG_2850-xc-z-768x408.jpg 768w, https:\/\/tonalibus.org\/wp-content\/uploads\/2021\/03\/IMG_2850-xc-z-1536x816.jpg 1536w, https:\/\/tonalibus.org\/wp-content\/uploads\/2021\/03\/IMG_2850-xc-z-16x8.jpg 16w, https:\/\/tonalibus.org\/wp-content\/uploads\/2021\/03\/IMG_2850-xc-z-1320x701.jpg 1320w, https:\/\/tonalibus.org\/wp-content\/uploads\/2021\/03\/IMG_2850-xc-z.jpg 2015w\" sizes=\"auto, (max-width: 706px) 89vw, (max-width: 767px) 82vw, 740px\" \/><figcaption class=\"wp-element-caption\">Betulla e oltre, l'orizzonte delle Alpi maestose - vicino a Gr\u00e4chwil\/Meikirch, Svizzera - marzo 2020<\/figcaption><\/figure>\n<\/div>","protected":false},"excerpt":{"rendered":"<p>Campioni sonori personali e di cooperazione e immagini Qui, in Suoni, trovate campioni sonori personali e di cooperazione - improvvisazioni spontanee, originali e spesso multistrato di Ulrico. Per i campioni di collaborazione con amici, sono indicati i loro nomi. Molte di queste registrazioni esistono in due versioni leggermente diverse. La principale \u00e8 per l'ascolto di un singolo passaggio. Mentre l'altra, ... <\/p>\n<p class=\"link-more\"><a href=\"https:\/\/tonalibus.org\/it\/sounds\/\" class=\"more-link\">Leggi tutto<span class=\"screen-reader-text\"> \"Suoni\"<\/span><\/a><\/p>","protected":false},"author":1,"featured_media":0,"parent":0,"menu_order":5,"comment_status":"closed","ping_status":"closed","template":"","meta":{"footnotes":""},"class_list":["post-2718","page","type-page","status-publish","hentry"],"yoast_head":"<!-- This site is optimized with the Yoast SEO plugin v27.6 - https:\/\/yoast.com\/product\/yoast-seo-wordpress\/ -->\n<title>Sounds &#8211; TONALIBUS, Anchored Harmony and Tonalities<\/title>\n<meta name=\"description\" content=\"Sounds, personal sound samples \u2013 original, looping improvisations that may be used as sound mantra for meditation or contemplation.\" \/>\n<meta name=\"robots\" content=\"index, follow, max-snippet:-1, max-image-preview:large, max-video-preview:-1\" \/>\n<link rel=\"canonical\" href=\"https:\/\/tonalibus.org\/it\/sounds\/\" \/>\n<meta property=\"og:locale\" content=\"it_IT\" \/>\n<meta property=\"og:type\" content=\"article\" \/>\n<meta property=\"og:title\" content=\"Sounds &#8211; TONALIBUS, Anchored Harmony and Tonalities\" \/>\n<meta property=\"og:description\" content=\"Sounds, personal sound samples \u2013 original, looping improvisations that may be used as sound mantra for meditation or contemplation.\" \/>\n<meta property=\"og:url\" content=\"https:\/\/tonalibus.org\/it\/sounds\/\" \/>\n<meta property=\"og:site_name\" content=\"TONALIBUS\" \/>\n<meta property=\"article:modified_time\" content=\"2026-02-08T19:53:01+00:00\" \/>\n<meta property=\"og:image\" content=\"https:\/\/tonalibus.org\/wp-content\/uploads\/2021\/03\/IMG_2850-xc-z.jpg\" \/>\n\t<meta property=\"og:image:width\" content=\"2015\" \/>\n\t<meta property=\"og:image:height\" content=\"1070\" \/>\n\t<meta property=\"og:image:type\" content=\"image\/jpeg\" \/>\n<meta name=\"twitter:card\" content=\"summary_large_image\" \/>\n<script type=\"application\/ld+json\" class=\"yoast-schema-graph\">{\"@context\":\"https:\\\/\\\/schema.org\",\"@graph\":[{\"@type\":\"WebPage\",\"@id\":\"https:\\\/\\\/tonalibus.org\\\/sounds\\\/\",\"url\":\"https:\\\/\\\/tonalibus.org\\\/sounds\\\/\",\"name\":\"Sounds &#8211; TONALIBUS, Anchored Harmony and Tonalities\",\"isPartOf\":{\"@id\":\"https:\\\/\\\/tonalibus.org\\\/de\\\/#website\"},\"primaryImageOfPage\":{\"@id\":\"https:\\\/\\\/tonalibus.org\\\/sounds\\\/#primaryimage\"},\"image\":{\"@id\":\"https:\\\/\\\/tonalibus.org\\\/sounds\\\/#primaryimage\"},\"thumbnailUrl\":\"https:\\\/\\\/tonalibus.org\\\/wp-content\\\/uploads\\\/2021\\\/03\\\/IMG_2850-xc-z-1024x544.jpg\",\"datePublished\":\"2020-07-17T06:47:15+00:00\",\"dateModified\":\"2026-02-08T19:53:01+00:00\",\"description\":\"Sounds, personal sound samples \u2013 original, looping improvisations that may be used as sound mantra for meditation or contemplation.\",\"breadcrumb\":{\"@id\":\"https:\\\/\\\/tonalibus.org\\\/sounds\\\/#breadcrumb\"},\"inLanguage\":\"it-IT\",\"potentialAction\":[{\"@type\":\"ReadAction\",\"target\":[\"https:\\\/\\\/tonalibus.org\\\/sounds\\\/\"]}]},{\"@type\":\"ImageObject\",\"inLanguage\":\"it-IT\",\"@id\":\"https:\\\/\\\/tonalibus.org\\\/sounds\\\/#primaryimage\",\"url\":\"https:\\\/\\\/tonalibus.org\\\/wp-content\\\/uploads\\\/2021\\\/03\\\/IMG_2850-xc-z-1024x544.jpg\",\"contentUrl\":\"https:\\\/\\\/tonalibus.org\\\/wp-content\\\/uploads\\\/2021\\\/03\\\/IMG_2850-xc-z-1024x544.jpg\"},{\"@type\":\"BreadcrumbList\",\"@id\":\"https:\\\/\\\/tonalibus.org\\\/sounds\\\/#breadcrumb\",\"itemListElement\":[{\"@type\":\"ListItem\",\"position\":1,\"name\":\"Home\",\"item\":\"https:\\\/\\\/tonalibus.org\\\/\"},{\"@type\":\"ListItem\",\"position\":2,\"name\":\"Sounds\"}]},{\"@type\":\"WebSite\",\"@id\":\"https:\\\/\\\/tonalibus.org\\\/de\\\/#website\",\"url\":\"https:\\\/\\\/tonalibus.org\\\/de\\\/\",\"name\":\"TONALIBUS\",\"description\":\"Anchored Harmony and Tonalities\",\"publisher\":{\"@id\":\"https:\\\/\\\/tonalibus.org\\\/de\\\/#\\\/schema\\\/person\\\/749261d7bc96d1f00127273f83ab96a4\"},\"potentialAction\":[{\"@type\":\"SearchAction\",\"target\":{\"@type\":\"EntryPoint\",\"urlTemplate\":\"https:\\\/\\\/tonalibus.org\\\/de\\\/?s={search_term_string}\"},\"query-input\":{\"@type\":\"PropertyValueSpecification\",\"valueRequired\":true,\"valueName\":\"search_term_string\"}}],\"inLanguage\":\"it-IT\"},{\"@type\":[\"Person\",\"Organization\"],\"@id\":\"https:\\\/\\\/tonalibus.org\\\/de\\\/#\\\/schema\\\/person\\\/749261d7bc96d1f00127273f83ab96a4\",\"name\":\"Ulrico\",\"image\":{\"@type\":\"ImageObject\",\"inLanguage\":\"it-IT\",\"@id\":\"https:\\\/\\\/tonalibus.org\\\/wp-content\\\/uploads\\\/2020\\\/06\\\/uli-pix.jpg\",\"url\":\"https:\\\/\\\/tonalibus.org\\\/wp-content\\\/uploads\\\/2020\\\/06\\\/uli-pix.jpg\",\"contentUrl\":\"https:\\\/\\\/tonalibus.org\\\/wp-content\\\/uploads\\\/2020\\\/06\\\/uli-pix.jpg\",\"width\":960,\"height\":720,\"caption\":\"Ulrico\"},\"logo\":{\"@id\":\"https:\\\/\\\/tonalibus.org\\\/wp-content\\\/uploads\\\/2020\\\/06\\\/uli-pix.jpg\"},\"sameAs\":[\"https:\\\/\\\/tonalibus.cyon.site\"]}]}<\/script>\n<!-- \/ Yoast SEO plugin. -->","yoast_head_json":{"title":"Suoni - TONALIBUS, Armonie e Tonalit\u00e0 Ancorate","description":"Suoni, campioni sonori personali - improvvisazioni originali in loop che possono essere utilizzate come mantra sonoro per la meditazione o la contemplazione.","robots":{"index":"index","follow":"follow","max-snippet":"max-snippet:-1","max-image-preview":"max-image-preview:large","max-video-preview":"max-video-preview:-1"},"canonical":"https:\/\/tonalibus.org\/it\/sounds\/","og_locale":"it_IT","og_type":"article","og_title":"Sounds &#8211; TONALIBUS, Anchored Harmony and Tonalities","og_description":"Sounds, personal sound samples \u2013 original, looping improvisations that may be used as sound mantra for meditation or contemplation.","og_url":"https:\/\/tonalibus.org\/it\/sounds\/","og_site_name":"TONALIBUS","article_modified_time":"2026-02-08T19:53:01+00:00","og_image":[{"width":2015,"height":1070,"url":"https:\/\/tonalibus.org\/wp-content\/uploads\/2021\/03\/IMG_2850-xc-z.jpg","type":"image\/jpeg"}],"twitter_card":"summary_large_image","schema":{"@context":"https:\/\/schema.org","@graph":[{"@type":"WebPage","@id":"https:\/\/tonalibus.org\/sounds\/","url":"https:\/\/tonalibus.org\/sounds\/","name":"Suoni - TONALIBUS, Armonie e Tonalit\u00e0 Ancorate","isPartOf":{"@id":"https:\/\/tonalibus.org\/de\/#website"},"primaryImageOfPage":{"@id":"https:\/\/tonalibus.org\/sounds\/#primaryimage"},"image":{"@id":"https:\/\/tonalibus.org\/sounds\/#primaryimage"},"thumbnailUrl":"https:\/\/tonalibus.org\/wp-content\/uploads\/2021\/03\/IMG_2850-xc-z-1024x544.jpg","datePublished":"2020-07-17T06:47:15+00:00","dateModified":"2026-02-08T19:53:01+00:00","description":"Suoni, campioni sonori personali - improvvisazioni originali in loop che possono essere utilizzate come mantra sonoro per la meditazione o la contemplazione.","breadcrumb":{"@id":"https:\/\/tonalibus.org\/sounds\/#breadcrumb"},"inLanguage":"it-IT","potentialAction":[{"@type":"ReadAction","target":["https:\/\/tonalibus.org\/sounds\/"]}]},{"@type":"ImageObject","inLanguage":"it-IT","@id":"https:\/\/tonalibus.org\/sounds\/#primaryimage","url":"https:\/\/tonalibus.org\/wp-content\/uploads\/2021\/03\/IMG_2850-xc-z-1024x544.jpg","contentUrl":"https:\/\/tonalibus.org\/wp-content\/uploads\/2021\/03\/IMG_2850-xc-z-1024x544.jpg"},{"@type":"BreadcrumbList","@id":"https:\/\/tonalibus.org\/sounds\/#breadcrumb","itemListElement":[{"@type":"ListItem","position":1,"name":"Home","item":"https:\/\/tonalibus.org\/"},{"@type":"ListItem","position":2,"name":"Sounds"}]},{"@type":"WebSite","@id":"https:\/\/tonalibus.org\/de\/#website","url":"https:\/\/tonalibus.org\/de\/","name":"TONALIBUS","description":"Armonia e tonalit\u00e0 ancorate","publisher":{"@id":"https:\/\/tonalibus.org\/de\/#\/schema\/person\/749261d7bc96d1f00127273f83ab96a4"},"potentialAction":[{"@type":"SearchAction","target":{"@type":"EntryPoint","urlTemplate":"https:\/\/tonalibus.org\/de\/?s={search_term_string}"},"query-input":{"@type":"PropertyValueSpecification","valueRequired":true,"valueName":"search_term_string"}}],"inLanguage":"it-IT"},{"@type":["Person","Organization"],"@id":"https:\/\/tonalibus.org\/de\/#\/schema\/person\/749261d7bc96d1f00127273f83ab96a4","name":"Ulrico","image":{"@type":"ImageObject","inLanguage":"it-IT","@id":"https:\/\/tonalibus.org\/wp-content\/uploads\/2020\/06\/uli-pix.jpg","url":"https:\/\/tonalibus.org\/wp-content\/uploads\/2020\/06\/uli-pix.jpg","contentUrl":"https:\/\/tonalibus.org\/wp-content\/uploads\/2020\/06\/uli-pix.jpg","width":960,"height":720,"caption":"Ulrico"},"logo":{"@id":"https:\/\/tonalibus.org\/wp-content\/uploads\/2020\/06\/uli-pix.jpg"},"sameAs":["https:\/\/tonalibus.cyon.site"]}]}},"_links":{"self":[{"href":"https:\/\/tonalibus.org\/it\/wp-json\/wp\/v2\/pages\/2718","targetHints":{"allow":["GET"]}}],"collection":[{"href":"https:\/\/tonalibus.org\/it\/wp-json\/wp\/v2\/pages"}],"about":[{"href":"https:\/\/tonalibus.org\/it\/wp-json\/wp\/v2\/types\/page"}],"author":[{"embeddable":true,"href":"https:\/\/tonalibus.org\/it\/wp-json\/wp\/v2\/users\/1"}],"replies":[{"embeddable":true,"href":"https:\/\/tonalibus.org\/it\/wp-json\/wp\/v2\/comments?post=2718"}],"version-history":[{"count":2,"href":"https:\/\/tonalibus.org\/it\/wp-json\/wp\/v2\/pages\/2718\/revisions"}],"predecessor-version":[{"id":38375,"href":"https:\/\/tonalibus.org\/it\/wp-json\/wp\/v2\/pages\/2718\/revisions\/38375"}],"wp:attachment":[{"href":"https:\/\/tonalibus.org\/it\/wp-json\/wp\/v2\/media?parent=2718"}],"curies":[{"name":"wp","href":"https:\/\/api.w.org\/{rel}","templated":true}]}}