{"id":27291,"date":"2023-09-04T19:13:56","date_gmt":"2023-09-04T17:13:56","guid":{"rendered":"https:\/\/tonalibus.org\/?page_id=27291"},"modified":"2023-12-24T12:39:18","modified_gmt":"2023-12-24T11:39:18","slug":"tonalities-selection","status":"publish","type":"page","link":"https:\/\/tonalibus.org\/it\/shop\/tonalities-selection\/","title":{"rendered":"Selezione di tonalit\u00e0"},"content":{"rendered":"<div class=\"wp-block-buttons is-content-justification-center is-layout-flex wp-container-core-buttons-is-layout-16018d1d wp-block-buttons-is-layout-flex\">\n<div class=\"wp-block-button is-style-outline is-style-outline--1\"><a class=\"wp-block-button__link wp-element-button\" href=\"#base\">Base armonica<\/a><\/div>\n\n\n\n<div class=\"wp-block-button is-style-outline is-style-outline--2\"><a class=\"wp-block-button__link wp-element-button\" href=\"#penta\">Selezione di pentatonalit\u00e0<\/a><\/div>\n\n\n\n<div class=\"wp-block-button is-style-outline is-style-outline--3\"><a class=\"wp-block-button__link wp-element-button\" href=\"#hepta\">Selezione di eptatonalit\u00e0<\/a><\/div>\n<\/div>\n\n\n\n<div style=\"height:50px\" aria-hidden=\"true\" class=\"wp-block-spacer\"><\/div>\n\n\n\n<p class=\"has-text-color\" style=\"color:#f7b320\">Le varie fasi di selezione di tonalit\u00e0 si susseguono in modo sequenziale. In base alla tua scelta di <a href=\"https:\/\/tonalibus.org\/it\/shop\/sound-as-mantra\/#pitch\"><mark style=\"background-color:rgba(0, 0, 0, 0);color:#f7b320\" class=\"has-inline-color\">altezza fondamentale personale<\/mark><\/a>, puoi verificare la base armonica risultante e poi formare delle tonalit\u00e0 individuali, mirando alle pentatonalit\u00e0 e alle eptatonalit\u00e0, tonalit\u00e0 armonicamente ancorate presenti nel <a href=\"https:\/\/tonalibus.org\/it\/tonalities\/\"><mark style=\"background-color:rgba(0, 0, 0, 0);color:#f7b320\" class=\"has-inline-color\">catalogo Tonalibus<\/mark><\/a> \u2013 libero in modo aperto. <\/p>\n\n\n\n<h2 class=\"wp-block-heading has-text-color\" id=\"base\" style=\"color:#f7b320\">Verifica della base armonica (prima della selezione di tonalit\u00e0)<\/h2>\n\n\n\n<p class=\"has-text-color\" style=\"color:#f7b320\">Fare clic sulla tua altezza fondamentale per la verifica della base armonica corrispondente.<\/p>\n\n\n\n<div class=\"wp-block-buttons is-content-justification-center is-layout-flex wp-container-core-buttons-is-layout-16018d1d wp-block-buttons-is-layout-flex\">\n<div class=\"wp-block-button is-style-outline is-style-outline--4\"><a class=\"wp-block-button__link wp-element-button\" href=\"https:\/\/tonalibus.org\/it\/cis-harmonic-base\/\">Do#<\/a><\/div>\n\n\n\n<div class=\"wp-block-button is-style-outline is-style-outline--5\"><a class=\"wp-block-button__link wp-element-button\" href=\"https:\/\/tonalibus.org\/it\/shop\/sound-as-mantra\/individual-tonalities\/d-harmonic-base\/\">Re<\/a><\/div>\n\n\n\n<div class=\"wp-block-button is-style-outline is-style-outline--6\"><a class=\"wp-block-button__link wp-element-button\" href=\"https:\/\/tonalibus.org\/it\/shop\/sound-as-mantra\/individual-tonalities\/dis-harmonic-base\/\">Re#<\/a><\/div>\n\n\n\n<div class=\"wp-block-button is-style-outline is-style-outline--7\"><a class=\"wp-block-button__link wp-element-button\" href=\"https:\/\/tonalibus.org\/it\/shop\/sound-as-mantra\/individual-tonalities\/e-harmonic-base\/\">Mi<\/a><\/div>\n\n\n\n<div class=\"wp-block-button is-style-outline is-style-outline--8\"><a class=\"wp-block-button__link wp-element-button\" href=\"https:\/\/tonalibus.org\/it\/shop\/sound-as-mantra\/individual-tonalities\/f-harmonic-base\/\">Fa<\/a><\/div>\n\n\n\n<div class=\"wp-block-button is-style-outline is-style-outline--9\"><a class=\"wp-block-button__link wp-element-button\" href=\"https:\/\/tonalibus.org\/it\/shop\/sound-as-mantra\/individual-tonalities\/fis-harmonic-base\/\">Fa#<\/a><\/div>\n\n\n\n<div class=\"wp-block-button is-style-outline is-style-outline--10\"><a class=\"wp-block-button__link wp-element-button\" href=\"https:\/\/tonalibus.org\/it\/shop\/sound-as-mantra\/individual-tonalities\/g-harmonic-base\/\">Sol<\/a><\/div>\n\n\n\n<div class=\"wp-block-button is-style-outline is-style-outline--11\"><a class=\"wp-block-button__link wp-element-button\" href=\"https:\/\/tonalibus.org\/it\/shop\/sound-as-mantra\/individual-tonalities\/gis-harmonic-base\/\">Sol#<\/a><\/div>\n\n\n\n<div class=\"wp-block-button is-style-outline is-style-outline--12\"><a class=\"wp-block-button__link wp-element-button\" href=\"https:\/\/tonalibus.org\/it\/shop\/sound-as-mantra\/individual-tonalities\/a-harmonic-base\/\">La<\/a><\/div>\n\n\n\n<div class=\"wp-block-button is-style-outline is-style-outline--13\"><a class=\"wp-block-button__link wp-element-button\" href=\"https:\/\/tonalibus.org\/it\/shop\/sound-as-mantra\/individual-tonalities\/ais-harmonic-base\/\">La#<\/a><\/div>\n\n\n\n<div class=\"wp-block-button is-style-outline is-style-outline--14\"><a class=\"wp-block-button__link wp-element-button\" href=\"https:\/\/tonalibus.org\/it\/shop\/sound-as-mantra\/individual-tonalities\/b-harmonic-base\/\">Si<\/a><\/div>\n\n\n\n<div class=\"wp-block-button is-style-outline is-style-outline--15\"><a class=\"wp-block-button__link wp-element-button\" href=\"https:\/\/tonalibus.org\/it\/shop\/sound-as-mantra\/individual-tonalities\/c-harmonic-base\/\">Do<\/a><\/div>\n<\/div>\n\n\n\n<div style=\"height:45px\" aria-hidden=\"true\" class=\"wp-block-spacer\"><\/div>\n\n\n\n<p class=\"has-text-color\" style=\"color:#f7b320\">La base armonica di una tonalit\u00e0 \u00e8 la sua fondamentale insieme alla sua quinta, il primo sovratono o armonico che non \u00e8 un'ottava della fondamentale. La tua altezza fondamentale scelta pu\u00f2 ben essere la fondamentale delle tue tonalit\u00e0 individuali. Tuttavia, se durante la verifica della tua base armonica hai scelto la quarta invece della quinta, attraverso il <a href=\"https:\/\/tonalibus.org\/it\/concepts\/glossary\/#miracle\"><mark style=\"background-color:rgba(0, 0, 0, 0);color:#f7b320\" class=\"has-inline-color\">miracolo della natura<\/mark><\/a>, la quarta diventa la fondamentale delle tue tonalit\u00e0 individuali, e la tua altezza fondamentale personale diventa la loro quinta. <\/p>\n\n\n\n<h2 class=\"wp-block-heading has-text-color\" id=\"penta\" style=\"color:#f7b320\">Selezione individuale di pentatonalit\u00e0 <\/h2>\n\n\n\n<p class=\"has-text-color\" style=\"color:#f7b320\">Fare clic sulla la base armonica per la selezione di pentatonalit\u00e0 individuali corrispondenti.<\/p>\n\n\n\n<div class=\"wp-block-buttons is-content-justification-center is-layout-flex wp-container-core-buttons-is-layout-16018d1d wp-block-buttons-is-layout-flex\">\n<div class=\"wp-block-button is-style-outline is-style-outline--16\"><a class=\"wp-block-button__link wp-element-button\" href=\"https:\/\/tonalibus.org\/it\/shop\/tonalities-selection\/cis-gis-based-pentatonality\/\">Do# \/ Sol#<\/a><\/div>\n\n\n\n<div class=\"wp-block-button is-style-outline is-style-outline--17\"><a class=\"wp-block-button__link wp-element-button\" href=\"https:\/\/tonalibus.org\/it\/shop\/tonalities-selection\/d-a-based-pentatonality\/\">Re \/ La<\/a><\/div>\n\n\n\n<div class=\"wp-block-button is-style-outline is-style-outline--18\"><a class=\"wp-block-button__link wp-element-button\" href=\"https:\/\/tonalibus.org\/it\/shop\/tonalities-selection\/dis-ais-based-pentatonality\/\">Re# \/ La#<\/a><\/div>\n\n\n\n<div class=\"wp-block-button is-style-outline is-style-outline--19\"><a class=\"wp-block-button__link wp-element-button\" href=\"https:\/\/tonalibus.org\/it\/shop\/tonalities-selection\/e-b-based-pentatonality\/\">Mi \/ Si<\/a><\/div>\n\n\n\n<div class=\"wp-block-button is-style-outline is-style-outline--20\"><a class=\"wp-block-button__link wp-element-button\" href=\"https:\/\/tonalibus.org\/it\/shop\/tonalities-selection\/f-c-based-pentatonality\/\">Fa \/ Do<\/a><\/div>\n\n\n\n<div class=\"wp-block-button is-style-outline is-style-outline--21\"><a class=\"wp-block-button__link wp-element-button\" href=\"https:\/\/tonalibus.org\/it\/shop\/tonalities-selection\/fis-cis-based-pentatonality\/\">Fa# \/ Do#<\/a><\/div>\n\n\n\n<div class=\"wp-block-button is-style-outline is-style-outline--22\"><a class=\"wp-block-button__link wp-element-button\" href=\"https:\/\/tonalibus.org\/it\/shop\/tonalities-selection\/g-d-based-pentatonality\/\">Sol \/ Re<\/a><\/div>\n\n\n\n<div class=\"wp-block-button is-style-outline is-style-outline--23\"><a class=\"wp-block-button__link wp-element-button\" href=\"https:\/\/tonalibus.org\/it\/shop\/tonalities-selection\/gis-dis-based-pentatonality\/\">Sol# \/ Re#<\/a><\/div>\n\n\n\n<div class=\"wp-block-button is-style-outline is-style-outline--24\"><a class=\"wp-block-button__link wp-element-button\" href=\"https:\/\/tonalibus.org\/it\/shop\/tonalities-selection\/a-e-based-pentatonality\/\">La \/ Mi<\/a><\/div>\n\n\n\n<div class=\"wp-block-button is-style-outline is-style-outline--25\"><a class=\"wp-block-button__link wp-element-button\" href=\"https:\/\/tonalibus.org\/it\/shop\/tonalities-selection\/ais-f-based-pentatonality\/\">La# \/ Fa<\/a><\/div>\n\n\n\n<div class=\"wp-block-button is-style-outline is-style-outline--26\"><a class=\"wp-block-button__link wp-element-button\" href=\"https:\/\/tonalibus.org\/it\/shop\/tonalities-selection\/b-fis-based-pentatonality\/\">Si \/ Fa#<\/a><\/div>\n\n\n\n<div class=\"wp-block-button is-style-outline is-style-outline--27\"><a class=\"wp-block-button__link wp-element-button\" href=\"https:\/\/tonalibus.org\/it\/shop\/tonalities-selection\/c-g-based-pentatonality\/\">Do \/ Sol<\/a><\/div>\n<\/div>\n\n\n\n<div style=\"height:45px\" aria-hidden=\"true\" class=\"wp-block-spacer\"><\/div>\n\n\n\n<p class=\"has-text-color\" style=\"color:#f7b320\">Le pentatonalit\u00e0 hanno cinque altezze per ottava. La <a href=\"#base\"><mark style=\"background-color:rgba(0, 0, 0, 0);color:#f7b320\" class=\"has-inline-color\">base armonica<\/mark><\/a> \u00e8 composta da due altezze. Quindi, per selezionare una pentatonalit\u00e0 individuale, sono necessarie altre tre altezze. Per le pentatonalit\u00e0 di base sono una nella parte superiore e due nella parte inferiore dell'ottava. Per le pentatonalit\u00e0 estese sono una nella parte inferiore e due nella parte superiore dell'ottava, con un'eccezione. In generale, se due per una parte, allora solo una per l'altra. <\/p>\n\n\n\n<h2 class=\"wp-block-heading has-text-color\" id=\"hepta\" style=\"color:#f7b320\">Selezione individuale di eptatonalit\u00e0<\/h2>\n\n\n\n<p class=\"has-text-color has-link-color wp-elements-960bd2c0cf47f57ca62e1ed20c446180\" style=\"color:#f7b320\">La selezione di una pentatonalit\u00e0 individuale prima, e la sua successiva espansione per formare una eptatonalit\u00e0 individuale, pu\u00f2 semplificare notevolmente la selezione delle altezze di eptatonalit\u00e0.<\/p>\n\n\n\n<p class=\"has-text-color has-link-color wp-elements-89a09033264c94108eb3358ee216684c\" style=\"color:#f7b320\">Fare clic sulla la base armonica per la selezione di heptatonalit\u00e0 individuali corrispondenti.<\/p>\n\n\n\n<div class=\"wp-block-buttons is-content-justification-center is-layout-flex wp-container-core-buttons-is-layout-16018d1d wp-block-buttons-is-layout-flex\">\n<div class=\"wp-block-button is-style-outline is-style-outline--28\"><a class=\"wp-block-button__link wp-element-button\" href=\"https:\/\/tonalibus.org\/it\/shop\/tonalities-selection\/cis-gis-based-heptatonalities\/\">Do# \/ Sol#<\/a><\/div>\n\n\n\n<div class=\"wp-block-button is-style-outline is-style-outline--29\"><a class=\"wp-block-button__link wp-element-button\" href=\"https:\/\/tonalibus.org\/it\/shop\/tonalities-selection\/d-a-based-heptatonalities\/\">Re \/ La<\/a><\/div>\n\n\n\n<div class=\"wp-block-button is-style-outline is-style-outline--30\"><a class=\"wp-block-button__link wp-element-button\" href=\"https:\/\/tonalibus.org\/it\/shop\/tonalities-selection\/dis-ais-based-heptatonalities\/\">Re# \/ La#<\/a><\/div>\n\n\n\n<div class=\"wp-block-button is-style-outline is-style-outline--31\"><a class=\"wp-block-button__link wp-element-button\" href=\"https:\/\/tonalibus.org\/it\/shop\/tonalities-selection\/e-b-based-heptatonalities\/\">Mi \/ Si<\/a><\/div>\n\n\n\n<div class=\"wp-block-button is-style-outline is-style-outline--32\"><a class=\"wp-block-button__link wp-element-button\" href=\"https:\/\/tonalibus.org\/it\/shop\/tonalities-selection\/f-c-based-heptatonalities\/\">Fa \/ Do<\/a><\/div>\n\n\n\n<div class=\"wp-block-button is-style-outline is-style-outline--33\"><a class=\"wp-block-button__link wp-element-button\" href=\"https:\/\/tonalibus.org\/it\/shop\/tonalities-selection\/fis-cis-based-heptatonalities\/\">Fa# \/ Do#<\/a><\/div>\n\n\n\n<div class=\"wp-block-button is-style-outline is-style-outline--34\"><a class=\"wp-block-button__link wp-element-button\" href=\"https:\/\/tonalibus.org\/it\/shop\/tonalities-selection\/g-d-based-heptatonalities\/\">Sol \/ Re<\/a><\/div>\n\n\n\n<div class=\"wp-block-button is-style-outline is-style-outline--35\"><a class=\"wp-block-button__link wp-element-button\" href=\"https:\/\/tonalibus.org\/it\/shop\/tonalities-selection\/gis-dis-based-heptatonalities\/\">Sol# \/ Re#<\/a><\/div>\n\n\n\n<div class=\"wp-block-button is-style-outline is-style-outline--36\"><a class=\"wp-block-button__link wp-element-button\" href=\"https:\/\/tonalibus.org\/it\/shop\/tonalities-selection\/a-e-based-heptatonalities\/\">La \/ Mi<\/a><\/div>\n\n\n\n<div class=\"wp-block-button is-style-outline is-style-outline--37\"><a class=\"wp-block-button__link wp-element-button\" href=\"https:\/\/tonalibus.org\/it\/shop\/tonalities-selection\/ais-f-based-heptatonalities\/\">La# \/ Fa<\/a><\/div>\n\n\n\n<div class=\"wp-block-button is-style-outline is-style-outline--38\"><a class=\"wp-block-button__link wp-element-button\" href=\"https:\/\/tonalibus.org\/it\/shop\/tonalities-selection\/b-fis-based-heptatonalities\/\">Si \/ Fa#<\/a><\/div>\n\n\n\n<div class=\"wp-block-button is-style-outline is-style-outline--39\"><a class=\"wp-block-button__link wp-element-button\" href=\"https:\/\/tonalibus.org\/it\/shop\/tonalities-selection\/c-g-based-heptatonalities\/\">Do \/ Sol<\/a><\/div>\n<\/div>\n\n\n\n<div style=\"height:45px\" aria-hidden=\"true\" class=\"wp-block-spacer\"><\/div>\n\n\n\n<p class=\"has-text-color has-link-color wp-elements-0c3e8236d71d1b8b7f70072b86466096\" style=\"color:#f7b320\">Le eptatonalit\u00e0 hanno sette altezze per ottava. La base armonica \u00e8 composta da due altezze. Quindi, per formare un'eptatonalit\u00e0 individuale, sono necessarie altre cinque altezze. Cio\u00e8 due nella parte superiore e tre in quella inferiore dell'ottava. Le eptatonalit\u00e0 diatoniche e aggregate o melodiche sono composte da mezzi passi e passi interi, mentre le eptatonalit\u00e0 Reach o armoniche e di tritono o blues comprendono anche uno o due passi Reach o secondi aumentati.<\/p>\n\n\n\n<div style=\"height:50px\" aria-hidden=\"true\" class=\"wp-block-spacer\"><\/div>\n\n\n<div class=\"wp-block-image\">\n<figure class=\"aligncenter size-full is-resized\"><img loading=\"lazy\" decoding=\"async\" width=\"542\" height=\"542\" src=\"https:\/\/tonalibus.org\/wp-content\/uploads\/2023\/12\/Tonalibus-1e-3-tonalities-2020-05-29-sqr.jpg\" alt=\"\" class=\"wp-image-30047\" style=\"width:300px\" srcset=\"https:\/\/tonalibus.org\/wp-content\/uploads\/2023\/12\/Tonalibus-1e-3-tonalities-2020-05-29-sqr.jpg 542w, https:\/\/tonalibus.org\/wp-content\/uploads\/2023\/12\/Tonalibus-1e-3-tonalities-2020-05-29-sqr-300x300.jpg 300w, https:\/\/tonalibus.org\/wp-content\/uploads\/2023\/12\/Tonalibus-1e-3-tonalities-2020-05-29-sqr-150x150.jpg 150w, https:\/\/tonalibus.org\/wp-content\/uploads\/2023\/12\/Tonalibus-1e-3-tonalities-2020-05-29-sqr-12x12.jpg 12w, https:\/\/tonalibus.org\/wp-content\/uploads\/2023\/12\/Tonalibus-1e-3-tonalities-2020-05-29-sqr-100x100.jpg 100w\" sizes=\"auto, (max-width: 542px) 100vw, 542px\" \/><figcaption class=\"wp-element-caption\">Matrice di eptatonalit\u00e0 a sette altezze<\/figcaption><\/figure>\n<\/div>","protected":false},"excerpt":{"rendered":"<p>Le varie fasi di selezione delle tonalit\u00e0 si sviluppano sequenzialmente l'una sull'altra. In base all'altezza fondamentale che hai scelto, puoi verificare la base armonica risultante e poi formare le singole tonalit\u00e0, puntando alle pentatonalit\u00e0 e alle eptatonalit\u00e0, tonalit\u00e0 armonicamente ancorate presenti nel catalogo Tonalibus - in modo libero e gratuito. Verifica della base armonica (prima della selezione delle tonalit\u00e0) Clicca su ... <\/p>\n<p class=\"link-more\"><a href=\"https:\/\/tonalibus.org\/it\/shop\/tonalities-selection\/\" class=\"more-link\">Leggi tutto<span class=\"screen-reader-text\"> \"Selezione delle tonalit\u00e0\"<\/span><\/a><\/p>","protected":false},"author":1,"featured_media":0,"parent":490,"menu_order":70,"comment_status":"closed","ping_status":"closed","template":"","meta":{"footnotes":""},"class_list":["post-27291","page","type-page","status-publish","hentry"],"yoast_head":"<!-- This site is optimized with the Yoast SEO plugin v27.4 - https:\/\/yoast.com\/product\/yoast-seo-wordpress\/ -->\n<title>Tonalities selection &#8211; TONALIBUS Harmony and Tonalities<\/title>\n<meta name=\"description\" content=\"Based on a personal fundamental pitch, verify the resulting harmonic base and then go on to individual tonalities selection. Have fun!\" \/>\n<meta name=\"robots\" content=\"index, follow, max-snippet:-1, max-image-preview:large, max-video-preview:-1\" \/>\n<link rel=\"canonical\" href=\"https:\/\/tonalibus.org\/it\/shop\/tonalities-selection\/\" \/>\n<meta property=\"og:locale\" content=\"it_IT\" \/>\n<meta property=\"og:type\" content=\"article\" \/>\n<meta property=\"og:title\" content=\"Tonalities selection &#8211; TONALIBUS Harmony and Tonalities\" \/>\n<meta property=\"og:description\" content=\"Based on a personal fundamental pitch, verify the resulting harmonic base and then go on to individual tonalities selection. Have fun!\" \/>\n<meta property=\"og:url\" content=\"https:\/\/tonalibus.org\/it\/shop\/tonalities-selection\/\" \/>\n<meta property=\"og:site_name\" content=\"TONALIBUS\" \/>\n<meta property=\"article:modified_time\" content=\"2023-12-24T11:39:18+00:00\" \/>\n<meta property=\"og:image\" content=\"https:\/\/tonalibus.org\/wp-content\/uploads\/2023\/12\/Tonalibus-1e-3-tonalities-2020-05-29-sqr.jpg\" \/>\n<meta name=\"twitter:card\" content=\"summary_large_image\" \/>\n<meta name=\"twitter:label1\" content=\"Tempo di lettura stimato\" \/>\n\t<meta name=\"twitter:data1\" content=\"3 minuti\" \/>\n<script type=\"application\/ld+json\" class=\"yoast-schema-graph\">{\"@context\":\"https:\\\/\\\/schema.org\",\"@graph\":[{\"@type\":\"WebPage\",\"@id\":\"https:\\\/\\\/tonalibus.org\\\/shop\\\/tonalities-selection\\\/\",\"url\":\"https:\\\/\\\/tonalibus.org\\\/shop\\\/tonalities-selection\\\/\",\"name\":\"Tonalities selection &#8211; TONALIBUS Harmony and Tonalities\",\"isPartOf\":{\"@id\":\"https:\\\/\\\/tonalibus.org\\\/de\\\/#website\"},\"primaryImageOfPage\":{\"@id\":\"https:\\\/\\\/tonalibus.org\\\/shop\\\/tonalities-selection\\\/#primaryimage\"},\"image\":{\"@id\":\"https:\\\/\\\/tonalibus.org\\\/shop\\\/tonalities-selection\\\/#primaryimage\"},\"thumbnailUrl\":\"https:\\\/\\\/tonalibus.org\\\/wp-content\\\/uploads\\\/2023\\\/12\\\/Tonalibus-1e-3-tonalities-2020-05-29-sqr.jpg\",\"datePublished\":\"2023-09-04T17:13:56+00:00\",\"dateModified\":\"2023-12-24T11:39:18+00:00\",\"description\":\"Based on a personal fundamental pitch, verify the resulting harmonic base and then go on to individual tonalities selection. Have fun!\",\"breadcrumb\":{\"@id\":\"https:\\\/\\\/tonalibus.org\\\/shop\\\/tonalities-selection\\\/#breadcrumb\"},\"inLanguage\":\"it-IT\",\"potentialAction\":[{\"@type\":\"ReadAction\",\"target\":[\"https:\\\/\\\/tonalibus.org\\\/shop\\\/tonalities-selection\\\/\"]}]},{\"@type\":\"ImageObject\",\"inLanguage\":\"it-IT\",\"@id\":\"https:\\\/\\\/tonalibus.org\\\/shop\\\/tonalities-selection\\\/#primaryimage\",\"url\":\"https:\\\/\\\/tonalibus.org\\\/wp-content\\\/uploads\\\/2023\\\/12\\\/Tonalibus-1e-3-tonalities-2020-05-29-sqr.jpg\",\"contentUrl\":\"https:\\\/\\\/tonalibus.org\\\/wp-content\\\/uploads\\\/2023\\\/12\\\/Tonalibus-1e-3-tonalities-2020-05-29-sqr.jpg\"},{\"@type\":\"BreadcrumbList\",\"@id\":\"https:\\\/\\\/tonalibus.org\\\/shop\\\/tonalities-selection\\\/#breadcrumb\",\"itemListElement\":[{\"@type\":\"ListItem\",\"position\":1,\"name\":\"Home\",\"item\":\"https:\\\/\\\/tonalibus.org\\\/\"},{\"@type\":\"ListItem\",\"position\":2,\"name\":\"Fidibus Shop\",\"item\":\"https:\\\/\\\/tonalibus.org\\\/shop\\\/\"},{\"@type\":\"ListItem\",\"position\":3,\"name\":\"Tonalities selection\"}]},{\"@type\":\"WebSite\",\"@id\":\"https:\\\/\\\/tonalibus.org\\\/de\\\/#website\",\"url\":\"https:\\\/\\\/tonalibus.org\\\/de\\\/\",\"name\":\"TONALIBUS\",\"description\":\"Anchored Harmony and Tonalities\",\"publisher\":{\"@id\":\"https:\\\/\\\/tonalibus.org\\\/de\\\/#\\\/schema\\\/person\\\/749261d7bc96d1f00127273f83ab96a4\"},\"potentialAction\":[{\"@type\":\"SearchAction\",\"target\":{\"@type\":\"EntryPoint\",\"urlTemplate\":\"https:\\\/\\\/tonalibus.org\\\/de\\\/?s={search_term_string}\"},\"query-input\":{\"@type\":\"PropertyValueSpecification\",\"valueRequired\":true,\"valueName\":\"search_term_string\"}}],\"inLanguage\":\"it-IT\"},{\"@type\":[\"Person\",\"Organization\"],\"@id\":\"https:\\\/\\\/tonalibus.org\\\/de\\\/#\\\/schema\\\/person\\\/749261d7bc96d1f00127273f83ab96a4\",\"name\":\"Ulrico\",\"image\":{\"@type\":\"ImageObject\",\"inLanguage\":\"it-IT\",\"@id\":\"https:\\\/\\\/tonalibus.org\\\/wp-content\\\/uploads\\\/2020\\\/06\\\/uli-pix.jpg\",\"url\":\"https:\\\/\\\/tonalibus.org\\\/wp-content\\\/uploads\\\/2020\\\/06\\\/uli-pix.jpg\",\"contentUrl\":\"https:\\\/\\\/tonalibus.org\\\/wp-content\\\/uploads\\\/2020\\\/06\\\/uli-pix.jpg\",\"width\":960,\"height\":720,\"caption\":\"Ulrico\"},\"logo\":{\"@id\":\"https:\\\/\\\/tonalibus.org\\\/wp-content\\\/uploads\\\/2020\\\/06\\\/uli-pix.jpg\"},\"sameAs\":[\"https:\\\/\\\/tonalibus.cyon.site\"]}]}<\/script>\n<!-- \/ Yoast SEO plugin. -->","yoast_head_json":{"title":"Selezione delle tonalit\u00e0 - TONALIBUS Armonia e tonalit\u00e0","description":"Partendo da una tonalit\u00e0 fondamentale personale, verificate la base armonica risultante e poi passate alla selezione delle singole tonalit\u00e0. Divertitevi!","robots":{"index":"index","follow":"follow","max-snippet":"max-snippet:-1","max-image-preview":"max-image-preview:large","max-video-preview":"max-video-preview:-1"},"canonical":"https:\/\/tonalibus.org\/it\/shop\/tonalities-selection\/","og_locale":"it_IT","og_type":"article","og_title":"Tonalities selection &#8211; TONALIBUS Harmony and Tonalities","og_description":"Based on a personal fundamental pitch, verify the resulting harmonic base and then go on to individual tonalities selection. Have fun!","og_url":"https:\/\/tonalibus.org\/it\/shop\/tonalities-selection\/","og_site_name":"TONALIBUS","article_modified_time":"2023-12-24T11:39:18+00:00","og_image":[{"url":"https:\/\/tonalibus.org\/wp-content\/uploads\/2023\/12\/Tonalibus-1e-3-tonalities-2020-05-29-sqr.jpg","type":"","width":"","height":""}],"twitter_card":"summary_large_image","twitter_misc":{"Tempo di lettura stimato":"3 minuti"},"schema":{"@context":"https:\/\/schema.org","@graph":[{"@type":"WebPage","@id":"https:\/\/tonalibus.org\/shop\/tonalities-selection\/","url":"https:\/\/tonalibus.org\/shop\/tonalities-selection\/","name":"Selezione delle tonalit\u00e0 - TONALIBUS Armonia e tonalit\u00e0","isPartOf":{"@id":"https:\/\/tonalibus.org\/de\/#website"},"primaryImageOfPage":{"@id":"https:\/\/tonalibus.org\/shop\/tonalities-selection\/#primaryimage"},"image":{"@id":"https:\/\/tonalibus.org\/shop\/tonalities-selection\/#primaryimage"},"thumbnailUrl":"https:\/\/tonalibus.org\/wp-content\/uploads\/2023\/12\/Tonalibus-1e-3-tonalities-2020-05-29-sqr.jpg","datePublished":"2023-09-04T17:13:56+00:00","dateModified":"2023-12-24T11:39:18+00:00","description":"Partendo da una tonalit\u00e0 fondamentale personale, verificate la base armonica risultante e poi passate alla selezione delle singole tonalit\u00e0. Divertitevi!","breadcrumb":{"@id":"https:\/\/tonalibus.org\/shop\/tonalities-selection\/#breadcrumb"},"inLanguage":"it-IT","potentialAction":[{"@type":"ReadAction","target":["https:\/\/tonalibus.org\/shop\/tonalities-selection\/"]}]},{"@type":"ImageObject","inLanguage":"it-IT","@id":"https:\/\/tonalibus.org\/shop\/tonalities-selection\/#primaryimage","url":"https:\/\/tonalibus.org\/wp-content\/uploads\/2023\/12\/Tonalibus-1e-3-tonalities-2020-05-29-sqr.jpg","contentUrl":"https:\/\/tonalibus.org\/wp-content\/uploads\/2023\/12\/Tonalibus-1e-3-tonalities-2020-05-29-sqr.jpg"},{"@type":"BreadcrumbList","@id":"https:\/\/tonalibus.org\/shop\/tonalities-selection\/#breadcrumb","itemListElement":[{"@type":"ListItem","position":1,"name":"Home","item":"https:\/\/tonalibus.org\/"},{"@type":"ListItem","position":2,"name":"Fidibus Shop","item":"https:\/\/tonalibus.org\/shop\/"},{"@type":"ListItem","position":3,"name":"Tonalities selection"}]},{"@type":"WebSite","@id":"https:\/\/tonalibus.org\/de\/#website","url":"https:\/\/tonalibus.org\/de\/","name":"TONALIBUS","description":"Armonia e tonalit\u00e0 ancorate","publisher":{"@id":"https:\/\/tonalibus.org\/de\/#\/schema\/person\/749261d7bc96d1f00127273f83ab96a4"},"potentialAction":[{"@type":"SearchAction","target":{"@type":"EntryPoint","urlTemplate":"https:\/\/tonalibus.org\/de\/?s={search_term_string}"},"query-input":{"@type":"PropertyValueSpecification","valueRequired":true,"valueName":"search_term_string"}}],"inLanguage":"it-IT"},{"@type":["Person","Organization"],"@id":"https:\/\/tonalibus.org\/de\/#\/schema\/person\/749261d7bc96d1f00127273f83ab96a4","name":"Ulrico","image":{"@type":"ImageObject","inLanguage":"it-IT","@id":"https:\/\/tonalibus.org\/wp-content\/uploads\/2020\/06\/uli-pix.jpg","url":"https:\/\/tonalibus.org\/wp-content\/uploads\/2020\/06\/uli-pix.jpg","contentUrl":"https:\/\/tonalibus.org\/wp-content\/uploads\/2020\/06\/uli-pix.jpg","width":960,"height":720,"caption":"Ulrico"},"logo":{"@id":"https:\/\/tonalibus.org\/wp-content\/uploads\/2020\/06\/uli-pix.jpg"},"sameAs":["https:\/\/tonalibus.cyon.site"]}]}},"_links":{"self":[{"href":"https:\/\/tonalibus.org\/it\/wp-json\/wp\/v2\/pages\/27291","targetHints":{"allow":["GET"]}}],"collection":[{"href":"https:\/\/tonalibus.org\/it\/wp-json\/wp\/v2\/pages"}],"about":[{"href":"https:\/\/tonalibus.org\/it\/wp-json\/wp\/v2\/types\/page"}],"author":[{"embeddable":true,"href":"https:\/\/tonalibus.org\/it\/wp-json\/wp\/v2\/users\/1"}],"replies":[{"embeddable":true,"href":"https:\/\/tonalibus.org\/it\/wp-json\/wp\/v2\/comments?post=27291"}],"version-history":[{"count":0,"href":"https:\/\/tonalibus.org\/it\/wp-json\/wp\/v2\/pages\/27291\/revisions"}],"up":[{"embeddable":true,"href":"https:\/\/tonalibus.org\/it\/wp-json\/wp\/v2\/pages\/490"}],"wp:attachment":[{"href":"https:\/\/tonalibus.org\/it\/wp-json\/wp\/v2\/media?parent=27291"}],"curies":[{"name":"wp","href":"https:\/\/api.w.org\/{rel}","templated":true}]}}