{"id":2833,"date":"2020-07-23T15:53:32","date_gmt":"2020-07-23T13:53:32","guid":{"rendered":"https:\/\/tonalibus.org\/?page_id=2833"},"modified":"2025-12-16T14:23:37","modified_gmt":"2025-12-16T13:23:37","slug":"realization-shift","status":"publish","type":"page","link":"https:\/\/tonalibus.org\/it\/harmony\/realization-shift\/","title":{"rendered":"Turno della realizzazione armonica"},"content":{"rendered":"<div class=\"wp-block-buttons is-horizontal is-content-justification-center is-layout-flex wp-container-core-buttons-is-layout-499968f5 wp-block-buttons-is-layout-flex\">\n<div class=\"wp-block-button is-style-outline is-style-outline--1\"><a class=\"wp-block-button__link wp-element-button\" href=\"#visuals\"><em>Turno della realizzazione armonica<\/em> \u2014<br>una rappresentazione delle basi visive di armonia<\/a><\/div>\n<\/div>\n\n\n\n<div style=\"height:49px\" aria-hidden=\"true\" class=\"wp-block-spacer\"><\/div>\n\n\n\n<p class=\"has-text-color has-link-color wp-elements-de44c8b05137535b4be5bb4d35d3581a\" style=\"color:#f7b320\">La distribuzione dei passi armonici \u00e8 ancorata in ottave (potenze di 2) e quinte (3 e multipli). Il turno della realizzazione armonica riconcilia i fondamentali e le correlazioni lineari con l'attualit\u00e0 curva non lineare in relativa armonia. Un passo di semitono passa dalle unit\u00e0 inferiori a quelle superiori dell'ottava. Cos\u00ec, il spazio di una unit\u00e0 viene estratto in modo crescente del tetrachordo superiore, e distribuito in modo decrescente verso gli spazi a gradini del tetracordo inferiore \u2013 come mostrato in <a href=\"https:\/\/tonalibus.org\/it\/fundamentals\/five-course-series\/basics-b\/\"><em><mark style=\"background-color:rgba(0, 0, 0, 0);color:#f7b320\" class=\"has-inline-color\">Base armonica e il turno della realizzazione<\/mark><\/em><\/a>, il secondo modulo della <a href=\"https:\/\/tonalibus.org\/it\/concepts\/five-course-series\/\"><mark style=\"background-color:rgba(0, 0, 0, 0);color:#f7b320\" class=\"has-inline-color\">serie di presentazioni del corso<\/mark><\/a> <em>Fondamenti di armonia e tonalit\u00e0<\/em>.<\/p>\n\n\n\n<h3 class=\"wp-block-heading has-text-color has-link-color wp-elements-9f85bffadb55c206a1d5aa8a7b54fb2a\" style=\"color:#f7b320\">Turno della realizzazione armonica \u2013 un riassunto visivo<\/h3>\n\n\n\n<figure id=\"visuals\" class=\"wp-block-video aligncenter\"><video height=\"1080\" style=\"aspect-ratio: 1920 \/ 1080;\" width=\"1920\" controls loop muted poster=\"https:\/\/tonalibus.org\/wp-content\/uploads\/2020\/08\/Realishiftalign-2020-08-28w.jpg\" src=\"https:\/\/tonalibus.org\/wp-content\/uploads\/2020\/08\/Realishiftalign-2020-08.mp4\"><\/video><figcaption class=\"wp-element-caption\"><mark style=\"background-color:rgba(0, 0, 0, 0);color:#f7b320\" class=\"has-inline-color\">Video loop silenzioso \u2013 una volta avviato, viene riprodotto fino a quando non si ferma o passa a un'altra pagina su questa scheda. Inoltre, \u00e8 possibile spostarsi manualmente attraverso le immagini video al proprio ritmo facendo scorrere orizzontalmente il punto di controllo video.<\/mark><\/figcaption><\/figure>","protected":false},"excerpt":{"rendered":"<p>Ancore di distribuzione del passo armonico in ottave (potenze di 2) e quintali (3 e multipli). Lo spostamento della realizzazione armonica riconcilia i fondamentali lineari e le correlazioni con l'attualit\u00e0 curva non lineare in relativa armonia. Un mezzitoni si sposta da unit\u00e0 inferiori a unit\u00e0 superiori dell'ottava. Cos\u00ec, una unit\u00e0 di spazio viene estratta sempre pi\u00f9 dall'unit\u00e0 superiore, e distribuita in modo decrescente ... <\/p>\n<p class=\"link-more\"><a href=\"https:\/\/tonalibus.org\/it\/harmony\/realization-shift\/\" class=\"more-link\">Leggi tutto<span class=\"screen-reader-text\"> \"Spostamento della realizzazione armonica\"<\/span><\/a><\/p>","protected":false},"author":1,"featured_media":0,"parent":35638,"menu_order":13,"comment_status":"closed","ping_status":"closed","template":"","meta":{"footnotes":""},"class_list":["post-2833","page","type-page","status-publish","hentry"],"yoast_head":"<!-- This site is optimized with the Yoast SEO plugin v27.3 - https:\/\/yoast.com\/product\/yoast-seo-wordpress\/ -->\n<title>Harmonic Realization Shift &#8211; TONALIBUS, Harmony and Tonalities<\/title>\n<meta name=\"description\" content=\"A short visual progression presents the &quot;harmonic realization shift&quot; from the course presentations series Harmonic and Tonality Fundamentals.\" \/>\n<meta name=\"robots\" content=\"index, follow, max-snippet:-1, max-image-preview:large, max-video-preview:-1\" \/>\n<link rel=\"canonical\" href=\"https:\/\/tonalibus.org\/it\/harmony\/realization-shift\/\" \/>\n<meta property=\"og:locale\" content=\"it_IT\" \/>\n<meta property=\"og:type\" content=\"article\" \/>\n<meta property=\"og:title\" content=\"Harmonic Realization Shift &#8211; TONALIBUS, Harmony and Tonalities\" \/>\n<meta property=\"og:description\" content=\"A short visual progression presents the &quot;harmonic realization shift&quot; from the course presentations series Harmonic and Tonality Fundamentals.\" \/>\n<meta property=\"og:url\" content=\"https:\/\/tonalibus.org\/it\/harmony\/realization-shift\/\" \/>\n<meta property=\"og:site_name\" content=\"TONALIBUS\" \/>\n<meta property=\"article:modified_time\" content=\"2025-12-16T13:23:37+00:00\" \/>\n<meta name=\"twitter:card\" content=\"summary_large_image\" \/>\n<meta name=\"twitter:label1\" content=\"Tempo di lettura stimato\" \/>\n\t<meta name=\"twitter:data1\" content=\"1 minuto\" \/>\n<script type=\"application\/ld+json\" class=\"yoast-schema-graph\">{\"@context\":\"https:\\\/\\\/schema.org\",\"@graph\":[{\"@type\":\"WebPage\",\"@id\":\"https:\\\/\\\/tonalibus.org\\\/harmony\\\/realization-shift\\\/\",\"url\":\"https:\\\/\\\/tonalibus.org\\\/harmony\\\/realization-shift\\\/\",\"name\":\"Harmonic Realization Shift &#8211; TONALIBUS, Harmony and Tonalities\",\"isPartOf\":{\"@id\":\"https:\\\/\\\/tonalibus.org\\\/de\\\/#website\"},\"datePublished\":\"2020-07-23T13:53:32+00:00\",\"dateModified\":\"2025-12-16T13:23:37+00:00\",\"description\":\"A short visual progression presents the \\\"harmonic realization shift\\\" from the course presentations series Harmonic and Tonality Fundamentals.\",\"breadcrumb\":{\"@id\":\"https:\\\/\\\/tonalibus.org\\\/harmony\\\/realization-shift\\\/#breadcrumb\"},\"inLanguage\":\"it-IT\",\"potentialAction\":[{\"@type\":\"ReadAction\",\"target\":[\"https:\\\/\\\/tonalibus.org\\\/harmony\\\/realization-shift\\\/\"]}]},{\"@type\":\"BreadcrumbList\",\"@id\":\"https:\\\/\\\/tonalibus.org\\\/harmony\\\/realization-shift\\\/#breadcrumb\",\"itemListElement\":[{\"@type\":\"ListItem\",\"position\":1,\"name\":\"Home\",\"item\":\"https:\\\/\\\/tonalibus.org\\\/\"},{\"@type\":\"ListItem\",\"position\":2,\"name\":\"Harmony\",\"item\":\"https:\\\/\\\/tonalibus.org\\\/harmony\\\/\"},{\"@type\":\"ListItem\",\"position\":3,\"name\":\"Harmonic Realization Shift\"}]},{\"@type\":\"WebSite\",\"@id\":\"https:\\\/\\\/tonalibus.org\\\/de\\\/#website\",\"url\":\"https:\\\/\\\/tonalibus.org\\\/de\\\/\",\"name\":\"TONALIBUS\",\"description\":\"Anchored Harmony and Tonalities\",\"publisher\":{\"@id\":\"https:\\\/\\\/tonalibus.org\\\/de\\\/#\\\/schema\\\/person\\\/749261d7bc96d1f00127273f83ab96a4\"},\"potentialAction\":[{\"@type\":\"SearchAction\",\"target\":{\"@type\":\"EntryPoint\",\"urlTemplate\":\"https:\\\/\\\/tonalibus.org\\\/de\\\/?s={search_term_string}\"},\"query-input\":{\"@type\":\"PropertyValueSpecification\",\"valueRequired\":true,\"valueName\":\"search_term_string\"}}],\"inLanguage\":\"it-IT\"},{\"@type\":[\"Person\",\"Organization\"],\"@id\":\"https:\\\/\\\/tonalibus.org\\\/de\\\/#\\\/schema\\\/person\\\/749261d7bc96d1f00127273f83ab96a4\",\"name\":\"Ulrico\",\"image\":{\"@type\":\"ImageObject\",\"inLanguage\":\"it-IT\",\"@id\":\"https:\\\/\\\/tonalibus.org\\\/wp-content\\\/uploads\\\/2020\\\/06\\\/uli-pix.jpg\",\"url\":\"https:\\\/\\\/tonalibus.org\\\/wp-content\\\/uploads\\\/2020\\\/06\\\/uli-pix.jpg\",\"contentUrl\":\"https:\\\/\\\/tonalibus.org\\\/wp-content\\\/uploads\\\/2020\\\/06\\\/uli-pix.jpg\",\"width\":960,\"height\":720,\"caption\":\"Ulrico\"},\"logo\":{\"@id\":\"https:\\\/\\\/tonalibus.org\\\/wp-content\\\/uploads\\\/2020\\\/06\\\/uli-pix.jpg\"},\"sameAs\":[\"https:\\\/\\\/tonalibus.cyon.site\"]}]}<\/script>\n<!-- \/ Yoast SEO plugin. -->","yoast_head_json":{"title":"Spostamento della realizzazione armonica - TONALIBUS, Armonia e Tonalit\u00e0","description":"Una breve progressione visiva presenta lo \"spostamento della realizzazione armonica\" dalla serie di presentazioni del corso Fondamenti di Armonia e Tonalit\u00e0.","robots":{"index":"index","follow":"follow","max-snippet":"max-snippet:-1","max-image-preview":"max-image-preview:large","max-video-preview":"max-video-preview:-1"},"canonical":"https:\/\/tonalibus.org\/it\/harmony\/realization-shift\/","og_locale":"it_IT","og_type":"article","og_title":"Harmonic Realization Shift &#8211; TONALIBUS, Harmony and Tonalities","og_description":"A short visual progression presents the \"harmonic realization shift\" from the course presentations series Harmonic and Tonality Fundamentals.","og_url":"https:\/\/tonalibus.org\/it\/harmony\/realization-shift\/","og_site_name":"TONALIBUS","article_modified_time":"2025-12-16T13:23:37+00:00","twitter_card":"summary_large_image","twitter_misc":{"Tempo di lettura stimato":"1 minuto"},"schema":{"@context":"https:\/\/schema.org","@graph":[{"@type":"WebPage","@id":"https:\/\/tonalibus.org\/harmony\/realization-shift\/","url":"https:\/\/tonalibus.org\/harmony\/realization-shift\/","name":"Spostamento della realizzazione armonica - TONALIBUS, Armonia e Tonalit\u00e0","isPartOf":{"@id":"https:\/\/tonalibus.org\/de\/#website"},"datePublished":"2020-07-23T13:53:32+00:00","dateModified":"2025-12-16T13:23:37+00:00","description":"Una breve progressione visiva presenta lo \"spostamento della realizzazione armonica\" dalla serie di presentazioni del corso Fondamenti di Armonia e Tonalit\u00e0.","breadcrumb":{"@id":"https:\/\/tonalibus.org\/harmony\/realization-shift\/#breadcrumb"},"inLanguage":"it-IT","potentialAction":[{"@type":"ReadAction","target":["https:\/\/tonalibus.org\/harmony\/realization-shift\/"]}]},{"@type":"BreadcrumbList","@id":"https:\/\/tonalibus.org\/harmony\/realization-shift\/#breadcrumb","itemListElement":[{"@type":"ListItem","position":1,"name":"Home","item":"https:\/\/tonalibus.org\/"},{"@type":"ListItem","position":2,"name":"Harmony","item":"https:\/\/tonalibus.org\/harmony\/"},{"@type":"ListItem","position":3,"name":"Harmonic Realization Shift"}]},{"@type":"WebSite","@id":"https:\/\/tonalibus.org\/de\/#website","url":"https:\/\/tonalibus.org\/de\/","name":"TONALIBUS","description":"Armonia e tonalit\u00e0 ancorate","publisher":{"@id":"https:\/\/tonalibus.org\/de\/#\/schema\/person\/749261d7bc96d1f00127273f83ab96a4"},"potentialAction":[{"@type":"SearchAction","target":{"@type":"EntryPoint","urlTemplate":"https:\/\/tonalibus.org\/de\/?s={search_term_string}"},"query-input":{"@type":"PropertyValueSpecification","valueRequired":true,"valueName":"search_term_string"}}],"inLanguage":"it-IT"},{"@type":["Person","Organization"],"@id":"https:\/\/tonalibus.org\/de\/#\/schema\/person\/749261d7bc96d1f00127273f83ab96a4","name":"Ulrico","image":{"@type":"ImageObject","inLanguage":"it-IT","@id":"https:\/\/tonalibus.org\/wp-content\/uploads\/2020\/06\/uli-pix.jpg","url":"https:\/\/tonalibus.org\/wp-content\/uploads\/2020\/06\/uli-pix.jpg","contentUrl":"https:\/\/tonalibus.org\/wp-content\/uploads\/2020\/06\/uli-pix.jpg","width":960,"height":720,"caption":"Ulrico"},"logo":{"@id":"https:\/\/tonalibus.org\/wp-content\/uploads\/2020\/06\/uli-pix.jpg"},"sameAs":["https:\/\/tonalibus.cyon.site"]}]}},"_links":{"self":[{"href":"https:\/\/tonalibus.org\/it\/wp-json\/wp\/v2\/pages\/2833","targetHints":{"allow":["GET"]}}],"collection":[{"href":"https:\/\/tonalibus.org\/it\/wp-json\/wp\/v2\/pages"}],"about":[{"href":"https:\/\/tonalibus.org\/it\/wp-json\/wp\/v2\/types\/page"}],"author":[{"embeddable":true,"href":"https:\/\/tonalibus.org\/it\/wp-json\/wp\/v2\/users\/1"}],"replies":[{"embeddable":true,"href":"https:\/\/tonalibus.org\/it\/wp-json\/wp\/v2\/comments?post=2833"}],"version-history":[{"count":2,"href":"https:\/\/tonalibus.org\/it\/wp-json\/wp\/v2\/pages\/2833\/revisions"}],"predecessor-version":[{"id":37956,"href":"https:\/\/tonalibus.org\/it\/wp-json\/wp\/v2\/pages\/2833\/revisions\/37956"}],"up":[{"embeddable":true,"href":"https:\/\/tonalibus.org\/it\/wp-json\/wp\/v2\/pages\/35638"}],"wp:attachment":[{"href":"https:\/\/tonalibus.org\/it\/wp-json\/wp\/v2\/media?parent=2833"}],"curies":[{"name":"wp","href":"https:\/\/api.w.org\/{rel}","templated":true}]}}