{"id":2855,"date":"2020-07-23T16:46:50","date_gmt":"2020-07-23T14:46:50","guid":{"rendered":"https:\/\/tonalibus.org\/?page_id=2855"},"modified":"2025-12-16T14:24:34","modified_gmt":"2025-12-16T13:24:34","slug":"anchored-tonalities-matrix","status":"publish","type":"page","link":"https:\/\/tonalibus.org\/it\/harmony\/anchored-tonalities-matrix\/","title":{"rendered":"Matrice delle tonalit\u00e0 ancorate"},"content":{"rendered":"<div class=\"wp-block-buttons is-horizontal is-content-justification-center is-layout-flex wp-container-core-buttons-is-layout-499968f5 wp-block-buttons-is-layout-flex\">\n<div class=\"wp-block-button is-style-outline is-style-outline--1\"><a class=\"wp-block-button__link wp-element-button\" href=\"#visuals\">Matrice delle tonalit\u00e0 ancorate \u2013<br>una rappresentazione delle basi visive di armonia <\/a><\/div>\n<\/div>\n\n\n\n<div style=\"height:48px\" aria-hidden=\"true\" class=\"wp-block-spacer\"><\/div>\n\n\n\n<p class=\"has-text-color has-link-color wp-elements-d5cb878eca9f34f522c288d11440a1ff\" style=\"color:#f7b320\">La matrice delle tonalit\u00e0 ancorate \u00e8 stata direttamente derivata dalla visione iniziale di Tonalibus mostrata in fondo alla pagina <a href=\"https:\/\/tonalibus.org\/it\/about-tonalibus\/tonalibus\/\"><mark style=\"background-color:rgba(0, 0, 0, 0);color:#f7b320\" class=\"has-inline-color\">A proposito Tonalibus<\/mark><\/a>. \u00c8 il fulcro ed esprime il concetto fondamentale dei modelli di tonalit\u00e0 ancorati di alcuni passi. Puoi trovare maggiori informazioni su questo in <a href=\"https:\/\/tonalibus.org\/it\/fundamentals\/five-course-series\/basics-c\/\"><em><mark style=\"background-color:rgba(0, 0, 0, 0);color:#f7b320\" class=\"has-inline-color\">Scala a dodici passi e fondamenti delle tonalit\u00e0<\/mark><\/em><\/a>, il terzo modulo della <a href=\"https:\/\/tonalibus.org\/it\/fundamentals\/five-course-series\/\"><mark style=\"background-color:rgba(0, 0, 0, 0);color:#f7b320\" class=\"has-inline-color\">serie di presentazioni del corso<\/mark><\/a> <em>Fondamenti di armonia e tonalit\u00e0<\/em>.<\/p>\n\n\n\n<h3 class=\"wp-block-heading has-text-color\" style=\"color:#f7b332\">Matrice delle tonalit\u00e0 ancorate \u2013 una rappresentazione visiva<\/h3>\n\n\n\n<figure id=\"visuals\" class=\"wp-block-video aligncenter\"><video height=\"1080\" style=\"aspect-ratio: 1920 \/ 1080;\" width=\"1920\" controls loop muted poster=\"https:\/\/tonalibus.org\/wp-content\/uploads\/2020\/08\/Anchorsteps-2020-08-12w.jpg\" src=\"https:\/\/tonalibus.org\/wp-content\/uploads\/2020\/08\/Anchorsteps-2020-08.mp4\"><\/video><figcaption class=\"wp-element-caption\"><mark style=\"background-color:rgba(0, 0, 0, 0);color:#f7b320\" class=\"has-inline-color\">Video loop silenzioso \u2013 una volta avviato, viene riprodotto fino a quando non si ferma o passa a un'altra pagina su questa scheda. Inoltre, \u00e8 possibile spostarsi manualmente attraverso le immagini video al proprio ritmo facendo scorrere orizzontalmente il punto di controllo video. <\/mark><\/figcaption><\/figure>\n\n\n\n<p><\/p>","protected":false},"excerpt":{"rendered":"<p>La matrice delle tonalit\u00e0 ancorate \u00e8 stata direttamente derivata dalla visione iniziale di Tonalibus mostrata in fondo alla pagina About Tonalibus. \u00c8 il fulcro ed esprime il concetto fondamentale dei modelli di tonalit\u00e0 a gradini selezionati ancorati. Puoi trovare maggiori informazioni su questo argomento in Twelve-Step Scale and Tonality Fundamentals, il terzo modulo della serie di presentazioni del corso ... <\/p>\n<p class=\"link-more\"><a href=\"https:\/\/tonalibus.org\/it\/harmony\/anchored-tonalities-matrix\/\" class=\"more-link\">Leggi tutto<span class=\"screen-reader-text\"> \"Matrice delle tonalit\u00e0 ancorate\"<\/span><\/a><\/p>","protected":false},"author":1,"featured_media":0,"parent":35638,"menu_order":14,"comment_status":"closed","ping_status":"closed","template":"","meta":{"footnotes":""},"class_list":["post-2855","page","type-page","status-publish","hentry"],"yoast_head":"<!-- This site is optimized with the Yoast SEO plugin v27.4 - https:\/\/yoast.com\/product\/yoast-seo-wordpress\/ -->\n<title>Anchored Tonalities Matrix &#8211; TONALIBUS, Harmony and Tonalities<\/title>\n<meta name=\"description\" content=\"A short visual progression presents the &quot;anchored tonalities matrix&quot; from the course presentation series Harmonic and Tonality Fundamentals.\" \/>\n<meta name=\"robots\" content=\"index, follow, max-snippet:-1, max-image-preview:large, max-video-preview:-1\" \/>\n<link rel=\"canonical\" href=\"https:\/\/tonalibus.org\/it\/harmony\/anchored-tonalities-matrix\/\" \/>\n<meta property=\"og:locale\" content=\"it_IT\" \/>\n<meta property=\"og:type\" content=\"article\" \/>\n<meta property=\"og:title\" content=\"Anchored Tonalities Matrix &#8211; TONALIBUS, Harmony and Tonalities\" \/>\n<meta property=\"og:description\" content=\"A short visual progression presents the &quot;anchored tonalities matrix&quot; from the course presentation series Harmonic and Tonality Fundamentals.\" \/>\n<meta property=\"og:url\" content=\"https:\/\/tonalibus.org\/it\/harmony\/anchored-tonalities-matrix\/\" \/>\n<meta property=\"og:site_name\" content=\"TONALIBUS\" \/>\n<meta property=\"article:modified_time\" content=\"2025-12-16T13:24:34+00:00\" \/>\n<meta name=\"twitter:card\" content=\"summary_large_image\" \/>\n<meta name=\"twitter:label1\" content=\"Tempo di lettura stimato\" \/>\n\t<meta name=\"twitter:data1\" content=\"1 minuto\" \/>\n<script type=\"application\/ld+json\" class=\"yoast-schema-graph\">{\"@context\":\"https:\\\/\\\/schema.org\",\"@graph\":[{\"@type\":\"WebPage\",\"@id\":\"https:\\\/\\\/tonalibus.org\\\/harmony\\\/anchored-tonalities-matrix\\\/\",\"url\":\"https:\\\/\\\/tonalibus.org\\\/harmony\\\/anchored-tonalities-matrix\\\/\",\"name\":\"Anchored Tonalities Matrix &#8211; TONALIBUS, Harmony and Tonalities\",\"isPartOf\":{\"@id\":\"https:\\\/\\\/tonalibus.org\\\/de\\\/#website\"},\"datePublished\":\"2020-07-23T14:46:50+00:00\",\"dateModified\":\"2025-12-16T13:24:34+00:00\",\"description\":\"A short visual progression presents the \\\"anchored tonalities matrix\\\" from the course presentation series Harmonic and Tonality Fundamentals.\",\"breadcrumb\":{\"@id\":\"https:\\\/\\\/tonalibus.org\\\/harmony\\\/anchored-tonalities-matrix\\\/#breadcrumb\"},\"inLanguage\":\"it-IT\",\"potentialAction\":[{\"@type\":\"ReadAction\",\"target\":[\"https:\\\/\\\/tonalibus.org\\\/harmony\\\/anchored-tonalities-matrix\\\/\"]}]},{\"@type\":\"BreadcrumbList\",\"@id\":\"https:\\\/\\\/tonalibus.org\\\/harmony\\\/anchored-tonalities-matrix\\\/#breadcrumb\",\"itemListElement\":[{\"@type\":\"ListItem\",\"position\":1,\"name\":\"Home\",\"item\":\"https:\\\/\\\/tonalibus.org\\\/\"},{\"@type\":\"ListItem\",\"position\":2,\"name\":\"Harmony\",\"item\":\"https:\\\/\\\/tonalibus.org\\\/harmony\\\/\"},{\"@type\":\"ListItem\",\"position\":3,\"name\":\"Anchored Tonalities Matrix\"}]},{\"@type\":\"WebSite\",\"@id\":\"https:\\\/\\\/tonalibus.org\\\/de\\\/#website\",\"url\":\"https:\\\/\\\/tonalibus.org\\\/de\\\/\",\"name\":\"TONALIBUS\",\"description\":\"Anchored Harmony and Tonalities\",\"publisher\":{\"@id\":\"https:\\\/\\\/tonalibus.org\\\/de\\\/#\\\/schema\\\/person\\\/749261d7bc96d1f00127273f83ab96a4\"},\"potentialAction\":[{\"@type\":\"SearchAction\",\"target\":{\"@type\":\"EntryPoint\",\"urlTemplate\":\"https:\\\/\\\/tonalibus.org\\\/de\\\/?s={search_term_string}\"},\"query-input\":{\"@type\":\"PropertyValueSpecification\",\"valueRequired\":true,\"valueName\":\"search_term_string\"}}],\"inLanguage\":\"it-IT\"},{\"@type\":[\"Person\",\"Organization\"],\"@id\":\"https:\\\/\\\/tonalibus.org\\\/de\\\/#\\\/schema\\\/person\\\/749261d7bc96d1f00127273f83ab96a4\",\"name\":\"Ulrico\",\"image\":{\"@type\":\"ImageObject\",\"inLanguage\":\"it-IT\",\"@id\":\"https:\\\/\\\/tonalibus.org\\\/wp-content\\\/uploads\\\/2020\\\/06\\\/uli-pix.jpg\",\"url\":\"https:\\\/\\\/tonalibus.org\\\/wp-content\\\/uploads\\\/2020\\\/06\\\/uli-pix.jpg\",\"contentUrl\":\"https:\\\/\\\/tonalibus.org\\\/wp-content\\\/uploads\\\/2020\\\/06\\\/uli-pix.jpg\",\"width\":960,\"height\":720,\"caption\":\"Ulrico\"},\"logo\":{\"@id\":\"https:\\\/\\\/tonalibus.org\\\/wp-content\\\/uploads\\\/2020\\\/06\\\/uli-pix.jpg\"},\"sameAs\":[\"https:\\\/\\\/tonalibus.cyon.site\"]}]}<\/script>\n<!-- \/ Yoast SEO plugin. -->","yoast_head_json":{"title":"Matrice delle Tonalit\u00e0 Ancorate - TONALIBUS, Armonia e Tonalit\u00e0","description":"Una breve progressione visiva presenta la \"matrice delle tonalit\u00e0 ancorate\" dalla serie di presentazioni del corso Fondamenti di armonica e tonalit\u00e0.","robots":{"index":"index","follow":"follow","max-snippet":"max-snippet:-1","max-image-preview":"max-image-preview:large","max-video-preview":"max-video-preview:-1"},"canonical":"https:\/\/tonalibus.org\/it\/harmony\/anchored-tonalities-matrix\/","og_locale":"it_IT","og_type":"article","og_title":"Anchored Tonalities Matrix &#8211; TONALIBUS, Harmony and Tonalities","og_description":"A short visual progression presents the \"anchored tonalities matrix\" from the course presentation series Harmonic and Tonality Fundamentals.","og_url":"https:\/\/tonalibus.org\/it\/harmony\/anchored-tonalities-matrix\/","og_site_name":"TONALIBUS","article_modified_time":"2025-12-16T13:24:34+00:00","twitter_card":"summary_large_image","twitter_misc":{"Tempo di lettura stimato":"1 minuto"},"schema":{"@context":"https:\/\/schema.org","@graph":[{"@type":"WebPage","@id":"https:\/\/tonalibus.org\/harmony\/anchored-tonalities-matrix\/","url":"https:\/\/tonalibus.org\/harmony\/anchored-tonalities-matrix\/","name":"Matrice delle Tonalit\u00e0 Ancorate - TONALIBUS, Armonia e Tonalit\u00e0","isPartOf":{"@id":"https:\/\/tonalibus.org\/de\/#website"},"datePublished":"2020-07-23T14:46:50+00:00","dateModified":"2025-12-16T13:24:34+00:00","description":"Una breve progressione visiva presenta la \"matrice delle tonalit\u00e0 ancorate\" dalla serie di presentazioni del corso Fondamenti di armonica e tonalit\u00e0.","breadcrumb":{"@id":"https:\/\/tonalibus.org\/harmony\/anchored-tonalities-matrix\/#breadcrumb"},"inLanguage":"it-IT","potentialAction":[{"@type":"ReadAction","target":["https:\/\/tonalibus.org\/harmony\/anchored-tonalities-matrix\/"]}]},{"@type":"BreadcrumbList","@id":"https:\/\/tonalibus.org\/harmony\/anchored-tonalities-matrix\/#breadcrumb","itemListElement":[{"@type":"ListItem","position":1,"name":"Home","item":"https:\/\/tonalibus.org\/"},{"@type":"ListItem","position":2,"name":"Harmony","item":"https:\/\/tonalibus.org\/harmony\/"},{"@type":"ListItem","position":3,"name":"Anchored Tonalities Matrix"}]},{"@type":"WebSite","@id":"https:\/\/tonalibus.org\/de\/#website","url":"https:\/\/tonalibus.org\/de\/","name":"TONALIBUS","description":"Armonia e tonalit\u00e0 ancorate","publisher":{"@id":"https:\/\/tonalibus.org\/de\/#\/schema\/person\/749261d7bc96d1f00127273f83ab96a4"},"potentialAction":[{"@type":"SearchAction","target":{"@type":"EntryPoint","urlTemplate":"https:\/\/tonalibus.org\/de\/?s={search_term_string}"},"query-input":{"@type":"PropertyValueSpecification","valueRequired":true,"valueName":"search_term_string"}}],"inLanguage":"it-IT"},{"@type":["Person","Organization"],"@id":"https:\/\/tonalibus.org\/de\/#\/schema\/person\/749261d7bc96d1f00127273f83ab96a4","name":"Ulrico","image":{"@type":"ImageObject","inLanguage":"it-IT","@id":"https:\/\/tonalibus.org\/wp-content\/uploads\/2020\/06\/uli-pix.jpg","url":"https:\/\/tonalibus.org\/wp-content\/uploads\/2020\/06\/uli-pix.jpg","contentUrl":"https:\/\/tonalibus.org\/wp-content\/uploads\/2020\/06\/uli-pix.jpg","width":960,"height":720,"caption":"Ulrico"},"logo":{"@id":"https:\/\/tonalibus.org\/wp-content\/uploads\/2020\/06\/uli-pix.jpg"},"sameAs":["https:\/\/tonalibus.cyon.site"]}]}},"_links":{"self":[{"href":"https:\/\/tonalibus.org\/it\/wp-json\/wp\/v2\/pages\/2855","targetHints":{"allow":["GET"]}}],"collection":[{"href":"https:\/\/tonalibus.org\/it\/wp-json\/wp\/v2\/pages"}],"about":[{"href":"https:\/\/tonalibus.org\/it\/wp-json\/wp\/v2\/types\/page"}],"author":[{"embeddable":true,"href":"https:\/\/tonalibus.org\/it\/wp-json\/wp\/v2\/users\/1"}],"replies":[{"embeddable":true,"href":"https:\/\/tonalibus.org\/it\/wp-json\/wp\/v2\/comments?post=2855"}],"version-history":[{"count":1,"href":"https:\/\/tonalibus.org\/it\/wp-json\/wp\/v2\/pages\/2855\/revisions"}],"predecessor-version":[{"id":37957,"href":"https:\/\/tonalibus.org\/it\/wp-json\/wp\/v2\/pages\/2855\/revisions\/37957"}],"up":[{"embeddable":true,"href":"https:\/\/tonalibus.org\/it\/wp-json\/wp\/v2\/pages\/35638"}],"wp:attachment":[{"href":"https:\/\/tonalibus.org\/it\/wp-json\/wp\/v2\/media?parent=2855"}],"curies":[{"name":"wp","href":"https:\/\/api.w.org\/{rel}","templated":true}]}}