{"id":30711,"date":"2024-01-16T20:46:34","date_gmt":"2024-01-16T19:46:34","guid":{"rendered":"https:\/\/tonalibus.org\/?page_id=30711"},"modified":"2026-01-29T22:36:08","modified_gmt":"2026-01-29T21:36:08","slug":"hexablunamix-loops","status":"publish","type":"page","link":"https:\/\/tonalibus.org\/it\/tonalities\/hexatonalities\/hexablunamix\/hexablunamix-loops\/","title":{"rendered":"EsaBluNaMix come loop"},"content":{"rendered":"<h2 class=\"wp-block-heading has-text-color\" id=\"sound-sample-loops-of-hexabluna-or-hexalolo-a-blu-e-hexatonality\" style=\"color:#f7b320\"><mark style=\"background-color:rgba(0, 0, 0, 0);color:#f7b320\" class=\"has-inline-color\">Campioni sonori come loop di <\/mark> <a href=\"https:\/\/tonalibus.org\/it\/tonalities\/hexatonalities\/hexablunamix\/\"><mark style=\"background-color:rgba(0, 0, 0, 0);color:#f7b320\" class=\"has-inline-color\">EsaBluNaMix<\/mark><\/a> \u2013 una <a href=\"https:\/\/tonalibus.org\/it\/tonalities\/hexatonalities\/#BluNaMid\"><mark style=\"background-color:rgba(0, 0, 0, 0);color:#f7b320\" class=\"has-inline-color\">esatonalit\u00e0 BluNa \/ (Lo)Mid<\/mark><\/a><\/h2>\n\n\n\n<div style=\"height:16px\" aria-hidden=\"true\" class=\"wp-block-spacer\"><\/div>\n\n\n\n<figure class=\"wp-block-audio\"><audio controls src=\"https:\/\/tonalibus.org\/wp-content\/uploads\/2026\/01\/2026-01-29-7GTA.mp3\" loop preload=\"metadata\"><\/audio><figcaption class=\"wp-element-caption\"><mark style=\"background-color:rgba(0, 0, 0, 0);color:#f7b320\" class=\"has-inline-color\">3)<strong> <\/strong>EsaBluNaMix<em> <\/em>(con un tocco <em>CorMix<\/em>) su Sol# \u2013 campione sonoro extra \u2013 gennaio 2026 \u2013 6:27 loop<\/mark><\/figcaption><\/figure>\n\n\n\n<figure class=\"wp-block-audio\"><audio controls src=\"https:\/\/tonalibus.org\/wp-content\/uploads\/2024\/01\/2023-12-26-HEXABLUNAMIX-CALM.mp3\" loop preload=\"metadata\"><\/audio><figcaption class=\"wp-element-caption\"><span style=\"background-color:rgba(0, 0, 0, 0);color:#f7b320\" class=\"has-inline-color\">2) <span style=\"background-color:rgba(0, 0, 0, 0);color:#f7b320\" class=\"has-inline-color\"><span style=\"background-color:rgba(0, 0, 0, 0);color:#f7b320\" class=\"has-inline-color\">EsaBluNaMix<\/span><\/span><\/span> <span style=\"background-color:rgba(0, 0, 0, 0);color:#f7b320\" class=\"has-inline-color\">\u2013 campione sonoro calmo \u2013 dicembre 2023 \u2013 2:04 loop<\/span><\/figcaption><\/figure>\n\n\n\n<figure class=\"wp-block-audio\"><audio controls src=\"https:\/\/tonalibus.org\/wp-content\/uploads\/2024\/01\/2023-12-26-HEXABLUNAMIX-RHYTHM.mp3\" loop preload=\"metadata\"><\/audio><figcaption class=\"wp-element-caption\"><mark style=\"background-color:rgba(0, 0, 0, 0);color:#f7b320\" class=\"has-inline-color\">1) <mark style=\"background-color:rgba(0, 0, 0, 0);color:#f7b320\" class=\"has-inline-color\">EsaBluNaMix<\/mark><\/mark> <mark style=\"background-color:rgba(0, 0, 0, 0);color:#f7b320\" class=\"has-inline-color\">\u2013 campione sonoro ritmico \u2013 4:27 loop \u2013<em> <\/em>suona fino a quando non si ferma o passa ad un'altra pagina in questa scheda.<\/mark><\/figcaption><\/figure>\n\n\n\n<div style=\"height:24px\" aria-hidden=\"true\" class=\"wp-block-spacer\"><\/div>\n\n\n\n<p class=\"has-text-color\" style=\"color:#f7b320\">Benvenuto a EsaBluNaMix come loop! <\/p>\n\n\n\n<p class=\"has-text-color has-link-color wp-elements-aa59e5541d4b072afe8e989958e004f4\" style=\"color:#f7b320\">Puoi goderti un campione sonoro o un loop di tonalit\u00e0 come mantra sonoro per <a href=\"https:\/\/it.wikipedia.org\/wiki\/Contemplazione\" target=\"_blank\" rel=\"noreferrer noopener\"><mark style=\"background-color:rgba(0, 0, 0, 0);color:#f7b320\" class=\"has-inline-color\">la contemplazione<\/mark><\/a> o <a href=\"https:\/\/it.wikipedia.org\/wiki\/Meditazione\" target=\"_blank\" rel=\"noreferrer noopener\"><mark style=\"background-color:rgba(0, 0, 0, 0);color:#f7b320\" class=\"has-inline-color\">la meditazione<\/mark><\/a>. Questo potrebbe aiutarti con il sollevamento, la purificazione e la messa a fuoco. O pu\u00f2 semplicemente essere usato come sottofondo calmante per rilassarsi e rigenerarsi. Se hai voglia di canticchiare o cantare insieme, potresti farlo usando una sillaba spiritualmente caricata come <a href=\"https:\/\/it.wikipedia.org\/wiki\/Om_(induismo)\" target=\"_blank\" rel=\"noreferrer noopener\"><mark style=\"background-color:rgba(0, 0, 0, 0);color:#f7b320\" class=\"has-inline-color\"><em>\u014c\u1e43 \/ Aum<\/em><\/mark><\/a> \u0950, o <em><a href=\"https:\/\/tonalibus.org\/it\/about-tonalibus\/hu-mantra-of-soul\/\"><mark style=\"background-color:rgba(0, 0, 0, 0);color:#f7b320\" class=\"has-inline-color\">HU<\/mark><\/a><\/em>, o un'altra sillaba mantra che ti piace.<\/p>\n\n\n\n<div style=\"height:28px\" aria-hidden=\"true\" class=\"wp-block-spacer\"><\/div>\n\n\n\n<figure class=\"wp-block-image size-large\"><img loading=\"lazy\" decoding=\"async\" width=\"1024\" height=\"576\" src=\"https:\/\/tonalibus.org\/wp-content\/uploads\/2021\/08\/IMG_4979xc-1024x576.jpg\" alt=\"HexaBluNaMix loops\" class=\"wp-image-13190\" srcset=\"https:\/\/tonalibus.org\/wp-content\/uploads\/2021\/08\/IMG_4979xc-1024x576.jpg 1024w, https:\/\/tonalibus.org\/wp-content\/uploads\/2021\/08\/IMG_4979xc-300x169.jpg 300w, https:\/\/tonalibus.org\/wp-content\/uploads\/2021\/08\/IMG_4979xc-768x432.jpg 768w, https:\/\/tonalibus.org\/wp-content\/uploads\/2021\/08\/IMG_4979xc-1536x864.jpg 1536w, https:\/\/tonalibus.org\/wp-content\/uploads\/2021\/08\/IMG_4979xc-18x10.jpg 18w, https:\/\/tonalibus.org\/wp-content\/uploads\/2021\/08\/IMG_4979xc-1320x742.jpg 1320w, https:\/\/tonalibus.org\/wp-content\/uploads\/2021\/08\/IMG_4979xc.jpg 1842w\" sizes=\"auto, (max-width: 706px) 89vw, (max-width: 767px) 82vw, 740px\" \/><figcaption class=\"wp-element-caption\"> Ufficio e balcone di Tonalibus prima dell'alba \u2013 agosto 2021 \u2013 Gr\u00e4chwil, Svizzera <\/figcaption><\/figure>","protected":false},"excerpt":{"rendered":"<p>Loop di campioni sonori di HexaBluNaMix - una esatonalit\u00e0 BluNa \/ (Lo)Mid Benvenuto nei loop di HexaBluNaMix! Potresti apprezzare un campione sonoro o un loop di tonalit\u00e0 come mantra sonoro per la contemplazione o la meditazione. Pu\u00f2 essere utile per l'elevazione, la purificazione e la concentrazione. Oppure pu\u00f2 essere semplicemente utilizzato come sottofondo rilassante per rilassarsi e rigenerarsi. Se ... <\/p>\n<p class=\"link-more\"><a href=\"https:\/\/tonalibus.org\/it\/tonalities\/hexatonalities\/hexablunamix\/hexablunamix-loops\/\" class=\"more-link\">Leggi tutto<span class=\"screen-reader-text\"> \"Loops HexaBluNaMix\"<\/span><\/a><\/p>","protected":false},"author":1,"featured_media":0,"parent":30670,"menu_order":0,"comment_status":"closed","ping_status":"closed","template":"","meta":{"footnotes":""},"class_list":["post-30711","page","type-page","status-publish","hentry"],"yoast_head":"<!-- This site is optimized with the Yoast SEO plugin v27.6 - https:\/\/yoast.com\/product\/yoast-seo-wordpress\/ -->\n<title>HexaBluNaMix loops &#8211; TONALIBUS Harmony and Tonalities<\/title>\n<meta name=\"description\" content=\"This page features HexaBluNaMix loops. Tonality loops may be used as sound mantra for attunement, contemplation or meditation.\" \/>\n<meta name=\"robots\" content=\"index, follow, max-snippet:-1, max-image-preview:large, max-video-preview:-1\" \/>\n<link rel=\"canonical\" href=\"https:\/\/tonalibus.org\/it\/tonalities\/hexatonalities\/hexablunamix\/hexablunamix-loops\/\" \/>\n<meta property=\"og:locale\" content=\"it_IT\" \/>\n<meta property=\"og:type\" content=\"article\" \/>\n<meta property=\"og:title\" content=\"HexaBluNaMix loops &#8211; TONALIBUS Harmony and Tonalities\" \/>\n<meta property=\"og:description\" content=\"This page features HexaBluNaMix loops. Tonality loops may be used as sound mantra for attunement, contemplation or meditation.\" \/>\n<meta property=\"og:url\" content=\"https:\/\/tonalibus.org\/it\/tonalities\/hexatonalities\/hexablunamix\/hexablunamix-loops\/\" \/>\n<meta property=\"og:site_name\" content=\"TONALIBUS\" \/>\n<meta property=\"article:modified_time\" content=\"2026-01-29T21:36:08+00:00\" \/>\n<meta property=\"og:image\" content=\"https:\/\/tonalibus.org\/wp-content\/uploads\/2021\/08\/IMG_4979xc.jpg\" \/>\n\t<meta property=\"og:image:width\" content=\"1842\" \/>\n\t<meta property=\"og:image:height\" content=\"1036\" \/>\n\t<meta property=\"og:image:type\" content=\"image\/jpeg\" \/>\n<meta name=\"twitter:card\" content=\"summary_large_image\" \/>\n<meta name=\"twitter:label1\" content=\"Tempo di lettura stimato\" \/>\n\t<meta name=\"twitter:data1\" content=\"1 minuto\" \/>\n<script type=\"application\/ld+json\" class=\"yoast-schema-graph\">{\"@context\":\"https:\\\/\\\/schema.org\",\"@graph\":[{\"@type\":\"WebPage\",\"@id\":\"https:\\\/\\\/tonalibus.org\\\/tonalities\\\/hexatonalities\\\/hexablunamix\\\/hexablunamix-loops\\\/\",\"url\":\"https:\\\/\\\/tonalibus.org\\\/tonalities\\\/hexatonalities\\\/hexablunamix\\\/hexablunamix-loops\\\/\",\"name\":\"HexaBluNaMix loops &#8211; TONALIBUS Harmony and Tonalities\",\"isPartOf\":{\"@id\":\"https:\\\/\\\/tonalibus.org\\\/de\\\/#website\"},\"primaryImageOfPage\":{\"@id\":\"https:\\\/\\\/tonalibus.org\\\/tonalities\\\/hexatonalities\\\/hexablunamix\\\/hexablunamix-loops\\\/#primaryimage\"},\"image\":{\"@id\":\"https:\\\/\\\/tonalibus.org\\\/tonalities\\\/hexatonalities\\\/hexablunamix\\\/hexablunamix-loops\\\/#primaryimage\"},\"thumbnailUrl\":\"https:\\\/\\\/tonalibus.org\\\/wp-content\\\/uploads\\\/2021\\\/08\\\/IMG_4979xc-1024x576.jpg\",\"datePublished\":\"2024-01-16T19:46:34+00:00\",\"dateModified\":\"2026-01-29T21:36:08+00:00\",\"description\":\"This page features HexaBluNaMix loops. Tonality loops may be used as sound mantra for attunement, contemplation or meditation.\",\"breadcrumb\":{\"@id\":\"https:\\\/\\\/tonalibus.org\\\/tonalities\\\/hexatonalities\\\/hexablunamix\\\/hexablunamix-loops\\\/#breadcrumb\"},\"inLanguage\":\"it-IT\",\"potentialAction\":[{\"@type\":\"ReadAction\",\"target\":[\"https:\\\/\\\/tonalibus.org\\\/tonalities\\\/hexatonalities\\\/hexablunamix\\\/hexablunamix-loops\\\/\"]}]},{\"@type\":\"ImageObject\",\"inLanguage\":\"it-IT\",\"@id\":\"https:\\\/\\\/tonalibus.org\\\/tonalities\\\/hexatonalities\\\/hexablunamix\\\/hexablunamix-loops\\\/#primaryimage\",\"url\":\"https:\\\/\\\/tonalibus.org\\\/wp-content\\\/uploads\\\/2021\\\/08\\\/IMG_4979xc-1024x576.jpg\",\"contentUrl\":\"https:\\\/\\\/tonalibus.org\\\/wp-content\\\/uploads\\\/2021\\\/08\\\/IMG_4979xc-1024x576.jpg\"},{\"@type\":\"BreadcrumbList\",\"@id\":\"https:\\\/\\\/tonalibus.org\\\/tonalities\\\/hexatonalities\\\/hexablunamix\\\/hexablunamix-loops\\\/#breadcrumb\",\"itemListElement\":[{\"@type\":\"ListItem\",\"position\":1,\"name\":\"Home\",\"item\":\"https:\\\/\\\/tonalibus.org\\\/\"},{\"@type\":\"ListItem\",\"position\":2,\"name\":\"Tonalities\",\"item\":\"https:\\\/\\\/tonalibus.org\\\/tonalities\\\/\"},{\"@type\":\"ListItem\",\"position\":3,\"name\":\"Hexatonalities\",\"item\":\"https:\\\/\\\/tonalibus.org\\\/tonalities\\\/hexatonalities\\\/\"},{\"@type\":\"ListItem\",\"position\":4,\"name\":\"HexaBluNaMix\",\"item\":\"https:\\\/\\\/tonalibus.org\\\/tonalities\\\/hexatonalities\\\/hexablunamix\\\/\"},{\"@type\":\"ListItem\",\"position\":5,\"name\":\"HexaBluNaMix loops\"}]},{\"@type\":\"WebSite\",\"@id\":\"https:\\\/\\\/tonalibus.org\\\/de\\\/#website\",\"url\":\"https:\\\/\\\/tonalibus.org\\\/de\\\/\",\"name\":\"TONALIBUS\",\"description\":\"Anchored Harmony and Tonalities\",\"publisher\":{\"@id\":\"https:\\\/\\\/tonalibus.org\\\/de\\\/#\\\/schema\\\/person\\\/749261d7bc96d1f00127273f83ab96a4\"},\"potentialAction\":[{\"@type\":\"SearchAction\",\"target\":{\"@type\":\"EntryPoint\",\"urlTemplate\":\"https:\\\/\\\/tonalibus.org\\\/de\\\/?s={search_term_string}\"},\"query-input\":{\"@type\":\"PropertyValueSpecification\",\"valueRequired\":true,\"valueName\":\"search_term_string\"}}],\"inLanguage\":\"it-IT\"},{\"@type\":[\"Person\",\"Organization\"],\"@id\":\"https:\\\/\\\/tonalibus.org\\\/de\\\/#\\\/schema\\\/person\\\/749261d7bc96d1f00127273f83ab96a4\",\"name\":\"Ulrico\",\"image\":{\"@type\":\"ImageObject\",\"inLanguage\":\"it-IT\",\"@id\":\"https:\\\/\\\/tonalibus.org\\\/wp-content\\\/uploads\\\/2020\\\/06\\\/uli-pix.jpg\",\"url\":\"https:\\\/\\\/tonalibus.org\\\/wp-content\\\/uploads\\\/2020\\\/06\\\/uli-pix.jpg\",\"contentUrl\":\"https:\\\/\\\/tonalibus.org\\\/wp-content\\\/uploads\\\/2020\\\/06\\\/uli-pix.jpg\",\"width\":960,\"height\":720,\"caption\":\"Ulrico\"},\"logo\":{\"@id\":\"https:\\\/\\\/tonalibus.org\\\/wp-content\\\/uploads\\\/2020\\\/06\\\/uli-pix.jpg\"},\"sameAs\":[\"https:\\\/\\\/tonalibus.cyon.site\"]}]}<\/script>\n<!-- \/ Yoast SEO plugin. -->","yoast_head_json":{"title":"Loop HexaBluNaMix - Armonia e tonalit\u00e0 TONALIBUS","description":"Questa pagina contiene i loop di HexaBluNaMix. I loop di tonalit\u00e0 possono essere utilizzati come mantra sonoro per la sintonizzazione, la contemplazione o la meditazione.","robots":{"index":"index","follow":"follow","max-snippet":"max-snippet:-1","max-image-preview":"max-image-preview:large","max-video-preview":"max-video-preview:-1"},"canonical":"https:\/\/tonalibus.org\/it\/tonalities\/hexatonalities\/hexablunamix\/hexablunamix-loops\/","og_locale":"it_IT","og_type":"article","og_title":"HexaBluNaMix loops &#8211; TONALIBUS Harmony and Tonalities","og_description":"This page features HexaBluNaMix loops. Tonality loops may be used as sound mantra for attunement, contemplation or meditation.","og_url":"https:\/\/tonalibus.org\/it\/tonalities\/hexatonalities\/hexablunamix\/hexablunamix-loops\/","og_site_name":"TONALIBUS","article_modified_time":"2026-01-29T21:36:08+00:00","og_image":[{"width":1842,"height":1036,"url":"https:\/\/tonalibus.org\/wp-content\/uploads\/2021\/08\/IMG_4979xc.jpg","type":"image\/jpeg"}],"twitter_card":"summary_large_image","twitter_misc":{"Tempo di lettura stimato":"1 minuto"},"schema":{"@context":"https:\/\/schema.org","@graph":[{"@type":"WebPage","@id":"https:\/\/tonalibus.org\/tonalities\/hexatonalities\/hexablunamix\/hexablunamix-loops\/","url":"https:\/\/tonalibus.org\/tonalities\/hexatonalities\/hexablunamix\/hexablunamix-loops\/","name":"Loop HexaBluNaMix - Armonia e tonalit\u00e0 TONALIBUS","isPartOf":{"@id":"https:\/\/tonalibus.org\/de\/#website"},"primaryImageOfPage":{"@id":"https:\/\/tonalibus.org\/tonalities\/hexatonalities\/hexablunamix\/hexablunamix-loops\/#primaryimage"},"image":{"@id":"https:\/\/tonalibus.org\/tonalities\/hexatonalities\/hexablunamix\/hexablunamix-loops\/#primaryimage"},"thumbnailUrl":"https:\/\/tonalibus.org\/wp-content\/uploads\/2021\/08\/IMG_4979xc-1024x576.jpg","datePublished":"2024-01-16T19:46:34+00:00","dateModified":"2026-01-29T21:36:08+00:00","description":"Questa pagina contiene i loop di HexaBluNaMix. I loop di tonalit\u00e0 possono essere utilizzati come mantra sonoro per la sintonizzazione, la contemplazione o la meditazione.","breadcrumb":{"@id":"https:\/\/tonalibus.org\/tonalities\/hexatonalities\/hexablunamix\/hexablunamix-loops\/#breadcrumb"},"inLanguage":"it-IT","potentialAction":[{"@type":"ReadAction","target":["https:\/\/tonalibus.org\/tonalities\/hexatonalities\/hexablunamix\/hexablunamix-loops\/"]}]},{"@type":"ImageObject","inLanguage":"it-IT","@id":"https:\/\/tonalibus.org\/tonalities\/hexatonalities\/hexablunamix\/hexablunamix-loops\/#primaryimage","url":"https:\/\/tonalibus.org\/wp-content\/uploads\/2021\/08\/IMG_4979xc-1024x576.jpg","contentUrl":"https:\/\/tonalibus.org\/wp-content\/uploads\/2021\/08\/IMG_4979xc-1024x576.jpg"},{"@type":"BreadcrumbList","@id":"https:\/\/tonalibus.org\/tonalities\/hexatonalities\/hexablunamix\/hexablunamix-loops\/#breadcrumb","itemListElement":[{"@type":"ListItem","position":1,"name":"Home","item":"https:\/\/tonalibus.org\/"},{"@type":"ListItem","position":2,"name":"Tonalities","item":"https:\/\/tonalibus.org\/tonalities\/"},{"@type":"ListItem","position":3,"name":"Hexatonalities","item":"https:\/\/tonalibus.org\/tonalities\/hexatonalities\/"},{"@type":"ListItem","position":4,"name":"HexaBluNaMix","item":"https:\/\/tonalibus.org\/tonalities\/hexatonalities\/hexablunamix\/"},{"@type":"ListItem","position":5,"name":"HexaBluNaMix loops"}]},{"@type":"WebSite","@id":"https:\/\/tonalibus.org\/de\/#website","url":"https:\/\/tonalibus.org\/de\/","name":"TONALIBUS","description":"Armonia e tonalit\u00e0 ancorate","publisher":{"@id":"https:\/\/tonalibus.org\/de\/#\/schema\/person\/749261d7bc96d1f00127273f83ab96a4"},"potentialAction":[{"@type":"SearchAction","target":{"@type":"EntryPoint","urlTemplate":"https:\/\/tonalibus.org\/de\/?s={search_term_string}"},"query-input":{"@type":"PropertyValueSpecification","valueRequired":true,"valueName":"search_term_string"}}],"inLanguage":"it-IT"},{"@type":["Person","Organization"],"@id":"https:\/\/tonalibus.org\/de\/#\/schema\/person\/749261d7bc96d1f00127273f83ab96a4","name":"Ulrico","image":{"@type":"ImageObject","inLanguage":"it-IT","@id":"https:\/\/tonalibus.org\/wp-content\/uploads\/2020\/06\/uli-pix.jpg","url":"https:\/\/tonalibus.org\/wp-content\/uploads\/2020\/06\/uli-pix.jpg","contentUrl":"https:\/\/tonalibus.org\/wp-content\/uploads\/2020\/06\/uli-pix.jpg","width":960,"height":720,"caption":"Ulrico"},"logo":{"@id":"https:\/\/tonalibus.org\/wp-content\/uploads\/2020\/06\/uli-pix.jpg"},"sameAs":["https:\/\/tonalibus.cyon.site"]}]}},"_links":{"self":[{"href":"https:\/\/tonalibus.org\/it\/wp-json\/wp\/v2\/pages\/30711","targetHints":{"allow":["GET"]}}],"collection":[{"href":"https:\/\/tonalibus.org\/it\/wp-json\/wp\/v2\/pages"}],"about":[{"href":"https:\/\/tonalibus.org\/it\/wp-json\/wp\/v2\/types\/page"}],"author":[{"embeddable":true,"href":"https:\/\/tonalibus.org\/it\/wp-json\/wp\/v2\/users\/1"}],"replies":[{"embeddable":true,"href":"https:\/\/tonalibus.org\/it\/wp-json\/wp\/v2\/comments?post=30711"}],"version-history":[{"count":1,"href":"https:\/\/tonalibus.org\/it\/wp-json\/wp\/v2\/pages\/30711\/revisions"}],"predecessor-version":[{"id":38234,"href":"https:\/\/tonalibus.org\/it\/wp-json\/wp\/v2\/pages\/30711\/revisions\/38234"}],"up":[{"embeddable":true,"href":"https:\/\/tonalibus.org\/it\/wp-json\/wp\/v2\/pages\/30670"}],"wp:attachment":[{"href":"https:\/\/tonalibus.org\/it\/wp-json\/wp\/v2\/media?parent=30711"}],"curies":[{"name":"wp","href":"https:\/\/api.w.org\/{rel}","templated":true}]}}