{"id":3644,"date":"2020-08-02T20:30:00","date_gmt":"2020-08-02T18:30:00","guid":{"rendered":"https:\/\/tonalibus.org\/?page_id=3644"},"modified":"2025-12-16T14:06:20","modified_gmt":"2025-12-16T13:06:20","slug":"tonalibus","status":"publish","type":"page","link":"https:\/\/tonalibus.org\/it\/about-tonalibus\/tonalibus\/","title":{"rendered":"Tonalibus"},"content":{"rendered":"<h3 class=\"wp-block-heading has-text-color\" id=\"meaning-of-the-word-tonalibus\" style=\"color:#f7b320\">Significato della parola Tonalibus<\/h3>\n\n\n\n<p class=\"has-text-color\" style=\"color:#f7b320\">Tonalibus \u00e8 il plurale ablativo o dativo del sostantivo latino \"tonale\" che significa \"tonalit\u00e0\" o \"libro delle regole musicali\". Ablativo esprime concetti simili a quelli delle preposizioni inglesi \"by\", \"with\", e \"using\" (strumentale), \"at\" e \"in\" (locativo nello spazio e nel tempo), cos\u00ec come \"of\" e \"from\" (origine). Il dativo indica i destinatari o i beneficiari.<\/p>\n\n\n\n<h3 class=\"wp-block-heading has-text-color\" id=\"goal-and-purpose\" style=\"color:#f7b320\">Obiettivo e scopo <\/h3>\n\n\n\n<p class=\"has-text-color\" style=\"color:#f7b320\">L'obiettivo di Tonalibus e di questo sito web, \u00e8 quello di contribuire a una pi\u00f9 profonda comprensione dell'armonia in generale, e in particolare delle tonalit\u00e0 nella musica, da percepire nella vita e da applicare consapevolmente per il benessere e lo sviluppo spirituale \u2013 individualmente e collettivamente.<\/p>\n\n\n\n<p class=\"has-text-color\" style=\"color:#f7b320\">Tonalibus serve come mio deposito di scoperte e intuizioni compilate relative all'armonia e alle tonalit\u00e0. Io, Ulrico, confido che possano essere utili riferimenti per chiunque li utilizzi. Questo include molto anche me stesso. Continuo e amo ricercare l'armonia e le tonalit\u00e0 cos\u00ec come si manifestano nella musica e si applicano ulteriormente nella vita.<\/p>\n\n\n\n<h3 class=\"wp-block-heading has-text-color\" id=\"tonalibus-history-block\" style=\"color:#f7b320\">Storia di Tonalibus<\/h3>\n\n\n\n<p class=\"has-text-color has-link-color wp-elements-14c9c38218dca2d14049e0bfefec6df1\" style=\"color:#f7b320\">Tonalibus \u00e8 iniziato con un'ispirazione da me, <a href=\"https:\/\/tonalibus.org\/it\/about-tonalibus\/ulrico\/\"><mark style=\"background-color:rgba(0, 0, 0, 0);color:#f7b320\" class=\"has-inline-color\">Ulrico<\/mark><\/a>, scarabocchiato su un brandello di carta in un ritiro nelle Alpi svizzere. Puoi vedere il disegno originale qui sotto. Sulla base di questo mi sono prefissato di creare alcuni grafici e tabelle per esplorarne e catturarne il significato. In sole due settimane questo prolifer\u00f2 in circa 250 immagini. Erano l'inizio del catalogo delle <a href=\"https:\/\/tonalibus.org\/it\/tonalities\/\"><mark style=\"background-color:rgba(0, 0, 0, 0);color:#f7b320\" class=\"has-inline-color\">tonalit\u00e0 ancorate<\/mark><\/a> e dei moduli 3), 4), e 5) della <a href=\"https:\/\/tonalibus.org\/it\/concepts\/five-course-series\/\"><mark style=\"background-color:rgba(0, 0, 0, 0);color:#f7b320\" class=\"has-inline-color\">serie di presentazioni del corso<\/mark><\/a> <em>Fondamenti di armonia e tonalit\u00e0<\/em>.<\/p>\n\n\n\n<p class=\"has-text-color has-link-color wp-elements-006f41e561eebd1756f799282b18395d\" style=\"color:#f7b320\">Assemblaggio della collezione dei <a href=\"https:\/\/tonalibus.org\/it\/harmony\/\"><mark style=\"background-color:rgba(0, 0, 0, 0);color:#f7b320\" class=\"has-inline-color\">basi dell'armonia<\/mark><\/a> Tonalibus e la versione iniziale del catalogo delle <a href=\"https:\/\/tonalibus.org\/it\/tonalities\/\"><mark style=\"background-color:rgba(0, 0, 0, 0);color:#f7b320\" class=\"has-inline-color\">tonalit\u00e0 ancorate<\/mark><\/a> di Tonalibus ha preso tre mesi. Questo comprendeva il raggruppamento, la qualificazione, la denominazione e il campionamento sonoro delle tonalit\u00e0 ancorate, oltre a scoprire affascinanti concetti fondamentali, come le ancore armoniche primarie e secondarie, gli assi armonici, lo spostamento di realizzazione e i perni armonici. Tutto questo \u00e8 emerso e continua a svolgersi attraverso un'intensa ricerca interiore ed esteriore e qualche scambio con alcuni buoni amici, compresi i miei due figli. Grazie. Voi sapete chi siete.<\/p>\n\n\n\n<div style=\"height:47px\" aria-hidden=\"true\" class=\"wp-block-spacer\"><\/div>\n\n\n<div class=\"wp-block-image is-resized\">\n<figure class=\"aligncenter size-large\"><img loading=\"lazy\" decoding=\"async\" width=\"767\" height=\"763\" src=\"https:\/\/tonalibus.org\/wp-content\/uploads\/2020\/06\/IMG_2909xc.jpg\" alt=\"originspir Tonalibus\" class=\"wp-image-1357\" style=\"aspect-ratio:1.0052449664316505;width:256px;height:auto\" srcset=\"https:\/\/tonalibus.org\/wp-content\/uploads\/2020\/06\/IMG_2909xc.jpg 767w, https:\/\/tonalibus.org\/wp-content\/uploads\/2020\/06\/IMG_2909xc-300x298.jpg 300w, https:\/\/tonalibus.org\/wp-content\/uploads\/2020\/06\/IMG_2909xc-150x150.jpg 150w, https:\/\/tonalibus.org\/wp-content\/uploads\/2020\/06\/IMG_2909xc-100x100.jpg 100w\" sizes=\"auto, (max-width: 706px) 89vw, (max-width: 767px) 82vw, 740px\" \/><figcaption class=\"wp-element-caption\"><em>Ispirazione Tonalibus originale \u2013 2-2-2020<\/em><\/figcaption><\/figure>\n<\/div>\n\n\n<p><\/p>","protected":false},"excerpt":{"rendered":"<p>Significato della parola Tonalibus Tonalibus \u00e8 l'ablativo o dativo plurale del sostantivo latino \"tonale\" che significa \"tonalit\u00e0\" o \"libro di regole musicali\". L'ablativo esprime concetti simili a quelli delle preposizioni inglesi \"by\", \"with\" e \"using\" (strumentali), \"at\" e \"in\" (locativi nello spazio e nel tempo), nonch\u00e9 \"of\" e \"from\" (origine). Dativo ... <\/p>\n<p class=\"link-more\"><a href=\"https:\/\/tonalibus.org\/it\/about-tonalibus\/tonalibus\/\" class=\"more-link\">Leggi tutto<span class=\"screen-reader-text\"> \"Tonalibus\"<\/span><\/a><\/p>","protected":false},"author":1,"featured_media":0,"parent":2,"menu_order":1,"comment_status":"closed","ping_status":"closed","template":"","meta":{"footnotes":""},"class_list":["post-3644","page","type-page","status-publish","hentry"],"yoast_head":"<!-- This site is optimized with the Yoast SEO plugin v27.4 - https:\/\/yoast.com\/product\/yoast-seo-wordpress\/ -->\n<title>Tonalibus &#8211; TONALIBUS, Anchored Harmony and Tonalities<\/title>\n<meta name=\"description\" content=\"Tonalibus\u2019 goal overall and with this website is to contribute to a deeper understanding of harmony in general, and in particular of tonalities in music.\" \/>\n<meta name=\"robots\" content=\"index, follow, max-snippet:-1, max-image-preview:large, max-video-preview:-1\" \/>\n<link rel=\"canonical\" href=\"https:\/\/tonalibus.org\/it\/about-tonalibus\/tonalibus\/\" \/>\n<meta property=\"og:locale\" content=\"it_IT\" \/>\n<meta property=\"og:type\" content=\"article\" \/>\n<meta property=\"og:title\" content=\"Tonalibus &#8211; TONALIBUS, Anchored Harmony and Tonalities\" \/>\n<meta property=\"og:description\" content=\"Tonalibus\u2019 goal overall and with this website is to contribute to a deeper understanding of harmony in general, and in particular of tonalities in music.\" \/>\n<meta property=\"og:url\" content=\"https:\/\/tonalibus.org\/it\/about-tonalibus\/tonalibus\/\" \/>\n<meta property=\"og:site_name\" content=\"TONALIBUS\" \/>\n<meta property=\"article:modified_time\" content=\"2025-12-16T13:06:20+00:00\" \/>\n<meta property=\"og:image\" content=\"https:\/\/tonalibus.org\/wp-content\/uploads\/2020\/06\/IMG_2909xc.jpg\" \/>\n\t<meta property=\"og:image:width\" content=\"767\" \/>\n\t<meta property=\"og:image:height\" content=\"763\" \/>\n\t<meta property=\"og:image:type\" content=\"image\/jpeg\" \/>\n<meta name=\"twitter:card\" content=\"summary_large_image\" \/>\n<meta name=\"twitter:label1\" content=\"Tempo di lettura stimato\" \/>\n\t<meta name=\"twitter:data1\" content=\"2 minuti\" \/>\n<script type=\"application\/ld+json\" class=\"yoast-schema-graph\">{\"@context\":\"https:\\\/\\\/schema.org\",\"@graph\":[{\"@type\":\"WebPage\",\"@id\":\"https:\\\/\\\/tonalibus.org\\\/about-tonalibus\\\/tonalibus\\\/\",\"url\":\"https:\\\/\\\/tonalibus.org\\\/about-tonalibus\\\/tonalibus\\\/\",\"name\":\"Tonalibus &#8211; TONALIBUS, Anchored Harmony and Tonalities\",\"isPartOf\":{\"@id\":\"https:\\\/\\\/tonalibus.org\\\/de\\\/#website\"},\"primaryImageOfPage\":{\"@id\":\"https:\\\/\\\/tonalibus.org\\\/about-tonalibus\\\/tonalibus\\\/#primaryimage\"},\"image\":{\"@id\":\"https:\\\/\\\/tonalibus.org\\\/about-tonalibus\\\/tonalibus\\\/#primaryimage\"},\"thumbnailUrl\":\"https:\\\/\\\/tonalibus.org\\\/wp-content\\\/uploads\\\/2020\\\/06\\\/IMG_2909xc.jpg\",\"datePublished\":\"2020-08-02T18:30:00+00:00\",\"dateModified\":\"2025-12-16T13:06:20+00:00\",\"description\":\"Tonalibus\u2019 goal overall and with this website is to contribute to a deeper understanding of harmony in general, and in particular of tonalities in music.\",\"breadcrumb\":{\"@id\":\"https:\\\/\\\/tonalibus.org\\\/about-tonalibus\\\/tonalibus\\\/#breadcrumb\"},\"inLanguage\":\"it-IT\",\"potentialAction\":[{\"@type\":\"ReadAction\",\"target\":[\"https:\\\/\\\/tonalibus.org\\\/about-tonalibus\\\/tonalibus\\\/\"]}]},{\"@type\":\"ImageObject\",\"inLanguage\":\"it-IT\",\"@id\":\"https:\\\/\\\/tonalibus.org\\\/about-tonalibus\\\/tonalibus\\\/#primaryimage\",\"url\":\"https:\\\/\\\/tonalibus.org\\\/wp-content\\\/uploads\\\/2020\\\/06\\\/IMG_2909xc.jpg\",\"contentUrl\":\"https:\\\/\\\/tonalibus.org\\\/wp-content\\\/uploads\\\/2020\\\/06\\\/IMG_2909xc.jpg\"},{\"@type\":\"BreadcrumbList\",\"@id\":\"https:\\\/\\\/tonalibus.org\\\/about-tonalibus\\\/tonalibus\\\/#breadcrumb\",\"itemListElement\":[{\"@type\":\"ListItem\",\"position\":1,\"name\":\"Home\",\"item\":\"https:\\\/\\\/tonalibus.org\\\/\"},{\"@type\":\"ListItem\",\"position\":2,\"name\":\"About\",\"item\":\"https:\\\/\\\/tonalibus.org\\\/about-tonalibus\\\/\"},{\"@type\":\"ListItem\",\"position\":3,\"name\":\"Tonalibus\"}]},{\"@type\":\"WebSite\",\"@id\":\"https:\\\/\\\/tonalibus.org\\\/de\\\/#website\",\"url\":\"https:\\\/\\\/tonalibus.org\\\/de\\\/\",\"name\":\"TONALIBUS\",\"description\":\"Anchored Harmony and Tonalities\",\"publisher\":{\"@id\":\"https:\\\/\\\/tonalibus.org\\\/de\\\/#\\\/schema\\\/person\\\/749261d7bc96d1f00127273f83ab96a4\"},\"potentialAction\":[{\"@type\":\"SearchAction\",\"target\":{\"@type\":\"EntryPoint\",\"urlTemplate\":\"https:\\\/\\\/tonalibus.org\\\/de\\\/?s={search_term_string}\"},\"query-input\":{\"@type\":\"PropertyValueSpecification\",\"valueRequired\":true,\"valueName\":\"search_term_string\"}}],\"inLanguage\":\"it-IT\"},{\"@type\":[\"Person\",\"Organization\"],\"@id\":\"https:\\\/\\\/tonalibus.org\\\/de\\\/#\\\/schema\\\/person\\\/749261d7bc96d1f00127273f83ab96a4\",\"name\":\"Ulrico\",\"image\":{\"@type\":\"ImageObject\",\"inLanguage\":\"it-IT\",\"@id\":\"https:\\\/\\\/tonalibus.org\\\/wp-content\\\/uploads\\\/2020\\\/06\\\/uli-pix.jpg\",\"url\":\"https:\\\/\\\/tonalibus.org\\\/wp-content\\\/uploads\\\/2020\\\/06\\\/uli-pix.jpg\",\"contentUrl\":\"https:\\\/\\\/tonalibus.org\\\/wp-content\\\/uploads\\\/2020\\\/06\\\/uli-pix.jpg\",\"width\":960,\"height\":720,\"caption\":\"Ulrico\"},\"logo\":{\"@id\":\"https:\\\/\\\/tonalibus.org\\\/wp-content\\\/uploads\\\/2020\\\/06\\\/uli-pix.jpg\"},\"sameAs\":[\"https:\\\/\\\/tonalibus.cyon.site\"]}]}<\/script>\n<!-- \/ Yoast SEO plugin. -->","yoast_head_json":{"title":"Tonalibus - TONALIBUS, Armonie e Tonalit\u00e0 Ancorate","description":"L'obiettivo di Tonalibus, in generale e con questo sito web, \u00e8 quello di contribuire ad una pi\u00f9 profonda comprensione dell'armonia in generale, e in particolare delle tonalit\u00e0 in musica.","robots":{"index":"index","follow":"follow","max-snippet":"max-snippet:-1","max-image-preview":"max-image-preview:large","max-video-preview":"max-video-preview:-1"},"canonical":"https:\/\/tonalibus.org\/it\/about-tonalibus\/tonalibus\/","og_locale":"it_IT","og_type":"article","og_title":"Tonalibus &#8211; TONALIBUS, Anchored Harmony and Tonalities","og_description":"Tonalibus\u2019 goal overall and with this website is to contribute to a deeper understanding of harmony in general, and in particular of tonalities in music.","og_url":"https:\/\/tonalibus.org\/it\/about-tonalibus\/tonalibus\/","og_site_name":"TONALIBUS","article_modified_time":"2025-12-16T13:06:20+00:00","og_image":[{"width":767,"height":763,"url":"https:\/\/tonalibus.org\/wp-content\/uploads\/2020\/06\/IMG_2909xc.jpg","type":"image\/jpeg"}],"twitter_card":"summary_large_image","twitter_misc":{"Tempo di lettura stimato":"2 minuti"},"schema":{"@context":"https:\/\/schema.org","@graph":[{"@type":"WebPage","@id":"https:\/\/tonalibus.org\/about-tonalibus\/tonalibus\/","url":"https:\/\/tonalibus.org\/about-tonalibus\/tonalibus\/","name":"Tonalibus - TONALIBUS, Armonie e Tonalit\u00e0 Ancorate","isPartOf":{"@id":"https:\/\/tonalibus.org\/de\/#website"},"primaryImageOfPage":{"@id":"https:\/\/tonalibus.org\/about-tonalibus\/tonalibus\/#primaryimage"},"image":{"@id":"https:\/\/tonalibus.org\/about-tonalibus\/tonalibus\/#primaryimage"},"thumbnailUrl":"https:\/\/tonalibus.org\/wp-content\/uploads\/2020\/06\/IMG_2909xc.jpg","datePublished":"2020-08-02T18:30:00+00:00","dateModified":"2025-12-16T13:06:20+00:00","description":"L'obiettivo di Tonalibus, in generale e con questo sito web, \u00e8 quello di contribuire ad una pi\u00f9 profonda comprensione dell'armonia in generale, e in particolare delle tonalit\u00e0 in musica.","breadcrumb":{"@id":"https:\/\/tonalibus.org\/about-tonalibus\/tonalibus\/#breadcrumb"},"inLanguage":"it-IT","potentialAction":[{"@type":"ReadAction","target":["https:\/\/tonalibus.org\/about-tonalibus\/tonalibus\/"]}]},{"@type":"ImageObject","inLanguage":"it-IT","@id":"https:\/\/tonalibus.org\/about-tonalibus\/tonalibus\/#primaryimage","url":"https:\/\/tonalibus.org\/wp-content\/uploads\/2020\/06\/IMG_2909xc.jpg","contentUrl":"https:\/\/tonalibus.org\/wp-content\/uploads\/2020\/06\/IMG_2909xc.jpg"},{"@type":"BreadcrumbList","@id":"https:\/\/tonalibus.org\/about-tonalibus\/tonalibus\/#breadcrumb","itemListElement":[{"@type":"ListItem","position":1,"name":"Home","item":"https:\/\/tonalibus.org\/"},{"@type":"ListItem","position":2,"name":"About","item":"https:\/\/tonalibus.org\/about-tonalibus\/"},{"@type":"ListItem","position":3,"name":"Tonalibus"}]},{"@type":"WebSite","@id":"https:\/\/tonalibus.org\/de\/#website","url":"https:\/\/tonalibus.org\/de\/","name":"TONALIBUS","description":"Armonia e tonalit\u00e0 ancorate","publisher":{"@id":"https:\/\/tonalibus.org\/de\/#\/schema\/person\/749261d7bc96d1f00127273f83ab96a4"},"potentialAction":[{"@type":"SearchAction","target":{"@type":"EntryPoint","urlTemplate":"https:\/\/tonalibus.org\/de\/?s={search_term_string}"},"query-input":{"@type":"PropertyValueSpecification","valueRequired":true,"valueName":"search_term_string"}}],"inLanguage":"it-IT"},{"@type":["Person","Organization"],"@id":"https:\/\/tonalibus.org\/de\/#\/schema\/person\/749261d7bc96d1f00127273f83ab96a4","name":"Ulrico","image":{"@type":"ImageObject","inLanguage":"it-IT","@id":"https:\/\/tonalibus.org\/wp-content\/uploads\/2020\/06\/uli-pix.jpg","url":"https:\/\/tonalibus.org\/wp-content\/uploads\/2020\/06\/uli-pix.jpg","contentUrl":"https:\/\/tonalibus.org\/wp-content\/uploads\/2020\/06\/uli-pix.jpg","width":960,"height":720,"caption":"Ulrico"},"logo":{"@id":"https:\/\/tonalibus.org\/wp-content\/uploads\/2020\/06\/uli-pix.jpg"},"sameAs":["https:\/\/tonalibus.cyon.site"]}]}},"_links":{"self":[{"href":"https:\/\/tonalibus.org\/it\/wp-json\/wp\/v2\/pages\/3644","targetHints":{"allow":["GET"]}}],"collection":[{"href":"https:\/\/tonalibus.org\/it\/wp-json\/wp\/v2\/pages"}],"about":[{"href":"https:\/\/tonalibus.org\/it\/wp-json\/wp\/v2\/types\/page"}],"author":[{"embeddable":true,"href":"https:\/\/tonalibus.org\/it\/wp-json\/wp\/v2\/users\/1"}],"replies":[{"embeddable":true,"href":"https:\/\/tonalibus.org\/it\/wp-json\/wp\/v2\/comments?post=3644"}],"version-history":[{"count":1,"href":"https:\/\/tonalibus.org\/it\/wp-json\/wp\/v2\/pages\/3644\/revisions"}],"predecessor-version":[{"id":37943,"href":"https:\/\/tonalibus.org\/it\/wp-json\/wp\/v2\/pages\/3644\/revisions\/37943"}],"up":[{"embeddable":true,"href":"https:\/\/tonalibus.org\/it\/wp-json\/wp\/v2\/pages\/2"}],"wp:attachment":[{"href":"https:\/\/tonalibus.org\/it\/wp-json\/wp\/v2\/media?parent=3644"}],"curies":[{"name":"wp","href":"https:\/\/api.w.org\/{rel}","templated":true}]}}