{"id":3646,"date":"2020-08-02T20:30:35","date_gmt":"2020-08-02T18:30:35","guid":{"rendered":"https:\/\/tonalibus.org\/?page_id=3646"},"modified":"2022-01-29T21:54:41","modified_gmt":"2022-01-29T20:54:41","slug":"spiritualibus","status":"publish","type":"page","link":"https:\/\/tonalibus.org\/it\/about-tonalibus\/spiritualibus\/","title":{"rendered":"Spiritualibus"},"content":{"rendered":"<p class=\"has-text-color\" style=\"color:#f7b320\">Per me, <a href=\"https:\/\/tonalibus.org\/it\/about-tonalibus\/ulrico\/\"><mark style=\"background-color:rgba(0, 0, 0, 0);color:#f7b320\" class=\"has-inline-color\">Ulrico<\/mark><\/a>, l'armonia e le tonalit\u00e0 sono una diretta espressione della spiritualit\u00e0 nella nostra vita, dell'amore divino. Questo \u00e8 il focus principale del blog sul sito Tonalibus. Cos\u00ec il suo nome \u00e8 diventato Spiritualibus.<\/p>\n\n\n\n<p class=\"has-text-color\" style=\"color:#f7b320\"><a href=\"https:\/\/tonalibus.org\/it\/spiritualibus-blog\/\"><mark style=\"background-color:rgba(0, 0, 0, 0);color:#f7b320\" class=\"has-inline-color\">I messaggi del blog Spiritualibus<\/mark><\/a> riguardano l'armonia nel momento presente, nella musica e nella vita in generale. Devono rimanere radicati nella libert\u00e0 spirituale, liberi da assoluti esclusivi. Ci\u00f2 significa, tra l'altro, che ci sar\u00e0 un uso limitato di parole come \"unico\", \"deve\" e \"mai\". <\/p>\n\n\n\n<p class=\"has-text-color\" style=\"color:#f7b320\">Oltre alle tonalit\u00e0 del suono e all'armonia della vita, Spiritualibus si concentra sull'esperienza di osservare come Dio realizza il momento qui e ora \u2013 libero da dogmi religiosi \u2013 per il cuore d'oro.<\/p>\n\n\n\n<div style=\"height:79px\" aria-hidden=\"true\" class=\"wp-block-spacer\"><\/div>\n\n\n\n<div class=\"wp-block-image\"><figure class=\"aligncenter size-large is-resized\"><img loading=\"lazy\" decoding=\"async\" src=\"https:\/\/tonalibus.org\/wp-content\/uploads\/2020\/08\/BE-on-top-of-it-all-1.jpg\" alt=\"BE Spiritualibus\" class=\"wp-image-3688\" width=\"415\" height=\"311\" srcset=\"https:\/\/tonalibus.org\/wp-content\/uploads\/2020\/08\/BE-on-top-of-it-all-1.jpg 960w, https:\/\/tonalibus.org\/wp-content\/uploads\/2020\/08\/BE-on-top-of-it-all-1-300x225.jpg 300w, https:\/\/tonalibus.org\/wp-content\/uploads\/2020\/08\/BE-on-top-of-it-all-1-768x576.jpg 768w\" sizes=\"auto, (max-width: 415px) 100vw, 415px\" \/><figcaption>La vetta del Niesen \u2013 In cima al mondo \u2013 foto di Bill Elberty<\/figcaption><\/figure><\/div>","protected":false},"excerpt":{"rendered":"<p>Per me, Ulrico, l'armonia e le tonalit\u00e0 sono un'espressione diretta della spiritualit\u00e0 nella nostra vita, dell'amore divino. Questo \u00e8 l'obiettivo principale del blog sul sito Tonalibus. Per questo il suo nome \u00e8 diventato Spiritualibus. I post del blog Spiritualibus devono riguardare l'armonia nel momento presente, nella musica e nella vita in generale. Sono ... <\/p>\n<p class=\"link-more\"><a href=\"https:\/\/tonalibus.org\/it\/about-tonalibus\/spiritualibus\/\" class=\"more-link\">Leggi tutto<span class=\"screen-reader-text\"> \"Spiritualibus\"<\/span><\/a><\/p>","protected":false},"author":1,"featured_media":0,"parent":2,"menu_order":2,"comment_status":"closed","ping_status":"closed","template":"","meta":{"footnotes":""},"class_list":["post-3646","page","type-page","status-publish","hentry"],"yoast_head":"<!-- This site is optimized with the Yoast SEO plugin v27.4 - https:\/\/yoast.com\/product\/yoast-seo-wordpress\/ -->\n<title>Spiritualibus &#8211; TONALIBUS, Anchored Harmony and Tonalities<\/title>\n<meta name=\"description\" content=\"Spiritualibus is the name of the blog on the Tonalibus site. Its posts are about harmony in the present moment, in music, and in life overall.\" \/>\n<meta name=\"robots\" content=\"index, follow, max-snippet:-1, max-image-preview:large, max-video-preview:-1\" \/>\n<link rel=\"canonical\" href=\"https:\/\/tonalibus.org\/it\/about-tonalibus\/spiritualibus\/\" \/>\n<meta property=\"og:locale\" content=\"it_IT\" \/>\n<meta property=\"og:type\" content=\"article\" \/>\n<meta property=\"og:title\" content=\"Spiritualibus &#8211; TONALIBUS, Anchored Harmony and Tonalities\" \/>\n<meta property=\"og:description\" content=\"Spiritualibus is the name of the blog on the Tonalibus site. Its posts are about harmony in the present moment, in music, and in life overall.\" \/>\n<meta property=\"og:url\" content=\"https:\/\/tonalibus.org\/it\/about-tonalibus\/spiritualibus\/\" \/>\n<meta property=\"og:site_name\" content=\"TONALIBUS\" \/>\n<meta property=\"article:modified_time\" content=\"2022-01-29T20:54:41+00:00\" \/>\n<meta property=\"og:image\" content=\"https:\/\/tonalibus.org\/wp-content\/uploads\/2020\/08\/BE-on-top-of-it-all-1.jpg\" \/>\n<meta name=\"twitter:card\" content=\"summary_large_image\" \/>\n<meta name=\"twitter:label1\" content=\"Tempo di lettura stimato\" \/>\n\t<meta name=\"twitter:data1\" content=\"1 minuto\" \/>\n<script type=\"application\/ld+json\" class=\"yoast-schema-graph\">{\"@context\":\"https:\\\/\\\/schema.org\",\"@graph\":[{\"@type\":\"WebPage\",\"@id\":\"https:\\\/\\\/tonalibus.org\\\/about-tonalibus\\\/spiritualibus\\\/\",\"url\":\"https:\\\/\\\/tonalibus.org\\\/about-tonalibus\\\/spiritualibus\\\/\",\"name\":\"Spiritualibus &#8211; TONALIBUS, Anchored Harmony and Tonalities\",\"isPartOf\":{\"@id\":\"https:\\\/\\\/tonalibus.org\\\/de\\\/#website\"},\"primaryImageOfPage\":{\"@id\":\"https:\\\/\\\/tonalibus.org\\\/about-tonalibus\\\/spiritualibus\\\/#primaryimage\"},\"image\":{\"@id\":\"https:\\\/\\\/tonalibus.org\\\/about-tonalibus\\\/spiritualibus\\\/#primaryimage\"},\"thumbnailUrl\":\"https:\\\/\\\/tonalibus.org\\\/wp-content\\\/uploads\\\/2020\\\/08\\\/BE-on-top-of-it-all-1.jpg\",\"datePublished\":\"2020-08-02T18:30:35+00:00\",\"dateModified\":\"2022-01-29T20:54:41+00:00\",\"description\":\"Spiritualibus is the name of the blog on the Tonalibus site. Its posts are about harmony in the present moment, in music, and in life overall.\",\"breadcrumb\":{\"@id\":\"https:\\\/\\\/tonalibus.org\\\/about-tonalibus\\\/spiritualibus\\\/#breadcrumb\"},\"inLanguage\":\"it-IT\",\"potentialAction\":[{\"@type\":\"ReadAction\",\"target\":[\"https:\\\/\\\/tonalibus.org\\\/about-tonalibus\\\/spiritualibus\\\/\"]}]},{\"@type\":\"ImageObject\",\"inLanguage\":\"it-IT\",\"@id\":\"https:\\\/\\\/tonalibus.org\\\/about-tonalibus\\\/spiritualibus\\\/#primaryimage\",\"url\":\"https:\\\/\\\/tonalibus.org\\\/wp-content\\\/uploads\\\/2020\\\/08\\\/BE-on-top-of-it-all-1.jpg\",\"contentUrl\":\"https:\\\/\\\/tonalibus.org\\\/wp-content\\\/uploads\\\/2020\\\/08\\\/BE-on-top-of-it-all-1.jpg\"},{\"@type\":\"BreadcrumbList\",\"@id\":\"https:\\\/\\\/tonalibus.org\\\/about-tonalibus\\\/spiritualibus\\\/#breadcrumb\",\"itemListElement\":[{\"@type\":\"ListItem\",\"position\":1,\"name\":\"Home\",\"item\":\"https:\\\/\\\/tonalibus.org\\\/\"},{\"@type\":\"ListItem\",\"position\":2,\"name\":\"About\",\"item\":\"https:\\\/\\\/tonalibus.org\\\/about-tonalibus\\\/\"},{\"@type\":\"ListItem\",\"position\":3,\"name\":\"Spiritualibus\"}]},{\"@type\":\"WebSite\",\"@id\":\"https:\\\/\\\/tonalibus.org\\\/de\\\/#website\",\"url\":\"https:\\\/\\\/tonalibus.org\\\/de\\\/\",\"name\":\"TONALIBUS\",\"description\":\"Anchored Harmony and Tonalities\",\"publisher\":{\"@id\":\"https:\\\/\\\/tonalibus.org\\\/de\\\/#\\\/schema\\\/person\\\/749261d7bc96d1f00127273f83ab96a4\"},\"potentialAction\":[{\"@type\":\"SearchAction\",\"target\":{\"@type\":\"EntryPoint\",\"urlTemplate\":\"https:\\\/\\\/tonalibus.org\\\/de\\\/?s={search_term_string}\"},\"query-input\":{\"@type\":\"PropertyValueSpecification\",\"valueRequired\":true,\"valueName\":\"search_term_string\"}}],\"inLanguage\":\"it-IT\"},{\"@type\":[\"Person\",\"Organization\"],\"@id\":\"https:\\\/\\\/tonalibus.org\\\/de\\\/#\\\/schema\\\/person\\\/749261d7bc96d1f00127273f83ab96a4\",\"name\":\"Ulrico\",\"image\":{\"@type\":\"ImageObject\",\"inLanguage\":\"it-IT\",\"@id\":\"https:\\\/\\\/tonalibus.org\\\/wp-content\\\/uploads\\\/2020\\\/06\\\/uli-pix.jpg\",\"url\":\"https:\\\/\\\/tonalibus.org\\\/wp-content\\\/uploads\\\/2020\\\/06\\\/uli-pix.jpg\",\"contentUrl\":\"https:\\\/\\\/tonalibus.org\\\/wp-content\\\/uploads\\\/2020\\\/06\\\/uli-pix.jpg\",\"width\":960,\"height\":720,\"caption\":\"Ulrico\"},\"logo\":{\"@id\":\"https:\\\/\\\/tonalibus.org\\\/wp-content\\\/uploads\\\/2020\\\/06\\\/uli-pix.jpg\"},\"sameAs\":[\"https:\\\/\\\/tonalibus.cyon.site\"]}]}<\/script>\n<!-- \/ Yoast SEO plugin. -->","yoast_head_json":{"title":"Spiritualibus - TONALIBUS, Armonia e Tonalit\u00e0 Ancorate","description":"Spiritualibus \u00e8 il nome del blog sul sito di Tonalibus. I suoi post parlano di armonia nel momento presente, nella musica e nella vita in generale.","robots":{"index":"index","follow":"follow","max-snippet":"max-snippet:-1","max-image-preview":"max-image-preview:large","max-video-preview":"max-video-preview:-1"},"canonical":"https:\/\/tonalibus.org\/it\/about-tonalibus\/spiritualibus\/","og_locale":"it_IT","og_type":"article","og_title":"Spiritualibus &#8211; TONALIBUS, Anchored Harmony and Tonalities","og_description":"Spiritualibus is the name of the blog on the Tonalibus site. Its posts are about harmony in the present moment, in music, and in life overall.","og_url":"https:\/\/tonalibus.org\/it\/about-tonalibus\/spiritualibus\/","og_site_name":"TONALIBUS","article_modified_time":"2022-01-29T20:54:41+00:00","og_image":[{"url":"https:\/\/tonalibus.org\/wp-content\/uploads\/2020\/08\/BE-on-top-of-it-all-1.jpg","type":"","width":"","height":""}],"twitter_card":"summary_large_image","twitter_misc":{"Tempo di lettura stimato":"1 minuto"},"schema":{"@context":"https:\/\/schema.org","@graph":[{"@type":"WebPage","@id":"https:\/\/tonalibus.org\/about-tonalibus\/spiritualibus\/","url":"https:\/\/tonalibus.org\/about-tonalibus\/spiritualibus\/","name":"Spiritualibus - TONALIBUS, Armonia e Tonalit\u00e0 Ancorate","isPartOf":{"@id":"https:\/\/tonalibus.org\/de\/#website"},"primaryImageOfPage":{"@id":"https:\/\/tonalibus.org\/about-tonalibus\/spiritualibus\/#primaryimage"},"image":{"@id":"https:\/\/tonalibus.org\/about-tonalibus\/spiritualibus\/#primaryimage"},"thumbnailUrl":"https:\/\/tonalibus.org\/wp-content\/uploads\/2020\/08\/BE-on-top-of-it-all-1.jpg","datePublished":"2020-08-02T18:30:35+00:00","dateModified":"2022-01-29T20:54:41+00:00","description":"Spiritualibus \u00e8 il nome del blog sul sito di Tonalibus. I suoi post parlano di armonia nel momento presente, nella musica e nella vita in generale.","breadcrumb":{"@id":"https:\/\/tonalibus.org\/about-tonalibus\/spiritualibus\/#breadcrumb"},"inLanguage":"it-IT","potentialAction":[{"@type":"ReadAction","target":["https:\/\/tonalibus.org\/about-tonalibus\/spiritualibus\/"]}]},{"@type":"ImageObject","inLanguage":"it-IT","@id":"https:\/\/tonalibus.org\/about-tonalibus\/spiritualibus\/#primaryimage","url":"https:\/\/tonalibus.org\/wp-content\/uploads\/2020\/08\/BE-on-top-of-it-all-1.jpg","contentUrl":"https:\/\/tonalibus.org\/wp-content\/uploads\/2020\/08\/BE-on-top-of-it-all-1.jpg"},{"@type":"BreadcrumbList","@id":"https:\/\/tonalibus.org\/about-tonalibus\/spiritualibus\/#breadcrumb","itemListElement":[{"@type":"ListItem","position":1,"name":"Home","item":"https:\/\/tonalibus.org\/"},{"@type":"ListItem","position":2,"name":"About","item":"https:\/\/tonalibus.org\/about-tonalibus\/"},{"@type":"ListItem","position":3,"name":"Spiritualibus"}]},{"@type":"WebSite","@id":"https:\/\/tonalibus.org\/de\/#website","url":"https:\/\/tonalibus.org\/de\/","name":"TONALIBUS","description":"Armonia e tonalit\u00e0 ancorate","publisher":{"@id":"https:\/\/tonalibus.org\/de\/#\/schema\/person\/749261d7bc96d1f00127273f83ab96a4"},"potentialAction":[{"@type":"SearchAction","target":{"@type":"EntryPoint","urlTemplate":"https:\/\/tonalibus.org\/de\/?s={search_term_string}"},"query-input":{"@type":"PropertyValueSpecification","valueRequired":true,"valueName":"search_term_string"}}],"inLanguage":"it-IT"},{"@type":["Person","Organization"],"@id":"https:\/\/tonalibus.org\/de\/#\/schema\/person\/749261d7bc96d1f00127273f83ab96a4","name":"Ulrico","image":{"@type":"ImageObject","inLanguage":"it-IT","@id":"https:\/\/tonalibus.org\/wp-content\/uploads\/2020\/06\/uli-pix.jpg","url":"https:\/\/tonalibus.org\/wp-content\/uploads\/2020\/06\/uli-pix.jpg","contentUrl":"https:\/\/tonalibus.org\/wp-content\/uploads\/2020\/06\/uli-pix.jpg","width":960,"height":720,"caption":"Ulrico"},"logo":{"@id":"https:\/\/tonalibus.org\/wp-content\/uploads\/2020\/06\/uli-pix.jpg"},"sameAs":["https:\/\/tonalibus.cyon.site"]}]}},"_links":{"self":[{"href":"https:\/\/tonalibus.org\/it\/wp-json\/wp\/v2\/pages\/3646","targetHints":{"allow":["GET"]}}],"collection":[{"href":"https:\/\/tonalibus.org\/it\/wp-json\/wp\/v2\/pages"}],"about":[{"href":"https:\/\/tonalibus.org\/it\/wp-json\/wp\/v2\/types\/page"}],"author":[{"embeddable":true,"href":"https:\/\/tonalibus.org\/it\/wp-json\/wp\/v2\/users\/1"}],"replies":[{"embeddable":true,"href":"https:\/\/tonalibus.org\/it\/wp-json\/wp\/v2\/comments?post=3646"}],"version-history":[{"count":0,"href":"https:\/\/tonalibus.org\/it\/wp-json\/wp\/v2\/pages\/3646\/revisions"}],"up":[{"embeddable":true,"href":"https:\/\/tonalibus.org\/it\/wp-json\/wp\/v2\/pages\/2"}],"wp:attachment":[{"href":"https:\/\/tonalibus.org\/it\/wp-json\/wp\/v2\/media?parent=3646"}],"curies":[{"name":"wp","href":"https:\/\/api.w.org\/{rel}","templated":true}]}}