{"id":3649,"date":"2020-08-02T20:31:23","date_gmt":"2020-08-02T18:31:23","guid":{"rendered":"https:\/\/tonalibus.org\/?page_id=3649"},"modified":"2026-02-03T11:46:24","modified_gmt":"2026-02-03T10:46:24","slug":"fidibus","status":"publish","type":"page","link":"https:\/\/tonalibus.org\/it\/about-tonalibus\/fidibus\/","title":{"rendered":"Fidibus"},"content":{"rendered":"<p class=\"has-text-color\" style=\"color:#f7b320\">Fidibus \u00e8 il nome del shop sul sito Tonalibus. Il suo scopo \u00e8 quello di offrire servizi, eventi e prodotti che promuovono l'armonia e il benessere. Il <a href=\"https:\/\/tonalibus.org\/it\/shop\/\"><mark style=\"background-color:rgba(0, 0, 0, 0);color:#f7b320\" class=\"has-inline-color\">Shop Fidibus<\/mark><\/a> \u00e8 libero da aspirazioni commerciali o finanziarie. Le sue offerte iniziali comprendevano mantra sonori individuali, <mark style=\"background-color:rgba(0, 0, 0, 0);color:#f7b320\" class=\"has-inline-color\">sessioni di mini-concerto calmanti<\/mark>, corsi di esplorazione Tonalibus e il CD <em><a href=\"https:\/\/tonalibus.org\/it\/shop\/symphony-of-life-and-love\/\"><mark style=\"background-color:rgba(0, 0, 0, 0);color:#f7b320\" class=\"has-inline-color\">A Symphony of Life and Love<\/mark><\/a><\/em>. Di tanto in tanto si presentano altre opzioni e vecchie offerte decadono.<em> <\/em>Cos\u00ec \u00e8 diventato il luogo in cui accedere alle <a href=\"https:\/\/tonalibus.org\/it\/shop\/playlists\/\"><mark style=\"background-color:rgba(0, 0, 0, 0);color:#f7b320\" class=\"has-inline-color\">playlist<\/mark><\/a>, annunciare <a href=\"https:\/\/tonalibus.org\/it\/shop\/#albums\"><mark style=\"background-color:rgba(0, 0, 0, 0);color:#f7b320\" class=\"has-inline-color\">uscite di album<\/mark><\/a> (su <a href=\"https:\/\/open.spotify.com\/artist\/3JiD2vdPrQKW5cQ1kzVUfR\" target=\"_blank\" rel=\"noreferrer noopener\"><mark style=\"background-color:rgba(0, 0, 0, 0);color:#f7b320\" class=\"has-inline-color\">Spotify<\/mark><\/a>, <a href=\"https:\/\/music.youtube.com\/channel\/UCihsJzyNwheaIF6_KHl7iPg?feature=share\" target=\"_blank\" rel=\"noreferrer noopener\"><mark style=\"background-color:rgba(0, 0, 0, 0);color:#f7b320\" class=\"has-inline-color\">YouTube<\/mark><\/a>, <a href=\"https:\/\/listen.tidal.com\/artist\/26118548\" target=\"_blank\" rel=\"noreferrer noopener\"><mark style=\"background-color:rgba(0, 0, 0, 0);color:#f7b320\" class=\"has-inline-color\">Tidal<\/mark><\/a>, <a href=\"https:\/\/music.apple.com\/us\/artist\/ulrico\/1572759764\" target=\"_blank\" rel=\"noreferrer noopener\"><mark style=\"background-color:rgba(0, 0, 0, 0);color:#f7b320\" class=\"has-inline-color\">Apple<\/mark><\/a>, <a href=\"https:\/\/www.amazon.com\/music\/player\/artists\/B097D6BL1S\/ulrico\" target=\"_blank\" rel=\"noreferrer noopener\"><mark style=\"background-color:rgba(0, 0, 0, 0);color:#f7b320\" class=\"has-inline-color\">Amazon<\/mark><\/a>, <a href=\"https:\/\/www.deezer.com\/us\/artist\/136505382\" target=\"_blank\" rel=\"noreferrer noopener\"><mark style=\"background-color:rgba(0, 0, 0, 0);color:#f7b320\" class=\"has-inline-color\">Deezer<\/mark><\/a>, <a href=\"https:\/\/music.163.com\/#\/artist\/album?id=48540608\" target=\"_blank\" rel=\"noreferrer noopener\"><mark style=\"background-color:rgba(0, 0, 0, 0);color:#f7b320\" class=\"has-inline-color\">NetEase \u7f51\u6613<\/mark><\/a>, <a href=\"https:\/\/www.boomplay.com\/search\/album\/ulrico\" target=\"_blank\" rel=\"noreferrer noopener\"><mark style=\"background-color:rgba(0, 0, 0, 0);color:#f7b320\" class=\"has-inline-color\">Boomplay<\/mark><\/a>, e altre piattaforme) e per sviluppare e presentare <a href=\"https:\/\/tonalibus.org\/it\/shop\/sound-as-mantra\/\"><mark style=\"background-color:rgba(0, 0, 0, 0);color:#f7b320\" class=\"has-inline-color\">Suono come mantra<\/mark><\/a>.<\/p>\n\n\n\n<p class=\"has-text-color\" style=\"color:#f7b320\">Fidibus, il plurale ablativo o dativo del sostantivo latino \"fides\", ha molto significato. Era usato per \"accordo\", \"corda\" e \"strumenti a corda\". D'altra parte significa \"fiducia\", \"lealt\u00e0\", \"autenticit\u00e0\", \"onest\u00e0\", \"credibilit\u00e0\", \"affidabilit\u00e0\", ecc. \u00c8 la radice della parola inglese \"faith\" (fede) e \"fiddle\" (violino). In tedesco, sta per \"accendere\" o \"accendino\", e l'esclamazione \"Hokuspokus Fidibus!\" \u2013 un misto tra una benedizione e la divertente risoluzione di un incantesimo magico, dal XVII secolo \u2013 significa \"Eccolo!\" Cos\u00ec \u00e8 nato il nome del <a href=\"https:\/\/tonalibus.org\/it\/shop\/\"><mark style=\"background-color:rgba(0, 0, 0, 0);color:#f7b320\" class=\"has-inline-color\">Shop Fidibus<\/mark><\/a><mark style=\"background-color:rgba(0, 0, 0, 0);color:#f7b320\" class=\"has-inline-color\">.<\/mark><\/p>\n\n\n\n<div style=\"height:61px\" aria-hidden=\"true\" class=\"wp-block-spacer\"><\/div>\n\n\n<div class=\"wp-block-image is-resized\">\n<figure class=\"aligncenter size-large\"><img loading=\"lazy\" decoding=\"async\" width=\"960\" height=\"720\" src=\"https:\/\/tonalibus.org\/wp-content\/uploads\/2020\/08\/BE-on-top-of-it-all-2.jpg\" alt=\"fidibus flowers\" class=\"wp-image-3687\" srcset=\"https:\/\/tonalibus.org\/wp-content\/uploads\/2020\/08\/BE-on-top-of-it-all-2.jpg 960w, https:\/\/tonalibus.org\/wp-content\/uploads\/2020\/08\/BE-on-top-of-it-all-2-300x225.jpg 300w, https:\/\/tonalibus.org\/wp-content\/uploads\/2020\/08\/BE-on-top-of-it-all-2-768x576.jpg 768w\" sizes=\"auto, (max-width: 706px) 89vw, (max-width: 767px) 82vw, 740px\" \/><figcaption class=\"wp-element-caption\">Un pioniere in fiore, radicato in una piccola fessura rocciosa in alto nelle Alpi<\/figcaption><\/figure>\n<\/div>","protected":false},"excerpt":{"rendered":"<p>Fidibus \u00e8 il nome del negozio sul sito web di Tonalibus. Il suo obiettivo \u00e8 offrire servizi, eventi e prodotti che promuovano l'armonia e il benessere. Il negozio Fidibus \u00e8 libero da aspirazioni commerciali o finanziarie. Le offerte iniziali comprendevano mantra sonori individuali, sessioni di mini-concerti rilassanti, corsi di esplorazione Tonalibus e il CD A Symphony of Life and ... <\/p>\n<p class=\"link-more\"><a href=\"https:\/\/tonalibus.org\/it\/about-tonalibus\/fidibus\/\" class=\"more-link\">Leggi tutto<span class=\"screen-reader-text\"> \"Fidibus\"<\/span><\/a><\/p>","protected":false},"author":1,"featured_media":0,"parent":2,"menu_order":3,"comment_status":"closed","ping_status":"closed","template":"","meta":{"footnotes":""},"class_list":["post-3649","page","type-page","status-publish","hentry"],"yoast_head":"<!-- This site is optimized with the Yoast SEO plugin v27.4 - https:\/\/yoast.com\/product\/yoast-seo-wordpress\/ -->\n<title>Fidibus &#8211; TONALIBUS, Anchored Harmony and Tonalities<\/title>\n<meta name=\"description\" content=\"Fidibus is the name of the shop on the Tonalibus website. It is to offer services, events, and products that promote harmony and well-being.\" \/>\n<meta name=\"robots\" content=\"index, follow, max-snippet:-1, max-image-preview:large, max-video-preview:-1\" \/>\n<link rel=\"canonical\" href=\"https:\/\/tonalibus.org\/it\/about-tonalibus\/fidibus\/\" \/>\n<meta property=\"og:locale\" content=\"it_IT\" \/>\n<meta property=\"og:type\" content=\"article\" \/>\n<meta property=\"og:title\" content=\"Fidibus &#8211; TONALIBUS, Anchored Harmony and Tonalities\" \/>\n<meta property=\"og:description\" content=\"Fidibus is the name of the shop on the Tonalibus website. It is to offer services, events, and products that promote harmony and well-being.\" \/>\n<meta property=\"og:url\" content=\"https:\/\/tonalibus.org\/it\/about-tonalibus\/fidibus\/\" \/>\n<meta property=\"og:site_name\" content=\"TONALIBUS\" \/>\n<meta property=\"article:modified_time\" content=\"2026-02-03T10:46:24+00:00\" \/>\n<meta property=\"og:image\" content=\"https:\/\/tonalibus.org\/wp-content\/uploads\/2020\/08\/BE-on-top-of-it-all-2.jpg\" \/>\n\t<meta property=\"og:image:width\" content=\"960\" \/>\n\t<meta property=\"og:image:height\" content=\"720\" \/>\n\t<meta property=\"og:image:type\" content=\"image\/jpeg\" \/>\n<meta name=\"twitter:card\" content=\"summary_large_image\" \/>\n<meta name=\"twitter:label1\" content=\"Tempo di lettura stimato\" \/>\n\t<meta name=\"twitter:data1\" content=\"2 minuti\" \/>\n<script type=\"application\/ld+json\" class=\"yoast-schema-graph\">{\"@context\":\"https:\\\/\\\/schema.org\",\"@graph\":[{\"@type\":\"WebPage\",\"@id\":\"https:\\\/\\\/tonalibus.org\\\/about-tonalibus\\\/fidibus\\\/\",\"url\":\"https:\\\/\\\/tonalibus.org\\\/about-tonalibus\\\/fidibus\\\/\",\"name\":\"Fidibus &#8211; TONALIBUS, Anchored Harmony and Tonalities\",\"isPartOf\":{\"@id\":\"https:\\\/\\\/tonalibus.org\\\/de\\\/#website\"},\"primaryImageOfPage\":{\"@id\":\"https:\\\/\\\/tonalibus.org\\\/about-tonalibus\\\/fidibus\\\/#primaryimage\"},\"image\":{\"@id\":\"https:\\\/\\\/tonalibus.org\\\/about-tonalibus\\\/fidibus\\\/#primaryimage\"},\"thumbnailUrl\":\"https:\\\/\\\/tonalibus.org\\\/wp-content\\\/uploads\\\/2020\\\/08\\\/BE-on-top-of-it-all-2.jpg\",\"datePublished\":\"2020-08-02T18:31:23+00:00\",\"dateModified\":\"2026-02-03T10:46:24+00:00\",\"description\":\"Fidibus is the name of the shop on the Tonalibus website. It is to offer services, events, and products that promote harmony and well-being.\",\"breadcrumb\":{\"@id\":\"https:\\\/\\\/tonalibus.org\\\/about-tonalibus\\\/fidibus\\\/#breadcrumb\"},\"inLanguage\":\"it-IT\",\"potentialAction\":[{\"@type\":\"ReadAction\",\"target\":[\"https:\\\/\\\/tonalibus.org\\\/about-tonalibus\\\/fidibus\\\/\"]}]},{\"@type\":\"ImageObject\",\"inLanguage\":\"it-IT\",\"@id\":\"https:\\\/\\\/tonalibus.org\\\/about-tonalibus\\\/fidibus\\\/#primaryimage\",\"url\":\"https:\\\/\\\/tonalibus.org\\\/wp-content\\\/uploads\\\/2020\\\/08\\\/BE-on-top-of-it-all-2.jpg\",\"contentUrl\":\"https:\\\/\\\/tonalibus.org\\\/wp-content\\\/uploads\\\/2020\\\/08\\\/BE-on-top-of-it-all-2.jpg\"},{\"@type\":\"BreadcrumbList\",\"@id\":\"https:\\\/\\\/tonalibus.org\\\/about-tonalibus\\\/fidibus\\\/#breadcrumb\",\"itemListElement\":[{\"@type\":\"ListItem\",\"position\":1,\"name\":\"Home\",\"item\":\"https:\\\/\\\/tonalibus.org\\\/\"},{\"@type\":\"ListItem\",\"position\":2,\"name\":\"About\",\"item\":\"https:\\\/\\\/tonalibus.org\\\/about-tonalibus\\\/\"},{\"@type\":\"ListItem\",\"position\":3,\"name\":\"Fidibus\"}]},{\"@type\":\"WebSite\",\"@id\":\"https:\\\/\\\/tonalibus.org\\\/de\\\/#website\",\"url\":\"https:\\\/\\\/tonalibus.org\\\/de\\\/\",\"name\":\"TONALIBUS\",\"description\":\"Anchored Harmony and Tonalities\",\"publisher\":{\"@id\":\"https:\\\/\\\/tonalibus.org\\\/de\\\/#\\\/schema\\\/person\\\/749261d7bc96d1f00127273f83ab96a4\"},\"potentialAction\":[{\"@type\":\"SearchAction\",\"target\":{\"@type\":\"EntryPoint\",\"urlTemplate\":\"https:\\\/\\\/tonalibus.org\\\/de\\\/?s={search_term_string}\"},\"query-input\":{\"@type\":\"PropertyValueSpecification\",\"valueRequired\":true,\"valueName\":\"search_term_string\"}}],\"inLanguage\":\"it-IT\"},{\"@type\":[\"Person\",\"Organization\"],\"@id\":\"https:\\\/\\\/tonalibus.org\\\/de\\\/#\\\/schema\\\/person\\\/749261d7bc96d1f00127273f83ab96a4\",\"name\":\"Ulrico\",\"image\":{\"@type\":\"ImageObject\",\"inLanguage\":\"it-IT\",\"@id\":\"https:\\\/\\\/tonalibus.org\\\/wp-content\\\/uploads\\\/2020\\\/06\\\/uli-pix.jpg\",\"url\":\"https:\\\/\\\/tonalibus.org\\\/wp-content\\\/uploads\\\/2020\\\/06\\\/uli-pix.jpg\",\"contentUrl\":\"https:\\\/\\\/tonalibus.org\\\/wp-content\\\/uploads\\\/2020\\\/06\\\/uli-pix.jpg\",\"width\":960,\"height\":720,\"caption\":\"Ulrico\"},\"logo\":{\"@id\":\"https:\\\/\\\/tonalibus.org\\\/wp-content\\\/uploads\\\/2020\\\/06\\\/uli-pix.jpg\"},\"sameAs\":[\"https:\\\/\\\/tonalibus.cyon.site\"]}]}<\/script>\n<!-- \/ Yoast SEO plugin. -->","yoast_head_json":{"title":"Fidibus - TONALIBUS, Armonia e Tonalit\u00e0 Ancorate","description":"Fidibus \u00e8 il nome del negozio sul sito di Tonalibus. Si tratta di offrire servizi, eventi e prodotti che promuovono l'armonia e il benessere.","robots":{"index":"index","follow":"follow","max-snippet":"max-snippet:-1","max-image-preview":"max-image-preview:large","max-video-preview":"max-video-preview:-1"},"canonical":"https:\/\/tonalibus.org\/it\/about-tonalibus\/fidibus\/","og_locale":"it_IT","og_type":"article","og_title":"Fidibus &#8211; TONALIBUS, Anchored Harmony and Tonalities","og_description":"Fidibus is the name of the shop on the Tonalibus website. It is to offer services, events, and products that promote harmony and well-being.","og_url":"https:\/\/tonalibus.org\/it\/about-tonalibus\/fidibus\/","og_site_name":"TONALIBUS","article_modified_time":"2026-02-03T10:46:24+00:00","og_image":[{"width":960,"height":720,"url":"https:\/\/tonalibus.org\/wp-content\/uploads\/2020\/08\/BE-on-top-of-it-all-2.jpg","type":"image\/jpeg"}],"twitter_card":"summary_large_image","twitter_misc":{"Tempo di lettura stimato":"2 minuti"},"schema":{"@context":"https:\/\/schema.org","@graph":[{"@type":"WebPage","@id":"https:\/\/tonalibus.org\/about-tonalibus\/fidibus\/","url":"https:\/\/tonalibus.org\/about-tonalibus\/fidibus\/","name":"Fidibus - TONALIBUS, Armonia e Tonalit\u00e0 Ancorate","isPartOf":{"@id":"https:\/\/tonalibus.org\/de\/#website"},"primaryImageOfPage":{"@id":"https:\/\/tonalibus.org\/about-tonalibus\/fidibus\/#primaryimage"},"image":{"@id":"https:\/\/tonalibus.org\/about-tonalibus\/fidibus\/#primaryimage"},"thumbnailUrl":"https:\/\/tonalibus.org\/wp-content\/uploads\/2020\/08\/BE-on-top-of-it-all-2.jpg","datePublished":"2020-08-02T18:31:23+00:00","dateModified":"2026-02-03T10:46:24+00:00","description":"Fidibus \u00e8 il nome del negozio sul sito di Tonalibus. Si tratta di offrire servizi, eventi e prodotti che promuovono l'armonia e il benessere.","breadcrumb":{"@id":"https:\/\/tonalibus.org\/about-tonalibus\/fidibus\/#breadcrumb"},"inLanguage":"it-IT","potentialAction":[{"@type":"ReadAction","target":["https:\/\/tonalibus.org\/about-tonalibus\/fidibus\/"]}]},{"@type":"ImageObject","inLanguage":"it-IT","@id":"https:\/\/tonalibus.org\/about-tonalibus\/fidibus\/#primaryimage","url":"https:\/\/tonalibus.org\/wp-content\/uploads\/2020\/08\/BE-on-top-of-it-all-2.jpg","contentUrl":"https:\/\/tonalibus.org\/wp-content\/uploads\/2020\/08\/BE-on-top-of-it-all-2.jpg"},{"@type":"BreadcrumbList","@id":"https:\/\/tonalibus.org\/about-tonalibus\/fidibus\/#breadcrumb","itemListElement":[{"@type":"ListItem","position":1,"name":"Home","item":"https:\/\/tonalibus.org\/"},{"@type":"ListItem","position":2,"name":"About","item":"https:\/\/tonalibus.org\/about-tonalibus\/"},{"@type":"ListItem","position":3,"name":"Fidibus"}]},{"@type":"WebSite","@id":"https:\/\/tonalibus.org\/de\/#website","url":"https:\/\/tonalibus.org\/de\/","name":"TONALIBUS","description":"Armonia e tonalit\u00e0 ancorate","publisher":{"@id":"https:\/\/tonalibus.org\/de\/#\/schema\/person\/749261d7bc96d1f00127273f83ab96a4"},"potentialAction":[{"@type":"SearchAction","target":{"@type":"EntryPoint","urlTemplate":"https:\/\/tonalibus.org\/de\/?s={search_term_string}"},"query-input":{"@type":"PropertyValueSpecification","valueRequired":true,"valueName":"search_term_string"}}],"inLanguage":"it-IT"},{"@type":["Person","Organization"],"@id":"https:\/\/tonalibus.org\/de\/#\/schema\/person\/749261d7bc96d1f00127273f83ab96a4","name":"Ulrico","image":{"@type":"ImageObject","inLanguage":"it-IT","@id":"https:\/\/tonalibus.org\/wp-content\/uploads\/2020\/06\/uli-pix.jpg","url":"https:\/\/tonalibus.org\/wp-content\/uploads\/2020\/06\/uli-pix.jpg","contentUrl":"https:\/\/tonalibus.org\/wp-content\/uploads\/2020\/06\/uli-pix.jpg","width":960,"height":720,"caption":"Ulrico"},"logo":{"@id":"https:\/\/tonalibus.org\/wp-content\/uploads\/2020\/06\/uli-pix.jpg"},"sameAs":["https:\/\/tonalibus.cyon.site"]}]}},"_links":{"self":[{"href":"https:\/\/tonalibus.org\/it\/wp-json\/wp\/v2\/pages\/3649","targetHints":{"allow":["GET"]}}],"collection":[{"href":"https:\/\/tonalibus.org\/it\/wp-json\/wp\/v2\/pages"}],"about":[{"href":"https:\/\/tonalibus.org\/it\/wp-json\/wp\/v2\/types\/page"}],"author":[{"embeddable":true,"href":"https:\/\/tonalibus.org\/it\/wp-json\/wp\/v2\/users\/1"}],"replies":[{"embeddable":true,"href":"https:\/\/tonalibus.org\/it\/wp-json\/wp\/v2\/comments?post=3649"}],"version-history":[{"count":2,"href":"https:\/\/tonalibus.org\/it\/wp-json\/wp\/v2\/pages\/3649\/revisions"}],"predecessor-version":[{"id":38253,"href":"https:\/\/tonalibus.org\/it\/wp-json\/wp\/v2\/pages\/3649\/revisions\/38253"}],"up":[{"embeddable":true,"href":"https:\/\/tonalibus.org\/it\/wp-json\/wp\/v2\/pages\/2"}],"wp:attachment":[{"href":"https:\/\/tonalibus.org\/it\/wp-json\/wp\/v2\/media?parent=3649"}],"curies":[{"name":"wp","href":"https:\/\/api.w.org\/{rel}","templated":true}]}}